{"id":29914,"date":"2025-03-28T13:59:45","date_gmt":"2025-03-28T05:59:45","guid":{"rendered":"https:\/\/hotpink-lyrebird-701956.hostingersite.com\/?post_type=product&#038;p=29914"},"modified":"2025-07-27T18:09:54","modified_gmt":"2025-07-27T10:09:54","slug":"maquina-fabricacao-bolsas-corte-e-solda-sacos-plasticos-grandes-e-resistentes","status":"publish","type":"product","link":"https:\/\/cortesolda.com.br\/por\/maquina-fabricacao-bolsas-corte-e-solda-sacos-plasticos-grandes-e-resistentes","title":{"rendered":"Corte e Solda Sacos pl\u00e1sticos grandes e resistentes"},"content":{"rendered":"<div id=\"tab-desc\" class=\"tab-pane active\" role=\"tabpanel\">\n<div class=\"ProductAttr\">\n<div class=\"ProductAttrItem\">\n<div class=\"ProductAttr-title\" data-rm-block-id=\"block-1\">Corte e Solda Sacos pl\u00e1sticos grandes e resistentes<\/div>\n<\/div>\n<\/div>\n<div class=\"product-tab-desc\">\n<p data-rm-block-id=\"block-2\">Esta m\u00e1quina de fabrica\u00e7\u00e3o de bolsas de tipo \u00e9 principal para sacos de pl\u00e1stico pesado. \u00c9 um design especial sem a m\u00e1quina de fabrica\u00e7\u00e3o de bolsas de veda\u00e7\u00e3o de fundo de controle, com motor servo para alimenta\u00e7\u00e3o, saco de veda\u00e7\u00e3o com um novo fio de aquecimento de tipo, que pode fazer calor rapidamente e economizar energia etc. De rolo de filme \u00e0 bolsa acabada, ele pode moldar uma vez.<\/p>\n<div id=\"attachment_31022\" style=\"width: 460px\" class=\"wp-caption alignnone\"><img fetchpriority=\"high\" decoding=\"async\" aria-describedby=\"caption-attachment-31022\" class=\"wp-image-31022 size-full\" src=\"https:\/\/cortesolda.com.br\/por\/wp-content\/uploads\/2025\/03\/Sacos-plasticos-grandes-e-resistentes2.webp\" alt=\"Sacos pl\u00e1sticos grandes e resistentes\" width=\"450\" height=\"263\" srcset=\"https:\/\/cortesolda.com.br\/por\/wp-content\/uploads\/2025\/03\/Sacos-plasticos-grandes-e-resistentes2.webp 450w, https:\/\/cortesolda.com.br\/por\/wp-content\/uploads\/2025\/03\/Sacos-plasticos-grandes-e-resistentes2-400x234.webp 400w, https:\/\/cortesolda.com.br\/por\/wp-content\/uploads\/2025\/03\/Sacos-plasticos-grandes-e-resistentes2-430x251.webp 430w, https:\/\/cortesolda.com.br\/por\/wp-content\/uploads\/2025\/03\/Sacos-plasticos-grandes-e-resistentes2-150x88.webp 150w\" sizes=\"(max-width: 450px) 100vw, 450px\" \/><p id=\"caption-attachment-31022\" class=\"wp-caption-text\">Sacos pl\u00e1sticos grandes e resistentes<\/p><\/div>\n<div id=\"attachment_31023\" style=\"width: 460px\" class=\"wp-caption alignnone\"><img decoding=\"async\" aria-describedby=\"caption-attachment-31023\" class=\"wp-image-31023\" src=\"https:\/\/cortesolda.com.br\/por\/wp-content\/uploads\/2025\/03\/Sacos-plasticos-grandes-e-resistentes3.webp\" alt=\"Sacos pl\u00e1sticos grandes e resistentes\" width=\"450\" height=\"267\" srcset=\"https:\/\/cortesolda.com.br\/por\/wp-content\/uploads\/2025\/03\/Sacos-plasticos-grandes-e-resistentes3.webp 579w, https:\/\/cortesolda.com.br\/por\/wp-content\/uploads\/2025\/03\/Sacos-plasticos-grandes-e-resistentes3-400x238.webp 400w, https:\/\/cortesolda.com.br\/por\/wp-content\/uploads\/2025\/03\/Sacos-plasticos-grandes-e-resistentes3-430x255.webp 430w, https:\/\/cortesolda.com.br\/por\/wp-content\/uploads\/2025\/03\/Sacos-plasticos-grandes-e-resistentes3-150x89.webp 150w\" sizes=\"(max-width: 450px) 100vw, 450px\" \/><p id=\"caption-attachment-31023\" class=\"wp-caption-text\">Sacos pl\u00e1sticos grandes e resistentes<\/p><\/div>\n<div>\n<table>\n<tbody>\n<tr>\n<td width=\"140\" data-rm-block-id=\"block-3\">Modelo<\/td>\n<td width=\"128\" data-rm-block-id=\"block-4\">Shxj-600s<\/td>\n<td width=\"136\" data-rm-block-id=\"block-5\">Shxj-800s<\/td>\n<td width=\"125\" data-rm-block-id=\"block-6\">Shxj-1000s<\/td>\n<td width=\"132\" data-rm-block-id=\"block-7\">Shxj-1200s<\/td>\n<\/tr>\n<tr>\n<td width=\"140\" data-rm-block-id=\"block-8\">M\u00e1x. Largura da bolsa<\/td>\n<td width=\"128\" data-rm-block-id=\"block-9\">500mm<\/td>\n<td width=\"136\" data-rm-block-id=\"block-10\">700 mm<\/td>\n<td width=\"125\" data-rm-block-id=\"block-11\">900mm<\/td>\n<td width=\"132\" data-rm-block-id=\"block-12\">1100 mm<\/td>\n<\/tr>\n<tr>\n<td width=\"140\" data-rm-block-id=\"block-13\">M\u00e1x. Comprimento do saco<\/td>\n<td width=\"128\" data-rm-block-id=\"block-14\">1500 mm<\/td>\n<td width=\"136\" data-rm-block-id=\"block-15\">1500 mm<\/td>\n<td width=\"125\" data-rm-block-id=\"block-16\">1500 mm<\/td>\n<td width=\"132\" data-rm-block-id=\"block-17\">1500 mm<\/td>\n<\/tr>\n<tr>\n<td width=\"140\" data-rm-block-id=\"block-18\">Espessura de filme de camada \u00fanica<\/td>\n<td width=\"128\" data-rm-block-id=\"block-19\">0,01-0,15mm<\/td>\n<td width=\"136\" data-rm-block-id=\"block-20\">0,01-0,15mm<\/td>\n<td width=\"125\" data-rm-block-id=\"block-21\">0,01-0,15mm<\/td>\n<td width=\"132\" data-rm-block-id=\"block-22\">0,01-0,15mm<\/td>\n<\/tr>\n<tr>\n<td width=\"140\" data-rm-block-id=\"block-23\">Velocidade de fabrica\u00e7\u00e3o de bolsas<\/td>\n<td width=\"128\" data-rm-block-id=\"block-24\">30 ~~ 100pc\/min<\/td>\n<td width=\"136\" data-rm-block-id=\"block-25\">30 ~~ 100pc\/min<\/td>\n<td width=\"125\" data-rm-block-id=\"block-26\">30 ~~ 100pc\/min<\/td>\n<td width=\"132\" data-rm-block-id=\"block-27\">30 ~~ 100pc\/min<\/td>\n<\/tr>\n<tr>\n<td width=\"140\" data-rm-block-id=\"block-28\">Motor principal<\/td>\n<td width=\"128\" data-rm-block-id=\"block-29\">1.1kW<\/td>\n<td width=\"136\" data-rm-block-id=\"block-30\">1.5kW<\/td>\n<td width=\"125\" data-rm-block-id=\"block-31\">1.5kW<\/td>\n<td width=\"132\" data-rm-block-id=\"block-32\">1.5kW<\/td>\n<\/tr>\n<tr>\n<td width=\"140\" data-rm-block-id=\"block-33\">Peso<\/td>\n<td width=\"128\" data-rm-block-id=\"block-34\">800kgs<\/td>\n<td width=\"136\" data-rm-block-id=\"block-35\">1000kgs<\/td>\n<td width=\"125\" data-rm-block-id=\"block-36\">1100kgs<\/td>\n<td width=\"132\" data-rm-block-id=\"block-37\">1200kgs<\/td>\n<\/tr>\n<tr>\n<td width=\"140\" data-rm-block-id=\"block-38\">Dimens\u00e3o de contorno (mm)<\/td>\n<td width=\"128\" data-rm-block-id=\"block-39\">3500x1150x1900<\/td>\n<td width=\"136\" data-rm-block-id=\"block-40\">3500x1350x1900<\/td>\n<td width=\"125\" data-rm-block-id=\"block-41\">3500x1550x1900<\/td>\n<td width=\"132\" data-rm-block-id=\"block-42\">3500x1800x1900<\/td>\n<\/tr>\n<\/tbody>\n<\/table>\n<\/div>\n<div>\n<p data-rm-block-id=\"block-43\">\u203bAs especifica\u00e7\u00f5es corretas dependem do modelo real. Todas as especifica\u00e7\u00f5es est\u00e3o sujeitas a altera\u00e7\u00f5es sem aviso pr\u00e9vio.<\/p>\n<p data-rm-block-id=\"block-44\">Instalar m\u00e1quinas na Ar\u00e1bia Saudita.<\/p>\n<p data-rm-block-id=\"block-45\"><img decoding=\"async\" class=\"alignnone wp-image-30852\" src=\"https:\/\/cortesolda.com.br\/por\/wp-content\/uploads\/2025\/03\/Instalar-maquinas-na-Arabia-Saudita.webp\" alt=\"\" width=\"450\" height=\"338\" srcset=\"https:\/\/cortesolda.com.br\/por\/wp-content\/uploads\/2025\/03\/Instalar-maquinas-na-Arabia-Saudita.webp 700w, https:\/\/cortesolda.com.br\/por\/wp-content\/uploads\/2025\/03\/Instalar-maquinas-na-Arabia-Saudita-400x300.webp 400w, https:\/\/cortesolda.com.br\/por\/wp-content\/uploads\/2025\/03\/Instalar-maquinas-na-Arabia-Saudita-430x323.webp 430w, https:\/\/cortesolda.com.br\/por\/wp-content\/uploads\/2025\/03\/Instalar-maquinas-na-Arabia-Saudita-150x113.webp 150w\" sizes=\"(max-width: 450px) 100vw, 450px\" \/><\/p>\n<p data-rm-block-id=\"block-46\">Se voc\u00ea comprar uma m\u00e1quina de cont\u00eainer, embalaremos a m\u00e1quina com filme estir\u00e1vel e carregaremos o cont\u00eainer diretamente<strong>(carga completa do cont\u00eainer FCL).<\/strong><br \/>\n<img loading=\"lazy\" decoding=\"async\" class=\"alignnone wp-image-30851\" src=\"https:\/\/cortesolda.com.br\/por\/wp-content\/uploads\/2025\/03\/Se-voce-comprar-uma-maquina-de-conteiner.webp\" alt=\"\" width=\"450\" height=\"450\" srcset=\"https:\/\/cortesolda.com.br\/por\/wp-content\/uploads\/2025\/03\/Se-voce-comprar-uma-maquina-de-conteiner.webp 497w, https:\/\/cortesolda.com.br\/por\/wp-content\/uploads\/2025\/03\/Se-voce-comprar-uma-maquina-de-conteiner-300x300.webp 300w, https:\/\/cortesolda.com.br\/por\/wp-content\/uploads\/2025\/03\/Se-voce-comprar-uma-maquina-de-conteiner-150x150.webp 150w, https:\/\/cortesolda.com.br\/por\/wp-content\/uploads\/2025\/03\/Se-voce-comprar-uma-maquina-de-conteiner-430x430.webp 430w\" sizes=\"(max-width: 450px) 100vw, 450px\" \/><br \/>\nSe voc\u00ea comprar apenas uma m\u00e1quina, embalaremos a m\u00e1quina com embalagem de madeira e carregaremos o cont\u00eainer com<strong>\u00a0<\/strong><strong>Menos que a carga do cont\u00eainer (LCL).<\/strong><\/p>\n<p data-rm-block-id=\"block-47\"><img loading=\"lazy\" decoding=\"async\" class=\"alignnone wp-image-30850\" src=\"https:\/\/cortesolda.com.br\/por\/wp-content\/uploads\/2025\/03\/Menos-que-a-carga-do-conteiner-LCL.webp\" alt=\"\" width=\"450\" height=\"338\" srcset=\"https:\/\/cortesolda.com.br\/por\/wp-content\/uploads\/2025\/03\/Menos-que-a-carga-do-conteiner-LCL.webp 992w, https:\/\/cortesolda.com.br\/por\/wp-content\/uploads\/2025\/03\/Menos-que-a-carga-do-conteiner-LCL-400x300.webp 400w, https:\/\/cortesolda.com.br\/por\/wp-content\/uploads\/2025\/03\/Menos-que-a-carga-do-conteiner-LCL-768x576.webp 768w, https:\/\/cortesolda.com.br\/por\/wp-content\/uploads\/2025\/03\/Menos-que-a-carga-do-conteiner-LCL-430x323.webp 430w, https:\/\/cortesolda.com.br\/por\/wp-content\/uploads\/2025\/03\/Menos-que-a-carga-do-conteiner-LCL-700x525.webp 700w, https:\/\/cortesolda.com.br\/por\/wp-content\/uploads\/2025\/03\/Menos-que-a-carga-do-conteiner-LCL-150x113.webp 150w\" sizes=\"(max-width: 450px) 100vw, 450px\" \/><\/p>\n<p data-rm-block-id=\"block-48\">Nosso cooperador de pe\u00e7as principais como a seguinte marca, mas pe\u00e7as padr\u00e3o todas fabricadas na China.<\/p>\n<p data-rm-block-id=\"block-49\"><img loading=\"lazy\" decoding=\"async\" class=\"wp-image-30678\" src=\"https:\/\/cortesolda.com.br\/por\/wp-content\/uploads\/2025\/03\/Nosso-principal-parceiro-de-pecas-e-a-seguinte-marca.jpg\" alt=\"Nosso principal parceiro de pe\u00e7as \u00e9 a seguinte marca\" width=\"450\" height=\"259\" srcset=\"https:\/\/cortesolda.com.br\/por\/wp-content\/uploads\/2025\/03\/Nosso-principal-parceiro-de-pecas-e-a-seguinte-marca.jpg 875w, https:\/\/cortesolda.com.br\/por\/wp-content\/uploads\/2025\/03\/Nosso-principal-parceiro-de-pecas-e-a-seguinte-marca-400x230.jpg 400w, https:\/\/cortesolda.com.br\/por\/wp-content\/uploads\/2025\/03\/Nosso-principal-parceiro-de-pecas-e-a-seguinte-marca-768x442.jpg 768w, https:\/\/cortesolda.com.br\/por\/wp-content\/uploads\/2025\/03\/Nosso-principal-parceiro-de-pecas-e-a-seguinte-marca-430x248.jpg 430w, https:\/\/cortesolda.com.br\/por\/wp-content\/uploads\/2025\/03\/Nosso-principal-parceiro-de-pecas-e-a-seguinte-marca-700x403.jpg 700w, https:\/\/cortesolda.com.br\/por\/wp-content\/uploads\/2025\/03\/Nosso-principal-parceiro-de-pecas-e-a-seguinte-marca-150x86.jpg 150w\" sizes=\"(max-width: 450px) 100vw, 450px\" \/><\/p>\n<p data-rm-block-id=\"block-50\">Nosso principal parceiro de pe\u00e7as \u00e9 a seguinte marcaComo encontrar polietileno para extrus\u00e3o de filme soprado.<br \/>\nA extrus\u00e3o de filme de extrus\u00e3o usa polietileno, como<strong>\u00a0<\/strong><\/p>\n<p data-rm-block-id=\"block-51\"><strong>Polietileno de Baixa Densidade (LDPE), Polietileno de Alta Densidade (HDPE) e Polietileno Linear de Baixa Densidade (LLDPE), Polipropileno (PP).<\/strong><br \/>\nAbaixo est\u00e3o os fornecedores de materiais de grandes marcas no mundo, eles abrem escrit\u00f3rios em todo o mundo, voc\u00ea pode verific\u00e1-los no mercado local.<br \/>\n1.<a href=\"http:\/\/www.sabic.com\/\" rel=\"noopener\"><strong><u>Sabic Saudi Basic Industries Corporation<\/u><\/strong><\/a><br \/>\n2.<a href=\"http:\/\/www.exxonmobilchemical.com\/\" rel=\"noopener\"><strong><u>ExxonMobil Chemical Company<\/u><\/strong><\/a><br \/>\n3.<a href=\"http:\/\/www.dow.com\/\" rel=\"noopener\"><strong><u>Dow Chemical Company<\/u><\/strong><\/a><strong>\u00a0<\/strong><\/p>\n<p data-rm-block-id=\"block-52\"><img loading=\"lazy\" decoding=\"async\" class=\"alignnone wp-image-30728\" src=\"https:\/\/cortesolda.com.br\/por\/wp-content\/uploads\/2025\/03\/Fornecedores-de-materia-prima-de-polietileno.jpg\" alt=\"Fornecedores de mat\u00e9ria prima de polietileno\" width=\"450\" height=\"450\" srcset=\"https:\/\/cortesolda.com.br\/por\/wp-content\/uploads\/2025\/03\/Fornecedores-de-materia-prima-de-polietileno.jpg 400w, https:\/\/cortesolda.com.br\/por\/wp-content\/uploads\/2025\/03\/Fornecedores-de-materia-prima-de-polietileno-300x300.jpg 300w, https:\/\/cortesolda.com.br\/por\/wp-content\/uploads\/2025\/03\/Fornecedores-de-materia-prima-de-polietileno-150x150.jpg 150w\" sizes=\"(max-width: 450px) 100vw, 450px\" \/><\/p>\n<div class=\"product-tab-desc\">\n<div id=\"attachment_29719\" class=\"wp-caption alignnone\">\n<div id=\"attachment_30682\" class=\"wp-caption alignnone\" style=\"width: 448px;\">\n<div id=\"attachment_30728\" class=\"wp-caption alignnone\" style=\"width: 442px;\">\n<p id=\"caption-attachment-30728\" class=\"wp-caption-text\" data-rm-block-id=\"block-53\">f\u00e1brica do cliente<\/p>\n<div id=\"attachment_30768\" style=\"width: 460px\" class=\"wp-caption alignnone\"><img loading=\"lazy\" decoding=\"async\" aria-describedby=\"caption-attachment-30768\" class=\"wp-image-30768\" src=\"https:\/\/cortesolda.com.br\/por\/wp-content\/uploads\/2025\/03\/instalar-maquina-de-filme-stretch-na-fabrica-do-clientes.jpg\" alt=\"instalar m\u00e1quina de filme stretch na f\u00e1brica do cliente.\" width=\"450\" height=\"450\" srcset=\"https:\/\/cortesolda.com.br\/por\/wp-content\/uploads\/2025\/03\/instalar-maquina-de-filme-stretch-na-fabrica-do-clientes.jpg 468w, https:\/\/cortesolda.com.br\/por\/wp-content\/uploads\/2025\/03\/instalar-maquina-de-filme-stretch-na-fabrica-do-clientes-300x300.jpg 300w, https:\/\/cortesolda.com.br\/por\/wp-content\/uploads\/2025\/03\/instalar-maquina-de-filme-stretch-na-fabrica-do-clientes-150x150.jpg 150w, https:\/\/cortesolda.com.br\/por\/wp-content\/uploads\/2025\/03\/instalar-maquina-de-filme-stretch-na-fabrica-do-clientes-430x430.jpg 430w\" sizes=\"(max-width: 450px) 100vw, 450px\" \/><p id=\"caption-attachment-30768\" class=\"wp-caption-text\">instalar m\u00e1quina de filme stretch na f\u00e1brica do cliente.<\/p><\/div>\n<\/div>\n<div class=\"product-tab-desc\">\n<div id=\"attachment_29712\" class=\"wp-caption alignnone\">\n<div id=\"attachment_30680\" class=\"wp-caption alignnone\" style=\"width: 450px;\">\n<p data-rm-block-id=\"block-54\"><img loading=\"lazy\" decoding=\"async\" class=\" wp-image-30680\" src=\"https:\/\/cortesolda.com.br\/por\/wp-content\/uploads\/2025\/03\/fornecedor-de-pecas-plasticas-para-maquinas.webp\" sizes=\"(max-width: 466px) 100vw, 466px\" srcset=\"https:\/\/cortesolda.com.br\/por\/wp-content\/uploads\/2025\/03\/fornecedor-de-pecas-plasticas-para-maquinas.webp 497w, https:\/\/cortesolda.com.br\/por\/wp-content\/uploads\/2025\/03\/fornecedor-de-pecas-plasticas-para-maquinas-300x300.webp 300w, https:\/\/cortesolda.com.br\/por\/wp-content\/uploads\/2025\/03\/fornecedor-de-pecas-plasticas-para-maquinas-150x150.webp 150w, https:\/\/cortesolda.com.br\/por\/wp-content\/uploads\/2025\/03\/fornecedor-de-pecas-plasticas-para-maquinas-430x430.webp 430w\" alt=\"fornecedor de pe\u00e7as pl\u00e1sticas para m\u00e1quinas\" width=\"450\" height=\"450\" aria-describedby=\"caption-attachment-30680\" \/><\/p>\n<p id=\"caption-attachment-30680\" class=\"wp-caption-text\" data-rm-block-id=\"block-55\">f\u00e1brica do cliente<\/p>\n<\/div>\n<\/div>\n<div id=\"attachment_29712\" class=\"wp-caption alignnone\">\n<div id=\"attachment_30681\" class=\"wp-caption alignnone\" style=\"width: 455px;\">\n<p data-rm-block-id=\"block-56\"><img loading=\"lazy\" decoding=\"async\" class=\" wp-image-30681\" src=\"https:\/\/cortesolda.com.br\/por\/wp-content\/uploads\/2025\/03\/fabrica-do-cliente.webp\" sizes=\"(max-width: 467px) 100vw, 467px\" srcset=\"https:\/\/cortesolda.com.br\/por\/wp-content\/uploads\/2025\/03\/fabrica-do-cliente.webp 467w, https:\/\/cortesolda.com.br\/por\/wp-content\/uploads\/2025\/03\/fabrica-do-cliente-296x300.webp 296w, https:\/\/cortesolda.com.br\/por\/wp-content\/uploads\/2025\/03\/fabrica-do-cliente-430x436.webp 430w, https:\/\/cortesolda.com.br\/por\/wp-content\/uploads\/2025\/03\/fabrica-do-cliente-150x152.webp 150w\" alt=\"f\u00e1brica do cliente \" width=\"455\" height=\"462\" aria-describedby=\"caption-attachment-30681\" \/><\/p>\n<p id=\"caption-attachment-30681\" class=\"wp-caption-text\" data-rm-block-id=\"block-57\">m\u00e1quinas exportadas para todo o mundo.<\/p>\n<\/div>\n<\/div>\n<div id=\"attachment_29719\" class=\"wp-caption alignnone\">\n<div id=\"attachment_30682\" class=\"wp-caption alignnone\" style=\"width: 450px;\">\n<p data-rm-block-id=\"block-58\"><img loading=\"lazy\" decoding=\"async\" class=\" wp-image-30682\" src=\"https:\/\/cortesolda.com.br\/por\/wp-content\/uploads\/2025\/03\/maquinas-exportadas-para-todo-o-mundo.webp\" sizes=\"(max-width: 468px) 100vw, 468px\" srcset=\"https:\/\/cortesolda.com.br\/por\/wp-content\/uploads\/2025\/03\/maquinas-exportadas-para-todo-o-mundo.webp 800w, https:\/\/cortesolda.com.br\/por\/wp-content\/uploads\/2025\/03\/maquinas-exportadas-para-todo-o-mundo-400x202.webp 400w, https:\/\/cortesolda.com.br\/por\/wp-content\/uploads\/2025\/03\/maquinas-exportadas-para-todo-o-mundo-768x387.webp 768w, https:\/\/cortesolda.com.br\/por\/wp-content\/uploads\/2025\/03\/maquinas-exportadas-para-todo-o-mundo-430x217.webp 430w, https:\/\/cortesolda.com.br\/por\/wp-content\/uploads\/2025\/03\/maquinas-exportadas-para-todo-o-mundo-700x353.webp 700w, https:\/\/cortesolda.com.br\/por\/wp-content\/uploads\/2025\/03\/maquinas-exportadas-para-todo-o-mundo-150x76.webp 150w\" alt=\"m\u00e1quinas exportadas para todo o mundo.\" width=\"450\" height=\"227\" aria-describedby=\"caption-attachment-30682\" \/><\/p>\n<p id=\"caption-attachment-30682\" class=\"wp-caption-text\" data-rm-block-id=\"block-59\">Processo de produ\u00e7\u00e3o de sacolas pl\u00e1sticas<\/p>\n<\/div>\n<\/div>\n<div id=\"attachment_29720\" class=\"wp-caption alignnone\" style=\"width: 453px;\">\n<p data-rm-block-id=\"block-60\"><img loading=\"lazy\" decoding=\"async\" class=\" wp-image-30683\" src=\"https:\/\/cortesolda.com.br\/por\/wp-content\/uploads\/2025\/03\/Processo-de-producao-de-sacolas-plasticas.webp\" sizes=\"(max-width: 467px) 100vw, 467px\" srcset=\"https:\/\/cortesolda.com.br\/por\/wp-content\/uploads\/2025\/03\/Processo-de-producao-de-sacolas-plasticas.webp 1038w, https:\/\/cortesolda.com.br\/por\/wp-content\/uploads\/2025\/03\/Processo-de-producao-de-sacolas-plasticas-315x300.webp 315w, https:\/\/cortesolda.com.br\/por\/wp-content\/uploads\/2025\/03\/Processo-de-producao-de-sacolas-plasticas-840x800.webp 840w, https:\/\/cortesolda.com.br\/por\/wp-content\/uploads\/2025\/03\/Processo-de-producao-de-sacolas-plasticas-768x732.webp 768w, https:\/\/cortesolda.com.br\/por\/wp-content\/uploads\/2025\/03\/Processo-de-producao-de-sacolas-plasticas-430x410.webp 430w, https:\/\/cortesolda.com.br\/por\/wp-content\/uploads\/2025\/03\/Processo-de-producao-de-sacolas-plasticas-700x667.webp 700w, https:\/\/cortesolda.com.br\/por\/wp-content\/uploads\/2025\/03\/Processo-de-producao-de-sacolas-plasticas-150x143.webp 150w\" alt=\"Processo de produ\u00e7\u00e3o de sacolas pl\u00e1sticas\" width=\"453\" height=\"432\" \/><\/p>\n<\/div>\n<\/div>\n<\/div>\n<\/div>\n<\/div>\n<\/div>\n<\/div>\n<\/div>\n","protected":false},"excerpt":{"rendered":"<p class=\"product-des\">M\u00e1quina de fabrica\u00e7\u00e3o de bolsas para servi\u00e7o pesado produz grande espessura, espessura da bolsa de 0,1 mm a 0,45 mm. Pe\u00e7as opcionais: faca de mosca, servo motor.<\/p>\n","protected":false},"featured_media":29915,"comment_status":"closed","ping_status":"closed","template":"","meta":{"_acf_changed":false,"_oss_video_url":""},"product_brand":[],"product_cat":[75],"product_tag":[],"class_list":{"0":"post-29914","1":"product","2":"type-product","3":"status-publish","4":"has-post-thumbnail","6":"product_cat-maquina-de-sacolas","8":"first","9":"instock","10":"shipping-taxable","11":"product-type-simple"},"acf":[],"_links":{"self":[{"href":"https:\/\/cortesolda.com.br\/por\/wp-json\/wp\/v2\/product\/29914","targetHints":{"allow":["GET"]}}],"collection":[{"href":"https:\/\/cortesolda.com.br\/por\/wp-json\/wp\/v2\/product"}],"about":[{"href":"https:\/\/cortesolda.com.br\/por\/wp-json\/wp\/v2\/types\/product"}],"replies":[{"embeddable":true,"href":"https:\/\/cortesolda.com.br\/por\/wp-json\/wp\/v2\/comments?post=29914"}],"version-history":[{"count":0,"href":"https:\/\/cortesolda.com.br\/por\/wp-json\/wp\/v2\/product\/29914\/revisions"}],"wp:featuredmedia":[{"embeddable":true,"href":"https:\/\/cortesolda.com.br\/por\/wp-json\/wp\/v2\/media\/29915"}],"wp:attachment":[{"href":"https:\/\/cortesolda.com.br\/por\/wp-json\/wp\/v2\/media?parent=29914"}],"wp:term":[{"taxonomy":"product_brand","embeddable":true,"href":"https:\/\/cortesolda.com.br\/por\/wp-json\/wp\/v2\/product_brand?post=29914"},{"taxonomy":"product_cat","embeddable":true,"href":"https:\/\/cortesolda.com.br\/por\/wp-json\/wp\/v2\/product_cat?post=29914"},{"taxonomy":"product_tag","embeddable":true,"href":"https:\/\/cortesolda.com.br\/por\/wp-json\/wp\/v2\/product_tag?post=29914"}],"curies":[{"name":"wp","href":"https:\/\/api.w.org\/{rel}","templated":true}]}}