{"id":29922,"date":"2025-03-28T14:02:29","date_gmt":"2025-03-28T06:02:29","guid":{"rendered":"https:\/\/hotpink-lyrebird-701956.hostingersite.com\/?post_type=product&#038;p=29922"},"modified":"2025-07-27T18:08:30","modified_gmt":"2025-07-27T10:08:30","slug":"corte-e-solda-fundo-saco-plastico-6-linhas","status":"publish","type":"product","link":"https:\/\/cortesolda.com.br\/por\/corte-e-solda-fundo-saco-plastico-6-linhas","title":{"rendered":"Corte e Solda Fundo Saco Pl\u00e1stico 6 Linhas"},"content":{"rendered":"<div id=\"tab-desc\" class=\"tab-pane active\" role=\"tabpanel\">\n<div class=\"ProductAttr\">\n<div class=\"ProductAttrItem\">\n<div class=\"ProductAttr-title\" data-rm-block-id=\"block-1\">Corte e Solda Fundo Saco Pl\u00e1stico 6 Linhas<\/div>\n<\/div>\n<\/div>\n<div class=\"product-tab-desc\">\n<div data-rm-block-id=\"block-2\">A\u00a0 Corte e Solda Fundo Saco Pl\u00e1stico 6 Linhas de veda\u00e7\u00e3o inferior de camada dupla, seis linhas tem fun\u00e7\u00f5es como configura\u00e7\u00e3o de comprimento de microcomputador de rastreamento autom\u00e1tico fotoel\u00e9trico, parada de limite alto, contagem autom\u00e1tica, alarme autom\u00e1tico ao atingir o valor definido, alta precis\u00e3o de compensa\u00e7\u00e3o com caracter\u00edsticas como sacos de limpeza, pouco erro e alta autom\u00e1tica de toda a m\u00e1quina, por isso \u00e9 um tipo de equipamento ideal para a produ\u00e7\u00e3o de sacos em branco, sacos de cor, sacos planos e sacos de colete, etc. E outros v\u00e1rios sacos de embalagem de pl\u00e1stico macio.<br \/>\nCaracter\u00edsticas:<\/div>\n<div>\n<p data-rm-block-id=\"block-3\">1. Controle computadorizado de todo o processo.<\/p>\n<p data-rm-block-id=\"block-4\">2. Do rolo de filme ao saco final, um fluxo de processo.<\/p>\n<p data-rm-block-id=\"block-5\">3.Servo motor, facilita o ajuste do comprimento do saco e a velocidade de produ\u00e7\u00e3o.<\/p>\n<p data-rm-block-id=\"block-6\">4. Alimenta\u00e7\u00e3o autom\u00e1tica de filme, coordena\u00e7\u00e3o livre de ajuste de tens\u00e3o.<\/p>\n<p data-rm-block-id=\"block-7\">5. Pare automaticamente quando os blocos de alimenta\u00e7\u00e3o do filme ou os sacos encravar<\/p>\n<p data-rm-block-id=\"block-8\">6. Alta efici\u00eancia de produ\u00e7\u00e3o para economizar m\u00e3o de obra e tempo.<\/p>\n<p data-rm-block-id=\"block-9\">7. M\u00e1quina com fun\u00e7\u00e3o de selagem a quente e corte a frio<\/p>\n<\/div>\n<div id=\"attachment_30989\" style=\"width: 456px\" class=\"wp-caption alignnone\"><img fetchpriority=\"high\" decoding=\"async\" aria-describedby=\"caption-attachment-30989\" class=\" wp-image-30989\" src=\"https:\/\/cortesolda.com.br\/por\/wp-content\/uploads\/2025\/03\/Corte-e-Solda-Fundo-Saco-Plastico-6-Linhas.webp\" alt=\"Corte e Solda Fundo Saco Pl\u00e1stico 6 Linhas\" width=\"446\" height=\"384\" srcset=\"https:\/\/cortesolda.com.br\/por\/wp-content\/uploads\/2025\/03\/Corte-e-Solda-Fundo-Saco-Plastico-6-Linhas.webp 883w, https:\/\/cortesolda.com.br\/por\/wp-content\/uploads\/2025\/03\/Corte-e-Solda-Fundo-Saco-Plastico-6-Linhas-348x300.webp 348w, https:\/\/cortesolda.com.br\/por\/wp-content\/uploads\/2025\/03\/Corte-e-Solda-Fundo-Saco-Plastico-6-Linhas-768x662.webp 768w, https:\/\/cortesolda.com.br\/por\/wp-content\/uploads\/2025\/03\/Corte-e-Solda-Fundo-Saco-Plastico-6-Linhas-430x371.webp 430w, https:\/\/cortesolda.com.br\/por\/wp-content\/uploads\/2025\/03\/Corte-e-Solda-Fundo-Saco-Plastico-6-Linhas-700x603.webp 700w, https:\/\/cortesolda.com.br\/por\/wp-content\/uploads\/2025\/03\/Corte-e-Solda-Fundo-Saco-Plastico-6-Linhas-150x129.webp 150w\" sizes=\"(max-width: 446px) 100vw, 446px\" \/><p id=\"caption-attachment-30989\" class=\"wp-caption-text\">Corte e Solda Fundo Saco Pl\u00e1stico 6 Linhas<\/p><\/div>\n<p data-rm-block-id=\"block-11\"><strong>Par\u00e2metro t\u00e9cnico principal<\/strong><\/p>\n<table>\n<tbody>\n<tr>\n<td width=\"138\" data-rm-block-id=\"block-12\">Modelo<\/td>\n<td width=\"166\" data-rm-block-id=\"block-13\">SHXJ-D1000<\/td>\n<td width=\"166\" data-rm-block-id=\"block-14\">SHXJ-D1200<\/td>\n<td width=\"166\" data-rm-block-id=\"block-15\">SHXJ-D1500<\/td>\n<\/tr>\n<tr>\n<td width=\"138\" data-rm-block-id=\"block-16\">Largura de corte e veda\u00e7\u00e3o<\/td>\n<td width=\"166\" data-rm-block-id=\"block-17\">920 mm<\/td>\n<td width=\"166\" data-rm-block-id=\"block-18\">1120mm<\/td>\n<td width=\"166\" data-rm-block-id=\"block-19\">1420mm<\/td>\n<\/tr>\n<tr>\n<td width=\"138\" data-rm-block-id=\"block-20\">Comprimento m\u00e1ximo do saco<\/td>\n<td width=\"166\" data-rm-block-id=\"block-21\">2000 mm<\/td>\n<td width=\"166\" data-rm-block-id=\"block-22\">2000 mm<\/td>\n<td width=\"166\" data-rm-block-id=\"block-23\">2000 mm<\/td>\n<\/tr>\n<tr>\n<td width=\"138\" data-rm-block-id=\"block-24\">Velocidade da m\u00e1quina<\/td>\n<td width=\"166\" data-rm-block-id=\"block-25\">40-100 pe\u00e7as\/min \u00d7 6<\/td>\n<td width=\"166\" data-rm-block-id=\"block-26\">40-100 pe\u00e7as\/min\u00d76<\/td>\n<td width=\"166\" data-rm-block-id=\"block-27\">40-100 pe\u00e7as\/min\u00d76<\/td>\n<\/tr>\n<tr>\n<td width=\"138\" data-rm-block-id=\"block-28\">N\u00famero de tira<\/td>\n<td width=\"166\" data-rm-block-id=\"block-29\">6<\/td>\n<td width=\"166\" data-rm-block-id=\"block-30\">6<\/td>\n<td width=\"166\" data-rm-block-id=\"block-31\">6<\/td>\n<\/tr>\n<tr>\n<td width=\"138\" data-rm-block-id=\"block-32\">Pot\u00eancia do Motor<\/td>\n<td width=\"166\" data-rm-block-id=\"block-33\">2,2kw<\/td>\n<td width=\"166\" data-rm-block-id=\"block-34\">3kw<\/td>\n<td width=\"166\" data-rm-block-id=\"block-35\">4kw<\/td>\n<\/tr>\n<tr>\n<td width=\"138\" data-rm-block-id=\"block-36\">Peso (kg)<\/td>\n<td width=\"166\" data-rm-block-id=\"block-37\">1300kg<\/td>\n<td width=\"166\" data-rm-block-id=\"block-38\">1300kg<\/td>\n<td width=\"166\" data-rm-block-id=\"block-39\">1600kg<\/td>\n<\/tr>\n<tr>\n<td width=\"138\" data-rm-block-id=\"block-40\">Dimens\u00e3o<\/td>\n<td width=\"166\" data-rm-block-id=\"block-41\">4500\u00d72000\u00d71800mm<\/td>\n<td width=\"166\" data-rm-block-id=\"block-42\">4600\u00d72100\u00d71800mm<\/td>\n<td width=\"166\" data-rm-block-id=\"block-43\">4800\u00d72200\u00d71800mm<\/td>\n<\/tr>\n<tr>\n<td width=\"138\" data-rm-block-id=\"block-44\">Material da bolsa<\/td>\n<td colspan=\"3\" width=\"499\" data-rm-block-id=\"block-45\">PEBD, PEAD, PEBDL, reciclar filme<\/td>\n<\/tr>\n<tr>\n<td width=\"138\" data-rm-block-id=\"block-46\">Tipo de bolsa<\/td>\n<td colspan=\"3\" width=\"499\" data-rm-block-id=\"block-47\">Bolsa de camiseta, bolsa de compras, bolsa de super mercado, bolsa KFC, bolsa Carrefour, bolsa LuLu<\/td>\n<\/tr>\n<tr>\n<td width=\"138\" data-rm-block-id=\"block-48\">Cor da bolsa<\/td>\n<td colspan=\"3\" width=\"499\" data-rm-block-id=\"block-49\">Transparente, preto, vermelho, branco, saco azul, cor alterada por masterbatch<\/td>\n<\/tr>\n<tr>\n<td width=\"138\" data-rm-block-id=\"block-50\">Tens\u00e3o de Energia<\/td>\n<td colspan=\"3\" width=\"499\" data-rm-block-id=\"block-51\">220V<\/td>\n<\/tr>\n<tr>\n<td width=\"138\" data-rm-block-id=\"block-52\">Tempo de trabalho da m\u00e1quina<\/td>\n<td colspan=\"3\" width=\"499\" data-rm-block-id=\"block-53\">24 horas * 7 dias<\/td>\n<\/tr>\n<tr>\n<td width=\"138\" data-rm-block-id=\"block-54\">garantia<\/td>\n<td colspan=\"3\" width=\"499\" data-rm-block-id=\"block-55\">1 ano<\/td>\n<\/tr>\n<\/tbody>\n<\/table>\n<div>\n<p>\u203bAs especifica\u00e7\u00f5es corretas dependem do modelo real. Todas as especifica\u00e7\u00f5es est\u00e3o sujeitas a altera\u00e7\u00f5es sem aviso pr\u00e9vio.<\/p>\n<p>Instalar m\u00e1quinas na Ar\u00e1bia Saudita.<\/p>\n<p><img decoding=\"async\" class=\"alignnone wp-image-30852\" src=\"https:\/\/cortesolda.com.br\/por\/wp-content\/uploads\/2025\/03\/Instalar-maquinas-na-Arabia-Saudita.webp\" alt=\"\" width=\"450\" height=\"338\" srcset=\"https:\/\/cortesolda.com.br\/por\/wp-content\/uploads\/2025\/03\/Instalar-maquinas-na-Arabia-Saudita.webp 700w, https:\/\/cortesolda.com.br\/por\/wp-content\/uploads\/2025\/03\/Instalar-maquinas-na-Arabia-Saudita-400x300.webp 400w, https:\/\/cortesolda.com.br\/por\/wp-content\/uploads\/2025\/03\/Instalar-maquinas-na-Arabia-Saudita-430x323.webp 430w, https:\/\/cortesolda.com.br\/por\/wp-content\/uploads\/2025\/03\/Instalar-maquinas-na-Arabia-Saudita-150x113.webp 150w\" sizes=\"(max-width: 450px) 100vw, 450px\" \/><\/p>\n<p>Se voc\u00ea comprar uma m\u00e1quina de cont\u00eainer, embalaremos a m\u00e1quina com filme estir\u00e1vel e carregaremos o cont\u00eainer diretamente<strong>(carga completa do cont\u00eainer FCL).<\/strong><br \/>\n<img decoding=\"async\" class=\"alignnone wp-image-30851\" src=\"https:\/\/cortesolda.com.br\/por\/wp-content\/uploads\/2025\/03\/Se-voce-comprar-uma-maquina-de-conteiner.webp\" alt=\"\" width=\"450\" height=\"450\" srcset=\"https:\/\/cortesolda.com.br\/por\/wp-content\/uploads\/2025\/03\/Se-voce-comprar-uma-maquina-de-conteiner.webp 497w, https:\/\/cortesolda.com.br\/por\/wp-content\/uploads\/2025\/03\/Se-voce-comprar-uma-maquina-de-conteiner-300x300.webp 300w, https:\/\/cortesolda.com.br\/por\/wp-content\/uploads\/2025\/03\/Se-voce-comprar-uma-maquina-de-conteiner-150x150.webp 150w, https:\/\/cortesolda.com.br\/por\/wp-content\/uploads\/2025\/03\/Se-voce-comprar-uma-maquina-de-conteiner-430x430.webp 430w\" sizes=\"(max-width: 450px) 100vw, 450px\" \/><br \/>\nSe voc\u00ea comprar apenas uma m\u00e1quina, embalaremos a m\u00e1quina com embalagem de madeira e carregaremos o cont\u00eainer com<strong>\u00a0<\/strong><strong>Menos que a carga do cont\u00eainer (LCL).<\/strong><\/p>\n<p><img loading=\"lazy\" decoding=\"async\" class=\"alignnone wp-image-30850\" src=\"https:\/\/cortesolda.com.br\/por\/wp-content\/uploads\/2025\/03\/Menos-que-a-carga-do-conteiner-LCL.webp\" alt=\"\" width=\"450\" height=\"338\" srcset=\"https:\/\/cortesolda.com.br\/por\/wp-content\/uploads\/2025\/03\/Menos-que-a-carga-do-conteiner-LCL.webp 992w, https:\/\/cortesolda.com.br\/por\/wp-content\/uploads\/2025\/03\/Menos-que-a-carga-do-conteiner-LCL-400x300.webp 400w, https:\/\/cortesolda.com.br\/por\/wp-content\/uploads\/2025\/03\/Menos-que-a-carga-do-conteiner-LCL-768x576.webp 768w, https:\/\/cortesolda.com.br\/por\/wp-content\/uploads\/2025\/03\/Menos-que-a-carga-do-conteiner-LCL-430x323.webp 430w, https:\/\/cortesolda.com.br\/por\/wp-content\/uploads\/2025\/03\/Menos-que-a-carga-do-conteiner-LCL-700x525.webp 700w, https:\/\/cortesolda.com.br\/por\/wp-content\/uploads\/2025\/03\/Menos-que-a-carga-do-conteiner-LCL-150x113.webp 150w\" sizes=\"(max-width: 450px) 100vw, 450px\" \/><\/p>\n<p>Nosso cooperador de pe\u00e7as principais como a seguinte marca, mas pe\u00e7as padr\u00e3o todas fabricadas na China.<\/p>\n<p><img loading=\"lazy\" decoding=\"async\" class=\"wp-image-30678\" src=\"https:\/\/cortesolda.com.br\/por\/wp-content\/uploads\/2025\/03\/Nosso-principal-parceiro-de-pecas-e-a-seguinte-marca.jpg\" alt=\"Nosso principal parceiro de pe\u00e7as \u00e9 a seguinte marca\" width=\"450\" height=\"259\" srcset=\"https:\/\/cortesolda.com.br\/por\/wp-content\/uploads\/2025\/03\/Nosso-principal-parceiro-de-pecas-e-a-seguinte-marca.jpg 875w, https:\/\/cortesolda.com.br\/por\/wp-content\/uploads\/2025\/03\/Nosso-principal-parceiro-de-pecas-e-a-seguinte-marca-400x230.jpg 400w, https:\/\/cortesolda.com.br\/por\/wp-content\/uploads\/2025\/03\/Nosso-principal-parceiro-de-pecas-e-a-seguinte-marca-768x442.jpg 768w, https:\/\/cortesolda.com.br\/por\/wp-content\/uploads\/2025\/03\/Nosso-principal-parceiro-de-pecas-e-a-seguinte-marca-430x248.jpg 430w, https:\/\/cortesolda.com.br\/por\/wp-content\/uploads\/2025\/03\/Nosso-principal-parceiro-de-pecas-e-a-seguinte-marca-700x403.jpg 700w, https:\/\/cortesolda.com.br\/por\/wp-content\/uploads\/2025\/03\/Nosso-principal-parceiro-de-pecas-e-a-seguinte-marca-150x86.jpg 150w\" sizes=\"(max-width: 450px) 100vw, 450px\" \/><\/p>\n<p>Nosso principal parceiro de pe\u00e7as \u00e9 a seguinte marcaComo encontrar polietileno para extrus\u00e3o de filme soprado.<br \/>\nA extrus\u00e3o de filme de extrus\u00e3o usa polietileno, como<strong>\u00a0<\/strong><\/p>\n<p><strong>Polietileno de Baixa Densidade (LDPE), Polietileno de Alta Densidade (HDPE) e Polietileno Linear de Baixa Densidade (LLDPE), Polipropileno (PP).<\/strong><br \/>\nAbaixo est\u00e3o os fornecedores de materiais de grandes marcas no mundo, eles abrem escrit\u00f3rios em todo o mundo, voc\u00ea pode verific\u00e1-los no mercado local.<br \/>\n1.<a href=\"http:\/\/www.sabic.com\/\" rel=\"noopener\"><strong><u>Sabic Saudi Basic Industries Corporation<\/u><\/strong><\/a><br \/>\n2.<a href=\"http:\/\/www.exxonmobilchemical.com\/\" rel=\"noopener\"><strong><u>ExxonMobil Chemical Company<\/u><\/strong><\/a><br \/>\n3.<a href=\"http:\/\/www.dow.com\/\" rel=\"noopener\"><strong><u>Dow Chemical Company<\/u><\/strong><\/a><strong>\u00a0<\/strong><\/p>\n<p><img loading=\"lazy\" decoding=\"async\" class=\"alignnone wp-image-30728\" src=\"https:\/\/cortesolda.com.br\/por\/wp-content\/uploads\/2025\/03\/Fornecedores-de-materia-prima-de-polietileno.jpg\" alt=\"Fornecedores de mat\u00e9ria prima de polietileno\" width=\"450\" height=\"450\" srcset=\"https:\/\/cortesolda.com.br\/por\/wp-content\/uploads\/2025\/03\/Fornecedores-de-materia-prima-de-polietileno.jpg 400w, https:\/\/cortesolda.com.br\/por\/wp-content\/uploads\/2025\/03\/Fornecedores-de-materia-prima-de-polietileno-300x300.jpg 300w, https:\/\/cortesolda.com.br\/por\/wp-content\/uploads\/2025\/03\/Fornecedores-de-materia-prima-de-polietileno-150x150.jpg 150w\" sizes=\"(max-width: 450px) 100vw, 450px\" \/><\/p>\n<div class=\"product-tab-desc\">\n<div id=\"attachment_29719\" class=\"wp-caption alignnone\" data-rm-block-id=\"block-62\">\n<div id=\"attachment_30682\" class=\"wp-caption alignnone\" style=\"width: 448px;\">\n<div id=\"attachment_30728\" class=\"wp-caption alignnone\" style=\"width: 442px;\">\n<p id=\"caption-attachment-30728\" class=\"wp-caption-text\" data-rm-block-id=\"block-66\">f\u00e1brica do cliente<\/p>\n<div id=\"attachment_30768\" style=\"width: 460px\" class=\"wp-caption alignnone\"><img loading=\"lazy\" decoding=\"async\" aria-describedby=\"caption-attachment-30768\" class=\"wp-image-30768\" src=\"https:\/\/cortesolda.com.br\/por\/wp-content\/uploads\/2025\/03\/instalar-maquina-de-filme-stretch-na-fabrica-do-clientes.jpg\" alt=\"instalar m\u00e1quina de filme stretch na f\u00e1brica do cliente.\" width=\"450\" height=\"450\" srcset=\"https:\/\/cortesolda.com.br\/por\/wp-content\/uploads\/2025\/03\/instalar-maquina-de-filme-stretch-na-fabrica-do-clientes.jpg 468w, https:\/\/cortesolda.com.br\/por\/wp-content\/uploads\/2025\/03\/instalar-maquina-de-filme-stretch-na-fabrica-do-clientes-300x300.jpg 300w, https:\/\/cortesolda.com.br\/por\/wp-content\/uploads\/2025\/03\/instalar-maquina-de-filme-stretch-na-fabrica-do-clientes-150x150.jpg 150w, https:\/\/cortesolda.com.br\/por\/wp-content\/uploads\/2025\/03\/instalar-maquina-de-filme-stretch-na-fabrica-do-clientes-430x430.jpg 430w\" sizes=\"(max-width: 450px) 100vw, 450px\" \/><p id=\"caption-attachment-30768\" class=\"wp-caption-text\">instalar m\u00e1quina de filme stretch na f\u00e1brica do cliente.<\/p><\/div>\n<\/div>\n<div class=\"product-tab-desc\">\n<div id=\"attachment_29712\" class=\"wp-caption alignnone\" data-rm-block-id=\"block-60\">\n<div id=\"attachment_30680\" class=\"wp-caption alignnone\" style=\"width: 450px;\">\n<p data-rm-block-id=\"block-67\"><img loading=\"lazy\" decoding=\"async\" class=\" wp-image-30680\" src=\"https:\/\/cortesolda.com.br\/por\/wp-content\/uploads\/2025\/03\/fornecedor-de-pecas-plasticas-para-maquinas.webp\" sizes=\"(max-width: 466px) 100vw, 466px\" srcset=\"https:\/\/cortesolda.com.br\/por\/wp-content\/uploads\/2025\/03\/fornecedor-de-pecas-plasticas-para-maquinas.webp 497w, https:\/\/cortesolda.com.br\/por\/wp-content\/uploads\/2025\/03\/fornecedor-de-pecas-plasticas-para-maquinas-300x300.webp 300w, https:\/\/cortesolda.com.br\/por\/wp-content\/uploads\/2025\/03\/fornecedor-de-pecas-plasticas-para-maquinas-150x150.webp 150w, https:\/\/cortesolda.com.br\/por\/wp-content\/uploads\/2025\/03\/fornecedor-de-pecas-plasticas-para-maquinas-430x430.webp 430w\" alt=\"fornecedor de pe\u00e7as pl\u00e1sticas para m\u00e1quinas\" width=\"450\" height=\"450\" aria-describedby=\"caption-attachment-30680\" \/><\/p>\n<p id=\"caption-attachment-30680\" class=\"wp-caption-text\" data-rm-block-id=\"block-68\">f\u00e1brica do cliente<\/p>\n<\/div>\n<\/div>\n<div id=\"attachment_29712\" class=\"wp-caption alignnone\" data-rm-block-id=\"block-61\">\n<div id=\"attachment_30681\" class=\"wp-caption alignnone\" style=\"width: 455px;\">\n<p data-rm-block-id=\"block-69\"><img loading=\"lazy\" decoding=\"async\" class=\" wp-image-30681\" src=\"https:\/\/cortesolda.com.br\/por\/wp-content\/uploads\/2025\/03\/fabrica-do-cliente.webp\" sizes=\"(max-width: 467px) 100vw, 467px\" srcset=\"https:\/\/cortesolda.com.br\/por\/wp-content\/uploads\/2025\/03\/fabrica-do-cliente.webp 467w, https:\/\/cortesolda.com.br\/por\/wp-content\/uploads\/2025\/03\/fabrica-do-cliente-296x300.webp 296w, https:\/\/cortesolda.com.br\/por\/wp-content\/uploads\/2025\/03\/fabrica-do-cliente-430x436.webp 430w, https:\/\/cortesolda.com.br\/por\/wp-content\/uploads\/2025\/03\/fabrica-do-cliente-150x152.webp 150w\" alt=\"f\u00e1brica do cliente \" width=\"455\" height=\"462\" aria-describedby=\"caption-attachment-30681\" \/><\/p>\n<p id=\"caption-attachment-30681\" class=\"wp-caption-text\" data-rm-block-id=\"block-70\">m\u00e1quinas exportadas para todo o mundo.<\/p>\n<\/div>\n<\/div>\n<div id=\"attachment_29719\" class=\"wp-caption alignnone\" data-rm-block-id=\"block-62\">\n<div id=\"attachment_30682\" class=\"wp-caption alignnone\" style=\"width: 450px;\">\n<p data-rm-block-id=\"block-71\"><img loading=\"lazy\" decoding=\"async\" class=\" wp-image-30682\" src=\"https:\/\/cortesolda.com.br\/por\/wp-content\/uploads\/2025\/03\/maquinas-exportadas-para-todo-o-mundo.webp\" sizes=\"(max-width: 468px) 100vw, 468px\" srcset=\"https:\/\/cortesolda.com.br\/por\/wp-content\/uploads\/2025\/03\/maquinas-exportadas-para-todo-o-mundo.webp 800w, https:\/\/cortesolda.com.br\/por\/wp-content\/uploads\/2025\/03\/maquinas-exportadas-para-todo-o-mundo-400x202.webp 400w, https:\/\/cortesolda.com.br\/por\/wp-content\/uploads\/2025\/03\/maquinas-exportadas-para-todo-o-mundo-768x387.webp 768w, https:\/\/cortesolda.com.br\/por\/wp-content\/uploads\/2025\/03\/maquinas-exportadas-para-todo-o-mundo-430x217.webp 430w, https:\/\/cortesolda.com.br\/por\/wp-content\/uploads\/2025\/03\/maquinas-exportadas-para-todo-o-mundo-700x353.webp 700w, https:\/\/cortesolda.com.br\/por\/wp-content\/uploads\/2025\/03\/maquinas-exportadas-para-todo-o-mundo-150x76.webp 150w\" alt=\"m\u00e1quinas exportadas para todo o mundo.\" width=\"450\" height=\"227\" aria-describedby=\"caption-attachment-30682\" \/><\/p>\n<p id=\"caption-attachment-30682\" class=\"wp-caption-text\" data-rm-block-id=\"block-72\">Processo de produ\u00e7\u00e3o de sacolas pl\u00e1sticas<\/p>\n<\/div>\n<\/div>\n<div id=\"attachment_29720\" class=\"wp-caption alignnone\" style=\"width: 453px;\">\n<p data-rm-block-id=\"block-73\"><img loading=\"lazy\" decoding=\"async\" class=\" wp-image-30683\" src=\"https:\/\/cortesolda.com.br\/por\/wp-content\/uploads\/2025\/03\/Processo-de-producao-de-sacolas-plasticas.webp\" sizes=\"(max-width: 467px) 100vw, 467px\" srcset=\"https:\/\/cortesolda.com.br\/por\/wp-content\/uploads\/2025\/03\/Processo-de-producao-de-sacolas-plasticas.webp 1038w, https:\/\/cortesolda.com.br\/por\/wp-content\/uploads\/2025\/03\/Processo-de-producao-de-sacolas-plasticas-315x300.webp 315w, https:\/\/cortesolda.com.br\/por\/wp-content\/uploads\/2025\/03\/Processo-de-producao-de-sacolas-plasticas-840x800.webp 840w, https:\/\/cortesolda.com.br\/por\/wp-content\/uploads\/2025\/03\/Processo-de-producao-de-sacolas-plasticas-768x732.webp 768w, https:\/\/cortesolda.com.br\/por\/wp-content\/uploads\/2025\/03\/Processo-de-producao-de-sacolas-plasticas-430x410.webp 430w, https:\/\/cortesolda.com.br\/por\/wp-content\/uploads\/2025\/03\/Processo-de-producao-de-sacolas-plasticas-700x667.webp 700w, https:\/\/cortesolda.com.br\/por\/wp-content\/uploads\/2025\/03\/Processo-de-producao-de-sacolas-plasticas-150x143.webp 150w\" alt=\"Processo de produ\u00e7\u00e3o de sacolas pl\u00e1sticas\" width=\"453\" height=\"432\" \/><\/p>\n<\/div>\n<\/div>\n<\/div>\n<\/div>\n<\/div>\n<p data-rm-block-id=\"block-63\">\n<\/div>\n<\/div>\n<\/div>\n","protected":false},"excerpt":{"rendered":"<p>Corte e Solda Fundo <\/p>\n","protected":false},"featured_media":29923,"comment_status":"closed","ping_status":"closed","template":"","meta":{"_acf_changed":false,"_oss_video_url":""},"product_brand":[],"product_cat":[75],"product_tag":[],"class_list":{"0":"post-29922","1":"product","2":"type-product","3":"status-publish","4":"has-post-thumbnail","6":"product_cat-maquina-de-sacolas","8":"first","9":"instock","10":"shipping-taxable","11":"product-type-simple"},"acf":[],"_links":{"self":[{"href":"https:\/\/cortesolda.com.br\/por\/wp-json\/wp\/v2\/product\/29922","targetHints":{"allow":["GET"]}}],"collection":[{"href":"https:\/\/cortesolda.com.br\/por\/wp-json\/wp\/v2\/product"}],"about":[{"href":"https:\/\/cortesolda.com.br\/por\/wp-json\/wp\/v2\/types\/product"}],"replies":[{"embeddable":true,"href":"https:\/\/cortesolda.com.br\/por\/wp-json\/wp\/v2\/comments?post=29922"}],"version-history":[{"count":0,"href":"https:\/\/cortesolda.com.br\/por\/wp-json\/wp\/v2\/product\/29922\/revisions"}],"wp:featuredmedia":[{"embeddable":true,"href":"https:\/\/cortesolda.com.br\/por\/wp-json\/wp\/v2\/media\/29923"}],"wp:attachment":[{"href":"https:\/\/cortesolda.com.br\/por\/wp-json\/wp\/v2\/media?parent=29922"}],"wp:term":[{"taxonomy":"product_brand","embeddable":true,"href":"https:\/\/cortesolda.com.br\/por\/wp-json\/wp\/v2\/product_brand?post=29922"},{"taxonomy":"product_cat","embeddable":true,"href":"https:\/\/cortesolda.com.br\/por\/wp-json\/wp\/v2\/product_cat?post=29922"},{"taxonomy":"product_tag","embeddable":true,"href":"https:\/\/cortesolda.com.br\/por\/wp-json\/wp\/v2\/product_tag?post=29922"}],"curies":[{"name":"wp","href":"https:\/\/api.w.org\/{rel}","templated":true}]}}