{"id":29950,"date":"2025-03-28T14:11:20","date_gmt":"2025-03-28T06:11:20","guid":{"rendered":"https:\/\/hotpink-lyrebird-701956.hostingersite.com\/?post_type=product&#038;p=29950"},"modified":"2025-07-27T18:08:07","modified_gmt":"2025-07-27T10:08:07","slug":"corte-e-solda-saco-para-lixo-reforcado","status":"publish","type":"product","link":"https:\/\/cortesolda.com.br\/por\/corte-e-solda-saco-para-lixo-reforcado","title":{"rendered":"Corte e Solda Saco de Lixo em Rolo"},"content":{"rendered":"<div id=\"tab-desc\" class=\"tab-pane active\" role=\"tabpanel\">\n<div class=\"ProductAttr\">\n<p>Corte e Solda Saco de Lixo em Rolo<\/p>\n<p>A Corte e Solda Saco de Lixo em Rolo pl\u00e1stico usa motor de passo ou servo motor para alimenta\u00e7\u00e3o e controle de velocidade da m\u00e1quina por computador. O Corte e solda Saco para Lixo Refor\u00e7ado \u00e9 uma solu\u00e7\u00e3o eficiente para a gest\u00e3o de res\u00edduos.<\/p>\n<\/div>\n<div class=\"product-tab-desc\">\n<p>&nbsp;<\/p>\n<div id=\"attachment_30966\" style=\"width: 407px\" class=\"wp-caption alignnone\"><img fetchpriority=\"high\" decoding=\"async\" aria-describedby=\"caption-attachment-30966\" class=\" wp-image-30966\" src=\"https:\/\/cortesolda.com.br\/por\/wp-content\/uploads\/2025\/03\/Sacos-de-Lixo-em-Rolo.webp\" alt=\"Corte e Solda Saco de Lixo em Rolo\" width=\"397\" height=\"146\" srcset=\"https:\/\/cortesolda.com.br\/por\/wp-content\/uploads\/2025\/03\/Sacos-de-Lixo-em-Rolo.webp 598w, https:\/\/cortesolda.com.br\/por\/wp-content\/uploads\/2025\/03\/Sacos-de-Lixo-em-Rolo-400x147.webp 400w, https:\/\/cortesolda.com.br\/por\/wp-content\/uploads\/2025\/03\/Sacos-de-Lixo-em-Rolo-430x158.webp 430w, https:\/\/cortesolda.com.br\/por\/wp-content\/uploads\/2025\/03\/Sacos-de-Lixo-em-Rolo-150x55.webp 150w\" sizes=\"(max-width: 397px) 100vw, 397px\" \/><p id=\"caption-attachment-30966\" class=\"wp-caption-text\">Corte e Solda Saco de Lixo em Rolo<\/p><\/div>\n<div id=\"attachment_30967\" style=\"width: 407px\" class=\"wp-caption alignnone\"><img decoding=\"async\" aria-describedby=\"caption-attachment-30967\" class=\" wp-image-30967\" src=\"https:\/\/cortesolda.com.br\/por\/wp-content\/uploads\/2025\/03\/Sacos-de-Lixo-em-Rolo.jpg\" alt=\"Sacos de Lixo em Rolo\" width=\"397\" height=\"298\" srcset=\"https:\/\/cortesolda.com.br\/por\/wp-content\/uploads\/2025\/03\/Sacos-de-Lixo-em-Rolo.jpg 400w, https:\/\/cortesolda.com.br\/por\/wp-content\/uploads\/2025\/03\/Sacos-de-Lixo-em-Rolo-150x113.jpg 150w\" sizes=\"(max-width: 397px) 100vw, 397px\" \/><p id=\"caption-attachment-30967\" class=\"wp-caption-text\">Sacos de Lixo em Rolo<\/p><\/div>\n<table>\n<tbody>\n<tr>\n<td width=\"192\">Modelo<\/td>\n<td width=\"142\">KDB-500<\/td>\n<td width=\"114\">KDB-600<\/td>\n<td width=\"107\">KDB-800<\/td>\n<\/tr>\n<tr>\n<td width=\"192\">Largura m\u00e1xima do saco (mm)<\/td>\n<td width=\"142\">400<\/td>\n<td width=\"114\">500<\/td>\n<td width=\"107\">700<\/td>\n<\/tr>\n<tr>\n<td width=\"192\">Comprimento m\u00e1ximo do saco (mm)<\/td>\n<td width=\"142\">1000<\/td>\n<td width=\"114\">1000<\/td>\n<td width=\"107\">1000<\/td>\n<\/tr>\n<tr>\n<td width=\"192\">Espessura do Saco<\/td>\n<td width=\"142\">0,008-0,15<\/td>\n<td width=\"114\">0,008-0,15<\/td>\n<td width=\"107\">0,008-0,10<\/td>\n<\/tr>\n<tr>\n<td width=\"192\">Material da bolsa<\/td>\n<td colspan=\"3\" width=\"366\">LDPE,HDPE,LLDPE, filme de reciclagem<\/td>\n<\/tr>\n<tr>\n<td width=\"192\">Saco<\/td>\n<td colspan=\"3\" width=\"366\">Saco de lixo, saco de vegetais, saco de selo estrela, toalha de mesa<\/td>\n<\/tr>\n<tr>\n<td width=\"192\">Cor da Bolsa<\/td>\n<td colspan=\"3\" width=\"366\">Transparente, preto, vermelho, branco, azul\u2026 cor do saco alterada por masterbatch<\/td>\n<\/tr>\n<tr>\n<td width=\"192\">N\u00facleo para bolsa<\/td>\n<td colspan=\"3\" width=\"366\">25mm ou sem n\u00facleo<\/td>\n<\/tr>\n<tr>\n<td width=\"192\">Velocidade da m\u00e1quina (pc\/min)<\/td>\n<td width=\"142\">140-200<\/td>\n<td width=\"114\">40-120<\/td>\n<td width=\"107\">40-120<\/td>\n<\/tr>\n<tr>\n<td width=\"192\">Pot\u00eancia do motor (kw)<\/td>\n<td width=\"142\">1.1<\/td>\n<td width=\"114\">1.1<\/td>\n<td width=\"107\">1,5<\/td>\n<\/tr>\n<tr>\n<td width=\"192\">Pot\u00eancia de aquecimento<\/td>\n<td width=\"142\">1.2<\/td>\n<td width=\"114\">1.6<\/td>\n<td width=\"107\">2.2<\/td>\n<\/tr>\n<tr>\n<td width=\"192\">Dimens\u00f5es da M\u00e1quina<\/td>\n<td width=\"142\">3,6X1,2X1,7m<\/td>\n<td width=\"114\">3,4X1,3X1,7m<\/td>\n<td width=\"107\">3,6X1,5X1,7m<\/td>\n<\/tr>\n<tr>\n<td width=\"192\">Peso da m\u00e1quina (kg)<\/td>\n<td width=\"142\">800<\/td>\n<td width=\"114\">900<\/td>\n<td width=\"107\">100<\/td>\n<\/tr>\n<tr>\n<td width=\"192\">Tens\u00e3o de energia<\/td>\n<td colspan=\"3\" width=\"366\">220V 1FASE<\/td>\n<\/tr>\n<tr>\n<td width=\"192\">Tempo de trabalho da m\u00e1quina<\/td>\n<td colspan=\"3\" width=\"366\">24 horas * 7 dias<\/td>\n<\/tr>\n<tr>\n<td width=\"192\">garantia<\/td>\n<td colspan=\"3\" width=\"366\">1 ano<\/td>\n<\/tr>\n<\/tbody>\n<\/table>\n<div>\n<p>\u203bAs especifica\u00e7\u00f5es corretas dependem do modelo real. Todas as especifica\u00e7\u00f5es est\u00e3o sujeitas a altera\u00e7\u00f5es sem aviso pr\u00e9vio.<\/p>\n<p>Instalar m\u00e1quinas na Ar\u00e1bia Saudita.<\/p>\n<p><img decoding=\"async\" class=\"alignnone wp-image-30852\" src=\"https:\/\/cortesolda.com.br\/por\/wp-content\/uploads\/2025\/03\/Instalar-maquinas-na-Arabia-Saudita.webp\" alt=\"\" width=\"450\" height=\"338\" srcset=\"https:\/\/cortesolda.com.br\/por\/wp-content\/uploads\/2025\/03\/Instalar-maquinas-na-Arabia-Saudita.webp 700w, https:\/\/cortesolda.com.br\/por\/wp-content\/uploads\/2025\/03\/Instalar-maquinas-na-Arabia-Saudita-400x300.webp 400w, https:\/\/cortesolda.com.br\/por\/wp-content\/uploads\/2025\/03\/Instalar-maquinas-na-Arabia-Saudita-430x323.webp 430w, https:\/\/cortesolda.com.br\/por\/wp-content\/uploads\/2025\/03\/Instalar-maquinas-na-Arabia-Saudita-150x113.webp 150w\" sizes=\"(max-width: 450px) 100vw, 450px\" \/><\/p>\n<p>Se voc\u00ea comprar uma m\u00e1quina de cont\u00eainer, embalaremos a m\u00e1quina com filme estir\u00e1vel e carregaremos o cont\u00eainer diretamente<strong>(carga completa do cont\u00eainer FCL).<\/strong><br \/>\n<img loading=\"lazy\" decoding=\"async\" class=\"alignnone wp-image-30851\" src=\"https:\/\/cortesolda.com.br\/por\/wp-content\/uploads\/2025\/03\/Se-voce-comprar-uma-maquina-de-conteiner.webp\" alt=\"\" width=\"450\" height=\"450\" srcset=\"https:\/\/cortesolda.com.br\/por\/wp-content\/uploads\/2025\/03\/Se-voce-comprar-uma-maquina-de-conteiner.webp 497w, https:\/\/cortesolda.com.br\/por\/wp-content\/uploads\/2025\/03\/Se-voce-comprar-uma-maquina-de-conteiner-300x300.webp 300w, https:\/\/cortesolda.com.br\/por\/wp-content\/uploads\/2025\/03\/Se-voce-comprar-uma-maquina-de-conteiner-150x150.webp 150w, https:\/\/cortesolda.com.br\/por\/wp-content\/uploads\/2025\/03\/Se-voce-comprar-uma-maquina-de-conteiner-430x430.webp 430w\" sizes=\"(max-width: 450px) 100vw, 450px\" \/><br \/>\nSe voc\u00ea comprar apenas uma m\u00e1quina, embalaremos a m\u00e1quina com embalagem de madeira e carregaremos o cont\u00eainer com<strong>\u00a0<\/strong><strong>Menos que a carga do cont\u00eainer (LCL).<\/strong><\/p>\n<p><img loading=\"lazy\" decoding=\"async\" class=\"alignnone wp-image-30850\" src=\"https:\/\/cortesolda.com.br\/por\/wp-content\/uploads\/2025\/03\/Menos-que-a-carga-do-conteiner-LCL.webp\" alt=\"\" width=\"450\" height=\"338\" srcset=\"https:\/\/cortesolda.com.br\/por\/wp-content\/uploads\/2025\/03\/Menos-que-a-carga-do-conteiner-LCL.webp 992w, https:\/\/cortesolda.com.br\/por\/wp-content\/uploads\/2025\/03\/Menos-que-a-carga-do-conteiner-LCL-400x300.webp 400w, https:\/\/cortesolda.com.br\/por\/wp-content\/uploads\/2025\/03\/Menos-que-a-carga-do-conteiner-LCL-768x576.webp 768w, https:\/\/cortesolda.com.br\/por\/wp-content\/uploads\/2025\/03\/Menos-que-a-carga-do-conteiner-LCL-430x323.webp 430w, https:\/\/cortesolda.com.br\/por\/wp-content\/uploads\/2025\/03\/Menos-que-a-carga-do-conteiner-LCL-700x525.webp 700w, https:\/\/cortesolda.com.br\/por\/wp-content\/uploads\/2025\/03\/Menos-que-a-carga-do-conteiner-LCL-150x113.webp 150w\" sizes=\"(max-width: 450px) 100vw, 450px\" \/><\/p>\n<p>Nosso cooperador de pe\u00e7as principais como a seguinte marca, mas pe\u00e7as padr\u00e3o todas fabricadas na China.<\/p>\n<p><img loading=\"lazy\" decoding=\"async\" class=\"wp-image-30678\" src=\"https:\/\/cortesolda.com.br\/por\/wp-content\/uploads\/2025\/03\/Nosso-principal-parceiro-de-pecas-e-a-seguinte-marca.jpg\" alt=\"Nosso principal parceiro de pe\u00e7as \u00e9 a seguinte marca\" width=\"450\" height=\"259\" srcset=\"https:\/\/cortesolda.com.br\/por\/wp-content\/uploads\/2025\/03\/Nosso-principal-parceiro-de-pecas-e-a-seguinte-marca.jpg 875w, https:\/\/cortesolda.com.br\/por\/wp-content\/uploads\/2025\/03\/Nosso-principal-parceiro-de-pecas-e-a-seguinte-marca-400x230.jpg 400w, https:\/\/cortesolda.com.br\/por\/wp-content\/uploads\/2025\/03\/Nosso-principal-parceiro-de-pecas-e-a-seguinte-marca-768x442.jpg 768w, https:\/\/cortesolda.com.br\/por\/wp-content\/uploads\/2025\/03\/Nosso-principal-parceiro-de-pecas-e-a-seguinte-marca-430x248.jpg 430w, https:\/\/cortesolda.com.br\/por\/wp-content\/uploads\/2025\/03\/Nosso-principal-parceiro-de-pecas-e-a-seguinte-marca-700x403.jpg 700w, https:\/\/cortesolda.com.br\/por\/wp-content\/uploads\/2025\/03\/Nosso-principal-parceiro-de-pecas-e-a-seguinte-marca-150x86.jpg 150w\" sizes=\"(max-width: 450px) 100vw, 450px\" \/><\/p>\n<p>Nosso principal parceiro de pe\u00e7as \u00e9 a seguinte marcaComo encontrar polietileno para extrus\u00e3o de filme soprado.<br \/>\nA extrus\u00e3o de filme de extrus\u00e3o usa polietileno, como<strong>\u00a0<\/strong><\/p>\n<p><strong>Polietileno de Baixa Densidade (LDPE), Polietileno de Alta Densidade (HDPE) e Polietileno Linear de Baixa Densidade (LLDPE), Polipropileno (PP).<\/strong><br \/>\nAbaixo est\u00e3o os fornecedores de materiais de grandes marcas no mundo, eles abrem escrit\u00f3rios em todo o mundo, voc\u00ea pode verific\u00e1-los no mercado local.<br \/>\n1.<a href=\"http:\/\/www.sabic.com\/\" rel=\"noopener\"><strong><u>Sabic Saudi Basic Industries Corporation<\/u><\/strong><\/a><br \/>\n2.<a href=\"http:\/\/www.exxonmobilchemical.com\/\" rel=\"noopener\"><strong><u>ExxonMobil Chemical Company<\/u><\/strong><\/a><br \/>\n3.<a href=\"http:\/\/www.dow.com\/\" rel=\"noopener\"><strong><u>Dow Chemical Company<\/u><\/strong><\/a><strong>\u00a0<\/strong><\/p>\n<p><img loading=\"lazy\" decoding=\"async\" class=\"alignnone wp-image-30728\" src=\"https:\/\/cortesolda.com.br\/por\/wp-content\/uploads\/2025\/03\/Fornecedores-de-materia-prima-de-polietileno.jpg\" alt=\"Fornecedores de mat\u00e9ria prima de polietileno\" width=\"450\" height=\"450\" srcset=\"https:\/\/cortesolda.com.br\/por\/wp-content\/uploads\/2025\/03\/Fornecedores-de-materia-prima-de-polietileno.jpg 400w, https:\/\/cortesolda.com.br\/por\/wp-content\/uploads\/2025\/03\/Fornecedores-de-materia-prima-de-polietileno-300x300.jpg 300w, https:\/\/cortesolda.com.br\/por\/wp-content\/uploads\/2025\/03\/Fornecedores-de-materia-prima-de-polietileno-150x150.jpg 150w\" sizes=\"(max-width: 450px) 100vw, 450px\" \/><\/p>\n<div class=\"product-tab-desc\">\n<div id=\"attachment_29719\" class=\"wp-caption alignnone\">\n<div id=\"attachment_30682\" class=\"wp-caption alignnone\" style=\"width: 448px;\">\n<div id=\"attachment_30728\" class=\"wp-caption alignnone\" style=\"width: 442px;\">\n<p id=\"caption-attachment-30728\" class=\"wp-caption-text\">f\u00e1brica do cliente<\/p>\n<div id=\"attachment_30768\" style=\"width: 460px\" class=\"wp-caption alignnone\"><img loading=\"lazy\" decoding=\"async\" aria-describedby=\"caption-attachment-30768\" class=\"wp-image-30768\" src=\"https:\/\/cortesolda.com.br\/por\/wp-content\/uploads\/2025\/03\/instalar-maquina-de-filme-stretch-na-fabrica-do-clientes.jpg\" alt=\"instalar m\u00e1quina de filme stretch na f\u00e1brica do cliente.\" width=\"450\" height=\"450\" srcset=\"https:\/\/cortesolda.com.br\/por\/wp-content\/uploads\/2025\/03\/instalar-maquina-de-filme-stretch-na-fabrica-do-clientes.jpg 468w, https:\/\/cortesolda.com.br\/por\/wp-content\/uploads\/2025\/03\/instalar-maquina-de-filme-stretch-na-fabrica-do-clientes-300x300.jpg 300w, https:\/\/cortesolda.com.br\/por\/wp-content\/uploads\/2025\/03\/instalar-maquina-de-filme-stretch-na-fabrica-do-clientes-150x150.jpg 150w, https:\/\/cortesolda.com.br\/por\/wp-content\/uploads\/2025\/03\/instalar-maquina-de-filme-stretch-na-fabrica-do-clientes-430x430.jpg 430w\" sizes=\"(max-width: 450px) 100vw, 450px\" \/><p id=\"caption-attachment-30768\" class=\"wp-caption-text\">instalar m\u00e1quina de filme stretch na f\u00e1brica do cliente.<\/p><\/div>\n<\/div>\n<div class=\"product-tab-desc\">\n<div id=\"attachment_29712\" class=\"wp-caption alignnone\">\n<div id=\"attachment_30680\" class=\"wp-caption alignnone\" style=\"width: 450px;\">\n<p><img loading=\"lazy\" decoding=\"async\" class=\" wp-image-30680\" src=\"https:\/\/cortesolda.com.br\/por\/wp-content\/uploads\/2025\/03\/fornecedor-de-pecas-plasticas-para-maquinas.webp\" sizes=\"(max-width: 466px) 100vw, 466px\" srcset=\"https:\/\/cortesolda.com.br\/por\/wp-content\/uploads\/2025\/03\/fornecedor-de-pecas-plasticas-para-maquinas.webp 497w, https:\/\/cortesolda.com.br\/por\/wp-content\/uploads\/2025\/03\/fornecedor-de-pecas-plasticas-para-maquinas-300x300.webp 300w, https:\/\/cortesolda.com.br\/por\/wp-content\/uploads\/2025\/03\/fornecedor-de-pecas-plasticas-para-maquinas-150x150.webp 150w, https:\/\/cortesolda.com.br\/por\/wp-content\/uploads\/2025\/03\/fornecedor-de-pecas-plasticas-para-maquinas-430x430.webp 430w\" alt=\"fornecedor de pe\u00e7as pl\u00e1sticas para m\u00e1quinas\" width=\"450\" height=\"450\" aria-describedby=\"caption-attachment-30680\" \/><\/p>\n<p id=\"caption-attachment-30680\" class=\"wp-caption-text\">f\u00e1brica do cliente<\/p>\n<\/div>\n<\/div>\n<div id=\"attachment_29712\" class=\"wp-caption alignnone\">\n<div id=\"attachment_30681\" class=\"wp-caption alignnone\" style=\"width: 455px;\">\n<p><img loading=\"lazy\" decoding=\"async\" class=\" wp-image-30681\" src=\"https:\/\/cortesolda.com.br\/por\/wp-content\/uploads\/2025\/03\/fabrica-do-cliente.webp\" sizes=\"(max-width: 467px) 100vw, 467px\" srcset=\"https:\/\/cortesolda.com.br\/por\/wp-content\/uploads\/2025\/03\/fabrica-do-cliente.webp 467w, https:\/\/cortesolda.com.br\/por\/wp-content\/uploads\/2025\/03\/fabrica-do-cliente-296x300.webp 296w, https:\/\/cortesolda.com.br\/por\/wp-content\/uploads\/2025\/03\/fabrica-do-cliente-430x436.webp 430w, https:\/\/cortesolda.com.br\/por\/wp-content\/uploads\/2025\/03\/fabrica-do-cliente-150x152.webp 150w\" alt=\"f\u00e1brica do cliente \" width=\"455\" height=\"462\" aria-describedby=\"caption-attachment-30681\" \/><\/p>\n<p id=\"caption-attachment-30681\" class=\"wp-caption-text\">m\u00e1quinas exportadas para todo o mundo.<\/p>\n<\/div>\n<\/div>\n<div id=\"attachment_29719\" class=\"wp-caption alignnone\">\n<div id=\"attachment_30682\" class=\"wp-caption alignnone\" style=\"width: 450px;\">\n<p><img loading=\"lazy\" decoding=\"async\" class=\" wp-image-30682\" src=\"https:\/\/cortesolda.com.br\/por\/wp-content\/uploads\/2025\/03\/maquinas-exportadas-para-todo-o-mundo.webp\" sizes=\"(max-width: 468px) 100vw, 468px\" srcset=\"https:\/\/cortesolda.com.br\/por\/wp-content\/uploads\/2025\/03\/maquinas-exportadas-para-todo-o-mundo.webp 800w, https:\/\/cortesolda.com.br\/por\/wp-content\/uploads\/2025\/03\/maquinas-exportadas-para-todo-o-mundo-400x202.webp 400w, https:\/\/cortesolda.com.br\/por\/wp-content\/uploads\/2025\/03\/maquinas-exportadas-para-todo-o-mundo-768x387.webp 768w, https:\/\/cortesolda.com.br\/por\/wp-content\/uploads\/2025\/03\/maquinas-exportadas-para-todo-o-mundo-430x217.webp 430w, https:\/\/cortesolda.com.br\/por\/wp-content\/uploads\/2025\/03\/maquinas-exportadas-para-todo-o-mundo-700x353.webp 700w, https:\/\/cortesolda.com.br\/por\/wp-content\/uploads\/2025\/03\/maquinas-exportadas-para-todo-o-mundo-150x76.webp 150w\" alt=\"m\u00e1quinas exportadas para todo o mundo.\" width=\"450\" height=\"227\" aria-describedby=\"caption-attachment-30682\" \/><\/p>\n<p id=\"caption-attachment-30682\" class=\"wp-caption-text\">Processo de produ\u00e7\u00e3o de sacolas pl\u00e1sticas<\/p>\n<\/div>\n<\/div>\n<div id=\"attachment_29720\" class=\"wp-caption alignnone\" style=\"width: 453px;\">\n<p><img loading=\"lazy\" decoding=\"async\" class=\" wp-image-30683\" src=\"https:\/\/cortesolda.com.br\/por\/wp-content\/uploads\/2025\/03\/Processo-de-producao-de-sacolas-plasticas.webp\" sizes=\"(max-width: 467px) 100vw, 467px\" srcset=\"https:\/\/cortesolda.com.br\/por\/wp-content\/uploads\/2025\/03\/Processo-de-producao-de-sacolas-plasticas.webp 1038w, https:\/\/cortesolda.com.br\/por\/wp-content\/uploads\/2025\/03\/Processo-de-producao-de-sacolas-plasticas-315x300.webp 315w, https:\/\/cortesolda.com.br\/por\/wp-content\/uploads\/2025\/03\/Processo-de-producao-de-sacolas-plasticas-840x800.webp 840w, https:\/\/cortesolda.com.br\/por\/wp-content\/uploads\/2025\/03\/Processo-de-producao-de-sacolas-plasticas-768x732.webp 768w, https:\/\/cortesolda.com.br\/por\/wp-content\/uploads\/2025\/03\/Processo-de-producao-de-sacolas-plasticas-430x410.webp 430w, https:\/\/cortesolda.com.br\/por\/wp-content\/uploads\/2025\/03\/Processo-de-producao-de-sacolas-plasticas-700x667.webp 700w, https:\/\/cortesolda.com.br\/por\/wp-content\/uploads\/2025\/03\/Processo-de-producao-de-sacolas-plasticas-150x143.webp 150w\" alt=\"Processo de produ\u00e7\u00e3o de sacolas pl\u00e1sticas\" width=\"453\" height=\"432\" \/><\/p>\n<\/div>\n<\/div>\n<\/div>\n<\/div>\n<\/div>\n<\/div>\n<div>\n<div><\/div>\n<\/div>\n<p>&nbsp;<\/p>\n<\/div>\n<\/div>\n","protected":false},"excerpt":{"rendered":"<p>Corte e Solda Saco d<\/p>\n","protected":false},"featured_media":29952,"comment_status":"closed","ping_status":"closed","template":"","meta":{"_acf_changed":false,"_oss_video_url":""},"product_brand":[],"product_cat":[75],"product_tag":[],"class_list":{"0":"post-29950","1":"product","2":"type-product","3":"status-publish","4":"has-post-thumbnail","6":"product_cat-maquina-de-sacolas","8":"first","9":"instock","10":"shipping-taxable","11":"product-type-simple"},"acf":[],"_links":{"self":[{"href":"https:\/\/cortesolda.com.br\/por\/wp-json\/wp\/v2\/product\/29950","targetHints":{"allow":["GET"]}}],"collection":[{"href":"https:\/\/cortesolda.com.br\/por\/wp-json\/wp\/v2\/product"}],"about":[{"href":"https:\/\/cortesolda.com.br\/por\/wp-json\/wp\/v2\/types\/product"}],"replies":[{"embeddable":true,"href":"https:\/\/cortesolda.com.br\/por\/wp-json\/wp\/v2\/comments?post=29950"}],"version-history":[{"count":0,"href":"https:\/\/cortesolda.com.br\/por\/wp-json\/wp\/v2\/product\/29950\/revisions"}],"wp:featuredmedia":[{"embeddable":true,"href":"https:\/\/cortesolda.com.br\/por\/wp-json\/wp\/v2\/media\/29952"}],"wp:attachment":[{"href":"https:\/\/cortesolda.com.br\/por\/wp-json\/wp\/v2\/media?parent=29950"}],"wp:term":[{"taxonomy":"product_brand","embeddable":true,"href":"https:\/\/cortesolda.com.br\/por\/wp-json\/wp\/v2\/product_brand?post=29950"},{"taxonomy":"product_cat","embeddable":true,"href":"https:\/\/cortesolda.com.br\/por\/wp-json\/wp\/v2\/product_cat?post=29950"},{"taxonomy":"product_tag","embeddable":true,"href":"https:\/\/cortesolda.com.br\/por\/wp-json\/wp\/v2\/product_tag?post=29950"}],"curies":[{"name":"wp","href":"https:\/\/api.w.org\/{rel}","templated":true}]}}