{"id":29953,"date":"2025-03-28T14:12:19","date_gmt":"2025-03-28T06:12:19","guid":{"rendered":"https:\/\/hotpink-lyrebird-701956.hostingersite.com\/?post_type=product&#038;p=29953"},"modified":"2025-07-27T18:07:57","modified_gmt":"2025-07-27T10:07:57","slug":"maquina-de-fazer-sacola-biodegradaveis-tipo-camiseta","status":"publish","type":"product","link":"https:\/\/cortesolda.com.br\/por\/maquina-de-fazer-sacola-biodegradaveis-tipo-camiseta","title":{"rendered":"M\u00e1quina de fazer sacola biodegrad\u00e1veis tipo camiseta"},"content":{"rendered":"<div id=\"tab-desc\" class=\"tab-pane active\" role=\"tabpanel\">\n<div class=\"ProductAttr\">\n<div class=\"ProductAttrItem\">\n<div class=\"ProductAttr-title\" data-rm-block-id=\"block-1\"><strong>M\u00e1quina de fazer sacola biodegrad\u00e1veis tipo camiseta<\/strong><\/div>\n<\/div>\n<\/div>\n<div class=\"product-tab-desc\">\n<p data-rm-block-id=\"block-2\">A M\u00e1quina de fazer sacola biodegrad\u00e1veis tipo camiseta \u200b\u200b\u00e9 aplicada na fabrica\u00e7\u00e3o e impress\u00e3o de sacolas de coletes incolores feitas de HDPE, filme de PEBD com materiais reciclados ou biodegrad\u00e1veis.<\/p>\n<div id=\"attachment_30783\" style=\"width: 303px\" class=\"wp-caption alignnone\"><img fetchpriority=\"high\" decoding=\"async\" aria-describedby=\"caption-attachment-30783\" class=\" wp-image-30783\" src=\"https:\/\/cortesolda.com.br\/por\/wp-content\/uploads\/2025\/03\/ECO-Biodegradavel-Sacolas.webp\" alt=\"ECO Biodegrad\u00e1vel Sacolas\" width=\"293\" height=\"293\" srcset=\"https:\/\/cortesolda.com.br\/por\/wp-content\/uploads\/2025\/03\/ECO-Biodegradavel-Sacolas.webp 800w, https:\/\/cortesolda.com.br\/por\/wp-content\/uploads\/2025\/03\/ECO-Biodegradavel-Sacolas-300x300.webp 300w, https:\/\/cortesolda.com.br\/por\/wp-content\/uploads\/2025\/03\/ECO-Biodegradavel-Sacolas-150x150.webp 150w, https:\/\/cortesolda.com.br\/por\/wp-content\/uploads\/2025\/03\/ECO-Biodegradavel-Sacolas-768x768.webp 768w, https:\/\/cortesolda.com.br\/por\/wp-content\/uploads\/2025\/03\/ECO-Biodegradavel-Sacolas-430x430.webp 430w, https:\/\/cortesolda.com.br\/por\/wp-content\/uploads\/2025\/03\/ECO-Biodegradavel-Sacolas-700x700.webp 700w\" sizes=\"(max-width: 293px) 100vw, 293px\" \/><p id=\"caption-attachment-30783\" class=\"wp-caption-text\">ECO Biodegrad\u00e1vel Sacolas<\/p><\/div>\n<ul>\n<li data-rm-block-id=\"block-3\"><img decoding=\"async\" class=\"\" src=\"https:\/\/shopic.mcmcclass.com\/20211228153227921251898.png?1640676748586\" width=\"277\" height=\"201\" \/><\/li>\n<\/ul>\n<p data-rm-block-id=\"block-4\">Principais Vari\u00e1veis \u200b\u200bT\u00e9cnicas:<\/p>\n<div>\n<table>\n<tbody>\n<tr>\n<td width=\"202\" data-rm-block-id=\"block-5\">Modelo<\/td>\n<td width=\"413\" data-rm-block-id=\"block-6\">DFHQ-450X2<\/td>\n<\/tr>\n<tr>\n<td width=\"202\" data-rm-block-id=\"block-7\">Largura m\u00e1xima do saco<\/td>\n<td width=\"413\" data-rm-block-id=\"block-8\">400mmX2<\/td>\n<\/tr>\n<tr>\n<td width=\"202\" data-rm-block-id=\"block-9\">Comprimento m\u00e1ximo do saco<\/td>\n<td width=\"413\" data-rm-block-id=\"block-10\">650mm<\/td>\n<\/tr>\n<tr>\n<td width=\"202\" data-rm-block-id=\"block-11\">Linha<\/td>\n<td width=\"413\" data-rm-block-id=\"block-12\">2 linhas<\/td>\n<\/tr>\n<tr>\n<td width=\"202\" data-rm-block-id=\"block-13\">Espessura do saco<\/td>\n<td width=\"413\" data-rm-block-id=\"block-14\">0,015-0,035 mm<\/td>\n<\/tr>\n<tr>\n<td width=\"202\" data-rm-block-id=\"block-15\">Saco impresso<\/td>\n<td width=\"413\" data-rm-block-id=\"block-16\">Pode produzir saco impresso e sem saco impresso<\/td>\n<\/tr>\n<tr>\n<td width=\"202\" data-rm-block-id=\"block-17\">Material da bolsa<\/td>\n<td width=\"413\" data-rm-block-id=\"block-18\">LDPE,HDPE,LLDPE,reciclar filme,filme biodegrad\u00e1vel<\/td>\n<\/tr>\n<tr>\n<td width=\"202\" data-rm-block-id=\"block-19\">Saco<\/td>\n<td width=\"413\" data-rm-block-id=\"block-20\">Bolsa de camiseta, sacola de compras, sacola de super mercado, sacola KFC<\/td>\n<\/tr>\n<tr>\n<td width=\"202\" data-rm-block-id=\"block-21\">Cor da Bolsa<\/td>\n<td width=\"413\" data-rm-block-id=\"block-22\">Transparente, preto, vermelho, branco, azul\u2026 cor do saco alterada por masterbatch de cores<\/td>\n<\/tr>\n<tr>\n<td width=\"202\" data-rm-block-id=\"block-23\">Velocidade da m\u00e1quina<\/td>\n<td width=\"413\" data-rm-block-id=\"block-24\">140-200pcs\/minX2<\/td>\n<\/tr>\n<tr>\n<td width=\"202\" data-rm-block-id=\"block-25\">Press\u00e3o do ar<\/td>\n<td width=\"413\" data-rm-block-id=\"block-26\">5kg\/cm2<\/td>\n<\/tr>\n<tr>\n<td width=\"202\" data-rm-block-id=\"block-27\">Poder total<\/td>\n<td width=\"413\" data-rm-block-id=\"block-28\">9kw<\/td>\n<\/tr>\n<tr>\n<td width=\"202\" data-rm-block-id=\"block-29\">Peso da m\u00e1quina<\/td>\n<td width=\"413\" data-rm-block-id=\"block-30\">1600kg<\/td>\n<\/tr>\n<tr>\n<td width=\"202\" data-rm-block-id=\"block-31\">Dimens\u00e3o total<\/td>\n<td width=\"413\" data-rm-block-id=\"block-32\">6X1,4X1,6m (CXLXA)<\/td>\n<\/tr>\n<tr>\n<td width=\"202\" data-rm-block-id=\"block-33\">Tens\u00e3o de energia<\/td>\n<td width=\"413\" data-rm-block-id=\"block-34\">220 V, 380 V, 440 V, 480 V (Personalizado com base no pedido, Por exemplo: EUA 480 V 60 Hz, M\u00e9xico 440 V\/220 V 60 Hz, Ar\u00e1bia Saudita 380 V 60 Hz, Nig\u00e9ria 415 V 50 Hz&#8230;)<\/td>\n<\/tr>\n<tr>\n<td width=\"202\" data-rm-block-id=\"block-35\">Di\u00e2metro do n\u00facleo do material<\/td>\n<td width=\"413\" data-rm-block-id=\"block-36\">76mm<\/td>\n<\/tr>\n<tr>\n<td width=\"202\" data-rm-block-id=\"block-37\">Tempo de trabalho da m\u00e1quina<\/td>\n<td width=\"413\" data-rm-block-id=\"block-38\">24 horas * 7 dias<\/td>\n<\/tr>\n<tr>\n<td width=\"202\" data-rm-block-id=\"block-39\">garantia<\/td>\n<td width=\"413\" data-rm-block-id=\"block-40\">1 ano<\/td>\n<\/tr>\n<tr>\n<td width=\"202\" data-rm-block-id=\"block-41\">Assist\u00eancia t\u00e9cnica<\/td>\n<td width=\"413\" data-rm-block-id=\"block-42\">Engenheiros dispon\u00edveis para atender m\u00e1quinas no exterior<\/td>\n<\/tr>\n<\/tbody>\n<\/table>\n<p data-rm-block-id=\"block-43\">\u203bAs especifica\u00e7\u00f5es corretas dependem do modelo real. Todas as especifica\u00e7\u00f5es est\u00e3o sujeitas a altera\u00e7\u00f5es sem aviso pr\u00e9vio.<\/p>\n<p data-rm-block-id=\"block-44\">Instalar m\u00e1quinas na Ar\u00e1bia Saudita.<\/p>\n<p data-rm-block-id=\"block-45\"><img decoding=\"async\" class=\"alignnone wp-image-30852\" src=\"https:\/\/cortesolda.com.br\/por\/wp-content\/uploads\/2025\/03\/Instalar-maquinas-na-Arabia-Saudita.webp\" alt=\"\" width=\"450\" height=\"338\" srcset=\"https:\/\/cortesolda.com.br\/por\/wp-content\/uploads\/2025\/03\/Instalar-maquinas-na-Arabia-Saudita.webp 700w, https:\/\/cortesolda.com.br\/por\/wp-content\/uploads\/2025\/03\/Instalar-maquinas-na-Arabia-Saudita-400x300.webp 400w, https:\/\/cortesolda.com.br\/por\/wp-content\/uploads\/2025\/03\/Instalar-maquinas-na-Arabia-Saudita-430x323.webp 430w, https:\/\/cortesolda.com.br\/por\/wp-content\/uploads\/2025\/03\/Instalar-maquinas-na-Arabia-Saudita-150x113.webp 150w\" sizes=\"(max-width: 450px) 100vw, 450px\" \/><\/p>\n<p data-rm-block-id=\"block-46\">Se voc\u00ea comprar uma m\u00e1quina de cont\u00eainer, embalaremos a m\u00e1quina com filme estir\u00e1vel e carregaremos o cont\u00eainer diretamente<strong>(carga completa do cont\u00eainer FCL).<\/strong><br \/>\n<img loading=\"lazy\" decoding=\"async\" class=\"alignnone wp-image-30851\" src=\"https:\/\/cortesolda.com.br\/por\/wp-content\/uploads\/2025\/03\/Se-voce-comprar-uma-maquina-de-conteiner.webp\" alt=\"\" width=\"450\" height=\"450\" srcset=\"https:\/\/cortesolda.com.br\/por\/wp-content\/uploads\/2025\/03\/Se-voce-comprar-uma-maquina-de-conteiner.webp 497w, https:\/\/cortesolda.com.br\/por\/wp-content\/uploads\/2025\/03\/Se-voce-comprar-uma-maquina-de-conteiner-300x300.webp 300w, https:\/\/cortesolda.com.br\/por\/wp-content\/uploads\/2025\/03\/Se-voce-comprar-uma-maquina-de-conteiner-150x150.webp 150w, https:\/\/cortesolda.com.br\/por\/wp-content\/uploads\/2025\/03\/Se-voce-comprar-uma-maquina-de-conteiner-430x430.webp 430w\" sizes=\"(max-width: 450px) 100vw, 450px\" \/><br \/>\nSe voc\u00ea comprar apenas uma m\u00e1quina, embalaremos a m\u00e1quina com embalagem de madeira e carregaremos o cont\u00eainer com<strong>\u00a0<\/strong><strong>Menos que a carga do cont\u00eainer (LCL).<\/strong><\/p>\n<p data-rm-block-id=\"block-47\"><img loading=\"lazy\" decoding=\"async\" class=\"alignnone wp-image-30850\" src=\"https:\/\/cortesolda.com.br\/por\/wp-content\/uploads\/2025\/03\/Menos-que-a-carga-do-conteiner-LCL.webp\" alt=\"\" width=\"450\" height=\"338\" srcset=\"https:\/\/cortesolda.com.br\/por\/wp-content\/uploads\/2025\/03\/Menos-que-a-carga-do-conteiner-LCL.webp 992w, https:\/\/cortesolda.com.br\/por\/wp-content\/uploads\/2025\/03\/Menos-que-a-carga-do-conteiner-LCL-400x300.webp 400w, https:\/\/cortesolda.com.br\/por\/wp-content\/uploads\/2025\/03\/Menos-que-a-carga-do-conteiner-LCL-768x576.webp 768w, https:\/\/cortesolda.com.br\/por\/wp-content\/uploads\/2025\/03\/Menos-que-a-carga-do-conteiner-LCL-430x323.webp 430w, https:\/\/cortesolda.com.br\/por\/wp-content\/uploads\/2025\/03\/Menos-que-a-carga-do-conteiner-LCL-700x525.webp 700w, https:\/\/cortesolda.com.br\/por\/wp-content\/uploads\/2025\/03\/Menos-que-a-carga-do-conteiner-LCL-150x113.webp 150w\" sizes=\"(max-width: 450px) 100vw, 450px\" \/><\/p>\n<p data-rm-block-id=\"block-48\">Nosso cooperador de pe\u00e7as principais como a seguinte marca, mas pe\u00e7as padr\u00e3o todas fabricadas na China.<\/p>\n<p data-rm-block-id=\"block-49\"><img loading=\"lazy\" decoding=\"async\" class=\"wp-image-30678\" src=\"https:\/\/cortesolda.com.br\/por\/wp-content\/uploads\/2025\/03\/Nosso-principal-parceiro-de-pecas-e-a-seguinte-marca.jpg\" alt=\"Nosso principal parceiro de pe\u00e7as \u00e9 a seguinte marca\" width=\"450\" height=\"259\" srcset=\"https:\/\/cortesolda.com.br\/por\/wp-content\/uploads\/2025\/03\/Nosso-principal-parceiro-de-pecas-e-a-seguinte-marca.jpg 875w, https:\/\/cortesolda.com.br\/por\/wp-content\/uploads\/2025\/03\/Nosso-principal-parceiro-de-pecas-e-a-seguinte-marca-400x230.jpg 400w, https:\/\/cortesolda.com.br\/por\/wp-content\/uploads\/2025\/03\/Nosso-principal-parceiro-de-pecas-e-a-seguinte-marca-768x442.jpg 768w, https:\/\/cortesolda.com.br\/por\/wp-content\/uploads\/2025\/03\/Nosso-principal-parceiro-de-pecas-e-a-seguinte-marca-430x248.jpg 430w, https:\/\/cortesolda.com.br\/por\/wp-content\/uploads\/2025\/03\/Nosso-principal-parceiro-de-pecas-e-a-seguinte-marca-700x403.jpg 700w, https:\/\/cortesolda.com.br\/por\/wp-content\/uploads\/2025\/03\/Nosso-principal-parceiro-de-pecas-e-a-seguinte-marca-150x86.jpg 150w\" sizes=\"(max-width: 450px) 100vw, 450px\" \/><\/p>\n<p data-rm-block-id=\"block-50\">Nosso principal parceiro de pe\u00e7as \u00e9 a seguinte marcaComo encontrar polietileno para extrus\u00e3o de filme soprado.<br \/>\nA extrus\u00e3o de filme de extrus\u00e3o usa polietileno, como<strong>\u00a0<\/strong><\/p>\n<p data-rm-block-id=\"block-51\"><strong>Polietileno de Baixa Densidade (LDPE), Polietileno de Alta Densidade (HDPE) e Polietileno Linear de Baixa Densidade (LLDPE), Polipropileno (PP).<\/strong><br \/>\nAbaixo est\u00e3o os fornecedores de materiais de grandes marcas no mundo, eles abrem escrit\u00f3rios em todo o mundo, voc\u00ea pode verific\u00e1-los no mercado local.<br \/>\n1.<a href=\"http:\/\/www.sabic.com\/\" rel=\"noopener\"><strong><u>Sabic Saudi Basic Industries Corporation<\/u><\/strong><\/a><br \/>\n2.<a href=\"http:\/\/www.exxonmobilchemical.com\/\" rel=\"noopener\"><strong><u>ExxonMobil Chemical Company<\/u><\/strong><\/a><br \/>\n3.<a href=\"http:\/\/www.dow.com\/\" rel=\"noopener\"><strong><u>Dow Chemical Company<\/u><\/strong><\/a><strong>\u00a0<\/strong><\/p>\n<p data-rm-block-id=\"block-52\"><img loading=\"lazy\" decoding=\"async\" class=\"alignnone wp-image-30728\" src=\"https:\/\/cortesolda.com.br\/por\/wp-content\/uploads\/2025\/03\/Fornecedores-de-materia-prima-de-polietileno.jpg\" alt=\"Fornecedores de mat\u00e9ria prima de polietileno\" width=\"450\" height=\"450\" srcset=\"https:\/\/cortesolda.com.br\/por\/wp-content\/uploads\/2025\/03\/Fornecedores-de-materia-prima-de-polietileno.jpg 400w, https:\/\/cortesolda.com.br\/por\/wp-content\/uploads\/2025\/03\/Fornecedores-de-materia-prima-de-polietileno-300x300.jpg 300w, https:\/\/cortesolda.com.br\/por\/wp-content\/uploads\/2025\/03\/Fornecedores-de-materia-prima-de-polietileno-150x150.jpg 150w\" sizes=\"(max-width: 450px) 100vw, 450px\" \/><\/p>\n<div class=\"product-tab-desc\">\n<div id=\"attachment_29719\" class=\"wp-caption alignnone\" data-rm-block-id=\"block-62\">\n<div id=\"attachment_30682\" class=\"wp-caption alignnone\" style=\"width: 448px;\">\n<div id=\"attachment_30728\" class=\"wp-caption alignnone\" style=\"width: 442px;\">\n<p id=\"caption-attachment-30728\" class=\"wp-caption-text\" data-rm-block-id=\"block-53\">f\u00e1brica do cliente<\/p>\n<div id=\"attachment_30768\" style=\"width: 460px\" class=\"wp-caption alignnone\"><img loading=\"lazy\" decoding=\"async\" aria-describedby=\"caption-attachment-30768\" class=\"wp-image-30768\" src=\"https:\/\/cortesolda.com.br\/por\/wp-content\/uploads\/2025\/03\/instalar-maquina-de-filme-stretch-na-fabrica-do-clientes.jpg\" alt=\"instalar m\u00e1quina de filme stretch na f\u00e1brica do cliente.\" width=\"450\" height=\"450\" srcset=\"https:\/\/cortesolda.com.br\/por\/wp-content\/uploads\/2025\/03\/instalar-maquina-de-filme-stretch-na-fabrica-do-clientes.jpg 468w, https:\/\/cortesolda.com.br\/por\/wp-content\/uploads\/2025\/03\/instalar-maquina-de-filme-stretch-na-fabrica-do-clientes-300x300.jpg 300w, https:\/\/cortesolda.com.br\/por\/wp-content\/uploads\/2025\/03\/instalar-maquina-de-filme-stretch-na-fabrica-do-clientes-150x150.jpg 150w, https:\/\/cortesolda.com.br\/por\/wp-content\/uploads\/2025\/03\/instalar-maquina-de-filme-stretch-na-fabrica-do-clientes-430x430.jpg 430w\" sizes=\"(max-width: 450px) 100vw, 450px\" \/><p id=\"caption-attachment-30768\" class=\"wp-caption-text\">instalar m\u00e1quina de filme stretch na f\u00e1brica do cliente.<\/p><\/div>\n<\/div>\n<div class=\"product-tab-desc\">\n<div id=\"attachment_29712\" class=\"wp-caption alignnone\" data-rm-block-id=\"block-60\">\n<div id=\"attachment_30680\" class=\"wp-caption alignnone\" style=\"width: 450px;\">\n<p data-rm-block-id=\"block-54\"><img loading=\"lazy\" decoding=\"async\" class=\" wp-image-30680\" src=\"https:\/\/cortesolda.com.br\/por\/wp-content\/uploads\/2025\/03\/fornecedor-de-pecas-plasticas-para-maquinas.webp\" sizes=\"(max-width: 466px) 100vw, 466px\" srcset=\"https:\/\/cortesolda.com.br\/por\/wp-content\/uploads\/2025\/03\/fornecedor-de-pecas-plasticas-para-maquinas.webp 497w, https:\/\/cortesolda.com.br\/por\/wp-content\/uploads\/2025\/03\/fornecedor-de-pecas-plasticas-para-maquinas-300x300.webp 300w, https:\/\/cortesolda.com.br\/por\/wp-content\/uploads\/2025\/03\/fornecedor-de-pecas-plasticas-para-maquinas-150x150.webp 150w, https:\/\/cortesolda.com.br\/por\/wp-content\/uploads\/2025\/03\/fornecedor-de-pecas-plasticas-para-maquinas-430x430.webp 430w\" alt=\"fornecedor de pe\u00e7as pl\u00e1sticas para m\u00e1quinas\" width=\"450\" height=\"450\" aria-describedby=\"caption-attachment-30680\" \/><\/p>\n<p id=\"caption-attachment-30680\" class=\"wp-caption-text\" data-rm-block-id=\"block-55\">f\u00e1brica do cliente<\/p>\n<\/div>\n<\/div>\n<div id=\"attachment_29712\" class=\"wp-caption alignnone\" data-rm-block-id=\"block-61\">\n<div id=\"attachment_30681\" class=\"wp-caption alignnone\" style=\"width: 455px;\">\n<p data-rm-block-id=\"block-56\"><img loading=\"lazy\" decoding=\"async\" class=\" wp-image-30681\" src=\"https:\/\/cortesolda.com.br\/por\/wp-content\/uploads\/2025\/03\/fabrica-do-cliente.webp\" sizes=\"(max-width: 467px) 100vw, 467px\" srcset=\"https:\/\/cortesolda.com.br\/por\/wp-content\/uploads\/2025\/03\/fabrica-do-cliente.webp 467w, https:\/\/cortesolda.com.br\/por\/wp-content\/uploads\/2025\/03\/fabrica-do-cliente-296x300.webp 296w, https:\/\/cortesolda.com.br\/por\/wp-content\/uploads\/2025\/03\/fabrica-do-cliente-430x436.webp 430w, https:\/\/cortesolda.com.br\/por\/wp-content\/uploads\/2025\/03\/fabrica-do-cliente-150x152.webp 150w\" alt=\"f\u00e1brica do cliente \" width=\"455\" height=\"462\" aria-describedby=\"caption-attachment-30681\" \/><\/p>\n<p id=\"caption-attachment-30681\" class=\"wp-caption-text\" data-rm-block-id=\"block-57\">m\u00e1quinas exportadas para todo o mundo.<\/p>\n<\/div>\n<\/div>\n<div id=\"attachment_29719\" class=\"wp-caption alignnone\" data-rm-block-id=\"block-62\">\n<div id=\"attachment_30682\" class=\"wp-caption alignnone\" style=\"width: 450px;\">\n<p data-rm-block-id=\"block-58\"><img loading=\"lazy\" decoding=\"async\" class=\" wp-image-30682\" src=\"https:\/\/cortesolda.com.br\/por\/wp-content\/uploads\/2025\/03\/maquinas-exportadas-para-todo-o-mundo.webp\" sizes=\"(max-width: 468px) 100vw, 468px\" srcset=\"https:\/\/cortesolda.com.br\/por\/wp-content\/uploads\/2025\/03\/maquinas-exportadas-para-todo-o-mundo.webp 800w, https:\/\/cortesolda.com.br\/por\/wp-content\/uploads\/2025\/03\/maquinas-exportadas-para-todo-o-mundo-400x202.webp 400w, https:\/\/cortesolda.com.br\/por\/wp-content\/uploads\/2025\/03\/maquinas-exportadas-para-todo-o-mundo-768x387.webp 768w, https:\/\/cortesolda.com.br\/por\/wp-content\/uploads\/2025\/03\/maquinas-exportadas-para-todo-o-mundo-430x217.webp 430w, https:\/\/cortesolda.com.br\/por\/wp-content\/uploads\/2025\/03\/maquinas-exportadas-para-todo-o-mundo-700x353.webp 700w, https:\/\/cortesolda.com.br\/por\/wp-content\/uploads\/2025\/03\/maquinas-exportadas-para-todo-o-mundo-150x76.webp 150w\" alt=\"m\u00e1quinas exportadas para todo o mundo.\" width=\"450\" height=\"227\" aria-describedby=\"caption-attachment-30682\" \/><\/p>\n<p id=\"caption-attachment-30682\" class=\"wp-caption-text\" data-rm-block-id=\"block-59\">Processo de produ\u00e7\u00e3o de sacolas pl\u00e1sticas<\/p>\n<\/div>\n<\/div>\n<div id=\"attachment_29720\" class=\"wp-caption alignnone\" style=\"width: 453px;\">\n<p data-rm-block-id=\"block-60\"><img loading=\"lazy\" decoding=\"async\" class=\" wp-image-30683\" src=\"https:\/\/cortesolda.com.br\/por\/wp-content\/uploads\/2025\/03\/Processo-de-producao-de-sacolas-plasticas.webp\" sizes=\"(max-width: 467px) 100vw, 467px\" srcset=\"https:\/\/cortesolda.com.br\/por\/wp-content\/uploads\/2025\/03\/Processo-de-producao-de-sacolas-plasticas.webp 1038w, https:\/\/cortesolda.com.br\/por\/wp-content\/uploads\/2025\/03\/Processo-de-producao-de-sacolas-plasticas-315x300.webp 315w, https:\/\/cortesolda.com.br\/por\/wp-content\/uploads\/2025\/03\/Processo-de-producao-de-sacolas-plasticas-840x800.webp 840w, https:\/\/cortesolda.com.br\/por\/wp-content\/uploads\/2025\/03\/Processo-de-producao-de-sacolas-plasticas-768x732.webp 768w, https:\/\/cortesolda.com.br\/por\/wp-content\/uploads\/2025\/03\/Processo-de-producao-de-sacolas-plasticas-430x410.webp 430w, https:\/\/cortesolda.com.br\/por\/wp-content\/uploads\/2025\/03\/Processo-de-producao-de-sacolas-plasticas-700x667.webp 700w, https:\/\/cortesolda.com.br\/por\/wp-content\/uploads\/2025\/03\/Processo-de-producao-de-sacolas-plasticas-150x143.webp 150w\" alt=\"Processo de produ\u00e7\u00e3o de sacolas pl\u00e1sticas\" width=\"453\" height=\"432\" \/><\/p>\n<\/div>\n<\/div>\n<\/div>\n<\/div>\n<\/div>\n<\/div>\n<\/div>\n<\/div>\n","protected":false},"excerpt":{"rendered":"<p>M\u00e1quina autom\u00e1tica de saco de camiseta de pl\u00e1stico biodegrad\u00e1vel produz saco de camiseta, com dois motores de passo (servo motores), um computador, duas fotoc\u00e9lulas, pode produzir saco biodegrad\u00e1vel impresso e saco biodegrad\u00e1vel n\u00e3o impresso, terno para produzir saco de pl\u00e1stico biodegrad\u00e1vel, saco de PLA, PBAT saco, saco de PVA.<\/p>\n","protected":false},"featured_media":29955,"comment_status":"closed","ping_status":"closed","template":"","meta":{"_acf_changed":false,"_oss_video_url":""},"product_brand":[],"product_cat":[75],"product_tag":[],"class_list":{"0":"post-29953","1":"product","2":"type-product","3":"status-publish","4":"has-post-thumbnail","6":"product_cat-maquina-de-sacolas","8":"first","9":"instock","10":"shipping-taxable","11":"product-type-simple"},"acf":[],"_links":{"self":[{"href":"https:\/\/cortesolda.com.br\/por\/wp-json\/wp\/v2\/product\/29953","targetHints":{"allow":["GET"]}}],"collection":[{"href":"https:\/\/cortesolda.com.br\/por\/wp-json\/wp\/v2\/product"}],"about":[{"href":"https:\/\/cortesolda.com.br\/por\/wp-json\/wp\/v2\/types\/product"}],"replies":[{"embeddable":true,"href":"https:\/\/cortesolda.com.br\/por\/wp-json\/wp\/v2\/comments?post=29953"}],"version-history":[{"count":0,"href":"https:\/\/cortesolda.com.br\/por\/wp-json\/wp\/v2\/product\/29953\/revisions"}],"wp:featuredmedia":[{"embeddable":true,"href":"https:\/\/cortesolda.com.br\/por\/wp-json\/wp\/v2\/media\/29955"}],"wp:attachment":[{"href":"https:\/\/cortesolda.com.br\/por\/wp-json\/wp\/v2\/media?parent=29953"}],"wp:term":[{"taxonomy":"product_brand","embeddable":true,"href":"https:\/\/cortesolda.com.br\/por\/wp-json\/wp\/v2\/product_brand?post=29953"},{"taxonomy":"product_cat","embeddable":true,"href":"https:\/\/cortesolda.com.br\/por\/wp-json\/wp\/v2\/product_cat?post=29953"},{"taxonomy":"product_tag","embeddable":true,"href":"https:\/\/cortesolda.com.br\/por\/wp-json\/wp\/v2\/product_tag?post=29953"}],"curies":[{"name":"wp","href":"https:\/\/api.w.org\/{rel}","templated":true}]}}