{"id":29965,"date":"2025-03-28T14:16:06","date_gmt":"2025-03-28T06:16:06","guid":{"rendered":"https:\/\/hotpink-lyrebird-701956.hostingersite.com\/?post_type=product&#038;p=29965"},"modified":"2025-07-27T18:07:30","modified_gmt":"2025-07-27T10:07:30","slug":"corte-e-solda-lateral-para-sacolas-plasticas","status":"publish","type":"product","link":"https:\/\/cortesolda.com.br\/por\/corte-e-solda-lateral-para-sacolas-plasticas","title":{"rendered":"Corte e Solda Lateral Saco Plastico Adesivado BOPP"},"content":{"rendered":"<div id=\"tab-desc\" class=\"tab-pane active\" role=\"tabpanel\">\n<div class=\"ProductAttr\">\n<div class=\"ProductAttrItem\">\n<div class=\"ProductAttr-title\" data-rm-block-id=\"block-1\">Corte e Solda Lateral Saco Plastico Adesivado BOPP<\/div>\n<\/div>\n<\/div>\n<div class=\"product-tab-desc\">\n<p data-rm-block-id=\"block-2\">A Corte e Solda Lateral \u00e9 adequada para selagem a quente e corte de sacos de BOPP, PP, PE e outros materiais.Adequado para fazer bolsas de flores, bolsas triangulares e bolsas de doces.<br \/>\nEsta m\u00e1quina adota comprimento fixo de microcomputador, rastreamento fotoel\u00e9trico, limite de parada, contagem autom\u00e1tica, corre\u00e7\u00e3o autom\u00e1tica de desvio e alarme quando o n\u00famero \u00e9 alcan\u00e7ado.<br \/>\n1. O controle do microcomputador adpot da m\u00e1quina, alimenta\u00e7\u00e3o de material do motor passo a passo<br \/>\n2. Rastreamento fotoel\u00e9trico de comprimento fixo e fixo livre, corre\u00e7\u00e3o de erro fotoel\u00e9trico<br \/>\n3. Contagem autom\u00e1tica do medidor<\/p>\n<p data-rm-block-id=\"block-3\"><strong>Materiais adequados:<\/strong><br \/>\nBOPP, PP, PE, POF, CPP etc. que podem ser usados \u200b\u200bpara aquecer e cortar.<br \/>\n<strong>Produzir produtos:<\/strong><strong>\u00a0<\/strong><br \/>\nBolsa de roupas, bolsa de meias, bolsa de toalha, bolsa de p\u00e3o, bolsa de ornamentos, bolsa de roupas \u00edntimas, bolsa de artigos de papelaria, bolsa de componentes el\u00e9tricos, produtos de bambu e bolsa de carpintaria, etc.<\/p>\n<div id=\"attachment_30941\" style=\"width: 460px\" class=\"wp-caption alignnone\"><img fetchpriority=\"high\" decoding=\"async\" aria-describedby=\"caption-attachment-30941\" class=\" wp-image-30941\" src=\"https:\/\/cortesolda.com.br\/por\/wp-content\/uploads\/2025\/03\/sacos-Celofane.jpg\" alt=\"sacos Celofane\" width=\"450\" height=\"338\" srcset=\"https:\/\/cortesolda.com.br\/por\/wp-content\/uploads\/2025\/03\/sacos-Celofane.jpg 1280w, https:\/\/cortesolda.com.br\/por\/wp-content\/uploads\/2025\/03\/sacos-Celofane-400x300.jpg 400w, https:\/\/cortesolda.com.br\/por\/wp-content\/uploads\/2025\/03\/sacos-Celofane-1067x800.jpg 1067w, https:\/\/cortesolda.com.br\/por\/wp-content\/uploads\/2025\/03\/sacos-Celofane-768x576.jpg 768w, https:\/\/cortesolda.com.br\/por\/wp-content\/uploads\/2025\/03\/sacos-Celofane-430x323.jpg 430w, https:\/\/cortesolda.com.br\/por\/wp-content\/uploads\/2025\/03\/sacos-Celofane-700x525.jpg 700w, https:\/\/cortesolda.com.br\/por\/wp-content\/uploads\/2025\/03\/sacos-Celofane-150x113.jpg 150w\" sizes=\"(max-width: 450px) 100vw, 450px\" \/><p id=\"caption-attachment-30941\" class=\"wp-caption-text\">sacos Celofane<\/p><\/div>\n<div id=\"attachment_30937\" style=\"width: 530px\" class=\"wp-caption alignnone\"><img decoding=\"async\" aria-describedby=\"caption-attachment-30937\" class=\" wp-image-30937\" src=\"https:\/\/cortesolda.com.br\/por\/wp-content\/uploads\/2025\/03\/Saco-Plastico-Adesivado-BOPP.webp\" alt=\"Saco Plastico Adesivado BOPP\" width=\"520\" height=\"205\" srcset=\"https:\/\/cortesolda.com.br\/por\/wp-content\/uploads\/2025\/03\/Saco-Plastico-Adesivado-BOPP.webp 832w, https:\/\/cortesolda.com.br\/por\/wp-content\/uploads\/2025\/03\/Saco-Plastico-Adesivado-BOPP-400x158.webp 400w, https:\/\/cortesolda.com.br\/por\/wp-content\/uploads\/2025\/03\/Saco-Plastico-Adesivado-BOPP-768x303.webp 768w, https:\/\/cortesolda.com.br\/por\/wp-content\/uploads\/2025\/03\/Saco-Plastico-Adesivado-BOPP-430x170.webp 430w, https:\/\/cortesolda.com.br\/por\/wp-content\/uploads\/2025\/03\/Saco-Plastico-Adesivado-BOPP-700x276.webp 700w, https:\/\/cortesolda.com.br\/por\/wp-content\/uploads\/2025\/03\/Saco-Plastico-Adesivado-BOPP-150x59.webp 150w\" sizes=\"(max-width: 520px) 100vw, 520px\" \/><p id=\"caption-attachment-30937\" class=\"wp-caption-text\">Saco Plastico Adesivado BOPP<\/p><\/div>\n<p data-rm-block-id=\"block-4\">Principais Vari\u00e1veis \u200b\u200bT\u00e9cnicas:<\/p>\n<table style=\"width: 951px;\">\n<tbody>\n<tr>\n<td style=\"width: 169px;\" width=\"160\" data-rm-block-id=\"block-5\">Modelo<\/td>\n<td style=\"width: 127px;\" width=\"122\" data-rm-block-id=\"block-6\">RQL-600<\/td>\n<td style=\"width: 116px;\" width=\"95\" data-rm-block-id=\"block-7\">RQL-800<\/td>\n<td style=\"width: 118px;\" width=\"98\" data-rm-block-id=\"block-8\">RQL-1000<\/td>\n<td style=\"width: 132px;\" width=\"103\" data-rm-block-id=\"block-9\">RQL-1200<\/td>\n<td style=\"width: 130px;\" width=\"122\" data-rm-block-id=\"block-10\">RQL-1400<\/td>\n<td style=\"width: 118px;\" width=\"134\" data-rm-block-id=\"block-11\">RQL-1500<\/td>\n<\/tr>\n<tr>\n<td style=\"width: 169px;\" width=\"160\" data-rm-block-id=\"block-12\">Largura de veda\u00e7\u00e3o e corte<\/td>\n<td style=\"width: 127px;\" width=\"122\" data-rm-block-id=\"block-13\">580mm<\/td>\n<td style=\"width: 116px;\" width=\"95\" data-rm-block-id=\"block-14\">750mm<\/td>\n<td style=\"width: 118px;\" width=\"98\" data-rm-block-id=\"block-15\">950mm<\/td>\n<td style=\"width: 132px;\" width=\"103\" data-rm-block-id=\"block-16\">1150mm<\/td>\n<td style=\"width: 130px;\" width=\"122\" data-rm-block-id=\"block-17\">1350mm<\/td>\n<td style=\"width: 118px;\" width=\"134\" data-rm-block-id=\"block-18\">1450mm<\/td>\n<\/tr>\n<tr>\n<td style=\"width: 169px;\" width=\"160\" data-rm-block-id=\"block-19\">Comprimento de veda\u00e7\u00e3o e corte<\/td>\n<td style=\"width: 127px;\" width=\"122\" data-rm-block-id=\"block-20\">900mm<\/td>\n<td style=\"width: 116px;\" width=\"95\" data-rm-block-id=\"block-21\">900mm<\/td>\n<td style=\"width: 118px;\" width=\"98\" data-rm-block-id=\"block-22\">900mm<\/td>\n<td style=\"width: 132px;\" width=\"103\" data-rm-block-id=\"block-23\">900mm<\/td>\n<td style=\"width: 130px;\" width=\"122\" data-rm-block-id=\"block-24\">1000mm<\/td>\n<td style=\"width: 118px;\" width=\"134\" data-rm-block-id=\"block-25\">1000mm<\/td>\n<\/tr>\n<tr>\n<td style=\"width: 169px;\" width=\"160\" data-rm-block-id=\"block-26\">Velocidade de fabrica\u00e7\u00e3o de sacolas<\/td>\n<td style=\"width: 127px;\" width=\"122\" data-rm-block-id=\"block-27\">40-180pc\/min<\/td>\n<td style=\"width: 116px;\" width=\"95\" data-rm-block-id=\"block-28\">40-180pc\/min<\/td>\n<td style=\"width: 118px;\" width=\"98\" data-rm-block-id=\"block-29\">40-180pc\/min<\/td>\n<td style=\"width: 132px;\" width=\"103\" data-rm-block-id=\"block-30\">40-150pc\/min<\/td>\n<td style=\"width: 130px;\" width=\"122\" data-rm-block-id=\"block-31\">40-150pc\/min<\/td>\n<td style=\"width: 118px;\" width=\"134\" data-rm-block-id=\"block-32\">40-150pc\/min<\/td>\n<\/tr>\n<tr>\n<td style=\"width: 169px;\" width=\"160\" data-rm-block-id=\"block-33\">Motor principal<\/td>\n<td style=\"width: 127px;\" width=\"122\" data-rm-block-id=\"block-34\">1,1kw<\/td>\n<td style=\"width: 116px;\" width=\"95\" data-rm-block-id=\"block-35\">1,1kw<\/td>\n<td style=\"width: 118px;\" width=\"98\" data-rm-block-id=\"block-36\">1,5 kW<\/td>\n<td style=\"width: 132px;\" width=\"103\" data-rm-block-id=\"block-37\">1,5 kW<\/td>\n<td style=\"width: 130px;\" width=\"122\" data-rm-block-id=\"block-38\">2,2kw<\/td>\n<td style=\"width: 118px;\" width=\"134\" data-rm-block-id=\"block-39\">2,2kw<\/td>\n<\/tr>\n<tr>\n<td style=\"width: 169px;\" width=\"160\" data-rm-block-id=\"block-40\">Peso<\/td>\n<td style=\"width: 127px;\" width=\"122\" data-rm-block-id=\"block-41\">700kg<\/td>\n<td style=\"width: 116px;\" width=\"95\" data-rm-block-id=\"block-42\">800kg<\/td>\n<td style=\"width: 118px;\" width=\"98\" data-rm-block-id=\"block-43\">900kg<\/td>\n<td style=\"width: 132px;\" width=\"103\" data-rm-block-id=\"block-44\">1000kg<\/td>\n<td style=\"width: 130px;\" width=\"122\" data-rm-block-id=\"block-45\">1400kg<\/td>\n<td style=\"width: 118px;\" width=\"134\" data-rm-block-id=\"block-46\">1500kg<\/td>\n<\/tr>\n<tr>\n<td style=\"width: 169px;\" width=\"160\" data-rm-block-id=\"block-47\">Dimens\u00e3o do esbo\u00e7o<\/td>\n<td style=\"width: 127px;\" width=\"122\" data-rm-block-id=\"block-48\">3,6*1,1*1,7M<\/td>\n<td style=\"width: 116px;\" width=\"95\" data-rm-block-id=\"block-49\">3,6*1,2*1,7M<\/td>\n<td style=\"width: 118px;\" width=\"98\" data-rm-block-id=\"block-50\">3,6*1,5*1,7M<\/td>\n<td style=\"width: 132px;\" width=\"103\" data-rm-block-id=\"block-51\">3,6*1,6*1,7M<\/td>\n<td style=\"width: 130px;\" width=\"122\" data-rm-block-id=\"block-52\">3,6*1,8*1,7M<\/td>\n<td style=\"width: 118px;\" width=\"134\" data-rm-block-id=\"block-53\">3,6*1,9*1,7M<\/td>\n<\/tr>\n<tr>\n<td style=\"width: 169px;\" width=\"160\" data-rm-block-id=\"block-54\">tipo de bolsa<\/td>\n<td style=\"width: 741px;\" colspan=\"6\" width=\"676\" data-rm-block-id=\"block-55\">Bolsa BOPP, bolsa de p\u00e3o, bolsa de vestu\u00e1rio, bolsa de papelaria, bolsa de DVD, bolsa de CD<\/td>\n<\/tr>\n<tr>\n<td style=\"width: 169px;\" width=\"160\" data-rm-block-id=\"block-56\">Saco de Material<\/td>\n<td style=\"width: 741px;\" colspan=\"6\" width=\"676\" data-rm-block-id=\"block-57\">HDPE\u3001LDPE\u3001PP\u3001OPP\u3001BOPP<\/td>\n<\/tr>\n<tr>\n<td style=\"width: 169px;\" width=\"160\" data-rm-block-id=\"block-58\">Tens\u00e3o de energia<\/td>\n<td style=\"width: 741px;\" colspan=\"6\" width=\"676\" data-rm-block-id=\"block-59\">220V<\/td>\n<\/tr>\n<tr>\n<td style=\"width: 169px;\" width=\"160\" data-rm-block-id=\"block-60\">Tempo de trabalho da m\u00e1quina<\/td>\n<td style=\"width: 741px;\" colspan=\"6\" width=\"676\" data-rm-block-id=\"block-61\">24 horas * 7 dias<\/td>\n<\/tr>\n<tr>\n<td style=\"width: 169px;\" width=\"160\" data-rm-block-id=\"block-62\">garantia<\/td>\n<td style=\"width: 741px;\" colspan=\"6\" width=\"676\" data-rm-block-id=\"block-63\">1 ano<\/td>\n<\/tr>\n<\/tbody>\n<\/table>\n<p data-rm-block-id=\"block-64\">Se voc\u00ea comprar apenas uma m\u00e1quina, embalaremos a m\u00e1quina com pacote de madeira e carregaremos o cont\u00eainer com<strong>\u00a0<\/strong><strong>Menos que a carga do cont\u00eainer (LCL).<\/strong><\/p>\n<div>\n<p data-rm-block-id=\"block-65\"><strong><img decoding=\"async\" src=\"https:\/\/shopic.mcmcclass.com\/20211228135901944175388.png?1640671143563\" width=\"500\" \/><\/strong><\/p>\n<p data-rm-block-id=\"block-66\">Nosso cooperador de pe\u00e7as principais como a seguinte marca, mas pe\u00e7as padr\u00e3o todas fabricadas na China.<\/p>\n<p data-rm-block-id=\"block-67\"><img decoding=\"async\" src=\"https:\/\/shopic.mcmcclass.com\/20211228135923616854212.png?1640671164178\" width=\"500\" \/><\/p>\n<p data-rm-block-id=\"block-68\"><img decoding=\"async\" src=\"https:\/\/shopic.mcmcclass.com\/20211228115001195156867.jpg\" alt=\"plastic-bag-machine-supplier.jpg\" \/><\/p>\n<p data-rm-block-id=\"block-69\"><img decoding=\"async\" src=\"https:\/\/shopic.mcmcclass.com\/20211215213723786217429.JPG\" alt=\"Plastic-bag-machine-factory.JPG\" width=\"489\" height=\"496\" \/><\/p>\n<p data-rm-block-id=\"block-70\"><img decoding=\"async\" src=\"https:\/\/shopic.mcmcclass.com\/20211228114650196065744.jpg\" alt=\"\u6bcf\u4e2a\u4ea7\u54c1\u540e\u9762\u90fd\u653e\u4e0a\u8fd9\u4e2a\u56fe\u7247 01.jpg\" width=\"500\" \/><\/p>\n<p data-rm-block-id=\"block-71\"><img decoding=\"async\" src=\"https:\/\/shopic.mcmcclass.com\/20211228114650457697678.jpg\" alt=\"\u6bcf\u4e2a\u4ea7\u54c1\u540e\u9762\u90fd\u52a0\u8fd9\u4e2a\u56fe\u7247 03.jpg\" width=\"500\" \/><\/p>\n<\/div>\n<\/div>\n<\/div>\n","protected":false},"excerpt":{"rendered":"<p>M\u00e1quina de selagem lateral tamb\u00e9m nomeia m\u00e1quina de saco BOPP, faca de selagem tamb\u00e9m \u00e9 faca de corte, sela e corta filme ao mesmo tempo, terno para produzir saco BOPP, saco PP, saco postal, saco de gelo, saco HDPE, saco LDPE.<\/p>\n","protected":false},"featured_media":29966,"comment_status":"closed","ping_status":"closed","template":"","meta":{"_acf_changed":false,"_oss_video_url":""},"product_brand":[],"product_cat":[75],"product_tag":[],"class_list":{"0":"post-29965","1":"product","2":"type-product","3":"status-publish","4":"has-post-thumbnail","6":"product_cat-maquina-de-sacolas","8":"first","9":"instock","10":"shipping-taxable","11":"product-type-simple"},"acf":[],"_links":{"self":[{"href":"https:\/\/cortesolda.com.br\/por\/wp-json\/wp\/v2\/product\/29965","targetHints":{"allow":["GET"]}}],"collection":[{"href":"https:\/\/cortesolda.com.br\/por\/wp-json\/wp\/v2\/product"}],"about":[{"href":"https:\/\/cortesolda.com.br\/por\/wp-json\/wp\/v2\/types\/product"}],"replies":[{"embeddable":true,"href":"https:\/\/cortesolda.com.br\/por\/wp-json\/wp\/v2\/comments?post=29965"}],"version-history":[{"count":0,"href":"https:\/\/cortesolda.com.br\/por\/wp-json\/wp\/v2\/product\/29965\/revisions"}],"wp:featuredmedia":[{"embeddable":true,"href":"https:\/\/cortesolda.com.br\/por\/wp-json\/wp\/v2\/media\/29966"}],"wp:attachment":[{"href":"https:\/\/cortesolda.com.br\/por\/wp-json\/wp\/v2\/media?parent=29965"}],"wp:term":[{"taxonomy":"product_brand","embeddable":true,"href":"https:\/\/cortesolda.com.br\/por\/wp-json\/wp\/v2\/product_brand?post=29965"},{"taxonomy":"product_cat","embeddable":true,"href":"https:\/\/cortesolda.com.br\/por\/wp-json\/wp\/v2\/product_cat?post=29965"},{"taxonomy":"product_tag","embeddable":true,"href":"https:\/\/cortesolda.com.br\/por\/wp-json\/wp\/v2\/product_tag?post=29965"}],"curies":[{"name":"wp","href":"https:\/\/api.w.org\/{rel}","templated":true}]}}