{"id":30000,"date":"2025-03-28T14:29:28","date_gmt":"2025-03-28T06:29:28","guid":{"rendered":"https:\/\/hotpink-lyrebird-701956.hostingersite.com\/?post_type=product&#038;p=30000"},"modified":"2025-07-27T18:23:51","modified_gmt":"2025-07-27T10:23:51","slug":"filme-impressao-rotogravura-extrusora-de-filme-com-impressao-de-rotogravura","status":"publish","type":"product","link":"https:\/\/cortesolda.com.br\/por\/filme-impressao-rotogravura-extrusora-de-filme-com-impressao-de-rotogravura","title":{"rendered":"Extrusora de Filme com impress\u00e3o de rotogravura"},"content":{"rendered":"<div id=\"tab-desc\" class=\"tab-pane active\" role=\"tabpanel\">\n<div class=\"ProductAttr\">\n<div class=\"ProductAttrItem\">\n<div class=\"ProductAttr-title\" data-rm-block-id=\"block-1\"><strong>Extrusora de Filme com impress\u00e3o de rotogravura<\/strong><\/div>\n<\/div>\n<\/div>\n<div class=\"product-tab-desc\">\n<p data-rm-block-id=\"block-2\">A m\u00e1quina sopradora de filme com fun\u00e7\u00e3o de rotogravura sincroniza a velocidade da m\u00e1quina de impress\u00e3o com a velocidade da m\u00e1quina sopradora de filme, o que permite um servi\u00e7o completo de produ\u00e7\u00e3o e impress\u00e3o de filmes, economizando m\u00e3o de obra e reduzindo custos.<\/p>\n<p data-rm-block-id=\"block-3\">A m\u00e1quina sopradora de filme pode produzir filmes de alta qualidade, como sacolas planas, sacolas para camisetas de plasticos, sacolas de supermercado plasticos, sacolas de compras, saquinhos de \u00e1gua, filmes para embalagens, etc.<\/p>\n<div id=\"attachment_30924\" style=\"width: 606px\" class=\"wp-caption alignnone\"><img fetchpriority=\"high\" decoding=\"async\" aria-describedby=\"caption-attachment-30924\" class=\" wp-image-30924\" src=\"https:\/\/cortesolda.com.br\/por\/wp-content\/uploads\/2025\/03\/Extrusora-de-Filme-com-impressao-de-rotogravura.webp\" alt=\"Extrusora de Filme com impress\u00e3o de rotogravura\" width=\"596\" height=\"242\" srcset=\"https:\/\/cortesolda.com.br\/por\/wp-content\/uploads\/2025\/03\/Extrusora-de-Filme-com-impressao-de-rotogravura.webp 1050w, https:\/\/cortesolda.com.br\/por\/wp-content\/uploads\/2025\/03\/Extrusora-de-Filme-com-impressao-de-rotogravura-400x162.webp 400w, https:\/\/cortesolda.com.br\/por\/wp-content\/uploads\/2025\/03\/Extrusora-de-Filme-com-impressao-de-rotogravura-768x312.webp 768w, https:\/\/cortesolda.com.br\/por\/wp-content\/uploads\/2025\/03\/Extrusora-de-Filme-com-impressao-de-rotogravura-430x174.webp 430w, https:\/\/cortesolda.com.br\/por\/wp-content\/uploads\/2025\/03\/Extrusora-de-Filme-com-impressao-de-rotogravura-700x284.webp 700w, https:\/\/cortesolda.com.br\/por\/wp-content\/uploads\/2025\/03\/Extrusora-de-Filme-com-impressao-de-rotogravura-150x61.webp 150w\" sizes=\"(max-width: 596px) 100vw, 596px\" \/><p id=\"caption-attachment-30924\" class=\"wp-caption-text\">Extrusora de Filme com impress\u00e3o de rotogravura<\/p><\/div>\n<div>\n<table style=\"height: 955px;\" width=\"705\">\n<tbody>\n<tr>\n<td width=\"157\" data-rm-block-id=\"block-4\">Modelo<\/td>\n<td width=\"109\" data-rm-block-id=\"block-5\">SJ50- ASY2600<\/td>\n<td width=\"170\" data-rm-block-id=\"block-6\">SJ55- ASY2800<\/td>\n<td width=\"151\" data-rm-block-id=\"block-7\">SJ60- ASY21000<\/td>\n<\/tr>\n<tr>\n<td width=\"157\" data-rm-block-id=\"block-8\">Largura do filme de sopro<\/td>\n<td width=\"109\" data-rm-block-id=\"block-9\">600mm<\/td>\n<td width=\"170\" data-rm-block-id=\"block-10\">800mm<\/td>\n<td width=\"151\" data-rm-block-id=\"block-11\">1000mm<\/td>\n<\/tr>\n<tr>\n<td width=\"157\" data-rm-block-id=\"block-12\">Largura de Impress\u00e3o<\/td>\n<td width=\"109\" data-rm-block-id=\"block-13\">600mm<\/td>\n<td width=\"170\" data-rm-block-id=\"block-14\">800mm<\/td>\n<td width=\"151\" data-rm-block-id=\"block-15\">1000mm<\/td>\n<\/tr>\n<tr>\n<td width=\"157\" data-rm-block-id=\"block-16\">Comprimento de impress\u00e3o<\/td>\n<td width=\"109\" data-rm-block-id=\"block-17\">191-1200mm<\/td>\n<td width=\"170\" data-rm-block-id=\"block-18\">191-1200mm<\/td>\n<td width=\"151\" data-rm-block-id=\"block-19\">191-1200mm<\/td>\n<\/tr>\n<tr>\n<td width=\"157\" data-rm-block-id=\"block-20\">Cor de impress\u00e3o<\/td>\n<td colspan=\"3\" width=\"430\" data-rm-block-id=\"block-21\">2 cores<\/td>\n<\/tr>\n<tr>\n<td width=\"157\" data-rm-block-id=\"block-22\">Materiais<\/td>\n<td colspan=\"3\" width=\"430\" data-rm-block-id=\"block-23\">LDPE,HDPE,LLDPE,reciclar material<\/td>\n<\/tr>\n<tr>\n<td width=\"157\" data-rm-block-id=\"block-24\">Cor do filme<\/td>\n<td colspan=\"3\" width=\"430\" data-rm-block-id=\"block-25\">Transparente, preto, vermelho, branco, azul\u2026 cor do saco alterada por masterbatch<\/td>\n<\/tr>\n<tr>\n<td width=\"157\" data-rm-block-id=\"block-26\">Uso<\/td>\n<td colspan=\"3\" width=\"430\" data-rm-block-id=\"block-27\">Saco de compras de pl\u00e1stico, saco de camiseta, saco de lixo, filme de embalagem, capa de mesa, filme retr\u00e1til<\/td>\n<\/tr>\n<tr>\n<td width=\"157\" data-rm-block-id=\"block-28\">Di\u00e2metro do Parafuso<\/td>\n<td width=\"109\" data-rm-block-id=\"block-29\">50mm<\/td>\n<td width=\"170\" data-rm-block-id=\"block-30\">55m<\/td>\n<td width=\"151\" data-rm-block-id=\"block-31\">60mm<\/td>\n<\/tr>\n<tr>\n<td width=\"157\" data-rm-block-id=\"block-32\">Raz\u00e3o L\/D do Parafuso<\/td>\n<td width=\"109\" data-rm-block-id=\"block-33\">28:1<\/td>\n<td width=\"170\" data-rm-block-id=\"block-34\">28:1<\/td>\n<td width=\"151\" data-rm-block-id=\"block-35\">28:1<\/td>\n<\/tr>\n<tr>\n<td width=\"157\" data-rm-block-id=\"block-36\">Pot\u00eancia do motor do filme de sopro<\/td>\n<td width=\"109\" data-rm-block-id=\"block-37\">11Kw<\/td>\n<td width=\"170\" data-rm-block-id=\"block-38\">15Kw<\/td>\n<td width=\"151\" data-rm-block-id=\"block-39\">18,5Kw<\/td>\n<\/tr>\n<tr>\n<td width=\"157\" data-rm-block-id=\"block-40\">m\u00e1x.Capacidade<\/td>\n<td width=\"109\" data-rm-block-id=\"block-41\">35kg\/h<\/td>\n<td width=\"170\" data-rm-block-id=\"block-42\">50Kg\/h<\/td>\n<td width=\"151\" data-rm-block-id=\"block-43\">65Kg\/h<\/td>\n<\/tr>\n<tr>\n<td width=\"157\" data-rm-block-id=\"block-44\">Filme eu lidero DIA<\/td>\n<td width=\"109\" data-rm-block-id=\"block-45\">\u03c660\u3001\u03c6 100<\/td>\n<td width=\"170\" data-rm-block-id=\"block-46\">\u03c680\u3001\u03c6150<\/td>\n<td width=\"151\" data-rm-block-id=\"block-47\">\u03c6100\u3001\u03c6200<\/td>\n<\/tr>\n<tr>\n<td width=\"157\" data-rm-block-id=\"block-48\">Espessura do filme de sopro<\/td>\n<td width=\"109\" data-rm-block-id=\"block-49\">0,01-0,10 mm<\/td>\n<td width=\"170\" data-rm-block-id=\"block-50\">0,01-0,10 mm<\/td>\n<td width=\"151\" data-rm-block-id=\"block-51\">0,01-0,10 mm<\/td>\n<\/tr>\n<tr>\n<td width=\"157\" data-rm-block-id=\"block-52\">Poder total<\/td>\n<td width=\"109\" data-rm-block-id=\"block-53\">28Kw<\/td>\n<td width=\"170\" data-rm-block-id=\"block-54\">32Kw<\/td>\n<td width=\"151\" data-rm-block-id=\"block-55\">40kw<\/td>\n<\/tr>\n<tr>\n<td width=\"157\" data-rm-block-id=\"block-56\">Peso<\/td>\n<td width=\"109\" data-rm-block-id=\"block-57\">3,5 T<\/td>\n<td width=\"170\" data-rm-block-id=\"block-58\">4T<\/td>\n<td width=\"151\" data-rm-block-id=\"block-59\">5T<\/td>\n<\/tr>\n<tr>\n<td width=\"157\" data-rm-block-id=\"block-60\">Dimens\u00f5es (m)<\/td>\n<td width=\"109\" data-rm-block-id=\"block-61\">6&#215;2,4&#215;4<\/td>\n<td width=\"170\" data-rm-block-id=\"block-62\">6,2&#215;2,6&#215;4,3<\/td>\n<td width=\"151\" data-rm-block-id=\"block-63\">6,4 x 2,8 x 4,8<\/td>\n<\/tr>\n<tr>\n<td width=\"157\" data-rm-block-id=\"block-64\">Tens\u00e3o de energia<\/td>\n<td colspan=\"3\" width=\"430\" data-rm-block-id=\"block-65\">220 V, 380 V, 440 V, 480 V (Personalizado com base no pedido, Por exemplo: EUA 480 V 60 Hz, M\u00e9xico 440 V\/220 V 60 Hz, Ar\u00e1bia Saudita 380 V 60 Hz, Nig\u00e9ria 415 V 50 Hz&#8230;)<\/td>\n<\/tr>\n<tr>\n<td width=\"157\" data-rm-block-id=\"block-66\">Di\u00e2metro do n\u00facleo do material<\/td>\n<td colspan=\"3\" width=\"430\" data-rm-block-id=\"block-67\">76mm<\/td>\n<\/tr>\n<tr>\n<td width=\"157\" data-rm-block-id=\"block-68\">Tempo de trabalho da m\u00e1quina<\/td>\n<td colspan=\"3\" width=\"430\" data-rm-block-id=\"block-69\">24 horas * 7 dias<\/td>\n<\/tr>\n<tr>\n<td width=\"157\" data-rm-block-id=\"block-70\">garantia<\/td>\n<td colspan=\"3\" width=\"430\" data-rm-block-id=\"block-71\">1 ano<\/td>\n<\/tr>\n<tr>\n<td width=\"157\" data-rm-block-id=\"block-72\">Assist\u00eancia t\u00e9cnica<\/td>\n<td colspan=\"3\" width=\"430\" data-rm-block-id=\"block-73\">Engenheiros dispon\u00edveis para atender m\u00e1quinas no exterior<\/td>\n<\/tr>\n<\/tbody>\n<\/table>\n<p data-rm-block-id=\"block-74\">\u203bAs especifica\u00e7\u00f5es corretas dependem do modelo real. Todas as especifica\u00e7\u00f5es est\u00e3o sujeitas a altera\u00e7\u00f5es sem aviso pr\u00e9vio.<\/p>\n<p data-rm-block-id=\"block-75\">Instalar m\u00e1quinas na Ar\u00e1bia Saudita.<\/p>\n<p data-rm-block-id=\"block-76\"><img decoding=\"async\" class=\"alignnone wp-image-30852\" src=\"https:\/\/cortesolda.com.br\/por\/wp-content\/uploads\/2025\/03\/Instalar-maquinas-na-Arabia-Saudita.webp\" alt=\"\" width=\"450\" height=\"338\" srcset=\"https:\/\/cortesolda.com.br\/por\/wp-content\/uploads\/2025\/03\/Instalar-maquinas-na-Arabia-Saudita.webp 700w, https:\/\/cortesolda.com.br\/por\/wp-content\/uploads\/2025\/03\/Instalar-maquinas-na-Arabia-Saudita-400x300.webp 400w, https:\/\/cortesolda.com.br\/por\/wp-content\/uploads\/2025\/03\/Instalar-maquinas-na-Arabia-Saudita-430x323.webp 430w, https:\/\/cortesolda.com.br\/por\/wp-content\/uploads\/2025\/03\/Instalar-maquinas-na-Arabia-Saudita-150x113.webp 150w\" sizes=\"(max-width: 450px) 100vw, 450px\" \/><\/p>\n<p data-rm-block-id=\"block-77\">Se voc\u00ea comprar uma m\u00e1quina de cont\u00eainer, embalaremos a m\u00e1quina com filme estir\u00e1vel e carregaremos o cont\u00eainer diretamente<strong>(carga completa do cont\u00eainer FCL).<\/strong><br \/>\n<img decoding=\"async\" class=\"alignnone wp-image-30851\" src=\"https:\/\/cortesolda.com.br\/por\/wp-content\/uploads\/2025\/03\/Se-voce-comprar-uma-maquina-de-conteiner.webp\" alt=\"\" width=\"450\" height=\"450\" srcset=\"https:\/\/cortesolda.com.br\/por\/wp-content\/uploads\/2025\/03\/Se-voce-comprar-uma-maquina-de-conteiner.webp 497w, https:\/\/cortesolda.com.br\/por\/wp-content\/uploads\/2025\/03\/Se-voce-comprar-uma-maquina-de-conteiner-300x300.webp 300w, https:\/\/cortesolda.com.br\/por\/wp-content\/uploads\/2025\/03\/Se-voce-comprar-uma-maquina-de-conteiner-150x150.webp 150w, https:\/\/cortesolda.com.br\/por\/wp-content\/uploads\/2025\/03\/Se-voce-comprar-uma-maquina-de-conteiner-430x430.webp 430w\" sizes=\"(max-width: 450px) 100vw, 450px\" \/><br \/>\nSe voc\u00ea comprar apenas uma m\u00e1quina, embalaremos a m\u00e1quina com embalagem de madeira e carregaremos o cont\u00eainer com<strong>\u00a0<\/strong><strong>Menos que a carga do cont\u00eainer (LCL).<\/strong><\/p>\n<p data-rm-block-id=\"block-78\"><img loading=\"lazy\" decoding=\"async\" class=\"alignnone wp-image-30850\" src=\"https:\/\/cortesolda.com.br\/por\/wp-content\/uploads\/2025\/03\/Menos-que-a-carga-do-conteiner-LCL.webp\" alt=\"\" width=\"450\" height=\"338\" srcset=\"https:\/\/cortesolda.com.br\/por\/wp-content\/uploads\/2025\/03\/Menos-que-a-carga-do-conteiner-LCL.webp 992w, https:\/\/cortesolda.com.br\/por\/wp-content\/uploads\/2025\/03\/Menos-que-a-carga-do-conteiner-LCL-400x300.webp 400w, https:\/\/cortesolda.com.br\/por\/wp-content\/uploads\/2025\/03\/Menos-que-a-carga-do-conteiner-LCL-768x576.webp 768w, https:\/\/cortesolda.com.br\/por\/wp-content\/uploads\/2025\/03\/Menos-que-a-carga-do-conteiner-LCL-430x323.webp 430w, https:\/\/cortesolda.com.br\/por\/wp-content\/uploads\/2025\/03\/Menos-que-a-carga-do-conteiner-LCL-700x525.webp 700w, https:\/\/cortesolda.com.br\/por\/wp-content\/uploads\/2025\/03\/Menos-que-a-carga-do-conteiner-LCL-150x113.webp 150w\" sizes=\"(max-width: 450px) 100vw, 450px\" \/><\/p>\n<p data-rm-block-id=\"block-79\">Nosso cooperador de pe\u00e7as principais como a seguinte marca, mas pe\u00e7as padr\u00e3o todas fabricadas na China.<\/p>\n<p data-rm-block-id=\"block-80\"><img loading=\"lazy\" decoding=\"async\" class=\"wp-image-30678\" src=\"https:\/\/cortesolda.com.br\/por\/wp-content\/uploads\/2025\/03\/Nosso-principal-parceiro-de-pecas-e-a-seguinte-marca.jpg\" alt=\"Nosso principal parceiro de pe\u00e7as \u00e9 a seguinte marca\" width=\"450\" height=\"259\" srcset=\"https:\/\/cortesolda.com.br\/por\/wp-content\/uploads\/2025\/03\/Nosso-principal-parceiro-de-pecas-e-a-seguinte-marca.jpg 875w, https:\/\/cortesolda.com.br\/por\/wp-content\/uploads\/2025\/03\/Nosso-principal-parceiro-de-pecas-e-a-seguinte-marca-400x230.jpg 400w, https:\/\/cortesolda.com.br\/por\/wp-content\/uploads\/2025\/03\/Nosso-principal-parceiro-de-pecas-e-a-seguinte-marca-768x442.jpg 768w, https:\/\/cortesolda.com.br\/por\/wp-content\/uploads\/2025\/03\/Nosso-principal-parceiro-de-pecas-e-a-seguinte-marca-430x248.jpg 430w, https:\/\/cortesolda.com.br\/por\/wp-content\/uploads\/2025\/03\/Nosso-principal-parceiro-de-pecas-e-a-seguinte-marca-700x403.jpg 700w, https:\/\/cortesolda.com.br\/por\/wp-content\/uploads\/2025\/03\/Nosso-principal-parceiro-de-pecas-e-a-seguinte-marca-150x86.jpg 150w\" sizes=\"(max-width: 450px) 100vw, 450px\" \/><\/p>\n<p data-rm-block-id=\"block-81\">Nosso principal parceiro de pe\u00e7as \u00e9 a seguinte marcaComo encontrar polietileno para extrus\u00e3o de filme soprado.<br \/>\nA extrus\u00e3o de filme de extrus\u00e3o usa polietileno, como<strong>\u00a0<\/strong><\/p>\n<p data-rm-block-id=\"block-82\"><strong>Polietileno de Baixa Densidade (LDPE), Polietileno de Alta Densidade (HDPE) e Polietileno Linear de Baixa Densidade (LLDPE), Polipropileno (PP).<\/strong><br \/>\nAbaixo est\u00e3o os fornecedores de materiais de grandes marcas no mundo, eles abrem escrit\u00f3rios em todo o mundo, voc\u00ea pode verific\u00e1-los no mercado local.<br \/>\n1.<a href=\"http:\/\/www.sabic.com\/\" rel=\"noopener\"><strong><u>Sabic Saudi Basic Industries Corporation<\/u><\/strong><\/a><br \/>\n2.<a href=\"http:\/\/www.exxonmobilchemical.com\/\" rel=\"noopener\"><strong><u>ExxonMobil Chemical Company<\/u><\/strong><\/a><br \/>\n3.<a href=\"http:\/\/www.dow.com\/\" rel=\"noopener\"><strong><u>Dow Chemical Company<\/u><\/strong><\/a><strong>\u00a0<\/strong><\/p>\n<p data-rm-block-id=\"block-83\"><img loading=\"lazy\" decoding=\"async\" class=\"alignnone wp-image-30728\" src=\"https:\/\/cortesolda.com.br\/por\/wp-content\/uploads\/2025\/03\/Fornecedores-de-materia-prima-de-polietileno.jpg\" alt=\"Fornecedores de mat\u00e9ria prima de polietileno\" width=\"450\" height=\"450\" srcset=\"https:\/\/cortesolda.com.br\/por\/wp-content\/uploads\/2025\/03\/Fornecedores-de-materia-prima-de-polietileno.jpg 400w, https:\/\/cortesolda.com.br\/por\/wp-content\/uploads\/2025\/03\/Fornecedores-de-materia-prima-de-polietileno-300x300.jpg 300w, https:\/\/cortesolda.com.br\/por\/wp-content\/uploads\/2025\/03\/Fornecedores-de-materia-prima-de-polietileno-150x150.jpg 150w\" sizes=\"(max-width: 450px) 100vw, 450px\" \/><\/p>\n<div class=\"product-tab-desc\">\n<div id=\"attachment_29719\" class=\"wp-caption alignnone\" data-rm-block-id=\"block-62\">\n<div id=\"attachment_30682\" class=\"wp-caption alignnone\" style=\"width: 448px;\">\n<div id=\"attachment_30728\" class=\"wp-caption alignnone\" style=\"width: 442px;\">\n<p id=\"caption-attachment-30728\" class=\"wp-caption-text\" data-rm-block-id=\"block-84\">f\u00e1brica do cliente<\/p>\n<div id=\"attachment_30768\" style=\"width: 460px\" class=\"wp-caption alignnone\"><img loading=\"lazy\" decoding=\"async\" aria-describedby=\"caption-attachment-30768\" class=\"wp-image-30768\" src=\"https:\/\/cortesolda.com.br\/por\/wp-content\/uploads\/2025\/03\/instalar-maquina-de-filme-stretch-na-fabrica-do-clientes.jpg\" alt=\"instalar m\u00e1quina de filme stretch na f\u00e1brica do cliente.\" width=\"450\" height=\"450\" srcset=\"https:\/\/cortesolda.com.br\/por\/wp-content\/uploads\/2025\/03\/instalar-maquina-de-filme-stretch-na-fabrica-do-clientes.jpg 468w, https:\/\/cortesolda.com.br\/por\/wp-content\/uploads\/2025\/03\/instalar-maquina-de-filme-stretch-na-fabrica-do-clientes-300x300.jpg 300w, https:\/\/cortesolda.com.br\/por\/wp-content\/uploads\/2025\/03\/instalar-maquina-de-filme-stretch-na-fabrica-do-clientes-150x150.jpg 150w, https:\/\/cortesolda.com.br\/por\/wp-content\/uploads\/2025\/03\/instalar-maquina-de-filme-stretch-na-fabrica-do-clientes-430x430.jpg 430w\" sizes=\"(max-width: 450px) 100vw, 450px\" \/><p id=\"caption-attachment-30768\" class=\"wp-caption-text\">instalar m\u00e1quina de filme stretch na f\u00e1brica do cliente.<\/p><\/div>\n<\/div>\n<div class=\"product-tab-desc\">\n<div id=\"attachment_29712\" class=\"wp-caption alignnone\" data-rm-block-id=\"block-60\">\n<div id=\"attachment_30680\" class=\"wp-caption alignnone\" style=\"width: 450px;\">\n<p data-rm-block-id=\"block-85\"><img loading=\"lazy\" decoding=\"async\" class=\" wp-image-30680\" src=\"https:\/\/cortesolda.com.br\/por\/wp-content\/uploads\/2025\/03\/fornecedor-de-pecas-plasticas-para-maquinas.webp\" sizes=\"(max-width: 466px) 100vw, 466px\" srcset=\"https:\/\/cortesolda.com.br\/por\/wp-content\/uploads\/2025\/03\/fornecedor-de-pecas-plasticas-para-maquinas.webp 497w, https:\/\/cortesolda.com.br\/por\/wp-content\/uploads\/2025\/03\/fornecedor-de-pecas-plasticas-para-maquinas-300x300.webp 300w, https:\/\/cortesolda.com.br\/por\/wp-content\/uploads\/2025\/03\/fornecedor-de-pecas-plasticas-para-maquinas-150x150.webp 150w, https:\/\/cortesolda.com.br\/por\/wp-content\/uploads\/2025\/03\/fornecedor-de-pecas-plasticas-para-maquinas-430x430.webp 430w\" alt=\"fornecedor de pe\u00e7as pl\u00e1sticas para m\u00e1quinas\" width=\"450\" height=\"450\" aria-describedby=\"caption-attachment-30680\" \/><\/p>\n<p id=\"caption-attachment-30680\" class=\"wp-caption-text\" data-rm-block-id=\"block-86\">f\u00e1brica do cliente<\/p>\n<\/div>\n<\/div>\n<div id=\"attachment_29712\" class=\"wp-caption alignnone\" data-rm-block-id=\"block-61\">\n<div id=\"attachment_30681\" class=\"wp-caption alignnone\" style=\"width: 455px;\">\n<p data-rm-block-id=\"block-87\"><img loading=\"lazy\" decoding=\"async\" class=\" wp-image-30681\" src=\"https:\/\/cortesolda.com.br\/por\/wp-content\/uploads\/2025\/03\/fabrica-do-cliente.webp\" sizes=\"(max-width: 467px) 100vw, 467px\" srcset=\"https:\/\/cortesolda.com.br\/por\/wp-content\/uploads\/2025\/03\/fabrica-do-cliente.webp 467w, https:\/\/cortesolda.com.br\/por\/wp-content\/uploads\/2025\/03\/fabrica-do-cliente-296x300.webp 296w, https:\/\/cortesolda.com.br\/por\/wp-content\/uploads\/2025\/03\/fabrica-do-cliente-430x436.webp 430w, https:\/\/cortesolda.com.br\/por\/wp-content\/uploads\/2025\/03\/fabrica-do-cliente-150x152.webp 150w\" alt=\"f\u00e1brica do cliente \" width=\"455\" height=\"462\" aria-describedby=\"caption-attachment-30681\" \/><\/p>\n<p id=\"caption-attachment-30681\" class=\"wp-caption-text\" data-rm-block-id=\"block-88\">m\u00e1quinas exportadas para todo o mundo.<\/p>\n<\/div>\n<\/div>\n<div id=\"attachment_29719\" class=\"wp-caption alignnone\" data-rm-block-id=\"block-62\">\n<div id=\"attachment_30682\" class=\"wp-caption alignnone\" style=\"width: 450px;\">\n<p data-rm-block-id=\"block-89\"><img loading=\"lazy\" decoding=\"async\" class=\" wp-image-30682\" src=\"https:\/\/cortesolda.com.br\/por\/wp-content\/uploads\/2025\/03\/maquinas-exportadas-para-todo-o-mundo.webp\" sizes=\"(max-width: 468px) 100vw, 468px\" srcset=\"https:\/\/cortesolda.com.br\/por\/wp-content\/uploads\/2025\/03\/maquinas-exportadas-para-todo-o-mundo.webp 800w, https:\/\/cortesolda.com.br\/por\/wp-content\/uploads\/2025\/03\/maquinas-exportadas-para-todo-o-mundo-400x202.webp 400w, https:\/\/cortesolda.com.br\/por\/wp-content\/uploads\/2025\/03\/maquinas-exportadas-para-todo-o-mundo-768x387.webp 768w, https:\/\/cortesolda.com.br\/por\/wp-content\/uploads\/2025\/03\/maquinas-exportadas-para-todo-o-mundo-430x217.webp 430w, https:\/\/cortesolda.com.br\/por\/wp-content\/uploads\/2025\/03\/maquinas-exportadas-para-todo-o-mundo-700x353.webp 700w, https:\/\/cortesolda.com.br\/por\/wp-content\/uploads\/2025\/03\/maquinas-exportadas-para-todo-o-mundo-150x76.webp 150w\" alt=\"m\u00e1quinas exportadas para todo o mundo.\" width=\"450\" height=\"227\" aria-describedby=\"caption-attachment-30682\" \/><\/p>\n<p id=\"caption-attachment-30682\" class=\"wp-caption-text\" data-rm-block-id=\"block-90\">Processo de produ\u00e7\u00e3o de sacolas pl\u00e1sticas<\/p>\n<\/div>\n<\/div>\n<div id=\"attachment_29720\" class=\"wp-caption alignnone\" style=\"width: 453px;\">\n<p data-rm-block-id=\"block-91\"><img loading=\"lazy\" decoding=\"async\" class=\" wp-image-30683\" src=\"https:\/\/cortesolda.com.br\/por\/wp-content\/uploads\/2025\/03\/Processo-de-producao-de-sacolas-plasticas.webp\" sizes=\"(max-width: 467px) 100vw, 467px\" srcset=\"https:\/\/cortesolda.com.br\/por\/wp-content\/uploads\/2025\/03\/Processo-de-producao-de-sacolas-plasticas.webp 1038w, https:\/\/cortesolda.com.br\/por\/wp-content\/uploads\/2025\/03\/Processo-de-producao-de-sacolas-plasticas-315x300.webp 315w, https:\/\/cortesolda.com.br\/por\/wp-content\/uploads\/2025\/03\/Processo-de-producao-de-sacolas-plasticas-840x800.webp 840w, https:\/\/cortesolda.com.br\/por\/wp-content\/uploads\/2025\/03\/Processo-de-producao-de-sacolas-plasticas-768x732.webp 768w, https:\/\/cortesolda.com.br\/por\/wp-content\/uploads\/2025\/03\/Processo-de-producao-de-sacolas-plasticas-430x410.webp 430w, https:\/\/cortesolda.com.br\/por\/wp-content\/uploads\/2025\/03\/Processo-de-producao-de-sacolas-plasticas-700x667.webp 700w, https:\/\/cortesolda.com.br\/por\/wp-content\/uploads\/2025\/03\/Processo-de-producao-de-sacolas-plasticas-150x143.webp 150w\" alt=\"Processo de produ\u00e7\u00e3o de sacolas pl\u00e1sticas\" width=\"453\" height=\"432\" \/><\/p>\n<\/div>\n<\/div>\n<\/div>\n<\/div>\n<\/div>\n<\/div>\n<\/div>\n<\/div>\n","protected":false},"excerpt":{"rendered":"<p>M\u00e1quina de sopro de filme com m\u00e1quina de impress\u00e3o de rotogravura em linha, m\u00e1quina de sopro de filme produz filme, filme pode ser impresso diretamente pela m\u00e1quina de impress\u00e3o, para economia de trabalho.<\/p>\n","protected":false},"featured_media":30002,"comment_status":"closed","ping_status":"closed","template":"","meta":{"_acf_changed":false,"_oss_video_url":""},"product_brand":[],"product_cat":[79],"product_tag":[],"class_list":{"0":"post-30000","1":"product","2":"type-product","3":"status-publish","4":"has-post-thumbnail","6":"product_cat-extrusora-de-filme","8":"first","9":"instock","10":"shipping-taxable","11":"product-type-simple"},"acf":[],"_links":{"self":[{"href":"https:\/\/cortesolda.com.br\/por\/wp-json\/wp\/v2\/product\/30000","targetHints":{"allow":["GET"]}}],"collection":[{"href":"https:\/\/cortesolda.com.br\/por\/wp-json\/wp\/v2\/product"}],"about":[{"href":"https:\/\/cortesolda.com.br\/por\/wp-json\/wp\/v2\/types\/product"}],"replies":[{"embeddable":true,"href":"https:\/\/cortesolda.com.br\/por\/wp-json\/wp\/v2\/comments?post=30000"}],"version-history":[{"count":0,"href":"https:\/\/cortesolda.com.br\/por\/wp-json\/wp\/v2\/product\/30000\/revisions"}],"wp:featuredmedia":[{"embeddable":true,"href":"https:\/\/cortesolda.com.br\/por\/wp-json\/wp\/v2\/media\/30002"}],"wp:attachment":[{"href":"https:\/\/cortesolda.com.br\/por\/wp-json\/wp\/v2\/media?parent=30000"}],"wp:term":[{"taxonomy":"product_brand","embeddable":true,"href":"https:\/\/cortesolda.com.br\/por\/wp-json\/wp\/v2\/product_brand?post=30000"},{"taxonomy":"product_cat","embeddable":true,"href":"https:\/\/cortesolda.com.br\/por\/wp-json\/wp\/v2\/product_cat?post=30000"},{"taxonomy":"product_tag","embeddable":true,"href":"https:\/\/cortesolda.com.br\/por\/wp-json\/wp\/v2\/product_tag?post=30000"}],"curies":[{"name":"wp","href":"https:\/\/api.w.org\/{rel}","templated":true}]}}