{"id":30004,"date":"2025-03-28T14:32:24","date_gmt":"2025-03-28T06:32:24","guid":{"rendered":"https:\/\/hotpink-lyrebird-701956.hostingersite.com\/?post_type=product&#038;p=30004"},"modified":"2025-07-27T18:23:42","modified_gmt":"2025-07-27T10:23:42","slug":"extrusora-de-filme-biodegradavel","status":"publish","type":"product","link":"https:\/\/cortesolda.com.br\/por\/extrusora-de-filme-biodegradavel","title":{"rendered":"Extrusora de Filme biodegrad\u00e1vel"},"content":{"rendered":"<div id=\"tab-desc\" class=\"tab-pane active\" role=\"tabpanel\">\n<div class=\"ProductAttr\">\n<div class=\"ProductAttrItem\">\n<div class=\"ProductAttr-title\">Extrusora de Filme biodegrad\u00e1vel<\/div>\n<\/div>\n<\/div>\n<div class=\"product-tab-desc\">\n<p>Extrusora de Filme PLA biodegrad\u00e1vel Mat\u00e9rias-primas aplic\u00e1veis, como PLA, PBAD,PVA, amido de milho, carbonato de c\u00e1lcio, materiais de base biol\u00f3gica e outros materiais degrad\u00e1veis.Usado na produ\u00e7\u00e3o de coletes, sacos de lixo.Vantagens Totalmente degrad\u00e1vel, degrad\u00e1vel e livre de polui\u00e7\u00e3o. O cabe\u00e7ote uma estrutura interna de alimenta\u00e7\u00e3o de entrada de 8 furos, especialmente projetada para filme de material degrad\u00e1vel.<\/p>\n<div id=\"attachment_30784\" style=\"width: 480px\" class=\"wp-caption alignnone\"><img fetchpriority=\"high\" decoding=\"async\" aria-describedby=\"caption-attachment-30784\" class=\" wp-image-30784\" src=\"https:\/\/cortesolda.com.br\/por\/wp-content\/uploads\/2025\/03\/Biodegradavel-Sacolas.webp\" alt=\"Biodegrad\u00e1vel Sacolas\" width=\"470\" height=\"178\" srcset=\"https:\/\/cortesolda.com.br\/por\/wp-content\/uploads\/2025\/03\/Biodegradavel-Sacolas.webp 1082w, https:\/\/cortesolda.com.br\/por\/wp-content\/uploads\/2025\/03\/Biodegradavel-Sacolas-400x152.webp 400w, https:\/\/cortesolda.com.br\/por\/wp-content\/uploads\/2025\/03\/Biodegradavel-Sacolas-768x291.webp 768w, https:\/\/cortesolda.com.br\/por\/wp-content\/uploads\/2025\/03\/Biodegradavel-Sacolas-430x163.webp 430w, https:\/\/cortesolda.com.br\/por\/wp-content\/uploads\/2025\/03\/Biodegradavel-Sacolas-700x265.webp 700w, https:\/\/cortesolda.com.br\/por\/wp-content\/uploads\/2025\/03\/Biodegradavel-Sacolas-150x57.webp 150w\" sizes=\"(max-width: 470px) 100vw, 470px\" \/><p id=\"caption-attachment-30784\" class=\"wp-caption-text\">Biodegrad\u00e1vel Sacolas<\/p><\/div>\n<div id=\"attachment_30877\" style=\"width: 480px\" class=\"wp-caption alignnone\"><img decoding=\"async\" aria-describedby=\"caption-attachment-30877\" class=\" wp-image-30877\" src=\"https:\/\/cortesolda.com.br\/por\/wp-content\/uploads\/2025\/03\/Extrusora-de-Filme-biodegradavel.webp\" alt=\"Extrusora de Filme biodegrad\u00e1vel\" width=\"470\" height=\"205\" srcset=\"https:\/\/cortesolda.com.br\/por\/wp-content\/uploads\/2025\/03\/Extrusora-de-Filme-biodegradavel.webp 619w, https:\/\/cortesolda.com.br\/por\/wp-content\/uploads\/2025\/03\/Extrusora-de-Filme-biodegradavel-400x174.webp 400w, https:\/\/cortesolda.com.br\/por\/wp-content\/uploads\/2025\/03\/Extrusora-de-Filme-biodegradavel-430x188.webp 430w, https:\/\/cortesolda.com.br\/por\/wp-content\/uploads\/2025\/03\/Extrusora-de-Filme-biodegradavel-150x65.webp 150w\" sizes=\"(max-width: 470px) 100vw, 470px\" \/><p id=\"caption-attachment-30877\" class=\"wp-caption-text\">Extrusora de Filme biodegrad\u00e1vel<\/p><\/div>\n<p>Extrusora de Filme biodegrad\u00e1vel Caracter\u00edsticas:<br \/>\n1. O inversor controla a velocidade da m\u00e1quina, economizando energia e reduzindo custos;<br \/>\n2. Rosca e cilindro de alta qualidade, resistentes \u00e0 corros\u00e3o e de longa dura\u00e7\u00e3o;<br \/>\n3. Controle de temperatura da rosca totalmente autom\u00e1tico;<br \/>\n4. Mat\u00e9rias-primas:biodegrad\u00e1vel,PLA,PBAT,PVA;<br \/>\n5. Masterbatch: vermelho, preto, amarelo&#8230;<br \/>\n6. Largura do filme: 100 mm a 1000mm;<br \/>\n7. Voltagem: 220 V, 380 V, 440 V e 480 V, podendo ser produzida de acordo com as necessidades do cliente;<br \/>\n8. Cores da m\u00e1quina: vermelho, preto, branco, azul, verde&#8230; podendo ser produzida de acordo com as necessidades do cliente;<br \/>\n9. O per\u00edodo de garantia da m\u00e1quina \u00e9 de 1 ano;<br \/>\n10. A m\u00e1quina \u00e9 f\u00e1cil de operar e tem uma vida \u00fatil de mais de 15 anos;<\/p>\n<table>\n<tbody>\n<tr>\n<td width=\"212\">Modelo<\/td>\n<td width=\"178\">SJ-50-PLA800<\/td>\n<td width=\"175\">SJ-55-PLA1000<\/td>\n<\/tr>\n<tr>\n<td width=\"212\">Material<\/td>\n<td width=\"178\">Resina PLA biodegrad\u00e1vel<\/td>\n<td width=\"175\">Resina PLA biodegrad\u00e1vel<\/td>\n<\/tr>\n<tr>\n<td width=\"212\">Di\u00e2metro do parafuso<\/td>\n<td width=\"178\">\u03a650<\/td>\n<td width=\"175\">\u03a655<\/td>\n<\/tr>\n<tr>\n<td width=\"212\">Rela\u00e7\u00e3o L\/D<\/td>\n<td width=\"178\">30:1<\/td>\n<td width=\"175\">30:1<\/td>\n<\/tr>\n<tr>\n<td width=\"212\">m\u00e1x.Largura do filme (mm)<\/td>\n<td width=\"178\">800<\/td>\n<td width=\"175\">1000<\/td>\n<\/tr>\n<tr>\n<td width=\"212\">Espessura do filme (mm)<\/td>\n<td width=\"178\">0,015-0,10<\/td>\n<td width=\"175\">0,015-0,10<\/td>\n<\/tr>\n<tr>\n<td width=\"212\">Capacidade de extrus\u00e3o<\/td>\n<td width=\"178\">30-80kg\/h<\/td>\n<td width=\"175\">50-100kg\/h<\/td>\n<\/tr>\n<tr>\n<td width=\"212\">Motor principal<\/td>\n<td width=\"178\">18,5 kW<\/td>\n<td width=\"175\">22kw<\/td>\n<\/tr>\n<tr>\n<td width=\"212\">Caixa de engrenagem de face de dente duro<\/td>\n<td width=\"178\">173#<\/td>\n<td width=\"175\">180#<\/td>\n<\/tr>\n<tr>\n<td width=\"212\">anel de ar<\/td>\n<td width=\"178\">l\u00e1bio duplo<\/td>\n<td width=\"175\">l\u00e1bio duplo<\/td>\n<\/tr>\n<tr>\n<td width=\"212\">Tamanho da m\u00e1quina<\/td>\n<td width=\"178\">4500*2600*5200mm<\/td>\n<td width=\"175\">4900*2600*5200mm<\/td>\n<\/tr>\n<tr>\n<td width=\"212\">Peso<\/td>\n<td width=\"178\">2000kgs<\/td>\n<td width=\"175\">2500kgs<\/td>\n<\/tr>\n<\/tbody>\n<\/table>\n<div id=\"attachment_30878\" style=\"width: 460px\" class=\"wp-caption alignnone\"><img decoding=\"async\" aria-describedby=\"caption-attachment-30878\" class=\"wp-image-30878\" src=\"https:\/\/cortesolda.com.br\/por\/wp-content\/uploads\/2025\/03\/Extrusora-de-Filme-biodegradavel-PBAT.png\" alt=\"Extrusora de Filme biodegrad\u00e1vel\" width=\"450\" height=\"445\" srcset=\"https:\/\/cortesolda.com.br\/por\/wp-content\/uploads\/2025\/03\/Extrusora-de-Filme-biodegradavel-PBAT.png 561w, https:\/\/cortesolda.com.br\/por\/wp-content\/uploads\/2025\/03\/Extrusora-de-Filme-biodegradavel-PBAT-303x300.png 303w, https:\/\/cortesolda.com.br\/por\/wp-content\/uploads\/2025\/03\/Extrusora-de-Filme-biodegradavel-PBAT-430x425.png 430w, https:\/\/cortesolda.com.br\/por\/wp-content\/uploads\/2025\/03\/Extrusora-de-Filme-biodegradavel-PBAT-150x148.png 150w\" sizes=\"(max-width: 450px) 100vw, 450px\" \/><p id=\"caption-attachment-30878\" class=\"wp-caption-text\">Extrusora de Filme biodegrad\u00e1vel<\/p><\/div>\n<div>\n<p>Instalar m\u00e1quinas na Ar\u00e1bia Saudita.<\/p>\n<p><img loading=\"lazy\" decoding=\"async\" class=\"\" src=\"https:\/\/shopic.mcmcclass.com\/20211128010926567739715.jpg\" alt=\"installment-film-blowing-machine-plastic-bag-machine-in-Saudi-Arabia.jpg\" width=\"477\" height=\"358\" \/><\/p>\n<p>Se voc\u00ea comprar uma m\u00e1quina de cont\u00eainer, embalaremos a m\u00e1quina com filme estir\u00e1vel e carregaremos o cont\u00eainer diretamente<strong>(carga completa do cont\u00eainer FCL).<\/strong><br \/>\n<img decoding=\"async\" src=\"https:\/\/shopic.mcmcclass.com\/20211128010926530355925.jpg\" alt=\"film-blowing-machine-loading-container-export.jpg\" \/><br \/>\nSe voc\u00ea comprar apenas uma m\u00e1quina, embalaremos a m\u00e1quina com pacote de madeira e carregaremos o cont\u00eainer com<strong>\u00a0<\/strong><strong>Menos que a carga do cont\u00eainer (LCL).<\/strong><\/p>\n<p><img decoding=\"async\" src=\"https:\/\/shopic.mcmcclass.com\/20211128010926534001482.jpg\" alt=\"film-blowing-machine-with-wooden-pack.jpg\" width=\"500\" \/><\/p>\n<p>Nosso cooperador de pe\u00e7as principais como a seguinte marca, mas pe\u00e7as padr\u00e3o todas fabricadas na China.<\/p>\n<p><img decoding=\"async\" src=\"https:\/\/shopic.mcmcclass.com\/20211128010926518211003.jpg\" alt=\"filmblowingmachineparts.jpg\" width=\"500\" \/><\/p>\n<p>Como encontrar polietileno para extrus\u00e3o de filme soprado.<br \/>\nA extrus\u00e3o de filme de extrus\u00e3o usa polietileno, como<strong>\u00a0<\/strong><\/p>\n<p><strong>Polietileno de Baixa Densidade (LDPE), Polietileno de Alta Densidade (HDPE) e Polietileno Linear de Baixa Densidade (LLDPE), Polipropileno (PP).<\/strong><br \/>\nAbaixo est\u00e3o os fornecedores de materiais de grandes marcas no mundo, eles abrem escrit\u00f3rios em todo o mundo, voc\u00ea pode verific\u00e1-los no mercado local.<br \/>\n1.<a href=\"http:\/\/www.sabic.com\/\" rel=\"noopener\"><strong><u>Sabic Saudi Basic Industries Corporation<\/u><\/strong><\/a><br \/>\n2.<a href=\"http:\/\/www.exxonmobilchemical.com\/\" rel=\"noopener\"><strong><u>ExxonMobil Chemical Company<\/u><\/strong><\/a><br \/>\n3.<a href=\"http:\/\/www.dow.com\/\" rel=\"noopener\"><strong><u>Dow Chemical Company<\/u><\/strong><\/a><strong>\u00a0<\/strong><\/p>\n<p><strong><img decoding=\"async\" src=\"https:\/\/shopic.mcmcclass.com\/20211128010926550748972.jpg\" alt=\"polyethylene-HDPE-LDPE-supplier.jpg\" width=\"500\" \/><\/strong><\/p>\n<p><strong><img decoding=\"async\" src=\"https:\/\/shopic.mcmcclass.com\/20211228114650196065744.jpg\" alt=\"\u6bcf\u4e2a\u4ea7\u54c1\u540e\u9762\u90fd\u653e\u4e0a\u8fd9\u4e2a\u56fe\u7247 01.jpg\" width=\"500\" \/><\/strong><\/p>\n<\/div>\n<\/div>\n<\/div>\n","protected":false},"excerpt":{"rendered":"<p class=\"product-des\">M\u00e1quina de sopro de filme pl\u00e1stico biodegrad\u00e1vel adequada para produzir filme pl\u00e1stico biodegrad\u00e1vel, filme PLA, filme PBAT, filme PVA.<\/p>\n<div class=\"productDetailBtn btn productContact\" data-toggle=\"modal\" data-pid=\"bf3d243a59e04fe3936552fd456e5679\" data-picimg=\"https:\/\/shopic.mcmcclass.com\/20211228132735115666706.jpg\" data-picname=\"M\u00e1quina sopradora de filme pl\u00e1stico biodegrad\u00e1vel\" data-target=\"#productModal\">Contate-Nos<\/div>\n<div class=\"inquiryBasket\"><\/div>\n","protected":false},"featured_media":30006,"comment_status":"closed","ping_status":"closed","template":"","meta":{"_acf_changed":false,"_oss_video_url":""},"product_brand":[],"product_cat":[79],"product_tag":[],"class_list":{"0":"post-30004","1":"product","2":"type-product","3":"status-publish","4":"has-post-thumbnail","6":"product_cat-extrusora-de-filme","8":"first","9":"instock","10":"shipping-taxable","11":"product-type-simple"},"acf":[],"_links":{"self":[{"href":"https:\/\/cortesolda.com.br\/por\/wp-json\/wp\/v2\/product\/30004","targetHints":{"allow":["GET"]}}],"collection":[{"href":"https:\/\/cortesolda.com.br\/por\/wp-json\/wp\/v2\/product"}],"about":[{"href":"https:\/\/cortesolda.com.br\/por\/wp-json\/wp\/v2\/types\/product"}],"replies":[{"embeddable":true,"href":"https:\/\/cortesolda.com.br\/por\/wp-json\/wp\/v2\/comments?post=30004"}],"version-history":[{"count":0,"href":"https:\/\/cortesolda.com.br\/por\/wp-json\/wp\/v2\/product\/30004\/revisions"}],"wp:featuredmedia":[{"embeddable":true,"href":"https:\/\/cortesolda.com.br\/por\/wp-json\/wp\/v2\/media\/30006"}],"wp:attachment":[{"href":"https:\/\/cortesolda.com.br\/por\/wp-json\/wp\/v2\/media?parent=30004"}],"wp:term":[{"taxonomy":"product_brand","embeddable":true,"href":"https:\/\/cortesolda.com.br\/por\/wp-json\/wp\/v2\/product_brand?post=30004"},{"taxonomy":"product_cat","embeddable":true,"href":"https:\/\/cortesolda.com.br\/por\/wp-json\/wp\/v2\/product_cat?post=30004"},{"taxonomy":"product_tag","embeddable":true,"href":"https:\/\/cortesolda.com.br\/por\/wp-json\/wp\/v2\/product_tag?post=30004"}],"curies":[{"name":"wp","href":"https:\/\/api.w.org\/{rel}","templated":true}]}}