{"id":30024,"date":"2025-03-28T14:39:04","date_gmt":"2025-03-28T06:39:04","guid":{"rendered":"https:\/\/hotpink-lyrebird-701956.hostingersite.com\/?post_type=product&#038;p=30024"},"modified":"2025-07-27T18:23:04","modified_gmt":"2025-07-27T10:23:04","slug":"extrusora-de-filme-termorretratil-pe","status":"publish","type":"product","link":"https:\/\/cortesolda.com.br\/por\/extrusora-de-filme-termorretratil-pe","title":{"rendered":"Extrusora de Filme termorretr\u00e1til PE"},"content":{"rendered":"<div id=\"tab-desc\" class=\"tab-pane active\" role=\"tabpanel\">\n<div class=\"ProductAttr\">\n<div class=\"ProductAttrItem\">\n<div class=\"ProductAttr-title\" data-rm-block-id=\"block-1\">Extrusora de Filme termorretr\u00e1til PE<\/div>\n<\/div>\n<\/div>\n<div class=\"product-tab-desc\">\n<p data-rm-block-id=\"block-2\">Extrusora de Filme termorretr\u00e1til PE Caracter\u00edsticas:<br \/>\n1. O inversor controla a velocidade da m\u00e1quina, economizando energia e reduzindo custos;<br \/>\n2. Rosca e cilindro de alta qualidade, resistentes \u00e0 corros\u00e3o e de longa dura\u00e7\u00e3o;<br \/>\n3. Controle de temperatura da rosca totalmente autom\u00e1tico;<br \/>\n4. Mat\u00e9rias-primas: polietileno PEBD, PEBDLL;<br \/>\n5. Masterbatch: vermelho, preto, amarelo&#8230;<br \/>\n6. Largura do filme: 100 mm a 3000 mm;<br \/>\n7. Voltagem: 220 V, 380 V, 440 V e 480 V, podendo ser produzida de acordo com as necessidades do cliente;<br \/>\n8. Cores da m\u00e1quina: vermelho, preto, branco, azul, verde&#8230; podendo ser produzida de acordo com as necessidades do cliente;<br \/>\n9. O per\u00edodo de garantia da m\u00e1quina \u00e9 de 1 ano;<br \/>\n10. A m\u00e1quina \u00e9 f\u00e1cil de operar e tem uma vida \u00fatil de mais de 15 anos;<\/p>\n<div id=\"attachment_30893\" style=\"width: 474px\" class=\"wp-caption alignnone\"><img fetchpriority=\"high\" decoding=\"async\" aria-describedby=\"caption-attachment-30893\" class=\" wp-image-30893\" src=\"https:\/\/cortesolda.com.br\/por\/wp-content\/uploads\/2025\/03\/Extrusora-de-Filme-termorretratil-PE.webp\" alt=\"Extrusora de Filme termorretr\u00e1til PE\" width=\"464\" height=\"185\" srcset=\"https:\/\/cortesolda.com.br\/por\/wp-content\/uploads\/2025\/03\/Extrusora-de-Filme-termorretratil-PE.webp 1088w, https:\/\/cortesolda.com.br\/por\/wp-content\/uploads\/2025\/03\/Extrusora-de-Filme-termorretratil-PE-400x160.webp 400w, https:\/\/cortesolda.com.br\/por\/wp-content\/uploads\/2025\/03\/Extrusora-de-Filme-termorretratil-PE-768x306.webp 768w, https:\/\/cortesolda.com.br\/por\/wp-content\/uploads\/2025\/03\/Extrusora-de-Filme-termorretratil-PE-430x172.webp 430w, https:\/\/cortesolda.com.br\/por\/wp-content\/uploads\/2025\/03\/Extrusora-de-Filme-termorretratil-PE-700x279.webp 700w, https:\/\/cortesolda.com.br\/por\/wp-content\/uploads\/2025\/03\/Extrusora-de-Filme-termorretratil-PE-150x60.webp 150w\" sizes=\"(max-width: 464px) 100vw, 464px\" \/><p id=\"caption-attachment-30893\" class=\"wp-caption-text\">Extrusora de Filme termorretr\u00e1til PE<\/p><\/div>\n<p data-rm-block-id=\"block-3\"><strong>Equipamentos Opcionais:<\/strong><\/p>\n<p data-rm-block-id=\"block-4\">1)Carregador Autom\u00e1tico<br \/>\n2) Compressor de ar<br \/>\n3) Para cima e para baixo<br \/>\n4)Eixo de ar<br \/>\n5) Dispositivo de dosagem de masterbatch<br \/>\n6) Trocador autom\u00e1tico de enrolador<br \/>\n7) Tratamento de Corona<\/p>\n<table>\n<tbody>\n<tr>\n<td width=\"154\" data-rm-block-id=\"block-5\">Modelo<\/td>\n<td width=\"132\" data-rm-block-id=\"block-6\">SJ-B50<\/td>\n<td width=\"94\" data-rm-block-id=\"block-7\">SJ-B55<\/td>\n<td width=\"85\" data-rm-block-id=\"block-8\">SJ-B60<\/td>\n<td width=\"85\" data-rm-block-id=\"block-9\">SJ-B65-1<\/td>\n<\/tr>\n<tr>\n<td width=\"154\" data-rm-block-id=\"block-10\">Material<\/td>\n<td colspan=\"4\" width=\"396\" data-rm-block-id=\"block-11\">Mat\u00e9ria-prima LLDPE<\/td>\n<\/tr>\n<tr>\n<td width=\"154\" data-rm-block-id=\"block-12\">Uso<\/td>\n<td colspan=\"4\" width=\"396\" data-rm-block-id=\"block-13\">Filme retr\u00e1til a quente<\/td>\n<\/tr>\n<tr>\n<td width=\"154\" data-rm-block-id=\"block-14\">Cabe\u00e7a morta<\/td>\n<td colspan=\"4\" width=\"396\" data-rm-block-id=\"block-15\">Estrutura especial para filme termoencolh\u00edvel<\/td>\n<\/tr>\n<tr>\n<td width=\"154\" data-rm-block-id=\"block-16\">Di\u00e2metro do parafuso<\/td>\n<td width=\"132\" data-rm-block-id=\"block-17\">f50<\/td>\n<td width=\"94\" data-rm-block-id=\"block-18\">f55<\/td>\n<td width=\"85\" data-rm-block-id=\"block-19\">f60<\/td>\n<td width=\"85\" data-rm-block-id=\"block-20\">f65<\/td>\n<\/tr>\n<tr>\n<td width=\"154\" data-rm-block-id=\"block-21\">Di\u00e2metro reduzido do filme<\/td>\n<td width=\"132\" data-rm-block-id=\"block-22\">100-600 mm<\/td>\n<td width=\"94\" data-rm-block-id=\"block-23\">200-800 mm<\/td>\n<td width=\"85\" data-rm-block-id=\"block-24\">300-1000 mm<\/td>\n<td width=\"85\" data-rm-block-id=\"block-25\">400-1200 mm<\/td>\n<\/tr>\n<tr>\n<td width=\"154\" data-rm-block-id=\"block-26\">Espessura do filme de um lado<\/td>\n<td colspan=\"4\" width=\"396\" data-rm-block-id=\"block-27\">0,015-0,10 mm<\/td>\n<\/tr>\n<tr>\n<td width=\"154\" data-rm-block-id=\"block-28\">Capacidade m\u00e1x. (Kg\/h)<\/td>\n<td width=\"132\" data-rm-block-id=\"block-29\">35<\/td>\n<td width=\"94\" data-rm-block-id=\"block-30\">50<\/td>\n<td width=\"85\" data-rm-block-id=\"block-31\">60<\/td>\n<td width=\"85\" data-rm-block-id=\"block-32\">80<\/td>\n<\/tr>\n<tr>\n<td width=\"154\" data-rm-block-id=\"block-33\">Rela\u00e7\u00e3o do Parafuso L\/D<\/td>\n<td width=\"132\" data-rm-block-id=\"block-34\">28:1<\/td>\n<td width=\"94\" data-rm-block-id=\"block-35\">28:1<\/td>\n<td width=\"85\" data-rm-block-id=\"block-36\">28:1<\/td>\n<td width=\"85\" data-rm-block-id=\"block-37\">28:1<\/td>\n<\/tr>\n<tr>\n<td width=\"154\" data-rm-block-id=\"block-38\">Material do parafuso<\/td>\n<td width=\"132\" data-rm-block-id=\"block-39\">38CrMoAl<\/td>\n<td width=\"94\" data-rm-block-id=\"block-40\">38CrMoAl<\/td>\n<td width=\"85\" data-rm-block-id=\"block-41\">38CrMoAl<\/td>\n<td width=\"85\" data-rm-block-id=\"block-42\">38CrMoAl<\/td>\n<\/tr>\n<tr>\n<td width=\"154\" data-rm-block-id=\"block-43\">Pot\u00eancia do motor principal<\/td>\n<td width=\"132\" data-rm-block-id=\"block-44\">11kw<\/td>\n<td width=\"94\" data-rm-block-id=\"block-45\">15kw<\/td>\n<td width=\"85\" data-rm-block-id=\"block-46\">18,5 kW<\/td>\n<td width=\"85\" data-rm-block-id=\"block-47\">22kw<\/td>\n<\/tr>\n<tr>\n<td width=\"154\" data-rm-block-id=\"block-48\">Poder de Tra\u00e7\u00e3o<\/td>\n<td width=\"132\" data-rm-block-id=\"block-49\">1,1 kW<\/td>\n<td width=\"94\" data-rm-block-id=\"block-50\">1,1 kW<\/td>\n<td width=\"85\" data-rm-block-id=\"block-51\">1,5 kW<\/td>\n<td width=\"85\" data-rm-block-id=\"block-52\">1,5 kW<\/td>\n<\/tr>\n<tr>\n<td width=\"154\" data-rm-block-id=\"block-53\">Pot\u00eancia de aquecimento<\/td>\n<td width=\"132\" data-rm-block-id=\"block-54\">11kw<\/td>\n<td width=\"94\" data-rm-block-id=\"block-55\">13kw<\/td>\n<td width=\"85\" data-rm-block-id=\"block-56\">19kw<\/td>\n<td width=\"85\" data-rm-block-id=\"block-57\">21kw<\/td>\n<\/tr>\n<tr>\n<td width=\"154\" data-rm-block-id=\"block-58\">Tamanho da m\u00e1quina<\/td>\n<td width=\"132\" data-rm-block-id=\"block-59\">4,8 x 1,9 x 3,8 m<\/td>\n<td width=\"94\" data-rm-block-id=\"block-60\">5,5&#215;2,1&#215;4,6m<\/td>\n<td width=\"85\" data-rm-block-id=\"block-61\">6,5 x 2,3 x 5,2 m<\/td>\n<td width=\"85\" data-rm-block-id=\"block-62\">6,5 x 2,5 x 5,2 m<\/td>\n<\/tr>\n<tr>\n<td width=\"154\" data-rm-block-id=\"block-63\">Peso(T)<\/td>\n<td width=\"132\" data-rm-block-id=\"block-64\">1,5T<\/td>\n<td width=\"94\" data-rm-block-id=\"block-65\">2t<\/td>\n<td width=\"85\" data-rm-block-id=\"block-66\">2,3T<\/td>\n<td width=\"85\" data-rm-block-id=\"block-67\">2,6T<\/td>\n<\/tr>\n<tr>\n<td width=\"154\" data-rm-block-id=\"block-68\">Estrutura do enrolador<\/td>\n<td colspan=\"4\" width=\"396\" data-rm-block-id=\"block-69\">Dobrador de lado duplo (dobrador de costas para tr\u00e1s)<\/td>\n<\/tr>\n<tr>\n<td width=\"154\" data-rm-block-id=\"block-70\">Tens\u00e3o de energia<\/td>\n<td colspan=\"4\" width=\"396\" data-rm-block-id=\"block-71\">220 V, 380 V, 440 V, 480 V (Personalizado com base no pedido, por exemplo: EUA 480 V 60 Hz, M\u00e9xico 440 V\/220 V 60 Hz, Ar\u00e1bia Saudita 380 V 60 Hz, Nig\u00e9ria 415 V 50 Hz&#8230;)<\/td>\n<\/tr>\n<tr>\n<td width=\"154\" data-rm-block-id=\"block-72\">Tempo de entrega<\/td>\n<td colspan=\"4\" width=\"396\" data-rm-block-id=\"block-73\">30-40 dias<\/td>\n<\/tr>\n<tr>\n<td width=\"154\" data-rm-block-id=\"block-74\">Di\u00e2metro do n\u00facleo do material<\/td>\n<td colspan=\"4\" width=\"396\" data-rm-block-id=\"block-75\">76mm (3 polegadas)<\/td>\n<\/tr>\n<tr>\n<td width=\"154\" data-rm-block-id=\"block-76\">Tempo de trabalho da m\u00e1quina<\/td>\n<td colspan=\"4\" width=\"396\" data-rm-block-id=\"block-77\">24 horas * 7 dias<\/td>\n<\/tr>\n<tr>\n<td width=\"154\" data-rm-block-id=\"block-78\">garantia<\/td>\n<td colspan=\"4\" width=\"396\" data-rm-block-id=\"block-79\">1 ano<\/td>\n<\/tr>\n<tr>\n<td width=\"154\" data-rm-block-id=\"block-80\">Dispositivos Opcionais<\/td>\n<td colspan=\"4\" width=\"396\" data-rm-block-id=\"block-81\">Carregador autom\u00e1tico, sistema de dosagem de masterbatch, cabe\u00e7ote rotativo, controlador de bolhas, tratador corona, rolo de grava\u00e7\u00e3o, enrolador autom\u00e1tico<\/td>\n<\/tr>\n<tr>\n<td width=\"154\" data-rm-block-id=\"block-82\">Assist\u00eancia t\u00e9cnica<\/td>\n<td colspan=\"4\" width=\"396\" data-rm-block-id=\"block-83\">Engenheiros dispon\u00edveis para atender m\u00e1quinas no exterior<\/td>\n<\/tr>\n<\/tbody>\n<\/table>\n<p data-rm-block-id=\"block-84\">\u203bAs especifica\u00e7\u00f5es corretas dependem do modelo real. Todas as especifica\u00e7\u00f5es est\u00e3o sujeitas a altera\u00e7\u00f5es sem aviso pr\u00e9vio.<\/p>\n<p data-rm-block-id=\"block-85\">Instalar m\u00e1quinas na Ar\u00e1bia Saudita.<\/p>\n<p data-rm-block-id=\"block-86\"><img decoding=\"async\" class=\"alignnone wp-image-30852\" src=\"https:\/\/cortesolda.com.br\/por\/wp-content\/uploads\/2025\/03\/Instalar-maquinas-na-Arabia-Saudita.webp\" alt=\"\" width=\"450\" height=\"338\" srcset=\"https:\/\/cortesolda.com.br\/por\/wp-content\/uploads\/2025\/03\/Instalar-maquinas-na-Arabia-Saudita.webp 700w, https:\/\/cortesolda.com.br\/por\/wp-content\/uploads\/2025\/03\/Instalar-maquinas-na-Arabia-Saudita-400x300.webp 400w, https:\/\/cortesolda.com.br\/por\/wp-content\/uploads\/2025\/03\/Instalar-maquinas-na-Arabia-Saudita-430x323.webp 430w, https:\/\/cortesolda.com.br\/por\/wp-content\/uploads\/2025\/03\/Instalar-maquinas-na-Arabia-Saudita-150x113.webp 150w\" sizes=\"(max-width: 450px) 100vw, 450px\" \/><\/p>\n<p data-rm-block-id=\"block-87\">Se voc\u00ea comprar uma m\u00e1quina de cont\u00eainer, embalaremos a m\u00e1quina com filme estir\u00e1vel e carregaremos o cont\u00eainer diretamente<strong>(carga completa do cont\u00eainer FCL).<\/strong><br \/>\n<img decoding=\"async\" class=\"alignnone wp-image-30851\" src=\"https:\/\/cortesolda.com.br\/por\/wp-content\/uploads\/2025\/03\/Se-voce-comprar-uma-maquina-de-conteiner.webp\" alt=\"\" width=\"450\" height=\"450\" srcset=\"https:\/\/cortesolda.com.br\/por\/wp-content\/uploads\/2025\/03\/Se-voce-comprar-uma-maquina-de-conteiner.webp 497w, https:\/\/cortesolda.com.br\/por\/wp-content\/uploads\/2025\/03\/Se-voce-comprar-uma-maquina-de-conteiner-300x300.webp 300w, https:\/\/cortesolda.com.br\/por\/wp-content\/uploads\/2025\/03\/Se-voce-comprar-uma-maquina-de-conteiner-150x150.webp 150w, https:\/\/cortesolda.com.br\/por\/wp-content\/uploads\/2025\/03\/Se-voce-comprar-uma-maquina-de-conteiner-430x430.webp 430w\" sizes=\"(max-width: 450px) 100vw, 450px\" \/><br \/>\nSe voc\u00ea comprar apenas uma m\u00e1quina, embalaremos a m\u00e1quina com embalagem de madeira e carregaremos o cont\u00eainer com<strong>\u00a0<\/strong><strong>Menos que a carga do cont\u00eainer (LCL).<\/strong><\/p>\n<p data-rm-block-id=\"block-88\"><img loading=\"lazy\" decoding=\"async\" class=\"alignnone wp-image-30850\" src=\"https:\/\/cortesolda.com.br\/por\/wp-content\/uploads\/2025\/03\/Menos-que-a-carga-do-conteiner-LCL.webp\" alt=\"\" width=\"450\" height=\"338\" srcset=\"https:\/\/cortesolda.com.br\/por\/wp-content\/uploads\/2025\/03\/Menos-que-a-carga-do-conteiner-LCL.webp 992w, https:\/\/cortesolda.com.br\/por\/wp-content\/uploads\/2025\/03\/Menos-que-a-carga-do-conteiner-LCL-400x300.webp 400w, https:\/\/cortesolda.com.br\/por\/wp-content\/uploads\/2025\/03\/Menos-que-a-carga-do-conteiner-LCL-768x576.webp 768w, https:\/\/cortesolda.com.br\/por\/wp-content\/uploads\/2025\/03\/Menos-que-a-carga-do-conteiner-LCL-430x323.webp 430w, https:\/\/cortesolda.com.br\/por\/wp-content\/uploads\/2025\/03\/Menos-que-a-carga-do-conteiner-LCL-700x525.webp 700w, https:\/\/cortesolda.com.br\/por\/wp-content\/uploads\/2025\/03\/Menos-que-a-carga-do-conteiner-LCL-150x113.webp 150w\" sizes=\"(max-width: 450px) 100vw, 450px\" \/><\/p>\n<p data-rm-block-id=\"block-89\">Nosso cooperador de pe\u00e7as principais como a seguinte marca, mas pe\u00e7as padr\u00e3o todas fabricadas na China.<\/p>\n<p data-rm-block-id=\"block-90\"><img loading=\"lazy\" decoding=\"async\" class=\"wp-image-30678\" src=\"https:\/\/cortesolda.com.br\/por\/wp-content\/uploads\/2025\/03\/Nosso-principal-parceiro-de-pecas-e-a-seguinte-marca.jpg\" alt=\"Nosso principal parceiro de pe\u00e7as \u00e9 a seguinte marca\" width=\"450\" height=\"259\" srcset=\"https:\/\/cortesolda.com.br\/por\/wp-content\/uploads\/2025\/03\/Nosso-principal-parceiro-de-pecas-e-a-seguinte-marca.jpg 875w, https:\/\/cortesolda.com.br\/por\/wp-content\/uploads\/2025\/03\/Nosso-principal-parceiro-de-pecas-e-a-seguinte-marca-400x230.jpg 400w, https:\/\/cortesolda.com.br\/por\/wp-content\/uploads\/2025\/03\/Nosso-principal-parceiro-de-pecas-e-a-seguinte-marca-768x442.jpg 768w, https:\/\/cortesolda.com.br\/por\/wp-content\/uploads\/2025\/03\/Nosso-principal-parceiro-de-pecas-e-a-seguinte-marca-430x248.jpg 430w, https:\/\/cortesolda.com.br\/por\/wp-content\/uploads\/2025\/03\/Nosso-principal-parceiro-de-pecas-e-a-seguinte-marca-700x403.jpg 700w, https:\/\/cortesolda.com.br\/por\/wp-content\/uploads\/2025\/03\/Nosso-principal-parceiro-de-pecas-e-a-seguinte-marca-150x86.jpg 150w\" sizes=\"(max-width: 450px) 100vw, 450px\" \/><\/p>\n<p data-rm-block-id=\"block-91\">Nosso principal parceiro de pe\u00e7as \u00e9 a seguinte marcaComo encontrar polietileno para extrus\u00e3o de filme soprado.<br \/>\nA extrus\u00e3o de filme de extrus\u00e3o usa polietileno, como<strong>\u00a0<\/strong><\/p>\n<p data-rm-block-id=\"block-92\"><strong>Polietileno de Baixa Densidade (LDPE), Polietileno de Alta Densidade (HDPE) e Polietileno Linear de Baixa Densidade (LLDPE), Polipropileno (PP).<\/strong><br \/>\nAbaixo est\u00e3o os fornecedores de materiais de grandes marcas no mundo, eles abrem escrit\u00f3rios em todo o mundo, voc\u00ea pode verific\u00e1-los no mercado local.<br \/>\n1.<a href=\"http:\/\/www.sabic.com\/\" rel=\"noopener\"><strong><u>Sabic Saudi Basic Industries Corporation<\/u><\/strong><\/a><br \/>\n2.<a href=\"http:\/\/www.exxonmobilchemical.com\/\" rel=\"noopener\"><strong><u>ExxonMobil Chemical Company<\/u><\/strong><\/a><br \/>\n3.<a href=\"http:\/\/www.dow.com\/\" rel=\"noopener\"><strong><u>Dow Chemical Company<\/u><\/strong><\/a><strong>\u00a0<\/strong><\/p>\n<p data-rm-block-id=\"block-93\"><img loading=\"lazy\" decoding=\"async\" class=\"alignnone wp-image-30728\" src=\"https:\/\/cortesolda.com.br\/por\/wp-content\/uploads\/2025\/03\/Fornecedores-de-materia-prima-de-polietileno.jpg\" alt=\"Fornecedores de mat\u00e9ria prima de polietileno\" width=\"450\" height=\"450\" srcset=\"https:\/\/cortesolda.com.br\/por\/wp-content\/uploads\/2025\/03\/Fornecedores-de-materia-prima-de-polietileno.jpg 400w, https:\/\/cortesolda.com.br\/por\/wp-content\/uploads\/2025\/03\/Fornecedores-de-materia-prima-de-polietileno-300x300.jpg 300w, https:\/\/cortesolda.com.br\/por\/wp-content\/uploads\/2025\/03\/Fornecedores-de-materia-prima-de-polietileno-150x150.jpg 150w\" sizes=\"(max-width: 450px) 100vw, 450px\" \/><\/p>\n<div class=\"product-tab-desc\">\n<div id=\"attachment_29719\" class=\"wp-caption alignnone\" data-rm-block-id=\"block-62\">\n<div id=\"attachment_30682\" class=\"wp-caption alignnone\" style=\"width: 448px;\">\n<div id=\"attachment_30728\" class=\"wp-caption alignnone\" style=\"width: 442px;\">\n<p id=\"caption-attachment-30728\" class=\"wp-caption-text\" data-rm-block-id=\"block-94\">f\u00e1brica do cliente<\/p>\n<div id=\"attachment_30768\" style=\"width: 460px\" class=\"wp-caption alignnone\"><img loading=\"lazy\" decoding=\"async\" aria-describedby=\"caption-attachment-30768\" class=\"wp-image-30768\" src=\"https:\/\/cortesolda.com.br\/por\/wp-content\/uploads\/2025\/03\/instalar-maquina-de-filme-stretch-na-fabrica-do-clientes.jpg\" alt=\"instalar m\u00e1quina de filme stretch na f\u00e1brica do cliente.\" width=\"450\" height=\"450\" srcset=\"https:\/\/cortesolda.com.br\/por\/wp-content\/uploads\/2025\/03\/instalar-maquina-de-filme-stretch-na-fabrica-do-clientes.jpg 468w, https:\/\/cortesolda.com.br\/por\/wp-content\/uploads\/2025\/03\/instalar-maquina-de-filme-stretch-na-fabrica-do-clientes-300x300.jpg 300w, https:\/\/cortesolda.com.br\/por\/wp-content\/uploads\/2025\/03\/instalar-maquina-de-filme-stretch-na-fabrica-do-clientes-150x150.jpg 150w, https:\/\/cortesolda.com.br\/por\/wp-content\/uploads\/2025\/03\/instalar-maquina-de-filme-stretch-na-fabrica-do-clientes-430x430.jpg 430w\" sizes=\"(max-width: 450px) 100vw, 450px\" \/><p id=\"caption-attachment-30768\" class=\"wp-caption-text\">instalar m\u00e1quina de filme stretch na f\u00e1brica do cliente.<\/p><\/div>\n<\/div>\n<div class=\"product-tab-desc\">\n<div id=\"attachment_29712\" class=\"wp-caption alignnone\" data-rm-block-id=\"block-60\">\n<div id=\"attachment_30680\" class=\"wp-caption alignnone\" style=\"width: 450px;\">\n<p data-rm-block-id=\"block-95\"><img loading=\"lazy\" decoding=\"async\" class=\" wp-image-30680\" src=\"https:\/\/cortesolda.com.br\/por\/wp-content\/uploads\/2025\/03\/fornecedor-de-pecas-plasticas-para-maquinas.webp\" sizes=\"(max-width: 466px) 100vw, 466px\" srcset=\"https:\/\/cortesolda.com.br\/por\/wp-content\/uploads\/2025\/03\/fornecedor-de-pecas-plasticas-para-maquinas.webp 497w, https:\/\/cortesolda.com.br\/por\/wp-content\/uploads\/2025\/03\/fornecedor-de-pecas-plasticas-para-maquinas-300x300.webp 300w, https:\/\/cortesolda.com.br\/por\/wp-content\/uploads\/2025\/03\/fornecedor-de-pecas-plasticas-para-maquinas-150x150.webp 150w, https:\/\/cortesolda.com.br\/por\/wp-content\/uploads\/2025\/03\/fornecedor-de-pecas-plasticas-para-maquinas-430x430.webp 430w\" alt=\"fornecedor de pe\u00e7as pl\u00e1sticas para m\u00e1quinas\" width=\"450\" height=\"450\" aria-describedby=\"caption-attachment-30680\" \/><\/p>\n<p id=\"caption-attachment-30680\" class=\"wp-caption-text\" data-rm-block-id=\"block-96\">f\u00e1brica do cliente<\/p>\n<\/div>\n<\/div>\n<div id=\"attachment_29712\" class=\"wp-caption alignnone\" data-rm-block-id=\"block-61\">\n<div id=\"attachment_30681\" class=\"wp-caption alignnone\" style=\"width: 455px;\">\n<p data-rm-block-id=\"block-97\"><img loading=\"lazy\" decoding=\"async\" class=\" wp-image-30681\" src=\"https:\/\/cortesolda.com.br\/por\/wp-content\/uploads\/2025\/03\/fabrica-do-cliente.webp\" sizes=\"(max-width: 467px) 100vw, 467px\" srcset=\"https:\/\/cortesolda.com.br\/por\/wp-content\/uploads\/2025\/03\/fabrica-do-cliente.webp 467w, https:\/\/cortesolda.com.br\/por\/wp-content\/uploads\/2025\/03\/fabrica-do-cliente-296x300.webp 296w, https:\/\/cortesolda.com.br\/por\/wp-content\/uploads\/2025\/03\/fabrica-do-cliente-430x436.webp 430w, https:\/\/cortesolda.com.br\/por\/wp-content\/uploads\/2025\/03\/fabrica-do-cliente-150x152.webp 150w\" alt=\"f\u00e1brica do cliente \" width=\"455\" height=\"462\" aria-describedby=\"caption-attachment-30681\" \/><\/p>\n<p id=\"caption-attachment-30681\" class=\"wp-caption-text\" data-rm-block-id=\"block-98\">m\u00e1quinas exportadas para todo o mundo.<\/p>\n<\/div>\n<\/div>\n<div id=\"attachment_29719\" class=\"wp-caption alignnone\" data-rm-block-id=\"block-62\">\n<div id=\"attachment_30682\" class=\"wp-caption alignnone\" style=\"width: 450px;\">\n<p data-rm-block-id=\"block-99\"><img loading=\"lazy\" decoding=\"async\" class=\" wp-image-30682\" src=\"https:\/\/cortesolda.com.br\/por\/wp-content\/uploads\/2025\/03\/maquinas-exportadas-para-todo-o-mundo.webp\" sizes=\"(max-width: 468px) 100vw, 468px\" srcset=\"https:\/\/cortesolda.com.br\/por\/wp-content\/uploads\/2025\/03\/maquinas-exportadas-para-todo-o-mundo.webp 800w, https:\/\/cortesolda.com.br\/por\/wp-content\/uploads\/2025\/03\/maquinas-exportadas-para-todo-o-mundo-400x202.webp 400w, https:\/\/cortesolda.com.br\/por\/wp-content\/uploads\/2025\/03\/maquinas-exportadas-para-todo-o-mundo-768x387.webp 768w, https:\/\/cortesolda.com.br\/por\/wp-content\/uploads\/2025\/03\/maquinas-exportadas-para-todo-o-mundo-430x217.webp 430w, https:\/\/cortesolda.com.br\/por\/wp-content\/uploads\/2025\/03\/maquinas-exportadas-para-todo-o-mundo-700x353.webp 700w, https:\/\/cortesolda.com.br\/por\/wp-content\/uploads\/2025\/03\/maquinas-exportadas-para-todo-o-mundo-150x76.webp 150w\" alt=\"m\u00e1quinas exportadas para todo o mundo.\" width=\"450\" height=\"227\" aria-describedby=\"caption-attachment-30682\" \/><\/p>\n<p id=\"caption-attachment-30682\" class=\"wp-caption-text\" data-rm-block-id=\"block-100\">Processo de produ\u00e7\u00e3o de sacolas pl\u00e1sticas<\/p>\n<\/div>\n<\/div>\n<div id=\"attachment_29720\" class=\"wp-caption alignnone\" style=\"width: 453px;\">\n<p data-rm-block-id=\"block-101\"><img loading=\"lazy\" decoding=\"async\" class=\" wp-image-30683\" src=\"https:\/\/cortesolda.com.br\/por\/wp-content\/uploads\/2025\/03\/Processo-de-producao-de-sacolas-plasticas.webp\" sizes=\"(max-width: 467px) 100vw, 467px\" srcset=\"https:\/\/cortesolda.com.br\/por\/wp-content\/uploads\/2025\/03\/Processo-de-producao-de-sacolas-plasticas.webp 1038w, https:\/\/cortesolda.com.br\/por\/wp-content\/uploads\/2025\/03\/Processo-de-producao-de-sacolas-plasticas-315x300.webp 315w, https:\/\/cortesolda.com.br\/por\/wp-content\/uploads\/2025\/03\/Processo-de-producao-de-sacolas-plasticas-840x800.webp 840w, https:\/\/cortesolda.com.br\/por\/wp-content\/uploads\/2025\/03\/Processo-de-producao-de-sacolas-plasticas-768x732.webp 768w, https:\/\/cortesolda.com.br\/por\/wp-content\/uploads\/2025\/03\/Processo-de-producao-de-sacolas-plasticas-430x410.webp 430w, https:\/\/cortesolda.com.br\/por\/wp-content\/uploads\/2025\/03\/Processo-de-producao-de-sacolas-plasticas-700x667.webp 700w, https:\/\/cortesolda.com.br\/por\/wp-content\/uploads\/2025\/03\/Processo-de-producao-de-sacolas-plasticas-150x143.webp 150w\" alt=\"Processo de produ\u00e7\u00e3o de sacolas pl\u00e1sticas\" width=\"453\" height=\"432\" \/><\/p>\n<\/div>\n<\/div>\n<\/div>\n<\/div>\n<\/div>\n<\/div>\n<\/div>\n","protected":false},"excerpt":{"rendered":"<p>A m\u00e1quina de sopro de filme retr\u00e1til a quente PE usa material LLDPE para produzir filme retr\u00e1til a quente PE, adequado para embalar garrafa de \u00e1gua, garrafa de Coca-Cola, garrafa de cerveja, palete.<\/p>\n","protected":false},"featured_media":30025,"comment_status":"closed","ping_status":"closed","template":"","meta":{"_acf_changed":false,"_oss_video_url":""},"product_brand":[],"product_cat":[79],"product_tag":[],"class_list":{"0":"post-30024","1":"product","2":"type-product","3":"status-publish","4":"has-post-thumbnail","6":"product_cat-extrusora-de-filme","8":"first","9":"instock","10":"shipping-taxable","11":"product-type-simple"},"acf":[],"_links":{"self":[{"href":"https:\/\/cortesolda.com.br\/por\/wp-json\/wp\/v2\/product\/30024","targetHints":{"allow":["GET"]}}],"collection":[{"href":"https:\/\/cortesolda.com.br\/por\/wp-json\/wp\/v2\/product"}],"about":[{"href":"https:\/\/cortesolda.com.br\/por\/wp-json\/wp\/v2\/types\/product"}],"replies":[{"embeddable":true,"href":"https:\/\/cortesolda.com.br\/por\/wp-json\/wp\/v2\/comments?post=30024"}],"version-history":[{"count":0,"href":"https:\/\/cortesolda.com.br\/por\/wp-json\/wp\/v2\/product\/30024\/revisions"}],"wp:featuredmedia":[{"embeddable":true,"href":"https:\/\/cortesolda.com.br\/por\/wp-json\/wp\/v2\/media\/30025"}],"wp:attachment":[{"href":"https:\/\/cortesolda.com.br\/por\/wp-json\/wp\/v2\/media?parent=30024"}],"wp:term":[{"taxonomy":"product_brand","embeddable":true,"href":"https:\/\/cortesolda.com.br\/por\/wp-json\/wp\/v2\/product_brand?post=30024"},{"taxonomy":"product_cat","embeddable":true,"href":"https:\/\/cortesolda.com.br\/por\/wp-json\/wp\/v2\/product_cat?post=30024"},{"taxonomy":"product_tag","embeddable":true,"href":"https:\/\/cortesolda.com.br\/por\/wp-json\/wp\/v2\/product_tag?post=30024"}],"curies":[{"name":"wp","href":"https:\/\/api.w.org\/{rel}","templated":true}]}}