{"id":30031,"date":"2025-03-28T14:41:10","date_gmt":"2025-03-28T06:41:10","guid":{"rendered":"https:\/\/hotpink-lyrebird-701956.hostingersite.com\/?post_type=product&#038;p=30031"},"modified":"2025-07-27T18:22:48","modified_gmt":"2025-07-27T10:22:48","slug":"maquinas-extrusoras-de-mini-filme","status":"publish","type":"product","link":"https:\/\/cortesolda.com.br\/por\/maquinas-extrusoras-de-mini-filme","title":{"rendered":"M\u00e1quinas Extrusoras de mini filme"},"content":{"rendered":"<div id=\"tab-desc\" class=\"tab-pane active\" role=\"tabpanel\">\n<div class=\"ProductAttr\">\n<div class=\"ProductAttrItem\">\n<div class=\"ProductAttr-title\" data-rm-block-id=\"block-1\">M\u00e1quinas Extrusoras de mini filme<\/div>\n<\/div>\n<\/div>\n<div class=\"product-tab-desc\">\n<p class=\"magic-10\" data-spm-anchor-id=\"a2700.details.0.i23.2d183dbfxSzUhe\" data-rm-block-id=\"block-2\">A M\u00e1quinas Extrusoras de mini filme tem um bom desempenho de economia de energia.design simples e agrad\u00e1vel, f\u00e1cil de operar e economizar seu custo de m\u00e3o de obra.pode funcionar por um longo tempo poucos problemas.<\/p>\n<p data-spm-anchor-id=\"a2700.details.0.i23.2d183dbfxSzUhe\" data-rm-block-id=\"block-2\">Extrusora de Filme PE Caracter\u00edsticas:<br \/>\n1. O inversor controla a velocidade da m\u00e1quina, economizando energia e reduzindo custos;<br \/>\n2. Rosca e cilindro de alta qualidade, resistentes \u00e0 corros\u00e3o e de longa dura\u00e7\u00e3o;<br \/>\n3. Controle de temperatura da rosca totalmente autom\u00e1tico;<br \/>\n4. Mat\u00e9rias-primas: polietileno PEBD, PEAD, PEBDL;<br \/>\n5. Masterbatch: vermelho, preto, amarelo&#8230;<br \/>\n6. Largura do filme: 100 mm a 500mm;<br \/>\n7. Voltagem: 220 V, 380 V, 440 V e 480 V, podendo ser produzida de acordo com as necessidades do cliente;<br \/>\n8. Cores da m\u00e1quina: vermelho, preto, branco, azul, verde&#8230; podendo ser produzida de acordo com as necessidades do cliente;<br \/>\n9. O per\u00edodo de garantia da m\u00e1quina \u00e9 de 1 ano;<br \/>\n10. A m\u00e1quina \u00e9 f\u00e1cil de operar e tem uma vida \u00fatil de mais de 15 anos;<\/p>\n<div id=\"attachment_30901\" style=\"width: 508px\" class=\"wp-caption alignnone\"><img fetchpriority=\"high\" decoding=\"async\" aria-describedby=\"caption-attachment-30901\" class=\" wp-image-30901\" src=\"https:\/\/cortesolda.com.br\/por\/wp-content\/uploads\/2025\/03\/Maquinas-Extrusoras-de-mini-filme.webp\" alt=\"M\u00e1quinas Extrusoras de mini filme\" width=\"498\" height=\"194\" srcset=\"https:\/\/cortesolda.com.br\/por\/wp-content\/uploads\/2025\/03\/Maquinas-Extrusoras-de-mini-filme.webp 1091w, https:\/\/cortesolda.com.br\/por\/wp-content\/uploads\/2025\/03\/Maquinas-Extrusoras-de-mini-filme-400x156.webp 400w, https:\/\/cortesolda.com.br\/por\/wp-content\/uploads\/2025\/03\/Maquinas-Extrusoras-de-mini-filme-768x299.webp 768w, https:\/\/cortesolda.com.br\/por\/wp-content\/uploads\/2025\/03\/Maquinas-Extrusoras-de-mini-filme-430x168.webp 430w, https:\/\/cortesolda.com.br\/por\/wp-content\/uploads\/2025\/03\/Maquinas-Extrusoras-de-mini-filme-700x273.webp 700w, https:\/\/cortesolda.com.br\/por\/wp-content\/uploads\/2025\/03\/Maquinas-Extrusoras-de-mini-filme-150x58.webp 150w\" sizes=\"(max-width: 498px) 100vw, 498px\" \/><p id=\"caption-attachment-30901\" class=\"wp-caption-text\">M\u00e1quinas Extrusoras de mini filme<\/p><\/div>\n<p data-rm-block-id=\"block-5\">Principais Vari\u00e1veis \u200b\u200bT\u00e9cnicas:<\/p>\n<table style=\"width: 581px; height: 1563px;\">\n<tbody>\n<tr style=\"height: 73px;\">\n<td style=\"width: 354px; height: 73px;\" width=\"191\" data-rm-block-id=\"block-6\">Modelo<\/td>\n<td style=\"width: 140px; height: 73px;\" width=\"152\" data-rm-block-id=\"block-7\">SJ-D50<\/td>\n<td style=\"width: 77px; height: 73px;\" width=\"147\" data-rm-block-id=\"block-8\">SJ-D55<\/td>\n<\/tr>\n<tr style=\"height: 66px;\">\n<td style=\"width: 354px; height: 66px;\" width=\"191\" data-rm-block-id=\"block-9\">m\u00e1x.Largura do filme de tubo<\/td>\n<td style=\"width: 140px; height: 66px;\" width=\"152\" data-rm-block-id=\"block-10\">100-600mm<\/td>\n<td style=\"width: 77px; height: 66px;\" width=\"147\" data-rm-block-id=\"block-11\">200-800mm<\/td>\n<\/tr>\n<tr style=\"height: 66px;\">\n<td style=\"width: 354px; height: 66px;\" width=\"191\" data-rm-block-id=\"block-12\">Largura m\u00e1xima de abertura do filme<\/td>\n<td style=\"width: 140px; height: 66px;\" width=\"152\" data-rm-block-id=\"block-13\">1200mm<\/td>\n<td style=\"width: 77px; height: 66px;\" width=\"147\" data-rm-block-id=\"block-14\">1600mm<\/td>\n<\/tr>\n<tr style=\"height: 66px;\">\n<td style=\"width: 354px; height: 66px;\" width=\"191\" data-rm-block-id=\"block-15\">Material<\/td>\n<td style=\"width: 217px; height: 66px;\" colspan=\"2\" width=\"300\" data-rm-block-id=\"block-16\">LDPE,HDPE,LLDPE,reciclar material<\/td>\n<\/tr>\n<tr style=\"height: 92px;\">\n<td style=\"width: 354px; height: 92px;\" width=\"191\" data-rm-block-id=\"block-17\">Cor do filme<\/td>\n<td style=\"width: 217px; height: 92px;\" colspan=\"2\" width=\"300\" data-rm-block-id=\"block-18\">Transparente, preto, vermelho, branco, azul&#8230; cor do saco alterada por mastbatch<\/td>\n<\/tr>\n<tr style=\"height: 92px;\">\n<td style=\"width: 354px; height: 92px;\" width=\"191\" data-rm-block-id=\"block-19\">Uso<\/td>\n<td style=\"width: 217px; height: 92px;\" colspan=\"2\" width=\"300\" data-rm-block-id=\"block-20\">Saco de camiseta de pl\u00e1stico, saco de lixo, filme de embalagem, capa de mesa<\/td>\n<\/tr>\n<tr style=\"height: 66px;\">\n<td style=\"width: 354px; height: 66px;\" width=\"191\" data-rm-block-id=\"block-21\">Di\u00e2metro do parafuso (mm)<\/td>\n<td style=\"width: 140px; height: 66px;\" width=\"152\" data-rm-block-id=\"block-22\">\u03c650<\/td>\n<td style=\"width: 77px; height: 66px;\" width=\"147\" data-rm-block-id=\"block-23\">\u03c655<\/td>\n<\/tr>\n<tr style=\"height: 66px;\">\n<td style=\"width: 354px; height: 66px;\" width=\"191\" data-rm-block-id=\"block-24\">Espessura do filme de um lado<\/td>\n<td style=\"width: 140px; height: 66px;\" width=\"152\" data-rm-block-id=\"block-25\">0,01-0,10 mm<\/td>\n<td style=\"width: 77px; height: 66px;\" width=\"147\" data-rm-block-id=\"block-26\">0,01-0,10 mm<\/td>\n<\/tr>\n<tr style=\"height: 66px;\">\n<td style=\"width: 354px; height: 66px;\" width=\"191\" data-rm-block-id=\"block-27\">Capacidade m\u00e1xima (kg\/h)<\/td>\n<td style=\"width: 140px; height: 66px;\" width=\"152\" data-rm-block-id=\"block-28\">35<\/td>\n<td style=\"width: 77px; height: 66px;\" width=\"147\" data-rm-block-id=\"block-29\">50<\/td>\n<\/tr>\n<tr style=\"height: 66px;\">\n<td style=\"width: 354px; height: 66px;\" width=\"191\" data-rm-block-id=\"block-30\">Rela\u00e7\u00e3o do parafuso L\/D<\/td>\n<td style=\"width: 140px; height: 66px;\" width=\"152\" data-rm-block-id=\"block-31\">28:1<\/td>\n<td style=\"width: 77px; height: 66px;\" width=\"147\" data-rm-block-id=\"block-32\">28:1<\/td>\n<\/tr>\n<tr style=\"height: 92px;\">\n<td style=\"width: 354px; height: 92px;\" width=\"191\" data-rm-block-id=\"block-33\">Motor Principal (KW)<\/td>\n<td style=\"width: 140px; height: 92px;\" width=\"152\" data-rm-block-id=\"block-34\">11<\/td>\n<td style=\"width: 77px; height: 92px;\" width=\"147\" data-rm-block-id=\"block-35\">15<\/td>\n<\/tr>\n<tr style=\"height: 92px;\">\n<td style=\"width: 354px; height: 92px;\" width=\"191\" data-rm-block-id=\"block-36\">Motor de Tra\u00e7\u00e3o (KW)<\/td>\n<td style=\"width: 140px; height: 92px;\" width=\"152\" data-rm-block-id=\"block-37\">1.1<\/td>\n<td style=\"width: 77px; height: 92px;\" width=\"147\" data-rm-block-id=\"block-38\">1.1<\/td>\n<\/tr>\n<tr style=\"height: 66px;\">\n<td style=\"width: 354px; height: 66px;\" width=\"191\" data-rm-block-id=\"block-39\">Pot\u00eancia de aquecimento (KW)<\/td>\n<td style=\"width: 140px; height: 66px;\" width=\"152\" data-rm-block-id=\"block-40\">11<\/td>\n<td style=\"width: 77px; height: 66px;\" width=\"147\" data-rm-block-id=\"block-41\">13<\/td>\n<\/tr>\n<tr style=\"height: 66px;\">\n<td style=\"width: 354px; height: 66px;\" width=\"191\" data-rm-block-id=\"block-42\">Tamanho da m\u00e1quina (cm)<\/td>\n<td style=\"width: 140px; height: 66px;\" width=\"152\" data-rm-block-id=\"block-43\">38\u00d719\u00d730<\/td>\n<td style=\"width: 77px; height: 66px;\" width=\"147\" data-rm-block-id=\"block-44\">55\u00d721\u00d735<\/td>\n<\/tr>\n<tr style=\"height: 66px;\">\n<td style=\"width: 354px; height: 66px;\" width=\"191\" data-rm-block-id=\"block-45\">Peso(T)<\/td>\n<td style=\"width: 140px; height: 66px;\" width=\"152\" data-rm-block-id=\"block-46\">1,5T<\/td>\n<td style=\"width: 77px; height: 66px;\" width=\"147\" data-rm-block-id=\"block-47\">2T<\/td>\n<\/tr>\n<tr style=\"height: 172px;\">\n<td style=\"width: 354px; height: 172px;\" width=\"191\" data-rm-block-id=\"block-48\">Tens\u00e3o de energia<\/td>\n<td style=\"width: 217px; height: 172px;\" colspan=\"2\" width=\"300\" data-rm-block-id=\"block-49\">220 V, 380 V, 440 V, 480 V (Personalizado com base no pedido, Por exemplo: EUA 480 V 60 Hz, M\u00e9xico 440 V\/220 V 60 Hz, Ar\u00e1bia Saudita 380 V 60 Hz, Nig\u00e9ria 415 V 50 Hz&#8230;)<\/td>\n<\/tr>\n<tr style=\"height: 66px;\">\n<td style=\"width: 354px; height: 66px;\" width=\"191\" data-rm-block-id=\"block-50\">Di\u00e2metro do N\u00facleo de Material<\/td>\n<td style=\"width: 217px; height: 66px;\" colspan=\"2\" width=\"300\" data-rm-block-id=\"block-51\">76mm<\/td>\n<\/tr>\n<tr style=\"height: 66px;\">\n<td style=\"width: 354px; height: 66px;\" width=\"191\" data-rm-block-id=\"block-52\">Tempo de trabalho da m\u00e1quina<\/td>\n<td style=\"width: 217px; height: 66px;\" colspan=\"2\" width=\"300\" data-rm-block-id=\"block-53\">24 horas * 7 dias<\/td>\n<\/tr>\n<tr style=\"height: 66px;\">\n<td style=\"width: 354px; height: 66px;\" width=\"191\" data-rm-block-id=\"block-54\">garantia<\/td>\n<td style=\"width: 217px; height: 66px;\" colspan=\"2\" width=\"300\" data-rm-block-id=\"block-55\">1 ano<\/td>\n<\/tr>\n<tr style=\"height: 92px;\">\n<td style=\"width: 354px; height: 92px;\" width=\"191\" data-rm-block-id=\"block-56\">Assist\u00eancia t\u00e9cnica<\/td>\n<td style=\"width: 217px; height: 92px;\" colspan=\"2\" width=\"300\" data-rm-block-id=\"block-57\">Engenheiros dispon\u00edveis para atender m\u00e1quinas no exterior<\/td>\n<\/tr>\n<\/tbody>\n<\/table>\n<div>\n<p data-rm-block-id=\"block-58\">\u203bAs especifica\u00e7\u00f5es corretas dependem do modelo real. Todas as especifica\u00e7\u00f5es est\u00e3o sujeitas a altera\u00e7\u00f5es sem aviso pr\u00e9vio.<\/p>\n<p data-rm-block-id=\"block-59\">Instalar m\u00e1quinas na Ar\u00e1bia Saudita.<\/p>\n<p data-rm-block-id=\"block-60\"><img decoding=\"async\" class=\"alignnone wp-image-30852\" src=\"https:\/\/cortesolda.com.br\/por\/wp-content\/uploads\/2025\/03\/Instalar-maquinas-na-Arabia-Saudita.webp\" alt=\"\" width=\"450\" height=\"338\" srcset=\"https:\/\/cortesolda.com.br\/por\/wp-content\/uploads\/2025\/03\/Instalar-maquinas-na-Arabia-Saudita.webp 700w, https:\/\/cortesolda.com.br\/por\/wp-content\/uploads\/2025\/03\/Instalar-maquinas-na-Arabia-Saudita-400x300.webp 400w, https:\/\/cortesolda.com.br\/por\/wp-content\/uploads\/2025\/03\/Instalar-maquinas-na-Arabia-Saudita-430x323.webp 430w, https:\/\/cortesolda.com.br\/por\/wp-content\/uploads\/2025\/03\/Instalar-maquinas-na-Arabia-Saudita-150x113.webp 150w\" sizes=\"(max-width: 450px) 100vw, 450px\" \/><\/p>\n<p data-rm-block-id=\"block-61\">Se voc\u00ea comprar uma m\u00e1quina de cont\u00eainer, embalaremos a m\u00e1quina com filme estir\u00e1vel e carregaremos o cont\u00eainer diretamente<strong>(carga completa do cont\u00eainer FCL).<\/strong><br \/>\n<img decoding=\"async\" class=\"alignnone wp-image-30851\" src=\"https:\/\/cortesolda.com.br\/por\/wp-content\/uploads\/2025\/03\/Se-voce-comprar-uma-maquina-de-conteiner.webp\" alt=\"\" width=\"450\" height=\"450\" srcset=\"https:\/\/cortesolda.com.br\/por\/wp-content\/uploads\/2025\/03\/Se-voce-comprar-uma-maquina-de-conteiner.webp 497w, https:\/\/cortesolda.com.br\/por\/wp-content\/uploads\/2025\/03\/Se-voce-comprar-uma-maquina-de-conteiner-300x300.webp 300w, https:\/\/cortesolda.com.br\/por\/wp-content\/uploads\/2025\/03\/Se-voce-comprar-uma-maquina-de-conteiner-150x150.webp 150w, https:\/\/cortesolda.com.br\/por\/wp-content\/uploads\/2025\/03\/Se-voce-comprar-uma-maquina-de-conteiner-430x430.webp 430w\" sizes=\"(max-width: 450px) 100vw, 450px\" \/><br \/>\nSe voc\u00ea comprar apenas uma m\u00e1quina, embalaremos a m\u00e1quina com embalagem de madeira e carregaremos o cont\u00eainer com<strong>\u00a0<\/strong><strong>Menos que a carga do cont\u00eainer (LCL).<\/strong><\/p>\n<p data-rm-block-id=\"block-62\"><img loading=\"lazy\" decoding=\"async\" class=\"alignnone wp-image-30850\" src=\"https:\/\/cortesolda.com.br\/por\/wp-content\/uploads\/2025\/03\/Menos-que-a-carga-do-conteiner-LCL.webp\" alt=\"\" width=\"450\" height=\"338\" srcset=\"https:\/\/cortesolda.com.br\/por\/wp-content\/uploads\/2025\/03\/Menos-que-a-carga-do-conteiner-LCL.webp 992w, https:\/\/cortesolda.com.br\/por\/wp-content\/uploads\/2025\/03\/Menos-que-a-carga-do-conteiner-LCL-400x300.webp 400w, https:\/\/cortesolda.com.br\/por\/wp-content\/uploads\/2025\/03\/Menos-que-a-carga-do-conteiner-LCL-768x576.webp 768w, https:\/\/cortesolda.com.br\/por\/wp-content\/uploads\/2025\/03\/Menos-que-a-carga-do-conteiner-LCL-430x323.webp 430w, https:\/\/cortesolda.com.br\/por\/wp-content\/uploads\/2025\/03\/Menos-que-a-carga-do-conteiner-LCL-700x525.webp 700w, https:\/\/cortesolda.com.br\/por\/wp-content\/uploads\/2025\/03\/Menos-que-a-carga-do-conteiner-LCL-150x113.webp 150w\" sizes=\"(max-width: 450px) 100vw, 450px\" \/><\/p>\n<p data-rm-block-id=\"block-63\">Nosso cooperador de pe\u00e7as principais como a seguinte marca, mas pe\u00e7as padr\u00e3o todas fabricadas na China.<\/p>\n<p data-rm-block-id=\"block-64\"><img loading=\"lazy\" decoding=\"async\" class=\"wp-image-30678\" src=\"https:\/\/cortesolda.com.br\/por\/wp-content\/uploads\/2025\/03\/Nosso-principal-parceiro-de-pecas-e-a-seguinte-marca.jpg\" alt=\"Nosso principal parceiro de pe\u00e7as \u00e9 a seguinte marca\" width=\"450\" height=\"259\" srcset=\"https:\/\/cortesolda.com.br\/por\/wp-content\/uploads\/2025\/03\/Nosso-principal-parceiro-de-pecas-e-a-seguinte-marca.jpg 875w, https:\/\/cortesolda.com.br\/por\/wp-content\/uploads\/2025\/03\/Nosso-principal-parceiro-de-pecas-e-a-seguinte-marca-400x230.jpg 400w, https:\/\/cortesolda.com.br\/por\/wp-content\/uploads\/2025\/03\/Nosso-principal-parceiro-de-pecas-e-a-seguinte-marca-768x442.jpg 768w, https:\/\/cortesolda.com.br\/por\/wp-content\/uploads\/2025\/03\/Nosso-principal-parceiro-de-pecas-e-a-seguinte-marca-430x248.jpg 430w, https:\/\/cortesolda.com.br\/por\/wp-content\/uploads\/2025\/03\/Nosso-principal-parceiro-de-pecas-e-a-seguinte-marca-700x403.jpg 700w, https:\/\/cortesolda.com.br\/por\/wp-content\/uploads\/2025\/03\/Nosso-principal-parceiro-de-pecas-e-a-seguinte-marca-150x86.jpg 150w\" sizes=\"(max-width: 450px) 100vw, 450px\" \/><\/p>\n<p data-rm-block-id=\"block-65\">Nosso principal parceiro de pe\u00e7as \u00e9 a seguinte marcaComo encontrar polietileno para extrus\u00e3o de filme soprado.<br \/>\nA extrus\u00e3o de filme de extrus\u00e3o usa polietileno, como<strong>\u00a0<\/strong><\/p>\n<p data-rm-block-id=\"block-66\"><strong>Polietileno de Baixa Densidade (LDPE), Polietileno de Alta Densidade (HDPE) e Polietileno Linear de Baixa Densidade (LLDPE), Polipropileno (PP).<\/strong><br \/>\nAbaixo est\u00e3o os fornecedores de materiais de grandes marcas no mundo, eles abrem escrit\u00f3rios em todo o mundo, voc\u00ea pode verific\u00e1-los no mercado local.<br \/>\n1.<a href=\"http:\/\/www.sabic.com\/\" rel=\"noopener\"><strong><u>Sabic Saudi Basic Industries Corporation<\/u><\/strong><\/a><br \/>\n2.<a href=\"http:\/\/www.exxonmobilchemical.com\/\" rel=\"noopener\"><strong><u>ExxonMobil Chemical Company<\/u><\/strong><\/a><br \/>\n3.<a href=\"http:\/\/www.dow.com\/\" rel=\"noopener\"><strong><u>Dow Chemical Company<\/u><\/strong><\/a><strong>\u00a0<\/strong><\/p>\n<p data-rm-block-id=\"block-67\"><img loading=\"lazy\" decoding=\"async\" class=\"alignnone wp-image-30728\" src=\"https:\/\/cortesolda.com.br\/por\/wp-content\/uploads\/2025\/03\/Fornecedores-de-materia-prima-de-polietileno.jpg\" alt=\"Fornecedores de mat\u00e9ria prima de polietileno\" width=\"450\" height=\"450\" srcset=\"https:\/\/cortesolda.com.br\/por\/wp-content\/uploads\/2025\/03\/Fornecedores-de-materia-prima-de-polietileno.jpg 400w, https:\/\/cortesolda.com.br\/por\/wp-content\/uploads\/2025\/03\/Fornecedores-de-materia-prima-de-polietileno-300x300.jpg 300w, https:\/\/cortesolda.com.br\/por\/wp-content\/uploads\/2025\/03\/Fornecedores-de-materia-prima-de-polietileno-150x150.jpg 150w\" sizes=\"(max-width: 450px) 100vw, 450px\" \/><\/p>\n<div class=\"product-tab-desc\">\n<div id=\"attachment_29719\" class=\"wp-caption alignnone\" data-rm-block-id=\"block-62\">\n<div id=\"attachment_30682\" class=\"wp-caption alignnone\" style=\"width: 448px;\">\n<div id=\"attachment_30728\" class=\"wp-caption alignnone\" style=\"width: 442px;\">\n<p id=\"caption-attachment-30728\" class=\"wp-caption-text\" data-rm-block-id=\"block-68\">f\u00e1brica do cliente<\/p>\n<div id=\"attachment_30768\" style=\"width: 460px\" class=\"wp-caption alignnone\"><img loading=\"lazy\" decoding=\"async\" aria-describedby=\"caption-attachment-30768\" class=\"wp-image-30768\" src=\"https:\/\/cortesolda.com.br\/por\/wp-content\/uploads\/2025\/03\/instalar-maquina-de-filme-stretch-na-fabrica-do-clientes.jpg\" alt=\"instalar m\u00e1quina de filme stretch na f\u00e1brica do cliente.\" width=\"450\" height=\"450\" srcset=\"https:\/\/cortesolda.com.br\/por\/wp-content\/uploads\/2025\/03\/instalar-maquina-de-filme-stretch-na-fabrica-do-clientes.jpg 468w, https:\/\/cortesolda.com.br\/por\/wp-content\/uploads\/2025\/03\/instalar-maquina-de-filme-stretch-na-fabrica-do-clientes-300x300.jpg 300w, https:\/\/cortesolda.com.br\/por\/wp-content\/uploads\/2025\/03\/instalar-maquina-de-filme-stretch-na-fabrica-do-clientes-150x150.jpg 150w, https:\/\/cortesolda.com.br\/por\/wp-content\/uploads\/2025\/03\/instalar-maquina-de-filme-stretch-na-fabrica-do-clientes-430x430.jpg 430w\" sizes=\"(max-width: 450px) 100vw, 450px\" \/><p id=\"caption-attachment-30768\" class=\"wp-caption-text\">instalar m\u00e1quina de filme stretch na f\u00e1brica do cliente.<\/p><\/div>\n<\/div>\n<div class=\"product-tab-desc\">\n<div id=\"attachment_29712\" class=\"wp-caption alignnone\" data-rm-block-id=\"block-60\">\n<div id=\"attachment_30680\" class=\"wp-caption alignnone\" style=\"width: 450px;\">\n<p data-rm-block-id=\"block-69\"><img loading=\"lazy\" decoding=\"async\" class=\" wp-image-30680\" src=\"https:\/\/cortesolda.com.br\/por\/wp-content\/uploads\/2025\/03\/fornecedor-de-pecas-plasticas-para-maquinas.webp\" sizes=\"(max-width: 466px) 100vw, 466px\" srcset=\"https:\/\/cortesolda.com.br\/por\/wp-content\/uploads\/2025\/03\/fornecedor-de-pecas-plasticas-para-maquinas.webp 497w, https:\/\/cortesolda.com.br\/por\/wp-content\/uploads\/2025\/03\/fornecedor-de-pecas-plasticas-para-maquinas-300x300.webp 300w, https:\/\/cortesolda.com.br\/por\/wp-content\/uploads\/2025\/03\/fornecedor-de-pecas-plasticas-para-maquinas-150x150.webp 150w, https:\/\/cortesolda.com.br\/por\/wp-content\/uploads\/2025\/03\/fornecedor-de-pecas-plasticas-para-maquinas-430x430.webp 430w\" alt=\"fornecedor de pe\u00e7as pl\u00e1sticas para m\u00e1quinas\" width=\"450\" height=\"450\" aria-describedby=\"caption-attachment-30680\" \/><\/p>\n<p id=\"caption-attachment-30680\" class=\"wp-caption-text\" data-rm-block-id=\"block-70\">f\u00e1brica do cliente<\/p>\n<\/div>\n<\/div>\n<div id=\"attachment_29712\" class=\"wp-caption alignnone\" data-rm-block-id=\"block-61\">\n<div id=\"attachment_30681\" class=\"wp-caption alignnone\" style=\"width: 455px;\">\n<p data-rm-block-id=\"block-71\"><img loading=\"lazy\" decoding=\"async\" class=\" wp-image-30681\" src=\"https:\/\/cortesolda.com.br\/por\/wp-content\/uploads\/2025\/03\/fabrica-do-cliente.webp\" sizes=\"(max-width: 467px) 100vw, 467px\" srcset=\"https:\/\/cortesolda.com.br\/por\/wp-content\/uploads\/2025\/03\/fabrica-do-cliente.webp 467w, https:\/\/cortesolda.com.br\/por\/wp-content\/uploads\/2025\/03\/fabrica-do-cliente-296x300.webp 296w, https:\/\/cortesolda.com.br\/por\/wp-content\/uploads\/2025\/03\/fabrica-do-cliente-430x436.webp 430w, https:\/\/cortesolda.com.br\/por\/wp-content\/uploads\/2025\/03\/fabrica-do-cliente-150x152.webp 150w\" alt=\"f\u00e1brica do cliente \" width=\"455\" height=\"462\" aria-describedby=\"caption-attachment-30681\" \/><\/p>\n<p id=\"caption-attachment-30681\" class=\"wp-caption-text\" data-rm-block-id=\"block-72\">m\u00e1quinas exportadas para todo o mundo.<\/p>\n<\/div>\n<\/div>\n<div id=\"attachment_29719\" class=\"wp-caption alignnone\" data-rm-block-id=\"block-62\">\n<div id=\"attachment_30682\" class=\"wp-caption alignnone\" style=\"width: 450px;\">\n<p data-rm-block-id=\"block-73\"><img loading=\"lazy\" decoding=\"async\" class=\" wp-image-30682\" src=\"https:\/\/cortesolda.com.br\/por\/wp-content\/uploads\/2025\/03\/maquinas-exportadas-para-todo-o-mundo.webp\" sizes=\"(max-width: 468px) 100vw, 468px\" srcset=\"https:\/\/cortesolda.com.br\/por\/wp-content\/uploads\/2025\/03\/maquinas-exportadas-para-todo-o-mundo.webp 800w, https:\/\/cortesolda.com.br\/por\/wp-content\/uploads\/2025\/03\/maquinas-exportadas-para-todo-o-mundo-400x202.webp 400w, https:\/\/cortesolda.com.br\/por\/wp-content\/uploads\/2025\/03\/maquinas-exportadas-para-todo-o-mundo-768x387.webp 768w, https:\/\/cortesolda.com.br\/por\/wp-content\/uploads\/2025\/03\/maquinas-exportadas-para-todo-o-mundo-430x217.webp 430w, https:\/\/cortesolda.com.br\/por\/wp-content\/uploads\/2025\/03\/maquinas-exportadas-para-todo-o-mundo-700x353.webp 700w, https:\/\/cortesolda.com.br\/por\/wp-content\/uploads\/2025\/03\/maquinas-exportadas-para-todo-o-mundo-150x76.webp 150w\" alt=\"m\u00e1quinas exportadas para todo o mundo.\" width=\"450\" height=\"227\" aria-describedby=\"caption-attachment-30682\" \/><\/p>\n<p id=\"caption-attachment-30682\" class=\"wp-caption-text\" data-rm-block-id=\"block-74\">Processo de produ\u00e7\u00e3o de sacolas pl\u00e1sticas<\/p>\n<\/div>\n<\/div>\n<div id=\"attachment_29720\" class=\"wp-caption alignnone\" style=\"width: 453px;\">\n<p data-rm-block-id=\"block-75\"><img loading=\"lazy\" decoding=\"async\" class=\" wp-image-30683\" src=\"https:\/\/cortesolda.com.br\/por\/wp-content\/uploads\/2025\/03\/Processo-de-producao-de-sacolas-plasticas.webp\" sizes=\"(max-width: 467px) 100vw, 467px\" srcset=\"https:\/\/cortesolda.com.br\/por\/wp-content\/uploads\/2025\/03\/Processo-de-producao-de-sacolas-plasticas.webp 1038w, https:\/\/cortesolda.com.br\/por\/wp-content\/uploads\/2025\/03\/Processo-de-producao-de-sacolas-plasticas-315x300.webp 315w, https:\/\/cortesolda.com.br\/por\/wp-content\/uploads\/2025\/03\/Processo-de-producao-de-sacolas-plasticas-840x800.webp 840w, https:\/\/cortesolda.com.br\/por\/wp-content\/uploads\/2025\/03\/Processo-de-producao-de-sacolas-plasticas-768x732.webp 768w, https:\/\/cortesolda.com.br\/por\/wp-content\/uploads\/2025\/03\/Processo-de-producao-de-sacolas-plasticas-430x410.webp 430w, https:\/\/cortesolda.com.br\/por\/wp-content\/uploads\/2025\/03\/Processo-de-producao-de-sacolas-plasticas-700x667.webp 700w, https:\/\/cortesolda.com.br\/por\/wp-content\/uploads\/2025\/03\/Processo-de-producao-de-sacolas-plasticas-150x143.webp 150w\" alt=\"Processo de produ\u00e7\u00e3o de sacolas pl\u00e1sticas\" width=\"453\" height=\"432\" \/><\/p>\n<\/div>\n<\/div>\n<\/div>\n<\/div>\n<\/div>\n<\/div>\n<\/div>\n<\/div>\n","protected":false},"excerpt":{"rendered":"<p>Mini m\u00e1quina sopradora de filme com altura mais baixa, pode produzir filme LDPE ou HDPE, adequado para produzir largura de filme de 100mm a 500mm.<\/p>\n","protected":false},"featured_media":30032,"comment_status":"closed","ping_status":"closed","template":"","meta":{"_acf_changed":false,"_oss_video_url":""},"product_brand":[],"product_cat":[79],"product_tag":[],"class_list":{"0":"post-30031","1":"product","2":"type-product","3":"status-publish","4":"has-post-thumbnail","6":"product_cat-extrusora-de-filme","8":"first","9":"instock","10":"shipping-taxable","11":"product-type-simple"},"acf":[],"_links":{"self":[{"href":"https:\/\/cortesolda.com.br\/por\/wp-json\/wp\/v2\/product\/30031","targetHints":{"allow":["GET"]}}],"collection":[{"href":"https:\/\/cortesolda.com.br\/por\/wp-json\/wp\/v2\/product"}],"about":[{"href":"https:\/\/cortesolda.com.br\/por\/wp-json\/wp\/v2\/types\/product"}],"replies":[{"embeddable":true,"href":"https:\/\/cortesolda.com.br\/por\/wp-json\/wp\/v2\/comments?post=30031"}],"version-history":[{"count":0,"href":"https:\/\/cortesolda.com.br\/por\/wp-json\/wp\/v2\/product\/30031\/revisions"}],"wp:featuredmedia":[{"embeddable":true,"href":"https:\/\/cortesolda.com.br\/por\/wp-json\/wp\/v2\/media\/30032"}],"wp:attachment":[{"href":"https:\/\/cortesolda.com.br\/por\/wp-json\/wp\/v2\/media?parent=30031"}],"wp:term":[{"taxonomy":"product_brand","embeddable":true,"href":"https:\/\/cortesolda.com.br\/por\/wp-json\/wp\/v2\/product_brand?post=30031"},{"taxonomy":"product_cat","embeddable":true,"href":"https:\/\/cortesolda.com.br\/por\/wp-json\/wp\/v2\/product_cat?post=30031"},{"taxonomy":"product_tag","embeddable":true,"href":"https:\/\/cortesolda.com.br\/por\/wp-json\/wp\/v2\/product_tag?post=30031"}],"curies":[{"name":"wp","href":"https:\/\/api.w.org\/{rel}","templated":true}]}}