{"id":30056,"date":"2025-03-28T14:52:36","date_gmt":"2025-03-28T06:52:36","guid":{"rendered":"https:\/\/hotpink-lyrebird-701956.hostingersite.com\/?post_type=product&#038;p=30056"},"modified":"2025-03-29T08:48:18","modified_gmt":"2025-03-29T00:48:18","slug":"pp-woven-flexo-printing-machine","status":"publish","type":"product","link":"https:\/\/cortesolda.com.br\/por\/pp-woven-flexo-printing-machine.html","title":{"rendered":"M\u00e1quina de impress\u00e3o flexogr\u00e1fica de tecido PP"},"content":{"rendered":"<div id=\"tab-desc\" class=\"tab-pane active\" role=\"tabpanel\">\n<div class=\"ProductAttr\">\n<div class=\"ProductAttrItem\">\n<div class=\"ProductAttr-title\">cor<\/div>\n<div class=\"ProductAttr-text\">vermelho, azul, amarelo<\/div>\n<\/div>\n<\/div>\n<div class=\"product-tab-desc\">\n<p>M\u00e1quina de impress\u00e3o flexogr\u00e1fica de tecido PP<\/p>\n<p><strong>Desempenho e recursos<\/strong><strong>\uff1a<\/strong><strong>\u00a0<\/strong><strong><br \/>\n<\/strong>1. Opera\u00e7\u00e3o f\u00e1cil, partida flex\u00edvel, registro de cores preciso.<br \/>\n2. O contador do medidor pode definir a quantidade de impress\u00e3o de acordo com os requisitos.Pare a m\u00e1quina automaticamente na quantidade ou quando o material for cortado.<br \/>\n3. A tinta de impress\u00e3o \u00e9 espalhada pelo cilindro anilox com cor de tinta uniforme.<br \/>\n4. A garantia \u00e9 de um ano, a m\u00e1quina pode funcionar sem parar, 24 horas por dia, 7 dias por semana<\/p>\n<p>5.M\u00e1quina com design simples, f\u00e1cil de operar<\/p>\n<p>6.A m\u00e1quina \u00e9 um design econ\u00f4mico, adequado para novos iniciantes ou iniciantes<\/p>\n<p>&nbsp;<\/p>\n<table>\n<tbody>\n<tr>\n<td width=\"163\">Item<\/td>\n<td width=\"135\">1350<\/td>\n<td width=\"135\">1450<\/td>\n<td width=\"135\">2000<\/td>\n<\/tr>\n<tr>\n<td width=\"163\">cores<\/td>\n<td colspan=\"3\" width=\"411\">1 cor, 2 cores, 3 cores, 4 cores<\/td>\n<\/tr>\n<tr>\n<td width=\"163\">Material de impress\u00e3o<\/td>\n<td colspan=\"3\" width=\"411\">Filme tecido PP, papel<\/td>\n<\/tr>\n<tr>\n<td width=\"163\">M\u00e1x.\u00e1rea de alimenta\u00e7\u00e3o<\/td>\n<td width=\"135\">1850\u00d71450mm<\/td>\n<td width=\"135\">2200\u00d71350mm<\/td>\n<td width=\"135\">2200\u00d72000mm<\/td>\n<\/tr>\n<tr>\n<td width=\"163\">M\u00e1x.\u00e1rea de impress\u00e3o<\/td>\n<td width=\"135\">1600\u00d71000mm<\/td>\n<td width=\"135\">2000\u00d71100mm<\/td>\n<td width=\"135\">2000\u00d71500mm<\/td>\n<\/tr>\n<tr>\n<td width=\"163\">Espessura da placa<\/td>\n<td colspan=\"3\" width=\"411\">4-6 mm<\/td>\n<\/tr>\n<tr>\n<td width=\"163\">Velocidade de impress\u00e3o<\/td>\n<td colspan=\"3\" width=\"411\">200-1200 pe\u00e7as\/hora<\/td>\n<\/tr>\n<tr>\n<td width=\"163\">Poder<\/td>\n<td width=\"135\">3kw<\/td>\n<td width=\"135\">4kw<\/td>\n<td width=\"135\">5,5kw<\/td>\n<\/tr>\n<tr>\n<td width=\"163\">Tempo de trabalho da m\u00e1quina<\/td>\n<td colspan=\"3\" width=\"411\">24 horas * 7 dias<\/td>\n<\/tr>\n<tr>\n<td width=\"163\">garantia<\/td>\n<td colspan=\"3\" width=\"411\">1 ano<\/td>\n<\/tr>\n<tr>\n<td width=\"163\">Assist\u00eancia t\u00e9cnica<\/td>\n<td colspan=\"3\" width=\"411\">Engenheiros dispon\u00edveis para atender m\u00e1quinas no exterior<\/td>\n<\/tr>\n<\/tbody>\n<\/table>\n<p>\u203bAs especifica\u00e7\u00f5es corretas dependem do modelo real.Todas as especifica\u00e7\u00f5es est\u00e3o sujeitas a altera\u00e7\u00f5es sem aviso pr\u00e9vio.<\/p>\n<p>Recipiente de carregamento da m\u00e1quina de impress\u00e3o flexogr\u00e1fica, envio para outro pa\u00eds.<\/p>\n<p><img decoding=\"async\" src=\"https:\/\/shopic.mcmcclass.com\/20211215213827403350285.JPG\" alt=\"flexo_printing_machine_ship_in_container.JPG\" \/><\/p>\n<p>M\u00e1quina de impress\u00e3o flexogr\u00e1fica, m\u00e1quina de sopro de filme no cliente fatory<\/p>\n<p><img decoding=\"async\" src=\"https:\/\/shopic.mcmcclass.com\/20211215213723786217429.JPG\" alt=\"Plastic-bag-machine-factory.JPG\" \/><\/p>\n<p>Instale a M\u00e1quina de Filme Strech na F\u00e1brica do Cliente no M\u00e9xico<\/p>\n<p><img decoding=\"async\" src=\"https:\/\/shopic.mcmcclass.com\/20211214015056677179067.JPG\" alt=\"stretch film machine1.JPG\" \/><\/p>\n<p>Nosso cooperador de pe\u00e7as principais como marca a seguir (pe\u00e7as padr\u00e3o todas feitas da china).<\/p>\n<p><img fetchpriority=\"high\" decoding=\"async\" src=\"https:\/\/shopic.mcmcclass.com\/20211213214903233504108.jpg\" alt=\"plastic_bag_machine_electric_parts.jpg\" width=\"500\" height=\"312\" \/><\/p>\n<p>Fornecedor de material de canudo<\/p>\n<p><img decoding=\"async\" src=\"https:\/\/fshop.oss-accelerate.aliyuncs.com\/20211214224140246141552.jpg\" alt=\"Polythylene-Polypropylene-PP-HDPE-LDPE-material-Supplier-Top-ten-List(1).jpg\" width=\"500\" height=\"500\" \/><\/p>\n<p><img decoding=\"async\" src=\"https:\/\/fshop.oss-accelerate.aliyuncs.com\/20211215004555835914023.jpg\" alt=\"automatic-slitting-machine-7.jpg\" width=\"500\" height=\"476\" \/><\/p>\n<p><img loading=\"lazy\" decoding=\"async\" src=\"https:\/\/fshop.oss-accelerate.aliyuncs.com\/20211215004555806011983.jpg\" alt=\"automatic-slitting-machine-9.jpg\" width=\"500\" height=\"252\" \/><\/p>\n<p>Rede Global de Servi\u00e7os<\/p>\n<p><img loading=\"lazy\" decoding=\"async\" src=\"https:\/\/fshop.oss-accelerate.aliyuncs.com\/20211213231123292754909.jpg\" alt=\"Marketing Network-plasticbagmachine.jpg\" width=\"481\" height=\"319\" \/><\/p>\n<p>&nbsp;<\/p>\n<\/div>\n<\/div>\n","protected":false},"excerpt":{"rendered":"<p>cor vermelho, azul, <\/p>\n","protected":false},"featured_media":30057,"comment_status":"closed","ping_status":"closed","template":"","meta":{"_acf_changed":false,"_oss_video_url":""},"product_brand":[],"product_cat":[83],"product_tag":[],"class_list":{"0":"post-30056","1":"product","2":"type-product","3":"status-publish","4":"has-post-thumbnail","6":"product_cat-impressoras-flexograficas","8":"first","9":"instock","10":"shipping-taxable","11":"product-type-simple"},"acf":[],"_links":{"self":[{"href":"https:\/\/cortesolda.com.br\/por\/wp-json\/wp\/v2\/product\/30056","targetHints":{"allow":["GET"]}}],"collection":[{"href":"https:\/\/cortesolda.com.br\/por\/wp-json\/wp\/v2\/product"}],"about":[{"href":"https:\/\/cortesolda.com.br\/por\/wp-json\/wp\/v2\/types\/product"}],"replies":[{"embeddable":true,"href":"https:\/\/cortesolda.com.br\/por\/wp-json\/wp\/v2\/comments?post=30056"}],"version-history":[{"count":0,"href":"https:\/\/cortesolda.com.br\/por\/wp-json\/wp\/v2\/product\/30056\/revisions"}],"wp:featuredmedia":[{"embeddable":true,"href":"https:\/\/cortesolda.com.br\/por\/wp-json\/wp\/v2\/media\/30057"}],"wp:attachment":[{"href":"https:\/\/cortesolda.com.br\/por\/wp-json\/wp\/v2\/media?parent=30056"}],"wp:term":[{"taxonomy":"product_brand","embeddable":true,"href":"https:\/\/cortesolda.com.br\/por\/wp-json\/wp\/v2\/product_brand?post=30056"},{"taxonomy":"product_cat","embeddable":true,"href":"https:\/\/cortesolda.com.br\/por\/wp-json\/wp\/v2\/product_cat?post=30056"},{"taxonomy":"product_tag","embeddable":true,"href":"https:\/\/cortesolda.com.br\/por\/wp-json\/wp\/v2\/product_tag?post=30056"}],"curies":[{"name":"wp","href":"https:\/\/api.w.org\/{rel}","templated":true}]}}