{"id":30058,"date":"2025-03-28T14:53:17","date_gmt":"2025-03-28T06:53:17","guid":{"rendered":"https:\/\/hotpink-lyrebird-701956.hostingersite.com\/?post_type=product&#038;p=30058"},"modified":"2025-03-29T08:48:48","modified_gmt":"2025-03-29T00:48:48","slug":"central-drum-flexo-printing-machine","status":"publish","type":"product","link":"https:\/\/cortesolda.com.br\/por\/central-drum-flexo-printing-machine.html","title":{"rendered":"M\u00e1quina de impress\u00e3o flexogr\u00e1fica de tambor central"},"content":{"rendered":"<div id=\"tab-desc\" class=\"tab-pane active\" role=\"tabpanel\">\n<div class=\"ProductAttr\">\n<div class=\"ProductAttrItem\">\n<div class=\"ProductAttr-title\">cor<\/div>\n<div class=\"ProductAttr-text\">vermelho, azul, amarelo<\/div>\n<\/div>\n<\/div>\n<div class=\"product-tab-desc\">\n<p>M\u00e1quina de impress\u00e3o flexogr\u00e1fica de tambor central<\/p>\n<p>(1) Tipo de m\u00e1quina: O tipo de rolo central grande, o substrato \u00e9 suportado por um \u00fanico rolo grande, e n\u00e3o deixa o rolo de press\u00e3o entre uma cor e uma cor, portanto o registro de cores est\u00e1 correto.<\/p>\n<p>(2) Estrutura mec\u00e2nica: As pe\u00e7as s\u00e3o intercambi\u00e1veis, as pe\u00e7as s\u00e3o f\u00e1ceis de obter e o desgaste \u00e9 baixo.<\/p>\n<p>(3) M\u00e9todo de secagem: caixa de aquecimento el\u00e9trica separada, que pode ser usada para controle seguro e de temperatura.<\/p>\n<p>(4)M\u00e9todo de faca de tinta: raspador de tipo de desenvolvimento, f\u00e1cil de instalar sem ferramentas.<\/p>\n<p>(5)Sistema de transmiss\u00e3o: Motorredutor de alta precis\u00e3o endurecido com v\u00e1rios bot\u00f5es para f\u00e1cil opera\u00e7\u00e3o.<\/p>\n<p>(6) Transmiss\u00e3o de recep\u00e7\u00e3o: Motor redutor em miniatura, embreagem de p\u00f3 magn\u00e9tico de condu\u00e7\u00e3o, com estabilidade de tens\u00e3o de controle PLC.<\/p>\n<p>(7)Especifica\u00e7\u00e3o do rolo de placa: comprimento de repeti\u00e7\u00e3o \u00e9 5mm<\/p>\n<p>Par\u00e2metro principal:<\/p>\n<p>&nbsp;<\/p>\n<p>&nbsp;<\/p>\n<table>\n<tbody>\n<tr>\n<td width=\"169\">&nbsp;<\/td>\n<td width=\"113\">KDCI-6600<\/td>\n<td width=\"126\">KDCI-6800<\/td>\n<td width=\"126\">KDCI-61000<\/td>\n<td width=\"126\">KDCI-61200<\/td>\n<\/tr>\n<tr>\n<td width=\"169\">Largura m\u00e1xima do material<\/td>\n<td width=\"113\">600 mm<\/td>\n<td width=\"126\">800 mm<\/td>\n<td width=\"126\">1000mm<\/td>\n<td width=\"126\">1200mm<\/td>\n<\/tr>\n<tr>\n<td width=\"169\">Largura m\u00e1xima de impress\u00e3o<\/td>\n<td width=\"113\">560 mm<\/td>\n<td width=\"126\">760 mm<\/td>\n<td width=\"126\">960 mm<\/td>\n<td width=\"126\">1160mm<\/td>\n<\/tr>\n<tr>\n<td width=\"169\">Impress\u00e3o de cores<\/td>\n<td colspan=\"4\" width=\"492\">6 cores (6+0,5+1,4+2,3+3)<\/td>\n<\/tr>\n<tr>\n<td width=\"169\">Comprimento de impress\u00e3o<\/td>\n<td colspan=\"4\" width=\"492\">300-1000mm<\/td>\n<\/tr>\n<tr>\n<td width=\"169\">Velocidade da m\u00e1quina<\/td>\n<td colspan=\"4\" width=\"492\">200m\/min<\/td>\n<\/tr>\n<tr>\n<td width=\"169\">Velocidade de impress\u00e3o<\/td>\n<td colspan=\"4\" width=\"492\">150-180m\/min<\/td>\n<\/tr>\n<tr>\n<td width=\"169\">Material adequado<\/td>\n<td colspan=\"4\" width=\"492\">PAPEL\u223615-300g\/m\u00b2\u3001NONWOVEN\u223615-120G\u3001PVC\u223610-120um\u3001OPP10-100um\u3001BOPP\u223610-100um\u3001PE\u223615-150\u03bcm\u3001NY\u223610-120\u03bcm\u3001PET\u223610-100\u03bcm\u3001 10-100\u03bcm<\/td>\n<\/tr>\n<tr>\n<td width=\"169\">Material da Placa<\/td>\n<td colspan=\"4\" width=\"492\">Resina<\/td>\n<\/tr>\n<tr>\n<td width=\"169\">Constitui\u00e7\u00e3o da Impress\u00e3o<\/td>\n<td colspan=\"4\" width=\"492\">Rolo anilox cer\u00e2mico, l\u00e2mina m\u00e9dica de c\u00e2mara, cilindro de impress\u00e3o para comprimento de impress\u00e3o 400mm, controle de tela de toque de c\u00e2mera e PLC<\/p>\n<p>&nbsp;<\/td>\n<\/tr>\n<tr>\n<td width=\"169\">Precis\u00e3o de impress\u00e3o<\/td>\n<td colspan=\"4\" width=\"492\">+\/-0,15 mm<\/td>\n<\/tr>\n<tr>\n<td width=\"169\">Espessura da Placa (incluindo a cola)<\/td>\n<td colspan=\"4\" width=\"492\">1,7 mm (por favor, note-nos para diferentes espessuras)<\/td>\n<\/tr>\n<tr>\n<td width=\"169\">Voltagem da M\u00e1quina<\/td>\n<td colspan=\"4\" width=\"492\">380V 50\/60HZ 3PH<\/td>\n<\/tr>\n<\/tbody>\n<\/table>\n<h2><strong>Lista de componentes<\/strong><\/h2>\n<table>\n<tbody>\n<tr>\n<td width=\"422\">&nbsp;<\/td>\n<td width=\"182\">Marca<\/td>\n<\/tr>\n<tr>\n<td width=\"422\">Interface homem-computador<\/td>\n<td width=\"182\">China<\/td>\n<\/tr>\n<tr>\n<td width=\"422\">controlador de programa\u00e7\u00e3o PLC<\/td>\n<td width=\"182\">Taiwan<\/td>\n<\/tr>\n<tr>\n<td width=\"422\">Retransmiss\u00e3o<\/td>\n<td width=\"182\">Schneider.Fran\u00e7a<\/td>\n<\/tr>\n<tr>\n<td width=\"422\">Contator, bot\u00e3o, potenci\u00f4metro<\/td>\n<td width=\"182\">Schneider.Fran\u00e7a<\/td>\n<\/tr>\n<tr>\n<td width=\"422\">Disjuntor<\/td>\n<td width=\"182\">Fran\u00e7a<\/td>\n<\/tr>\n<tr>\n<td width=\"422\">Controlador de temperatura<\/td>\n<td width=\"182\">Schneider.Fran\u00e7a<\/td>\n<\/tr>\n<tr>\n<td width=\"422\">Inversor<\/td>\n<td width=\"182\">Marca Delta Taiwan<\/td>\n<\/tr>\n<tr>\n<td width=\"422\">EPC autom\u00e1tico<\/td>\n<td width=\"182\">China<\/td>\n<\/tr>\n<tr>\n<td width=\"422\">Rolamento para rolo anilox, rolo de impress\u00e3o, tambor central<\/td>\n<td width=\"182\">Jap\u00e3o<\/td>\n<\/tr>\n<\/tbody>\n<\/table>\n<p>\u203bAs especifica\u00e7\u00f5es corretas dependem do modelo real.Todas as especifica\u00e7\u00f5es est\u00e3o sujeitas a altera\u00e7\u00f5es sem aviso pr\u00e9vio.<\/p>\n<p>Recipiente de carregamento da m\u00e1quina de impress\u00e3o flexogr\u00e1fica, envio para outro pa\u00eds.<\/p>\n<p><img decoding=\"async\" src=\"https:\/\/shopic.mcmcclass.com\/20211215213827403350285.JPG\" alt=\"flexo_printing_machine_ship_in_container.JPG\" \/><\/p>\n<p>M\u00e1quina de impress\u00e3o flexogr\u00e1fica, m\u00e1quina de sopro de filme no cliente fatory<\/p>\n<p><img decoding=\"async\" src=\"https:\/\/shopic.mcmcclass.com\/20211215213723786217429.JPG\" alt=\"Plastic-bag-machine-factory.JPG\" \/><\/p>\n<p>Instale a M\u00e1quina de Filme Strech na F\u00e1brica do Cliente no M\u00e9xico<\/p>\n<p><img decoding=\"async\" src=\"https:\/\/shopic.mcmcclass.com\/20211214015056677179067.JPG\" alt=\"stretch film machine1.JPG\" \/><\/p>\n<p>Nosso cooperador de pe\u00e7as principais como marca a seguir (pe\u00e7as padr\u00e3o todas feitas da china).<\/p>\n<p><img fetchpriority=\"high\" decoding=\"async\" src=\"https:\/\/shopic.mcmcclass.com\/20211213214903233504108.jpg\" alt=\"plastic_bag_machine_electric_parts.jpg\" width=\"500\" height=\"312\" \/><\/p>\n<p>Fornecedor de material de canudo<\/p>\n<p><img decoding=\"async\" src=\"https:\/\/fshop.oss-accelerate.aliyuncs.com\/20211214224140246141552.jpg\" alt=\"Polythylene-Polypropylene-PP-HDPE-LDPE-material-Supplier-Top-ten-List(1).jpg\" width=\"500\" height=\"500\" \/><\/p>\n<p><img decoding=\"async\" src=\"https:\/\/fshop.oss-accelerate.aliyuncs.com\/20211215004555835914023.jpg\" alt=\"automatic-slitting-machine-7.jpg\" width=\"500\" height=\"476\" \/><\/p>\n<p><img loading=\"lazy\" decoding=\"async\" src=\"https:\/\/fshop.oss-accelerate.aliyuncs.com\/20211215004555806011983.jpg\" alt=\"automatic-slitting-machine-9.jpg\" width=\"500\" height=\"252\" \/><\/p>\n<p>Rede Global de Servi\u00e7os<\/p>\n<p><img loading=\"lazy\" decoding=\"async\" src=\"https:\/\/fshop.oss-accelerate.aliyuncs.com\/20211213231123292754909.jpg\" alt=\"Marketing Network-plasticbagmachine.jpg\" width=\"481\" height=\"319\" \/><\/p>\n<p>&nbsp;<\/p>\n<\/div>\n<\/div>\n","protected":false},"excerpt":{"rendered":"<p>cor vermelho, azul, <\/p>\n","protected":false},"featured_media":30060,"comment_status":"closed","ping_status":"closed","template":"","meta":{"_acf_changed":false,"_oss_video_url":""},"product_brand":[],"product_cat":[83],"product_tag":[],"class_list":{"0":"post-30058","1":"product","2":"type-product","3":"status-publish","4":"has-post-thumbnail","6":"product_cat-impressoras-flexograficas","8":"first","9":"instock","10":"shipping-taxable","11":"product-type-simple"},"acf":[],"_links":{"self":[{"href":"https:\/\/cortesolda.com.br\/por\/wp-json\/wp\/v2\/product\/30058","targetHints":{"allow":["GET"]}}],"collection":[{"href":"https:\/\/cortesolda.com.br\/por\/wp-json\/wp\/v2\/product"}],"about":[{"href":"https:\/\/cortesolda.com.br\/por\/wp-json\/wp\/v2\/types\/product"}],"replies":[{"embeddable":true,"href":"https:\/\/cortesolda.com.br\/por\/wp-json\/wp\/v2\/comments?post=30058"}],"version-history":[{"count":0,"href":"https:\/\/cortesolda.com.br\/por\/wp-json\/wp\/v2\/product\/30058\/revisions"}],"wp:featuredmedia":[{"embeddable":true,"href":"https:\/\/cortesolda.com.br\/por\/wp-json\/wp\/v2\/media\/30060"}],"wp:attachment":[{"href":"https:\/\/cortesolda.com.br\/por\/wp-json\/wp\/v2\/media?parent=30058"}],"wp:term":[{"taxonomy":"product_brand","embeddable":true,"href":"https:\/\/cortesolda.com.br\/por\/wp-json\/wp\/v2\/product_brand?post=30058"},{"taxonomy":"product_cat","embeddable":true,"href":"https:\/\/cortesolda.com.br\/por\/wp-json\/wp\/v2\/product_cat?post=30058"},{"taxonomy":"product_tag","embeddable":true,"href":"https:\/\/cortesolda.com.br\/por\/wp-json\/wp\/v2\/product_tag?post=30058"}],"curies":[{"name":"wp","href":"https:\/\/api.w.org\/{rel}","templated":true}]}}