{"id":30080,"date":"2025-03-28T15:00:12","date_gmt":"2025-03-28T07:00:12","guid":{"rendered":"https:\/\/hotpink-lyrebird-701956.hostingersite.com\/?post_type=product&#038;p=30080"},"modified":"2025-03-29T13:58:41","modified_gmt":"2025-03-29T05:58:41","slug":"four-colors-flexo-printing-machine","status":"publish","type":"product","link":"https:\/\/cortesolda.com.br\/por\/four-colors-flexo-printing-machine.html","title":{"rendered":"M\u00e1quina de impress\u00e3o flexogr\u00e1fica de quatro cores"},"content":{"rendered":"<div id=\"tab-desc\" class=\"tab-pane active\" role=\"tabpanel\">\n<div class=\"ProductAttr\">\n<div class=\"ProductAttrItem\">\n<div class=\"ProductAttr-title\">cor<\/div>\n<div class=\"ProductAttr-text\">vermelho, azul, amarelo<\/div>\n<\/div>\n<\/div>\n<div class=\"product-tab-desc\">\n<p><strong>M\u00e1quina de impress\u00e3o flexogr\u00e1fica de quatro cores<\/strong><\/p>\n<p>Esta m\u00e1quina \u00e9 adequada para imprimir materiais de embalagem como polietileno, saco pl\u00e1stico de polietileno, papel de vidro e papel em rolo etc. .<\/p>\n<p>Material: filme ldpe, filme hdpe, filme bopp, papel, filme pet, filme retr\u00e1til a quente<\/p>\n<p><img fetchpriority=\"high\" decoding=\"async\" src=\"https:\/\/shopic.mcmcclass.com\/20211215213207142476802.JPG\" alt=\"HDPE-LDPE-plastic-bag.JPG\" width=\"500\" height=\"426\" \/><\/p>\n<p>&nbsp;<\/p>\n<p><img decoding=\"async\" src=\"https:\/\/shopic.mcmcclass.com\/20211215213207142657607.JPG\" alt=\"HDPE_LDPE-plastic-bag.JPG\" width=\"500\" height=\"178\" \/><\/p>\n<h3><strong>atua\u00e7\u00e3o<\/strong><strong>:<\/strong><\/h3>\n<ol>\n<li>Opera\u00e7\u00e3o f\u00e1cil, partida flex\u00edvel, registro de cores preciso.<\/li>\n<li>o contador do medidor pode definir a quantidade de impress\u00e3o de acordo com os requisitos.Pare a m\u00e1quina automaticamente na quantidade ou quando o material for cortado.<\/li>\n<li>Elevador e abaixado do cilindro de impress\u00e3o pneum\u00e1tico, agitar\u00e1 a tinta de impress\u00e3o automaticamente ap\u00f3s o levantamento.<\/li>\n<li>a tinta de impress\u00e3o \u00e9 espalhada pelo cilindro anilox com cor de tinta uniforme.<\/li>\n<li>Sistema de secagem confi\u00e1vel coordenado com rota\u00e7\u00e3o de alta velocidade, interromper\u00e1 automaticamente o circuito quando a m\u00e1quina parar.<\/li>\n<li>Dispositivo de registro longitudinal cont\u00ednuo e ajust\u00e1vel de 360\u00b0.<\/li>\n<li>O controle de frequ\u00eancia da velocidade do motor se adapta a diferentes velocidades de impress\u00e3o.<\/li>\n<li>Existem bot\u00f5es de Jogging\/Stoping na base do rolo da placa e na cremalheira do material para facilitar a opera\u00e7\u00e3o da m\u00e1quina quando a placa \u00e9 instalada.<\/li>\n<\/ol>\n<p>&nbsp;<\/p>\n<table>\n<tbody>\n<tr>\n<td width=\"316\">Modelo de M\u00e1quina<\/td>\n<td width=\"137\">YT-4600<\/td>\n<td width=\"136\">YT-4800<\/td>\n<td width=\"143\">YT-41000<\/td>\n<\/tr>\n<tr>\n<td width=\"316\">Cor<\/td>\n<td width=\"137\">Quatro cores<\/td>\n<td width=\"136\">Quatro cores<\/td>\n<td width=\"143\">Quatro cores<\/td>\n<\/tr>\n<tr>\n<td width=\"316\">Max.Largura do Material de Impress\u00e3o<\/td>\n<td width=\"137\">600 mm<\/td>\n<td width=\"136\">800 mm<\/td>\n<td width=\"143\">1000mm<\/td>\n<\/tr>\n<tr>\n<td width=\"316\">Largura M\u00e1x. de Impress\u00e3o<\/td>\n<td width=\"137\">560 mm<\/td>\n<td width=\"136\">760 mm<\/td>\n<td width=\"143\">960 mm<\/td>\n<\/tr>\n<tr>\n<td width=\"316\">Faixa de comprimento do produto impresso<\/td>\n<td width=\"137\">191-914mm<\/td>\n<td width=\"136\">191-914mm<\/td>\n<td width=\"143\">191-914mm<\/td>\n<\/tr>\n<tr>\n<td width=\"316\">Max.Di\u00e2metro do Material do Rolo<\/td>\n<td width=\"137\">450 mm<\/td>\n<td width=\"136\">450 mm<\/td>\n<td width=\"143\">450 mm<\/td>\n<\/tr>\n<tr>\n<td width=\"316\">Velocidade de impress\u00e3o<\/td>\n<td width=\"137\">5-50m\/min<\/td>\n<td width=\"136\">5-50m\/min<\/td>\n<td width=\"143\">5-50m\/min<\/td>\n<\/tr>\n<tr>\n<td width=\"316\">Espessura da placa (incluindo papel cola de dois lados)<\/td>\n<td width=\"137\">2,38 mm<\/td>\n<td width=\"136\">2,38 mm<\/td>\n<td width=\"143\">2,38 mm<\/td>\n<\/tr>\n<tr>\n<td width=\"316\">Poder total<\/td>\n<td width=\"137\">11kw<\/td>\n<td width=\"136\">13kw<\/td>\n<td width=\"143\">15kw<\/td>\n<\/tr>\n<tr>\n<td width=\"316\">Peso da M\u00e1quina<\/td>\n<td width=\"137\">3000kg<\/td>\n<td width=\"136\">3500kg<\/td>\n<td width=\"143\">4000kg<\/td>\n<\/tr>\n<tr>\n<td width=\"316\">Dimens\u00f5es totais (m)<\/td>\n<td width=\"137\">4200*1600*2400mm<\/td>\n<td width=\"136\">4200*1800*2400mm<\/td>\n<td width=\"143\">4200*2000*2400mm<\/td>\n<\/tr>\n<\/tbody>\n<\/table>\n<p>\u203bAs especifica\u00e7\u00f5es corretas dependem do modelo real.Todas as especifica\u00e7\u00f5es est\u00e3o sujeitas a altera\u00e7\u00f5es sem aviso pr\u00e9vio.<\/p>\n<p>Recipiente de carregamento da m\u00e1quina de impress\u00e3o flexogr\u00e1fica, envio para outro pa\u00eds.<\/p>\n<p><img decoding=\"async\" src=\"https:\/\/shopic.mcmcclass.com\/20211215213827403350285.JPG\" alt=\"flexo_printing_machine_ship_in_container.JPG\" \/><\/p>\n<p>M\u00e1quina de impress\u00e3o flexogr\u00e1fica, m\u00e1quina de sopro de filme no cliente fatory<\/p>\n<p><img decoding=\"async\" src=\"https:\/\/shopic.mcmcclass.com\/20211215213723786217429.JPG\" alt=\"Plastic-bag-machine-factory.JPG\" \/><\/p>\n<p>Instale a M\u00e1quina de Filme Strech na F\u00e1brica do Cliente no M\u00e9xico<\/p>\n<p><img decoding=\"async\" src=\"https:\/\/shopic.mcmcclass.com\/20211214015056677179067.JPG\" alt=\"stretch film machine1.JPG\" \/><\/p>\n<p>Nosso cooperador de pe\u00e7as principais como marca a seguir (pe\u00e7as padr\u00e3o todas feitas da china).<\/p>\n<p><img decoding=\"async\" src=\"https:\/\/shopic.mcmcclass.com\/20211213214903233504108.jpg\" alt=\"plastic_bag_machine_electric_parts.jpg\" width=\"500\" height=\"312\" \/><\/p>\n<p>Fornecedor de material de canudo<\/p>\n<p><img loading=\"lazy\" decoding=\"async\" src=\"https:\/\/fshop.oss-accelerate.aliyuncs.com\/20211214224140246141552.jpg\" alt=\"Polythylene-Polypropylene-PP-HDPE-LDPE-material-Supplier-Top-ten-List(1).jpg\" width=\"500\" height=\"500\" \/><\/p>\n<p><img loading=\"lazy\" decoding=\"async\" src=\"https:\/\/fshop.oss-accelerate.aliyuncs.com\/20211215004555835914023.jpg\" alt=\"automatic-slitting-machine-7.jpg\" width=\"500\" height=\"476\" \/><\/p>\n<p><img loading=\"lazy\" decoding=\"async\" src=\"https:\/\/fshop.oss-accelerate.aliyuncs.com\/20211215004555806011983.jpg\" alt=\"automatic-slitting-machine-9.jpg\" width=\"500\" height=\"252\" \/><\/p>\n<p>Rede Global de Servi\u00e7os<\/p>\n<p><img loading=\"lazy\" decoding=\"async\" src=\"https:\/\/fshop.oss-accelerate.aliyuncs.com\/20211213231123292754909.jpg\" alt=\"Marketing Network-plasticbagmachine.jpg\" width=\"481\" height=\"319\" \/><\/p>\n<p>&nbsp;<\/p>\n<\/div>\n<\/div>\n","protected":false},"excerpt":{"rendered":"<p>cor vermelho, azul, <\/p>\n","protected":false},"featured_media":30081,"comment_status":"closed","ping_status":"closed","template":"","meta":{"_acf_changed":false,"_oss_video_url":""},"product_brand":[],"product_cat":[83],"product_tag":[],"class_list":{"0":"post-30080","1":"product","2":"type-product","3":"status-publish","4":"has-post-thumbnail","6":"product_cat-impressoras-flexograficas","8":"first","9":"instock","10":"shipping-taxable","11":"product-type-simple"},"acf":[],"_links":{"self":[{"href":"https:\/\/cortesolda.com.br\/por\/wp-json\/wp\/v2\/product\/30080","targetHints":{"allow":["GET"]}}],"collection":[{"href":"https:\/\/cortesolda.com.br\/por\/wp-json\/wp\/v2\/product"}],"about":[{"href":"https:\/\/cortesolda.com.br\/por\/wp-json\/wp\/v2\/types\/product"}],"replies":[{"embeddable":true,"href":"https:\/\/cortesolda.com.br\/por\/wp-json\/wp\/v2\/comments?post=30080"}],"version-history":[{"count":0,"href":"https:\/\/cortesolda.com.br\/por\/wp-json\/wp\/v2\/product\/30080\/revisions"}],"wp:featuredmedia":[{"embeddable":true,"href":"https:\/\/cortesolda.com.br\/por\/wp-json\/wp\/v2\/media\/30081"}],"wp:attachment":[{"href":"https:\/\/cortesolda.com.br\/por\/wp-json\/wp\/v2\/media?parent=30080"}],"wp:term":[{"taxonomy":"product_brand","embeddable":true,"href":"https:\/\/cortesolda.com.br\/por\/wp-json\/wp\/v2\/product_brand?post=30080"},{"taxonomy":"product_cat","embeddable":true,"href":"https:\/\/cortesolda.com.br\/por\/wp-json\/wp\/v2\/product_cat?post=30080"},{"taxonomy":"product_tag","embeddable":true,"href":"https:\/\/cortesolda.com.br\/por\/wp-json\/wp\/v2\/product_tag?post=30080"}],"curies":[{"name":"wp","href":"https:\/\/api.w.org\/{rel}","templated":true}]}}