{"id":30089,"date":"2025-03-28T15:03:19","date_gmt":"2025-03-28T07:03:19","guid":{"rendered":"https:\/\/hotpink-lyrebird-701956.hostingersite.com\/?post_type=product&#038;p=30089"},"modified":"2025-03-29T14:01:10","modified_gmt":"2025-03-29T06:01:10","slug":"two-colors-flexo-printing-machine-2","status":"publish","type":"product","link":"https:\/\/cortesolda.com.br\/por\/two-colors-flexo-printing-machine-2.html","title":{"rendered":"Duas cores M\u00e1quina de impress\u00e3o flexo"},"content":{"rendered":"<div id=\"tab-desc\" class=\"tab-pane active\" role=\"tabpanel\">\n<div class=\"ProductAttr\">\n<div class=\"ProductAttrItem\">\n<div class=\"ProductAttr-title\">cor<\/div>\n<div class=\"ProductAttr-text\">vermelho, azul, amarelo<\/div>\n<\/div>\n<\/div>\n<div class=\"product-tab-desc\">\n<p><strong>M\u00e1quina de impress\u00e3o flexogr\u00e1fica de duas cores<\/strong><\/p>\n<p>A m\u00e1quina de impress\u00e3o flexogr\u00e1fica adota resina de sensibiliza\u00e7\u00e3o como placa de impress\u00e3o flex\u00edvel, \u00e9 adequada para imprimir materiais de embalagem como polietileno, saco de polipropileno, celofane e papel em rolo, etc. , saco de colete e saco de roupas, etc.<\/p>\n<h3><strong>atua\u00e7\u00e3o<\/strong><strong>:<\/strong><\/h3>\n<ol>\n<li>Opera\u00e7\u00e3o f\u00e1cil, partida flex\u00edvel, registro de cores preciso.<\/li>\n<li>o contador do medidor pode definir a quantidade de impress\u00e3o de acordo com os requisitos.Pare a m\u00e1quina automaticamente na quantidade ou quando o material for cortado.<\/li>\n<li>Elevador e abaixado do cilindro de impress\u00e3o pneum\u00e1tico, agitar\u00e1 a tinta de impress\u00e3o automaticamente ap\u00f3s o levantamento.<\/li>\n<li>a tinta de impress\u00e3o \u00e9 espalhada pelo cilindro anilox com cor de tinta uniforme.<\/li>\n<li>Sistema de secagem confi\u00e1vel coordenado com rota\u00e7\u00e3o de alta velocidade, interromper\u00e1 automaticamente o circuito quando a m\u00e1quina parar.<\/li>\n<li>Dispositivo de registro longitudinal cont\u00ednuo e ajust\u00e1vel de 360\u00b0.<\/li>\n<li>O controle de frequ\u00eancia da velocidade do motor se adapta a diferentes velocidades de impress\u00e3o.<\/li>\n<li>Existem bot\u00f5es de Jogging\/Stoping na base do rolo da placa e na cremalheira do material para facilitar a opera\u00e7\u00e3o da m\u00e1quina quando a placa \u00e9 instalada.<\/li>\n<\/ol>\n<table>\n<tbody>\n<tr>\n<td>&nbsp;<\/td>\n<td>YT-2600<\/td>\n<td>YT-2800<\/td>\n<td>YT-21000<\/td>\n<\/tr>\n<tr>\n<td>&nbsp;<\/td>\n<td>Duas cores<\/td>\n<td>Duas cores<\/td>\n<td>Duas cores<\/td>\n<\/tr>\n<tr>\n<td width=\"144\">Max.Largura do Material de Impress\u00e3o<\/td>\n<td>600 mm<\/td>\n<td>800 mm<\/td>\n<td>1000mm<\/td>\n<\/tr>\n<tr>\n<td width=\"144\">Largura M\u00e1x. de Impress\u00e3o<\/td>\n<td>560 mm<\/td>\n<td>760 mm<\/td>\n<td>960 mm<\/td>\n<\/tr>\n<tr>\n<td width=\"147\">Faixa de Comprimento do Impresso<\/td>\n<td width=\"146\">191-914mm<\/td>\n<td width=\"146\">191-914mm<\/td>\n<td width=\"165\">191-914mm<\/td>\n<\/tr>\n<tr>\n<td width=\"203\">Max.Di\u00e2metro do Material do Rolo<\/td>\n<td>450 mm<\/td>\n<td>450 mm<\/td>\n<td>450 mm<\/td>\n<\/tr>\n<tr>\n<td width=\"203\">Velocidade de impress\u00e3o<\/td>\n<td width=\"148\">5-50m\/min<\/td>\n<td width=\"148\">5-50m\/min<\/td>\n<td width=\"165\">5-50m\/min<\/td>\n<\/tr>\n<tr>\n<td width=\"203\">Espessura da placa (incluindo papel cola de dois lados)<\/td>\n<td>2,38 mm<\/td>\n<td>2,38 mm<\/td>\n<td>2,38 mm<\/td>\n<\/tr>\n<tr>\n<td>Poder total<\/td>\n<td>8Kw<\/td>\n<td>10Kw<\/td>\n<td>12Kw<\/td>\n<\/tr>\n<tr>\n<td>Dimens\u00e3o do esbo\u00e7o<\/td>\n<td>2300\u00d7190\u00d72200mm<\/td>\n<td>2300\u00d72100\u00d72200mm<\/td>\n<td>2300\u00d72300\u00d72200mm<\/td>\n<\/tr>\n<\/tbody>\n<\/table>\n<p>\u203bAs especifica\u00e7\u00f5es corretas dependem do modelo real.Todas as especifica\u00e7\u00f5es est\u00e3o sujeitas a altera\u00e7\u00f5es sem aviso pr\u00e9vio.<\/p>\n<p>Remessa de m\u00e1quina de filme estir\u00e1vel<\/p>\n<p><img decoding=\"async\" src=\"https:\/\/shopic.mcmcclass.com\/20211214015056647201615.JPG\" alt=\"stretch film machine loading container.JPG\" \/><\/p>\n<p>Instale a M\u00e1quina de Filme Strech na F\u00e1brica do Cliente no M\u00e9xico<\/p>\n<p><img decoding=\"async\" src=\"https:\/\/shopic.mcmcclass.com\/20211214015056677179067.JPG\" alt=\"stretch film machine1.JPG\" \/><\/p>\n<p>Nosso cooperador de pe\u00e7as principais como marca a seguir (pe\u00e7as padr\u00e3o todas feitas da china).<\/p>\n<p><img fetchpriority=\"high\" decoding=\"async\" src=\"https:\/\/shopic.mcmcclass.com\/20211213214903233504108.jpg\" alt=\"plastic_bag_machine_electric_parts.jpg\" width=\"500\" height=\"312\" \/><\/p>\n<p>Fornecedor de material de canudo<\/p>\n<p><img decoding=\"async\" src=\"https:\/\/fshop.oss-accelerate.aliyuncs.com\/20211214224140246141552.jpg\" alt=\"Polythylene-Polypropylene-PP-HDPE-LDPE-material-Supplier-Top-ten-List(1).jpg\" width=\"500\" height=\"500\" \/><\/p>\n<p><img decoding=\"async\" src=\"https:\/\/fshop.oss-accelerate.aliyuncs.com\/20211215004555835914023.jpg\" alt=\"automatic-slitting-machine-7.jpg\" width=\"500\" height=\"476\" \/><\/p>\n<p><img loading=\"lazy\" decoding=\"async\" src=\"https:\/\/fshop.oss-accelerate.aliyuncs.com\/20211215004555806011983.jpg\" alt=\"automatic-slitting-machine-9.jpg\" width=\"500\" height=\"252\" \/><\/p>\n<p>Rede Global de Servi\u00e7os<\/p>\n<p><img loading=\"lazy\" decoding=\"async\" src=\"https:\/\/fshop.oss-accelerate.aliyuncs.com\/20211213231123292754909.jpg\" alt=\"Marketing Network-plasticbagmachine.jpg\" width=\"481\" height=\"319\" \/><\/p>\n<p>&nbsp;<\/p>\n<\/div>\n<\/div>\n","protected":false},"excerpt":{"rendered":"<p>cor vermelho, azul, <\/p>\n","protected":false},"featured_media":30091,"comment_status":"closed","ping_status":"closed","template":"","meta":{"_acf_changed":false,"_oss_video_url":""},"product_brand":[],"product_cat":[83],"product_tag":[],"class_list":{"0":"post-30089","1":"product","2":"type-product","3":"status-publish","4":"has-post-thumbnail","6":"product_cat-impressoras-flexograficas","8":"first","9":"instock","10":"shipping-taxable","11":"product-type-simple"},"acf":[],"_links":{"self":[{"href":"https:\/\/cortesolda.com.br\/por\/wp-json\/wp\/v2\/product\/30089","targetHints":{"allow":["GET"]}}],"collection":[{"href":"https:\/\/cortesolda.com.br\/por\/wp-json\/wp\/v2\/product"}],"about":[{"href":"https:\/\/cortesolda.com.br\/por\/wp-json\/wp\/v2\/types\/product"}],"replies":[{"embeddable":true,"href":"https:\/\/cortesolda.com.br\/por\/wp-json\/wp\/v2\/comments?post=30089"}],"version-history":[{"count":0,"href":"https:\/\/cortesolda.com.br\/por\/wp-json\/wp\/v2\/product\/30089\/revisions"}],"wp:featuredmedia":[{"embeddable":true,"href":"https:\/\/cortesolda.com.br\/por\/wp-json\/wp\/v2\/media\/30091"}],"wp:attachment":[{"href":"https:\/\/cortesolda.com.br\/por\/wp-json\/wp\/v2\/media?parent=30089"}],"wp:term":[{"taxonomy":"product_brand","embeddable":true,"href":"https:\/\/cortesolda.com.br\/por\/wp-json\/wp\/v2\/product_brand?post=30089"},{"taxonomy":"product_cat","embeddable":true,"href":"https:\/\/cortesolda.com.br\/por\/wp-json\/wp\/v2\/product_cat?post=30089"},{"taxonomy":"product_tag","embeddable":true,"href":"https:\/\/cortesolda.com.br\/por\/wp-json\/wp\/v2\/product_tag?post=30089"}],"curies":[{"name":"wp","href":"https:\/\/api.w.org\/{rel}","templated":true}]}}