{"id":30093,"date":"2025-03-28T15:04:21","date_gmt":"2025-03-28T07:04:21","guid":{"rendered":"https:\/\/hotpink-lyrebird-701956.hostingersite.com\/?post_type=product&#038;p=30093"},"modified":"2025-03-29T14:01:53","modified_gmt":"2025-03-29T06:01:53","slug":"economic-ci-type-flexo-printing-machine","status":"publish","type":"product","link":"https:\/\/cortesolda.com.br\/por\/economic-ci-type-flexo-printing-machine.html","title":{"rendered":"M\u00e1quina de impress\u00e3o flexogr\u00e1fica econ\u00f4mica tipo CI"},"content":{"rendered":"<div id=\"tab-desc\" class=\"tab-pane active\" role=\"tabpanel\">\n<div class=\"ProductAttr\">\n<div class=\"ProductAttrItem\">\n<div class=\"ProductAttr-title\">cor<\/div>\n<div class=\"ProductAttr-text\">vermelho, azul, amarelo<\/div>\n<\/div>\n<\/div>\n<div class=\"product-tab-desc\">\n<p>M\u00e1quina de impress\u00e3o flexogr\u00e1fica econ\u00f4mica de tambor central<\/p>\n<table>\n<tbody>\n<tr>\n<td width=\"331\">Modelo<\/td>\n<td width=\"275\">KDCI-A<\/td>\n<\/tr>\n<tr>\n<td width=\"331\">Cor<\/td>\n<td width=\"275\">4 cores ou 6 cores<\/td>\n<\/tr>\n<tr>\n<td width=\"331\">M\u00e1x.Largura da Web<\/td>\n<td width=\"275\">600, 800,1000,1200mm<\/td>\n<\/tr>\n<tr>\n<td width=\"331\">M\u00e1x.Largura de impress\u00e3o<\/td>\n<td width=\"275\">560, 760, 960, 1160mm<\/td>\n<\/tr>\n<tr>\n<td width=\"331\">Material de impress\u00e3o<\/td>\n<td width=\"275\">BOPP, PET, PE, NY.etc.<\/td>\n<\/tr>\n<tr>\n<td width=\"331\">Velocidade m\u00e1xima da m\u00e1quina<\/td>\n<td width=\"275\">150m\/min<\/td>\n<\/tr>\n<tr>\n<td width=\"331\">M\u00e1x.Velocidade de impress\u00e3o<\/td>\n<td width=\"275\">30-140m\/min<\/td>\n<\/tr>\n<tr>\n<td width=\"331\">M\u00e1x.Desenrolar\/rebobinar Di\u00e2m.<\/td>\n<td width=\"275\">\u0424800mm<\/td>\n<\/tr>\n<tr>\n<td width=\"331\">Engrenagem do cilindro de impress\u00e3o<\/td>\n<td width=\"275\">5mm (Cada aumento\/diminui\u00e7\u00e3o de 1 dente, o comprimento de repeti\u00e7\u00e3o aumenta\/diminui 5mm)<\/td>\n<\/tr>\n<tr>\n<td width=\"331\">Espessura da placa de impress\u00e3o<\/td>\n<td width=\"275\">Placa de fotopol\u00edmero 1,7 mm ou 2,28 mm (conforme<\/p>\n<p>exig\u00eancia do cliente)<\/td>\n<\/tr>\n<tr>\n<td width=\"331\">Cilindro de impress\u00e3o<\/td>\n<td width=\"275\">Dentro de 40 cm<\/td>\n<\/tr>\n<tr>\n<td width=\"331\">Rolo de cer\u00e2mica Anilox<\/td>\n<td width=\"275\">650LPI, 600LPI, 400LPI (como requisito do cliente)<\/td>\n<\/tr>\n<tr>\n<td width=\"331\">Lista de componentes<\/td>\n<td width=\"275\">Marca<\/td>\n<\/tr>\n<tr>\n<td width=\"331\">Interface homem-computador<\/td>\n<td width=\"275\">China<\/td>\n<\/tr>\n<tr>\n<td width=\"331\">controlador de programa\u00e7\u00e3o PLC<\/td>\n<td width=\"275\">Taiwan<\/td>\n<\/tr>\n<tr>\n<td width=\"331\">Retransmiss\u00e3o<\/td>\n<td width=\"275\">Schneider.Fran\u00e7a<\/td>\n<\/tr>\n<tr>\n<td width=\"331\">Contator, bot\u00e3o<\/td>\n<td width=\"275\">Schneider.Fran\u00e7a<\/td>\n<\/tr>\n<tr>\n<td width=\"331\">Disjuntor<\/td>\n<td width=\"275\">Fran\u00e7a<\/td>\n<\/tr>\n<tr>\n<td width=\"331\">Controlador de temperatura<\/td>\n<td width=\"275\">Schneider.Fran\u00e7a<\/td>\n<\/tr>\n<tr>\n<td width=\"331\">Inversor<\/td>\n<td width=\"275\">Marca Delta Taiwan<\/td>\n<\/tr>\n<tr>\n<td width=\"331\">EPC autom\u00e1tico<\/td>\n<td width=\"275\">China<\/td>\n<\/tr>\n<tr>\n<td width=\"331\">Rolamento para rolo anilox, rolo de impress\u00e3o<\/td>\n<td width=\"275\">Jap\u00e3o<\/td>\n<\/tr>\n<\/tbody>\n<\/table>\n<p>\u203bAs especifica\u00e7\u00f5es corretas dependem do modelo real.Todas as especifica\u00e7\u00f5es est\u00e3o sujeitas a altera\u00e7\u00f5es sem aviso pr\u00e9vio.<\/p>\n<p>Recipiente de carregamento da m\u00e1quina de impress\u00e3o flexogr\u00e1fica, envio para outro pa\u00eds.<\/p>\n<p><img decoding=\"async\" src=\"https:\/\/shopic.mcmcclass.com\/20211215213827403350285.JPG\" alt=\"flexo_printing_machine_ship_in_container.JPG\" \/><\/p>\n<p>M\u00e1quina de impress\u00e3o flexogr\u00e1fica, m\u00e1quina de sopro de filme no cliente fatory<\/p>\n<p><img decoding=\"async\" src=\"https:\/\/shopic.mcmcclass.com\/20211215213723786217429.JPG\" alt=\"Plastic-bag-machine-factory.JPG\" \/><\/p>\n<p>Instale a M\u00e1quina de Filme Strech na F\u00e1brica do Cliente no M\u00e9xico<\/p>\n<p><img decoding=\"async\" src=\"https:\/\/shopic.mcmcclass.com\/20211214015056677179067.JPG\" alt=\"stretch film machine1.JPG\" \/><\/p>\n<p>Nosso cooperador de pe\u00e7as principais como marca a seguir (pe\u00e7as padr\u00e3o todas feitas da china).<\/p>\n<p><img fetchpriority=\"high\" decoding=\"async\" src=\"https:\/\/shopic.mcmcclass.com\/20211213214903233504108.jpg\" alt=\"plastic_bag_machine_electric_parts.jpg\" width=\"500\" height=\"312\" \/><\/p>\n<p>Fornecedor de material de canudo<\/p>\n<p><img decoding=\"async\" src=\"https:\/\/fshop.oss-accelerate.aliyuncs.com\/20211214224140246141552.jpg\" alt=\"Polythylene-Polypropylene-PP-HDPE-LDPE-material-Supplier-Top-ten-List(1).jpg\" width=\"500\" height=\"500\" \/><\/p>\n<p><img decoding=\"async\" src=\"https:\/\/fshop.oss-accelerate.aliyuncs.com\/20211215004555835914023.jpg\" alt=\"automatic-slitting-machine-7.jpg\" width=\"500\" height=\"476\" \/><\/p>\n<p><img loading=\"lazy\" decoding=\"async\" src=\"https:\/\/fshop.oss-accelerate.aliyuncs.com\/20211215004555806011983.jpg\" alt=\"automatic-slitting-machine-9.jpg\" width=\"500\" height=\"252\" \/><\/p>\n<p>Rede Global de Servi\u00e7os<\/p>\n<p><img loading=\"lazy\" decoding=\"async\" src=\"https:\/\/fshop.oss-accelerate.aliyuncs.com\/20211213231123292754909.jpg\" alt=\"Marketing Network-plasticbagmachine.jpg\" width=\"481\" height=\"319\" \/><\/p>\n<p>&nbsp;<\/p>\n<\/div>\n<\/div>\n","protected":false},"excerpt":{"rendered":"<p>cor vermelho, azul, <\/p>\n","protected":false},"featured_media":30095,"comment_status":"closed","ping_status":"closed","template":"","meta":{"_acf_changed":false,"_oss_video_url":""},"product_brand":[],"product_cat":[83],"product_tag":[],"class_list":{"0":"post-30093","1":"product","2":"type-product","3":"status-publish","4":"has-post-thumbnail","6":"product_cat-impressoras-flexograficas","8":"first","9":"instock","10":"shipping-taxable","11":"product-type-simple"},"acf":[],"_links":{"self":[{"href":"https:\/\/cortesolda.com.br\/por\/wp-json\/wp\/v2\/product\/30093","targetHints":{"allow":["GET"]}}],"collection":[{"href":"https:\/\/cortesolda.com.br\/por\/wp-json\/wp\/v2\/product"}],"about":[{"href":"https:\/\/cortesolda.com.br\/por\/wp-json\/wp\/v2\/types\/product"}],"replies":[{"embeddable":true,"href":"https:\/\/cortesolda.com.br\/por\/wp-json\/wp\/v2\/comments?post=30093"}],"version-history":[{"count":0,"href":"https:\/\/cortesolda.com.br\/por\/wp-json\/wp\/v2\/product\/30093\/revisions"}],"wp:featuredmedia":[{"embeddable":true,"href":"https:\/\/cortesolda.com.br\/por\/wp-json\/wp\/v2\/media\/30095"}],"wp:attachment":[{"href":"https:\/\/cortesolda.com.br\/por\/wp-json\/wp\/v2\/media?parent=30093"}],"wp:term":[{"taxonomy":"product_brand","embeddable":true,"href":"https:\/\/cortesolda.com.br\/por\/wp-json\/wp\/v2\/product_brand?post=30093"},{"taxonomy":"product_cat","embeddable":true,"href":"https:\/\/cortesolda.com.br\/por\/wp-json\/wp\/v2\/product_cat?post=30093"},{"taxonomy":"product_tag","embeddable":true,"href":"https:\/\/cortesolda.com.br\/por\/wp-json\/wp\/v2\/product_tag?post=30093"}],"curies":[{"name":"wp","href":"https:\/\/api.w.org\/{rel}","templated":true}]}}