{"id":30098,"date":"2025-03-28T15:05:32","date_gmt":"2025-03-28T07:05:32","guid":{"rendered":"https:\/\/hotpink-lyrebird-701956.hostingersite.com\/?post_type=product&#038;p=30098"},"modified":"2025-03-29T14:03:17","modified_gmt":"2025-03-29T06:03:17","slug":"flexo-plate-making-machine","status":"publish","type":"product","link":"https:\/\/cortesolda.com.br\/por\/flexo-plate-making-machine.html","title":{"rendered":"M\u00e1quina para fabricar placas flexogr\u00e1ficas"},"content":{"rendered":"<div id=\"tab-desc\" class=\"tab-pane active\" role=\"tabpanel\">\n<div class=\"ProductAttr\">\n<div class=\"ProductAttrItem\">\n<div class=\"ProductAttr-title\">cor<\/div>\n<div class=\"ProductAttr-text\">vermelho, azul, amarelo<\/div>\n<\/div>\n<\/div>\n<div class=\"product-tab-desc\">\n<div>\n<p>Caracter\u00edsticas da m\u00e1quina para fabrica\u00e7\u00e3o de chapas flexogr\u00e1ficas:<\/p>\n<p>1. Toda a m\u00e1quina adota revestimento de a\u00e7o inoxid\u00e1vel, confi\u00e1vel e dur\u00e1vel.<br \/>\n2. L\u00e2mpadas Philips, retificadores Philips (o tipo de transforma\u00e7\u00e3o de frequ\u00eancia \u00e9 bom para processamento de placas).<br \/>\n3. Folha de v\u00e1cuo Japan Toyo que reflete raios ultravioleta.<br \/>\n4. O controlador do computador permite que ele seja facilmente operado.<br \/>\n5. Sensor t\u00e9rmico integrado digital americano.<br \/>\n6. Sistema de lavagem autom\u00e1tica da placa, secagem constante, vento forte e secagem r\u00e1pida.<br \/>\n7. Fonte de luz Philips UVC para remover a ader\u00eancia da placa.<br \/>\n8. Equipado com as fun\u00e7\u00f5es de exposi\u00e7\u00e3o, lavagem, secagem e remo\u00e7\u00e3o de ader\u00eancia, um bom equipamento para processamento de chapas flexogr\u00e1ficas.<br \/>\n9. Eleva\u00e7\u00e3o autom\u00e1tica da p\u00e1lpebra superior<\/p>\n<p><strong>Espessura da placa flexogr\u00e1fica: 1,7 mm, 2,28 mm, 3,94 mm.<\/strong><\/p>\n<table style=\"border-collapse: collapse; border: none; font-family: 'Times New Roman'; font-size: 10pt;\" border=\"1\" cellspacing=\"0\">\n<tbody>\n<tr style=\"height: 19.3500pt;\">\n<td style=\"width: 90.1500pt; padding: 0.0000pt 5.4000pt 0.0000pt 5.4000pt; border: 1.0000pt solid windowtext;\" valign=\"top\">\n<p style=\"text-align: center; margin: 0pt 0pt 0.0001pt; font-family: 'Times New Roman'; font-size: 10.5pt;\"><span style=\"font-family: \u5b8b\u4f53; font-size: 12.0000pt;\"><span style=\"font-family: Times New Roman;\">Modelo<\/span><\/span><\/p>\n<\/td>\n<td style=\"width: 90.1000pt; padding: 0.0000pt 5.4000pt 0.0000pt 5.4000pt; border: 1.0000pt solid windowtext;\" valign=\"top\">\n<p style=\"text-align: center; margin: 0pt 0pt 0.0001pt; font-family: 'Times New Roman'; font-size: 10.5pt;\"><span style=\"font-family: \u5b8b\u4f53; font-size: 12.0000pt;\"><span style=\"font-family: Times New Roman;\">Tamanho da placa<\/span><\/span><\/p>\n<\/td>\n<td style=\"width: 122.4000pt; padding: 0.0000pt 5.4000pt 0.0000pt 5.4000pt; border: 1.0000pt solid windowtext;\" valign=\"top\">\n<p style=\"text-align: center; margin: 0pt 0pt 0.0001pt; font-family: 'Times New Roman'; font-size: 10.5pt;\"><span style=\"font-family: \u5b8b\u4f53; font-size: 12.0000pt;\"><span style=\"font-family: Times New Roman;\">Tamanho da m\u00e1quina<\/span><\/span><\/p>\n<\/td>\n<td style=\"width: 61.9500pt; padding: 0.0000pt 5.4000pt 0.0000pt 5.4000pt; border: 1.0000pt solid windowtext;\" valign=\"top\">\n<p style=\"text-align: center; margin: 0pt 0pt 0.0001pt; font-family: 'Times New Roman'; font-size: 10.5pt;\"><span style=\"font-family: \u5b8b\u4f53; font-size: 12.0000pt;\"><span style=\"font-family: Times New Roman;\">Poder<\/span><\/span><\/p>\n<\/td>\n<\/tr>\n<tr style=\"height: 30.3500pt;\">\n<td style=\"width: 90.1500pt; padding: 0.0000pt 5.4000pt 0.0000pt 5.4000pt; border-left: 1.0000pt solid windowtext; border-right: 1.0000pt solid windowtext; border-top: none; border-bottom: 1.0000pt solid windowtext;\" valign=\"top\">\n<p style=\"text-align: center; margin: 0pt 0pt 0.0001pt; font-family: 'Times New Roman'; font-size: 10.5pt;\"><span style=\"font-family: \u5b8b\u4f53; font-size: 12.0000pt;\"><span style=\"font-family: Times New Roman;\">KDFP4030<\/span><\/span><\/p>\n<\/td>\n<td style=\"width: 90.1000pt; padding: 0.0000pt 5.4000pt 0.0000pt 5.4000pt; border-left: 1.0000pt solid windowtext; border-right: 1.0000pt solid windowtext; border-top: none; border-bottom: 1.0000pt solid windowtext;\" valign=\"top\">\n<p style=\"text-align: center; margin: 0pt 0pt 0.0001pt; font-family: 'Times New Roman'; font-size: 10.5pt;\"><span style=\"font-family: \u5b8b\u4f53; font-size: 12.0000pt;\"><span style=\"font-family: Times New Roman;\">430*320mm<\/span><\/span><\/p>\n<\/td>\n<td style=\"width: 122.4000pt; padding: 0.0000pt 5.4000pt 0.0000pt 5.4000pt; border-left: 1.0000pt solid windowtext; border-right: 1.0000pt solid windowtext; border-top: none; border-bottom: 1.0000pt solid windowtext;\" valign=\"top\">\n<p style=\"text-align: center; margin: 0pt 0pt 0.0001pt; font-family: 'Times New Roman'; font-size: 10.5pt;\"><span style=\"font-family: \u5b8b\u4f53; font-size: 12.0000pt;\"><span style=\"font-family: Times New Roman;\">710*610*1050mm<\/span><\/span><\/p>\n<\/td>\n<td style=\"width: 61.9500pt; padding: 0.0000pt 5.4000pt 0.0000pt 5.4000pt; border-left: 1.0000pt solid windowtext; border-right: 1.0000pt solid windowtext; border-top: none; border-bottom: 1.0000pt solid windowtext;\" valign=\"top\">\n<p style=\"text-align: center; margin: 0pt 0pt 0.0001pt; font-family: 'Times New Roman'; font-size: 10.5pt;\"><span style=\"font-family: \u5b8b\u4f53; font-size: 12.0000pt;\"><span style=\"font-family: Times New Roman;\">2,2kw<\/span><\/span><\/p>\n<\/td>\n<\/tr>\n<tr style=\"height: 23.6000pt;\">\n<td style=\"width: 90.1500pt; padding: 0.0000pt 5.4000pt 0.0000pt 5.4000pt; border-left: 1.0000pt solid windowtext; border-right: 1.0000pt solid windowtext; border-top: none; border-bottom: 1.0000pt solid windowtext;\" valign=\"top\">\n<p style=\"text-align: center; margin: 0pt 0pt 0.0001pt; font-family: 'Times New Roman'; font-size: 10.5pt;\"><span style=\"font-family: \u5b8b\u4f53; font-size: 12.0000pt;\"><span style=\"font-family: Times New Roman;\">KDFP6040<\/span><\/span><\/p>\n<\/td>\n<td style=\"width: 90.1000pt; padding: 0.0000pt 5.4000pt 0.0000pt 5.4000pt; border-left: 1.0000pt solid windowtext; border-right: 1.0000pt solid windowtext; border-top: none; border-bottom: 1.0000pt solid windowtext;\" valign=\"top\">\n<p style=\"text-align: center; margin: 0pt 0pt 0.0001pt; font-family: 'Times New Roman'; font-size: 10.5pt;\"><span style=\"font-family: \u5b8b\u4f53; font-size: 12.0000pt;\"><span style=\"font-family: Times New Roman;\">600*400mm<\/span><\/span><\/p>\n<\/td>\n<td style=\"width: 122.4000pt; padding: 0.0000pt 5.4000pt 0.0000pt 5.4000pt; border-left: 1.0000pt solid windowtext; border-right: 1.0000pt solid windowtext; border-top: none; border-bottom: 1.0000pt solid windowtext;\" valign=\"top\">\n<p style=\"text-align: center; margin: 0pt 0pt 0.0001pt; font-family: 'Times New Roman'; font-size: 10.5pt;\"><span style=\"font-family: \u5b8b\u4f53; font-size: 12.0000pt;\"><span style=\"font-family: Times New Roman;\">860*710*1050mm<\/span><\/span><\/p>\n<\/td>\n<td style=\"width: 61.9500pt; padding: 0.0000pt 5.4000pt 0.0000pt 5.4000pt; border-left: 1.0000pt solid windowtext; border-right: 1.0000pt solid windowtext; border-top: none; border-bottom: 1.0000pt solid windowtext;\" valign=\"top\">\n<p style=\"text-align: center; margin: 0pt 0pt 0.0001pt; font-family: 'Times New Roman'; font-size: 10.5pt;\"><span style=\"font-family: \u5b8b\u4f53; font-size: 12.0000pt;\"><span style=\"font-family: Times New Roman;\">2,3kw<\/span><\/span><\/p>\n<\/td>\n<\/tr>\n<tr style=\"height: 29.0500pt;\">\n<td style=\"width: 90.1500pt; padding: 0.0000pt 5.4000pt 0.0000pt 5.4000pt; border-left: 1.0000pt solid windowtext; border-right: 1.0000pt solid windowtext; border-top: none; border-bottom: 1.0000pt solid windowtext;\" valign=\"top\">\n<p style=\"text-align: center; margin: 0pt 0pt 0.0001pt; font-family: 'Times New Roman'; font-size: 10.5pt;\"><span style=\"font-family: \u5b8b\u4f53; font-size: 12.0000pt;\"><span style=\"font-family: Times New Roman;\">KDFP8060<\/span><\/span><\/p>\n<\/td>\n<td style=\"width: 90.1000pt; padding: 0.0000pt 5.4000pt 0.0000pt 5.4000pt; border-left: 1.0000pt solid windowtext; border-right: 1.0000pt solid windowtext; border-top: none; border-bottom: 1.0000pt solid windowtext;\" valign=\"top\">\n<p style=\"text-align: center; margin: 0pt 0pt 0.0001pt; font-family: 'Times New Roman'; font-size: 10.5pt;\"><span style=\"font-family: \u5b8b\u4f53; font-size: 12.0000pt;\"><span style=\"font-family: Times New Roman;\">800*600mm<\/span><\/span><\/p>\n<\/td>\n<td style=\"width: 122.4000pt; padding: 0.0000pt 5.4000pt 0.0000pt 5.4000pt; border-left: 1.0000pt solid windowtext; border-right: 1.0000pt solid windowtext; border-top: none; border-bottom: 1.0000pt solid windowtext;\" valign=\"top\">\n<p style=\"text-align: center; margin: 0pt 0pt 0.0001pt; font-family: 'Times New Roman'; font-size: 10.5pt;\"><span style=\"font-family: \u5b8b\u4f53; font-size: 12.0000pt;\"><span style=\"font-family: Times New Roman;\">1090*910*1150mm<\/span><\/span><\/p>\n<\/td>\n<td style=\"width: 61.9500pt; padding: 0.0000pt 5.4000pt 0.0000pt 5.4000pt; border-left: 1.0000pt solid windowtext; border-right: 1.0000pt solid windowtext; border-top: none; border-bottom: 1.0000pt solid windowtext;\" valign=\"top\">\n<p style=\"text-align: center; margin: 0pt 0pt 0.0001pt; font-family: 'Times New Roman'; font-size: 10.5pt;\"><span style=\"font-family: \u5b8b\u4f53; font-size: 12.0000pt;\"><span style=\"font-family: Times New Roman;\">3,5 kW<\/span><\/span><\/p>\n<\/td>\n<\/tr>\n<tr style=\"height: 22.4000pt;\">\n<td style=\"width: 90.1500pt; padding: 0.0000pt 5.4000pt 0.0000pt 5.4000pt; border-left: 1.0000pt solid windowtext; border-right: 1.0000pt solid windowtext; border-top: none; border-bottom: 1.0000pt solid windowtext;\" valign=\"top\">\n<p style=\"text-align: center; margin: 0pt 0pt 0.0001pt; font-family: 'Times New Roman'; font-size: 10.5pt;\"><span style=\"font-family: \u5b8b\u4f53; font-size: 12.0000pt;\"><span style=\"font-family: Times New Roman;\">KDFP9060<\/span><\/span><\/p>\n<\/td>\n<td style=\"width: 90.1000pt; padding: 0.0000pt 5.4000pt 0.0000pt 5.4000pt; border-left: 1.0000pt solid windowtext; border-right: 1.0000pt solid windowtext; border-top: none; border-bottom: 1.0000pt solid windowtext;\" valign=\"top\">\n<p style=\"text-align: center; margin: 0pt 0pt 0.0001pt; font-family: 'Times New Roman'; font-size: 10.5pt;\"><span style=\"font-family: \u5b8b\u4f53; font-size: 12.0000pt;\"><span style=\"font-family: Times New Roman;\">900*600mm<\/span><\/span><\/p>\n<\/td>\n<td style=\"width: 122.4000pt; padding: 0.0000pt 5.4000pt 0.0000pt 5.4000pt; border-left: 1.0000pt solid windowtext; border-right: 1.0000pt solid windowtext; border-top: none; border-bottom: 1.0000pt solid windowtext;\" valign=\"top\">\n<p style=\"text-align: center; margin: 0pt 0pt 0.0001pt; font-family: 'Times New Roman'; font-size: 10.5pt;\"><span style=\"font-family: \u5b8b\u4f53; font-size: 12.0000pt;\"><span style=\"font-family: Times New Roman;\">1190*910*1150mm<\/span><\/span><\/p>\n<\/td>\n<td style=\"width: 61.9500pt; padding: 0.0000pt 5.4000pt 0.0000pt 5.4000pt; border-left: 1.0000pt solid windowtext; border-right: 1.0000pt solid windowtext; border-top: none; border-bottom: 1.0000pt solid windowtext;\" valign=\"top\">\n<p style=\"text-align: center; margin: 0pt 0pt 0.0001pt; font-family: 'Times New Roman'; font-size: 10.5pt;\"><span style=\"font-family: \u5b8b\u4f53; font-size: 12.0000pt;\"><span style=\"font-family: Times New Roman;\">3,7 kW<\/span><\/span><\/p>\n<\/td>\n<\/tr>\n<tr style=\"height: 28.9000pt;\">\n<td style=\"width: 90.1500pt; padding: 0.0000pt 5.4000pt 0.0000pt 5.4000pt; border-left: 1.0000pt solid windowtext; border-right: 1.0000pt solid windowtext; border-top: none; border-bottom: 1.0000pt solid windowtext;\" valign=\"top\">\n<p style=\"text-align: center; margin: 0pt 0pt 0.0001pt; font-family: 'Times New Roman'; font-size: 10.5pt;\"><span style=\"font-family: \u5b8b\u4f53; font-size: 12.0000pt;\"><span style=\"font-family: Times New Roman;\">KDFP10060<\/span><\/span><\/p>\n<\/td>\n<td style=\"width: 90.1000pt; padding: 0.0000pt 5.4000pt 0.0000pt 5.4000pt; border-left: 1.0000pt solid windowtext; border-right: 1.0000pt solid windowtext; border-top: none; border-bottom: 1.0000pt solid windowtext;\" valign=\"top\">\n<p style=\"text-align: center; margin: 0pt 0pt 0.0001pt; font-family: 'Times New Roman'; font-size: 10.5pt;\"><span style=\"font-family: \u5b8b\u4f53; font-size: 12.0000pt;\"><span style=\"font-family: Times New Roman;\">1000*600mm<\/span><\/span><\/p>\n<\/td>\n<td style=\"width: 122.4000pt; padding: 0.0000pt 5.4000pt 0.0000pt 5.4000pt; border-left: 1.0000pt solid windowtext; border-right: 1.0000pt solid windowtext; border-top: none; border-bottom: 1.0000pt solid windowtext;\" valign=\"top\">\n<p style=\"text-align: center; margin: 0pt 0pt 0.0001pt; font-family: 'Times New Roman'; font-size: 10.5pt;\"><span style=\"font-family: \u5b8b\u4f53; font-size: 12.0000pt;\"><span style=\"font-family: Times New Roman;\">1290*910*1150mm<\/span><\/span><\/p>\n<\/td>\n<td style=\"width: 61.9500pt; padding: 0.0000pt 5.4000pt 0.0000pt 5.4000pt; border-left: 1.0000pt solid windowtext; border-right: 1.0000pt solid windowtext; border-top: none; border-bottom: 1.0000pt solid windowtext;\" valign=\"top\">\n<p style=\"text-align: center; margin: 0pt 0pt 0.0001pt; font-family: 'Times New Roman'; font-size: 10.5pt;\"><span style=\"font-family: \u5b8b\u4f53; font-size: 12.0000pt;\"><span style=\"font-family: Times New Roman;\">3,8 kW<\/span><\/span><\/p>\n<\/td>\n<\/tr>\n<tr style=\"height: 28.9000pt;\">\n<td style=\"width: 90.1500pt; padding: 0.0000pt 5.4000pt 0.0000pt 5.4000pt; border-left: 1.0000pt solid windowtext; border-right: 1.0000pt solid windowtext; border-top: none; border-bottom: 1.0000pt solid windowtext;\" valign=\"top\">\n<p style=\"text-align: center; margin: 0pt 0pt 0.0001pt; font-family: 'Times New Roman'; font-size: 10.5pt;\"><span style=\"font-family: \u5b8b\u4f53; font-size: 12.0000pt;\"><span style=\"font-family: Times New Roman;\">KDFP12060<\/span><\/span><\/p>\n<\/td>\n<td style=\"width: 90.1000pt; padding: 0.0000pt 5.4000pt 0.0000pt 5.4000pt; border-left: 1.0000pt solid windowtext; border-right: 1.0000pt solid windowtext; border-top: none; border-bottom: 1.0000pt solid windowtext;\" valign=\"top\">\n<p style=\"text-align: center; margin: 0pt 0pt 0.0001pt; font-family: 'Times New Roman'; font-size: 10.5pt;\"><span style=\"font-family: \u5b8b\u4f53; font-size: 12.0000pt;\"><span style=\"font-family: Times New Roman;\">1200*600mm<\/span><\/span><\/p>\n<\/td>\n<td style=\"width: 122.4000pt; padding: 0.0000pt 5.4000pt 0.0000pt 5.4000pt; border-left: 1.0000pt solid windowtext; border-right: 1.0000pt solid windowtext; border-top: none; border-bottom: 1.0000pt solid windowtext;\" valign=\"top\">\n<p style=\"text-align: center; margin: 0pt 0pt 0.0001pt; font-family: 'Times New Roman'; font-size: 10.5pt;\"><span style=\"font-family: \u5b8b\u4f53; font-size: 12.0000pt;\"><span style=\"font-family: Times New Roman;\">1490*910*11<\/span><\/span><span style=\"font-family: 'Times New Roman'; font-size: 12.0000pt;\">9<\/span><span style=\"font-family: \u5b8b\u4f53; font-size: 12.0000pt;\"><span style=\"font-family: Times New Roman;\">0mm<\/span><\/span><\/p>\n<\/td>\n<td style=\"width: 61.9500pt; padding: 0.0000pt 5.4000pt 0.0000pt 5.4000pt; border-left: 1.0000pt solid windowtext; border-right: 1.0000pt solid windowtext; border-top: none; border-bottom: 1.0000pt solid windowtext;\" valign=\"top\">\n<p style=\"text-align: center; margin: 0pt 0pt 0.0001pt; font-family: 'Times New Roman'; font-size: 10.5pt;\"><span style=\"font-family: \u5b8b\u4f53; font-size: 12.0000pt;\"><span style=\"font-family: Times New Roman;\">3,9kw<\/span><\/span><\/p>\n<\/td>\n<\/tr>\n<tr style=\"height: 28.9000pt;\">\n<td style=\"width: 90.1500pt; padding: 0.0000pt 5.4000pt 0.0000pt 5.4000pt; border-left: 1.0000pt solid windowtext; border-right: 1.0000pt solid windowtext; border-top: none; border-bottom: 1.0000pt solid windowtext;\" valign=\"top\">\n<p style=\"text-align: center; margin: 0pt 0pt 0.0001pt; font-family: 'Times New Roman'; font-size: 10.5pt;\"><span style=\"font-family: \u5b8b\u4f53; font-size: 12.0000pt;\"><span style=\"font-family: Times New Roman;\">KDFP12090<\/span><\/span><\/p>\n<\/td>\n<td style=\"width: 90.1000pt; padding: 0.0000pt 5.4000pt 0.0000pt 5.4000pt; border-left: 1.0000pt solid windowtext; border-right: 1.0000pt solid windowtext; border-top: none; border-bottom: 1.0000pt solid windowtext;\" valign=\"top\">\n<p style=\"text-align: center; margin: 0pt 0pt 0.0001pt; font-family: 'Times New Roman'; font-size: 10.5pt;\"><span style=\"font-family: \u5b8b\u4f53; font-size: 12.0000pt;\"><span style=\"font-family: Times New Roman;\">1200*900mm<\/span><\/span><\/p>\n<\/td>\n<td style=\"width: 122.4000pt; padding: 0.0000pt 5.4000pt 0.0000pt 5.4000pt; border-left: 1.0000pt solid windowtext; border-right: 1.0000pt solid windowtext; border-top: none; border-bottom: 1.0000pt solid windowtext;\" valign=\"top\">\n<p style=\"text-align: center; margin: 0pt 0pt 0.0001pt; font-family: 'Times New Roman'; font-size: 10.5pt;\"><span style=\"font-family: \u5b8b\u4f53; font-size: 12.0000pt;\"><span style=\"font-family: Times New Roman;\">1<\/span><\/span><span style=\"font-family: 'Times New Roman'; font-size: 12.0000pt;\">4<\/span><span style=\"font-family: \u5b8b\u4f53; font-size: 12.0000pt;\"><span style=\"font-family: Times New Roman;\">90*<\/span><\/span><span style=\"font-family: 'Times New Roman'; font-size: 12.0000pt;\">1<\/span><span style=\"font-family: \u5b8b\u4f53; font-size: 12.0000pt;\"><span style=\"font-family: Times New Roman;\">210*11<\/span><\/span><span style=\"font-family: 'Times New Roman'; font-size: 12.0000pt;\">9<\/span><span style=\"font-family: \u5b8b\u4f53; font-size: 12.0000pt;\"><span style=\"font-family: Times New Roman;\">0mm<\/span><\/span><\/p>\n<\/td>\n<td style=\"width: 61.9500pt; padding: 0.0000pt 5.4000pt 0.0000pt 5.4000pt; border-left: 1.0000pt solid windowtext; border-right: 1.0000pt solid windowtext; border-top: none; border-bottom: 1.0000pt solid windowtext;\" valign=\"top\">\n<p style=\"text-align: center; margin: 0pt 0pt 0.0001pt; font-family: 'Times New Roman'; font-size: 10.5pt;\"><span style=\"font-family: \u5b8b\u4f53; font-size: 12.0000pt;\"><span style=\"font-family: Times New Roman;\">4,1kw<\/span><\/span><\/p>\n<\/td>\n<\/tr>\n<tr style=\"height: 28.9000pt;\">\n<td style=\"width: 90.1500pt; padding: 0.0000pt 5.4000pt 0.0000pt 5.4000pt; border-left: 1.0000pt solid windowtext; border-right: 1.0000pt solid windowtext; border-top: none; border-bottom: 1.0000pt solid windowtext;\" valign=\"top\">\n<p style=\"text-align: center; margin: 0pt 0pt 0.0001pt; font-family: 'Times New Roman'; font-size: 10.5pt;\"><span style=\"font-family: \u5b8b\u4f53; font-size: 12.0000pt;\"><span style=\"font-family: Times New Roman;\">KDFP120<\/span><\/span><span style=\"font-family: 'Times New Roman'; font-size: 12.0000pt;\">1<\/span><span style=\"font-family: \u5b8b\u4f53; font-size: 12.0000pt;\"><span style=\"font-family: Times New Roman;\">00<\/span><\/span><\/p>\n<\/td>\n<td style=\"width: 90.1000pt; padding: 0.0000pt 5.4000pt 0.0000pt 5.4000pt; border-left: 1.0000pt solid windowtext; border-right: 1.0000pt solid windowtext; border-top: none; border-bottom: 1.0000pt solid windowtext;\" valign=\"top\">\n<p style=\"text-align: center; margin: 0pt 0pt 0.0001pt; font-family: 'Times New Roman'; font-size: 10.5pt;\"><span style=\"font-family: \u5b8b\u4f53; font-size: 12.0000pt;\"><span style=\"font-family: Times New Roman;\">1200*1000mm<\/span><\/span><\/p>\n<\/td>\n<td style=\"width: 122.4000pt; padding: 0.0000pt 5.4000pt 0.0000pt 5.4000pt; border-left: 1.0000pt solid windowtext; border-right: 1.0000pt solid windowtext; border-top: none; border-bottom: 1.0000pt solid windowtext;\" valign=\"top\">\n<p style=\"text-align: center; margin: 0pt 0pt 0.0001pt; font-family: 'Times New Roman'; font-size: 10.5pt;\"><span style=\"font-family: \u5b8b\u4f53; font-size: 12.0000pt;\"><span style=\"font-family: Times New Roman;\">1<\/span><\/span><span style=\"font-family: 'Times New Roman'; font-size: 12.0000pt;\">4<\/span><span style=\"font-family: \u5b8b\u4f53; font-size: 12.0000pt;\"><span style=\"font-family: Times New Roman;\">90*<\/span><\/span><span style=\"font-family: 'Times New Roman'; font-size: 12.0000pt;\">13<\/span><span style=\"font-family: \u5b8b\u4f53; font-size: 12.0000pt;\"><span style=\"font-family: Times New Roman;\">10*11<\/span><\/span><span style=\"font-family: 'Times New Roman'; font-size: 12.0000pt;\">9<\/span><span style=\"font-family: \u5b8b\u4f53; font-size: 12.0000pt;\"><span style=\"font-family: Times New Roman;\">0mm<\/span><\/span><\/p>\n<\/td>\n<td style=\"width: 61.9500pt; padding: 0.0000pt 5.4000pt 0.0000pt 5.4000pt; border-left: 1.0000pt solid windowtext; border-right: 1.0000pt solid windowtext; border-top: none; border-bottom: 1.0000pt solid windowtext;\" valign=\"top\">\n<p style=\"text-align: center; margin: 0pt 0pt 0.0001pt; font-family: 'Times New Roman'; font-size: 10.5pt;\"><span style=\"font-family: \u5b8b\u4f53; font-size: 12.0000pt;\"><span style=\"font-family: Times New Roman;\">4,2kw<\/span><\/span><\/p>\n<\/td>\n<\/tr>\n<\/tbody>\n<\/table>\n<\/div>\n<p>\u203bAs especifica\u00e7\u00f5es corretas dependem do modelo real.Todas as especifica\u00e7\u00f5es est\u00e3o sujeitas a altera\u00e7\u00f5es sem aviso pr\u00e9vio.<\/p>\n<p>M\u00e1quina para fabricar chapas flexogr\u00e1ficas Expedi\u00e7\u00e3o<\/p>\n<p><img fetchpriority=\"high\" decoding=\"async\" src=\"https:\/\/shopic.mcmcclass.com\/20230223235732746804193.jpg\" alt=\"\" width=\"492\" height=\"492\" \/><\/p>\n<p>Placa Flexogr\u00e1fica<\/p>\n<p><img decoding=\"async\" src=\"https:\/\/shopic.mcmcclass.com\/20230224002249506175492.jpg\" alt=\"\" width=\"493\" height=\"493\" \/><\/p>\n<p><img decoding=\"async\" src=\"https:\/\/shopic.mcmcclass.com\/20211214015056647201615.JPG\" alt=\"stretch film machine loading container.JPG\" \/><\/p>\n<p>Instale a m\u00e1quina de filme estir\u00e1vel na f\u00e1brica do cliente no M\u00e9xico<\/p>\n<p><img decoding=\"async\" src=\"https:\/\/shopic.mcmcclass.com\/20211214015056677179067.JPG\" alt=\"stretch film machine1.JPG\" \/><\/p>\n<p>Nosso cooperador de pe\u00e7as principais da seguinte marca (pe\u00e7as padr\u00e3o todas fabricadas na China).<\/p>\n<p><img decoding=\"async\" src=\"https:\/\/shopic.mcmcclass.com\/20211213214903233504108.jpg\" alt=\"plastic_bag_machine_electric_parts.jpg\" width=\"500\" height=\"312\" \/><\/p>\n<p>Fornecedor de material para canudos<\/p>\n<p><img loading=\"lazy\" decoding=\"async\" src=\"https:\/\/fshop.oss-accelerate.aliyuncs.com\/20211214224140246141552.jpg\" alt=\"Polythylene-Polypropylene-PP-HDPE-LDPE-material-Supplier-Top-ten-List(1).jpg\" width=\"500\" height=\"500\" \/><\/p>\n<p><img loading=\"lazy\" decoding=\"async\" src=\"https:\/\/fshop.oss-accelerate.aliyuncs.com\/20211215004555835914023.jpg\" alt=\"automatic-slitting-machine-7.jpg\" width=\"500\" height=\"476\" \/><\/p>\n<p><img loading=\"lazy\" decoding=\"async\" src=\"https:\/\/fshop.oss-accelerate.aliyuncs.com\/20211215004555806011983.jpg\" alt=\"automatic-slitting-machine-9.jpg\" width=\"500\" height=\"252\" \/><\/p>\n<p>Rede Global de Servi\u00e7os<\/p>\n<p><img loading=\"lazy\" decoding=\"async\" src=\"https:\/\/fshop.oss-accelerate.aliyuncs.com\/20211213231123292754909.jpg\" alt=\"Marketing Network-plasticbagmachine.jpg\" width=\"481\" height=\"319\" \/><\/p>\n<p>&nbsp;<\/p>\n<\/div>\n<\/div>\n","protected":false},"excerpt":{"rendered":"<p>A m\u00e1quina de fabrica\u00e7\u00e3o de placas flexogr\u00e1ficas serve para fazer placas flexogr\u00e1ficas de tamanhos diferentes para m\u00e1quinas de impress\u00e3o flexogr\u00e1fica, a espessura da placa tem 1,7 mm, 2,28 mm.<\/p>\n","protected":false},"featured_media":30101,"comment_status":"closed","ping_status":"closed","template":"","meta":{"_acf_changed":false,"_oss_video_url":""},"product_brand":[],"product_cat":[83],"product_tag":[],"class_list":{"0":"post-30098","1":"product","2":"type-product","3":"status-publish","4":"has-post-thumbnail","6":"product_cat-impressoras-flexograficas","8":"first","9":"instock","10":"shipping-taxable","11":"product-type-simple"},"acf":[],"_links":{"self":[{"href":"https:\/\/cortesolda.com.br\/por\/wp-json\/wp\/v2\/product\/30098","targetHints":{"allow":["GET"]}}],"collection":[{"href":"https:\/\/cortesolda.com.br\/por\/wp-json\/wp\/v2\/product"}],"about":[{"href":"https:\/\/cortesolda.com.br\/por\/wp-json\/wp\/v2\/types\/product"}],"replies":[{"embeddable":true,"href":"https:\/\/cortesolda.com.br\/por\/wp-json\/wp\/v2\/comments?post=30098"}],"version-history":[{"count":0,"href":"https:\/\/cortesolda.com.br\/por\/wp-json\/wp\/v2\/product\/30098\/revisions"}],"wp:featuredmedia":[{"embeddable":true,"href":"https:\/\/cortesolda.com.br\/por\/wp-json\/wp\/v2\/media\/30101"}],"wp:attachment":[{"href":"https:\/\/cortesolda.com.br\/por\/wp-json\/wp\/v2\/media?parent=30098"}],"wp:term":[{"taxonomy":"product_brand","embeddable":true,"href":"https:\/\/cortesolda.com.br\/por\/wp-json\/wp\/v2\/product_brand?post=30098"},{"taxonomy":"product_cat","embeddable":true,"href":"https:\/\/cortesolda.com.br\/por\/wp-json\/wp\/v2\/product_cat?post=30098"},{"taxonomy":"product_tag","embeddable":true,"href":"https:\/\/cortesolda.com.br\/por\/wp-json\/wp\/v2\/product_tag?post=30098"}],"curies":[{"name":"wp","href":"https:\/\/api.w.org\/{rel}","templated":true}]}}