{"id":30108,"date":"2025-03-28T15:07:50","date_gmt":"2025-03-28T07:07:50","guid":{"rendered":"https:\/\/hotpink-lyrebird-701956.hostingersite.com\/?post_type=product&#038;p=30108"},"modified":"2025-07-06T22:13:55","modified_gmt":"2025-07-06T14:13:55","slug":"maquina-trituradora-de-plastico-eficiencia-e-versatilidade-maquina-trituradora-de-plastico","status":"publish","type":"product","link":"https:\/\/cortesolda.com.br\/por\/maquina-trituradora-de-plastico-eficiencia-e-versatilidade-maquina-trituradora-de-plastico","title":{"rendered":"M\u00e1quina trituradora de pl\u00e1stico"},"content":{"rendered":"<div id=\"tab-desc\" class=\"tab-pane active\" role=\"tabpanel\">\n<div class=\"ProductAttr\">\n<div class=\"ProductAttrItem\">\n<div class=\"ProductAttr-title\" data-rm-block-id=\"block-1\"><strong>M\u00e1quina trituradora de pl\u00e1stico<\/strong><\/div>\n<\/div>\n<\/div>\n<div class=\"product-tab-desc\">\n<p data-rm-block-id=\"block-2\"><span style=\"color: #000000;\">M\u00e1quina trituradora de pl\u00e1stico adequado para triturar os seguintes materiais:<\/span><\/p>\n<ol>\n<li data-rm-block-id=\"block-3\"><span style=\"color: #000000;\">Produtos de balde: filme pl\u00e1stico, filme ldpe, filme hdpe, filme bopp, garrafa pl\u00e1stica, garrafa pet, recipiente a granel (ibc) e caixote de lixo, tanque de \u00e1gua<\/span><\/li>\n<\/ol>\n<p data-rm-block-id=\"block-4\"><span style=\"color: #000000;\">Tamb\u00e9m fornecemos linha de processamento de reciclagem de garrafas pl\u00e1sticas.<\/span><\/p>\n<\/div>\n<\/div>\n<div id=\"attachment_30819\" style=\"width: 446px\" class=\"wp-caption alignnone\"><img fetchpriority=\"high\" decoding=\"async\" aria-describedby=\"caption-attachment-30819\" class=\" wp-image-30819\" src=\"https:\/\/cortesolda.com.br\/por\/wp-content\/uploads\/2025\/03\/Maquina-trituradora-de-plasticos.webp\" alt=\"M\u00e1quina trituradora de pl\u00e1sticos\" width=\"436\" height=\"193\" srcset=\"https:\/\/cortesolda.com.br\/por\/wp-content\/uploads\/2025\/03\/Maquina-trituradora-de-plasticos.webp 1024w, https:\/\/cortesolda.com.br\/por\/wp-content\/uploads\/2025\/03\/Maquina-trituradora-de-plasticos-400x177.webp 400w, https:\/\/cortesolda.com.br\/por\/wp-content\/uploads\/2025\/03\/Maquina-trituradora-de-plasticos-768x341.webp 768w, https:\/\/cortesolda.com.br\/por\/wp-content\/uploads\/2025\/03\/Maquina-trituradora-de-plasticos-430x191.webp 430w, https:\/\/cortesolda.com.br\/por\/wp-content\/uploads\/2025\/03\/Maquina-trituradora-de-plasticos-700x310.webp 700w, https:\/\/cortesolda.com.br\/por\/wp-content\/uploads\/2025\/03\/Maquina-trituradora-de-plasticos-150x67.webp 150w\" sizes=\"(max-width: 436px) 100vw, 436px\" \/><p id=\"caption-attachment-30819\" class=\"wp-caption-text\">M\u00e1quina trituradora de pl\u00e1sticos<\/p><\/div>\n<div id=\"attachment_30820\" style=\"width: 455px\" class=\"wp-caption alignnone\"><img decoding=\"async\" aria-describedby=\"caption-attachment-30820\" class=\" wp-image-30820\" src=\"https:\/\/cortesolda.com.br\/por\/wp-content\/uploads\/2025\/03\/material_PP_HDPE_LDPE.webp\" alt=\"material PP HDPE LDPE\" width=\"445\" height=\"176\" srcset=\"https:\/\/cortesolda.com.br\/por\/wp-content\/uploads\/2025\/03\/material_PP_HDPE_LDPE.webp 1117w, https:\/\/cortesolda.com.br\/por\/wp-content\/uploads\/2025\/03\/material_PP_HDPE_LDPE-400x158.webp 400w, https:\/\/cortesolda.com.br\/por\/wp-content\/uploads\/2025\/03\/material_PP_HDPE_LDPE-768x304.webp 768w, https:\/\/cortesolda.com.br\/por\/wp-content\/uploads\/2025\/03\/material_PP_HDPE_LDPE-430x170.webp 430w, https:\/\/cortesolda.com.br\/por\/wp-content\/uploads\/2025\/03\/material_PP_HDPE_LDPE-700x277.webp 700w, https:\/\/cortesolda.com.br\/por\/wp-content\/uploads\/2025\/03\/material_PP_HDPE_LDPE-150x59.webp 150w\" sizes=\"(max-width: 445px) 100vw, 445px\" \/><p id=\"caption-attachment-30820\" class=\"wp-caption-text\">material PP HDPE LDPE<\/p><\/div>\n<div id=\"tab-desc\" class=\"tab-pane active\" role=\"tabpanel\">\n<div class=\"product-tab-desc\">\n<p data-rm-block-id=\"block-5\"><span style=\"color: #000000;\"><strong>Principais caracter\u00edsticas<\/strong><\/span><\/p>\n<ol>\n<li style=\"text-align: left;\" data-rm-block-id=\"block-6\"><span style=\"color: #000000;\">Alta qualidade e pre\u00e7o razo\u00e1vel.<\/span><br \/>\n<span style=\"color: #000000;\">2. Opera\u00e7\u00e3o f\u00e1cil e baixo ru\u00eddo.<\/span><br \/>\n<span style=\"color: #000000;\">3. F\u00e1cil de instalar desmontar.<\/span><br \/>\n<span style=\"color: #000000;\">4. A britagem em condi\u00e7\u00e3o selada \u00e9 segura e confi\u00e1vel.<\/span><br \/>\n<span style=\"color: #000000;\">5. O esmagamento pode ser feito em pouco tempo.<\/span><br \/>\n<span style=\"color: #000000;\"><strong>6. Pode ser personalizado de acordo com a exig\u00eancia do cliente.<\/strong><\/span><\/li>\n<\/ol>\n<div id=\"attachment_30822\" style=\"width: 461px\" class=\"wp-caption alignnone\"><img decoding=\"async\" aria-describedby=\"caption-attachment-30822\" class=\" wp-image-30822\" src=\"https:\/\/cortesolda.com.br\/por\/wp-content\/uploads\/2025\/03\/Maquina-trituradora-plasticos.webp\" alt=\"M\u00e1quina trituradora de pl\u00e1sticos\" width=\"451\" height=\"451\" srcset=\"https:\/\/cortesolda.com.br\/por\/wp-content\/uploads\/2025\/03\/Maquina-trituradora-plasticos.webp 497w, https:\/\/cortesolda.com.br\/por\/wp-content\/uploads\/2025\/03\/Maquina-trituradora-plasticos-300x300.webp 300w, https:\/\/cortesolda.com.br\/por\/wp-content\/uploads\/2025\/03\/Maquina-trituradora-plasticos-150x150.webp 150w, https:\/\/cortesolda.com.br\/por\/wp-content\/uploads\/2025\/03\/Maquina-trituradora-plasticos-430x430.webp 430w\" sizes=\"(max-width: 451px) 100vw, 451px\" \/><p id=\"caption-attachment-30822\" class=\"wp-caption-text\">M\u00e1quina trituradora de pl\u00e1sticos<\/p><\/div>\n<p data-rm-block-id=\"block-7\"><span style=\"color: #000000;\">Principais Vari\u00e1veis \u200b\u200bT\u00e9cnicas<\/span><\/p>\n<table>\n<tbody>\n<tr>\n<td data-rm-block-id=\"block-8\"><span style=\"color: #000000;\">Modelo<\/span><\/td>\n<td data-rm-block-id=\"block-9\"><span style=\"color: #000000;\">F-1<\/span><\/td>\n<td data-rm-block-id=\"block-10\"><span style=\"color: #000000;\">F-3<\/span><\/td>\n<td data-rm-block-id=\"block-11\"><span style=\"color: #000000;\">F-5<\/span><\/td>\n<td data-rm-block-id=\"block-12\"><span style=\"color: #000000;\">F-6<\/span><\/td>\n<\/tr>\n<tr>\n<td data-rm-block-id=\"block-13\"><span style=\"color: #000000;\">material<\/span><\/td>\n<td colspan=\"4\" data-rm-block-id=\"block-14\"><span style=\"color: #000000;\">PEBD, PEAD, BOPP, PP, ANIMAL DE ESTIMA\u00c7\u00c3O, PVC<\/span><\/td>\n<\/tr>\n<tr>\n<td data-rm-block-id=\"block-15\"><span style=\"color: #000000;\">Resultado<\/span><\/td>\n<td data-rm-block-id=\"block-16\"><span style=\"color: #000000;\">60-100kg\/h<\/span><\/td>\n<td data-rm-block-id=\"block-17\"><span style=\"color: #000000;\">120-200kg\/h<\/span><\/td>\n<td data-rm-block-id=\"block-18\"><span style=\"color: #000000;\">200-280kg\/h<\/span><\/td>\n<td data-rm-block-id=\"block-19\"><span style=\"color: #000000;\">250-350kg\/h<\/span><\/td>\n<\/tr>\n<tr>\n<td data-rm-block-id=\"block-20\"><span style=\"color: #000000;\">Motor<\/span><\/td>\n<td data-rm-block-id=\"block-21\"><span style=\"color: #000000;\">4kw<\/span><\/td>\n<td data-rm-block-id=\"block-22\"><span style=\"color: #000000;\">7,5kw<\/span><\/td>\n<td data-rm-block-id=\"block-23\"><span style=\"color: #000000;\">11kw<\/span><\/td>\n<td data-rm-block-id=\"block-24\"><span style=\"color: #000000;\">15kw<\/span><\/td>\n<\/tr>\n<tr>\n<td data-rm-block-id=\"block-25\"><span style=\"color: #000000;\">Tamanho da entrada de material<\/span><\/td>\n<td data-rm-block-id=\"block-26\"><span style=\"color: #000000;\">250\u00d7200<\/span><\/td>\n<td data-rm-block-id=\"block-27\"><span style=\"color: #000000;\">400\u00d7300<\/span><\/td>\n<td data-rm-block-id=\"block-28\"><span style=\"color: #000000;\">500\u00d7350<\/span><\/td>\n<td data-rm-block-id=\"block-29\"><span style=\"color: #000000;\">650\u00d7400<\/span><\/td>\n<\/tr>\n<tr>\n<td data-rm-block-id=\"block-30\"><span style=\"color: #000000;\">Peso<\/span><\/td>\n<td data-rm-block-id=\"block-31\"><span style=\"color: #000000;\">0,3T<\/span><\/td>\n<td data-rm-block-id=\"block-32\"><span style=\"color: #000000;\">0,4T<\/span><\/td>\n<td data-rm-block-id=\"block-33\"><span style=\"color: #000000;\">0,6T<\/span><\/td>\n<td data-rm-block-id=\"block-34\"><span style=\"color: #000000;\">0,8T<\/span><\/td>\n<\/tr>\n<tr>\n<td data-rm-block-id=\"block-35\"><span style=\"color: #000000;\">Quantidade de facas<\/span><\/td>\n<td data-rm-block-id=\"block-36\"><span style=\"color: #000000;\">5 pe\u00e7as<\/span><\/td>\n<td data-rm-block-id=\"block-37\"><span style=\"color: #000000;\">5 pe\u00e7as<\/span><\/td>\n<td data-rm-block-id=\"block-38\"><span style=\"color: #000000;\">8 pe\u00e7as<\/span><\/td>\n<td data-rm-block-id=\"block-39\"><span style=\"color: #000000;\">10 PCS<\/span><\/td>\n<\/tr>\n<tr>\n<td data-rm-block-id=\"block-40\"><span style=\"color: #000000;\">Di\u00e2metro do contorno (L\u00d7W\u00d7H)<\/span><\/td>\n<td data-rm-block-id=\"block-41\"><span style=\"color: #000000;\">850\u00d7600\u00d71300<\/span><\/td>\n<td data-rm-block-id=\"block-42\"><span style=\"color: #000000;\">1000\u00d7750\u00d71400<\/span><\/td>\n<td data-rm-block-id=\"block-43\"><span style=\"color: #000000;\">1500\u00d7900\u00d71700<\/span><\/td>\n<td data-rm-block-id=\"block-44\"><span style=\"color: #000000;\">1700\u00d71200\u00d71800<\/span><\/td>\n<\/tr>\n<tr>\n<td data-rm-block-id=\"block-45\"><span style=\"color: #000000;\">Tens\u00e3o de Energia<\/span><\/td>\n<td colspan=\"4\" data-rm-block-id=\"block-46\"><span style=\"color: #000000;\">220V,380V,440V<\/span><\/td>\n<\/tr>\n<tr>\n<td data-rm-block-id=\"block-47\"><span style=\"color: #000000;\">Tempo de trabalho da m\u00e1quina<\/span><\/td>\n<td colspan=\"4\" data-rm-block-id=\"block-48\"><span style=\"color: #000000;\">24 horas*7<\/span><\/td>\n<\/tr>\n<tr>\n<td data-rm-block-id=\"block-49\"><span style=\"color: #000000;\">garantia<\/span><\/td>\n<td colspan=\"4\" data-rm-block-id=\"block-50\"><span style=\"color: #000000;\">1 ano<\/span><\/td>\n<\/tr>\n<tr>\n<td data-rm-block-id=\"block-51\"><span style=\"color: #000000;\">Assist\u00eancia t\u00e9cnica<\/span><\/td>\n<td colspan=\"4\" data-rm-block-id=\"block-52\"><span style=\"color: #000000;\">Engenheiros dispon\u00edveis para atender m\u00e1quinas no exterior<\/span><\/td>\n<\/tr>\n<\/tbody>\n<\/table>\n<p data-rm-block-id=\"block-53\"><span style=\"color: #000000;\">\u203bAs especifica\u00e7\u00f5es corretas dependem do modelo real.Todas as especifica\u00e7\u00f5es est\u00e3o sujeitas a altera\u00e7\u00f5es sem aviso pr\u00e9vio.<\/span><\/p>\n<div class=\"product-tab-desc\">\n<div id=\"attachment_29719\" class=\"wp-caption alignnone\" data-rm-block-id=\"block-62\">\n<div id=\"attachment_30682\" class=\"wp-caption alignnone\" style=\"width: 448px;\">\n<p data-rm-block-id=\"block-54\">Extrusora Recuperadora de Pl\u00e1stico<\/p>\n<p data-rm-block-id=\"block-55\"><img loading=\"lazy\" decoding=\"async\" class=\" wp-image-30778\" src=\"https:\/\/cortesolda.com.br\/por\/wp-content\/uploads\/2025\/03\/Extrusora-Recuperadora-de-plastico.webp\" alt=\"Extrusora Recuperadora de pl\u00e1stico\" width=\"448\" height=\"448\" srcset=\"https:\/\/cortesolda.com.br\/por\/wp-content\/uploads\/2025\/03\/Extrusora-Recuperadora-de-plastico.webp 497w, https:\/\/cortesolda.com.br\/por\/wp-content\/uploads\/2025\/03\/Extrusora-Recuperadora-de-plastico-300x300.webp 300w, https:\/\/cortesolda.com.br\/por\/wp-content\/uploads\/2025\/03\/Extrusora-Recuperadora-de-plastico-150x150.webp 150w, https:\/\/cortesolda.com.br\/por\/wp-content\/uploads\/2025\/03\/Extrusora-Recuperadora-de-plastico-430x430.webp 430w\" sizes=\"(max-width: 448px) 100vw, 448px\" \/><\/p>\n<p data-rm-block-id=\"block-56\">Extrusora Recuperadora de Pl\u00e1stico<\/p>\n<div id=\"attachment_30777\" style=\"width: 462px\" class=\"wp-caption alignnone\"><img loading=\"lazy\" decoding=\"async\" aria-describedby=\"caption-attachment-30777\" class=\" wp-image-30777\" src=\"https:\/\/cortesolda.com.br\/por\/wp-content\/uploads\/2025\/03\/Extrusora-Recuperadora-de-plasticos-PE.webp\" alt=\"Extrusora Recuperadora de pl\u00e1sticos PE\" width=\"452\" height=\"452\" srcset=\"https:\/\/cortesolda.com.br\/por\/wp-content\/uploads\/2025\/03\/Extrusora-Recuperadora-de-plasticos-PE.webp 497w, https:\/\/cortesolda.com.br\/por\/wp-content\/uploads\/2025\/03\/Extrusora-Recuperadora-de-plasticos-PE-300x300.webp 300w, https:\/\/cortesolda.com.br\/por\/wp-content\/uploads\/2025\/03\/Extrusora-Recuperadora-de-plasticos-PE-150x150.webp 150w, https:\/\/cortesolda.com.br\/por\/wp-content\/uploads\/2025\/03\/Extrusora-Recuperadora-de-plasticos-PE-430x430.webp 430w\" sizes=\"(max-width: 452px) 100vw, 452px\" \/><p id=\"caption-attachment-30777\" class=\"wp-caption-text\"><span style=\"font-size: 16px;\">instalar m\u00e1quina de filme stretch na f\u00e1brica do cliente.<\/span><\/p><\/div>\n<div id=\"attachment_30768\" style=\"width: 459px\" class=\"wp-caption alignnone\"><img loading=\"lazy\" decoding=\"async\" aria-describedby=\"caption-attachment-30768\" class=\" wp-image-30768\" src=\"https:\/\/cortesolda.com.br\/por\/wp-content\/uploads\/2025\/03\/instalar-maquina-de-filme-stretch-na-fabrica-do-clientes.jpg\" alt=\"instalar m\u00e1quina de filme stretch na f\u00e1brica do cliente.\" width=\"449\" height=\"449\" srcset=\"https:\/\/cortesolda.com.br\/por\/wp-content\/uploads\/2025\/03\/instalar-maquina-de-filme-stretch-na-fabrica-do-clientes.jpg 468w, https:\/\/cortesolda.com.br\/por\/wp-content\/uploads\/2025\/03\/instalar-maquina-de-filme-stretch-na-fabrica-do-clientes-300x300.jpg 300w, https:\/\/cortesolda.com.br\/por\/wp-content\/uploads\/2025\/03\/instalar-maquina-de-filme-stretch-na-fabrica-do-clientes-150x150.jpg 150w, https:\/\/cortesolda.com.br\/por\/wp-content\/uploads\/2025\/03\/instalar-maquina-de-filme-stretch-na-fabrica-do-clientes-430x430.jpg 430w\" sizes=\"(max-width: 449px) 100vw, 449px\" \/><p id=\"caption-attachment-30768\" class=\"wp-caption-text\"><span style=\"font-size: 16px;\">Nosso principal parceiro de pe\u00e7as \u00e9 a seguinte marca, mas as pe\u00e7as padr\u00e3o s\u00e3o todas fabricadas na China.<\/span><\/p><\/div>\n<div class=\"product-tab-desc\">\n<div id=\"attachment_30678\" class=\"wp-caption alignnone\" style=\"width: 446px;\">\n<p data-rm-block-id=\"block-57\"><img loading=\"lazy\" decoding=\"async\" class=\" wp-image-30678\" src=\"https:\/\/cortesolda.com.br\/por\/wp-content\/uploads\/2025\/03\/Nosso-principal-parceiro-de-pecas-e-a-seguinte-marca.jpg\" sizes=\"(max-width: 465px) 100vw, 465px\" srcset=\"https:\/\/cortesolda.com.br\/por\/wp-content\/uploads\/2025\/03\/Nosso-principal-parceiro-de-pecas-e-a-seguinte-marca.jpg 875w, https:\/\/cortesolda.com.br\/por\/wp-content\/uploads\/2025\/03\/Nosso-principal-parceiro-de-pecas-e-a-seguinte-marca-400x230.jpg 400w, https:\/\/cortesolda.com.br\/por\/wp-content\/uploads\/2025\/03\/Nosso-principal-parceiro-de-pecas-e-a-seguinte-marca-768x442.jpg 768w, https:\/\/cortesolda.com.br\/por\/wp-content\/uploads\/2025\/03\/Nosso-principal-parceiro-de-pecas-e-a-seguinte-marca-430x248.jpg 430w, https:\/\/cortesolda.com.br\/por\/wp-content\/uploads\/2025\/03\/Nosso-principal-parceiro-de-pecas-e-a-seguinte-marca-700x403.jpg 700w, https:\/\/cortesolda.com.br\/por\/wp-content\/uploads\/2025\/03\/Nosso-principal-parceiro-de-pecas-e-a-seguinte-marca-150x86.jpg 150w\" alt=\"Nosso principal parceiro de pe\u00e7as \u00e9 a seguinte marca\" width=\"446\" height=\"257\" aria-describedby=\"caption-attachment-30678\" \/><\/p>\n<p id=\"caption-attachment-30678\" class=\"wp-caption-text\" data-rm-block-id=\"block-58\">Fornecedores de mat\u00e9ria-prima de polietileno<\/p>\n<\/div>\n<\/div>\n<div id=\"attachment_30728\" class=\"wp-caption alignnone\" style=\"width: 442px;\">\n<p data-rm-block-id=\"block-59\"><img loading=\"lazy\" decoding=\"async\" class=\" wp-image-30728\" src=\"https:\/\/cortesolda.com.br\/por\/wp-content\/uploads\/2025\/03\/Fornecedores-de-materia-prima-de-polietileno.jpg\" sizes=\"(max-width: 400px) 100vw, 400px\" srcset=\"https:\/\/cortesolda.com.br\/por\/wp-content\/uploads\/2025\/03\/Fornecedores-de-materia-prima-de-polietileno.jpg 400w, https:\/\/cortesolda.com.br\/por\/wp-content\/uploads\/2025\/03\/Fornecedores-de-materia-prima-de-polietileno-300x300.jpg 300w, https:\/\/cortesolda.com.br\/por\/wp-content\/uploads\/2025\/03\/Fornecedores-de-materia-prima-de-polietileno-150x150.jpg 150w\" alt=\"Fornecedores de mat\u00e9ria prima de polietileno\" width=\"442\" height=\"442\" aria-describedby=\"caption-attachment-30728\" \/><\/p>\n<p id=\"caption-attachment-30728\" class=\"wp-caption-text\" data-rm-block-id=\"block-60\">f\u00e1brica do cliente<\/p>\n<\/div>\n<div class=\"product-tab-desc\">\n<div id=\"attachment_29712\" class=\"wp-caption alignnone\" data-rm-block-id=\"block-60\">\n<div id=\"attachment_30680\" class=\"wp-caption alignnone\" style=\"width: 450px;\">\n<p data-rm-block-id=\"block-61\"><img loading=\"lazy\" decoding=\"async\" class=\" wp-image-30680\" src=\"https:\/\/cortesolda.com.br\/por\/wp-content\/uploads\/2025\/03\/fornecedor-de-pecas-plasticas-para-maquinas.webp\" sizes=\"(max-width: 466px) 100vw, 466px\" srcset=\"https:\/\/cortesolda.com.br\/por\/wp-content\/uploads\/2025\/03\/fornecedor-de-pecas-plasticas-para-maquinas.webp 497w, https:\/\/cortesolda.com.br\/por\/wp-content\/uploads\/2025\/03\/fornecedor-de-pecas-plasticas-para-maquinas-300x300.webp 300w, https:\/\/cortesolda.com.br\/por\/wp-content\/uploads\/2025\/03\/fornecedor-de-pecas-plasticas-para-maquinas-150x150.webp 150w, https:\/\/cortesolda.com.br\/por\/wp-content\/uploads\/2025\/03\/fornecedor-de-pecas-plasticas-para-maquinas-430x430.webp 430w\" alt=\"fornecedor de pe\u00e7as pl\u00e1sticas para m\u00e1quinas\" width=\"450\" height=\"450\" aria-describedby=\"caption-attachment-30680\" \/><\/p>\n<p id=\"caption-attachment-30680\" class=\"wp-caption-text\" data-rm-block-id=\"block-62\">f\u00e1brica do cliente<\/p>\n<\/div>\n<\/div>\n<div id=\"attachment_29712\" class=\"wp-caption alignnone\" data-rm-block-id=\"block-61\">\n<div id=\"attachment_30681\" class=\"wp-caption alignnone\" style=\"width: 455px;\">\n<p data-rm-block-id=\"block-63\"><img loading=\"lazy\" decoding=\"async\" class=\" wp-image-30681\" src=\"https:\/\/cortesolda.com.br\/por\/wp-content\/uploads\/2025\/03\/fabrica-do-cliente.webp\" sizes=\"(max-width: 467px) 100vw, 467px\" srcset=\"https:\/\/cortesolda.com.br\/por\/wp-content\/uploads\/2025\/03\/fabrica-do-cliente.webp 467w, https:\/\/cortesolda.com.br\/por\/wp-content\/uploads\/2025\/03\/fabrica-do-cliente-296x300.webp 296w, https:\/\/cortesolda.com.br\/por\/wp-content\/uploads\/2025\/03\/fabrica-do-cliente-430x436.webp 430w, https:\/\/cortesolda.com.br\/por\/wp-content\/uploads\/2025\/03\/fabrica-do-cliente-150x152.webp 150w\" alt=\"f\u00e1brica do cliente \" width=\"455\" height=\"462\" aria-describedby=\"caption-attachment-30681\" \/><\/p>\n<p id=\"caption-attachment-30681\" class=\"wp-caption-text\" data-rm-block-id=\"block-64\">m\u00e1quinas exportadas para todo o mundo.<\/p>\n<\/div>\n<\/div>\n<div id=\"attachment_29719\" class=\"wp-caption alignnone\" data-rm-block-id=\"block-62\">\n<div id=\"attachment_30682\" class=\"wp-caption alignnone\" style=\"width: 450px;\">\n<p data-rm-block-id=\"block-65\"><img loading=\"lazy\" decoding=\"async\" class=\" wp-image-30682\" src=\"https:\/\/cortesolda.com.br\/por\/wp-content\/uploads\/2025\/03\/maquinas-exportadas-para-todo-o-mundo.webp\" sizes=\"(max-width: 468px) 100vw, 468px\" srcset=\"https:\/\/cortesolda.com.br\/por\/wp-content\/uploads\/2025\/03\/maquinas-exportadas-para-todo-o-mundo.webp 800w, https:\/\/cortesolda.com.br\/por\/wp-content\/uploads\/2025\/03\/maquinas-exportadas-para-todo-o-mundo-400x202.webp 400w, https:\/\/cortesolda.com.br\/por\/wp-content\/uploads\/2025\/03\/maquinas-exportadas-para-todo-o-mundo-768x387.webp 768w, https:\/\/cortesolda.com.br\/por\/wp-content\/uploads\/2025\/03\/maquinas-exportadas-para-todo-o-mundo-430x217.webp 430w, https:\/\/cortesolda.com.br\/por\/wp-content\/uploads\/2025\/03\/maquinas-exportadas-para-todo-o-mundo-700x353.webp 700w, https:\/\/cortesolda.com.br\/por\/wp-content\/uploads\/2025\/03\/maquinas-exportadas-para-todo-o-mundo-150x76.webp 150w\" alt=\"m\u00e1quinas exportadas para todo o mundo.\" width=\"450\" height=\"227\" aria-describedby=\"caption-attachment-30682\" \/><\/p>\n<p id=\"caption-attachment-30682\" class=\"wp-caption-text\" data-rm-block-id=\"block-66\">Processo de produ\u00e7\u00e3o de sacolas pl\u00e1sticas<\/p>\n<\/div>\n<\/div>\n<div id=\"attachment_29720\" class=\"wp-caption alignnone\" style=\"width: 453px;\">\n<p data-rm-block-id=\"block-67\"><img loading=\"lazy\" decoding=\"async\" class=\" wp-image-30683\" src=\"https:\/\/cortesolda.com.br\/por\/wp-content\/uploads\/2025\/03\/Processo-de-producao-de-sacolas-plasticas.webp\" sizes=\"(max-width: 467px) 100vw, 467px\" srcset=\"https:\/\/cortesolda.com.br\/por\/wp-content\/uploads\/2025\/03\/Processo-de-producao-de-sacolas-plasticas.webp 1038w, https:\/\/cortesolda.com.br\/por\/wp-content\/uploads\/2025\/03\/Processo-de-producao-de-sacolas-plasticas-315x300.webp 315w, https:\/\/cortesolda.com.br\/por\/wp-content\/uploads\/2025\/03\/Processo-de-producao-de-sacolas-plasticas-840x800.webp 840w, https:\/\/cortesolda.com.br\/por\/wp-content\/uploads\/2025\/03\/Processo-de-producao-de-sacolas-plasticas-768x732.webp 768w, https:\/\/cortesolda.com.br\/por\/wp-content\/uploads\/2025\/03\/Processo-de-producao-de-sacolas-plasticas-430x410.webp 430w, https:\/\/cortesolda.com.br\/por\/wp-content\/uploads\/2025\/03\/Processo-de-producao-de-sacolas-plasticas-700x667.webp 700w, https:\/\/cortesolda.com.br\/por\/wp-content\/uploads\/2025\/03\/Processo-de-producao-de-sacolas-plasticas-150x143.webp 150w\" alt=\"Processo de produ\u00e7\u00e3o de sacolas pl\u00e1sticas\" width=\"453\" height=\"432\" \/><\/p>\n<\/div>\n<\/div>\n<\/div>\n<\/div>\n<\/div>\n<\/div>\n<\/div>\n","protected":false},"excerpt":{"rendered":"<p>M\u00e1quina trituradora <\/p>\n","protected":false},"featured_media":30109,"comment_status":"closed","ping_status":"closed","template":"","meta":{"_acf_changed":false,"_oss_video_url":""},"product_brand":[],"product_cat":[78],"product_tag":[],"class_list":{"0":"post-30108","1":"product","2":"type-product","3":"status-publish","4":"has-post-thumbnail","6":"product_cat-maquina-para-reciclagem","8":"first","9":"instock","10":"shipping-taxable","11":"product-type-simple"},"acf":[],"_links":{"self":[{"href":"https:\/\/cortesolda.com.br\/por\/wp-json\/wp\/v2\/product\/30108","targetHints":{"allow":["GET"]}}],"collection":[{"href":"https:\/\/cortesolda.com.br\/por\/wp-json\/wp\/v2\/product"}],"about":[{"href":"https:\/\/cortesolda.com.br\/por\/wp-json\/wp\/v2\/types\/product"}],"replies":[{"embeddable":true,"href":"https:\/\/cortesolda.com.br\/por\/wp-json\/wp\/v2\/comments?post=30108"}],"version-history":[{"count":0,"href":"https:\/\/cortesolda.com.br\/por\/wp-json\/wp\/v2\/product\/30108\/revisions"}],"wp:featuredmedia":[{"embeddable":true,"href":"https:\/\/cortesolda.com.br\/por\/wp-json\/wp\/v2\/media\/30109"}],"wp:attachment":[{"href":"https:\/\/cortesolda.com.br\/por\/wp-json\/wp\/v2\/media?parent=30108"}],"wp:term":[{"taxonomy":"product_brand","embeddable":true,"href":"https:\/\/cortesolda.com.br\/por\/wp-json\/wp\/v2\/product_brand?post=30108"},{"taxonomy":"product_cat","embeddable":true,"href":"https:\/\/cortesolda.com.br\/por\/wp-json\/wp\/v2\/product_cat?post=30108"},{"taxonomy":"product_tag","embeddable":true,"href":"https:\/\/cortesolda.com.br\/por\/wp-json\/wp\/v2\/product_tag?post=30108"}],"curies":[{"name":"wp","href":"https:\/\/api.w.org\/{rel}","templated":true}]}}