{"id":30111,"date":"2025-03-28T15:09:11","date_gmt":"2025-03-28T07:09:11","guid":{"rendered":"https:\/\/hotpink-lyrebird-701956.hostingersite.com\/?post_type=product&#038;p=30111"},"modified":"2025-07-06T22:17:34","modified_gmt":"2025-07-06T14:17:34","slug":"granulador-de-moagem-de-plastico","status":"publish","type":"product","link":"https:\/\/cortesolda.com.br\/por\/granulador-de-moagem-de-plastico","title":{"rendered":"Granulador de moagem de pl\u00e1stico"},"content":{"rendered":"<div id=\"tab-desc\" class=\"tab-pane active\" role=\"tabpanel\">\n<div class=\"ProductAttr\">\n<div class=\"ProductAttrItem\">\n<div class=\"ProductAttr-title\" data-rm-block-id=\"block-1\">Granulador de moagem de pl\u00e1stico<\/div>\n<\/div>\n<\/div>\n<div class=\"product-tab-desc\">\n<p data-rm-block-id=\"block-2\"><span style=\"color: #000000;\">Granulador de moagem de pl\u00e1stico adota princ\u00edpios de projeto de atualiza\u00e7\u00e3o, emprega os princ\u00edpios de moagem r\u00e1pida, agita\u00e7\u00e3o cont\u00ednua, moagem e fracionamento para ser aquecido com multi-facas e resfriamento e contrata\u00e7\u00e3o.Produz gr\u00e2nulos a partir de res\u00edduos e materiais angulares, como filmes pl\u00e1sticos, filamentos, fitas, peda\u00e7os, tubos de pl\u00e1stico macio, materiais espumantes e materiais degradantes, e os coloca em reprodu\u00e7\u00e3o. \u00c9 o mais recente equipamento de granula\u00e7\u00e3o ideal para reciclar pl\u00e1sticos e reproduzir .<\/span><\/p>\n<p data-rm-block-id=\"block-3\"><span style=\"color: #000000;\"><strong>Fun\u00e7\u00f5es principais:<\/strong><\/span><\/p>\n<ol>\n<li data-rm-block-id=\"block-4\"><span style=\"color: #000000;\">Recicle os res\u00edduos e restos de v\u00e1rios filmes pl\u00e1sticos flex\u00edveis, sacos, filamentos, fitas, peda\u00e7os e tubos, como cloreto de polivinila, polietileno de maior densidade e polietileno linear de menor densidade, e coloque-os em reprodu\u00e7\u00e3o.<\/span><\/li>\n<li data-rm-block-id=\"block-5\"><span style=\"color: #000000;\">Recicle e reproduza a moagem e granula\u00e7\u00e3o de filmes pl\u00e1sticos degradantes e materiais angulares.<\/span><\/li>\n<li data-rm-block-id=\"block-6\"><span style=\"color: #000000;\">Moa materiais residuais de fibra qu\u00edmica e processe o filamento residual que foi colocado em reprodu\u00e7\u00f5es.<\/span><\/li>\n<li data-rm-block-id=\"block-7\"><span style=\"color: #000000;\">A m\u00e1quina \u00e9 aplicada em muitos aspectos.Pode substituir a m\u00e1quina de mistura ou o secador.<\/span><\/li>\n<\/ol>\n<div id=\"attachment_30825\" style=\"width: 289px\" class=\"wp-caption alignnone\"><img fetchpriority=\"high\" decoding=\"async\" aria-describedby=\"caption-attachment-30825\" class=\" wp-image-30825\" src=\"https:\/\/cortesolda.com.br\/por\/wp-content\/uploads\/2025\/03\/Granulador-de-moagem-de-plastico.webp\" alt=\"Granulador de moagem de pl\u00e1stico\" width=\"279\" height=\"345\" srcset=\"https:\/\/cortesolda.com.br\/por\/wp-content\/uploads\/2025\/03\/Granulador-de-moagem-de-plastico.webp 367w, https:\/\/cortesolda.com.br\/por\/wp-content\/uploads\/2025\/03\/Granulador-de-moagem-de-plastico-243x300.webp 243w, https:\/\/cortesolda.com.br\/por\/wp-content\/uploads\/2025\/03\/Granulador-de-moagem-de-plastico-150x186.webp 150w\" sizes=\"(max-width: 279px) 100vw, 279px\" \/><p id=\"caption-attachment-30825\" class=\"wp-caption-text\">Granulador de moagem de pl\u00e1stico<\/p><\/div>\n<p data-rm-block-id=\"block-8\"><span style=\"color: #000000;\"><strong>Principais Vari\u00e1veis \u200b\u200bT\u00e9cnicas:<\/strong><\/span><\/p>\n<table>\n<tbody>\n<tr>\n<td data-rm-block-id=\"block-9\"><span style=\"color: #000000;\">1<\/span><\/td>\n<td data-rm-block-id=\"block-10\"><span style=\"color: #000000;\">Capacidade do Barril<\/span><\/td>\n<td data-rm-block-id=\"block-11\"><span style=\"color: #000000;\">150L<\/span><\/td>\n<td data-rm-block-id=\"block-12\"><span style=\"color: #000000;\">100L<\/span><\/td>\n<td>\n<table>\n<tbody>\n<tr>\n<td data-rm-block-id=\"block-13\"><span style=\"color: #000000;\"><strong>\u00a0<\/strong><\/span><\/td>\n<\/tr>\n<\/tbody>\n<\/table>\n<p data-rm-block-id=\"block-14\">\n<\/td>\n<\/tr>\n<tr>\n<td data-rm-block-id=\"block-15\"><span style=\"color: #000000;\">2<\/span><\/td>\n<td data-rm-block-id=\"block-16\"><span style=\"color: #000000;\">Capacidade de sa\u00edda<\/span><\/td>\n<td data-rm-block-id=\"block-17\"><span style=\"color: #000000;\">60-80kg\/h<\/span><\/td>\n<td data-rm-block-id=\"block-18\"><span style=\"color: #000000;\">30-60kg\/h<\/span><\/td>\n<td data-rm-block-id=\"block-19\"><\/td>\n<\/tr>\n<tr>\n<td data-rm-block-id=\"block-20\"><span style=\"color: #000000;\">3<\/span><\/td>\n<td data-rm-block-id=\"block-21\"><span style=\"color: #000000;\">Pot\u00eancia do motor principal<\/span><\/td>\n<td data-rm-block-id=\"block-22\"><span style=\"color: #000000;\">18kw<\/span><\/td>\n<td data-rm-block-id=\"block-23\"><span style=\"color: #000000;\">15kw<\/span><\/td>\n<\/tr>\n<tr>\n<td data-rm-block-id=\"block-24\"><span style=\"color: #000000;\">4<\/span><\/td>\n<td data-rm-block-id=\"block-25\"><span style=\"color: #000000;\">Dispositivo de adi\u00e7\u00e3o de \u00e1gua<\/span><\/td>\n<td data-rm-block-id=\"block-26\"><span style=\"color: #000000;\">125w<\/span><\/td>\n<td data-rm-block-id=\"block-27\"><span style=\"color: #000000;\">125w<\/span><\/td>\n<\/tr>\n<tr>\n<td data-rm-block-id=\"block-28\"><span style=\"color: #000000;\">5<\/span><\/td>\n<td data-rm-block-id=\"block-29\"><span style=\"color: #000000;\">Pot\u00eancia de aquecimento<\/span><\/td>\n<td data-rm-block-id=\"block-30\"><span style=\"color: #000000;\">1,5kw<\/span><\/td>\n<td data-rm-block-id=\"block-31\"><span style=\"color: #000000;\">1,5kw<\/span><\/td>\n<\/tr>\n<tr>\n<td data-rm-block-id=\"block-32\"><span style=\"color: #000000;\">6<\/span><\/td>\n<td data-rm-block-id=\"block-33\"><span style=\"color: #000000;\">Velocidade de rota\u00e7\u00e3o do eixo principal<\/span><\/td>\n<td data-rm-block-id=\"block-34\"><span style=\"color: #000000;\">660r\/min<\/span><\/td>\n<td data-rm-block-id=\"block-35\"><span style=\"color: #000000;\">660r\/min<\/span><\/td>\n<\/tr>\n<tr>\n<td data-rm-block-id=\"block-36\"><span style=\"color: #000000;\">7<\/span><\/td>\n<td data-rm-block-id=\"block-37\"><span style=\"color: #000000;\">Dimens\u00e3o total<\/span><\/td>\n<td data-rm-block-id=\"block-38\"><span style=\"color: #000000;\">1500\u00d7700\u00d71400mm<\/span><\/td>\n<td data-rm-block-id=\"block-39\"><span style=\"color: #000000;\">1300\u00d7600\u00d71300 mil\u00edmetros<\/span><\/td>\n<\/tr>\n<\/tbody>\n<\/table>\n<p data-rm-block-id=\"block-40\"><span style=\"color: #000000;\">\u203bAs especifica\u00e7\u00f5es corretas dependem do modelo real.Todas as especifica\u00e7\u00f5es est\u00e3o sujeitas a altera\u00e7\u00f5es sem aviso pr\u00e9vio.<\/span><\/p>\n<div class=\"product-tab-desc\">\n<div id=\"attachment_29719\" class=\"wp-caption alignnone\" data-rm-block-id=\"block-62\">\n<div id=\"attachment_30682\" class=\"wp-caption alignnone\" style=\"width: 448px;\">\n<p data-rm-block-id=\"block-41\">Extrusora Recuperadora de Pl\u00e1stico<\/p>\n<p data-rm-block-id=\"block-42\"><img decoding=\"async\" class=\" wp-image-30778\" src=\"https:\/\/cortesolda.com.br\/por\/wp-content\/uploads\/2025\/03\/Extrusora-Recuperadora-de-plastico.webp\" alt=\"Extrusora Recuperadora de pl\u00e1stico\" width=\"448\" height=\"448\" srcset=\"https:\/\/cortesolda.com.br\/por\/wp-content\/uploads\/2025\/03\/Extrusora-Recuperadora-de-plastico.webp 497w, https:\/\/cortesolda.com.br\/por\/wp-content\/uploads\/2025\/03\/Extrusora-Recuperadora-de-plastico-300x300.webp 300w, https:\/\/cortesolda.com.br\/por\/wp-content\/uploads\/2025\/03\/Extrusora-Recuperadora-de-plastico-150x150.webp 150w, https:\/\/cortesolda.com.br\/por\/wp-content\/uploads\/2025\/03\/Extrusora-Recuperadora-de-plastico-430x430.webp 430w\" sizes=\"(max-width: 448px) 100vw, 448px\" \/><\/p>\n<p data-rm-block-id=\"block-43\">Extrusora Recuperadora de Pl\u00e1stico<\/p>\n<div id=\"attachment_30777\" style=\"width: 462px\" class=\"wp-caption alignnone\"><img decoding=\"async\" aria-describedby=\"caption-attachment-30777\" class=\" wp-image-30777\" src=\"https:\/\/cortesolda.com.br\/por\/wp-content\/uploads\/2025\/03\/Extrusora-Recuperadora-de-plasticos-PE.webp\" alt=\"Extrusora Recuperadora de pl\u00e1sticos PE\" width=\"452\" height=\"452\" srcset=\"https:\/\/cortesolda.com.br\/por\/wp-content\/uploads\/2025\/03\/Extrusora-Recuperadora-de-plasticos-PE.webp 497w, https:\/\/cortesolda.com.br\/por\/wp-content\/uploads\/2025\/03\/Extrusora-Recuperadora-de-plasticos-PE-300x300.webp 300w, https:\/\/cortesolda.com.br\/por\/wp-content\/uploads\/2025\/03\/Extrusora-Recuperadora-de-plasticos-PE-150x150.webp 150w, https:\/\/cortesolda.com.br\/por\/wp-content\/uploads\/2025\/03\/Extrusora-Recuperadora-de-plasticos-PE-430x430.webp 430w\" sizes=\"(max-width: 452px) 100vw, 452px\" \/><p id=\"caption-attachment-30777\" class=\"wp-caption-text\"><span style=\"font-size: 16px;\">instalar m\u00e1quina de filme stretch na f\u00e1brica do cliente.<\/span><\/p><\/div>\n<div id=\"attachment_30768\" style=\"width: 459px\" class=\"wp-caption alignnone\"><img loading=\"lazy\" decoding=\"async\" aria-describedby=\"caption-attachment-30768\" class=\" wp-image-30768\" src=\"https:\/\/cortesolda.com.br\/por\/wp-content\/uploads\/2025\/03\/instalar-maquina-de-filme-stretch-na-fabrica-do-clientes.jpg\" alt=\"instalar m\u00e1quina de filme stretch na f\u00e1brica do cliente.\" width=\"449\" height=\"449\" srcset=\"https:\/\/cortesolda.com.br\/por\/wp-content\/uploads\/2025\/03\/instalar-maquina-de-filme-stretch-na-fabrica-do-clientes.jpg 468w, https:\/\/cortesolda.com.br\/por\/wp-content\/uploads\/2025\/03\/instalar-maquina-de-filme-stretch-na-fabrica-do-clientes-300x300.jpg 300w, https:\/\/cortesolda.com.br\/por\/wp-content\/uploads\/2025\/03\/instalar-maquina-de-filme-stretch-na-fabrica-do-clientes-150x150.jpg 150w, https:\/\/cortesolda.com.br\/por\/wp-content\/uploads\/2025\/03\/instalar-maquina-de-filme-stretch-na-fabrica-do-clientes-430x430.jpg 430w\" sizes=\"(max-width: 449px) 100vw, 449px\" \/><p id=\"caption-attachment-30768\" class=\"wp-caption-text\"><span style=\"font-size: 16px;\">Nosso principal parceiro de pe\u00e7as \u00e9 a seguinte marca, mas as pe\u00e7as padr\u00e3o s\u00e3o todas fabricadas na China.<\/span><\/p><\/div>\n<div class=\"product-tab-desc\">\n<div id=\"attachment_30678\" class=\"wp-caption alignnone\" style=\"width: 446px;\">\n<p data-rm-block-id=\"block-44\"><img loading=\"lazy\" decoding=\"async\" class=\" wp-image-30678\" src=\"https:\/\/cortesolda.com.br\/por\/wp-content\/uploads\/2025\/03\/Nosso-principal-parceiro-de-pecas-e-a-seguinte-marca.jpg\" sizes=\"(max-width: 465px) 100vw, 465px\" srcset=\"https:\/\/cortesolda.com.br\/por\/wp-content\/uploads\/2025\/03\/Nosso-principal-parceiro-de-pecas-e-a-seguinte-marca.jpg 875w, https:\/\/cortesolda.com.br\/por\/wp-content\/uploads\/2025\/03\/Nosso-principal-parceiro-de-pecas-e-a-seguinte-marca-400x230.jpg 400w, https:\/\/cortesolda.com.br\/por\/wp-content\/uploads\/2025\/03\/Nosso-principal-parceiro-de-pecas-e-a-seguinte-marca-768x442.jpg 768w, https:\/\/cortesolda.com.br\/por\/wp-content\/uploads\/2025\/03\/Nosso-principal-parceiro-de-pecas-e-a-seguinte-marca-430x248.jpg 430w, https:\/\/cortesolda.com.br\/por\/wp-content\/uploads\/2025\/03\/Nosso-principal-parceiro-de-pecas-e-a-seguinte-marca-700x403.jpg 700w, https:\/\/cortesolda.com.br\/por\/wp-content\/uploads\/2025\/03\/Nosso-principal-parceiro-de-pecas-e-a-seguinte-marca-150x86.jpg 150w\" alt=\"Nosso principal parceiro de pe\u00e7as \u00e9 a seguinte marca\" width=\"446\" height=\"257\" aria-describedby=\"caption-attachment-30678\" \/><\/p>\n<p id=\"caption-attachment-30678\" class=\"wp-caption-text\" data-rm-block-id=\"block-45\">Fornecedores de mat\u00e9ria-prima de polietileno<\/p>\n<\/div>\n<\/div>\n<div id=\"attachment_30728\" class=\"wp-caption alignnone\" style=\"width: 442px;\">\n<p data-rm-block-id=\"block-46\"><img loading=\"lazy\" decoding=\"async\" class=\" wp-image-30728\" src=\"https:\/\/cortesolda.com.br\/por\/wp-content\/uploads\/2025\/03\/Fornecedores-de-materia-prima-de-polietileno.jpg\" sizes=\"(max-width: 400px) 100vw, 400px\" srcset=\"https:\/\/cortesolda.com.br\/por\/wp-content\/uploads\/2025\/03\/Fornecedores-de-materia-prima-de-polietileno.jpg 400w, https:\/\/cortesolda.com.br\/por\/wp-content\/uploads\/2025\/03\/Fornecedores-de-materia-prima-de-polietileno-300x300.jpg 300w, https:\/\/cortesolda.com.br\/por\/wp-content\/uploads\/2025\/03\/Fornecedores-de-materia-prima-de-polietileno-150x150.jpg 150w\" alt=\"Fornecedores de mat\u00e9ria prima de polietileno\" width=\"442\" height=\"442\" aria-describedby=\"caption-attachment-30728\" \/><\/p>\n<p id=\"caption-attachment-30728\" class=\"wp-caption-text\" data-rm-block-id=\"block-47\">f\u00e1brica do cliente<\/p>\n<\/div>\n<div class=\"product-tab-desc\">\n<div id=\"attachment_29712\" class=\"wp-caption alignnone\" data-rm-block-id=\"block-60\">\n<div id=\"attachment_30680\" class=\"wp-caption alignnone\" style=\"width: 450px;\">\n<p data-rm-block-id=\"block-48\"><img loading=\"lazy\" decoding=\"async\" class=\" wp-image-30680\" src=\"https:\/\/cortesolda.com.br\/por\/wp-content\/uploads\/2025\/03\/fornecedor-de-pecas-plasticas-para-maquinas.webp\" sizes=\"(max-width: 466px) 100vw, 466px\" srcset=\"https:\/\/cortesolda.com.br\/por\/wp-content\/uploads\/2025\/03\/fornecedor-de-pecas-plasticas-para-maquinas.webp 497w, https:\/\/cortesolda.com.br\/por\/wp-content\/uploads\/2025\/03\/fornecedor-de-pecas-plasticas-para-maquinas-300x300.webp 300w, https:\/\/cortesolda.com.br\/por\/wp-content\/uploads\/2025\/03\/fornecedor-de-pecas-plasticas-para-maquinas-150x150.webp 150w, https:\/\/cortesolda.com.br\/por\/wp-content\/uploads\/2025\/03\/fornecedor-de-pecas-plasticas-para-maquinas-430x430.webp 430w\" alt=\"fornecedor de pe\u00e7as pl\u00e1sticas para m\u00e1quinas\" width=\"450\" height=\"450\" aria-describedby=\"caption-attachment-30680\" \/><\/p>\n<p id=\"caption-attachment-30680\" class=\"wp-caption-text\" data-rm-block-id=\"block-49\">f\u00e1brica do cliente<\/p>\n<\/div>\n<\/div>\n<div id=\"attachment_29712\" class=\"wp-caption alignnone\" data-rm-block-id=\"block-61\">\n<div id=\"attachment_30681\" class=\"wp-caption alignnone\" style=\"width: 455px;\">\n<p data-rm-block-id=\"block-50\"><img loading=\"lazy\" decoding=\"async\" class=\" wp-image-30681\" src=\"https:\/\/cortesolda.com.br\/por\/wp-content\/uploads\/2025\/03\/fabrica-do-cliente.webp\" sizes=\"(max-width: 467px) 100vw, 467px\" srcset=\"https:\/\/cortesolda.com.br\/por\/wp-content\/uploads\/2025\/03\/fabrica-do-cliente.webp 467w, https:\/\/cortesolda.com.br\/por\/wp-content\/uploads\/2025\/03\/fabrica-do-cliente-296x300.webp 296w, https:\/\/cortesolda.com.br\/por\/wp-content\/uploads\/2025\/03\/fabrica-do-cliente-430x436.webp 430w, https:\/\/cortesolda.com.br\/por\/wp-content\/uploads\/2025\/03\/fabrica-do-cliente-150x152.webp 150w\" alt=\"f\u00e1brica do cliente \" width=\"455\" height=\"462\" aria-describedby=\"caption-attachment-30681\" \/><\/p>\n<p id=\"caption-attachment-30681\" class=\"wp-caption-text\" data-rm-block-id=\"block-51\">m\u00e1quinas exportadas para todo o mundo.<\/p>\n<\/div>\n<\/div>\n<div id=\"attachment_29719\" class=\"wp-caption alignnone\" data-rm-block-id=\"block-62\">\n<div id=\"attachment_30682\" class=\"wp-caption alignnone\" style=\"width: 450px;\">\n<p data-rm-block-id=\"block-52\"><img loading=\"lazy\" decoding=\"async\" class=\" wp-image-30682\" src=\"https:\/\/cortesolda.com.br\/por\/wp-content\/uploads\/2025\/03\/maquinas-exportadas-para-todo-o-mundo.webp\" sizes=\"(max-width: 468px) 100vw, 468px\" srcset=\"https:\/\/cortesolda.com.br\/por\/wp-content\/uploads\/2025\/03\/maquinas-exportadas-para-todo-o-mundo.webp 800w, https:\/\/cortesolda.com.br\/por\/wp-content\/uploads\/2025\/03\/maquinas-exportadas-para-todo-o-mundo-400x202.webp 400w, https:\/\/cortesolda.com.br\/por\/wp-content\/uploads\/2025\/03\/maquinas-exportadas-para-todo-o-mundo-768x387.webp 768w, https:\/\/cortesolda.com.br\/por\/wp-content\/uploads\/2025\/03\/maquinas-exportadas-para-todo-o-mundo-430x217.webp 430w, https:\/\/cortesolda.com.br\/por\/wp-content\/uploads\/2025\/03\/maquinas-exportadas-para-todo-o-mundo-700x353.webp 700w, https:\/\/cortesolda.com.br\/por\/wp-content\/uploads\/2025\/03\/maquinas-exportadas-para-todo-o-mundo-150x76.webp 150w\" alt=\"m\u00e1quinas exportadas para todo o mundo.\" width=\"450\" height=\"227\" aria-describedby=\"caption-attachment-30682\" \/><\/p>\n<p id=\"caption-attachment-30682\" class=\"wp-caption-text\" data-rm-block-id=\"block-53\">Processo de produ\u00e7\u00e3o de sacolas pl\u00e1sticas<\/p>\n<\/div>\n<\/div>\n<div id=\"attachment_29720\" class=\"wp-caption alignnone\" style=\"width: 453px;\">\n<p data-rm-block-id=\"block-54\"><img loading=\"lazy\" decoding=\"async\" class=\" wp-image-30683\" src=\"https:\/\/cortesolda.com.br\/por\/wp-content\/uploads\/2025\/03\/Processo-de-producao-de-sacolas-plasticas.webp\" sizes=\"(max-width: 467px) 100vw, 467px\" srcset=\"https:\/\/cortesolda.com.br\/por\/wp-content\/uploads\/2025\/03\/Processo-de-producao-de-sacolas-plasticas.webp 1038w, https:\/\/cortesolda.com.br\/por\/wp-content\/uploads\/2025\/03\/Processo-de-producao-de-sacolas-plasticas-315x300.webp 315w, https:\/\/cortesolda.com.br\/por\/wp-content\/uploads\/2025\/03\/Processo-de-producao-de-sacolas-plasticas-840x800.webp 840w, https:\/\/cortesolda.com.br\/por\/wp-content\/uploads\/2025\/03\/Processo-de-producao-de-sacolas-plasticas-768x732.webp 768w, https:\/\/cortesolda.com.br\/por\/wp-content\/uploads\/2025\/03\/Processo-de-producao-de-sacolas-plasticas-430x410.webp 430w, https:\/\/cortesolda.com.br\/por\/wp-content\/uploads\/2025\/03\/Processo-de-producao-de-sacolas-plasticas-700x667.webp 700w, https:\/\/cortesolda.com.br\/por\/wp-content\/uploads\/2025\/03\/Processo-de-producao-de-sacolas-plasticas-150x143.webp 150w\" alt=\"Processo de produ\u00e7\u00e3o de sacolas pl\u00e1sticas\" width=\"453\" height=\"432\" \/><\/p>\n<\/div>\n<\/div>\n<\/div>\n<\/div>\n<\/div>\n<p data-rm-block-id=\"block-55\">\n<\/div>\n<\/div>\n","protected":false},"excerpt":{"rendered":"<p>Granulador de moagem<\/p>\n","protected":false},"featured_media":30112,"comment_status":"closed","ping_status":"closed","template":"","meta":{"_acf_changed":false,"_oss_video_url":""},"product_brand":[],"product_cat":[78],"product_tag":[],"class_list":{"0":"post-30111","1":"product","2":"type-product","3":"status-publish","4":"has-post-thumbnail","6":"product_cat-maquina-para-reciclagem","8":"first","9":"instock","10":"shipping-taxable","11":"product-type-simple"},"acf":[],"_links":{"self":[{"href":"https:\/\/cortesolda.com.br\/por\/wp-json\/wp\/v2\/product\/30111","targetHints":{"allow":["GET"]}}],"collection":[{"href":"https:\/\/cortesolda.com.br\/por\/wp-json\/wp\/v2\/product"}],"about":[{"href":"https:\/\/cortesolda.com.br\/por\/wp-json\/wp\/v2\/types\/product"}],"replies":[{"embeddable":true,"href":"https:\/\/cortesolda.com.br\/por\/wp-json\/wp\/v2\/comments?post=30111"}],"version-history":[{"count":0,"href":"https:\/\/cortesolda.com.br\/por\/wp-json\/wp\/v2\/product\/30111\/revisions"}],"wp:featuredmedia":[{"embeddable":true,"href":"https:\/\/cortesolda.com.br\/por\/wp-json\/wp\/v2\/media\/30112"}],"wp:attachment":[{"href":"https:\/\/cortesolda.com.br\/por\/wp-json\/wp\/v2\/media?parent=30111"}],"wp:term":[{"taxonomy":"product_brand","embeddable":true,"href":"https:\/\/cortesolda.com.br\/por\/wp-json\/wp\/v2\/product_brand?post=30111"},{"taxonomy":"product_cat","embeddable":true,"href":"https:\/\/cortesolda.com.br\/por\/wp-json\/wp\/v2\/product_cat?post=30111"},{"taxonomy":"product_tag","embeddable":true,"href":"https:\/\/cortesolda.com.br\/por\/wp-json\/wp\/v2\/product_tag?post=30111"}],"curies":[{"name":"wp","href":"https:\/\/api.w.org\/{rel}","templated":true}]}}