{"id":30117,"date":"2025-03-28T15:10:58","date_gmt":"2025-03-28T07:10:58","guid":{"rendered":"https:\/\/hotpink-lyrebird-701956.hostingersite.com\/?post_type=product&#038;p=30117"},"modified":"2025-07-08T21:33:45","modified_gmt":"2025-07-08T13:33:45","slug":"extrusora-recuperadora-alta-velocidade-maquina-de-reciclagem-de-plastico","status":"publish","type":"product","link":"https:\/\/cortesolda.com.br\/por\/extrusora-recuperadora-alta-velocidade-maquina-de-reciclagem-de-plastico","title":{"rendered":"Pelotiza\u00e7\u00e3o de pl\u00e1sticos Alta Velocidade"},"content":{"rendered":"<div id=\"tab-desc\" class=\"tab-pane active\" role=\"tabpanel\">\n<div class=\"ProductAttr\">\n<div class=\"ProductAttrItem\">\n<div class=\"ProductAttr-text\"><strong>Extrusora Recuperadora de pl\u00e1stico alta velocidade<\/strong><\/div>\n<\/div>\n<\/div>\n<div class=\"product-tab-desc\">\n<p>Extrusora Recuperadora de pl\u00e1stico\u00a0alta velocidade com duas extrusoras, com dois filtros devcie, adequado para reciclar produtos pl\u00e1sticos, como HDPE, LDPE, etc.<br \/>\ncontrole de velocidade da m\u00e1quina de reciclagem de pl\u00e1stico por inversor, economize energia.<br \/>\nO triturador de granula\u00e7\u00e3o usa motor.machine de velocidade ajust\u00e1vel de f\u00e1cil opera\u00e7\u00e3o, alta capacidade.<\/p>\n<p>Caracter\u00edstica:<br \/>\n1.Material Polietileno,Polipropileno<br \/>\n2.velocidade da extrusora de controle do inversor, economize<br \/>\n3.energia,ECO eeconomizar custos.<br \/>\n4.extrusora, unidade de pelotiza\u00e7\u00e3o, unidade de resfriamento de \u00e1gua.<br \/>\n5.A garantia \u00e9 de um ano, a m\u00e1quina pode funcionar sem parar, 24<br \/>\n6.horas por dia, 7 dias por semana.<br \/>\n7.M\u00e1quina com design simples, f\u00e1cil de operar.<br \/>\n8.A m\u00e1quina \u00e9 um design econ\u00f4mico, adequado para novos iniciantes ou iniciantes.<br \/>\n9.Pot\u00eancia da m\u00e1quina 220V,380V,440V,480V (Personalizado com base no pedid)<\/p>\n<div id=\"attachment_30792\" style=\"width: 452px\" class=\"wp-caption alignnone\"><img fetchpriority=\"high\" decoding=\"async\" aria-describedby=\"caption-attachment-30792\" class=\" wp-image-30792\" src=\"https:\/\/cortesolda.com.br\/por\/wp-content\/uploads\/2025\/03\/Polietileno-Polipropileno-Sacolas-Filme.webp\" alt=\"Polietileno Polipropileno Sacolas Filme\" width=\"442\" height=\"442\" srcset=\"https:\/\/cortesolda.com.br\/por\/wp-content\/uploads\/2025\/03\/Polietileno-Polipropileno-Sacolas-Filme.webp 497w, https:\/\/cortesolda.com.br\/por\/wp-content\/uploads\/2025\/03\/Polietileno-Polipropileno-Sacolas-Filme-300x300.webp 300w, https:\/\/cortesolda.com.br\/por\/wp-content\/uploads\/2025\/03\/Polietileno-Polipropileno-Sacolas-Filme-150x150.webp 150w, https:\/\/cortesolda.com.br\/por\/wp-content\/uploads\/2025\/03\/Polietileno-Polipropileno-Sacolas-Filme-430x430.webp 430w\" sizes=\"(max-width: 442px) 100vw, 442px\" \/><p id=\"caption-attachment-30792\" class=\"wp-caption-text\">Polietileno Polipropileno Sacolas Filme<\/p><\/div>\n<div id=\"attachment_30793\" style=\"width: 437px\" class=\"wp-caption alignnone\"><img decoding=\"async\" aria-describedby=\"caption-attachment-30793\" class=\"size-full wp-image-30793\" src=\"https:\/\/cortesolda.com.br\/por\/wp-content\/uploads\/2025\/03\/Polietileno-Polipropileno-PEAD-PEBD-PP.webp\" alt=\"Polietileno Polipropileno PEAD PEBD PP\" width=\"427\" height=\"314\" srcset=\"https:\/\/cortesolda.com.br\/por\/wp-content\/uploads\/2025\/03\/Polietileno-Polipropileno-PEAD-PEBD-PP.webp 427w, https:\/\/cortesolda.com.br\/por\/wp-content\/uploads\/2025\/03\/Polietileno-Polipropileno-PEAD-PEBD-PP-400x294.webp 400w, https:\/\/cortesolda.com.br\/por\/wp-content\/uploads\/2025\/03\/Polietileno-Polipropileno-PEAD-PEBD-PP-150x110.webp 150w\" sizes=\"(max-width: 427px) 100vw, 427px\" \/><p id=\"caption-attachment-30793\" class=\"wp-caption-text\">Polietileno Polipropileno PEAD PEBD PP<\/p><\/div>\n<p>Principais Vari\u00e1veis T\u00e9cnicas:<\/p>\n<table style=\"height: 522px;\" width=\"810\">\n<tbody>\n<tr>\n<td>modelo<\/td>\n<td>SJ-C90<\/td>\n<td>SJ-C100<\/td>\n<td>SJ-C110<\/td>\n<td>SJ-C120<\/td>\n<\/tr>\n<tr>\n<td>Di\u00e2metro da haste do parafuso<\/td>\n<td>85 mm<\/td>\n<td>95 mm<\/td>\n<td>105 mm<\/td>\n<td>110 mm<\/td>\n<\/tr>\n<tr>\n<td>Rela\u00e7\u00e3o do di\u00e2metro principal da haste do parafuso<\/td>\n<td>20:1-22:1(L\/D)<\/td>\n<td>20:1-22:1(L\/D)<\/td>\n<td>20:1-22:1(L\/D)<\/td>\n<td>20:1-22:1(L\/D)<\/td>\n<\/tr>\n<tr>\n<td>Velocidade Racional do Parafuso<\/td>\n<td>10-110 rpm<\/td>\n<td>10-110 rpm<\/td>\n<td>10-110 rpm<\/td>\n<td>10-110 rpm<\/td>\n<\/tr>\n<tr>\n<td>Pot\u00eancia do motor principal<\/td>\n<td>22kw<\/td>\n<td>30kw<\/td>\n<td>30kw<\/td>\n<td>37kw<\/td>\n<\/tr>\n<tr>\n<td>Resultado<\/td>\n<td>60kg\/h<\/td>\n<td>90kg\/h<\/td>\n<td>110kg\/h<\/td>\n<td>130kg\/h<\/td>\n<\/tr>\n<tr>\n<td>Peso da m\u00e1quina<\/td>\n<td>2t<\/td>\n<td>2,1t<\/td>\n<td>2,2t<\/td>\n<td>2,5t<\/td>\n<\/tr>\n<tr>\n<td>Dimens\u00f5es Overail (LxWxH) cm<\/td>\n<td>58 x 15 x 11<\/td>\n<td>59x 13 x 12<\/td>\n<td>60 x 13.5 x 13<\/td>\n<td>62 x 14 x 13.5<\/td>\n<\/tr>\n<tr>\n<td>Tens\u00e3o de Energia<\/td>\n<td colspan=\"4\">220V,380V,440V,480V (Personalizado com base no pedido)<\/td>\n<\/tr>\n<tr>\n<td>Tempo de trabalho da m\u00e1quina<\/td>\n<td colspan=\"4\">24 horas * 7 dias<\/td>\n<\/tr>\n<tr>\n<td>garantia<\/td>\n<td colspan=\"4\">1 ano<\/td>\n<\/tr>\n<tr>\n<td>Assist\u00eancia t\u00e9cnica<\/td>\n<td colspan=\"4\">Engenheiros dispon\u00edveis para atender m\u00e1quinas no exterior<\/td>\n<\/tr>\n<\/tbody>\n<\/table>\n<p>\u203bAs especifica\u00e7\u00f5es corretas dependem do modelo real. Todas as especifica\u00e7\u00f5es est\u00e3o sujeitas a altera\u00e7\u00f5es sem aviso pr\u00e9vio.<\/p>\n<div class=\"product-tab-desc\">\n<div id=\"attachment_29719\" class=\"wp-caption alignnone\" data-rm-block-id=\"block-62\">\n<div id=\"attachment_30682\" class=\"wp-caption alignnone\" style=\"width: 448px;\">\n<p data-rm-block-id=\"block-60\">Extrusora Recuperadora Pl\u00e1stico de Polietileno Polipropileno<\/p>\n<div id=\"attachment_30794\" style=\"width: 507px\" class=\"wp-caption alignnone\"><img decoding=\"async\" aria-describedby=\"caption-attachment-30794\" class=\"size-full wp-image-30794\" src=\"https:\/\/cortesolda.com.br\/por\/wp-content\/uploads\/2025\/03\/Extrusora-Recuperadora-Plastico-de-Polietileno-Polipropileno.jpg\" alt=\"Extrusora Recuperadora Pl\u00e1stico de Polietileno Polipropileno\" width=\"497\" height=\"497\" srcset=\"https:\/\/cortesolda.com.br\/por\/wp-content\/uploads\/2025\/03\/Extrusora-Recuperadora-Plastico-de-Polietileno-Polipropileno.jpg 497w, https:\/\/cortesolda.com.br\/por\/wp-content\/uploads\/2025\/03\/Extrusora-Recuperadora-Plastico-de-Polietileno-Polipropileno-300x300.jpg 300w, https:\/\/cortesolda.com.br\/por\/wp-content\/uploads\/2025\/03\/Extrusora-Recuperadora-Plastico-de-Polietileno-Polipropileno-150x150.jpg 150w, https:\/\/cortesolda.com.br\/por\/wp-content\/uploads\/2025\/03\/Extrusora-Recuperadora-Plastico-de-Polietileno-Polipropileno-430x430.jpg 430w\" sizes=\"(max-width: 497px) 100vw, 497px\" \/><p id=\"caption-attachment-30794\" class=\"wp-caption-text\"><span style=\"font-size: 16px;\">Extrusora Recuperadora de Pl\u00e1stico<\/span><\/p><\/div>\n<div id=\"attachment_30777\" style=\"width: 462px\" class=\"wp-caption alignnone\"><img loading=\"lazy\" decoding=\"async\" aria-describedby=\"caption-attachment-30777\" class=\" wp-image-30777\" src=\"https:\/\/cortesolda.com.br\/por\/wp-content\/uploads\/2025\/03\/Extrusora-Recuperadora-de-plasticos-PE.webp\" alt=\"Extrusora Recuperadora de pl\u00e1sticos PE\" width=\"452\" height=\"452\" srcset=\"https:\/\/cortesolda.com.br\/por\/wp-content\/uploads\/2025\/03\/Extrusora-Recuperadora-de-plasticos-PE.webp 497w, https:\/\/cortesolda.com.br\/por\/wp-content\/uploads\/2025\/03\/Extrusora-Recuperadora-de-plasticos-PE-300x300.webp 300w, https:\/\/cortesolda.com.br\/por\/wp-content\/uploads\/2025\/03\/Extrusora-Recuperadora-de-plasticos-PE-150x150.webp 150w, https:\/\/cortesolda.com.br\/por\/wp-content\/uploads\/2025\/03\/Extrusora-Recuperadora-de-plasticos-PE-430x430.webp 430w\" sizes=\"(max-width: 452px) 100vw, 452px\" \/><p id=\"caption-attachment-30777\" class=\"wp-caption-text\"><span style=\"font-size: 16px;\">instalar m\u00e1quina de filme stretch na f\u00e1brica do cliente.<\/span><\/p><\/div>\n<div id=\"attachment_30768\" style=\"width: 459px\" class=\"wp-caption alignnone\"><img loading=\"lazy\" decoding=\"async\" aria-describedby=\"caption-attachment-30768\" class=\" wp-image-30768\" src=\"https:\/\/cortesolda.com.br\/por\/wp-content\/uploads\/2025\/03\/instalar-maquina-de-filme-stretch-na-fabrica-do-clientes.jpg\" alt=\"instalar m\u00e1quina de filme stretch na f\u00e1brica do cliente.\" width=\"449\" height=\"449\" srcset=\"https:\/\/cortesolda.com.br\/por\/wp-content\/uploads\/2025\/03\/instalar-maquina-de-filme-stretch-na-fabrica-do-clientes.jpg 468w, https:\/\/cortesolda.com.br\/por\/wp-content\/uploads\/2025\/03\/instalar-maquina-de-filme-stretch-na-fabrica-do-clientes-300x300.jpg 300w, https:\/\/cortesolda.com.br\/por\/wp-content\/uploads\/2025\/03\/instalar-maquina-de-filme-stretch-na-fabrica-do-clientes-150x150.jpg 150w, https:\/\/cortesolda.com.br\/por\/wp-content\/uploads\/2025\/03\/instalar-maquina-de-filme-stretch-na-fabrica-do-clientes-430x430.jpg 430w\" sizes=\"(max-width: 449px) 100vw, 449px\" \/><p id=\"caption-attachment-30768\" class=\"wp-caption-text\"><span style=\"font-size: 16px;\">Nosso principal parceiro de pe\u00e7as \u00e9 a seguinte marca, mas as pe\u00e7as padr\u00e3o s\u00e3o todas fabricadas na China.<\/span><\/p><\/div>\n<div class=\"product-tab-desc\">\n<div id=\"attachment_30678\" class=\"wp-caption alignnone\" style=\"width: 446px;\">\n<p data-rm-block-id=\"block-63\"><img loading=\"lazy\" decoding=\"async\" class=\" wp-image-30678\" src=\"https:\/\/cortesolda.com.br\/por\/wp-content\/uploads\/2025\/03\/Nosso-principal-parceiro-de-pecas-e-a-seguinte-marca.jpg\" sizes=\"(max-width: 465px) 100vw, 465px\" srcset=\"https:\/\/cortesolda.com.br\/por\/wp-content\/uploads\/2025\/03\/Nosso-principal-parceiro-de-pecas-e-a-seguinte-marca.jpg 875w, https:\/\/cortesolda.com.br\/por\/wp-content\/uploads\/2025\/03\/Nosso-principal-parceiro-de-pecas-e-a-seguinte-marca-400x230.jpg 400w, https:\/\/cortesolda.com.br\/por\/wp-content\/uploads\/2025\/03\/Nosso-principal-parceiro-de-pecas-e-a-seguinte-marca-768x442.jpg 768w, https:\/\/cortesolda.com.br\/por\/wp-content\/uploads\/2025\/03\/Nosso-principal-parceiro-de-pecas-e-a-seguinte-marca-430x248.jpg 430w, https:\/\/cortesolda.com.br\/por\/wp-content\/uploads\/2025\/03\/Nosso-principal-parceiro-de-pecas-e-a-seguinte-marca-700x403.jpg 700w, https:\/\/cortesolda.com.br\/por\/wp-content\/uploads\/2025\/03\/Nosso-principal-parceiro-de-pecas-e-a-seguinte-marca-150x86.jpg 150w\" alt=\"Nosso principal parceiro de pe\u00e7as \u00e9 a seguinte marca\" width=\"446\" height=\"257\" aria-describedby=\"caption-attachment-30678\" \/><\/p>\n<p id=\"caption-attachment-30678\" class=\"wp-caption-text\" data-rm-block-id=\"block-64\">Fornecedores de mat\u00e9ria-prima de polietileno<\/p>\n<\/div>\n<\/div>\n<div id=\"attachment_30728\" class=\"wp-caption alignnone\" style=\"width: 442px;\">\n<p data-rm-block-id=\"block-65\"><img loading=\"lazy\" decoding=\"async\" class=\" wp-image-30728\" src=\"https:\/\/cortesolda.com.br\/por\/wp-content\/uploads\/2025\/03\/Fornecedores-de-materia-prima-de-polietileno.jpg\" sizes=\"(max-width: 400px) 100vw, 400px\" srcset=\"https:\/\/cortesolda.com.br\/por\/wp-content\/uploads\/2025\/03\/Fornecedores-de-materia-prima-de-polietileno.jpg 400w, https:\/\/cortesolda.com.br\/por\/wp-content\/uploads\/2025\/03\/Fornecedores-de-materia-prima-de-polietileno-300x300.jpg 300w, https:\/\/cortesolda.com.br\/por\/wp-content\/uploads\/2025\/03\/Fornecedores-de-materia-prima-de-polietileno-150x150.jpg 150w\" alt=\"Fornecedores de mat\u00e9ria prima de polietileno\" width=\"442\" height=\"442\" aria-describedby=\"caption-attachment-30728\" \/><\/p>\n<p id=\"caption-attachment-30728\" class=\"wp-caption-text\" data-rm-block-id=\"block-66\">f\u00e1brica do cliente<\/p>\n<\/div>\n<div class=\"product-tab-desc\">\n<div id=\"attachment_29712\" class=\"wp-caption alignnone\" data-rm-block-id=\"block-60\">\n<div id=\"attachment_30680\" class=\"wp-caption alignnone\" style=\"width: 450px;\">\n<p data-rm-block-id=\"block-67\"><img loading=\"lazy\" decoding=\"async\" class=\" wp-image-30680\" src=\"https:\/\/cortesolda.com.br\/por\/wp-content\/uploads\/2025\/03\/fornecedor-de-pecas-plasticas-para-maquinas.webp\" sizes=\"(max-width: 466px) 100vw, 466px\" srcset=\"https:\/\/cortesolda.com.br\/por\/wp-content\/uploads\/2025\/03\/fornecedor-de-pecas-plasticas-para-maquinas.webp 497w, https:\/\/cortesolda.com.br\/por\/wp-content\/uploads\/2025\/03\/fornecedor-de-pecas-plasticas-para-maquinas-300x300.webp 300w, https:\/\/cortesolda.com.br\/por\/wp-content\/uploads\/2025\/03\/fornecedor-de-pecas-plasticas-para-maquinas-150x150.webp 150w, https:\/\/cortesolda.com.br\/por\/wp-content\/uploads\/2025\/03\/fornecedor-de-pecas-plasticas-para-maquinas-430x430.webp 430w\" alt=\"fornecedor de pe\u00e7as pl\u00e1sticas para m\u00e1quinas\" width=\"450\" height=\"450\" aria-describedby=\"caption-attachment-30680\" \/><\/p>\n<p id=\"caption-attachment-30680\" class=\"wp-caption-text\" data-rm-block-id=\"block-68\">f\u00e1brica do cliente<\/p>\n<\/div>\n<\/div>\n<div id=\"attachment_29712\" class=\"wp-caption alignnone\" data-rm-block-id=\"block-61\">\n<div id=\"attachment_30681\" class=\"wp-caption alignnone\" style=\"width: 455px;\">\n<p data-rm-block-id=\"block-69\"><img loading=\"lazy\" decoding=\"async\" class=\" wp-image-30681\" src=\"https:\/\/cortesolda.com.br\/por\/wp-content\/uploads\/2025\/03\/fabrica-do-cliente.webp\" sizes=\"(max-width: 467px) 100vw, 467px\" srcset=\"https:\/\/cortesolda.com.br\/por\/wp-content\/uploads\/2025\/03\/fabrica-do-cliente.webp 467w, https:\/\/cortesolda.com.br\/por\/wp-content\/uploads\/2025\/03\/fabrica-do-cliente-296x300.webp 296w, https:\/\/cortesolda.com.br\/por\/wp-content\/uploads\/2025\/03\/fabrica-do-cliente-430x436.webp 430w, https:\/\/cortesolda.com.br\/por\/wp-content\/uploads\/2025\/03\/fabrica-do-cliente-150x152.webp 150w\" alt=\"f\u00e1brica do cliente \" width=\"455\" height=\"462\" aria-describedby=\"caption-attachment-30681\" \/><\/p>\n<p id=\"caption-attachment-30681\" class=\"wp-caption-text\" data-rm-block-id=\"block-70\">m\u00e1quinas exportadas para todo o mundo.<\/p>\n<\/div>\n<\/div>\n<div id=\"attachment_29719\" class=\"wp-caption alignnone\" data-rm-block-id=\"block-62\">\n<div id=\"attachment_30682\" class=\"wp-caption alignnone\" style=\"width: 450px;\">\n<p data-rm-block-id=\"block-71\"><img loading=\"lazy\" decoding=\"async\" class=\" wp-image-30682\" src=\"https:\/\/cortesolda.com.br\/por\/wp-content\/uploads\/2025\/03\/maquinas-exportadas-para-todo-o-mundo.webp\" sizes=\"(max-width: 468px) 100vw, 468px\" srcset=\"https:\/\/cortesolda.com.br\/por\/wp-content\/uploads\/2025\/03\/maquinas-exportadas-para-todo-o-mundo.webp 800w, https:\/\/cortesolda.com.br\/por\/wp-content\/uploads\/2025\/03\/maquinas-exportadas-para-todo-o-mundo-400x202.webp 400w, https:\/\/cortesolda.com.br\/por\/wp-content\/uploads\/2025\/03\/maquinas-exportadas-para-todo-o-mundo-768x387.webp 768w, https:\/\/cortesolda.com.br\/por\/wp-content\/uploads\/2025\/03\/maquinas-exportadas-para-todo-o-mundo-430x217.webp 430w, https:\/\/cortesolda.com.br\/por\/wp-content\/uploads\/2025\/03\/maquinas-exportadas-para-todo-o-mundo-700x353.webp 700w, https:\/\/cortesolda.com.br\/por\/wp-content\/uploads\/2025\/03\/maquinas-exportadas-para-todo-o-mundo-150x76.webp 150w\" alt=\"m\u00e1quinas exportadas para todo o mundo.\" width=\"450\" height=\"227\" aria-describedby=\"caption-attachment-30682\" \/><\/p>\n<p id=\"caption-attachment-30682\" class=\"wp-caption-text\" data-rm-block-id=\"block-72\">Processo de produ\u00e7\u00e3o de sacolas pl\u00e1sticas<\/p>\n<\/div>\n<\/div>\n<div id=\"attachment_29720\" class=\"wp-caption alignnone\" style=\"width: 453px;\">\n<p data-rm-block-id=\"block-73\"><img loading=\"lazy\" decoding=\"async\" class=\" wp-image-30683\" src=\"https:\/\/cortesolda.com.br\/por\/wp-content\/uploads\/2025\/03\/Processo-de-producao-de-sacolas-plasticas.webp\" sizes=\"(max-width: 467px) 100vw, 467px\" srcset=\"https:\/\/cortesolda.com.br\/por\/wp-content\/uploads\/2025\/03\/Processo-de-producao-de-sacolas-plasticas.webp 1038w, https:\/\/cortesolda.com.br\/por\/wp-content\/uploads\/2025\/03\/Processo-de-producao-de-sacolas-plasticas-315x300.webp 315w, https:\/\/cortesolda.com.br\/por\/wp-content\/uploads\/2025\/03\/Processo-de-producao-de-sacolas-plasticas-840x800.webp 840w, https:\/\/cortesolda.com.br\/por\/wp-content\/uploads\/2025\/03\/Processo-de-producao-de-sacolas-plasticas-768x732.webp 768w, https:\/\/cortesolda.com.br\/por\/wp-content\/uploads\/2025\/03\/Processo-de-producao-de-sacolas-plasticas-430x410.webp 430w, https:\/\/cortesolda.com.br\/por\/wp-content\/uploads\/2025\/03\/Processo-de-producao-de-sacolas-plasticas-700x667.webp 700w, https:\/\/cortesolda.com.br\/por\/wp-content\/uploads\/2025\/03\/Processo-de-producao-de-sacolas-plasticas-150x143.webp 150w\" alt=\"Processo de produ\u00e7\u00e3o de sacolas pl\u00e1sticas\" width=\"453\" height=\"432\" \/><\/p>\n<\/div>\n<\/div>\n<\/div>\n<\/div>\n<\/div>\n<\/div>\n<\/div>\n","protected":false},"excerpt":{"rendered":"<p>Extrusora Recuperado<\/p>\n","protected":false},"featured_media":30119,"comment_status":"closed","ping_status":"closed","template":"","meta":{"_acf_changed":false,"_oss_video_url":""},"product_brand":[],"product_cat":[78],"product_tag":[],"class_list":{"0":"post-30117","1":"product","2":"type-product","3":"status-publish","4":"has-post-thumbnail","6":"product_cat-maquina-para-reciclagem","8":"first","9":"instock","10":"shipping-taxable","11":"product-type-simple"},"acf":[],"_links":{"self":[{"href":"https:\/\/cortesolda.com.br\/por\/wp-json\/wp\/v2\/product\/30117","targetHints":{"allow":["GET"]}}],"collection":[{"href":"https:\/\/cortesolda.com.br\/por\/wp-json\/wp\/v2\/product"}],"about":[{"href":"https:\/\/cortesolda.com.br\/por\/wp-json\/wp\/v2\/types\/product"}],"replies":[{"embeddable":true,"href":"https:\/\/cortesolda.com.br\/por\/wp-json\/wp\/v2\/comments?post=30117"}],"version-history":[{"count":0,"href":"https:\/\/cortesolda.com.br\/por\/wp-json\/wp\/v2\/product\/30117\/revisions"}],"wp:featuredmedia":[{"embeddable":true,"href":"https:\/\/cortesolda.com.br\/por\/wp-json\/wp\/v2\/media\/30119"}],"wp:attachment":[{"href":"https:\/\/cortesolda.com.br\/por\/wp-json\/wp\/v2\/media?parent=30117"}],"wp:term":[{"taxonomy":"product_brand","embeddable":true,"href":"https:\/\/cortesolda.com.br\/por\/wp-json\/wp\/v2\/product_brand?post=30117"},{"taxonomy":"product_cat","embeddable":true,"href":"https:\/\/cortesolda.com.br\/por\/wp-json\/wp\/v2\/product_cat?post=30117"},{"taxonomy":"product_tag","embeddable":true,"href":"https:\/\/cortesolda.com.br\/por\/wp-json\/wp\/v2\/product_tag?post=30117"}],"curies":[{"name":"wp","href":"https:\/\/api.w.org\/{rel}","templated":true}]}}