{"id":30121,"date":"2025-03-28T15:13:09","date_gmt":"2025-03-28T07:13:09","guid":{"rendered":"https:\/\/hotpink-lyrebird-701956.hostingersite.com\/?post_type=product&#038;p=30121"},"modified":"2025-07-08T21:33:14","modified_gmt":"2025-07-08T13:33:14","slug":"extrusora-recuperadora-plastico-maquina-de-reciclagem-de-plastico","status":"publish","type":"product","link":"https:\/\/cortesolda.com.br\/por\/extrusora-recuperadora-plastico-maquina-de-reciclagem-de-plastico","title":{"rendered":"Extrusora Recuperadora de Pl\u00e1stico Com Resfriamento A Vento"},"content":{"rendered":"<div id=\"tab-desc\" class=\"tab-pane active\" role=\"tabpanel\">\n<div class=\"ProductAttr\">\n<div class=\"ProductAttrItem\">\n<div class=\"ProductAttr-title\" data-rm-block-id=\"block-1\">Extrusora Recuperadora de Pl\u00e1stico Com Resfriamento A Vento<\/div>\n<\/div>\n<\/div>\n<div class=\"product-tab-desc\">\n<p data-rm-block-id=\"block-2\">Extrusora Recuperadora de Pl\u00e1stico Com Resfriamento A Vento para reciclar produtos pl\u00e1sticos, como HDPE, LDPE, etc.<br \/>\ncontrole de velocidade da m\u00e1quina de reciclagem de pl\u00e1stico por inversor, economize energia.<br \/>\nO triturador de granula\u00e7\u00e3o usa motor.machine de velocidade ajust\u00e1vel de f\u00e1cil opera\u00e7\u00e3o, alta capacidade.<\/p>\n<p data-rm-block-id=\"block-3\">Caracter\u00edstica:<br \/>\n1.Material Polietileno,Polipropileno<br \/>\n2.velocidade da extrusora de controle do inversor, economize<br \/>\n3.energia,ECO eeconomizar custos.<br \/>\n4.extrusora, unidade de pelotiza\u00e7\u00e3o, unidade de resfriamento de \u00e1gua.<br \/>\n5.A garantia \u00e9 de um ano, a m\u00e1quina pode funcionar sem parar, 24<br \/>\n6.horas por dia, 7 dias por semana.<br \/>\n7.M\u00e1quina com design simples, f\u00e1cil de operar.<br \/>\n8.A m\u00e1quina \u00e9 um design econ\u00f4mico, adequado para novos iniciantes ou iniciantes.<br \/>\n9.Pot\u00eancia da m\u00e1quina 220V,380V,440V,480V (Personalizado com base no pedid)<\/p>\n<div id=\"attachment_30792\" style=\"width: 452px\" class=\"wp-caption alignnone\"><img fetchpriority=\"high\" decoding=\"async\" aria-describedby=\"caption-attachment-30792\" class=\" wp-image-30792\" src=\"https:\/\/cortesolda.com.br\/por\/wp-content\/uploads\/2025\/03\/Polietileno-Polipropileno-Sacolas-Filme.webp\" alt=\"Polietileno Polipropileno Sacolas Filme\" width=\"442\" height=\"442\" srcset=\"https:\/\/cortesolda.com.br\/por\/wp-content\/uploads\/2025\/03\/Polietileno-Polipropileno-Sacolas-Filme.webp 497w, https:\/\/cortesolda.com.br\/por\/wp-content\/uploads\/2025\/03\/Polietileno-Polipropileno-Sacolas-Filme-300x300.webp 300w, https:\/\/cortesolda.com.br\/por\/wp-content\/uploads\/2025\/03\/Polietileno-Polipropileno-Sacolas-Filme-150x150.webp 150w, https:\/\/cortesolda.com.br\/por\/wp-content\/uploads\/2025\/03\/Polietileno-Polipropileno-Sacolas-Filme-430x430.webp 430w\" sizes=\"(max-width: 442px) 100vw, 442px\" \/><p id=\"caption-attachment-30792\" class=\"wp-caption-text\">Polietileno Polipropileno Sacolas Filme<\/p><\/div>\n<p><img decoding=\"async\" class=\"size-full wp-image-30793\" src=\"https:\/\/cortesolda.com.br\/por\/wp-content\/uploads\/2025\/03\/Polietileno-Polipropileno-PEAD-PEBD-PP.webp\" alt=\"Polietileno Polipropileno PEAD PEBD PP\" width=\"427\" height=\"314\" srcset=\"https:\/\/cortesolda.com.br\/por\/wp-content\/uploads\/2025\/03\/Polietileno-Polipropileno-PEAD-PEBD-PP.webp 427w, https:\/\/cortesolda.com.br\/por\/wp-content\/uploads\/2025\/03\/Polietileno-Polipropileno-PEAD-PEBD-PP-400x294.webp 400w, https:\/\/cortesolda.com.br\/por\/wp-content\/uploads\/2025\/03\/Polietileno-Polipropileno-PEAD-PEBD-PP-150x110.webp 150w\" sizes=\"(max-width: 427px) 100vw, 427px\" \/><\/p>\n<div id=\"attachment_30805\" style=\"width: 444px\" class=\"wp-caption alignnone\"><img decoding=\"async\" aria-describedby=\"caption-attachment-30805\" class=\" wp-image-30805\" src=\"https:\/\/cortesolda.com.br\/por\/wp-content\/uploads\/2025\/03\/Polietileno.webp\" alt=\"Polietileno\" width=\"434\" height=\"434\" srcset=\"https:\/\/cortesolda.com.br\/por\/wp-content\/uploads\/2025\/03\/Polietileno.webp 497w, https:\/\/cortesolda.com.br\/por\/wp-content\/uploads\/2025\/03\/Polietileno-300x300.webp 300w, https:\/\/cortesolda.com.br\/por\/wp-content\/uploads\/2025\/03\/Polietileno-150x150.webp 150w, https:\/\/cortesolda.com.br\/por\/wp-content\/uploads\/2025\/03\/Polietileno-430x430.webp 430w\" sizes=\"(max-width: 434px) 100vw, 434px\" \/><p id=\"caption-attachment-30805\" class=\"wp-caption-text\">material recicl\u00e1vel<\/p><\/div>\n<p data-rm-block-id=\"block-7\">Taxas de reciclagem:<\/p>\n<table style=\"width: 642px; height: 532px;\">\n<tbody>\n<tr>\n<td style=\"width: 150.014px;\" width=\"150\" data-rm-block-id=\"block-9\">Modelo<\/td>\n<td style=\"width: 130.014px;\" width=\"130\" data-rm-block-id=\"block-10\">KD-A90<\/td>\n<td style=\"width: 115.014px;\" width=\"115\" data-rm-block-id=\"block-11\">KD-A100<\/td>\n<td style=\"width: 121.009px;\" width=\"121\" data-rm-block-id=\"block-12\">KD-A110<\/td>\n<td style=\"width: 111.037px;\" width=\"111\" data-rm-block-id=\"block-13\">KD-A120<\/td>\n<\/tr>\n<tr>\n<td style=\"width: 150.014px;\" width=\"150\" data-rm-block-id=\"block-14\">Di\u00e2metro do parafuso<\/td>\n<td style=\"width: 130.014px;\" width=\"130\" data-rm-block-id=\"block-15\">90<\/td>\n<td style=\"width: 115.014px;\" width=\"115\" data-rm-block-id=\"block-16\">100<\/td>\n<td style=\"width: 121.009px;\" width=\"121\" data-rm-block-id=\"block-17\">110<\/td>\n<td style=\"width: 111.037px;\" width=\"111\" data-rm-block-id=\"block-18\">120<\/td>\n<\/tr>\n<tr>\n<td style=\"width: 150.014px;\" width=\"150\" data-rm-block-id=\"block-19\">Rela\u00e7\u00e3o do Parafuso (L\/D)<\/td>\n<td style=\"width: 130.014px;\" width=\"130\" data-rm-block-id=\"block-20\">20:1 -22:1<\/td>\n<td style=\"width: 115.014px;\" width=\"115\" data-rm-block-id=\"block-21\">20:1 -22:1<\/td>\n<td style=\"width: 121.009px;\" width=\"121\" data-rm-block-id=\"block-22\">20:1 -22:1<\/td>\n<td style=\"width: 111.037px;\" width=\"111\" data-rm-block-id=\"block-23\">20:1 -22:1<\/td>\n<\/tr>\n<tr>\n<td style=\"width: 150.014px;\" width=\"150\" data-rm-block-id=\"block-24\">Velocidade Racional do Parafuso<\/td>\n<td style=\"width: 130.014px;\" width=\"130\" data-rm-block-id=\"block-25\">10-100r\/min<\/td>\n<td style=\"width: 115.014px;\" width=\"115\" data-rm-block-id=\"block-26\">10-100r\/min<\/td>\n<td style=\"width: 121.009px;\" width=\"121\" data-rm-block-id=\"block-27\">10-100r\/min<\/td>\n<td style=\"width: 111.037px;\" width=\"111\" data-rm-block-id=\"block-28\">10-100r\/min<\/td>\n<\/tr>\n<tr>\n<td style=\"width: 150.014px;\" width=\"150\" data-rm-block-id=\"block-29\">Pot\u00eancia do motor<\/td>\n<td style=\"width: 130.014px;\" width=\"130\" data-rm-block-id=\"block-30\">22kw<\/td>\n<td style=\"width: 115.014px;\" width=\"115\" data-rm-block-id=\"block-31\">30kw<\/td>\n<td style=\"width: 121.009px;\" width=\"121\" data-rm-block-id=\"block-32\">37kw<\/td>\n<td style=\"width: 111.037px;\" width=\"111\" data-rm-block-id=\"block-33\">45kw<\/td>\n<\/tr>\n<tr>\n<td style=\"width: 150.014px;\" width=\"150\" data-rm-block-id=\"block-34\">capacidade<\/td>\n<td style=\"width: 130.014px;\" width=\"130\" data-rm-block-id=\"block-35\">68kg\/h<\/td>\n<td style=\"width: 115.014px;\" width=\"115\" data-rm-block-id=\"block-36\">95kg\/h<\/td>\n<td style=\"width: 121.009px;\" width=\"121\" data-rm-block-id=\"block-37\">120kg\/h<\/td>\n<td style=\"width: 111.037px;\" width=\"111\" data-rm-block-id=\"block-38\">135kg\/h<\/td>\n<\/tr>\n<tr>\n<td style=\"width: 150.014px;\" width=\"150\" data-rm-block-id=\"block-39\">Peso<\/td>\n<td style=\"width: 130.014px;\" width=\"130\" data-rm-block-id=\"block-40\">2600kg<\/td>\n<td style=\"width: 115.014px;\" width=\"115\" data-rm-block-id=\"block-41\">2800kg<\/td>\n<td style=\"width: 121.009px;\" width=\"121\" data-rm-block-id=\"block-42\">3000kg<\/td>\n<td style=\"width: 111.037px;\" width=\"111\" data-rm-block-id=\"block-43\">3200kg<\/td>\n<\/tr>\n<tr>\n<td style=\"width: 150.014px;\" width=\"150\" data-rm-block-id=\"block-44\">Tamanho da m\u00e1quina (m)<\/td>\n<td style=\"width: 130.014px;\" width=\"130\" data-rm-block-id=\"block-45\">4*1,5*1,8<\/td>\n<td style=\"width: 115.014px;\" width=\"115\" data-rm-block-id=\"block-46\">4,2*1,5*1,8.<\/td>\n<td style=\"width: 121.009px;\" width=\"121\" data-rm-block-id=\"block-47\">4,4*1,5*1,8<\/td>\n<td style=\"width: 111.037px;\" width=\"111\" data-rm-block-id=\"block-48\">4,6*1,5*1,8<\/td>\n<\/tr>\n<tr>\n<td style=\"width: 150.014px;\" width=\"150\" data-rm-block-id=\"block-49\">Tens\u00e3o de Energia<\/td>\n<td style=\"width: 477.074px;\" colspan=\"4\" width=\"479\" data-rm-block-id=\"block-50\">220V,380V,440V,480V (Personalizado com base no pedido, Por exemplo: EUA 480V 60Hz, M\u00e9xico 440V\/220V 60Hz, Ar\u00e1bia Saudita 380V 60Hz, Nig\u00e9ria 415V 50Hz&#8230;)<\/td>\n<\/tr>\n<tr>\n<td style=\"width: 150.014px;\" width=\"150\" data-rm-block-id=\"block-51\">Tempo de trabalho da m\u00e1quina<\/td>\n<td style=\"width: 477.074px;\" colspan=\"4\" width=\"479\" data-rm-block-id=\"block-52\">24 horas * 7 dias<\/td>\n<\/tr>\n<tr>\n<td style=\"width: 150.014px;\" width=\"150\" data-rm-block-id=\"block-53\">garantia<\/td>\n<td style=\"width: 477.074px;\" colspan=\"4\" width=\"479\" data-rm-block-id=\"block-54\">1 ano<\/td>\n<\/tr>\n<tr>\n<td style=\"width: 150.014px;\" width=\"150\" data-rm-block-id=\"block-55\">Assist\u00eancia t\u00e9cnica<\/td>\n<td style=\"width: 477.074px;\" colspan=\"4\" width=\"479\" data-rm-block-id=\"block-56\">Engenheiros dispon\u00edveis para atender m\u00e1quinas no exterior<\/td>\n<\/tr>\n<\/tbody>\n<\/table>\n<p data-rm-block-id=\"block-57\">Extrusora Recuperadora de Pl\u00e1stico Com Resfriamento A Vento<\/p>\n<p data-rm-block-id=\"block-57\"><img loading=\"lazy\" decoding=\"async\" class=\"alignnone wp-image-30807\" src=\"https:\/\/cortesolda.com.br\/por\/wp-content\/uploads\/2025\/03\/Extrusora-Recuperadora-de-Plastico-Com-Resfriamento-A-Vento.webp\" alt=\"\" width=\"448\" height=\"548\" srcset=\"https:\/\/cortesolda.com.br\/por\/wp-content\/uploads\/2025\/03\/Extrusora-Recuperadora-de-Plastico-Com-Resfriamento-A-Vento.webp 689w, https:\/\/cortesolda.com.br\/por\/wp-content\/uploads\/2025\/03\/Extrusora-Recuperadora-de-Plastico-Com-Resfriamento-A-Vento-245x300.webp 245w, https:\/\/cortesolda.com.br\/por\/wp-content\/uploads\/2025\/03\/Extrusora-Recuperadora-de-Plastico-Com-Resfriamento-A-Vento-654x800.webp 654w, https:\/\/cortesolda.com.br\/por\/wp-content\/uploads\/2025\/03\/Extrusora-Recuperadora-de-Plastico-Com-Resfriamento-A-Vento-430x526.webp 430w, https:\/\/cortesolda.com.br\/por\/wp-content\/uploads\/2025\/03\/Extrusora-Recuperadora-de-Plastico-Com-Resfriamento-A-Vento-150x184.webp 150w\" sizes=\"(max-width: 448px) 100vw, 448px\" \/><\/p>\n<p data-rm-block-id=\"block-57\"><img loading=\"lazy\" decoding=\"async\" class=\"alignnone wp-image-30806\" src=\"https:\/\/cortesolda.com.br\/por\/wp-content\/uploads\/2025\/03\/Extrusora-Recuperadora-de-Plasticos-Com-Resfriamento-A-Vento.webp\" alt=\"\" width=\"448\" height=\"488\" srcset=\"https:\/\/cortesolda.com.br\/por\/wp-content\/uploads\/2025\/03\/Extrusora-Recuperadora-de-Plasticos-Com-Resfriamento-A-Vento.webp 709w, https:\/\/cortesolda.com.br\/por\/wp-content\/uploads\/2025\/03\/Extrusora-Recuperadora-de-Plasticos-Com-Resfriamento-A-Vento-276x300.webp 276w, https:\/\/cortesolda.com.br\/por\/wp-content\/uploads\/2025\/03\/Extrusora-Recuperadora-de-Plasticos-Com-Resfriamento-A-Vento-430x468.webp 430w, https:\/\/cortesolda.com.br\/por\/wp-content\/uploads\/2025\/03\/Extrusora-Recuperadora-de-Plasticos-Com-Resfriamento-A-Vento-700x762.webp 700w, https:\/\/cortesolda.com.br\/por\/wp-content\/uploads\/2025\/03\/Extrusora-Recuperadora-de-Plasticos-Com-Resfriamento-A-Vento-150x163.webp 150w\" sizes=\"(max-width: 448px) 100vw, 448px\" \/><\/p>\n<p data-rm-block-id=\"block-59\">\u203bAs especifica\u00e7\u00f5es corretas dependem do modelo real.Todas as especifica\u00e7\u00f5es est\u00e3o sujeitas a altera\u00e7\u00f5es sem aviso pr\u00e9vio.<\/p>\n<div class=\"product-tab-desc\">\n<div id=\"attachment_29719\" class=\"wp-caption alignnone\" data-rm-block-id=\"block-62\">\n<div id=\"attachment_30682\" class=\"wp-caption alignnone\" style=\"width: 448px;\">\n<p data-rm-block-id=\"block-60\">Extrusora Recuperadora de Pl\u00e1stico<\/p>\n<p><img loading=\"lazy\" decoding=\"async\" class=\" wp-image-30778\" src=\"https:\/\/cortesolda.com.br\/por\/wp-content\/uploads\/2025\/03\/Extrusora-Recuperadora-de-plastico.webp\" alt=\"Extrusora Recuperadora de pl\u00e1stico\" width=\"448\" height=\"448\" srcset=\"https:\/\/cortesolda.com.br\/por\/wp-content\/uploads\/2025\/03\/Extrusora-Recuperadora-de-plastico.webp 497w, https:\/\/cortesolda.com.br\/por\/wp-content\/uploads\/2025\/03\/Extrusora-Recuperadora-de-plastico-300x300.webp 300w, https:\/\/cortesolda.com.br\/por\/wp-content\/uploads\/2025\/03\/Extrusora-Recuperadora-de-plastico-150x150.webp 150w, https:\/\/cortesolda.com.br\/por\/wp-content\/uploads\/2025\/03\/Extrusora-Recuperadora-de-plastico-430x430.webp 430w\" sizes=\"(max-width: 448px) 100vw, 448px\" \/><\/p>\n<p>Extrusora Recuperadora de Pl\u00e1stico<\/p>\n<div id=\"attachment_30777\" style=\"width: 462px\" class=\"wp-caption alignnone\"><img loading=\"lazy\" decoding=\"async\" aria-describedby=\"caption-attachment-30777\" class=\" wp-image-30777\" src=\"https:\/\/cortesolda.com.br\/por\/wp-content\/uploads\/2025\/03\/Extrusora-Recuperadora-de-plasticos-PE.webp\" alt=\"Extrusora Recuperadora de pl\u00e1sticos PE\" width=\"452\" height=\"452\" srcset=\"https:\/\/cortesolda.com.br\/por\/wp-content\/uploads\/2025\/03\/Extrusora-Recuperadora-de-plasticos-PE.webp 497w, https:\/\/cortesolda.com.br\/por\/wp-content\/uploads\/2025\/03\/Extrusora-Recuperadora-de-plasticos-PE-300x300.webp 300w, https:\/\/cortesolda.com.br\/por\/wp-content\/uploads\/2025\/03\/Extrusora-Recuperadora-de-plasticos-PE-150x150.webp 150w, https:\/\/cortesolda.com.br\/por\/wp-content\/uploads\/2025\/03\/Extrusora-Recuperadora-de-plasticos-PE-430x430.webp 430w\" sizes=\"(max-width: 452px) 100vw, 452px\" \/><p id=\"caption-attachment-30777\" class=\"wp-caption-text\"><span style=\"font-size: 16px;\">instalar m\u00e1quina de filme stretch na f\u00e1brica do cliente.<\/span><\/p><\/div>\n<div id=\"attachment_30768\" style=\"width: 459px\" class=\"wp-caption alignnone\"><img loading=\"lazy\" decoding=\"async\" aria-describedby=\"caption-attachment-30768\" class=\" wp-image-30768\" src=\"https:\/\/cortesolda.com.br\/por\/wp-content\/uploads\/2025\/03\/instalar-maquina-de-filme-stretch-na-fabrica-do-clientes.jpg\" alt=\"instalar m\u00e1quina de filme stretch na f\u00e1brica do cliente.\" width=\"449\" height=\"449\" srcset=\"https:\/\/cortesolda.com.br\/por\/wp-content\/uploads\/2025\/03\/instalar-maquina-de-filme-stretch-na-fabrica-do-clientes.jpg 468w, https:\/\/cortesolda.com.br\/por\/wp-content\/uploads\/2025\/03\/instalar-maquina-de-filme-stretch-na-fabrica-do-clientes-300x300.jpg 300w, https:\/\/cortesolda.com.br\/por\/wp-content\/uploads\/2025\/03\/instalar-maquina-de-filme-stretch-na-fabrica-do-clientes-150x150.jpg 150w, https:\/\/cortesolda.com.br\/por\/wp-content\/uploads\/2025\/03\/instalar-maquina-de-filme-stretch-na-fabrica-do-clientes-430x430.jpg 430w\" sizes=\"(max-width: 449px) 100vw, 449px\" \/><p id=\"caption-attachment-30768\" class=\"wp-caption-text\"><span style=\"font-size: 16px;\">Nosso principal parceiro de pe\u00e7as \u00e9 a seguinte marca, mas as pe\u00e7as padr\u00e3o s\u00e3o todas fabricadas na China.<\/span><\/p><\/div>\n<div class=\"product-tab-desc\">\n<div id=\"attachment_30678\" class=\"wp-caption alignnone\" style=\"width: 446px;\">\n<p data-rm-block-id=\"block-63\"><img loading=\"lazy\" decoding=\"async\" class=\" wp-image-30678\" src=\"https:\/\/cortesolda.com.br\/por\/wp-content\/uploads\/2025\/03\/Nosso-principal-parceiro-de-pecas-e-a-seguinte-marca.jpg\" sizes=\"(max-width: 465px) 100vw, 465px\" srcset=\"https:\/\/cortesolda.com.br\/por\/wp-content\/uploads\/2025\/03\/Nosso-principal-parceiro-de-pecas-e-a-seguinte-marca.jpg 875w, https:\/\/cortesolda.com.br\/por\/wp-content\/uploads\/2025\/03\/Nosso-principal-parceiro-de-pecas-e-a-seguinte-marca-400x230.jpg 400w, https:\/\/cortesolda.com.br\/por\/wp-content\/uploads\/2025\/03\/Nosso-principal-parceiro-de-pecas-e-a-seguinte-marca-768x442.jpg 768w, https:\/\/cortesolda.com.br\/por\/wp-content\/uploads\/2025\/03\/Nosso-principal-parceiro-de-pecas-e-a-seguinte-marca-430x248.jpg 430w, https:\/\/cortesolda.com.br\/por\/wp-content\/uploads\/2025\/03\/Nosso-principal-parceiro-de-pecas-e-a-seguinte-marca-700x403.jpg 700w, https:\/\/cortesolda.com.br\/por\/wp-content\/uploads\/2025\/03\/Nosso-principal-parceiro-de-pecas-e-a-seguinte-marca-150x86.jpg 150w\" alt=\"Nosso principal parceiro de pe\u00e7as \u00e9 a seguinte marca\" width=\"446\" height=\"257\" aria-describedby=\"caption-attachment-30678\" \/><\/p>\n<p id=\"caption-attachment-30678\" class=\"wp-caption-text\" data-rm-block-id=\"block-64\">Fornecedores de mat\u00e9ria-prima de polietileno<\/p>\n<\/div>\n<\/div>\n<div id=\"attachment_30728\" class=\"wp-caption alignnone\" style=\"width: 442px;\">\n<p data-rm-block-id=\"block-65\"><img loading=\"lazy\" decoding=\"async\" class=\" wp-image-30728\" src=\"https:\/\/cortesolda.com.br\/por\/wp-content\/uploads\/2025\/03\/Fornecedores-de-materia-prima-de-polietileno.jpg\" sizes=\"(max-width: 400px) 100vw, 400px\" srcset=\"https:\/\/cortesolda.com.br\/por\/wp-content\/uploads\/2025\/03\/Fornecedores-de-materia-prima-de-polietileno.jpg 400w, https:\/\/cortesolda.com.br\/por\/wp-content\/uploads\/2025\/03\/Fornecedores-de-materia-prima-de-polietileno-300x300.jpg 300w, https:\/\/cortesolda.com.br\/por\/wp-content\/uploads\/2025\/03\/Fornecedores-de-materia-prima-de-polietileno-150x150.jpg 150w\" alt=\"Fornecedores de mat\u00e9ria prima de polietileno\" width=\"442\" height=\"442\" aria-describedby=\"caption-attachment-30728\" \/><\/p>\n<p id=\"caption-attachment-30728\" class=\"wp-caption-text\" data-rm-block-id=\"block-66\">f\u00e1brica do cliente<\/p>\n<\/div>\n<div class=\"product-tab-desc\">\n<div id=\"attachment_29712\" class=\"wp-caption alignnone\" data-rm-block-id=\"block-60\">\n<div id=\"attachment_30680\" class=\"wp-caption alignnone\" style=\"width: 450px;\">\n<p data-rm-block-id=\"block-67\"><img loading=\"lazy\" decoding=\"async\" class=\" wp-image-30680\" src=\"https:\/\/cortesolda.com.br\/por\/wp-content\/uploads\/2025\/03\/fornecedor-de-pecas-plasticas-para-maquinas.webp\" sizes=\"(max-width: 466px) 100vw, 466px\" srcset=\"https:\/\/cortesolda.com.br\/por\/wp-content\/uploads\/2025\/03\/fornecedor-de-pecas-plasticas-para-maquinas.webp 497w, https:\/\/cortesolda.com.br\/por\/wp-content\/uploads\/2025\/03\/fornecedor-de-pecas-plasticas-para-maquinas-300x300.webp 300w, https:\/\/cortesolda.com.br\/por\/wp-content\/uploads\/2025\/03\/fornecedor-de-pecas-plasticas-para-maquinas-150x150.webp 150w, https:\/\/cortesolda.com.br\/por\/wp-content\/uploads\/2025\/03\/fornecedor-de-pecas-plasticas-para-maquinas-430x430.webp 430w\" alt=\"fornecedor de pe\u00e7as pl\u00e1sticas para m\u00e1quinas\" width=\"450\" height=\"450\" aria-describedby=\"caption-attachment-30680\" \/><\/p>\n<p id=\"caption-attachment-30680\" class=\"wp-caption-text\" data-rm-block-id=\"block-68\">f\u00e1brica do cliente<\/p>\n<\/div>\n<\/div>\n<div id=\"attachment_29712\" class=\"wp-caption alignnone\" data-rm-block-id=\"block-61\">\n<div id=\"attachment_30681\" class=\"wp-caption alignnone\" style=\"width: 455px;\">\n<p data-rm-block-id=\"block-69\"><img loading=\"lazy\" decoding=\"async\" class=\" wp-image-30681\" src=\"https:\/\/cortesolda.com.br\/por\/wp-content\/uploads\/2025\/03\/fabrica-do-cliente.webp\" sizes=\"(max-width: 467px) 100vw, 467px\" srcset=\"https:\/\/cortesolda.com.br\/por\/wp-content\/uploads\/2025\/03\/fabrica-do-cliente.webp 467w, https:\/\/cortesolda.com.br\/por\/wp-content\/uploads\/2025\/03\/fabrica-do-cliente-296x300.webp 296w, https:\/\/cortesolda.com.br\/por\/wp-content\/uploads\/2025\/03\/fabrica-do-cliente-430x436.webp 430w, https:\/\/cortesolda.com.br\/por\/wp-content\/uploads\/2025\/03\/fabrica-do-cliente-150x152.webp 150w\" alt=\"f\u00e1brica do cliente \" width=\"455\" height=\"462\" aria-describedby=\"caption-attachment-30681\" \/><\/p>\n<p id=\"caption-attachment-30681\" class=\"wp-caption-text\" data-rm-block-id=\"block-70\">m\u00e1quinas exportadas para todo o mundo.<\/p>\n<\/div>\n<\/div>\n<div id=\"attachment_29719\" class=\"wp-caption alignnone\" data-rm-block-id=\"block-62\">\n<div id=\"attachment_30682\" class=\"wp-caption alignnone\" style=\"width: 450px;\">\n<p data-rm-block-id=\"block-71\"><img loading=\"lazy\" decoding=\"async\" class=\" wp-image-30682\" src=\"https:\/\/cortesolda.com.br\/por\/wp-content\/uploads\/2025\/03\/maquinas-exportadas-para-todo-o-mundo.webp\" sizes=\"(max-width: 468px) 100vw, 468px\" srcset=\"https:\/\/cortesolda.com.br\/por\/wp-content\/uploads\/2025\/03\/maquinas-exportadas-para-todo-o-mundo.webp 800w, https:\/\/cortesolda.com.br\/por\/wp-content\/uploads\/2025\/03\/maquinas-exportadas-para-todo-o-mundo-400x202.webp 400w, https:\/\/cortesolda.com.br\/por\/wp-content\/uploads\/2025\/03\/maquinas-exportadas-para-todo-o-mundo-768x387.webp 768w, https:\/\/cortesolda.com.br\/por\/wp-content\/uploads\/2025\/03\/maquinas-exportadas-para-todo-o-mundo-430x217.webp 430w, https:\/\/cortesolda.com.br\/por\/wp-content\/uploads\/2025\/03\/maquinas-exportadas-para-todo-o-mundo-700x353.webp 700w, https:\/\/cortesolda.com.br\/por\/wp-content\/uploads\/2025\/03\/maquinas-exportadas-para-todo-o-mundo-150x76.webp 150w\" alt=\"m\u00e1quinas exportadas para todo o mundo.\" width=\"450\" height=\"227\" aria-describedby=\"caption-attachment-30682\" \/><\/p>\n<p id=\"caption-attachment-30682\" class=\"wp-caption-text\" data-rm-block-id=\"block-72\">Processo de produ\u00e7\u00e3o de sacolas pl\u00e1sticas<\/p>\n<\/div>\n<\/div>\n<div id=\"attachment_29720\" class=\"wp-caption alignnone\" style=\"width: 453px;\">\n<p data-rm-block-id=\"block-73\"><img loading=\"lazy\" decoding=\"async\" class=\" wp-image-30683\" src=\"https:\/\/cortesolda.com.br\/por\/wp-content\/uploads\/2025\/03\/Processo-de-producao-de-sacolas-plasticas.webp\" sizes=\"(max-width: 467px) 100vw, 467px\" srcset=\"https:\/\/cortesolda.com.br\/por\/wp-content\/uploads\/2025\/03\/Processo-de-producao-de-sacolas-plasticas.webp 1038w, https:\/\/cortesolda.com.br\/por\/wp-content\/uploads\/2025\/03\/Processo-de-producao-de-sacolas-plasticas-315x300.webp 315w, https:\/\/cortesolda.com.br\/por\/wp-content\/uploads\/2025\/03\/Processo-de-producao-de-sacolas-plasticas-840x800.webp 840w, https:\/\/cortesolda.com.br\/por\/wp-content\/uploads\/2025\/03\/Processo-de-producao-de-sacolas-plasticas-768x732.webp 768w, https:\/\/cortesolda.com.br\/por\/wp-content\/uploads\/2025\/03\/Processo-de-producao-de-sacolas-plasticas-430x410.webp 430w, https:\/\/cortesolda.com.br\/por\/wp-content\/uploads\/2025\/03\/Processo-de-producao-de-sacolas-plasticas-700x667.webp 700w, https:\/\/cortesolda.com.br\/por\/wp-content\/uploads\/2025\/03\/Processo-de-producao-de-sacolas-plasticas-150x143.webp 150w\" alt=\"Processo de produ\u00e7\u00e3o de sacolas pl\u00e1sticas\" width=\"453\" height=\"432\" \/><\/p>\n<\/div>\n<\/div>\n<\/div>\n<\/div>\n<\/div>\n<p data-rm-block-id=\"block-66\">\n<\/div>\n<\/div>\n","protected":false},"excerpt":{"rendered":"<p>Extrusora Recuperado<\/p>\n","protected":false},"featured_media":30123,"comment_status":"closed","ping_status":"closed","template":"","meta":{"_acf_changed":false,"_oss_video_url":""},"product_brand":[],"product_cat":[78],"product_tag":[],"class_list":{"0":"post-30121","1":"product","2":"type-product","3":"status-publish","4":"has-post-thumbnail","6":"product_cat-maquina-para-reciclagem","8":"first","9":"instock","10":"shipping-taxable","11":"product-type-simple"},"acf":[],"_links":{"self":[{"href":"https:\/\/cortesolda.com.br\/por\/wp-json\/wp\/v2\/product\/30121","targetHints":{"allow":["GET"]}}],"collection":[{"href":"https:\/\/cortesolda.com.br\/por\/wp-json\/wp\/v2\/product"}],"about":[{"href":"https:\/\/cortesolda.com.br\/por\/wp-json\/wp\/v2\/types\/product"}],"replies":[{"embeddable":true,"href":"https:\/\/cortesolda.com.br\/por\/wp-json\/wp\/v2\/comments?post=30121"}],"version-history":[{"count":0,"href":"https:\/\/cortesolda.com.br\/por\/wp-json\/wp\/v2\/product\/30121\/revisions"}],"wp:featuredmedia":[{"embeddable":true,"href":"https:\/\/cortesolda.com.br\/por\/wp-json\/wp\/v2\/media\/30123"}],"wp:attachment":[{"href":"https:\/\/cortesolda.com.br\/por\/wp-json\/wp\/v2\/media?parent=30121"}],"wp:term":[{"taxonomy":"product_brand","embeddable":true,"href":"https:\/\/cortesolda.com.br\/por\/wp-json\/wp\/v2\/product_brand?post=30121"},{"taxonomy":"product_cat","embeddable":true,"href":"https:\/\/cortesolda.com.br\/por\/wp-json\/wp\/v2\/product_cat?post=30121"},{"taxonomy":"product_tag","embeddable":true,"href":"https:\/\/cortesolda.com.br\/por\/wp-json\/wp\/v2\/product_tag?post=30121"}],"curies":[{"name":"wp","href":"https:\/\/api.w.org\/{rel}","templated":true}]}}