{"id":30134,"date":"2025-03-28T15:14:45","date_gmt":"2025-03-28T07:14:45","guid":{"rendered":"https:\/\/hotpink-lyrebird-701956.hostingersite.com\/?post_type=product&#038;p=30134"},"modified":"2025-07-08T21:34:31","modified_gmt":"2025-07-08T13:34:31","slug":"extrusora-recuperadora-maquina-de-reciclagem-de-plastico","status":"publish","type":"product","link":"https:\/\/cortesolda.com.br\/por\/extrusora-recuperadora-maquina-de-reciclagem-de-plastico","title":{"rendered":"Pelotiza\u00e7\u00e3o de pl\u00e1sticos resfriamento de \u00e1gua"},"content":{"rendered":"<div id=\"tab-desc\" class=\"tab-pane active\" role=\"tabpanel\">\n<div class=\"ProductAttr\">\n<div class=\"ProductAttrItem\">\n<div class=\"ProductAttr-title\" data-rm-block-id=\"block-1\">Pelotiza\u00e7\u00e3o de pl\u00e1sticos resfriamento de \u00e1gua<\/div>\n<\/div>\n<\/div>\n<div class=\"product-tab-desc\">\n<p data-rm-block-id=\"block-2\">Terno Extrusora Recuperadora de pl\u00e1stico resfriamento de \u00e1gua para reciclar produtos pl\u00e1sticos, como hdpe, ldpe e \u200b\u200bpp, etc.<br \/>\ncontrole de velocidade da m\u00e1quina de reciclagem de pl\u00e1stico por inversor, economize energia.<br \/>\n<strong>Caracter\u00edstica:<\/strong><\/p>\n<ol>\n<li data-rm-block-id=\"block-3\"><strong>PEBD, PEAD, PEBD<\/strong><strong>,Material PP<\/strong><\/li>\n<li data-rm-block-id=\"block-4\"><strong>Formas de materiais: filme, saco e floco.<\/strong><\/li>\n<li data-rm-block-id=\"block-5\"><strong>velocidade da extrusora de controle do inversor, economize energia<\/strong><strong>,E<\/strong><strong>CO<\/strong><strong>e<\/strong><strong>economizar custos<\/strong><strong>.<\/strong><\/li>\n<li data-rm-block-id=\"block-6\"><strong>extrusora<\/strong><strong>, unidade de pelotiza\u00e7\u00e3o, unidade de resfriamento de \u00e1gua<\/strong><\/li>\n<li data-rm-block-id=\"block-7\"><strong>A garantia \u00e9 de um ano, a m\u00e1quina pode funcionar sem parar, 24 horas por dia, 7 dias por semana<\/strong><\/li>\n<li data-rm-block-id=\"block-8\"><strong>M\u00e1quina com design simples, f\u00e1cil de operar<\/strong><\/li>\n<li data-rm-block-id=\"block-9\"><strong>A m\u00e1quina \u00e9 um design econ\u00f4mico, adequado para novos iniciantes ou iniciantes<\/strong><\/li>\n<li data-rm-block-id=\"block-10\"><strong>Pot\u00eancia da m\u00e1quina 220V,380V,440V,480V (Personalizado com base no pedido)<\/strong><\/li>\n<li data-rm-block-id=\"block-11\"><strong>Oferecer servi\u00e7o p\u00f3s-venda, pode enviar engenheiro para a f\u00e1brica do comprador, para instalar a m\u00e1quina e pagar o servi\u00e7o de treinamento.<\/strong><\/li>\n<li data-rm-block-id=\"block-12\"><strong>C<\/strong><strong>e s\u00e3o clientes bem-vindos<\/strong><strong>M\u00e1quinas personalizadas<\/strong><strong>ou projeto OEM.<\/strong><\/li>\n<\/ol>\n<div id=\"attachment_30816\" style=\"width: 421px\" class=\"wp-caption alignnone\"><img fetchpriority=\"high\" decoding=\"async\" aria-describedby=\"caption-attachment-30816\" class=\" wp-image-30816\" src=\"https:\/\/cortesolda.com.br\/por\/wp-content\/uploads\/2025\/03\/Extrusora-Recuperadora-de-plastico-resfriamento-de-agua.webp\" alt=\"Extrusora Recuperadora de pl\u00e1stico resfriamento de \u00e1gua\" width=\"411\" height=\"411\" srcset=\"https:\/\/cortesolda.com.br\/por\/wp-content\/uploads\/2025\/03\/Extrusora-Recuperadora-de-plastico-resfriamento-de-agua.webp 497w, https:\/\/cortesolda.com.br\/por\/wp-content\/uploads\/2025\/03\/Extrusora-Recuperadora-de-plastico-resfriamento-de-agua-300x300.webp 300w, https:\/\/cortesolda.com.br\/por\/wp-content\/uploads\/2025\/03\/Extrusora-Recuperadora-de-plastico-resfriamento-de-agua-150x150.webp 150w, https:\/\/cortesolda.com.br\/por\/wp-content\/uploads\/2025\/03\/Extrusora-Recuperadora-de-plastico-resfriamento-de-agua-430x430.webp 430w\" sizes=\"(max-width: 411px) 100vw, 411px\" \/><p id=\"caption-attachment-30816\" class=\"wp-caption-text\"><span style=\"font-size: 16px;\">Principais Vari\u00e1veis \u200b\u200bT\u00e9cnicas:<\/span><\/p><\/div>\n<table style=\"height: 507px;\" width=\"885\">\n<tbody>\n<tr>\n<td width=\"21.5200%\" data-rm-block-id=\"block-13\">Modelo<\/td>\n<td width=\"20.5000%\" data-rm-block-id=\"block-14\">SJ-90<\/td>\n<td width=\"18.1200%\" data-rm-block-id=\"block-15\">SJ-100<\/td>\n<td data-rm-block-id=\"block-16\">SJ-110<\/td>\n<td width=\"18.1200%\" data-rm-block-id=\"block-17\">SJ-120<\/td>\n<\/tr>\n<tr>\n<td width=\"21.5200%\" data-rm-block-id=\"block-18\">Tipo Di\u00e2metro da Haste do Parafuso<\/td>\n<td width=\"20.5000%\" data-rm-block-id=\"block-19\">\u03c690<\/td>\n<td width=\"18.1200%\" data-rm-block-id=\"block-20\">\u03c6100<\/td>\n<td data-rm-block-id=\"block-21\">\u03c6110<\/td>\n<td width=\"18.1200%\" data-rm-block-id=\"block-22\">\u03c6120<\/td>\n<\/tr>\n<tr>\n<td width=\"21.5200%\" data-rm-block-id=\"block-23\">Rela\u00e7\u00e3o do di\u00e2metro principal da haste do parafuso<\/td>\n<td width=\"20.5000%\" data-rm-block-id=\"block-24\">L\/D 20\uff1a1 -22\uff1a1<\/td>\n<td width=\"18.1200%\" data-rm-block-id=\"block-25\">L\/D 20\uff1a1 -22\uff1a1<\/td>\n<td data-rm-block-id=\"block-26\">L\/D 20\uff1a1 -22\uff1a1<\/td>\n<td width=\"18.1200%\" data-rm-block-id=\"block-27\">L\/D 20\uff1a1 -22\uff1a1<\/td>\n<\/tr>\n<tr>\n<td width=\"21.5200%\" data-rm-block-id=\"block-28\">Velocidade Racional da Haste do Parafuso<\/td>\n<td width=\"20.5000%\" data-rm-block-id=\"block-29\">10-100r\/min<\/td>\n<td width=\"18.1200%\" data-rm-block-id=\"block-30\">10-100r\/min<\/td>\n<td data-rm-block-id=\"block-31\">10-100r\/min<\/td>\n<td width=\"18.1200%\" data-rm-block-id=\"block-32\">10-100r\/min<\/td>\n<\/tr>\n<tr>\n<td width=\"21.5200%\" data-rm-block-id=\"block-33\">Pot\u00eancia do motor principal<\/td>\n<td width=\"20.5000%\" data-rm-block-id=\"block-34\">22kw<\/td>\n<td width=\"18.1200%\" data-rm-block-id=\"block-35\">30kw<\/td>\n<td data-rm-block-id=\"block-36\">37kw<\/td>\n<td width=\"18.1200%\" data-rm-block-id=\"block-37\">45kw<\/td>\n<\/tr>\n<tr>\n<td width=\"21.5200%\" data-rm-block-id=\"block-38\">Resultado<\/td>\n<td width=\"20.5000%\" data-rm-block-id=\"block-39\">68kg\/h<\/td>\n<td width=\"18.1200%\" data-rm-block-id=\"block-40\">95kg\/h<\/td>\n<td data-rm-block-id=\"block-41\">120kg\/h<\/td>\n<td width=\"18.1200%\" data-rm-block-id=\"block-42\">135kg\/h<\/td>\n<\/tr>\n<tr>\n<td width=\"21.5200%\" data-rm-block-id=\"block-43\">Peso total (kg)<\/td>\n<td width=\"20.5000%\" data-rm-block-id=\"block-44\">2600kg<\/td>\n<td width=\"18.1200%\" data-rm-block-id=\"block-45\">2800kg<\/td>\n<td data-rm-block-id=\"block-46\">3000kg<\/td>\n<td width=\"18.1200%\" data-rm-block-id=\"block-47\">3200kg<\/td>\n<\/tr>\n<tr>\n<td width=\"21.5200%\" data-rm-block-id=\"block-48\">Dimens\u00f5es da tampa (l\u00d7l\u00d7h) (mm)<\/td>\n<td width=\"20.5000%\" data-rm-block-id=\"block-49\">4000\u00d71500\u00d71800<\/td>\n<td width=\"18.1200%\" data-rm-block-id=\"block-50\">4000\u00d71500\u00d71800<\/td>\n<td data-rm-block-id=\"block-51\">4000\u00d71500\u00d71800<\/td>\n<td width=\"18.1200%\" data-rm-block-id=\"block-52\">4000\u00d71500\u00d71800<\/td>\n<\/tr>\n<tr>\n<td width=\"21.5200%\" data-rm-block-id=\"block-53\">Tens\u00e3o de Energia<\/td>\n<td colspan=\"4\" width=\"78.0800%\" data-rm-block-id=\"block-54\">220V,380V,440V,480V (Personalizado com base no pedido)<\/td>\n<\/tr>\n<tr>\n<td width=\"21.5200%\" data-rm-block-id=\"block-55\">Tempo de trabalho da m\u00e1quina<\/td>\n<td colspan=\"4\" width=\"78.0800%\" data-rm-block-id=\"block-56\">24 horas * 7 dias<\/td>\n<\/tr>\n<tr>\n<td width=\"21.5200%\" data-rm-block-id=\"block-57\">garantia<\/td>\n<td colspan=\"4\" width=\"78.0800%\" data-rm-block-id=\"block-58\">1 ano<\/td>\n<\/tr>\n<tr>\n<td width=\"21.5200%\" data-rm-block-id=\"block-59\">Assist\u00eancia t\u00e9cnica<\/td>\n<td colspan=\"4\" width=\"78.0800%\" data-rm-block-id=\"block-60\">Engenheiros dispon\u00edveis para atender m\u00e1quinas no exterior<\/td>\n<\/tr>\n<\/tbody>\n<\/table>\n<p data-rm-block-id=\"block-61\">\u203bAs especifica\u00e7\u00f5es corretas dependem do modelo real.Todas as especifica\u00e7\u00f5es est\u00e3o sujeitas a altera\u00e7\u00f5es sem aviso pr\u00e9vio.<\/p>\n<div class=\"product-tab-desc\">\n<div id=\"attachment_29719\" class=\"wp-caption alignnone\" data-rm-block-id=\"block-62\">\n<div id=\"attachment_30682\" class=\"wp-caption alignnone\" style=\"width: 448px;\">\n<p data-rm-block-id=\"block-62\">Extrusora Recuperadora de Pl\u00e1stico<\/p>\n<p data-rm-block-id=\"block-63\"><img decoding=\"async\" class=\" wp-image-30778\" src=\"https:\/\/cortesolda.com.br\/por\/wp-content\/uploads\/2025\/03\/Extrusora-Recuperadora-de-plastico.webp\" alt=\"Extrusora Recuperadora de pl\u00e1stico\" width=\"448\" height=\"448\" srcset=\"https:\/\/cortesolda.com.br\/por\/wp-content\/uploads\/2025\/03\/Extrusora-Recuperadora-de-plastico.webp 497w, https:\/\/cortesolda.com.br\/por\/wp-content\/uploads\/2025\/03\/Extrusora-Recuperadora-de-plastico-300x300.webp 300w, https:\/\/cortesolda.com.br\/por\/wp-content\/uploads\/2025\/03\/Extrusora-Recuperadora-de-plastico-150x150.webp 150w, https:\/\/cortesolda.com.br\/por\/wp-content\/uploads\/2025\/03\/Extrusora-Recuperadora-de-plastico-430x430.webp 430w\" sizes=\"(max-width: 448px) 100vw, 448px\" \/><\/p>\n<p data-rm-block-id=\"block-64\">Extrusora Recuperadora de Pl\u00e1stico<\/p>\n<div id=\"attachment_30777\" style=\"width: 462px\" class=\"wp-caption alignnone\"><img decoding=\"async\" aria-describedby=\"caption-attachment-30777\" class=\" wp-image-30777\" src=\"https:\/\/cortesolda.com.br\/por\/wp-content\/uploads\/2025\/03\/Extrusora-Recuperadora-de-plasticos-PE.webp\" alt=\"Extrusora Recuperadora de pl\u00e1sticos PE\" width=\"452\" height=\"452\" srcset=\"https:\/\/cortesolda.com.br\/por\/wp-content\/uploads\/2025\/03\/Extrusora-Recuperadora-de-plasticos-PE.webp 497w, https:\/\/cortesolda.com.br\/por\/wp-content\/uploads\/2025\/03\/Extrusora-Recuperadora-de-plasticos-PE-300x300.webp 300w, https:\/\/cortesolda.com.br\/por\/wp-content\/uploads\/2025\/03\/Extrusora-Recuperadora-de-plasticos-PE-150x150.webp 150w, https:\/\/cortesolda.com.br\/por\/wp-content\/uploads\/2025\/03\/Extrusora-Recuperadora-de-plasticos-PE-430x430.webp 430w\" sizes=\"(max-width: 452px) 100vw, 452px\" \/><p id=\"caption-attachment-30777\" class=\"wp-caption-text\"><span style=\"font-size: 16px;\">instalar m\u00e1quina de filme stretch na f\u00e1brica do cliente.<\/span><\/p><\/div>\n<div id=\"attachment_30768\" style=\"width: 459px\" class=\"wp-caption alignnone\"><img loading=\"lazy\" decoding=\"async\" aria-describedby=\"caption-attachment-30768\" class=\" wp-image-30768\" src=\"https:\/\/cortesolda.com.br\/por\/wp-content\/uploads\/2025\/03\/instalar-maquina-de-filme-stretch-na-fabrica-do-clientes.jpg\" alt=\"instalar m\u00e1quina de filme stretch na f\u00e1brica do cliente.\" width=\"449\" height=\"449\" srcset=\"https:\/\/cortesolda.com.br\/por\/wp-content\/uploads\/2025\/03\/instalar-maquina-de-filme-stretch-na-fabrica-do-clientes.jpg 468w, https:\/\/cortesolda.com.br\/por\/wp-content\/uploads\/2025\/03\/instalar-maquina-de-filme-stretch-na-fabrica-do-clientes-300x300.jpg 300w, https:\/\/cortesolda.com.br\/por\/wp-content\/uploads\/2025\/03\/instalar-maquina-de-filme-stretch-na-fabrica-do-clientes-150x150.jpg 150w, https:\/\/cortesolda.com.br\/por\/wp-content\/uploads\/2025\/03\/instalar-maquina-de-filme-stretch-na-fabrica-do-clientes-430x430.jpg 430w\" sizes=\"(max-width: 449px) 100vw, 449px\" \/><p id=\"caption-attachment-30768\" class=\"wp-caption-text\"><span style=\"font-size: 16px;\">Nosso principal parceiro de pe\u00e7as \u00e9 a seguinte marca, mas as pe\u00e7as padr\u00e3o s\u00e3o todas fabricadas na China.<\/span><\/p><\/div>\n<div class=\"product-tab-desc\">\n<div id=\"attachment_30678\" class=\"wp-caption alignnone\" style=\"width: 446px;\">\n<p data-rm-block-id=\"block-65\"><img loading=\"lazy\" decoding=\"async\" class=\" wp-image-30678\" src=\"https:\/\/cortesolda.com.br\/por\/wp-content\/uploads\/2025\/03\/Nosso-principal-parceiro-de-pecas-e-a-seguinte-marca.jpg\" sizes=\"(max-width: 465px) 100vw, 465px\" srcset=\"https:\/\/cortesolda.com.br\/por\/wp-content\/uploads\/2025\/03\/Nosso-principal-parceiro-de-pecas-e-a-seguinte-marca.jpg 875w, https:\/\/cortesolda.com.br\/por\/wp-content\/uploads\/2025\/03\/Nosso-principal-parceiro-de-pecas-e-a-seguinte-marca-400x230.jpg 400w, https:\/\/cortesolda.com.br\/por\/wp-content\/uploads\/2025\/03\/Nosso-principal-parceiro-de-pecas-e-a-seguinte-marca-768x442.jpg 768w, https:\/\/cortesolda.com.br\/por\/wp-content\/uploads\/2025\/03\/Nosso-principal-parceiro-de-pecas-e-a-seguinte-marca-430x248.jpg 430w, https:\/\/cortesolda.com.br\/por\/wp-content\/uploads\/2025\/03\/Nosso-principal-parceiro-de-pecas-e-a-seguinte-marca-700x403.jpg 700w, https:\/\/cortesolda.com.br\/por\/wp-content\/uploads\/2025\/03\/Nosso-principal-parceiro-de-pecas-e-a-seguinte-marca-150x86.jpg 150w\" alt=\"Nosso principal parceiro de pe\u00e7as \u00e9 a seguinte marca\" width=\"446\" height=\"257\" aria-describedby=\"caption-attachment-30678\" \/><\/p>\n<p id=\"caption-attachment-30678\" class=\"wp-caption-text\" data-rm-block-id=\"block-66\">Fornecedores de mat\u00e9ria-prima de polietileno<\/p>\n<\/div>\n<\/div>\n<div id=\"attachment_30728\" class=\"wp-caption alignnone\" style=\"width: 442px;\">\n<p data-rm-block-id=\"block-67\"><img loading=\"lazy\" decoding=\"async\" class=\" wp-image-30728\" src=\"https:\/\/cortesolda.com.br\/por\/wp-content\/uploads\/2025\/03\/Fornecedores-de-materia-prima-de-polietileno.jpg\" sizes=\"(max-width: 400px) 100vw, 400px\" srcset=\"https:\/\/cortesolda.com.br\/por\/wp-content\/uploads\/2025\/03\/Fornecedores-de-materia-prima-de-polietileno.jpg 400w, https:\/\/cortesolda.com.br\/por\/wp-content\/uploads\/2025\/03\/Fornecedores-de-materia-prima-de-polietileno-300x300.jpg 300w, https:\/\/cortesolda.com.br\/por\/wp-content\/uploads\/2025\/03\/Fornecedores-de-materia-prima-de-polietileno-150x150.jpg 150w\" alt=\"Fornecedores de mat\u00e9ria prima de polietileno\" width=\"442\" height=\"442\" aria-describedby=\"caption-attachment-30728\" \/><\/p>\n<p id=\"caption-attachment-30728\" class=\"wp-caption-text\" data-rm-block-id=\"block-68\">f\u00e1brica do cliente<\/p>\n<\/div>\n<div class=\"product-tab-desc\">\n<div id=\"attachment_29712\" class=\"wp-caption alignnone\" data-rm-block-id=\"block-60\">\n<div id=\"attachment_30680\" class=\"wp-caption alignnone\" style=\"width: 450px;\">\n<p data-rm-block-id=\"block-69\"><img loading=\"lazy\" decoding=\"async\" class=\" wp-image-30680\" src=\"https:\/\/cortesolda.com.br\/por\/wp-content\/uploads\/2025\/03\/fornecedor-de-pecas-plasticas-para-maquinas.webp\" sizes=\"(max-width: 466px) 100vw, 466px\" srcset=\"https:\/\/cortesolda.com.br\/por\/wp-content\/uploads\/2025\/03\/fornecedor-de-pecas-plasticas-para-maquinas.webp 497w, https:\/\/cortesolda.com.br\/por\/wp-content\/uploads\/2025\/03\/fornecedor-de-pecas-plasticas-para-maquinas-300x300.webp 300w, https:\/\/cortesolda.com.br\/por\/wp-content\/uploads\/2025\/03\/fornecedor-de-pecas-plasticas-para-maquinas-150x150.webp 150w, https:\/\/cortesolda.com.br\/por\/wp-content\/uploads\/2025\/03\/fornecedor-de-pecas-plasticas-para-maquinas-430x430.webp 430w\" alt=\"fornecedor de pe\u00e7as pl\u00e1sticas para m\u00e1quinas\" width=\"450\" height=\"450\" aria-describedby=\"caption-attachment-30680\" \/><\/p>\n<p id=\"caption-attachment-30680\" class=\"wp-caption-text\" data-rm-block-id=\"block-70\">f\u00e1brica do cliente<\/p>\n<\/div>\n<\/div>\n<div id=\"attachment_29712\" class=\"wp-caption alignnone\" data-rm-block-id=\"block-61\">\n<div id=\"attachment_30681\" class=\"wp-caption alignnone\" style=\"width: 455px;\">\n<p data-rm-block-id=\"block-71\"><img loading=\"lazy\" decoding=\"async\" class=\" wp-image-30681\" src=\"https:\/\/cortesolda.com.br\/por\/wp-content\/uploads\/2025\/03\/fabrica-do-cliente.webp\" sizes=\"(max-width: 467px) 100vw, 467px\" srcset=\"https:\/\/cortesolda.com.br\/por\/wp-content\/uploads\/2025\/03\/fabrica-do-cliente.webp 467w, https:\/\/cortesolda.com.br\/por\/wp-content\/uploads\/2025\/03\/fabrica-do-cliente-296x300.webp 296w, https:\/\/cortesolda.com.br\/por\/wp-content\/uploads\/2025\/03\/fabrica-do-cliente-430x436.webp 430w, https:\/\/cortesolda.com.br\/por\/wp-content\/uploads\/2025\/03\/fabrica-do-cliente-150x152.webp 150w\" alt=\"f\u00e1brica do cliente \" width=\"455\" height=\"462\" aria-describedby=\"caption-attachment-30681\" \/><\/p>\n<p id=\"caption-attachment-30681\" class=\"wp-caption-text\" data-rm-block-id=\"block-72\">m\u00e1quinas exportadas para todo o mundo.<\/p>\n<\/div>\n<\/div>\n<div id=\"attachment_29719\" class=\"wp-caption alignnone\" data-rm-block-id=\"block-62\">\n<div id=\"attachment_30682\" class=\"wp-caption alignnone\" style=\"width: 450px;\">\n<p data-rm-block-id=\"block-73\"><img loading=\"lazy\" decoding=\"async\" class=\" wp-image-30682\" src=\"https:\/\/cortesolda.com.br\/por\/wp-content\/uploads\/2025\/03\/maquinas-exportadas-para-todo-o-mundo.webp\" sizes=\"(max-width: 468px) 100vw, 468px\" srcset=\"https:\/\/cortesolda.com.br\/por\/wp-content\/uploads\/2025\/03\/maquinas-exportadas-para-todo-o-mundo.webp 800w, https:\/\/cortesolda.com.br\/por\/wp-content\/uploads\/2025\/03\/maquinas-exportadas-para-todo-o-mundo-400x202.webp 400w, https:\/\/cortesolda.com.br\/por\/wp-content\/uploads\/2025\/03\/maquinas-exportadas-para-todo-o-mundo-768x387.webp 768w, https:\/\/cortesolda.com.br\/por\/wp-content\/uploads\/2025\/03\/maquinas-exportadas-para-todo-o-mundo-430x217.webp 430w, https:\/\/cortesolda.com.br\/por\/wp-content\/uploads\/2025\/03\/maquinas-exportadas-para-todo-o-mundo-700x353.webp 700w, https:\/\/cortesolda.com.br\/por\/wp-content\/uploads\/2025\/03\/maquinas-exportadas-para-todo-o-mundo-150x76.webp 150w\" alt=\"m\u00e1quinas exportadas para todo o mundo.\" width=\"450\" height=\"227\" aria-describedby=\"caption-attachment-30682\" \/><\/p>\n<p id=\"caption-attachment-30682\" class=\"wp-caption-text\" data-rm-block-id=\"block-74\">Processo de produ\u00e7\u00e3o de sacolas pl\u00e1sticas<\/p>\n<\/div>\n<\/div>\n<div id=\"attachment_29720\" class=\"wp-caption alignnone\" style=\"width: 453px;\">\n<p data-rm-block-id=\"block-75\"><img loading=\"lazy\" decoding=\"async\" class=\" wp-image-30683\" src=\"https:\/\/cortesolda.com.br\/por\/wp-content\/uploads\/2025\/03\/Processo-de-producao-de-sacolas-plasticas.webp\" sizes=\"(max-width: 467px) 100vw, 467px\" srcset=\"https:\/\/cortesolda.com.br\/por\/wp-content\/uploads\/2025\/03\/Processo-de-producao-de-sacolas-plasticas.webp 1038w, https:\/\/cortesolda.com.br\/por\/wp-content\/uploads\/2025\/03\/Processo-de-producao-de-sacolas-plasticas-315x300.webp 315w, https:\/\/cortesolda.com.br\/por\/wp-content\/uploads\/2025\/03\/Processo-de-producao-de-sacolas-plasticas-840x800.webp 840w, https:\/\/cortesolda.com.br\/por\/wp-content\/uploads\/2025\/03\/Processo-de-producao-de-sacolas-plasticas-768x732.webp 768w, https:\/\/cortesolda.com.br\/por\/wp-content\/uploads\/2025\/03\/Processo-de-producao-de-sacolas-plasticas-430x410.webp 430w, https:\/\/cortesolda.com.br\/por\/wp-content\/uploads\/2025\/03\/Processo-de-producao-de-sacolas-plasticas-700x667.webp 700w, https:\/\/cortesolda.com.br\/por\/wp-content\/uploads\/2025\/03\/Processo-de-producao-de-sacolas-plasticas-150x143.webp 150w\" alt=\"Processo de produ\u00e7\u00e3o de sacolas pl\u00e1sticas\" width=\"453\" height=\"432\" \/><\/p>\n<\/div>\n<\/div>\n<\/div>\n<\/div>\n<\/div>\n<\/div>\n<\/div>\n","protected":false},"excerpt":{"rendered":"<p>Pelotiza\u00e7\u00e3o de pl\u00e1st<\/p>\n","protected":false},"featured_media":30128,"comment_status":"closed","ping_status":"closed","template":"","meta":{"_acf_changed":false,"_oss_video_url":""},"product_brand":[],"product_cat":[78],"product_tag":[],"class_list":{"0":"post-30134","1":"product","2":"type-product","3":"status-publish","4":"has-post-thumbnail","6":"product_cat-maquina-para-reciclagem","8":"first","9":"instock","10":"shipping-taxable","11":"product-type-simple"},"acf":[],"_links":{"self":[{"href":"https:\/\/cortesolda.com.br\/por\/wp-json\/wp\/v2\/product\/30134","targetHints":{"allow":["GET"]}}],"collection":[{"href":"https:\/\/cortesolda.com.br\/por\/wp-json\/wp\/v2\/product"}],"about":[{"href":"https:\/\/cortesolda.com.br\/por\/wp-json\/wp\/v2\/types\/product"}],"replies":[{"embeddable":true,"href":"https:\/\/cortesolda.com.br\/por\/wp-json\/wp\/v2\/comments?post=30134"}],"version-history":[{"count":0,"href":"https:\/\/cortesolda.com.br\/por\/wp-json\/wp\/v2\/product\/30134\/revisions"}],"wp:featuredmedia":[{"embeddable":true,"href":"https:\/\/cortesolda.com.br\/por\/wp-json\/wp\/v2\/media\/30128"}],"wp:attachment":[{"href":"https:\/\/cortesolda.com.br\/por\/wp-json\/wp\/v2\/media?parent=30134"}],"wp:term":[{"taxonomy":"product_brand","embeddable":true,"href":"https:\/\/cortesolda.com.br\/por\/wp-json\/wp\/v2\/product_brand?post=30134"},{"taxonomy":"product_cat","embeddable":true,"href":"https:\/\/cortesolda.com.br\/por\/wp-json\/wp\/v2\/product_cat?post=30134"},{"taxonomy":"product_tag","embeddable":true,"href":"https:\/\/cortesolda.com.br\/por\/wp-json\/wp\/v2\/product_tag?post=30134"}],"curies":[{"name":"wp","href":"https:\/\/api.w.org\/{rel}","templated":true}]}}