{"id":30136,"date":"2025-03-28T15:16:01","date_gmt":"2025-03-28T07:16:01","guid":{"rendered":"https:\/\/hotpink-lyrebird-701956.hostingersite.com\/?post_type=product&#038;p=30136"},"modified":"2025-03-29T14:09:40","modified_gmt":"2025-03-29T06:09:40","slug":"v-bottom-paper-bag-machine","status":"publish","type":"product","link":"https:\/\/cortesolda.com.br\/por\/v-bottom-paper-bag-machine.html","title":{"rendered":"M\u00e1quina de saco de papel com fundo em V"},"content":{"rendered":"<div id=\"tab-desc\" class=\"tab-pane active\" role=\"tabpanel\">\n<div class=\"ProductAttr\">\n<div class=\"ProductAttrItem\">\n<div class=\"ProductAttr-title\">cor<\/div>\n<div class=\"ProductAttr-text\">vermelho, azul, amarelo<\/div>\n<\/div>\n<\/div>\n<div class=\"product-tab-desc\">\n<p><strong>Propriedades e usos:<\/strong><\/p>\n<p>Esta m\u00e1quina \u00e9 usada para papel de cor prim\u00e1ria ou papel web impresso.\u00c9 usado para fazer sacos de papel com fundo pontiagudo de uma s\u00f3 vez.<\/p>\n<p>A m\u00e1quina pode ser usada em v\u00e1rios sacos de papel com alta velocidade e efici\u00eancia.\u00c9 um equipamento ideal para a produ\u00e7\u00e3o de sacos de papel.<\/p>\n<p>Esta m\u00e1quina \u00e9 composta de alimenta\u00e7\u00e3o de tambor (alimenta\u00e7\u00e3o pneum\u00e1tica, corre\u00e7\u00e3o autom\u00e1tica de desvio, ajuste de tens\u00e3o), colagem lateral, rastreamento de olho el\u00e9trico de papel de impress\u00e3o,<\/p>\n<p>papel de base em cilindro, corte de desenho de comprimento fixo, abertura de recuo do fundo do saco, forma\u00e7\u00e3o de colagem do fundo do saco, acabamento do saco e assim por diante.<\/p>\n<p>A m\u00e1quina inteira \u00e9 controlada centralmente pela tela de toque do PLC e o servo motor controla o comprimento do saco de papel.<\/p>\n<p><img decoding=\"async\" src=\"https:\/\/shopic.mcmcclass.com\/20211228162434036101064.png?1640679874766\" width=\"500\" \/><\/p>\n<p><img decoding=\"async\" src=\"https:\/\/shopic.mcmcclass.com\/20211228162658840217701.png?1640680019592\" width=\"500\" \/><\/p>\n<p>Principais Vari\u00e1veis \u200b\u200bT\u00e9cnicas:<\/p>\n<div>\n<table>\n<tbody>\n<tr>\n<td width=\"276\">\u578b\u53f7 MODELO<\/td>\n<td width=\"147\">KDJD-400P<\/td>\n<\/tr>\n<tr>\n<td width=\"276\">\u7eb8\u888b\u957f\u5ea6 COMPRIMENTO DA BOLSA (L)<\/td>\n<td width=\"147\">120-420MM<\/td>\n<\/tr>\n<tr>\n<td width=\"276\">\u7eb8\u888b\u5bbd\u5ea6 LARGURA DO SACO (W)<\/td>\n<td width=\"147\">80-240MM<\/td>\n<\/tr>\n<tr>\n<td width=\"276\">\u63d2\u8fb9\u5bbd\u5ea6 INSERIR BORDA DE PAPEL (M)<\/td>\n<td width=\"147\">20-100mm (2M)<\/td>\n<\/tr>\n<tr>\n<td width=\"276\">\u673a\u5668\u901f\u5ea6 VELOCIDADE DA M\u00c1QUINA<\/td>\n<td width=\"147\">50-400 PCS\/MIN<\/td>\n<\/tr>\n<tr>\n<td width=\"276\">\u5377\u7b52\u7eb8\u653e\u6599\u5bbd\u5ea6 MAX PAPER ROLL WIDTH<\/td>\n<td width=\"147\">260-720MM<\/td>\n<\/tr>\n<tr>\n<td width=\"276\">\u7eb8\u5f20\u514b\u91cd PESO DE PAPEL<\/td>\n<td width=\"147\">40-80 G\/M\u00b2<\/td>\n<\/tr>\n<tr>\n<td width=\"276\">\u673a\u5668\u529f\u7387 MACHINE POWER<\/td>\n<td width=\"147\">6 KW<\/td>\n<\/tr>\n<tr>\n<td width=\"276\">\u5916\u5f62\u5c3a\u5bf8 DIMENS\u00c3O DO ESBO\u00c7O<\/td>\n<td width=\"147\">4400X1700X1600MM<\/td>\n<\/tr>\n<\/tbody>\n<\/table>\n<p>&nbsp;<\/p>\n<p><img decoding=\"async\" src=\"https:\/\/shopic.mcmcclass.com\/20211228163915058895776.png?1640680755842\" width=\"500\" \/><\/p>\n<p><img decoding=\"async\" src=\"https:\/\/shopic.mcmcclass.com\/20211228163733896371060.png?1640680654667\" width=\"500\" \/><\/p>\n<p><img fetchpriority=\"high\" decoding=\"async\" src=\"https:\/\/shopic.mcmcclass.com\/20211228163814163577687.png?1640680694954\" width=\"486\" height=\"340\" \/><\/p>\n<p><img decoding=\"async\" src=\"https:\/\/shopic.mcmcclass.com\/20211228162839653257797.png\" width=\"494\" height=\"376\" \/><\/p>\n<p><img decoding=\"async\" src=\"https:\/\/shopic.mcmcclass.com\/20211228162515527161831.png?1640679916383\" width=\"500\" \/><\/p>\n<p>Nosso cooperador de pe\u00e7as principais como marca a seguir, mas pe\u00e7as padr\u00e3o todas feitas da china.<\/p>\n<p><img decoding=\"async\" src=\"https:\/\/shopic.mcmcclass.com\/20211228135923616854212.png?1640671164178\" width=\"500\" \/><\/p>\n<p><img decoding=\"async\" src=\"https:\/\/shopic.mcmcclass.com\/20211228114923643729522.jpg\" alt=\"automatic-slitting-machine-9.jpg\" width=\"500\" \/><\/p>\n<\/div>\n<\/div>\n<\/div>\n","protected":false},"excerpt":{"rendered":"<p>cor vermelho, azul, <\/p>\n","protected":false},"featured_media":30138,"comment_status":"closed","ping_status":"closed","template":"","meta":{"_acf_changed":false,"_oss_video_url":""},"product_brand":[],"product_cat":[84],"product_tag":[],"class_list":{"0":"post-30136","1":"product","2":"type-product","3":"status-publish","4":"has-post-thumbnail","6":"product_cat-maquina-de-sacos-de-papel","8":"first","9":"instock","10":"shipping-taxable","11":"product-type-simple"},"acf":[],"_links":{"self":[{"href":"https:\/\/cortesolda.com.br\/por\/wp-json\/wp\/v2\/product\/30136","targetHints":{"allow":["GET"]}}],"collection":[{"href":"https:\/\/cortesolda.com.br\/por\/wp-json\/wp\/v2\/product"}],"about":[{"href":"https:\/\/cortesolda.com.br\/por\/wp-json\/wp\/v2\/types\/product"}],"replies":[{"embeddable":true,"href":"https:\/\/cortesolda.com.br\/por\/wp-json\/wp\/v2\/comments?post=30136"}],"version-history":[{"count":0,"href":"https:\/\/cortesolda.com.br\/por\/wp-json\/wp\/v2\/product\/30136\/revisions"}],"wp:featuredmedia":[{"embeddable":true,"href":"https:\/\/cortesolda.com.br\/por\/wp-json\/wp\/v2\/media\/30138"}],"wp:attachment":[{"href":"https:\/\/cortesolda.com.br\/por\/wp-json\/wp\/v2\/media?parent=30136"}],"wp:term":[{"taxonomy":"product_brand","embeddable":true,"href":"https:\/\/cortesolda.com.br\/por\/wp-json\/wp\/v2\/product_brand?post=30136"},{"taxonomy":"product_cat","embeddable":true,"href":"https:\/\/cortesolda.com.br\/por\/wp-json\/wp\/v2\/product_cat?post=30136"},{"taxonomy":"product_tag","embeddable":true,"href":"https:\/\/cortesolda.com.br\/por\/wp-json\/wp\/v2\/product_tag?post=30136"}],"curies":[{"name":"wp","href":"https:\/\/api.w.org\/{rel}","templated":true}]}}