{"id":30140,"date":"2025-03-28T15:17:37","date_gmt":"2025-03-28T07:17:37","guid":{"rendered":"https:\/\/hotpink-lyrebird-701956.hostingersite.com\/?post_type=product&#038;p=30140"},"modified":"2025-03-29T14:10:48","modified_gmt":"2025-03-29T06:10:48","slug":"full-automatic-high-speed-v-bottom-paper-bag-machine","status":"publish","type":"product","link":"https:\/\/cortesolda.com.br\/por\/full-automatic-high-speed-v-bottom-paper-bag-machine.html","title":{"rendered":"M\u00e1quina de saco de papel com fundo em V de alta velocidade totalmente autom\u00e1tica"},"content":{"rendered":"<div id=\"tab-desc\" class=\"tab-pane active\" role=\"tabpanel\">\n<div class=\"ProductAttr\">\n<div class=\"ProductAttrItem\">\n<div class=\"ProductAttr-title\">cor<\/div>\n<div class=\"ProductAttr-text\">vermelho, azul, amarelo<\/div>\n<\/div>\n<\/div>\n<div class=\"product-tab-desc\">\n<p>Esta m\u00e1quina \u00e9 utilizada para rolos de papel de cor prim\u00e1ria ou rolos de impress\u00e3o como papel kraft, papel brilhante, papel m\u00e9dico, etc. O processo de saco de papel consiste na descarga do rolo (alimenta\u00e7\u00e3o hidr\u00e1ulica, corre\u00e7\u00e3o autom\u00e1tica, tens\u00e3o constante), pun\u00e7\u00e3o, meio ) colagem de costura, rastreamento de c\u00f3digo de cores, mat\u00e9ria-prima em um cilindro, puxar e quebrar de comprimento fixo, colagem inferior, dobra inferior, o fundo do saco \u00e9 formado e o saco acabado \u00e9 terminado em uma \u00fanica vez Esta m\u00e1quina \u00e9 mais f\u00e1cil de operar, mais eficiente e mais est\u00e1vel.\u00c9 um equipamento ideal para a produ\u00e7\u00e3o de v\u00e1rios sacos de papel, sacos de p\u00e3o, sacos de salgadinhos, sacos de p\u00e3o, sacos de frutos secos e outros sacos de papel ecol\u00f3gicos.<\/p>\n<p><img decoding=\"async\" src=\"https:\/\/shopic.mcmcclass.com\/20211228163117906795930.png\" \/><\/p>\n<p>Principais Vari\u00e1veis \u200b\u200bT\u00e9cnicas:<\/p>\n<div>\n<table>\n<tbody>\n<tr>\n<td width=\"217\">Modelo<\/td>\n<td width=\"206\">KDJD-F270<\/td>\n<td width=\"206\">KDJD-F350<\/td>\n<\/tr>\n<tr>\n<td width=\"217\">Comprimento do saco de papel (L)<\/td>\n<td width=\"206\">100-445mm<\/td>\n<td width=\"206\">150-760mm<\/td>\n<\/tr>\n<tr>\n<td width=\"217\">Largura do saco de papel (W)<\/td>\n<td width=\"206\">80-270mm<\/td>\n<td width=\"206\">80-350mm<\/td>\n<\/tr>\n<tr>\n<td width=\"217\">Profundidade da aresta inserida (M)<\/td>\n<td width=\"206\">10-60mm<\/td>\n<td width=\"206\">10-60mm<\/td>\n<\/tr>\n<tr>\n<td width=\"217\">Altura do degrau (H)<\/td>\n<td width=\"206\">17 mm<\/td>\n<td width=\"206\">17 mm<\/td>\n<\/tr>\n<tr>\n<td width=\"217\">Velocidade do saco de papel<\/td>\n<td width=\"206\">50-500 pe\u00e7as\/min<\/td>\n<td width=\"206\">50-500 pe\u00e7as\/min<\/td>\n<\/tr>\n<tr>\n<td width=\"217\">Largura do rolo de papel<\/td>\n<td width=\"206\">220-810mm<\/td>\n<td width=\"206\">220-810mm<\/td>\n<\/tr>\n<tr>\n<td width=\"217\">M\u00e1x.Di\u00e2metro do rolo de papel<\/td>\n<td width=\"206\">\u03a61200mm<\/td>\n<td width=\"206\">\u03a61200mm<\/td>\n<\/tr>\n<tr>\n<td width=\"217\">Di\u00e2metro do n\u00facleo de papel interno<\/td>\n<td width=\"206\">\u03a676mm\uff083\u201d\uff09<\/td>\n<td width=\"206\">\u03a676mm\uff083\u201d\uff09<\/td>\n<\/tr>\n<tr>\n<td width=\"217\">Espessura do papel<\/td>\n<td width=\"206\">35-80g\/m\u00b2<\/td>\n<td width=\"206\">35-80g\/m\u00b2<\/td>\n<\/tr>\n<tr>\n<td width=\"217\">Fonte de ar de trabalho<\/td>\n<td width=\"206\">\u22650,12m\u00b3\/MIN\uff0c0,6MPa<\/td>\n<td width=\"206\">\u22650,12m\u00b3\/MIN\uff0c0,6MPa<\/td>\n<\/tr>\n<tr>\n<td width=\"217\">Poder total<\/td>\n<td width=\"206\">20kw, 380V trif\u00e1sico 50Hz<\/td>\n<td width=\"206\">20kw, 380V trif\u00e1sico 50Hz<\/td>\n<\/tr>\n<tr>\n<td width=\"217\">Peso<\/td>\n<td width=\"206\">5000kg<\/td>\n<td width=\"206\">5000kg<\/td>\n<\/tr>\n<tr>\n<td width=\"217\">Tamanho da m\u00e1quina<\/td>\n<td width=\"206\">7100x2050x1850mm<\/td>\n<td width=\"206\">7100x2150x1850mm<\/td>\n<\/tr>\n<\/tbody>\n<\/table>\n<p><img decoding=\"async\" src=\"https:\/\/shopic.mcmcclass.com\/20211228163328940860828.png?1640680410182\" width=\"500\" \/><\/p>\n<p><img decoding=\"async\" src=\"https:\/\/shopic.mcmcclass.com\/20211228163300604648370.png?1640680381360\" width=\"500\" \/><\/p>\n<p><img decoding=\"async\" src=\"https:\/\/shopic.mcmcclass.com\/20211228163359572915086.png\" \/><\/p>\n<p>Nosso cooperador de pe\u00e7as principais como marca a seguir, mas pe\u00e7as padr\u00e3o todas feitas da china.<\/p>\n<p><img decoding=\"async\" src=\"https:\/\/shopic.mcmcclass.com\/20211228135923616854212.png?1640671164178\" width=\"500\" \/><\/p>\n<p><img decoding=\"async\" src=\"https:\/\/shopic.mcmcclass.com\/20211228114923643729522.jpg\" alt=\"automatic-slitting-machine-9.jpg\" width=\"500\" \/><\/p>\n<\/div>\n<\/div>\n<\/div>\n","protected":false},"excerpt":{"rendered":"<p>cor vermelho, azul, <\/p>\n","protected":false},"featured_media":30142,"comment_status":"closed","ping_status":"closed","template":"","meta":{"_acf_changed":false,"_oss_video_url":""},"product_brand":[],"product_cat":[84],"product_tag":[],"class_list":{"0":"post-30140","1":"product","2":"type-product","3":"status-publish","4":"has-post-thumbnail","6":"product_cat-maquina-de-sacos-de-papel","8":"first","9":"instock","10":"shipping-taxable","11":"product-type-simple"},"acf":[],"_links":{"self":[{"href":"https:\/\/cortesolda.com.br\/por\/wp-json\/wp\/v2\/product\/30140","targetHints":{"allow":["GET"]}}],"collection":[{"href":"https:\/\/cortesolda.com.br\/por\/wp-json\/wp\/v2\/product"}],"about":[{"href":"https:\/\/cortesolda.com.br\/por\/wp-json\/wp\/v2\/types\/product"}],"replies":[{"embeddable":true,"href":"https:\/\/cortesolda.com.br\/por\/wp-json\/wp\/v2\/comments?post=30140"}],"version-history":[{"count":0,"href":"https:\/\/cortesolda.com.br\/por\/wp-json\/wp\/v2\/product\/30140\/revisions"}],"wp:featuredmedia":[{"embeddable":true,"href":"https:\/\/cortesolda.com.br\/por\/wp-json\/wp\/v2\/media\/30142"}],"wp:attachment":[{"href":"https:\/\/cortesolda.com.br\/por\/wp-json\/wp\/v2\/media?parent=30140"}],"wp:term":[{"taxonomy":"product_brand","embeddable":true,"href":"https:\/\/cortesolda.com.br\/por\/wp-json\/wp\/v2\/product_brand?post=30140"},{"taxonomy":"product_cat","embeddable":true,"href":"https:\/\/cortesolda.com.br\/por\/wp-json\/wp\/v2\/product_cat?post=30140"},{"taxonomy":"product_tag","embeddable":true,"href":"https:\/\/cortesolda.com.br\/por\/wp-json\/wp\/v2\/product_tag?post=30140"}],"curies":[{"name":"wp","href":"https:\/\/api.w.org\/{rel}","templated":true}]}}