{"id":30167,"date":"2025-03-28T15:26:19","date_gmt":"2025-03-28T07:26:19","guid":{"rendered":"https:\/\/hotpink-lyrebird-701956.hostingersite.com\/?post_type=product&#038;p=30167"},"modified":"2025-07-07T00:01:37","modified_gmt":"2025-07-06T16:01:37","slug":"maquina-de-impressao-em-rotogravura-2","status":"publish","type":"product","link":"https:\/\/cortesolda.com.br\/por\/maquina-de-impressao-em-rotogravura","title":{"rendered":"Impressora de rotogravura"},"content":{"rendered":"<div id=\"tab-desc\" class=\"tab-pane active\" role=\"tabpanel\">\n<div class=\"ProductAttr\">\n<div class=\"ProductAttrItem\">\n<div class=\"ProductAttr-title\">\n<p data-rm-block-id=\"block-1\"><strong>impressora de rotogravura<\/strong><\/p>\n<div id=\"attachment_30837\" style=\"width: 477px\" class=\"wp-caption alignnone\"><img fetchpriority=\"high\" decoding=\"async\" aria-describedby=\"caption-attachment-30837\" class=\" wp-image-30837\" src=\"https:\/\/cortesolda.com.br\/por\/wp-content\/uploads\/2025\/03\/BOPP-filme.jpg\" alt=\"BOPP filme\" width=\"467\" height=\"277\" srcset=\"https:\/\/cortesolda.com.br\/por\/wp-content\/uploads\/2025\/03\/BOPP-filme.jpg 1121w, https:\/\/cortesolda.com.br\/por\/wp-content\/uploads\/2025\/03\/BOPP-filme-400x237.jpg 400w, https:\/\/cortesolda.com.br\/por\/wp-content\/uploads\/2025\/03\/BOPP-filme-768x456.jpg 768w, https:\/\/cortesolda.com.br\/por\/wp-content\/uploads\/2025\/03\/BOPP-filme-430x255.jpg 430w, https:\/\/cortesolda.com.br\/por\/wp-content\/uploads\/2025\/03\/BOPP-filme-700x415.jpg 700w, https:\/\/cortesolda.com.br\/por\/wp-content\/uploads\/2025\/03\/BOPP-filme-150x89.jpg 150w\" sizes=\"(max-width: 467px) 100vw, 467px\" \/><p id=\"caption-attachment-30837\" class=\"wp-caption-text\">BOPP filme<\/p><\/div>\n<\/div>\n<\/div>\n<\/div>\n<div class=\"product-tab-desc\">\n<p data-rm-block-id=\"block-2\"><strong>1. Adotando motores de convers\u00e3o de vetor de frequ\u00eancia<\/strong><strong>\u00a0<\/strong><strong>controlar o motor principal, desenrolar e rebobinar, e tens\u00e3o dos mesmos.<\/strong><strong><br \/>\n<\/strong><strong>(sete motores controlados)<\/strong><\/p>\n<p data-rm-block-id=\"block-3\"><strong>Inscri\u00e7\u00e3o:<\/strong><strong><br \/>\n<\/strong>A m\u00e1quina \u00e9 adequada para celofane, BOPP, PET, PVC, PE, folha de alum\u00ednio, pacote de cigarro, papel de cipreste da China, caixa l\u00edquida e papel de tambor (30-300 g\/m2) tem bom desempenho de impress\u00e3o do tambor Material de multi- impress\u00e3o a cores.<\/p>\n<p data-rm-block-id=\"block-4\">A M\u00e1quina de impress\u00e3o em rotogravura \u00e9 essencial para diversos tipos de impress\u00e3o, garantindo qualidade e efici\u00eancia. Esta impressora \u00e9 amplamente utilizada na ind\u00fastria, oferecendo resultados excepcionais em projetos de impress\u00e3o.<\/p>\n<p data-rm-block-id=\"block-4-1\"><mark class=\"rank-math-highlight\" style=\"background-color: #fee894;\">A M\u00e1quina de impress\u00e3o em rotogravura \u00e9 essencial para diversos tipos de impress\u00e3o<\/mark>. <mark class=\"rank-math-highlight\" style=\"background-color: #fee894;\">Ela garante qualidade e efici\u00eancia<\/mark>.<\/p>\n<p data-rm-block-id=\"block-5\"><img decoding=\"async\" src=\"https:\/\/shopic.mcmcclass.com\/20211216015302486268685.jpg\" alt=\"rotogravure printing machine drawing.jpg\" width=\"500\" height=\"107\" \/><\/p>\n<table>\n<tbody>\n<tr>\n<td width=\"219\" data-rm-block-id=\"block-6\">Modelo de m\u00e1quina<\/td>\n<td width=\"144\" data-rm-block-id=\"block-7\">KDASY-F800<\/td>\n<td width=\"142\" data-rm-block-id=\"block-8\">KDASY-F1000<\/td>\n<td width=\"145\" data-rm-block-id=\"block-9\">KDASY-F1200<\/td>\n<\/tr>\n<tr>\n<td width=\"219\" data-rm-block-id=\"block-10\">Largura de Impress\u00e3o<\/td>\n<td width=\"144\" data-rm-block-id=\"block-11\">800 mm<\/td>\n<td width=\"142\" data-rm-block-id=\"block-12\">1000mm<\/td>\n<td width=\"145\" data-rm-block-id=\"block-13\">1200mm<\/td>\n<\/tr>\n<tr>\n<td width=\"219\" data-rm-block-id=\"block-14\">M\u00e1x.Velocidade do maquin\u00e1rio<\/td>\n<td width=\"144\" data-rm-block-id=\"block-15\">180m\/min<\/td>\n<td width=\"142\" data-rm-block-id=\"block-16\">180m\/min<\/td>\n<td width=\"145\" data-rm-block-id=\"block-17\">180m\/min<\/td>\n<\/tr>\n<tr>\n<td width=\"219\" data-rm-block-id=\"block-18\">M\u00e1x.Velocidade de impress\u00e3o<\/td>\n<td width=\"144\" data-rm-block-id=\"block-19\">150m\/min<\/td>\n<td width=\"142\" data-rm-block-id=\"block-20\">150m\/min<\/td>\n<td width=\"145\" data-rm-block-id=\"block-21\">150m\/min<\/td>\n<\/tr>\n<tr>\n<td width=\"219\" data-rm-block-id=\"block-22\">M\u00e1x.Di\u00e2metroDe Rolo<\/td>\n<td width=\"144\" data-rm-block-id=\"block-23\">600-800mm<\/td>\n<td width=\"142\" data-rm-block-id=\"block-24\">600-800mm<\/td>\n<td width=\"145\" data-rm-block-id=\"block-25\">600-800mm<\/td>\n<\/tr>\n<tr>\n<td width=\"219\" data-rm-block-id=\"block-26\">Di\u00e2metroDe n\u00facleo de rolo<\/td>\n<td width=\"144\" data-rm-block-id=\"block-27\">76 mm<\/td>\n<td width=\"142\" data-rm-block-id=\"block-28\">76 mm<\/td>\n<td width=\"145\" data-rm-block-id=\"block-29\">76 mm<\/td>\n<\/tr>\n<tr>\n<td width=\"219\" data-rm-block-id=\"block-30\">Precis\u00e3o da vers\u00e3o<\/td>\n<td width=\"144\" data-rm-block-id=\"block-31\">+\/-0,1 mm<\/td>\n<td width=\"142\" data-rm-block-id=\"block-32\">+\/-0,1 mm<\/td>\n<td width=\"145\" data-rm-block-id=\"block-33\">+\/-0,1 mm<\/td>\n<\/tr>\n<tr>\n<td width=\"219\" data-rm-block-id=\"block-34\">Di\u00e2metroGama de Cilindros de Impress\u00e3o<\/td>\n<td width=\"144\" data-rm-block-id=\"block-35\">120-360mm<\/td>\n<td width=\"142\" data-rm-block-id=\"block-36\">120-360mm<\/td>\n<td width=\"145\" data-rm-block-id=\"block-37\">120-360mm<\/td>\n<\/tr>\n<tr>\n<td width=\"219\" data-rm-block-id=\"block-38\">Poder total<\/td>\n<td width=\"144\" data-rm-block-id=\"block-39\">180kw<\/td>\n<td width=\"142\" data-rm-block-id=\"block-40\">200kw<\/td>\n<td width=\"145\" data-rm-block-id=\"block-41\">260kw<\/td>\n<\/tr>\n<tr>\n<td width=\"219\" data-rm-block-id=\"block-42\">Dimens\u00e3o do esbo\u00e7o<\/td>\n<td width=\"144\" data-rm-block-id=\"block-43\">8800\u00d71600\u00d72000mm<\/td>\n<td width=\"142\" data-rm-block-id=\"block-44\">8800\u00d71800\u00d72000mm<\/td>\n<td width=\"145\" data-rm-block-id=\"block-45\">8800\u00d71800\u00d72000mm<\/td>\n<\/tr>\n<\/tbody>\n<\/table>\n<p data-rm-block-id=\"block-46\">\u203bAs especifica\u00e7\u00f5es corretas dependem do modelo real. Todas as especifica\u00e7\u00f5es est\u00e3o sujeitas a altera\u00e7\u00f5es sem aviso pr\u00e9vio.<\/p>\n<div class=\"product-tab-desc\">\n<div id=\"attachment_29719\" class=\"wp-caption alignnone\">\n<div id=\"attachment_30682\" class=\"wp-caption alignnone\" style=\"width: 448px;\">\n<div class=\"product-tab-desc\">\n<div id=\"attachment_29719\" class=\"wp-caption alignnone\">\n<div id=\"attachment_30682\" class=\"wp-caption alignnone\" style=\"width: 448px;\">\n<p data-rm-block-id=\"block-47\"><span style=\"font-size: 16px;\">instalar m\u00e1quina de filme stretch na f\u00e1brica do cliente.<\/span><\/p>\n<div id=\"attachment_30768\" style=\"width: 459px\" class=\"wp-caption alignnone\"><img decoding=\"async\" aria-describedby=\"caption-attachment-30768\" class=\" wp-image-30768\" src=\"https:\/\/cortesolda.com.br\/por\/wp-content\/uploads\/2025\/03\/instalar-maquina-de-filme-stretch-na-fabrica-do-clientes.jpg\" alt=\"instalar m\u00e1quina de filme stretch na f\u00e1brica do cliente.\" width=\"449\" height=\"449\" srcset=\"https:\/\/cortesolda.com.br\/por\/wp-content\/uploads\/2025\/03\/instalar-maquina-de-filme-stretch-na-fabrica-do-clientes.jpg 468w, https:\/\/cortesolda.com.br\/por\/wp-content\/uploads\/2025\/03\/instalar-maquina-de-filme-stretch-na-fabrica-do-clientes-300x300.jpg 300w, https:\/\/cortesolda.com.br\/por\/wp-content\/uploads\/2025\/03\/instalar-maquina-de-filme-stretch-na-fabrica-do-clientes-150x150.jpg 150w, https:\/\/cortesolda.com.br\/por\/wp-content\/uploads\/2025\/03\/instalar-maquina-de-filme-stretch-na-fabrica-do-clientes-430x430.jpg 430w\" sizes=\"(max-width: 449px) 100vw, 449px\" \/><p id=\"caption-attachment-30768\" class=\"wp-caption-text\"><span style=\"font-size: 16px;\">Nosso principal parceiro de pe\u00e7as \u00e9 a seguinte marca, mas as pe\u00e7as padr\u00e3o s\u00e3o todas fabricadas na China.<\/span><\/p><\/div>\n<div class=\"product-tab-desc\">\n<div id=\"attachment_30678\" class=\"wp-caption alignnone\" style=\"width: 446px;\">\n<p data-rm-block-id=\"block-48\"><img loading=\"lazy\" decoding=\"async\" class=\" wp-image-30678\" src=\"https:\/\/cortesolda.com.br\/por\/wp-content\/uploads\/2025\/03\/Nosso-principal-parceiro-de-pecas-e-a-seguinte-marca.jpg\" sizes=\"(max-width: 465px) 100vw, 465px\" srcset=\"https:\/\/cortesolda.com.br\/por\/wp-content\/uploads\/2025\/03\/Nosso-principal-parceiro-de-pecas-e-a-seguinte-marca.jpg 875w, https:\/\/cortesolda.com.br\/por\/wp-content\/uploads\/2025\/03\/Nosso-principal-parceiro-de-pecas-e-a-seguinte-marca-400x230.jpg 400w, https:\/\/cortesolda.com.br\/por\/wp-content\/uploads\/2025\/03\/Nosso-principal-parceiro-de-pecas-e-a-seguinte-marca-768x442.jpg 768w, https:\/\/cortesolda.com.br\/por\/wp-content\/uploads\/2025\/03\/Nosso-principal-parceiro-de-pecas-e-a-seguinte-marca-430x248.jpg 430w, https:\/\/cortesolda.com.br\/por\/wp-content\/uploads\/2025\/03\/Nosso-principal-parceiro-de-pecas-e-a-seguinte-marca-700x403.jpg 700w, https:\/\/cortesolda.com.br\/por\/wp-content\/uploads\/2025\/03\/Nosso-principal-parceiro-de-pecas-e-a-seguinte-marca-150x86.jpg 150w\" alt=\"Nosso principal parceiro de pe\u00e7as \u00e9 a seguinte marca\" width=\"446\" height=\"257\" aria-describedby=\"caption-attachment-30678\" \/><\/p>\n<p id=\"caption-attachment-30678\" class=\"wp-caption-text\" data-rm-block-id=\"block-49\">Fornecedores de mat\u00e9ria-prima de polietileno<\/p>\n<\/div>\n<\/div>\n<div id=\"attachment_30728\" class=\"wp-caption alignnone\" style=\"width: 442px;\">\n<p data-rm-block-id=\"block-50\"><img loading=\"lazy\" decoding=\"async\" class=\" wp-image-30728\" src=\"https:\/\/cortesolda.com.br\/por\/wp-content\/uploads\/2025\/03\/Fornecedores-de-materia-prima-de-polietileno.jpg\" sizes=\"(max-width: 400px) 100vw, 400px\" srcset=\"https:\/\/cortesolda.com.br\/por\/wp-content\/uploads\/2025\/03\/Fornecedores-de-materia-prima-de-polietileno.jpg 400w, https:\/\/cortesolda.com.br\/por\/wp-content\/uploads\/2025\/03\/Fornecedores-de-materia-prima-de-polietileno-300x300.jpg 300w, https:\/\/cortesolda.com.br\/por\/wp-content\/uploads\/2025\/03\/Fornecedores-de-materia-prima-de-polietileno-150x150.jpg 150w\" alt=\"Fornecedores de mat\u00e9ria prima de polietileno\" width=\"442\" height=\"442\" aria-describedby=\"caption-attachment-30728\" \/><\/p>\n<p id=\"caption-attachment-30728\" class=\"wp-caption-text\" data-rm-block-id=\"block-51\">f\u00e1brica do cliente<\/p>\n<\/div>\n<div class=\"product-tab-desc\">\n<div id=\"attachment_29712\" class=\"wp-caption alignnone\">\n<div id=\"attachment_30680\" class=\"wp-caption alignnone\" style=\"width: 450px;\">\n<p data-rm-block-id=\"block-52\"><img loading=\"lazy\" decoding=\"async\" class=\" wp-image-30680\" src=\"https:\/\/cortesolda.com.br\/por\/wp-content\/uploads\/2025\/03\/fornecedor-de-pecas-plasticas-para-maquinas.webp\" sizes=\"(max-width: 466px) 100vw, 466px\" srcset=\"https:\/\/cortesolda.com.br\/por\/wp-content\/uploads\/2025\/03\/fornecedor-de-pecas-plasticas-para-maquinas.webp 497w, https:\/\/cortesolda.com.br\/por\/wp-content\/uploads\/2025\/03\/fornecedor-de-pecas-plasticas-para-maquinas-300x300.webp 300w, https:\/\/cortesolda.com.br\/por\/wp-content\/uploads\/2025\/03\/fornecedor-de-pecas-plasticas-para-maquinas-150x150.webp 150w, https:\/\/cortesolda.com.br\/por\/wp-content\/uploads\/2025\/03\/fornecedor-de-pecas-plasticas-para-maquinas-430x430.webp 430w\" alt=\"fornecedor de pe\u00e7as pl\u00e1sticas para m\u00e1quinas\" width=\"450\" height=\"450\" aria-describedby=\"caption-attachment-30680\" \/><\/p>\n<p id=\"caption-attachment-30680\" class=\"wp-caption-text\" data-rm-block-id=\"block-53\">f\u00e1brica do cliente<\/p>\n<\/div>\n<\/div>\n<div id=\"attachment_29712\" class=\"wp-caption alignnone\">\n<div id=\"attachment_30681\" class=\"wp-caption alignnone\" style=\"width: 455px;\">\n<p data-rm-block-id=\"block-54\"><img loading=\"lazy\" decoding=\"async\" class=\" wp-image-30681\" src=\"https:\/\/cortesolda.com.br\/por\/wp-content\/uploads\/2025\/03\/fabrica-do-cliente.webp\" sizes=\"(max-width: 467px) 100vw, 467px\" srcset=\"https:\/\/cortesolda.com.br\/por\/wp-content\/uploads\/2025\/03\/fabrica-do-cliente.webp 467w, https:\/\/cortesolda.com.br\/por\/wp-content\/uploads\/2025\/03\/fabrica-do-cliente-296x300.webp 296w, https:\/\/cortesolda.com.br\/por\/wp-content\/uploads\/2025\/03\/fabrica-do-cliente-430x436.webp 430w, https:\/\/cortesolda.com.br\/por\/wp-content\/uploads\/2025\/03\/fabrica-do-cliente-150x152.webp 150w\" alt=\"f\u00e1brica do cliente \" width=\"455\" height=\"462\" aria-describedby=\"caption-attachment-30681\" \/><\/p>\n<p id=\"caption-attachment-30681\" class=\"wp-caption-text\" data-rm-block-id=\"block-55\">m\u00e1quinas exportadas para todo o mundo.<\/p>\n<\/div>\n<\/div>\n<div id=\"attachment_29719\" class=\"wp-caption alignnone\">\n<div id=\"attachment_30682\" class=\"wp-caption alignnone\" style=\"width: 450px;\">\n<p data-rm-block-id=\"block-56\"><img loading=\"lazy\" decoding=\"async\" class=\" wp-image-30682\" src=\"https:\/\/cortesolda.com.br\/por\/wp-content\/uploads\/2025\/03\/maquinas-exportadas-para-todo-o-mundo.webp\" sizes=\"(max-width: 468px) 100vw, 468px\" srcset=\"https:\/\/cortesolda.com.br\/por\/wp-content\/uploads\/2025\/03\/maquinas-exportadas-para-todo-o-mundo.webp 800w, https:\/\/cortesolda.com.br\/por\/wp-content\/uploads\/2025\/03\/maquinas-exportadas-para-todo-o-mundo-400x202.webp 400w, https:\/\/cortesolda.com.br\/por\/wp-content\/uploads\/2025\/03\/maquinas-exportadas-para-todo-o-mundo-768x387.webp 768w, https:\/\/cortesolda.com.br\/por\/wp-content\/uploads\/2025\/03\/maquinas-exportadas-para-todo-o-mundo-430x217.webp 430w, https:\/\/cortesolda.com.br\/por\/wp-content\/uploads\/2025\/03\/maquinas-exportadas-para-todo-o-mundo-700x353.webp 700w, https:\/\/cortesolda.com.br\/por\/wp-content\/uploads\/2025\/03\/maquinas-exportadas-para-todo-o-mundo-150x76.webp 150w\" alt=\"m\u00e1quinas exportadas para todo o mundo.\" width=\"450\" height=\"227\" aria-describedby=\"caption-attachment-30682\" \/><\/p>\n<p id=\"caption-attachment-30682\" class=\"wp-caption-text\" data-rm-block-id=\"block-57\">Processo de produ\u00e7\u00e3o de sacolas pl\u00e1sticas<\/p>\n<\/div>\n<\/div>\n<div id=\"attachment_29720\" class=\"wp-caption alignnone\" style=\"width: 453px;\">\n<p data-rm-block-id=\"block-58\"><img loading=\"lazy\" decoding=\"async\" class=\" wp-image-30683\" src=\"https:\/\/cortesolda.com.br\/por\/wp-content\/uploads\/2025\/03\/Processo-de-producao-de-sacolas-plasticas.webp\" sizes=\"(max-width: 467px) 100vw, 467px\" srcset=\"https:\/\/cortesolda.com.br\/por\/wp-content\/uploads\/2025\/03\/Processo-de-producao-de-sacolas-plasticas.webp 1038w, https:\/\/cortesolda.com.br\/por\/wp-content\/uploads\/2025\/03\/Processo-de-producao-de-sacolas-plasticas-315x300.webp 315w, https:\/\/cortesolda.com.br\/por\/wp-content\/uploads\/2025\/03\/Processo-de-producao-de-sacolas-plasticas-840x800.webp 840w, https:\/\/cortesolda.com.br\/por\/wp-content\/uploads\/2025\/03\/Processo-de-producao-de-sacolas-plasticas-768x732.webp 768w, https:\/\/cortesolda.com.br\/por\/wp-content\/uploads\/2025\/03\/Processo-de-producao-de-sacolas-plasticas-430x410.webp 430w, https:\/\/cortesolda.com.br\/por\/wp-content\/uploads\/2025\/03\/Processo-de-producao-de-sacolas-plasticas-700x667.webp 700w, https:\/\/cortesolda.com.br\/por\/wp-content\/uploads\/2025\/03\/Processo-de-producao-de-sacolas-plasticas-150x143.webp 150w\" alt=\"Processo de produ\u00e7\u00e3o de sacolas pl\u00e1sticas\" width=\"453\" height=\"432\" \/><\/p>\n<\/div>\n<\/div>\n<\/div>\n<\/div>\n<\/div>\n<\/div>\n<\/div>\n<\/div>\n<\/div>\n<\/div>\n","protected":false},"excerpt":{"rendered":"<p>impressora de rotogr<\/p>\n","protected":false},"featured_media":30168,"comment_status":"closed","ping_status":"closed","template":"","meta":{"_acf_changed":false,"_oss_video_url":""},"product_brand":[],"product_cat":[85],"product_tag":[],"class_list":{"0":"post-30167","1":"product","2":"type-product","3":"status-publish","4":"has-post-thumbnail","6":"product_cat-impressora-rotogravura","8":"first","9":"instock","10":"shipping-taxable","11":"product-type-simple"},"acf":[],"_links":{"self":[{"href":"https:\/\/cortesolda.com.br\/por\/wp-json\/wp\/v2\/product\/30167","targetHints":{"allow":["GET"]}}],"collection":[{"href":"https:\/\/cortesolda.com.br\/por\/wp-json\/wp\/v2\/product"}],"about":[{"href":"https:\/\/cortesolda.com.br\/por\/wp-json\/wp\/v2\/types\/product"}],"replies":[{"embeddable":true,"href":"https:\/\/cortesolda.com.br\/por\/wp-json\/wp\/v2\/comments?post=30167"}],"version-history":[{"count":0,"href":"https:\/\/cortesolda.com.br\/por\/wp-json\/wp\/v2\/product\/30167\/revisions"}],"wp:featuredmedia":[{"embeddable":true,"href":"https:\/\/cortesolda.com.br\/por\/wp-json\/wp\/v2\/media\/30168"}],"wp:attachment":[{"href":"https:\/\/cortesolda.com.br\/por\/wp-json\/wp\/v2\/media?parent=30167"}],"wp:term":[{"taxonomy":"product_brand","embeddable":true,"href":"https:\/\/cortesolda.com.br\/por\/wp-json\/wp\/v2\/product_brand?post=30167"},{"taxonomy":"product_cat","embeddable":true,"href":"https:\/\/cortesolda.com.br\/por\/wp-json\/wp\/v2\/product_cat?post=30167"},{"taxonomy":"product_tag","embeddable":true,"href":"https:\/\/cortesolda.com.br\/por\/wp-json\/wp\/v2\/product_tag?post=30167"}],"curies":[{"name":"wp","href":"https:\/\/api.w.org\/{rel}","templated":true}]}}