{"id":30171,"date":"2025-03-28T15:27:50","date_gmt":"2025-03-28T07:27:50","guid":{"rendered":"https:\/\/hotpink-lyrebird-701956.hostingersite.com\/?post_type=product&#038;p=30171"},"modified":"2025-07-06T15:35:48","modified_gmt":"2025-07-06T07:35:48","slug":"rebobinadeira-para-stretch-pe-e-pvc-eficiencia-e-qualidade","status":"publish","type":"product","link":"https:\/\/cortesolda.com.br\/por\/rebobinadeira-para-stretch-pe-e-pvc-eficiencia-e-qualidade","title":{"rendered":"Rebobinadeira para Stretch PE e PVC"},"content":{"rendered":"<div id=\"tab-desc\" class=\"tab-pane active\" role=\"tabpanel\">\n<div class=\"ProductAttr\">\n<div class=\"ProductAttrItem\">\n<div class=\"ProductAttr-title\">Rebobinadeira para Stretch PE e PVC<\/div>\n<\/div>\n<\/div>\n<div class=\"product-tab-desc\">\n<p>A m\u00e1quina autom\u00e1tica de rebobinamento de filme estir\u00e1vel LLDPE de 5 cilindros \u00e9 um tipo de m\u00e1quina multifuncional integrada com corte e rebobinamento de filme pl\u00e1stico PVC, filme el\u00e1stico LLDPE, filme pl\u00e1stico PVC.<\/p>\n<p>A m\u00e1quina usa para rebobinar o filme aderente de pvc, filme aderente pe.Converta o tamanho grande do rolo Jumbo em comprimento diferente de 5 metros a 150 metros<\/p>\n<div id=\"attachment_30749\" style=\"width: 340px\" class=\"wp-caption alignnone\"><img fetchpriority=\"high\" decoding=\"async\" aria-describedby=\"caption-attachment-30749\" class=\" wp-image-30749\" src=\"https:\/\/cortesolda.com.br\/por\/wp-content\/uploads\/2025\/03\/PVC-cling-film.jpg\" alt=\"PVC cling filme\" width=\"330\" height=\"220\" srcset=\"https:\/\/cortesolda.com.br\/por\/wp-content\/uploads\/2025\/03\/PVC-cling-film.jpg 800w, https:\/\/cortesolda.com.br\/por\/wp-content\/uploads\/2025\/03\/PVC-cling-film-400x267.jpg 400w, https:\/\/cortesolda.com.br\/por\/wp-content\/uploads\/2025\/03\/PVC-cling-film-768x512.jpg 768w, https:\/\/cortesolda.com.br\/por\/wp-content\/uploads\/2025\/03\/PVC-cling-film-430x286.jpg 430w, https:\/\/cortesolda.com.br\/por\/wp-content\/uploads\/2025\/03\/PVC-cling-film-700x466.jpg 700w, https:\/\/cortesolda.com.br\/por\/wp-content\/uploads\/2025\/03\/PVC-cling-film-150x100.jpg 150w\" sizes=\"(max-width: 330px) 100vw, 330px\" \/><p id=\"caption-attachment-30749\" class=\"wp-caption-text\">PVC cling filme<\/p><\/div>\n<p>Devido \u00e0 alta efici\u00eancia de trabalho, a sa\u00edda \u00e9 2 vezes maior do que o rebobinador de filme pl\u00e1stico normal.<\/p>\n<p>Esta\u00e7\u00e3o de rebobinagem de 1,5 eixos<\/p>\n<p>2. Alimenta\u00e7\u00e3o autom\u00e1tica, corte, mudan\u00e7a de rolo.<\/p>\n<p>3. Alta velocidade de rebobinagem, troca r\u00e1pida de rolos<\/p>\n<p>4.Esay opera\u00e7\u00e3o e sistema de controle amig\u00e1vel.<\/p>\n<table>\n<tbody>\n<tr>\n<td width=\"361\">Modelo<\/td>\n<td width=\"276\">KDRW-350H<\/td>\n<\/tr>\n<tr>\n<td width=\"361\"><\/td>\n<td width=\"276\">Pel\u00edcula aderente de pvc, pel\u00edcula de estiramento de pvc<\/td>\n<\/tr>\n<tr>\n<td width=\"361\">Largura da Folha<\/td>\n<td width=\"276\">300-320mm<\/td>\n<\/tr>\n<tr>\n<td width=\"361\">Espessura do material<\/td>\n<td width=\"276\">0,008-0,05 mm<\/td>\n<\/tr>\n<tr>\n<td width=\"361\">Di\u00e2metro do rolo pai (m\u00e1ximo)<\/td>\n<td width=\"276\">400 mm<\/td>\n<\/tr>\n<tr>\n<td width=\"361\">Comprimento de rebobinagem<\/td>\n<td width=\"276\">10-150 m\/rolo<\/td>\n<\/tr>\n<tr>\n<td width=\"361\">Velocidade de rebobinagem<\/td>\n<td width=\"276\">0-600m\/min (ajustar)<\/td>\n<\/tr>\n<tr>\n<td width=\"361\">Di\u00e2metro do n\u00facleo de papel de desenrolamento (rolo m\u00e3e)<\/td>\n<td width=\"276\">3\u201d (76mm)<\/td>\n<\/tr>\n<tr>\n<td width=\"361\">Di\u00e2metro do n\u00facleo de papel do enrolamento<\/td>\n<td width=\"276\"><strong>25-38 mm<\/strong><strong>(<\/strong><strong>cliente pode escolher<\/strong><strong>2<\/strong><strong>Tamanho<\/strong><strong>)<\/strong><\/td>\n<\/tr>\n<tr>\n<td width=\"361\">Motor principal<\/td>\n<td width=\"276\">4,0 KW<\/td>\n<\/tr>\n<tr>\n<td width=\"361\">Medi\u00e7\u00e3o<\/td>\n<td width=\"276\">1400 x 1550 x 1300 mm<\/td>\n<\/tr>\n<tr>\n<td width=\"361\">Peso<\/td>\n<td width=\"276\">950kg<\/td>\n<\/tr>\n<tr>\n<td colspan=\"2\" width=\"637\"><strong>M\u00e1quina com carregamento autom\u00e1tico para n\u00facleo de papel, corte autom\u00e1tico e n\u00facleo de papel de descarga autom\u00e1tica<\/strong><strong>fun\u00e7\u00e3o<\/strong><strong>.<\/strong><\/p>\n<p><strong>Embalagem da m\u00e1quina com caixa de madeira.<\/strong><\/td>\n<\/tr>\n<tr>\n<td colspan=\"2\" width=\"637\"><strong>Partes el\u00e9tricas:<\/strong><\/p>\n<p><strong>1) Motor: marca Siemens<\/strong><\/p>\n<p><strong>2) PLC: marca Omron<\/strong><\/p>\n<p><strong>3)<\/strong><strong>Contator<\/strong><strong>: marca Scheineder<\/strong><\/p>\n<p><strong>4)<\/strong><strong>Rel\u00e9s<\/strong><strong>: Marca Scheineder<\/strong><\/p>\n<p><strong>5)<\/strong><strong>Tela sens\u00edvel ao toque<\/strong><strong>: 7 polegadas<\/strong><\/p>\n<p><strong>6) Inversor: marca Delta<\/strong><\/td>\n<\/tr>\n<\/tbody>\n<\/table>\n<p>\u203bAs especifica\u00e7\u00f5es corretas dependem do modelo real.Todas as especifica\u00e7\u00f5es est\u00e3o sujeitas a altera\u00e7\u00f5es sem aviso pr\u00e9vio.<\/p>\n<p>Envio de m\u00e1quina de filme stretch<\/p>\n<p><img decoding=\"async\" class=\"size-full wp-image-30744\" src=\"https:\/\/cortesolda.com.br\/por\/wp-content\/uploads\/2025\/03\/Extrusora-de-stretch-film.webp\" alt=\"Extrusora de stretch film\" width=\"497\" height=\"497\" srcset=\"https:\/\/cortesolda.com.br\/por\/wp-content\/uploads\/2025\/03\/Extrusora-de-stretch-film.webp 497w, https:\/\/cortesolda.com.br\/por\/wp-content\/uploads\/2025\/03\/Extrusora-de-stretch-film-300x300.webp 300w, https:\/\/cortesolda.com.br\/por\/wp-content\/uploads\/2025\/03\/Extrusora-de-stretch-film-150x150.webp 150w, https:\/\/cortesolda.com.br\/por\/wp-content\/uploads\/2025\/03\/Extrusora-de-stretch-film-430x430.webp 430w\" sizes=\"(max-width: 497px) 100vw, 497px\" \/><\/p>\n<p>Nosso principal parceiro de pe\u00e7as \u00e9 a seguinte marca, mas as pe\u00e7as padr\u00e3o s\u00e3o todas fabricadas na China.<\/p>\n<div class=\"product-tab-desc\">\n<div id=\"attachment_30678\" class=\"wp-caption alignnone\">\n<p><img decoding=\"async\" class=\" wp-image-30678\" src=\"https:\/\/cortesolda.com.br\/por\/wp-content\/uploads\/2025\/03\/Nosso-principal-parceiro-de-pecas-e-a-seguinte-marca.jpg\" sizes=\"(max-width: 465px) 100vw, 465px\" srcset=\"https:\/\/cortesolda.com.br\/por\/wp-content\/uploads\/2025\/03\/Nosso-principal-parceiro-de-pecas-e-a-seguinte-marca.jpg 875w, https:\/\/cortesolda.com.br\/por\/wp-content\/uploads\/2025\/03\/Nosso-principal-parceiro-de-pecas-e-a-seguinte-marca-400x230.jpg 400w, https:\/\/cortesolda.com.br\/por\/wp-content\/uploads\/2025\/03\/Nosso-principal-parceiro-de-pecas-e-a-seguinte-marca-768x442.jpg 768w, https:\/\/cortesolda.com.br\/por\/wp-content\/uploads\/2025\/03\/Nosso-principal-parceiro-de-pecas-e-a-seguinte-marca-430x248.jpg 430w, https:\/\/cortesolda.com.br\/por\/wp-content\/uploads\/2025\/03\/Nosso-principal-parceiro-de-pecas-e-a-seguinte-marca-700x403.jpg 700w, https:\/\/cortesolda.com.br\/por\/wp-content\/uploads\/2025\/03\/Nosso-principal-parceiro-de-pecas-e-a-seguinte-marca-150x86.jpg 150w\" alt=\"Nosso principal parceiro de pe\u00e7as \u00e9 a seguinte marca\" width=\"465\" height=\"268\" aria-describedby=\"caption-attachment-30678\" \/><\/p>\n<p id=\"caption-attachment-30678\" class=\"wp-caption-text\">Fornecedores de mat\u00e9ria-prima de polietileno<\/p>\n<\/div>\n<\/div>\n<div id=\"attachment_30728\" class=\"wp-caption alignnone\">\n<p><img loading=\"lazy\" decoding=\"async\" class=\"size-full wp-image-30728\" src=\"https:\/\/cortesolda.com.br\/por\/wp-content\/uploads\/2025\/03\/Fornecedores-de-materia-prima-de-polietileno.jpg\" sizes=\"(max-width: 400px) 100vw, 400px\" srcset=\"https:\/\/cortesolda.com.br\/por\/wp-content\/uploads\/2025\/03\/Fornecedores-de-materia-prima-de-polietileno.jpg 400w, https:\/\/cortesolda.com.br\/por\/wp-content\/uploads\/2025\/03\/Fornecedores-de-materia-prima-de-polietileno-300x300.jpg 300w, https:\/\/cortesolda.com.br\/por\/wp-content\/uploads\/2025\/03\/Fornecedores-de-materia-prima-de-polietileno-150x150.jpg 150w\" alt=\"Fornecedores de mat\u00e9ria prima de polietileno\" width=\"400\" height=\"400\" aria-describedby=\"caption-attachment-30728\" \/><\/p>\n<p id=\"caption-attachment-30728\" class=\"wp-caption-text\">f\u00e1brica do cliente<\/p>\n<\/div>\n<div class=\"product-tab-desc\">\n<div id=\"attachment_29712\" class=\"wp-caption alignnone\" data-rm-block-id=\"block-60\">\n<div id=\"attachment_30680\" class=\"wp-caption alignnone\">\n<p><img loading=\"lazy\" decoding=\"async\" class=\" wp-image-30680\" src=\"https:\/\/cortesolda.com.br\/por\/wp-content\/uploads\/2025\/03\/fornecedor-de-pecas-plasticas-para-maquinas.webp\" sizes=\"(max-width: 466px) 100vw, 466px\" srcset=\"https:\/\/cortesolda.com.br\/por\/wp-content\/uploads\/2025\/03\/fornecedor-de-pecas-plasticas-para-maquinas.webp 497w, https:\/\/cortesolda.com.br\/por\/wp-content\/uploads\/2025\/03\/fornecedor-de-pecas-plasticas-para-maquinas-300x300.webp 300w, https:\/\/cortesolda.com.br\/por\/wp-content\/uploads\/2025\/03\/fornecedor-de-pecas-plasticas-para-maquinas-150x150.webp 150w, https:\/\/cortesolda.com.br\/por\/wp-content\/uploads\/2025\/03\/fornecedor-de-pecas-plasticas-para-maquinas-430x430.webp 430w\" alt=\"fornecedor de pe\u00e7as pl\u00e1sticas para m\u00e1quinas\" width=\"466\" height=\"466\" aria-describedby=\"caption-attachment-30680\" \/><\/p>\n<p id=\"caption-attachment-30680\" class=\"wp-caption-text\">f\u00e1brica do cliente<\/p>\n<\/div>\n<\/div>\n<div id=\"attachment_29712\" class=\"wp-caption alignnone\" data-rm-block-id=\"block-61\">\n<div id=\"attachment_30681\" class=\"wp-caption alignnone\">\n<p><img loading=\"lazy\" decoding=\"async\" class=\"size-full wp-image-30681\" src=\"https:\/\/cortesolda.com.br\/por\/wp-content\/uploads\/2025\/03\/fabrica-do-cliente.webp\" sizes=\"(max-width: 467px) 100vw, 467px\" srcset=\"https:\/\/cortesolda.com.br\/por\/wp-content\/uploads\/2025\/03\/fabrica-do-cliente.webp 467w, https:\/\/cortesolda.com.br\/por\/wp-content\/uploads\/2025\/03\/fabrica-do-cliente-296x300.webp 296w, https:\/\/cortesolda.com.br\/por\/wp-content\/uploads\/2025\/03\/fabrica-do-cliente-430x436.webp 430w, https:\/\/cortesolda.com.br\/por\/wp-content\/uploads\/2025\/03\/fabrica-do-cliente-150x152.webp 150w\" alt=\"f\u00e1brica do cliente \" width=\"467\" height=\"474\" aria-describedby=\"caption-attachment-30681\" \/><\/p>\n<p id=\"caption-attachment-30681\" class=\"wp-caption-text\">m\u00e1quinas exportadas para todo o mundo.<\/p>\n<\/div>\n<\/div>\n<div id=\"attachment_29719\" class=\"wp-caption alignnone\" data-rm-block-id=\"block-62\">\n<div id=\"attachment_30682\" class=\"wp-caption alignnone\">\n<p><img loading=\"lazy\" decoding=\"async\" class=\" wp-image-30682\" src=\"https:\/\/cortesolda.com.br\/por\/wp-content\/uploads\/2025\/03\/maquinas-exportadas-para-todo-o-mundo.webp\" sizes=\"(max-width: 468px) 100vw, 468px\" srcset=\"https:\/\/cortesolda.com.br\/por\/wp-content\/uploads\/2025\/03\/maquinas-exportadas-para-todo-o-mundo.webp 800w, https:\/\/cortesolda.com.br\/por\/wp-content\/uploads\/2025\/03\/maquinas-exportadas-para-todo-o-mundo-400x202.webp 400w, https:\/\/cortesolda.com.br\/por\/wp-content\/uploads\/2025\/03\/maquinas-exportadas-para-todo-o-mundo-768x387.webp 768w, https:\/\/cortesolda.com.br\/por\/wp-content\/uploads\/2025\/03\/maquinas-exportadas-para-todo-o-mundo-430x217.webp 430w, https:\/\/cortesolda.com.br\/por\/wp-content\/uploads\/2025\/03\/maquinas-exportadas-para-todo-o-mundo-700x353.webp 700w, https:\/\/cortesolda.com.br\/por\/wp-content\/uploads\/2025\/03\/maquinas-exportadas-para-todo-o-mundo-150x76.webp 150w\" alt=\"m\u00e1quinas exportadas para todo o mundo.\" width=\"468\" height=\"236\" aria-describedby=\"caption-attachment-30682\" \/><\/p>\n<p id=\"caption-attachment-30682\" class=\"wp-caption-text\">Processo de produ\u00e7\u00e3o de sacolas pl\u00e1sticas<\/p>\n<\/div>\n<\/div>\n<div id=\"attachment_29720\" class=\"wp-caption alignnone\">\n<p data-rm-block-id=\"block-63\"><img loading=\"lazy\" decoding=\"async\" class=\" wp-image-30683\" src=\"https:\/\/cortesolda.com.br\/por\/wp-content\/uploads\/2025\/03\/Processo-de-producao-de-sacolas-plasticas.webp\" sizes=\"(max-width: 467px) 100vw, 467px\" srcset=\"https:\/\/cortesolda.com.br\/por\/wp-content\/uploads\/2025\/03\/Processo-de-producao-de-sacolas-plasticas.webp 1038w, https:\/\/cortesolda.com.br\/por\/wp-content\/uploads\/2025\/03\/Processo-de-producao-de-sacolas-plasticas-315x300.webp 315w, https:\/\/cortesolda.com.br\/por\/wp-content\/uploads\/2025\/03\/Processo-de-producao-de-sacolas-plasticas-840x800.webp 840w, https:\/\/cortesolda.com.br\/por\/wp-content\/uploads\/2025\/03\/Processo-de-producao-de-sacolas-plasticas-768x732.webp 768w, https:\/\/cortesolda.com.br\/por\/wp-content\/uploads\/2025\/03\/Processo-de-producao-de-sacolas-plasticas-430x410.webp 430w, https:\/\/cortesolda.com.br\/por\/wp-content\/uploads\/2025\/03\/Processo-de-producao-de-sacolas-plasticas-700x667.webp 700w, https:\/\/cortesolda.com.br\/por\/wp-content\/uploads\/2025\/03\/Processo-de-producao-de-sacolas-plasticas-150x143.webp 150w\" alt=\"Processo de produ\u00e7\u00e3o de sacolas pl\u00e1sticas\" width=\"467\" height=\"445\" \/><\/p>\n<\/div>\n<\/div>\n<\/div>\n<\/div>\n","protected":false},"excerpt":{"rendered":"<p>Rebobinadeira para S<\/p>\n","protected":false},"featured_media":30173,"comment_status":"closed","ping_status":"closed","template":"","meta":{"_acf_changed":false,"_oss_video_url":""},"product_brand":[],"product_cat":[86],"product_tag":[],"class_list":{"0":"post-30171","1":"product","2":"type-product","3":"status-publish","4":"has-post-thumbnail","6":"product_cat-extrusora-para-filme-stretch","8":"first","9":"instock","10":"shipping-taxable","11":"product-type-simple"},"acf":[],"_links":{"self":[{"href":"https:\/\/cortesolda.com.br\/por\/wp-json\/wp\/v2\/product\/30171","targetHints":{"allow":["GET"]}}],"collection":[{"href":"https:\/\/cortesolda.com.br\/por\/wp-json\/wp\/v2\/product"}],"about":[{"href":"https:\/\/cortesolda.com.br\/por\/wp-json\/wp\/v2\/types\/product"}],"replies":[{"embeddable":true,"href":"https:\/\/cortesolda.com.br\/por\/wp-json\/wp\/v2\/comments?post=30171"}],"version-history":[{"count":0,"href":"https:\/\/cortesolda.com.br\/por\/wp-json\/wp\/v2\/product\/30171\/revisions"}],"wp:featuredmedia":[{"embeddable":true,"href":"https:\/\/cortesolda.com.br\/por\/wp-json\/wp\/v2\/media\/30173"}],"wp:attachment":[{"href":"https:\/\/cortesolda.com.br\/por\/wp-json\/wp\/v2\/media?parent=30171"}],"wp:term":[{"taxonomy":"product_brand","embeddable":true,"href":"https:\/\/cortesolda.com.br\/por\/wp-json\/wp\/v2\/product_brand?post=30171"},{"taxonomy":"product_cat","embeddable":true,"href":"https:\/\/cortesolda.com.br\/por\/wp-json\/wp\/v2\/product_cat?post=30171"},{"taxonomy":"product_tag","embeddable":true,"href":"https:\/\/cortesolda.com.br\/por\/wp-json\/wp\/v2\/product_tag?post=30171"}],"curies":[{"name":"wp","href":"https:\/\/api.w.org\/{rel}","templated":true}]}}