{"id":30180,"date":"2025-03-28T15:29:46","date_gmt":"2025-03-28T07:29:46","guid":{"rendered":"https:\/\/hotpink-lyrebird-701956.hostingersite.com\/?post_type=product&#038;p=30180"},"modified":"2025-07-06T18:30:28","modified_gmt":"2025-07-06T10:30:28","slug":"extrusora-de-filme-stretch-pe-2-camadas-extrusora-de-filme-stretch","status":"publish","type":"product","link":"https:\/\/cortesolda.com.br\/por\/extrusora-de-filme-stretch-pe-2-camadas-extrusora-de-filme-stretch","title":{"rendered":"Extrusora de Filme Stretch PE &#8211; 2 Camadas"},"content":{"rendered":"<div id=\"tab-desc\" class=\"tab-pane active\" role=\"tabpanel\">\n<div class=\"ProductAttr\">\n<div class=\"ProductAttrItem\">\n<div class=\"ProductAttr-text\">\n<h5 class=\"title\">Extrusora de Filme Stretch PE\u00a0 &#8211; 2 Camadas<\/h5>\n<\/div>\n<\/div>\n<\/div>\n<div class=\"product-tab-desc\">\n<p>Extrusora de Filme Stretch PE &#8211; 2 Camadas\u00a0caracter\u00edsticas:<br \/>\nCaracter\u00edstica:<br \/>\n1.euMat\u00e9ria-prima virgem LLDPE, ldpe, material reciclado, masterbatch e aditivos<br \/>\n2.Velocidade da extrusora de filme de controle do inversor, economize energia,ECOeeconomizar custos.<br \/>\n3.Espessura do filme 0,017mm-0.04mil\u00edmetros<br \/>\n4.Largura do filme 100mm-500mm<br \/>\n5.terno de filme paraFilme estir\u00e1vel, embalagem de paletes, embalagem de papel\u00e3o, embalagem de material de constru\u00e7\u00e3o, embalagem de autope\u00e7as, embalagem de ferragens, embalagem de bagagem,<br \/>\n6.O material do parafuso \u00e9 38CrMoAl, pode usar muito tempo<br \/>\n7.A garantia \u00e9 de um ano, a m\u00e1quina pode funcionar sem parar, 24 8.horas por dia, 7 dias por semana<br \/>\n9.M\u00e1quina com design simples, f\u00e1cil de operar<br \/>\n10.A m\u00e1quina \u00e9 um design econ\u00f4mico, adequado para novos iniciantes ou iniciantes<br \/>\n11.Pot\u00eancia da m\u00e1quina 220V,380V,440V,480V (Personalizado com base no pedido)<br \/>\n12.Oferecer servi\u00e7o p\u00f3s-venda, pode enviar engenheiro para a f\u00e1brica do comprador, para instalar a m\u00e1quina e pagar o servi\u00e7o de treinamento.<\/p>\n<p><img fetchpriority=\"high\" decoding=\"async\" class=\" wp-image-30761\" src=\"https:\/\/cortesolda.com.br\/por\/wp-content\/uploads\/2025\/03\/LLDPE-stretch-film.webp\" alt=\"LLDPE stretch film\" width=\"245\" height=\"245\" srcset=\"https:\/\/cortesolda.com.br\/por\/wp-content\/uploads\/2025\/03\/LLDPE-stretch-film.webp 497w, https:\/\/cortesolda.com.br\/por\/wp-content\/uploads\/2025\/03\/LLDPE-stretch-film-300x300.webp 300w, https:\/\/cortesolda.com.br\/por\/wp-content\/uploads\/2025\/03\/LLDPE-stretch-film-150x150.webp 150w, https:\/\/cortesolda.com.br\/por\/wp-content\/uploads\/2025\/03\/LLDPE-stretch-film-430x430.webp 430w\" sizes=\"(max-width: 245px) 100vw, 245px\" \/><\/p>\n<p>instalar m\u00e1quina de filme stretch na f\u00e1brica do cliente.<\/p>\n<p><img decoding=\"async\" class=\" wp-image-30763\" src=\"https:\/\/cortesolda.com.br\/por\/wp-content\/uploads\/2025\/03\/instalar-maquina-de-filme-stretch-na-fabrica-do-cliente.webp\" alt=\"instalar m\u00e1quina de filme stretch na f\u00e1brica do cliente.\" width=\"451\" height=\"451\" srcset=\"https:\/\/cortesolda.com.br\/por\/wp-content\/uploads\/2025\/03\/instalar-maquina-de-filme-stretch-na-fabrica-do-cliente.webp 497w, https:\/\/cortesolda.com.br\/por\/wp-content\/uploads\/2025\/03\/instalar-maquina-de-filme-stretch-na-fabrica-do-cliente-300x300.webp 300w, https:\/\/cortesolda.com.br\/por\/wp-content\/uploads\/2025\/03\/instalar-maquina-de-filme-stretch-na-fabrica-do-cliente-150x150.webp 150w, https:\/\/cortesolda.com.br\/por\/wp-content\/uploads\/2025\/03\/instalar-maquina-de-filme-stretch-na-fabrica-do-cliente-430x430.webp 430w\" sizes=\"(max-width: 451px) 100vw, 451px\" \/><\/p>\n<p><span style=\"font-size: 16px;\">Equipamento opcional:<\/span>1) Carga autom\u00e1tica<\/p>\n<p>2) funil de secagem autom\u00e1tica<\/p>\n<p>3) Motorize o trocador de rede<\/p>\n<p>4) Trocador de rede hidr\u00e1ulico<\/p>\n<p>5) bombas amarelas<\/p>\n<p>6.compressor de ar<\/p>\n<p>7. Resfriador<\/p>\n<p>8. Res\u00edduos de filmes online<\/p>\n<table>\n<tbody>\n<tr>\n<td width=\"218\">Item\/Modelo<\/td>\n<td width=\"248\">Camadas duplas de 500 mm<\/td>\n<td width=\"255\">Camadas duplas de 1000 mm<\/td>\n<\/tr>\n<tr>\n<td width=\"218\">Mat\u00e9ria-prima<\/td>\n<td width=\"248\">PEBDL, PEBD<\/td>\n<td width=\"255\">PEBDL, PEBD<\/td>\n<\/tr>\n<tr>\n<td width=\"218\">Di\u00e2metro do parafuso (mm)<\/td>\n<td width=\"248\">65<\/td>\n<td width=\"255\">65<\/td>\n<\/tr>\n<tr>\n<td width=\"218\">Rela\u00e7\u00e3o L\/D do parafuso (L\/D)<\/td>\n<td width=\"248\">30:1<\/td>\n<td width=\"255\">30:1<\/td>\n<\/tr>\n<tr>\n<td width=\"218\">Largura do molde da matriz em T (mm)<\/td>\n<td width=\"248\">750 mm<\/td>\n<td width=\"255\">1250mm<\/td>\n<\/tr>\n<tr>\n<td width=\"218\">Largura do filme (mm)<\/td>\n<td width=\"248\">500 mm<\/td>\n<td width=\"255\">1000mm (500*2 rolos)<\/td>\n<\/tr>\n<tr>\n<td width=\"218\">Espessura do filme (mm)<\/td>\n<td width=\"248\">0,017-0,05<\/td>\n<td width=\"255\">0,017-0,05<\/td>\n<\/tr>\n<tr>\n<td width=\"218\">Cor do filme<\/td>\n<td colspan=\"2\" width=\"504\">Transparente,Preto,Vermelho,Branco,azul\u2026cor do filme alterada por mastbatch<\/td>\n<\/tr>\n<tr>\n<td width=\"218\">Camada de filme<\/td>\n<td width=\"248\">Duas camadas A\/B<\/td>\n<td width=\"255\">Duas camadas A\/B<\/td>\n<\/tr>\n<tr>\n<td width=\"218\">Sa\u00edda m\u00e1xima (kg\/h)<\/td>\n<td width=\"248\">40<\/td>\n<td width=\"255\">80<\/td>\n<\/tr>\n<tr>\n<td width=\"218\">Velocidade linear de m\u00e1quinas (m\/min)<\/td>\n<td width=\"248\">50-100<\/td>\n<td width=\"255\">50-100<\/td>\n<\/tr>\n<tr>\n<td width=\"218\">Pot\u00eancia total (KW)<\/td>\n<td width=\"248\">45<\/td>\n<td width=\"255\">80<\/td>\n<\/tr>\n<tr>\n<td width=\"218\">Dimens\u00f5es totais (L*W*H)<\/td>\n<td width=\"248\">10*4*3m<\/td>\n<td width=\"255\">10*4*3m<\/td>\n<\/tr>\n<tr>\n<td width=\"218\">Peso (T)<\/td>\n<td width=\"248\">8<\/td>\n<td width=\"255\">8<\/td>\n<\/tr>\n<tr>\n<td width=\"218\">Consumo de ar<\/td>\n<td width=\"248\">3m<sup>3<\/sup>\/min<\/td>\n<td width=\"255\">3m<sup>3<\/sup>\/min<\/td>\n<\/tr>\n<tr>\n<td width=\"218\">Consumo de \u00e1gua<\/td>\n<td width=\"248\">0,5 m<sup>3<\/sup>\/h<\/td>\n<td width=\"255\">0,5 m<sup>3<\/sup>\/h<\/td>\n<\/tr>\n<tr>\n<td width=\"218\">Di\u00e2metro do eixo de ar<\/td>\n<td width=\"248\">76 mm<\/td>\n<td width=\"255\">76 mm<\/td>\n<\/tr>\n<tr>\n<td width=\"218\">Tempo de trabalho da m\u00e1quina<\/td>\n<td width=\"248\">24 horas*7<\/td>\n<td width=\"255\">24 horas*7<\/td>\n<\/tr>\n<tr>\n<td width=\"218\">Tempo de entrega<\/td>\n<td width=\"248\">30~45 dias<\/td>\n<td width=\"255\">30~45 dias<\/td>\n<\/tr>\n<tr>\n<td width=\"218\">garantia<\/td>\n<td width=\"248\">1 ano<\/td>\n<td width=\"255\">1 ano<\/td>\n<\/tr>\n<tr>\n<td width=\"218\">Poder<\/td>\n<td colspan=\"2\" width=\"504\">Personalizado com base no pedido (por exemplo: EUA 480V 60Hz, M\u00e9xico 440V\/220V 60Hz, Ar\u00e1bia Saudita 380V 60Hz, Nig\u00e9ria 415V 50Hz&#8230;)<\/td>\n<\/tr>\n<\/tbody>\n<\/table>\n<p>\u203bAs especifica\u00e7\u00f5es corretas dependem do modelo real.Todas as especifica\u00e7\u00f5es est\u00e3o sujeitas a altera\u00e7\u00f5es sem aviso pr\u00e9vio.<\/p>\n<p>Envio de m\u00e1quina de filme stretch<\/p>\n<p><img decoding=\"async\" class=\" wp-image-30744\" src=\"https:\/\/cortesolda.com.br\/por\/wp-content\/uploads\/2025\/03\/Extrusora-de-stretch-film.webp\" alt=\"Extrusora de stretch film\" width=\"449\" height=\"449\" srcset=\"https:\/\/cortesolda.com.br\/por\/wp-content\/uploads\/2025\/03\/Extrusora-de-stretch-film.webp 497w, https:\/\/cortesolda.com.br\/por\/wp-content\/uploads\/2025\/03\/Extrusora-de-stretch-film-300x300.webp 300w, https:\/\/cortesolda.com.br\/por\/wp-content\/uploads\/2025\/03\/Extrusora-de-stretch-film-150x150.webp 150w, https:\/\/cortesolda.com.br\/por\/wp-content\/uploads\/2025\/03\/Extrusora-de-stretch-film-430x430.webp 430w\" sizes=\"(max-width: 449px) 100vw, 449px\" \/><\/p>\n<p>instalar m\u00e1quina de filme stretch na f\u00e1brica do cliente.<\/p>\n<div id=\"attachment_30768\" style=\"width: 459px\" class=\"wp-caption alignnone\"><img loading=\"lazy\" decoding=\"async\" aria-describedby=\"caption-attachment-30768\" class=\" wp-image-30768\" src=\"https:\/\/cortesolda.com.br\/por\/wp-content\/uploads\/2025\/03\/instalar-maquina-de-filme-stretch-na-fabrica-do-clientes.jpg\" alt=\"instalar m\u00e1quina de filme stretch na f\u00e1brica do cliente.\" width=\"449\" height=\"449\" srcset=\"https:\/\/cortesolda.com.br\/por\/wp-content\/uploads\/2025\/03\/instalar-maquina-de-filme-stretch-na-fabrica-do-clientes.jpg 468w, https:\/\/cortesolda.com.br\/por\/wp-content\/uploads\/2025\/03\/instalar-maquina-de-filme-stretch-na-fabrica-do-clientes-300x300.jpg 300w, https:\/\/cortesolda.com.br\/por\/wp-content\/uploads\/2025\/03\/instalar-maquina-de-filme-stretch-na-fabrica-do-clientes-150x150.jpg 150w, https:\/\/cortesolda.com.br\/por\/wp-content\/uploads\/2025\/03\/instalar-maquina-de-filme-stretch-na-fabrica-do-clientes-430x430.jpg 430w\" sizes=\"(max-width: 449px) 100vw, 449px\" \/><p id=\"caption-attachment-30768\" class=\"wp-caption-text\"><span style=\"font-size: 16px;\">Nosso principal parceiro de pe\u00e7as \u00e9 a seguinte marca, mas as pe\u00e7as padr\u00e3o s\u00e3o todas fabricadas na China.<\/span><\/p><\/div>\n<div class=\"product-tab-desc\">\n<div id=\"attachment_30678\" class=\"wp-caption alignnone\" style=\"width: 446px;\">\n<p><img loading=\"lazy\" decoding=\"async\" class=\" wp-image-30678\" src=\"https:\/\/cortesolda.com.br\/por\/wp-content\/uploads\/2025\/03\/Nosso-principal-parceiro-de-pecas-e-a-seguinte-marca.jpg\" sizes=\"(max-width: 465px) 100vw, 465px\" srcset=\"https:\/\/cortesolda.com.br\/por\/wp-content\/uploads\/2025\/03\/Nosso-principal-parceiro-de-pecas-e-a-seguinte-marca.jpg 875w, https:\/\/cortesolda.com.br\/por\/wp-content\/uploads\/2025\/03\/Nosso-principal-parceiro-de-pecas-e-a-seguinte-marca-400x230.jpg 400w, https:\/\/cortesolda.com.br\/por\/wp-content\/uploads\/2025\/03\/Nosso-principal-parceiro-de-pecas-e-a-seguinte-marca-768x442.jpg 768w, https:\/\/cortesolda.com.br\/por\/wp-content\/uploads\/2025\/03\/Nosso-principal-parceiro-de-pecas-e-a-seguinte-marca-430x248.jpg 430w, https:\/\/cortesolda.com.br\/por\/wp-content\/uploads\/2025\/03\/Nosso-principal-parceiro-de-pecas-e-a-seguinte-marca-700x403.jpg 700w, https:\/\/cortesolda.com.br\/por\/wp-content\/uploads\/2025\/03\/Nosso-principal-parceiro-de-pecas-e-a-seguinte-marca-150x86.jpg 150w\" alt=\"Nosso principal parceiro de pe\u00e7as \u00e9 a seguinte marca\" width=\"446\" height=\"257\" aria-describedby=\"caption-attachment-30678\" \/><\/p>\n<p id=\"caption-attachment-30678\" class=\"wp-caption-text\">Fornecedores de mat\u00e9ria-prima de polietileno<\/p>\n<\/div>\n<\/div>\n<div id=\"attachment_30728\" class=\"wp-caption alignnone\" style=\"width: 442px;\">\n<p><img loading=\"lazy\" decoding=\"async\" class=\" wp-image-30728\" src=\"https:\/\/cortesolda.com.br\/por\/wp-content\/uploads\/2025\/03\/Fornecedores-de-materia-prima-de-polietileno.jpg\" sizes=\"(max-width: 400px) 100vw, 400px\" srcset=\"https:\/\/cortesolda.com.br\/por\/wp-content\/uploads\/2025\/03\/Fornecedores-de-materia-prima-de-polietileno.jpg 400w, https:\/\/cortesolda.com.br\/por\/wp-content\/uploads\/2025\/03\/Fornecedores-de-materia-prima-de-polietileno-300x300.jpg 300w, https:\/\/cortesolda.com.br\/por\/wp-content\/uploads\/2025\/03\/Fornecedores-de-materia-prima-de-polietileno-150x150.jpg 150w\" alt=\"Fornecedores de mat\u00e9ria prima de polietileno\" width=\"442\" height=\"442\" aria-describedby=\"caption-attachment-30728\" \/><\/p>\n<p id=\"caption-attachment-30728\" class=\"wp-caption-text\">f\u00e1brica do cliente<\/p>\n<\/div>\n<div class=\"product-tab-desc\">\n<div id=\"attachment_29712\" class=\"wp-caption alignnone\" data-rm-block-id=\"block-60\">\n<div id=\"attachment_30680\" class=\"wp-caption alignnone\" style=\"width: 450px;\">\n<p><img loading=\"lazy\" decoding=\"async\" class=\" wp-image-30680\" src=\"https:\/\/cortesolda.com.br\/por\/wp-content\/uploads\/2025\/03\/fornecedor-de-pecas-plasticas-para-maquinas.webp\" sizes=\"(max-width: 466px) 100vw, 466px\" srcset=\"https:\/\/cortesolda.com.br\/por\/wp-content\/uploads\/2025\/03\/fornecedor-de-pecas-plasticas-para-maquinas.webp 497w, https:\/\/cortesolda.com.br\/por\/wp-content\/uploads\/2025\/03\/fornecedor-de-pecas-plasticas-para-maquinas-300x300.webp 300w, https:\/\/cortesolda.com.br\/por\/wp-content\/uploads\/2025\/03\/fornecedor-de-pecas-plasticas-para-maquinas-150x150.webp 150w, https:\/\/cortesolda.com.br\/por\/wp-content\/uploads\/2025\/03\/fornecedor-de-pecas-plasticas-para-maquinas-430x430.webp 430w\" alt=\"fornecedor de pe\u00e7as pl\u00e1sticas para m\u00e1quinas\" width=\"450\" height=\"450\" aria-describedby=\"caption-attachment-30680\" \/><\/p>\n<p id=\"caption-attachment-30680\" class=\"wp-caption-text\">f\u00e1brica do cliente<\/p>\n<\/div>\n<\/div>\n<div id=\"attachment_29712\" class=\"wp-caption alignnone\" data-rm-block-id=\"block-61\">\n<div id=\"attachment_30681\" class=\"wp-caption alignnone\" style=\"width: 455px;\">\n<p><img loading=\"lazy\" decoding=\"async\" class=\" wp-image-30681\" src=\"https:\/\/cortesolda.com.br\/por\/wp-content\/uploads\/2025\/03\/fabrica-do-cliente.webp\" sizes=\"(max-width: 467px) 100vw, 467px\" srcset=\"https:\/\/cortesolda.com.br\/por\/wp-content\/uploads\/2025\/03\/fabrica-do-cliente.webp 467w, https:\/\/cortesolda.com.br\/por\/wp-content\/uploads\/2025\/03\/fabrica-do-cliente-296x300.webp 296w, https:\/\/cortesolda.com.br\/por\/wp-content\/uploads\/2025\/03\/fabrica-do-cliente-430x436.webp 430w, https:\/\/cortesolda.com.br\/por\/wp-content\/uploads\/2025\/03\/fabrica-do-cliente-150x152.webp 150w\" alt=\"f\u00e1brica do cliente \" width=\"455\" height=\"462\" aria-describedby=\"caption-attachment-30681\" \/><\/p>\n<p id=\"caption-attachment-30681\" class=\"wp-caption-text\">m\u00e1quinas exportadas para todo o mundo.<\/p>\n<\/div>\n<\/div>\n<div id=\"attachment_29719\" class=\"wp-caption alignnone\" data-rm-block-id=\"block-62\">\n<div id=\"attachment_30682\" class=\"wp-caption alignnone\" style=\"width: 450px;\">\n<p><img loading=\"lazy\" decoding=\"async\" class=\" wp-image-30682\" src=\"https:\/\/cortesolda.com.br\/por\/wp-content\/uploads\/2025\/03\/maquinas-exportadas-para-todo-o-mundo.webp\" sizes=\"(max-width: 468px) 100vw, 468px\" srcset=\"https:\/\/cortesolda.com.br\/por\/wp-content\/uploads\/2025\/03\/maquinas-exportadas-para-todo-o-mundo.webp 800w, https:\/\/cortesolda.com.br\/por\/wp-content\/uploads\/2025\/03\/maquinas-exportadas-para-todo-o-mundo-400x202.webp 400w, https:\/\/cortesolda.com.br\/por\/wp-content\/uploads\/2025\/03\/maquinas-exportadas-para-todo-o-mundo-768x387.webp 768w, https:\/\/cortesolda.com.br\/por\/wp-content\/uploads\/2025\/03\/maquinas-exportadas-para-todo-o-mundo-430x217.webp 430w, https:\/\/cortesolda.com.br\/por\/wp-content\/uploads\/2025\/03\/maquinas-exportadas-para-todo-o-mundo-700x353.webp 700w, https:\/\/cortesolda.com.br\/por\/wp-content\/uploads\/2025\/03\/maquinas-exportadas-para-todo-o-mundo-150x76.webp 150w\" alt=\"m\u00e1quinas exportadas para todo o mundo.\" width=\"450\" height=\"227\" aria-describedby=\"caption-attachment-30682\" \/><\/p>\n<p id=\"caption-attachment-30682\" class=\"wp-caption-text\">Processo de produ\u00e7\u00e3o de sacolas pl\u00e1sticas<\/p>\n<\/div>\n<\/div>\n<div id=\"attachment_29720\" class=\"wp-caption alignnone\" style=\"width: 453px;\">\n<p data-rm-block-id=\"block-63\"><img loading=\"lazy\" decoding=\"async\" class=\" wp-image-30683\" src=\"https:\/\/cortesolda.com.br\/por\/wp-content\/uploads\/2025\/03\/Processo-de-producao-de-sacolas-plasticas.webp\" sizes=\"(max-width: 467px) 100vw, 467px\" srcset=\"https:\/\/cortesolda.com.br\/por\/wp-content\/uploads\/2025\/03\/Processo-de-producao-de-sacolas-plasticas.webp 1038w, https:\/\/cortesolda.com.br\/por\/wp-content\/uploads\/2025\/03\/Processo-de-producao-de-sacolas-plasticas-315x300.webp 315w, https:\/\/cortesolda.com.br\/por\/wp-content\/uploads\/2025\/03\/Processo-de-producao-de-sacolas-plasticas-840x800.webp 840w, https:\/\/cortesolda.com.br\/por\/wp-content\/uploads\/2025\/03\/Processo-de-producao-de-sacolas-plasticas-768x732.webp 768w, https:\/\/cortesolda.com.br\/por\/wp-content\/uploads\/2025\/03\/Processo-de-producao-de-sacolas-plasticas-430x410.webp 430w, https:\/\/cortesolda.com.br\/por\/wp-content\/uploads\/2025\/03\/Processo-de-producao-de-sacolas-plasticas-700x667.webp 700w, https:\/\/cortesolda.com.br\/por\/wp-content\/uploads\/2025\/03\/Processo-de-producao-de-sacolas-plasticas-150x143.webp 150w\" alt=\"Processo de produ\u00e7\u00e3o de sacolas pl\u00e1sticas\" width=\"453\" height=\"432\" \/><\/p>\n<\/div>\n<\/div>\n<\/div>\n<\/div>\n","protected":false},"excerpt":{"rendered":"<p>Extrusora de Filme S<\/p>\n","protected":false},"featured_media":30182,"comment_status":"closed","ping_status":"closed","template":"","meta":{"_acf_changed":false,"_oss_video_url":""},"product_brand":[],"product_cat":[86],"product_tag":[],"class_list":{"0":"post-30180","1":"product","2":"type-product","3":"status-publish","4":"has-post-thumbnail","6":"product_cat-extrusora-para-filme-stretch","8":"first","9":"instock","10":"shipping-taxable","11":"product-type-simple"},"acf":[],"_links":{"self":[{"href":"https:\/\/cortesolda.com.br\/por\/wp-json\/wp\/v2\/product\/30180","targetHints":{"allow":["GET"]}}],"collection":[{"href":"https:\/\/cortesolda.com.br\/por\/wp-json\/wp\/v2\/product"}],"about":[{"href":"https:\/\/cortesolda.com.br\/por\/wp-json\/wp\/v2\/types\/product"}],"replies":[{"embeddable":true,"href":"https:\/\/cortesolda.com.br\/por\/wp-json\/wp\/v2\/comments?post=30180"}],"version-history":[{"count":0,"href":"https:\/\/cortesolda.com.br\/por\/wp-json\/wp\/v2\/product\/30180\/revisions"}],"wp:featuredmedia":[{"embeddable":true,"href":"https:\/\/cortesolda.com.br\/por\/wp-json\/wp\/v2\/media\/30182"}],"wp:attachment":[{"href":"https:\/\/cortesolda.com.br\/por\/wp-json\/wp\/v2\/media?parent=30180"}],"wp:term":[{"taxonomy":"product_brand","embeddable":true,"href":"https:\/\/cortesolda.com.br\/por\/wp-json\/wp\/v2\/product_brand?post=30180"},{"taxonomy":"product_cat","embeddable":true,"href":"https:\/\/cortesolda.com.br\/por\/wp-json\/wp\/v2\/product_cat?post=30180"},{"taxonomy":"product_tag","embeddable":true,"href":"https:\/\/cortesolda.com.br\/por\/wp-json\/wp\/v2\/product_tag?post=30180"}],"curies":[{"name":"wp","href":"https:\/\/api.w.org\/{rel}","templated":true}]}}