{"id":30189,"date":"2025-03-28T15:32:05","date_gmt":"2025-03-28T07:32:05","guid":{"rendered":"https:\/\/hotpink-lyrebird-701956.hostingersite.com\/?post_type=product&#038;p=30189"},"modified":"2025-07-06T16:33:29","modified_gmt":"2025-07-06T08:33:29","slug":"extrusora-de-filme-stretch-pe-maquinas-de-alta-qualidade-extrusora-de-filme-stretch","status":"publish","type":"product","link":"https:\/\/cortesolda.com.br\/por\/extrusora-de-filme-stretch-pe-maquinas-de-alta-qualidade-extrusora-de-filme-stretch","title":{"rendered":"Extrusora de Filme Stretch PE\u00a0 &#8211; 1 Camadas"},"content":{"rendered":"<div id=\"tab-desc\" class=\"tab-pane active\" role=\"tabpanel\">\n<div class=\"ProductAttr\">\n<div class=\"ProductAttrItem\">\n<div class=\"ProductAttr-title\">\n<div class=\"ProductAttr\">\n<div class=\"ProductAttrItem\">\n<div class=\"ProductAttr-text\">\n<h5 class=\"title\">Extrusora de Filme Stretch PE\u00a0 &#8211; 1 Camadas<\/h5>\n<\/div>\n<\/div>\n<\/div>\n<div class=\"product-tab-desc\">\n<p>Extrusora de Filme Stretch PE &#8211; 1 Camadas caracter\u00edsticas:<br \/>\nCaracter\u00edstica:<br \/>\n1.euMat\u00e9ria-prima virgem LLDPE, ldpe, material reciclado, masterbatch e aditivos<br \/>\n2.Velocidade da extrusora de filme de controle do inversor, economize energia,ECOeeconomizar custos.<br \/>\n3.Espessura do filme 0,017mm-0.04mil\u00edmetros<br \/>\n4.Largura do filme 100mm-500mm<br \/>\n5.terno de filme paraFilme estir\u00e1vel, embalagem de paletes, embalagem de papel\u00e3o, embalagem de material de constru\u00e7\u00e3o, embalagem de autope\u00e7as, embalagem de ferragens, embalagem de bagagem,<br \/>\n6.O material do parafuso \u00e9 38CrMoAl, pode usar muito tempo<br \/>\n7.A garantia \u00e9 de um ano, a m\u00e1quina pode funcionar sem parar, 24 8.horas por dia, 7 dias por semana<br \/>\n9.M\u00e1quina com design simples, f\u00e1cil de operar<br \/>\n10.A m\u00e1quina \u00e9 um design econ\u00f4mico, adequado para novos iniciantes ou iniciantes<br \/>\n11.Pot\u00eancia da m\u00e1quina 220V,380V,440V,480V (Personalizado com base no pedido)<br \/>\n12.Oferecer servi\u00e7o p\u00f3s-venda, pode enviar engenheiro para a f\u00e1brica do comprador, para instalar a m\u00e1quina e pagar o servi\u00e7o de treinamento.<\/p>\n<\/div>\n<\/div>\n<\/div>\n<\/div>\n<div class=\"product-tab-desc\">\n<p><img fetchpriority=\"high\" decoding=\"async\" class=\" wp-image-30761\" src=\"https:\/\/cortesolda.com.br\/por\/wp-content\/uploads\/2025\/03\/LLDPE-stretch-film.webp\" alt=\"LLDPE stretch film\" width=\"245\" height=\"245\" srcset=\"https:\/\/cortesolda.com.br\/por\/wp-content\/uploads\/2025\/03\/LLDPE-stretch-film.webp 497w, https:\/\/cortesolda.com.br\/por\/wp-content\/uploads\/2025\/03\/LLDPE-stretch-film-300x300.webp 300w, https:\/\/cortesolda.com.br\/por\/wp-content\/uploads\/2025\/03\/LLDPE-stretch-film-150x150.webp 150w, https:\/\/cortesolda.com.br\/por\/wp-content\/uploads\/2025\/03\/LLDPE-stretch-film-430x430.webp 430w\" sizes=\"(max-width: 245px) 100vw, 245px\" \/><\/p>\n<p>Equipamento opcional:<\/p>\n<p>1) Carga autom\u00e1tica<\/p>\n<p>2) funil de secagem autom\u00e1tica<\/p>\n<p>3) Motorize o trocador de rede<\/p>\n<p>4) Trocador de rede hidr\u00e1ulico<\/p>\n<p>5) bombas amarelas<\/p>\n<p>6.compressor de ar<\/p>\n<p>7. Resfriador<\/p>\n<p>8. Res\u00edduos de filmes online<\/p>\n<p><strong>instalar m\u00e1quina de filme stretch na f\u00e1brica do cliente.<\/strong><\/p>\n<p><img decoding=\"async\" class=\" wp-image-30763\" src=\"https:\/\/cortesolda.com.br\/por\/wp-content\/uploads\/2025\/03\/instalar-maquina-de-filme-stretch-na-fabrica-do-cliente.webp\" alt=\"instalar m\u00e1quina de filme stretch na f\u00e1brica do cliente.\" width=\"451\" height=\"451\" srcset=\"https:\/\/cortesolda.com.br\/por\/wp-content\/uploads\/2025\/03\/instalar-maquina-de-filme-stretch-na-fabrica-do-cliente.webp 497w, https:\/\/cortesolda.com.br\/por\/wp-content\/uploads\/2025\/03\/instalar-maquina-de-filme-stretch-na-fabrica-do-cliente-300x300.webp 300w, https:\/\/cortesolda.com.br\/por\/wp-content\/uploads\/2025\/03\/instalar-maquina-de-filme-stretch-na-fabrica-do-cliente-150x150.webp 150w, https:\/\/cortesolda.com.br\/por\/wp-content\/uploads\/2025\/03\/instalar-maquina-de-filme-stretch-na-fabrica-do-cliente-430x430.webp 430w\" sizes=\"(max-width: 451px) 100vw, 451px\" \/><\/p>\n<p>Par\u00e2metro t\u00e9cnico principal<\/p>\n<table>\n<tbody>\n<tr>\n<td width=\"214\">Modelo<\/td>\n<td width=\"235\">KD-50<\/td>\n<td width=\"176\">KD-75<\/td>\n<\/tr>\n<tr>\n<td width=\"214\">Material<\/td>\n<td colspan=\"2\" width=\"411\">LLDPE,LDPE,material biodegrad\u00e1vel<\/td>\n<\/tr>\n<tr>\n<td width=\"214\">Di\u00e2metro do parafuso<\/td>\n<td width=\"235\">\u03a650mm<\/td>\n<td width=\"176\">\u03a675mm<\/td>\n<\/tr>\n<tr>\n<td width=\"214\">Camada de filme<\/td>\n<td width=\"235\">Uma camada<\/td>\n<td width=\"176\">Uma camada<\/td>\n<\/tr>\n<tr>\n<td width=\"214\">Rela\u00e7\u00e3o L\/D do Parafuso<\/td>\n<td width=\"235\">30:1<\/td>\n<td width=\"176\">30:1<\/td>\n<\/tr>\n<tr>\n<td width=\"214\">Velocidade do Parafuso<\/td>\n<td width=\"235\">10-120 rpm<\/td>\n<td width=\"176\">10-120 rpm<\/td>\n<\/tr>\n<tr>\n<td width=\"214\">Largura do filme<\/td>\n<td width=\"235\">200-500mm<\/td>\n<td width=\"176\">200-1000mm<\/td>\n<\/tr>\n<tr>\n<td width=\"214\">Espessura do filme<\/td>\n<td width=\"235\">0,017-0,04 mm<\/td>\n<td width=\"176\">0,017-0,04 mm<\/td>\n<\/tr>\n<tr>\n<td width=\"214\">Pot\u00eancia do motor principal<\/td>\n<td width=\"235\">11kw<\/td>\n<td width=\"176\">30kw<\/td>\n<\/tr>\n<tr>\n<td width=\"214\">Cor do filme<\/td>\n<td colspan=\"2\" width=\"411\">Transparente,Preto,Vermelho,Branco,azul&#8230; cor do saco alterada por mastbatch<\/td>\n<\/tr>\n<tr>\n<td width=\"214\">Sa\u00edda m\u00e1xima<\/td>\n<td width=\"235\">35kg<\/td>\n<td width=\"176\">80kg<\/td>\n<\/tr>\n<tr>\n<td width=\"214\">Pot\u00eancia de aquecimento<\/td>\n<td width=\"235\">15KW<\/td>\n<td width=\"176\">40KW<\/td>\n<\/tr>\n<tr>\n<td width=\"214\">Consumo de \u00e1gua<\/td>\n<td width=\"235\">0,5 m<sup>3<\/sup>\/h<\/td>\n<td width=\"176\">0,5 m<sup>3<\/sup>\/h<\/td>\n<\/tr>\n<tr>\n<td width=\"214\">Consumo de ar<\/td>\n<td width=\"235\">3m<sup>3<\/sup>\/h<\/td>\n<td width=\"176\">3m<sup>3<\/sup>\/h<\/td>\n<\/tr>\n<tr>\n<td width=\"214\">Peso da m\u00e1quina<\/td>\n<td width=\"235\">3T<\/td>\n<td width=\"176\">4T<\/td>\n<\/tr>\n<tr>\n<td width=\"214\">Dimens\u00f5es totais (L*W*H)<\/td>\n<td width=\"235\">56*15*18 cm<\/td>\n<td width=\"176\">60*15*25 cm<\/td>\n<\/tr>\n<tr>\n<td width=\"214\">Poder total<\/td>\n<td width=\"235\">40kw<\/td>\n<td width=\"176\">80kw<\/td>\n<\/tr>\n<tr>\n<td width=\"214\">Tens\u00e3o de Energia<\/td>\n<td width=\"235\">220V,380V,440V<\/td>\n<td width=\"176\">220V,380V,440V<\/td>\n<\/tr>\n<tr>\n<td width=\"214\">Tempo de trabalho da m\u00e1quina<\/td>\n<td width=\"235\">24 horas*7<\/td>\n<td width=\"176\">24 horas*7<\/td>\n<\/tr>\n<tr>\n<td width=\"214\">Di\u00e2metro do n\u00facleo do material<\/td>\n<td width=\"235\">76mm (3 polegadas)<\/td>\n<td width=\"176\">76mm (3 polegadas)<\/td>\n<\/tr>\n<tr>\n<td width=\"214\">garantia<\/td>\n<td width=\"235\">1 ano<\/td>\n<td width=\"176\">1 ano<\/td>\n<\/tr>\n<tr>\n<td width=\"214\">Assist\u00eancia t\u00e9cnica<\/td>\n<td colspan=\"2\" width=\"411\">Engenheiros dispon\u00edveis para atender m\u00e1quinas no exterior<\/td>\n<\/tr>\n<\/tbody>\n<\/table>\n<p>\u203bAs especifica\u00e7\u00f5es corretas dependem do modelo real.Todas as especifica\u00e7\u00f5es est\u00e3o sujeitas a altera\u00e7\u00f5es sem aviso pr\u00e9vio.<\/p>\n<p>Envio de m\u00e1quina de filme stretch<\/p>\n<p><img decoding=\"async\" class=\" wp-image-30744\" src=\"https:\/\/cortesolda.com.br\/por\/wp-content\/uploads\/2025\/03\/Extrusora-de-stretch-film.webp\" alt=\"Extrusora de stretch film\" width=\"449\" height=\"449\" srcset=\"https:\/\/cortesolda.com.br\/por\/wp-content\/uploads\/2025\/03\/Extrusora-de-stretch-film.webp 497w, https:\/\/cortesolda.com.br\/por\/wp-content\/uploads\/2025\/03\/Extrusora-de-stretch-film-300x300.webp 300w, https:\/\/cortesolda.com.br\/por\/wp-content\/uploads\/2025\/03\/Extrusora-de-stretch-film-150x150.webp 150w, https:\/\/cortesolda.com.br\/por\/wp-content\/uploads\/2025\/03\/Extrusora-de-stretch-film-430x430.webp 430w\" sizes=\"(max-width: 449px) 100vw, 449px\" \/><\/p>\n<p>instalar m\u00e1quina de filme stretch na f\u00e1brica do cliente.<\/p>\n<div id=\"attachment_30768\" style=\"width: 459px\" class=\"wp-caption alignnone\"><img loading=\"lazy\" decoding=\"async\" aria-describedby=\"caption-attachment-30768\" class=\" wp-image-30768\" src=\"https:\/\/cortesolda.com.br\/por\/wp-content\/uploads\/2025\/03\/instalar-maquina-de-filme-stretch-na-fabrica-do-clientes.jpg\" alt=\"instalar m\u00e1quina de filme stretch na f\u00e1brica do cliente.\" width=\"449\" height=\"449\" srcset=\"https:\/\/cortesolda.com.br\/por\/wp-content\/uploads\/2025\/03\/instalar-maquina-de-filme-stretch-na-fabrica-do-clientes.jpg 468w, https:\/\/cortesolda.com.br\/por\/wp-content\/uploads\/2025\/03\/instalar-maquina-de-filme-stretch-na-fabrica-do-clientes-300x300.jpg 300w, https:\/\/cortesolda.com.br\/por\/wp-content\/uploads\/2025\/03\/instalar-maquina-de-filme-stretch-na-fabrica-do-clientes-150x150.jpg 150w, https:\/\/cortesolda.com.br\/por\/wp-content\/uploads\/2025\/03\/instalar-maquina-de-filme-stretch-na-fabrica-do-clientes-430x430.jpg 430w\" sizes=\"(max-width: 449px) 100vw, 449px\" \/><p id=\"caption-attachment-30768\" class=\"wp-caption-text\"><span style=\"font-size: 16px;\">Nosso principal parceiro de pe\u00e7as \u00e9 a seguinte marca, mas as pe\u00e7as padr\u00e3o s\u00e3o todas fabricadas na China.<\/span><\/p><\/div>\n<div class=\"product-tab-desc\">\n<div id=\"attachment_30678\" class=\"wp-caption alignnone\" style=\"width: 446px;\">\n<p><img loading=\"lazy\" decoding=\"async\" class=\" wp-image-30678\" src=\"https:\/\/cortesolda.com.br\/por\/wp-content\/uploads\/2025\/03\/Nosso-principal-parceiro-de-pecas-e-a-seguinte-marca.jpg\" sizes=\"(max-width: 465px) 100vw, 465px\" srcset=\"https:\/\/cortesolda.com.br\/por\/wp-content\/uploads\/2025\/03\/Nosso-principal-parceiro-de-pecas-e-a-seguinte-marca.jpg 875w, https:\/\/cortesolda.com.br\/por\/wp-content\/uploads\/2025\/03\/Nosso-principal-parceiro-de-pecas-e-a-seguinte-marca-400x230.jpg 400w, https:\/\/cortesolda.com.br\/por\/wp-content\/uploads\/2025\/03\/Nosso-principal-parceiro-de-pecas-e-a-seguinte-marca-768x442.jpg 768w, https:\/\/cortesolda.com.br\/por\/wp-content\/uploads\/2025\/03\/Nosso-principal-parceiro-de-pecas-e-a-seguinte-marca-430x248.jpg 430w, https:\/\/cortesolda.com.br\/por\/wp-content\/uploads\/2025\/03\/Nosso-principal-parceiro-de-pecas-e-a-seguinte-marca-700x403.jpg 700w, https:\/\/cortesolda.com.br\/por\/wp-content\/uploads\/2025\/03\/Nosso-principal-parceiro-de-pecas-e-a-seguinte-marca-150x86.jpg 150w\" alt=\"Nosso principal parceiro de pe\u00e7as \u00e9 a seguinte marca\" width=\"446\" height=\"257\" aria-describedby=\"caption-attachment-30678\" \/><\/p>\n<p id=\"caption-attachment-30678\" class=\"wp-caption-text\">Fornecedores de mat\u00e9ria-prima de polietileno<\/p>\n<\/div>\n<\/div>\n<div id=\"attachment_30728\" class=\"wp-caption alignnone\" style=\"width: 442px;\">\n<p><img loading=\"lazy\" decoding=\"async\" class=\" wp-image-30728\" src=\"https:\/\/cortesolda.com.br\/por\/wp-content\/uploads\/2025\/03\/Fornecedores-de-materia-prima-de-polietileno.jpg\" sizes=\"(max-width: 400px) 100vw, 400px\" srcset=\"https:\/\/cortesolda.com.br\/por\/wp-content\/uploads\/2025\/03\/Fornecedores-de-materia-prima-de-polietileno.jpg 400w, https:\/\/cortesolda.com.br\/por\/wp-content\/uploads\/2025\/03\/Fornecedores-de-materia-prima-de-polietileno-300x300.jpg 300w, https:\/\/cortesolda.com.br\/por\/wp-content\/uploads\/2025\/03\/Fornecedores-de-materia-prima-de-polietileno-150x150.jpg 150w\" alt=\"Fornecedores de mat\u00e9ria prima de polietileno\" width=\"442\" height=\"442\" aria-describedby=\"caption-attachment-30728\" \/><\/p>\n<p id=\"caption-attachment-30728\" class=\"wp-caption-text\">f\u00e1brica do cliente<\/p>\n<\/div>\n<div class=\"product-tab-desc\">\n<div id=\"attachment_29712\" class=\"wp-caption alignnone\" data-rm-block-id=\"block-60\">\n<div id=\"attachment_30680\" class=\"wp-caption alignnone\" style=\"width: 450px;\">\n<p><img loading=\"lazy\" decoding=\"async\" class=\" wp-image-30680\" src=\"https:\/\/cortesolda.com.br\/por\/wp-content\/uploads\/2025\/03\/fornecedor-de-pecas-plasticas-para-maquinas.webp\" sizes=\"(max-width: 466px) 100vw, 466px\" srcset=\"https:\/\/cortesolda.com.br\/por\/wp-content\/uploads\/2025\/03\/fornecedor-de-pecas-plasticas-para-maquinas.webp 497w, https:\/\/cortesolda.com.br\/por\/wp-content\/uploads\/2025\/03\/fornecedor-de-pecas-plasticas-para-maquinas-300x300.webp 300w, https:\/\/cortesolda.com.br\/por\/wp-content\/uploads\/2025\/03\/fornecedor-de-pecas-plasticas-para-maquinas-150x150.webp 150w, https:\/\/cortesolda.com.br\/por\/wp-content\/uploads\/2025\/03\/fornecedor-de-pecas-plasticas-para-maquinas-430x430.webp 430w\" alt=\"fornecedor de pe\u00e7as pl\u00e1sticas para m\u00e1quinas\" width=\"450\" height=\"450\" aria-describedby=\"caption-attachment-30680\" \/><\/p>\n<p id=\"caption-attachment-30680\" class=\"wp-caption-text\">f\u00e1brica do cliente<\/p>\n<\/div>\n<\/div>\n<div id=\"attachment_29712\" class=\"wp-caption alignnone\" data-rm-block-id=\"block-61\">\n<div id=\"attachment_30681\" class=\"wp-caption alignnone\" style=\"width: 455px;\">\n<p><img loading=\"lazy\" decoding=\"async\" class=\" wp-image-30681\" src=\"https:\/\/cortesolda.com.br\/por\/wp-content\/uploads\/2025\/03\/fabrica-do-cliente.webp\" sizes=\"(max-width: 467px) 100vw, 467px\" srcset=\"https:\/\/cortesolda.com.br\/por\/wp-content\/uploads\/2025\/03\/fabrica-do-cliente.webp 467w, https:\/\/cortesolda.com.br\/por\/wp-content\/uploads\/2025\/03\/fabrica-do-cliente-296x300.webp 296w, https:\/\/cortesolda.com.br\/por\/wp-content\/uploads\/2025\/03\/fabrica-do-cliente-430x436.webp 430w, https:\/\/cortesolda.com.br\/por\/wp-content\/uploads\/2025\/03\/fabrica-do-cliente-150x152.webp 150w\" alt=\"f\u00e1brica do cliente \" width=\"455\" height=\"462\" aria-describedby=\"caption-attachment-30681\" \/><\/p>\n<p id=\"caption-attachment-30681\" class=\"wp-caption-text\">m\u00e1quinas exportadas para todo o mundo.<\/p>\n<\/div>\n<\/div>\n<div id=\"attachment_29719\" class=\"wp-caption alignnone\" data-rm-block-id=\"block-62\">\n<div id=\"attachment_30682\" class=\"wp-caption alignnone\" style=\"width: 450px;\">\n<p><img loading=\"lazy\" decoding=\"async\" class=\" wp-image-30682\" src=\"https:\/\/cortesolda.com.br\/por\/wp-content\/uploads\/2025\/03\/maquinas-exportadas-para-todo-o-mundo.webp\" sizes=\"(max-width: 468px) 100vw, 468px\" srcset=\"https:\/\/cortesolda.com.br\/por\/wp-content\/uploads\/2025\/03\/maquinas-exportadas-para-todo-o-mundo.webp 800w, https:\/\/cortesolda.com.br\/por\/wp-content\/uploads\/2025\/03\/maquinas-exportadas-para-todo-o-mundo-400x202.webp 400w, https:\/\/cortesolda.com.br\/por\/wp-content\/uploads\/2025\/03\/maquinas-exportadas-para-todo-o-mundo-768x387.webp 768w, https:\/\/cortesolda.com.br\/por\/wp-content\/uploads\/2025\/03\/maquinas-exportadas-para-todo-o-mundo-430x217.webp 430w, https:\/\/cortesolda.com.br\/por\/wp-content\/uploads\/2025\/03\/maquinas-exportadas-para-todo-o-mundo-700x353.webp 700w, https:\/\/cortesolda.com.br\/por\/wp-content\/uploads\/2025\/03\/maquinas-exportadas-para-todo-o-mundo-150x76.webp 150w\" alt=\"m\u00e1quinas exportadas para todo o mundo.\" width=\"450\" height=\"227\" aria-describedby=\"caption-attachment-30682\" \/><\/p>\n<p id=\"caption-attachment-30682\" class=\"wp-caption-text\">Processo de produ\u00e7\u00e3o de sacolas pl\u00e1sticas<\/p>\n<\/div>\n<\/div>\n<div id=\"attachment_29720\" class=\"wp-caption alignnone\" style=\"width: 453px;\">\n<p data-rm-block-id=\"block-63\"><img loading=\"lazy\" decoding=\"async\" class=\" wp-image-30683\" src=\"https:\/\/cortesolda.com.br\/por\/wp-content\/uploads\/2025\/03\/Processo-de-producao-de-sacolas-plasticas.webp\" sizes=\"(max-width: 467px) 100vw, 467px\" srcset=\"https:\/\/cortesolda.com.br\/por\/wp-content\/uploads\/2025\/03\/Processo-de-producao-de-sacolas-plasticas.webp 1038w, https:\/\/cortesolda.com.br\/por\/wp-content\/uploads\/2025\/03\/Processo-de-producao-de-sacolas-plasticas-315x300.webp 315w, https:\/\/cortesolda.com.br\/por\/wp-content\/uploads\/2025\/03\/Processo-de-producao-de-sacolas-plasticas-840x800.webp 840w, https:\/\/cortesolda.com.br\/por\/wp-content\/uploads\/2025\/03\/Processo-de-producao-de-sacolas-plasticas-768x732.webp 768w, https:\/\/cortesolda.com.br\/por\/wp-content\/uploads\/2025\/03\/Processo-de-producao-de-sacolas-plasticas-430x410.webp 430w, https:\/\/cortesolda.com.br\/por\/wp-content\/uploads\/2025\/03\/Processo-de-producao-de-sacolas-plasticas-700x667.webp 700w, https:\/\/cortesolda.com.br\/por\/wp-content\/uploads\/2025\/03\/Processo-de-producao-de-sacolas-plasticas-150x143.webp 150w\" alt=\"Processo de produ\u00e7\u00e3o de sacolas pl\u00e1sticas\" width=\"453\" height=\"432\" \/><\/p>\n<\/div>\n<\/div>\n<\/div>\n<\/div>\n","protected":false},"excerpt":{"rendered":"<p>Extrusora de Filme S<\/p>\n","protected":false},"featured_media":30191,"comment_status":"closed","ping_status":"closed","template":"","meta":{"_acf_changed":false,"_oss_video_url":""},"product_brand":[],"product_cat":[86],"product_tag":[],"class_list":{"0":"post-30189","1":"product","2":"type-product","3":"status-publish","4":"has-post-thumbnail","6":"product_cat-extrusora-para-filme-stretch","8":"first","9":"instock","10":"shipping-taxable","11":"product-type-simple"},"acf":[],"_links":{"self":[{"href":"https:\/\/cortesolda.com.br\/por\/wp-json\/wp\/v2\/product\/30189","targetHints":{"allow":["GET"]}}],"collection":[{"href":"https:\/\/cortesolda.com.br\/por\/wp-json\/wp\/v2\/product"}],"about":[{"href":"https:\/\/cortesolda.com.br\/por\/wp-json\/wp\/v2\/types\/product"}],"replies":[{"embeddable":true,"href":"https:\/\/cortesolda.com.br\/por\/wp-json\/wp\/v2\/comments?post=30189"}],"version-history":[{"count":0,"href":"https:\/\/cortesolda.com.br\/por\/wp-json\/wp\/v2\/product\/30189\/revisions"}],"wp:featuredmedia":[{"embeddable":true,"href":"https:\/\/cortesolda.com.br\/por\/wp-json\/wp\/v2\/media\/30191"}],"wp:attachment":[{"href":"https:\/\/cortesolda.com.br\/por\/wp-json\/wp\/v2\/media?parent=30189"}],"wp:term":[{"taxonomy":"product_brand","embeddable":true,"href":"https:\/\/cortesolda.com.br\/por\/wp-json\/wp\/v2\/product_brand?post=30189"},{"taxonomy":"product_cat","embeddable":true,"href":"https:\/\/cortesolda.com.br\/por\/wp-json\/wp\/v2\/product_cat?post=30189"},{"taxonomy":"product_tag","embeddable":true,"href":"https:\/\/cortesolda.com.br\/por\/wp-json\/wp\/v2\/product_tag?post=30189"}],"curies":[{"name":"wp","href":"https:\/\/api.w.org\/{rel}","templated":true}]}}