{"id":30195,"date":"2025-03-28T15:33:22","date_gmt":"2025-03-28T07:33:22","guid":{"rendered":"https:\/\/hotpink-lyrebird-701956.hostingersite.com\/?post_type=product&#038;p=30195"},"modified":"2025-07-06T19:38:09","modified_gmt":"2025-07-06T11:38:09","slug":"extrusora-de-filme-stretch-pe-3-camadas","status":"publish","type":"product","link":"https:\/\/cortesolda.com.br\/por\/extrusora-de-filme-stretch-pe-3-camadas","title":{"rendered":"Extrusora de Filme Stretch PE &#8211; 3 Camadas"},"content":{"rendered":"<div id=\"tab-desc\" class=\"tab-pane active\" role=\"tabpanel\">\n<div class=\"ProductAttr\">\n<div class=\"ProductAttrItem\" data-rm-block-id=\"block-1\">\u00a0<span style=\"color: #1b1919;\">Extrusora de Filme Stretch PE\u00a0 &#8211; 3 Camadas<\/span><\/div>\n<\/div>\n<div class=\"product-tab-desc\">\n<div class=\"product-tab-desc\">\n<p data-rm-block-id=\"block-2\">Extrusora de Filme Stretch PE &#8211; 3 Camadas caracter\u00edsticas:<br \/>\nCaracter\u00edstica:<br \/>\n1.euMat\u00e9ria-prima virgem LLDPE, ldpe, material reciclado, masterbatch e aditivos<br \/>\n2.Velocidade da extrusora de filme de controle do inversor, economize energia,ECOeeconomizar custos.<br \/>\n3.Espessura do filme 0,017mm-0.04mil\u00edmetros<br \/>\n4.Largura do filme 100mm-500mm<br \/>\n5.terno de filme paraFilme estir\u00e1vel, embalagem de paletes, embalagem de papel\u00e3o, embalagem de material de constru\u00e7\u00e3o, embalagem de autope\u00e7as, embalagem de ferragens, embalagem de bagagem,<br \/>\n6.O material do parafuso \u00e9 38CrMoAl, pode usar muito tempo<br \/>\n7.A garantia \u00e9 de um ano, a m\u00e1quina pode funcionar sem parar, 24 8.horas por dia, 7 dias por semana<br \/>\n9.M\u00e1quina com design simples, f\u00e1cil de operar<br \/>\n10.A m\u00e1quina \u00e9 um design econ\u00f4mico, adequado para novos iniciantes ou iniciantes<br \/>\n11.Pot\u00eancia da m\u00e1quina 220V,380V,440V,480V (Personalizado com base no pedido)<br \/>\n12.Oferecer servi\u00e7o p\u00f3s-venda, pode enviar engenheiro para a f\u00e1brica do comprador, para instalar a m\u00e1quina e pagar o servi\u00e7o de treinamento.<\/p>\n<p data-rm-block-id=\"block-3\"><img fetchpriority=\"high\" decoding=\"async\" class=\" wp-image-30761\" src=\"https:\/\/cortesolda.com.br\/por\/wp-content\/uploads\/2025\/03\/LLDPE-stretch-film.webp\" alt=\"LLDPE stretch film\" width=\"245\" height=\"245\" srcset=\"https:\/\/cortesolda.com.br\/por\/wp-content\/uploads\/2025\/03\/LLDPE-stretch-film.webp 497w, https:\/\/cortesolda.com.br\/por\/wp-content\/uploads\/2025\/03\/LLDPE-stretch-film-300x300.webp 300w, https:\/\/cortesolda.com.br\/por\/wp-content\/uploads\/2025\/03\/LLDPE-stretch-film-150x150.webp 150w, https:\/\/cortesolda.com.br\/por\/wp-content\/uploads\/2025\/03\/LLDPE-stretch-film-430x430.webp 430w\" sizes=\"(max-width: 245px) 100vw, 245px\" \/><\/p>\n<p data-rm-block-id=\"block-4\">instalar m\u00e1quina de filme stretch na f\u00e1brica do cliente.<\/p>\n<p data-rm-block-id=\"block-5\"><img decoding=\"async\" class=\"alignnone wp-image-30763\" title=\"Extrusora de Filme Stretch PE \" src=\"https:\/\/cortesolda.com.br\/por\/wp-content\/uploads\/2025\/03\/instalar-maquina-de-filme-stretch-na-fabrica-do-cliente.webp\" alt=\"instalar m\u00e1quina de filme stretch na f\u00e1brica do cliente.\" width=\"451\" height=\"451\" srcset=\"https:\/\/cortesolda.com.br\/por\/wp-content\/uploads\/2025\/03\/instalar-maquina-de-filme-stretch-na-fabrica-do-cliente.webp 497w, https:\/\/cortesolda.com.br\/por\/wp-content\/uploads\/2025\/03\/instalar-maquina-de-filme-stretch-na-fabrica-do-cliente-300x300.webp 300w, https:\/\/cortesolda.com.br\/por\/wp-content\/uploads\/2025\/03\/instalar-maquina-de-filme-stretch-na-fabrica-do-cliente-150x150.webp 150w, https:\/\/cortesolda.com.br\/por\/wp-content\/uploads\/2025\/03\/instalar-maquina-de-filme-stretch-na-fabrica-do-cliente-430x430.webp 430w\" sizes=\"(max-width: 451px) 100vw, 451px\" \/><\/p>\n<p data-rm-block-id=\"block-6\"><span style=\"font-size: 16px;\">Equipamento opcional:<\/span>1) Carga autom\u00e1tica<\/p>\n<p data-rm-block-id=\"block-7\">2) funil de secagem autom\u00e1tica<\/p>\n<p data-rm-block-id=\"block-8\">3) Motorize o trocador de rede<\/p>\n<p data-rm-block-id=\"block-9\">4) Trocador de rede hidr\u00e1ulico<\/p>\n<p data-rm-block-id=\"block-10\">5) bombas amarelas<\/p>\n<p data-rm-block-id=\"block-11\">6.compressor de ar<\/p>\n<p data-rm-block-id=\"block-12\">7. Resfriador<\/p>\n<p data-rm-block-id=\"block-13\">8. Res\u00edduos de filmes online<\/p>\n<\/div>\n<p data-rm-block-id=\"block-14\">Par\u00e2metro t\u00e9cnico principal:<\/p>\n<table>\n<tbody>\n<tr>\n<td width=\"204\" data-rm-block-id=\"block-15\">Item<\/td>\n<td width=\"297\" data-rm-block-id=\"block-16\">M\u00e1quina de filme estir\u00e1vel de tr\u00eas camadas de 1500mm<\/td>\n<\/tr>\n<tr>\n<td width=\"204\" data-rm-block-id=\"block-17\">di\u00e2metro da tripula\u00e7\u00e3o (mm)<\/td>\n<td width=\"297\" data-rm-block-id=\"block-18\">Di\u00e2metro 75mm, 65x2mm<\/td>\n<\/tr>\n<tr>\n<td width=\"204\" data-rm-block-id=\"block-19\">Mat\u00e9ria-prima<\/td>\n<td width=\"297\" data-rm-block-id=\"block-20\">PEBDL, PEBD<\/td>\n<\/tr>\n<tr>\n<td width=\"204\" data-rm-block-id=\"block-21\">Largura do filme<\/td>\n<td width=\"297\" data-rm-block-id=\"block-22\">1500mm<\/td>\n<\/tr>\n<tr>\n<td width=\"204\" data-rm-block-id=\"block-23\">camada<\/td>\n<td width=\"297\" data-rm-block-id=\"block-24\">Tr\u00eas camadas (A\/B\/C)<\/td>\n<\/tr>\n<tr>\n<td width=\"204\" data-rm-block-id=\"block-25\">Cor do filme<\/td>\n<td width=\"297\" data-rm-block-id=\"block-26\">Transparente,Preto,Vermelho,Branco,azul&#8230; cor do saco alterada por mastbatch<\/td>\n<\/tr>\n<tr>\n<td width=\"204\" data-rm-block-id=\"block-27\">Rela\u00e7\u00e3o L\/D do parafuso (L\/D)<\/td>\n<td width=\"297\" data-rm-block-id=\"block-28\">30: 1<\/td>\n<\/tr>\n<tr>\n<td width=\"204\" data-rm-block-id=\"block-29\">Largura do cabe\u00e7ote (mm)<\/td>\n<td width=\"297\" data-rm-block-id=\"block-30\">1800 (mil\u00edmetros)<\/td>\n<\/tr>\n<tr>\n<td width=\"204\" data-rm-block-id=\"block-31\">Largura dos produtos acabados (mm)<\/td>\n<td width=\"297\" data-rm-block-id=\"block-32\">1500 (500 \u00d7 3 rolos)<\/td>\n<\/tr>\n<tr>\n<td width=\"204\" data-rm-block-id=\"block-33\">Espessura dos produtos acabados (mm)<\/td>\n<td width=\"297\" data-rm-block-id=\"block-34\">0,008-0,05 (mm)<\/td>\n<\/tr>\n<tr>\n<td width=\"204\" data-rm-block-id=\"block-35\">Estrutura de camadas de filme<\/td>\n<td width=\"297\" data-rm-block-id=\"block-36\">Tr\u00eas camadas<\/td>\n<\/tr>\n<tr>\n<td width=\"204\" data-rm-block-id=\"block-37\">Sa\u00edda m\u00e1xima (kg\/h)<\/td>\n<td width=\"297\" data-rm-block-id=\"block-38\">150 (kg\/h)<\/td>\n<\/tr>\n<tr>\n<td width=\"204\" data-rm-block-id=\"block-39\">Velocidade linear de m\u00e1quinas (m\/min)<\/td>\n<td width=\"297\" data-rm-block-id=\"block-40\">50-100 (m\/min)<\/td>\n<\/tr>\n<tr>\n<td width=\"204\" data-rm-block-id=\"block-41\">Pot\u00eancia de tra\u00e7\u00e3o (kw)<\/td>\n<td width=\"297\" data-rm-block-id=\"block-42\">2,2 \u00d7 2 (kw)<\/td>\n<\/tr>\n<tr>\n<td width=\"204\" data-rm-block-id=\"block-43\">Pot\u00eancia total (KW)<\/td>\n<td width=\"297\" data-rm-block-id=\"block-44\">150 quilowatts<\/td>\n<\/tr>\n<tr>\n<td width=\"204\" data-rm-block-id=\"block-45\">Dimens\u00f5es totais (L*W*H)<\/td>\n<td width=\"297\" data-rm-block-id=\"block-46\">8000*4600*3500mm<\/td>\n<\/tr>\n<tr>\n<td width=\"204\" data-rm-block-id=\"block-47\">Peso (T)(Sobre)<\/td>\n<td width=\"297\" data-rm-block-id=\"block-48\">5T<\/td>\n<\/tr>\n<tr>\n<td width=\"204\" data-rm-block-id=\"block-49\">Di\u00e2metro do eixo de ar<\/td>\n<td width=\"297\" data-rm-block-id=\"block-50\">76 mm<\/td>\n<\/tr>\n<tr>\n<td width=\"204\" data-rm-block-id=\"block-51\">Tempo de trabalho da m\u00e1quina<\/td>\n<td width=\"297\" data-rm-block-id=\"block-52\">24 horas*7<\/td>\n<\/tr>\n<tr>\n<td width=\"204\" data-rm-block-id=\"block-53\">Tempo de entrega<\/td>\n<td width=\"297\" data-rm-block-id=\"block-54\">45~90 dias<\/td>\n<\/tr>\n<tr>\n<td width=\"204\" data-rm-block-id=\"block-55\">garantia<\/td>\n<td width=\"297\" data-rm-block-id=\"block-56\">1 ano<\/td>\n<\/tr>\n<tr>\n<td width=\"204\" data-rm-block-id=\"block-57\">Poder<\/td>\n<td width=\"297\" data-rm-block-id=\"block-58\">Personalizado com base no pedido (por exemplo: EUA 480V 60Hz, M\u00e9xico 440V\/220V 60Hz, Ar\u00e1bia Saudita 380V 60Hz, Nig\u00e9ria 415V 50Hz&#8230;)<\/td>\n<\/tr>\n<\/tbody>\n<\/table>\n<p data-rm-block-id=\"block-59\">\u203bAs especifica\u00e7\u00f5es corretas dependem do modelo real.Todas as especifica\u00e7\u00f5es est\u00e3o sujeitas a altera\u00e7\u00f5es sem aviso pr\u00e9vio.<\/p>\n<div class=\"product-tab-desc\">\n<div id=\"attachment_29719\" class=\"wp-caption alignnone\" data-rm-block-id=\"block-62\">\n<div id=\"attachment_30682\" class=\"wp-caption alignnone\">\n<p data-rm-block-id=\"block-60\">Envio de m\u00e1quina de filme stretch<\/p>\n<p data-rm-block-id=\"block-61\"><img decoding=\"async\" class=\" wp-image-30744\" src=\"https:\/\/cortesolda.com.br\/por\/wp-content\/uploads\/2025\/03\/Extrusora-de-stretch-film.webp\" alt=\"Extrusora de stretch film\" width=\"449\" height=\"449\" srcset=\"https:\/\/cortesolda.com.br\/por\/wp-content\/uploads\/2025\/03\/Extrusora-de-stretch-film.webp 497w, https:\/\/cortesolda.com.br\/por\/wp-content\/uploads\/2025\/03\/Extrusora-de-stretch-film-300x300.webp 300w, https:\/\/cortesolda.com.br\/por\/wp-content\/uploads\/2025\/03\/Extrusora-de-stretch-film-150x150.webp 150w, https:\/\/cortesolda.com.br\/por\/wp-content\/uploads\/2025\/03\/Extrusora-de-stretch-film-430x430.webp 430w\" sizes=\"(max-width: 449px) 100vw, 449px\" \/><\/p>\n<p data-rm-block-id=\"block-62\">instalar m\u00e1quina de filme stretch na f\u00e1brica do cliente.<\/p>\n<div id=\"attachment_30768\" style=\"width: 459px\" class=\"wp-caption alignnone\"><img loading=\"lazy\" decoding=\"async\" aria-describedby=\"caption-attachment-30768\" class=\" wp-image-30768\" src=\"https:\/\/cortesolda.com.br\/por\/wp-content\/uploads\/2025\/03\/instalar-maquina-de-filme-stretch-na-fabrica-do-clientes.jpg\" alt=\"instalar m\u00e1quina de filme stretch na f\u00e1brica do cliente.\" width=\"449\" height=\"449\" srcset=\"https:\/\/cortesolda.com.br\/por\/wp-content\/uploads\/2025\/03\/instalar-maquina-de-filme-stretch-na-fabrica-do-clientes.jpg 468w, https:\/\/cortesolda.com.br\/por\/wp-content\/uploads\/2025\/03\/instalar-maquina-de-filme-stretch-na-fabrica-do-clientes-300x300.jpg 300w, https:\/\/cortesolda.com.br\/por\/wp-content\/uploads\/2025\/03\/instalar-maquina-de-filme-stretch-na-fabrica-do-clientes-150x150.jpg 150w, https:\/\/cortesolda.com.br\/por\/wp-content\/uploads\/2025\/03\/instalar-maquina-de-filme-stretch-na-fabrica-do-clientes-430x430.jpg 430w\" sizes=\"(max-width: 449px) 100vw, 449px\" \/><p id=\"caption-attachment-30768\" class=\"wp-caption-text\"><span style=\"font-size: 16px;\">Nosso principal parceiro de pe\u00e7as \u00e9 a seguinte marca, mas as pe\u00e7as padr\u00e3o s\u00e3o todas fabricadas na China.<\/span><\/p><\/div>\n<div class=\"product-tab-desc\">\n<div id=\"attachment_30678\" class=\"wp-caption alignnone\" style=\"width: 446px;\">\n<p data-rm-block-id=\"block-63\"><img loading=\"lazy\" decoding=\"async\" class=\" wp-image-30678\" src=\"https:\/\/cortesolda.com.br\/por\/wp-content\/uploads\/2025\/03\/Nosso-principal-parceiro-de-pecas-e-a-seguinte-marca.jpg\" sizes=\"(max-width: 465px) 100vw, 465px\" srcset=\"https:\/\/cortesolda.com.br\/por\/wp-content\/uploads\/2025\/03\/Nosso-principal-parceiro-de-pecas-e-a-seguinte-marca.jpg 875w, https:\/\/cortesolda.com.br\/por\/wp-content\/uploads\/2025\/03\/Nosso-principal-parceiro-de-pecas-e-a-seguinte-marca-400x230.jpg 400w, https:\/\/cortesolda.com.br\/por\/wp-content\/uploads\/2025\/03\/Nosso-principal-parceiro-de-pecas-e-a-seguinte-marca-768x442.jpg 768w, https:\/\/cortesolda.com.br\/por\/wp-content\/uploads\/2025\/03\/Nosso-principal-parceiro-de-pecas-e-a-seguinte-marca-430x248.jpg 430w, https:\/\/cortesolda.com.br\/por\/wp-content\/uploads\/2025\/03\/Nosso-principal-parceiro-de-pecas-e-a-seguinte-marca-700x403.jpg 700w, https:\/\/cortesolda.com.br\/por\/wp-content\/uploads\/2025\/03\/Nosso-principal-parceiro-de-pecas-e-a-seguinte-marca-150x86.jpg 150w\" alt=\"Nosso principal parceiro de pe\u00e7as \u00e9 a seguinte marca\" width=\"446\" height=\"257\" aria-describedby=\"caption-attachment-30678\" \/><\/p>\n<p id=\"caption-attachment-30678\" class=\"wp-caption-text\" data-rm-block-id=\"block-64\">Fornecedores de mat\u00e9ria-prima de polietileno<\/p>\n<\/div>\n<\/div>\n<div id=\"attachment_30728\" class=\"wp-caption alignnone\" style=\"width: 442px;\">\n<p data-rm-block-id=\"block-65\"><img loading=\"lazy\" decoding=\"async\" class=\" wp-image-30728\" src=\"https:\/\/cortesolda.com.br\/por\/wp-content\/uploads\/2025\/03\/Fornecedores-de-materia-prima-de-polietileno.jpg\" sizes=\"(max-width: 400px) 100vw, 400px\" srcset=\"https:\/\/cortesolda.com.br\/por\/wp-content\/uploads\/2025\/03\/Fornecedores-de-materia-prima-de-polietileno.jpg 400w, https:\/\/cortesolda.com.br\/por\/wp-content\/uploads\/2025\/03\/Fornecedores-de-materia-prima-de-polietileno-300x300.jpg 300w, https:\/\/cortesolda.com.br\/por\/wp-content\/uploads\/2025\/03\/Fornecedores-de-materia-prima-de-polietileno-150x150.jpg 150w\" alt=\"Fornecedores de mat\u00e9ria prima de polietileno\" width=\"442\" height=\"442\" aria-describedby=\"caption-attachment-30728\" \/><\/p>\n<p id=\"caption-attachment-30728\" class=\"wp-caption-text\" data-rm-block-id=\"block-66\">f\u00e1brica do cliente<\/p>\n<\/div>\n<div class=\"product-tab-desc\">\n<div id=\"attachment_29712\" class=\"wp-caption alignnone\" data-rm-block-id=\"block-60\">\n<div id=\"attachment_30680\" class=\"wp-caption alignnone\" style=\"width: 450px;\">\n<p data-rm-block-id=\"block-67\"><img loading=\"lazy\" decoding=\"async\" class=\" wp-image-30680\" src=\"https:\/\/cortesolda.com.br\/por\/wp-content\/uploads\/2025\/03\/fornecedor-de-pecas-plasticas-para-maquinas.webp\" sizes=\"(max-width: 466px) 100vw, 466px\" srcset=\"https:\/\/cortesolda.com.br\/por\/wp-content\/uploads\/2025\/03\/fornecedor-de-pecas-plasticas-para-maquinas.webp 497w, https:\/\/cortesolda.com.br\/por\/wp-content\/uploads\/2025\/03\/fornecedor-de-pecas-plasticas-para-maquinas-300x300.webp 300w, https:\/\/cortesolda.com.br\/por\/wp-content\/uploads\/2025\/03\/fornecedor-de-pecas-plasticas-para-maquinas-150x150.webp 150w, https:\/\/cortesolda.com.br\/por\/wp-content\/uploads\/2025\/03\/fornecedor-de-pecas-plasticas-para-maquinas-430x430.webp 430w\" alt=\"fornecedor de pe\u00e7as pl\u00e1sticas para m\u00e1quinas\" width=\"450\" height=\"450\" aria-describedby=\"caption-attachment-30680\" \/><\/p>\n<p id=\"caption-attachment-30680\" class=\"wp-caption-text\" data-rm-block-id=\"block-68\">f\u00e1brica do cliente<\/p>\n<\/div>\n<\/div>\n<div id=\"attachment_29712\" class=\"wp-caption alignnone\" data-rm-block-id=\"block-61\">\n<div id=\"attachment_30681\" class=\"wp-caption alignnone\" style=\"width: 455px;\">\n<p data-rm-block-id=\"block-69\"><img loading=\"lazy\" decoding=\"async\" class=\" wp-image-30681\" src=\"https:\/\/cortesolda.com.br\/por\/wp-content\/uploads\/2025\/03\/fabrica-do-cliente.webp\" sizes=\"(max-width: 467px) 100vw, 467px\" srcset=\"https:\/\/cortesolda.com.br\/por\/wp-content\/uploads\/2025\/03\/fabrica-do-cliente.webp 467w, https:\/\/cortesolda.com.br\/por\/wp-content\/uploads\/2025\/03\/fabrica-do-cliente-296x300.webp 296w, https:\/\/cortesolda.com.br\/por\/wp-content\/uploads\/2025\/03\/fabrica-do-cliente-430x436.webp 430w, https:\/\/cortesolda.com.br\/por\/wp-content\/uploads\/2025\/03\/fabrica-do-cliente-150x152.webp 150w\" alt=\"f\u00e1brica do cliente \" width=\"455\" height=\"462\" aria-describedby=\"caption-attachment-30681\" \/><\/p>\n<p id=\"caption-attachment-30681\" class=\"wp-caption-text\" data-rm-block-id=\"block-70\">m\u00e1quinas exportadas para todo o mundo.<\/p>\n<\/div>\n<\/div>\n<div id=\"attachment_29719\" class=\"wp-caption alignnone\" data-rm-block-id=\"block-62\">\n<div id=\"attachment_30682\" class=\"wp-caption alignnone\" style=\"width: 450px;\">\n<p data-rm-block-id=\"block-71\"><img loading=\"lazy\" decoding=\"async\" class=\" wp-image-30682\" src=\"https:\/\/cortesolda.com.br\/por\/wp-content\/uploads\/2025\/03\/maquinas-exportadas-para-todo-o-mundo.webp\" sizes=\"(max-width: 468px) 100vw, 468px\" srcset=\"https:\/\/cortesolda.com.br\/por\/wp-content\/uploads\/2025\/03\/maquinas-exportadas-para-todo-o-mundo.webp 800w, https:\/\/cortesolda.com.br\/por\/wp-content\/uploads\/2025\/03\/maquinas-exportadas-para-todo-o-mundo-400x202.webp 400w, https:\/\/cortesolda.com.br\/por\/wp-content\/uploads\/2025\/03\/maquinas-exportadas-para-todo-o-mundo-768x387.webp 768w, https:\/\/cortesolda.com.br\/por\/wp-content\/uploads\/2025\/03\/maquinas-exportadas-para-todo-o-mundo-430x217.webp 430w, https:\/\/cortesolda.com.br\/por\/wp-content\/uploads\/2025\/03\/maquinas-exportadas-para-todo-o-mundo-700x353.webp 700w, https:\/\/cortesolda.com.br\/por\/wp-content\/uploads\/2025\/03\/maquinas-exportadas-para-todo-o-mundo-150x76.webp 150w\" alt=\"m\u00e1quinas exportadas para todo o mundo.\" width=\"450\" height=\"227\" aria-describedby=\"caption-attachment-30682\" \/><\/p>\n<p id=\"caption-attachment-30682\" class=\"wp-caption-text\" data-rm-block-id=\"block-72\">Processo de produ\u00e7\u00e3o de sacolas pl\u00e1sticas<\/p>\n<\/div>\n<\/div>\n<div id=\"attachment_29720\" class=\"wp-caption alignnone\" style=\"width: 453px;\">\n<p data-rm-block-id=\"block-73\"><img loading=\"lazy\" decoding=\"async\" class=\" wp-image-30683\" src=\"https:\/\/cortesolda.com.br\/por\/wp-content\/uploads\/2025\/03\/Processo-de-producao-de-sacolas-plasticas.webp\" sizes=\"(max-width: 467px) 100vw, 467px\" srcset=\"https:\/\/cortesolda.com.br\/por\/wp-content\/uploads\/2025\/03\/Processo-de-producao-de-sacolas-plasticas.webp 1038w, https:\/\/cortesolda.com.br\/por\/wp-content\/uploads\/2025\/03\/Processo-de-producao-de-sacolas-plasticas-315x300.webp 315w, https:\/\/cortesolda.com.br\/por\/wp-content\/uploads\/2025\/03\/Processo-de-producao-de-sacolas-plasticas-840x800.webp 840w, https:\/\/cortesolda.com.br\/por\/wp-content\/uploads\/2025\/03\/Processo-de-producao-de-sacolas-plasticas-768x732.webp 768w, https:\/\/cortesolda.com.br\/por\/wp-content\/uploads\/2025\/03\/Processo-de-producao-de-sacolas-plasticas-430x410.webp 430w, https:\/\/cortesolda.com.br\/por\/wp-content\/uploads\/2025\/03\/Processo-de-producao-de-sacolas-plasticas-700x667.webp 700w, https:\/\/cortesolda.com.br\/por\/wp-content\/uploads\/2025\/03\/Processo-de-producao-de-sacolas-plasticas-150x143.webp 150w\" alt=\"Processo de produ\u00e7\u00e3o de sacolas pl\u00e1sticas\" width=\"453\" height=\"432\" \/><\/p>\n<\/div>\n<\/div>\n<\/div>\n<\/div>\n<\/div>\n<\/div>\n<\/div>\n","protected":false},"excerpt":{"rendered":"<p>\u00a0Extrusora de Filme <\/p>\n","protected":false},"featured_media":30196,"comment_status":"closed","ping_status":"closed","template":"","meta":{"_acf_changed":false,"_oss_video_url":""},"product_brand":[],"product_cat":[86],"product_tag":[],"class_list":{"0":"post-30195","1":"product","2":"type-product","3":"status-publish","4":"has-post-thumbnail","6":"product_cat-extrusora-para-filme-stretch","8":"first","9":"instock","10":"shipping-taxable","11":"product-type-simple"},"acf":[],"_links":{"self":[{"href":"https:\/\/cortesolda.com.br\/por\/wp-json\/wp\/v2\/product\/30195","targetHints":{"allow":["GET"]}}],"collection":[{"href":"https:\/\/cortesolda.com.br\/por\/wp-json\/wp\/v2\/product"}],"about":[{"href":"https:\/\/cortesolda.com.br\/por\/wp-json\/wp\/v2\/types\/product"}],"replies":[{"embeddable":true,"href":"https:\/\/cortesolda.com.br\/por\/wp-json\/wp\/v2\/comments?post=30195"}],"version-history":[{"count":0,"href":"https:\/\/cortesolda.com.br\/por\/wp-json\/wp\/v2\/product\/30195\/revisions"}],"wp:featuredmedia":[{"embeddable":true,"href":"https:\/\/cortesolda.com.br\/por\/wp-json\/wp\/v2\/media\/30196"}],"wp:attachment":[{"href":"https:\/\/cortesolda.com.br\/por\/wp-json\/wp\/v2\/media?parent=30195"}],"wp:term":[{"taxonomy":"product_brand","embeddable":true,"href":"https:\/\/cortesolda.com.br\/por\/wp-json\/wp\/v2\/product_brand?post=30195"},{"taxonomy":"product_cat","embeddable":true,"href":"https:\/\/cortesolda.com.br\/por\/wp-json\/wp\/v2\/product_cat?post=30195"},{"taxonomy":"product_tag","embeddable":true,"href":"https:\/\/cortesolda.com.br\/por\/wp-json\/wp\/v2\/product_tag?post=30195"}],"curies":[{"name":"wp","href":"https:\/\/api.w.org\/{rel}","templated":true}]}}