{"id":30197,"date":"2025-03-28T15:34:44","date_gmt":"2025-03-28T07:34:44","guid":{"rendered":"https:\/\/hotpink-lyrebird-701956.hostingersite.com\/?post_type=product&#038;p=30197"},"modified":"2025-07-08T15:11:58","modified_gmt":"2025-07-08T07:11:58","slug":"flexible-drinking-straw-bending-machine","status":"publish","type":"product","link":"https:\/\/cortesolda.com.br\/por\/flexible-drinking-straw-bending-machine.html","title":{"rendered":"Corrugador para Canudinhos de Pl\u00e1stico"},"content":{"rendered":"<div id=\"tab-desc\" class=\"tab-pane active\" role=\"tabpanel\">\n<div class=\"ProductAttr\">\n<div class=\"ProductAttrItem\">\n<div class=\"ProductAttr-title\">Corrugador para Canudinhos de Pl\u00e1stico<\/div>\n<\/div>\n<\/div>\n<div class=\"product-tab-desc\">\n<div id=\"attachment_31129\" style=\"width: 460px\" class=\"wp-caption alignnone\"><img fetchpriority=\"high\" decoding=\"async\" aria-describedby=\"caption-attachment-31129\" class=\"Canudinhos de Pl\u00e1stico wp-image-31129\" title=\"Canudinhos de Pl\u00e1stico\" src=\"https:\/\/cortesolda.com.br\/por\/wp-content\/uploads\/2025\/03\/Corrugador-para-Canudinhos-de-Plastico.jpg\" alt=\"Canudinhos de Pl\u00e1stico\" width=\"450\" height=\"450\" srcset=\"https:\/\/cortesolda.com.br\/por\/wp-content\/uploads\/2025\/03\/Corrugador-para-Canudinhos-de-Plastico.jpg 1300w, https:\/\/cortesolda.com.br\/por\/wp-content\/uploads\/2025\/03\/Corrugador-para-Canudinhos-de-Plastico-300x300.jpg 300w, https:\/\/cortesolda.com.br\/por\/wp-content\/uploads\/2025\/03\/Corrugador-para-Canudinhos-de-Plastico-800x800.jpg 800w, https:\/\/cortesolda.com.br\/por\/wp-content\/uploads\/2025\/03\/Corrugador-para-Canudinhos-de-Plastico-150x150.jpg 150w, https:\/\/cortesolda.com.br\/por\/wp-content\/uploads\/2025\/03\/Corrugador-para-Canudinhos-de-Plastico-768x768.jpg 768w, https:\/\/cortesolda.com.br\/por\/wp-content\/uploads\/2025\/03\/Corrugador-para-Canudinhos-de-Plastico-430x430.jpg 430w, https:\/\/cortesolda.com.br\/por\/wp-content\/uploads\/2025\/03\/Corrugador-para-Canudinhos-de-Plastico-700x700.jpg 700w\" sizes=\"(max-width: 450px) 100vw, 450px\" \/><p id=\"caption-attachment-31129\" class=\"wp-caption-text\">Canudinhos de Pl\u00e1stico<\/p><\/div>\n<table>\n<tbody>\n<tr>\n<td width=\"161\">item<\/td>\n<td width=\"160\">KDCY-4<\/td>\n<td width=\"153\">KDCY-5<\/td>\n<td width=\"154\">KDCY-6<\/td>\n<\/tr>\n<tr>\n<td width=\"161\">Motor de acionamento<\/td>\n<td width=\"160\">1,5 Kw (Controle do Inversor)<\/td>\n<td width=\"153\">1,5 Kw (Controle do Inversor)<\/td>\n<td width=\"154\">1,5 Kw (Controle do Inversor)<\/td>\n<\/tr>\n<tr>\n<td width=\"161\">Velocidade de processamento<\/td>\n<td width=\"160\">200-300 pe\u00e7as\/min<\/td>\n<td width=\"153\">200-300 pe\u00e7as\/min<\/td>\n<td width=\"154\">200-300 pe\u00e7as\/min<\/td>\n<\/tr>\n<tr>\n<td width=\"161\">Di\u00e2metro interno<\/td>\n<td width=\"160\">3,8 mm<\/td>\n<td width=\"153\">4,8 mm<\/td>\n<td width=\"154\">5,8 mm<\/td>\n<\/tr>\n<tr>\n<td width=\"161\">Comprimento da Palha Reta<\/td>\n<td width=\"160\">155~245mm<\/td>\n<td width=\"153\">190~260 mm<\/td>\n<td width=\"154\">190~260 mm<\/td>\n<\/tr>\n<tr>\n<td width=\"161\">Comprimento da Palha Flex\u00edvel<\/td>\n<td width=\"160\">140~235 mm<\/td>\n<td width=\"153\">175~245 mm<\/td>\n<td width=\"154\">175~245 mm<\/td>\n<\/tr>\n<tr>\n<td width=\"161\">Espessura da parede de palha<\/td>\n<td width=\"160\">0,2\u00b10,02mm<\/td>\n<td width=\"153\">0,15\u00b10,02mm<\/td>\n<td width=\"154\">0,15\u00b10,02mm<\/td>\n<\/tr>\n<tr>\n<td width=\"161\">Comprimento da se\u00e7\u00e3o superior<\/td>\n<td width=\"160\">30-50mm (ajust\u00e1vel)<\/td>\n<td width=\"153\">30-50mm (ajust\u00e1vel)<\/td>\n<td width=\"154\">30-50mm (ajust\u00e1vel)<\/td>\n<\/tr>\n<tr>\n<td width=\"161\">Comprimento do flex.Papel<\/td>\n<td width=\"160\">8-11mm (ajust\u00e1vel)<\/td>\n<td width=\"153\">8-11mm (ajust\u00e1vel)<\/td>\n<td width=\"154\">8-11mm (ajust\u00e1vel)<\/td>\n<\/tr>\n<tr>\n<td width=\"161\">Dimens\u00e3o<\/td>\n<td width=\"160\">1500x1800x1600mm<\/td>\n<td width=\"153\">1500x1800x1600mm<\/td>\n<td width=\"154\">1500x1800x1600mm<\/td>\n<\/tr>\n<tr>\n<td width=\"161\">Peso<\/td>\n<td width=\"160\">1,0 t<\/td>\n<td width=\"153\">1,0 t<\/td>\n<td width=\"154\">1,0 t<\/td>\n<\/tr>\n<\/tbody>\n<\/table>\n<p>\u203bAs especifica\u00e7\u00f5es corretas dependem do modelo real. Todas as especifica\u00e7\u00f5es est\u00e3o sujeitas a altera\u00e7\u00f5es sem aviso pr\u00e9vio.<\/p>\n<div id=\"attachment_31130\" style=\"width: 507px\" class=\"wp-caption alignnone\"><img decoding=\"async\" aria-describedby=\"caption-attachment-31130\" class=\"size-full wp-image-31130\" src=\"https:\/\/cortesolda.com.br\/por\/wp-content\/uploads\/2025\/03\/Extrusora-Canudinhos-de-plasticas.webp\" alt=\"Extrusora Canudinhos de plasticas\" width=\"497\" height=\"497\" srcset=\"https:\/\/cortesolda.com.br\/por\/wp-content\/uploads\/2025\/03\/Extrusora-Canudinhos-de-plasticas.webp 497w, https:\/\/cortesolda.com.br\/por\/wp-content\/uploads\/2025\/03\/Extrusora-Canudinhos-de-plasticas-300x300.webp 300w, https:\/\/cortesolda.com.br\/por\/wp-content\/uploads\/2025\/03\/Extrusora-Canudinhos-de-plasticas-150x150.webp 150w, https:\/\/cortesolda.com.br\/por\/wp-content\/uploads\/2025\/03\/Extrusora-Canudinhos-de-plasticas-430x430.webp 430w\" sizes=\"(max-width: 497px) 100vw, 497px\" \/><p id=\"caption-attachment-31130\" class=\"wp-caption-text\">Extrusora Canudinhos de plasticas<\/p><\/div>\n<div id=\"attachment_31131\" style=\"width: 507px\" class=\"wp-caption alignnone\"><img decoding=\"async\" aria-describedby=\"caption-attachment-31131\" class=\"size-full wp-image-31131\" src=\"https:\/\/cortesolda.com.br\/por\/wp-content\/uploads\/2025\/03\/Extrusora-Canudinhos-de-plasticas-Brazil.webp\" alt=\"Extrusora Canudinhos de plasticas\" width=\"497\" height=\"497\" srcset=\"https:\/\/cortesolda.com.br\/por\/wp-content\/uploads\/2025\/03\/Extrusora-Canudinhos-de-plasticas-Brazil.webp 497w, https:\/\/cortesolda.com.br\/por\/wp-content\/uploads\/2025\/03\/Extrusora-Canudinhos-de-plasticas-Brazil-300x300.webp 300w, https:\/\/cortesolda.com.br\/por\/wp-content\/uploads\/2025\/03\/Extrusora-Canudinhos-de-plasticas-Brazil-150x150.webp 150w, https:\/\/cortesolda.com.br\/por\/wp-content\/uploads\/2025\/03\/Extrusora-Canudinhos-de-plasticas-Brazil-430x430.webp 430w\" sizes=\"(max-width: 497px) 100vw, 497px\" \/><p id=\"caption-attachment-31131\" class=\"wp-caption-text\">Extrusora Canudinhos de plasticas<\/p><\/div>\n<div id=\"attachment_31132\" style=\"width: 507px\" class=\"wp-caption alignnone\"><img loading=\"lazy\" decoding=\"async\" aria-describedby=\"caption-attachment-31132\" class=\"size-full wp-image-31132\" src=\"https:\/\/cortesolda.com.br\/por\/wp-content\/uploads\/2025\/03\/Extrusora-Canudinhos-de-plasticas-rio.webp\" alt=\"Extrusora Canudinhos de plasticas\" width=\"497\" height=\"497\" srcset=\"https:\/\/cortesolda.com.br\/por\/wp-content\/uploads\/2025\/03\/Extrusora-Canudinhos-de-plasticas-rio.webp 497w, https:\/\/cortesolda.com.br\/por\/wp-content\/uploads\/2025\/03\/Extrusora-Canudinhos-de-plasticas-rio-300x300.webp 300w, https:\/\/cortesolda.com.br\/por\/wp-content\/uploads\/2025\/03\/Extrusora-Canudinhos-de-plasticas-rio-150x150.webp 150w, https:\/\/cortesolda.com.br\/por\/wp-content\/uploads\/2025\/03\/Extrusora-Canudinhos-de-plasticas-rio-430x430.webp 430w\" sizes=\"(max-width: 497px) 100vw, 497px\" \/><p id=\"caption-attachment-31132\" class=\"wp-caption-text\">Extrusora Canudinhos de plasticas<\/p><\/div>\n<p>Se voc\u00ea comprar uma m\u00e1quina de cont\u00eainer, embalaremos a m\u00e1quina com filme estir\u00e1vel e carregaremos o cont\u00eainer diretamente<strong>(carga completa do cont\u00eainer FCL).<\/strong><\/p>\n<p><img loading=\"lazy\" decoding=\"async\" class=\"alignnone wp-image-30850\" src=\"https:\/\/cortesolda.com.br\/por\/wp-content\/uploads\/2025\/03\/Menos-que-a-carga-do-conteiner-LCL.webp\" sizes=\"(max-width: 450px) 100vw, 450px\" srcset=\"https:\/\/cortesolda.com.br\/por\/wp-content\/uploads\/2025\/03\/Menos-que-a-carga-do-conteiner-LCL.webp 992w, https:\/\/cortesolda.com.br\/por\/wp-content\/uploads\/2025\/03\/Menos-que-a-carga-do-conteiner-LCL-400x300.webp 400w, https:\/\/cortesolda.com.br\/por\/wp-content\/uploads\/2025\/03\/Menos-que-a-carga-do-conteiner-LCL-768x576.webp 768w, https:\/\/cortesolda.com.br\/por\/wp-content\/uploads\/2025\/03\/Menos-que-a-carga-do-conteiner-LCL-430x323.webp 430w, https:\/\/cortesolda.com.br\/por\/wp-content\/uploads\/2025\/03\/Menos-que-a-carga-do-conteiner-LCL-700x525.webp 700w, https:\/\/cortesolda.com.br\/por\/wp-content\/uploads\/2025\/03\/Menos-que-a-carga-do-conteiner-LCL-150x113.webp 150w\" alt=\"\" width=\"450\" height=\"338\" \/><\/p>\n<p>Nosso cooperador de pe\u00e7as principais como a seguinte marca, mas pe\u00e7as padr\u00e3o todas fabricadas na China.<\/p>\n<p><img loading=\"lazy\" decoding=\"async\" class=\"wp-image-30678\" src=\"https:\/\/cortesolda.com.br\/por\/wp-content\/uploads\/2025\/03\/Nosso-principal-parceiro-de-pecas-e-a-seguinte-marca.jpg\" sizes=\"(max-width: 450px) 100vw, 450px\" srcset=\"https:\/\/cortesolda.com.br\/por\/wp-content\/uploads\/2025\/03\/Nosso-principal-parceiro-de-pecas-e-a-seguinte-marca.jpg 875w, https:\/\/cortesolda.com.br\/por\/wp-content\/uploads\/2025\/03\/Nosso-principal-parceiro-de-pecas-e-a-seguinte-marca-400x230.jpg 400w, https:\/\/cortesolda.com.br\/por\/wp-content\/uploads\/2025\/03\/Nosso-principal-parceiro-de-pecas-e-a-seguinte-marca-768x442.jpg 768w, https:\/\/cortesolda.com.br\/por\/wp-content\/uploads\/2025\/03\/Nosso-principal-parceiro-de-pecas-e-a-seguinte-marca-430x248.jpg 430w, https:\/\/cortesolda.com.br\/por\/wp-content\/uploads\/2025\/03\/Nosso-principal-parceiro-de-pecas-e-a-seguinte-marca-700x403.jpg 700w, https:\/\/cortesolda.com.br\/por\/wp-content\/uploads\/2025\/03\/Nosso-principal-parceiro-de-pecas-e-a-seguinte-marca-150x86.jpg 150w\" alt=\"Nosso principal parceiro de pe\u00e7as \u00e9 a seguinte marca\" width=\"450\" height=\"259\" \/><\/p>\n<p>Nosso principal parceiro de pe\u00e7as \u00e9 a seguinte marcaComo encontrar polietileno para extrus\u00e3o de filme soprado.<br \/>\nA extrus\u00e3o de filme de extrus\u00e3o usa polietileno, como<strong>\u00a0<\/strong><\/p>\n<p><strong>Polietileno de Baixa Densidade (LDPE), Polietileno de Alta Densidade (HDPE) e Polietileno Linear de Baixa Densidade (LLDPE), Polipropileno (PP).<\/strong><br \/>\nAbaixo est\u00e3o os fornecedores de materiais de grandes marcas no mundo, eles abrem escrit\u00f3rios em todo o mundo, voc\u00ea pode verific\u00e1-los no mercado local.<br \/>\n1.<a href=\"http:\/\/www.sabic.com\/\" target=\"_blank\" rel=\"noopener\"><strong><u>Sabic Saudi Basic Industries Corporation<\/u><\/strong><\/a><br \/>\n2.<a href=\"http:\/\/www.exxonmobilchemical.com\/\" target=\"_blank\" rel=\"noopener\"><strong><u>ExxonMobil Chemical Company<\/u><\/strong><\/a><br \/>\n3.<a href=\"http:\/\/www.dow.com\/\" target=\"_blank\" rel=\"noopener\"><strong><u>Dow Chemical Company<\/u><\/strong><\/a><strong>\u00a0<\/strong><\/p>\n<p><img loading=\"lazy\" decoding=\"async\" class=\"alignnone wp-image-30728\" src=\"https:\/\/cortesolda.com.br\/por\/wp-content\/uploads\/2025\/03\/Fornecedores-de-materia-prima-de-polietileno.jpg\" sizes=\"(max-width: 450px) 100vw, 450px\" srcset=\"https:\/\/cortesolda.com.br\/por\/wp-content\/uploads\/2025\/03\/Fornecedores-de-materia-prima-de-polietileno.jpg 400w, https:\/\/cortesolda.com.br\/por\/wp-content\/uploads\/2025\/03\/Fornecedores-de-materia-prima-de-polietileno-300x300.jpg 300w, https:\/\/cortesolda.com.br\/por\/wp-content\/uploads\/2025\/03\/Fornecedores-de-materia-prima-de-polietileno-150x150.jpg 150w\" alt=\"Fornecedores de mat\u00e9ria prima de polietileno\" width=\"450\" height=\"450\" \/><\/p>\n<div class=\"product-tab-desc\">\n<div id=\"attachment_29719\" class=\"wp-caption alignnone\" data-rm-block-id=\"block-62\">\n<div id=\"attachment_30682\" class=\"wp-caption alignnone\">\n<div id=\"attachment_30728\" class=\"wp-caption alignnone\">\n<p id=\"caption-attachment-30728\" class=\"wp-caption-text\" data-rm-block-id=\"block-66\">f\u00e1brica do cliente<\/p>\n<div id=\"attachment_30768\" class=\"wp-caption alignnone\"><img loading=\"lazy\" decoding=\"async\" class=\"wp-image-30768\" src=\"https:\/\/cortesolda.com.br\/por\/wp-content\/uploads\/2025\/03\/instalar-maquina-de-filme-stretch-na-fabrica-do-clientes.jpg\" sizes=\"(max-width: 450px) 100vw, 450px\" srcset=\"https:\/\/cortesolda.com.br\/por\/wp-content\/uploads\/2025\/03\/instalar-maquina-de-filme-stretch-na-fabrica-do-clientes.jpg 468w, https:\/\/cortesolda.com.br\/por\/wp-content\/uploads\/2025\/03\/instalar-maquina-de-filme-stretch-na-fabrica-do-clientes-300x300.jpg 300w, https:\/\/cortesolda.com.br\/por\/wp-content\/uploads\/2025\/03\/instalar-maquina-de-filme-stretch-na-fabrica-do-clientes-150x150.jpg 150w, https:\/\/cortesolda.com.br\/por\/wp-content\/uploads\/2025\/03\/instalar-maquina-de-filme-stretch-na-fabrica-do-clientes-430x430.jpg 430w\" alt=\"instalar m\u00e1quina de filme stretch na f\u00e1brica do cliente.\" width=\"450\" height=\"450\" aria-describedby=\"caption-attachment-30768\" \/><\/p>\n<p id=\"caption-attachment-30768\" class=\"wp-caption-text\">instalar m\u00e1quina de filme stretch na f\u00e1brica do cliente.<\/p>\n<\/div>\n<\/div>\n<div class=\"product-tab-desc\">\n<div id=\"attachment_29712\" class=\"wp-caption alignnone\" data-rm-block-id=\"block-60\">\n<div id=\"attachment_30680\" class=\"wp-caption alignnone\">\n<p data-rm-block-id=\"block-67\"><img loading=\"lazy\" decoding=\"async\" class=\" wp-image-30680\" src=\"https:\/\/cortesolda.com.br\/por\/wp-content\/uploads\/2025\/03\/fornecedor-de-pecas-plasticas-para-maquinas.webp\" sizes=\"(max-width: 466px) 100vw, 466px\" srcset=\"https:\/\/cortesolda.com.br\/por\/wp-content\/uploads\/2025\/03\/fornecedor-de-pecas-plasticas-para-maquinas.webp 497w, https:\/\/cortesolda.com.br\/por\/wp-content\/uploads\/2025\/03\/fornecedor-de-pecas-plasticas-para-maquinas-300x300.webp 300w, https:\/\/cortesolda.com.br\/por\/wp-content\/uploads\/2025\/03\/fornecedor-de-pecas-plasticas-para-maquinas-150x150.webp 150w, https:\/\/cortesolda.com.br\/por\/wp-content\/uploads\/2025\/03\/fornecedor-de-pecas-plasticas-para-maquinas-430x430.webp 430w\" alt=\"fornecedor de pe\u00e7as pl\u00e1sticas para m\u00e1quinas\" width=\"450\" height=\"450\" aria-describedby=\"caption-attachment-30680\" \/><\/p>\n<p id=\"caption-attachment-30680\" class=\"wp-caption-text\" data-rm-block-id=\"block-68\">f\u00e1brica do cliente<\/p>\n<\/div>\n<\/div>\n<div id=\"attachment_29712\" class=\"wp-caption alignnone\" data-rm-block-id=\"block-61\">\n<div id=\"attachment_30681\" class=\"wp-caption alignnone\">\n<p data-rm-block-id=\"block-69\"><img loading=\"lazy\" decoding=\"async\" class=\" wp-image-30681\" src=\"https:\/\/cortesolda.com.br\/por\/wp-content\/uploads\/2025\/03\/fabrica-do-cliente.webp\" sizes=\"(max-width: 467px) 100vw, 467px\" srcset=\"https:\/\/cortesolda.com.br\/por\/wp-content\/uploads\/2025\/03\/fabrica-do-cliente.webp 467w, https:\/\/cortesolda.com.br\/por\/wp-content\/uploads\/2025\/03\/fabrica-do-cliente-296x300.webp 296w, https:\/\/cortesolda.com.br\/por\/wp-content\/uploads\/2025\/03\/fabrica-do-cliente-430x436.webp 430w, https:\/\/cortesolda.com.br\/por\/wp-content\/uploads\/2025\/03\/fabrica-do-cliente-150x152.webp 150w\" alt=\"f\u00e1brica do cliente \" width=\"455\" height=\"462\" aria-describedby=\"caption-attachment-30681\" \/><\/p>\n<p id=\"caption-attachment-30681\" class=\"wp-caption-text\" data-rm-block-id=\"block-70\">m\u00e1quinas exportadas para todo o mundo.<\/p>\n<\/div>\n<\/div>\n<div id=\"attachment_29719\" class=\"wp-caption alignnone\" data-rm-block-id=\"block-62\">\n<div id=\"attachment_30682\" class=\"wp-caption alignnone\">\n<p data-rm-block-id=\"block-71\"><img loading=\"lazy\" decoding=\"async\" class=\" wp-image-30682\" src=\"https:\/\/cortesolda.com.br\/por\/wp-content\/uploads\/2025\/03\/maquinas-exportadas-para-todo-o-mundo.webp\" sizes=\"(max-width: 468px) 100vw, 468px\" srcset=\"https:\/\/cortesolda.com.br\/por\/wp-content\/uploads\/2025\/03\/maquinas-exportadas-para-todo-o-mundo.webp 800w, https:\/\/cortesolda.com.br\/por\/wp-content\/uploads\/2025\/03\/maquinas-exportadas-para-todo-o-mundo-400x202.webp 400w, https:\/\/cortesolda.com.br\/por\/wp-content\/uploads\/2025\/03\/maquinas-exportadas-para-todo-o-mundo-768x387.webp 768w, https:\/\/cortesolda.com.br\/por\/wp-content\/uploads\/2025\/03\/maquinas-exportadas-para-todo-o-mundo-430x217.webp 430w, https:\/\/cortesolda.com.br\/por\/wp-content\/uploads\/2025\/03\/maquinas-exportadas-para-todo-o-mundo-700x353.webp 700w, https:\/\/cortesolda.com.br\/por\/wp-content\/uploads\/2025\/03\/maquinas-exportadas-para-todo-o-mundo-150x76.webp 150w\" alt=\"m\u00e1quinas exportadas para todo o mundo.\" width=\"450\" height=\"227\" aria-describedby=\"caption-attachment-30682\" \/><\/p>\n<p id=\"caption-attachment-30682\" class=\"wp-caption-text\" data-rm-block-id=\"block-72\">Processo de produ\u00e7\u00e3o de sacolas pl\u00e1sticas<\/p>\n<\/div>\n<\/div>\n<div id=\"attachment_29720\" class=\"wp-caption alignnone\">\n<p data-rm-block-id=\"block-73\"><img loading=\"lazy\" decoding=\"async\" class=\" wp-image-30683\" src=\"https:\/\/cortesolda.com.br\/por\/wp-content\/uploads\/2025\/03\/Processo-de-producao-de-sacolas-plasticas.webp\" sizes=\"(max-width: 467px) 100vw, 467px\" srcset=\"https:\/\/cortesolda.com.br\/por\/wp-content\/uploads\/2025\/03\/Processo-de-producao-de-sacolas-plasticas.webp 1038w, https:\/\/cortesolda.com.br\/por\/wp-content\/uploads\/2025\/03\/Processo-de-producao-de-sacolas-plasticas-315x300.webp 315w, https:\/\/cortesolda.com.br\/por\/wp-content\/uploads\/2025\/03\/Processo-de-producao-de-sacolas-plasticas-840x800.webp 840w, https:\/\/cortesolda.com.br\/por\/wp-content\/uploads\/2025\/03\/Processo-de-producao-de-sacolas-plasticas-768x732.webp 768w, https:\/\/cortesolda.com.br\/por\/wp-content\/uploads\/2025\/03\/Processo-de-producao-de-sacolas-plasticas-430x410.webp 430w, https:\/\/cortesolda.com.br\/por\/wp-content\/uploads\/2025\/03\/Processo-de-producao-de-sacolas-plasticas-700x667.webp 700w, https:\/\/cortesolda.com.br\/por\/wp-content\/uploads\/2025\/03\/Processo-de-producao-de-sacolas-plasticas-150x143.webp 150w\" alt=\"Processo de produ\u00e7\u00e3o de sacolas pl\u00e1sticas\" width=\"453\" height=\"432\" \/><\/p>\n<\/div>\n<\/div>\n<\/div>\n<\/div>\n<\/div>\n<\/div>\n<\/div>\n","protected":false},"excerpt":{"rendered":"<p>Corrugador para Canu<\/p>\n","protected":false},"featured_media":30199,"comment_status":"closed","ping_status":"closed","template":"","meta":{"_acf_changed":false,"_oss_video_url":""},"product_brand":[],"product_cat":[81],"product_tag":[],"class_list":{"0":"post-30197","1":"product","2":"type-product","3":"status-publish","4":"has-post-thumbnail","6":"product_cat-drinking-straw-machine","8":"first","9":"instock","10":"shipping-taxable","11":"product-type-simple"},"acf":[],"_links":{"self":[{"href":"https:\/\/cortesolda.com.br\/por\/wp-json\/wp\/v2\/product\/30197","targetHints":{"allow":["GET"]}}],"collection":[{"href":"https:\/\/cortesolda.com.br\/por\/wp-json\/wp\/v2\/product"}],"about":[{"href":"https:\/\/cortesolda.com.br\/por\/wp-json\/wp\/v2\/types\/product"}],"replies":[{"embeddable":true,"href":"https:\/\/cortesolda.com.br\/por\/wp-json\/wp\/v2\/comments?post=30197"}],"version-history":[{"count":0,"href":"https:\/\/cortesolda.com.br\/por\/wp-json\/wp\/v2\/product\/30197\/revisions"}],"wp:featuredmedia":[{"embeddable":true,"href":"https:\/\/cortesolda.com.br\/por\/wp-json\/wp\/v2\/media\/30199"}],"wp:attachment":[{"href":"https:\/\/cortesolda.com.br\/por\/wp-json\/wp\/v2\/media?parent=30197"}],"wp:term":[{"taxonomy":"product_brand","embeddable":true,"href":"https:\/\/cortesolda.com.br\/por\/wp-json\/wp\/v2\/product_brand?post=30197"},{"taxonomy":"product_cat","embeddable":true,"href":"https:\/\/cortesolda.com.br\/por\/wp-json\/wp\/v2\/product_cat?post=30197"},{"taxonomy":"product_tag","embeddable":true,"href":"https:\/\/cortesolda.com.br\/por\/wp-json\/wp\/v2\/product_tag?post=30197"}],"curies":[{"name":"wp","href":"https:\/\/api.w.org\/{rel}","templated":true}]}}