{"id":30203,"date":"2025-03-28T15:36:01","date_gmt":"2025-03-28T07:36:01","guid":{"rendered":"https:\/\/hotpink-lyrebird-701956.hostingersite.com\/?post_type=product&#038;p=30203"},"modified":"2025-07-08T15:35:16","modified_gmt":"2025-07-08T07:35:16","slug":"extrusora-canudinhos-de-biodegradavel","status":"publish","type":"product","link":"https:\/\/cortesolda.com.br\/por\/extrusora-canudinhos-de-biodegradavel","title":{"rendered":"Extrusora Canudinhos de biodegrad\u00e1vel PLA PBAT"},"content":{"rendered":"<div id=\"tab-desc\" class=\"tab-pane active\" role=\"tabpanel\">\n<div class=\"ProductAttr\">\n<div class=\"ProductAttrItem\">\n<div class=\"ProductAttr-title\" data-rm-block-id=\"block-1\">Extrusora Canudinhos de biodegrad\u00e1vel PLA PBAT<\/div>\n<\/div>\n<\/div>\n<div class=\"product-tab-desc\">\n<p data-rm-block-id=\"block-2\">A m\u00e1quina de canudo PLA de uma cor equipa com extrusora e molde, tanque de \u00e1gua de resfriamento, dispositivo de corte da unidade de transporte. , m\u00e1quina f\u00e1cil de operar.<\/p>\n<p data-rm-block-id=\"block-3\">A m\u00e1quina de fabrica\u00e7\u00e3o de palha PLA \u00e9 uma linha de extrus\u00e3o de tubo especial, composta por extrusora e matriz PLA, ajuste de tamanho e unidade de resfriamento de \u00e1gua, unidade de transporte, unidade de corte rotativo.<\/p>\n<table>\n<tbody>\n<tr>\n<td width=\"228\" data-rm-block-id=\"block-4\">Modelo<\/td>\n<td width=\"386\" data-rm-block-id=\"block-5\">KD-1-50 PLA<\/td>\n<\/tr>\n<tr>\n<td width=\"228\" data-rm-block-id=\"block-6\">Material<\/td>\n<td width=\"386\" data-rm-block-id=\"block-7\">PLA PBAT biodegrad\u00e1vel<\/td>\n<\/tr>\n<tr>\n<td width=\"228\" data-rm-block-id=\"block-8\">Cor<\/td>\n<td width=\"386\" data-rm-block-id=\"block-9\">1 cor (ou 2 cores\/3 cores como requisito)<\/td>\n<\/tr>\n<tr>\n<td width=\"228\" data-rm-block-id=\"block-10\">Di\u00e2metro do parafuso<\/td>\n<td width=\"386\" data-rm-block-id=\"block-11\">50mm (tipo BM separado + estrutura de unhas de abacaxi)<\/td>\n<\/tr>\n<tr>\n<td width=\"228\" data-rm-block-id=\"block-12\">L\/D<\/td>\n<td width=\"386\" data-rm-block-id=\"block-13\">33:1<\/td>\n<\/tr>\n<tr>\n<td width=\"228\" data-rm-block-id=\"block-14\">Aquecedor de barril<\/td>\n<td width=\"386\" data-rm-block-id=\"block-15\">4 zonas (cada uma com amper\u00edmetro)<\/td>\n<\/tr>\n<tr>\n<td width=\"228\" data-rm-block-id=\"block-16\">Aquecedor<\/td>\n<td width=\"386\" data-rm-block-id=\"block-17\">Bobina de aquecimento de infravermelho distante de economia de energia nano<\/td>\n<\/tr>\n<tr>\n<td width=\"228\" data-rm-block-id=\"block-18\">F\u00e3<\/td>\n<td width=\"386\" data-rm-block-id=\"block-19\">ventilador de temperatura constante<\/td>\n<\/tr>\n<tr>\n<td width=\"228\" data-rm-block-id=\"block-20\">Tremonha<\/td>\n<td width=\"386\" data-rm-block-id=\"block-21\">Funil de secagem e carregador autom\u00e1tico<\/td>\n<\/tr>\n<tr>\n<td width=\"228\" data-rm-block-id=\"block-22\">Motor para extrusora<\/td>\n<td width=\"386\" data-rm-block-id=\"block-23\">22kw (servo motor)<\/td>\n<\/tr>\n<tr>\n<td width=\"228\" data-rm-block-id=\"block-24\">Inversor<\/td>\n<td width=\"386\" data-rm-block-id=\"block-25\">22kw (marca Delta, Taiwan)<\/td>\n<\/tr>\n<tr>\n<td width=\"228\" data-rm-block-id=\"block-26\">Caixa de velocidade<\/td>\n<td width=\"386\" data-rm-block-id=\"block-27\">Engrenagem frontal endurecida ZLY146<\/td>\n<\/tr>\n<tr>\n<td width=\"228\" data-rm-block-id=\"block-28\">Tanque de armazenamento de \u00e1gua<\/td>\n<td width=\"386\" data-rm-block-id=\"block-29\">(comprimento) 4400 mm\/a\u00e7o inoxid\u00e1vel (com 2~3 dispositivos de sopro)<\/td>\n<\/tr>\n<tr>\n<td width=\"228\" data-rm-block-id=\"block-30\">Motor de tra\u00e7\u00e3o<\/td>\n<td width=\"386\" data-rm-block-id=\"block-31\">0,75kW\u00d71 controle por inversor<\/td>\n<\/tr>\n<tr>\n<td width=\"228\" data-rm-block-id=\"block-32\">Resultado<\/td>\n<td width=\"386\" data-rm-block-id=\"block-33\">30-50kg\/hora<\/td>\n<\/tr>\n<tr>\n<td width=\"228\" data-rm-block-id=\"block-34\">Di\u00e2metro da palha.<\/td>\n<td width=\"386\" data-rm-block-id=\"block-35\">\u03a66mm \u03a68mm \u03a612mm<\/td>\n<\/tr>\n<tr>\n<td width=\"228\" data-rm-block-id=\"block-36\">Espessura do produto<\/td>\n<td width=\"386\" data-rm-block-id=\"block-37\">0,1-0,35 mm<\/td>\n<\/tr>\n<tr>\n<td width=\"228\" data-rm-block-id=\"block-38\">Dimens\u00e3o<\/td>\n<td width=\"386\" data-rm-block-id=\"block-39\">8,5 m \u00d7 0,9 m \u00d7 1,6 m<\/td>\n<\/tr>\n<tr>\n<td width=\"228\" data-rm-block-id=\"block-40\">Peso<\/td>\n<td width=\"386\" data-rm-block-id=\"block-41\">1900kgs<\/td>\n<\/tr>\n<tr>\n<td width=\"228\" data-rm-block-id=\"block-42\"><\/td>\n<td width=\"386\" data-rm-block-id=\"block-43\">Dispositivo de coleta de palha em forma de I<\/td>\n<\/tr>\n<tr>\n<td width=\"228\" data-rm-block-id=\"block-44\">Poder<\/td>\n<td width=\"386\" data-rm-block-id=\"block-45\">380v 50Hz<\/td>\n<\/tr>\n<\/tbody>\n<\/table>\n<p data-rm-block-id=\"block-46\">\u203bAs especifica\u00e7\u00f5es corretas dependem do modelo real. Todas as especifica\u00e7\u00f5es est\u00e3o sujeitas a altera\u00e7\u00f5es sem aviso pr\u00e9vio.<\/p>\n<div id=\"attachment_31130\" style=\"width: 507px\" class=\"wp-caption alignnone\"><img fetchpriority=\"high\" decoding=\"async\" aria-describedby=\"caption-attachment-31130\" class=\"size-full wp-image-31130\" src=\"https:\/\/cortesolda.com.br\/por\/wp-content\/uploads\/2025\/03\/Extrusora-Canudinhos-de-plasticas.webp\" alt=\"Extrusora Canudinhos de plasticas\" width=\"497\" height=\"497\" srcset=\"https:\/\/cortesolda.com.br\/por\/wp-content\/uploads\/2025\/03\/Extrusora-Canudinhos-de-plasticas.webp 497w, https:\/\/cortesolda.com.br\/por\/wp-content\/uploads\/2025\/03\/Extrusora-Canudinhos-de-plasticas-300x300.webp 300w, https:\/\/cortesolda.com.br\/por\/wp-content\/uploads\/2025\/03\/Extrusora-Canudinhos-de-plasticas-150x150.webp 150w, https:\/\/cortesolda.com.br\/por\/wp-content\/uploads\/2025\/03\/Extrusora-Canudinhos-de-plasticas-430x430.webp 430w\" sizes=\"(max-width: 497px) 100vw, 497px\" \/><p id=\"caption-attachment-31130\" class=\"wp-caption-text\">Extrusora Canudinhos de plasticas<\/p><\/div>\n<div id=\"attachment_31131\" style=\"width: 507px\" class=\"wp-caption alignnone\"><img decoding=\"async\" aria-describedby=\"caption-attachment-31131\" class=\"size-full wp-image-31131\" src=\"https:\/\/cortesolda.com.br\/por\/wp-content\/uploads\/2025\/03\/Extrusora-Canudinhos-de-plasticas-Brazil.webp\" alt=\"Extrusora Canudinhos de plasticas\" width=\"497\" height=\"497\" srcset=\"https:\/\/cortesolda.com.br\/por\/wp-content\/uploads\/2025\/03\/Extrusora-Canudinhos-de-plasticas-Brazil.webp 497w, https:\/\/cortesolda.com.br\/por\/wp-content\/uploads\/2025\/03\/Extrusora-Canudinhos-de-plasticas-Brazil-300x300.webp 300w, https:\/\/cortesolda.com.br\/por\/wp-content\/uploads\/2025\/03\/Extrusora-Canudinhos-de-plasticas-Brazil-150x150.webp 150w, https:\/\/cortesolda.com.br\/por\/wp-content\/uploads\/2025\/03\/Extrusora-Canudinhos-de-plasticas-Brazil-430x430.webp 430w\" sizes=\"(max-width: 497px) 100vw, 497px\" \/><p id=\"caption-attachment-31131\" class=\"wp-caption-text\">Extrusora Canudinhos de plasticas<\/p><\/div>\n<div id=\"attachment_31132\" style=\"width: 507px\" class=\"wp-caption alignnone\"><img decoding=\"async\" aria-describedby=\"caption-attachment-31132\" class=\"size-full wp-image-31132\" src=\"https:\/\/cortesolda.com.br\/por\/wp-content\/uploads\/2025\/03\/Extrusora-Canudinhos-de-plasticas-rio.webp\" alt=\"Extrusora Canudinhos de plasticas\" width=\"497\" height=\"497\" srcset=\"https:\/\/cortesolda.com.br\/por\/wp-content\/uploads\/2025\/03\/Extrusora-Canudinhos-de-plasticas-rio.webp 497w, https:\/\/cortesolda.com.br\/por\/wp-content\/uploads\/2025\/03\/Extrusora-Canudinhos-de-plasticas-rio-300x300.webp 300w, https:\/\/cortesolda.com.br\/por\/wp-content\/uploads\/2025\/03\/Extrusora-Canudinhos-de-plasticas-rio-150x150.webp 150w, https:\/\/cortesolda.com.br\/por\/wp-content\/uploads\/2025\/03\/Extrusora-Canudinhos-de-plasticas-rio-430x430.webp 430w\" sizes=\"(max-width: 497px) 100vw, 497px\" \/><p id=\"caption-attachment-31132\" class=\"wp-caption-text\">Extrusora Canudinhos de plasticas<\/p><\/div>\n<p data-rm-block-id=\"block-47\">Se voc\u00ea comprar uma m\u00e1quina de cont\u00eainer, embalaremos a m\u00e1quina com filme estir\u00e1vel e carregaremos o cont\u00eainer diretamente<strong>(carga completa do cont\u00eainer FCL).<\/strong><\/p>\n<p data-rm-block-id=\"block-48\"><img loading=\"lazy\" decoding=\"async\" class=\"alignnone wp-image-30850\" src=\"https:\/\/cortesolda.com.br\/por\/wp-content\/uploads\/2025\/03\/Menos-que-a-carga-do-conteiner-LCL.webp\" sizes=\"(max-width: 450px) 100vw, 450px\" srcset=\"https:\/\/cortesolda.com.br\/por\/wp-content\/uploads\/2025\/03\/Menos-que-a-carga-do-conteiner-LCL.webp 992w, https:\/\/cortesolda.com.br\/por\/wp-content\/uploads\/2025\/03\/Menos-que-a-carga-do-conteiner-LCL-400x300.webp 400w, https:\/\/cortesolda.com.br\/por\/wp-content\/uploads\/2025\/03\/Menos-que-a-carga-do-conteiner-LCL-768x576.webp 768w, https:\/\/cortesolda.com.br\/por\/wp-content\/uploads\/2025\/03\/Menos-que-a-carga-do-conteiner-LCL-430x323.webp 430w, https:\/\/cortesolda.com.br\/por\/wp-content\/uploads\/2025\/03\/Menos-que-a-carga-do-conteiner-LCL-700x525.webp 700w, https:\/\/cortesolda.com.br\/por\/wp-content\/uploads\/2025\/03\/Menos-que-a-carga-do-conteiner-LCL-150x113.webp 150w\" alt=\"\" width=\"450\" height=\"338\" \/><\/p>\n<p data-rm-block-id=\"block-49\">Nosso cooperador de pe\u00e7as principais como a seguinte marca, mas pe\u00e7as padr\u00e3o todas fabricadas na China.<\/p>\n<p data-rm-block-id=\"block-50\"><img loading=\"lazy\" decoding=\"async\" class=\"wp-image-30678\" src=\"https:\/\/cortesolda.com.br\/por\/wp-content\/uploads\/2025\/03\/Nosso-principal-parceiro-de-pecas-e-a-seguinte-marca.jpg\" sizes=\"(max-width: 450px) 100vw, 450px\" srcset=\"https:\/\/cortesolda.com.br\/por\/wp-content\/uploads\/2025\/03\/Nosso-principal-parceiro-de-pecas-e-a-seguinte-marca.jpg 875w, https:\/\/cortesolda.com.br\/por\/wp-content\/uploads\/2025\/03\/Nosso-principal-parceiro-de-pecas-e-a-seguinte-marca-400x230.jpg 400w, https:\/\/cortesolda.com.br\/por\/wp-content\/uploads\/2025\/03\/Nosso-principal-parceiro-de-pecas-e-a-seguinte-marca-768x442.jpg 768w, https:\/\/cortesolda.com.br\/por\/wp-content\/uploads\/2025\/03\/Nosso-principal-parceiro-de-pecas-e-a-seguinte-marca-430x248.jpg 430w, https:\/\/cortesolda.com.br\/por\/wp-content\/uploads\/2025\/03\/Nosso-principal-parceiro-de-pecas-e-a-seguinte-marca-700x403.jpg 700w, https:\/\/cortesolda.com.br\/por\/wp-content\/uploads\/2025\/03\/Nosso-principal-parceiro-de-pecas-e-a-seguinte-marca-150x86.jpg 150w\" alt=\"Nosso principal parceiro de pe\u00e7as \u00e9 a seguinte marca\" width=\"450\" height=\"259\" \/><\/p>\n<p data-rm-block-id=\"block-51\">Nosso principal parceiro de pe\u00e7as \u00e9 a seguinte marcaComo encontrar polietileno para extrus\u00e3o de filme soprado.<br \/>\nA extrus\u00e3o de filme de extrus\u00e3o usa polietileno, como<strong>\u00a0<\/strong><\/p>\n<p data-rm-block-id=\"block-52\"><strong>Polietileno de Baixa Densidade (LDPE), Polietileno de Alta Densidade (HDPE) e Polietileno Linear de Baixa Densidade (LLDPE), Polipropileno (PP).<\/strong><br \/>\nAbaixo est\u00e3o os fornecedores de materiais de grandes marcas no mundo, eles abrem escrit\u00f3rios em todo o mundo, voc\u00ea pode verific\u00e1-los no mercado local.<br \/>\n1.<a href=\"http:\/\/www.sabic.com\/\" target=\"_blank\" rel=\"noopener\"><strong><u>Sabic Saudi Basic Industries Corporation<\/u><\/strong><\/a><br \/>\n2.<a href=\"http:\/\/www.exxonmobilchemical.com\/\" target=\"_blank\" rel=\"noopener\"><strong><u>ExxonMobil Chemical Company<\/u><\/strong><\/a><br \/>\n3.<a href=\"http:\/\/www.dow.com\/\" target=\"_blank\" rel=\"noopener\"><strong><u>Dow Chemical Company<\/u><\/strong><\/a><strong>\u00a0<\/strong><\/p>\n<p data-rm-block-id=\"block-53\"><img loading=\"lazy\" decoding=\"async\" class=\"alignnone wp-image-30728\" src=\"https:\/\/cortesolda.com.br\/por\/wp-content\/uploads\/2025\/03\/Fornecedores-de-materia-prima-de-polietileno.jpg\" sizes=\"(max-width: 450px) 100vw, 450px\" srcset=\"https:\/\/cortesolda.com.br\/por\/wp-content\/uploads\/2025\/03\/Fornecedores-de-materia-prima-de-polietileno.jpg 400w, https:\/\/cortesolda.com.br\/por\/wp-content\/uploads\/2025\/03\/Fornecedores-de-materia-prima-de-polietileno-300x300.jpg 300w, https:\/\/cortesolda.com.br\/por\/wp-content\/uploads\/2025\/03\/Fornecedores-de-materia-prima-de-polietileno-150x150.jpg 150w\" alt=\"Fornecedores de mat\u00e9ria prima de polietileno\" width=\"450\" height=\"450\" \/><\/p>\n<div class=\"product-tab-desc\">\n<div id=\"attachment_29719\" class=\"wp-caption alignnone\" data-rm-block-id=\"block-62\">\n<div id=\"attachment_30682\" class=\"wp-caption alignnone\">\n<div id=\"attachment_30728\" class=\"wp-caption alignnone\">\n<p id=\"caption-attachment-30728\" class=\"wp-caption-text\" data-rm-block-id=\"block-54\">f\u00e1brica do cliente<\/p>\n<div id=\"attachment_30768\" class=\"wp-caption alignnone\">\n<p data-rm-block-id=\"block-55\"><img loading=\"lazy\" decoding=\"async\" class=\"wp-image-30768\" src=\"https:\/\/cortesolda.com.br\/por\/wp-content\/uploads\/2025\/03\/instalar-maquina-de-filme-stretch-na-fabrica-do-clientes.jpg\" sizes=\"(max-width: 450px) 100vw, 450px\" srcset=\"https:\/\/cortesolda.com.br\/por\/wp-content\/uploads\/2025\/03\/instalar-maquina-de-filme-stretch-na-fabrica-do-clientes.jpg 468w, https:\/\/cortesolda.com.br\/por\/wp-content\/uploads\/2025\/03\/instalar-maquina-de-filme-stretch-na-fabrica-do-clientes-300x300.jpg 300w, https:\/\/cortesolda.com.br\/por\/wp-content\/uploads\/2025\/03\/instalar-maquina-de-filme-stretch-na-fabrica-do-clientes-150x150.jpg 150w, https:\/\/cortesolda.com.br\/por\/wp-content\/uploads\/2025\/03\/instalar-maquina-de-filme-stretch-na-fabrica-do-clientes-430x430.jpg 430w\" alt=\"instalar m\u00e1quina de filme stretch na f\u00e1brica do cliente.\" width=\"450\" height=\"450\" aria-describedby=\"caption-attachment-30768\" \/><\/p>\n<p id=\"caption-attachment-30768\" class=\"wp-caption-text\" data-rm-block-id=\"block-56\">instalar m\u00e1quina de filme stretch na f\u00e1brica do cliente.<\/p>\n<\/div>\n<\/div>\n<div class=\"product-tab-desc\">\n<div id=\"attachment_29712\" class=\"wp-caption alignnone\" data-rm-block-id=\"block-60\">\n<div id=\"attachment_30680\" class=\"wp-caption alignnone\">\n<p data-rm-block-id=\"block-57\"><img loading=\"lazy\" decoding=\"async\" class=\" wp-image-30680\" src=\"https:\/\/cortesolda.com.br\/por\/wp-content\/uploads\/2025\/03\/fornecedor-de-pecas-plasticas-para-maquinas.webp\" sizes=\"(max-width: 466px) 100vw, 466px\" srcset=\"https:\/\/cortesolda.com.br\/por\/wp-content\/uploads\/2025\/03\/fornecedor-de-pecas-plasticas-para-maquinas.webp 497w, https:\/\/cortesolda.com.br\/por\/wp-content\/uploads\/2025\/03\/fornecedor-de-pecas-plasticas-para-maquinas-300x300.webp 300w, https:\/\/cortesolda.com.br\/por\/wp-content\/uploads\/2025\/03\/fornecedor-de-pecas-plasticas-para-maquinas-150x150.webp 150w, https:\/\/cortesolda.com.br\/por\/wp-content\/uploads\/2025\/03\/fornecedor-de-pecas-plasticas-para-maquinas-430x430.webp 430w\" alt=\"fornecedor de pe\u00e7as pl\u00e1sticas para m\u00e1quinas\" width=\"450\" height=\"450\" aria-describedby=\"caption-attachment-30680\" \/><\/p>\n<p id=\"caption-attachment-30680\" class=\"wp-caption-text\" data-rm-block-id=\"block-58\">f\u00e1brica do cliente<\/p>\n<\/div>\n<\/div>\n<div id=\"attachment_29712\" class=\"wp-caption alignnone\" data-rm-block-id=\"block-61\">\n<div id=\"attachment_30681\" class=\"wp-caption alignnone\">\n<p data-rm-block-id=\"block-59\"><img loading=\"lazy\" decoding=\"async\" class=\" wp-image-30681\" src=\"https:\/\/cortesolda.com.br\/por\/wp-content\/uploads\/2025\/03\/fabrica-do-cliente.webp\" sizes=\"(max-width: 467px) 100vw, 467px\" srcset=\"https:\/\/cortesolda.com.br\/por\/wp-content\/uploads\/2025\/03\/fabrica-do-cliente.webp 467w, https:\/\/cortesolda.com.br\/por\/wp-content\/uploads\/2025\/03\/fabrica-do-cliente-296x300.webp 296w, https:\/\/cortesolda.com.br\/por\/wp-content\/uploads\/2025\/03\/fabrica-do-cliente-430x436.webp 430w, https:\/\/cortesolda.com.br\/por\/wp-content\/uploads\/2025\/03\/fabrica-do-cliente-150x152.webp 150w\" alt=\"f\u00e1brica do cliente \" width=\"455\" height=\"462\" aria-describedby=\"caption-attachment-30681\" \/><\/p>\n<p id=\"caption-attachment-30681\" class=\"wp-caption-text\" data-rm-block-id=\"block-60\">m\u00e1quinas exportadas para todo o mundo.<\/p>\n<\/div>\n<\/div>\n<div id=\"attachment_29719\" class=\"wp-caption alignnone\" data-rm-block-id=\"block-62\">\n<div id=\"attachment_30682\" class=\"wp-caption alignnone\">\n<p data-rm-block-id=\"block-61\"><img loading=\"lazy\" decoding=\"async\" class=\" wp-image-30682\" src=\"https:\/\/cortesolda.com.br\/por\/wp-content\/uploads\/2025\/03\/maquinas-exportadas-para-todo-o-mundo.webp\" sizes=\"(max-width: 468px) 100vw, 468px\" srcset=\"https:\/\/cortesolda.com.br\/por\/wp-content\/uploads\/2025\/03\/maquinas-exportadas-para-todo-o-mundo.webp 800w, https:\/\/cortesolda.com.br\/por\/wp-content\/uploads\/2025\/03\/maquinas-exportadas-para-todo-o-mundo-400x202.webp 400w, https:\/\/cortesolda.com.br\/por\/wp-content\/uploads\/2025\/03\/maquinas-exportadas-para-todo-o-mundo-768x387.webp 768w, https:\/\/cortesolda.com.br\/por\/wp-content\/uploads\/2025\/03\/maquinas-exportadas-para-todo-o-mundo-430x217.webp 430w, https:\/\/cortesolda.com.br\/por\/wp-content\/uploads\/2025\/03\/maquinas-exportadas-para-todo-o-mundo-700x353.webp 700w, https:\/\/cortesolda.com.br\/por\/wp-content\/uploads\/2025\/03\/maquinas-exportadas-para-todo-o-mundo-150x76.webp 150w\" alt=\"m\u00e1quinas exportadas para todo o mundo.\" width=\"450\" height=\"227\" aria-describedby=\"caption-attachment-30682\" \/><\/p>\n<p id=\"caption-attachment-30682\" class=\"wp-caption-text\" data-rm-block-id=\"block-62\">Processo de produ\u00e7\u00e3o de sacolas pl\u00e1sticas<\/p>\n<\/div>\n<\/div>\n<div id=\"attachment_29720\" class=\"wp-caption alignnone\">\n<p data-rm-block-id=\"block-63\"><img loading=\"lazy\" decoding=\"async\" class=\" wp-image-30683\" src=\"https:\/\/cortesolda.com.br\/por\/wp-content\/uploads\/2025\/03\/Processo-de-producao-de-sacolas-plasticas.webp\" sizes=\"(max-width: 467px) 100vw, 467px\" srcset=\"https:\/\/cortesolda.com.br\/por\/wp-content\/uploads\/2025\/03\/Processo-de-producao-de-sacolas-plasticas.webp 1038w, https:\/\/cortesolda.com.br\/por\/wp-content\/uploads\/2025\/03\/Processo-de-producao-de-sacolas-plasticas-315x300.webp 315w, https:\/\/cortesolda.com.br\/por\/wp-content\/uploads\/2025\/03\/Processo-de-producao-de-sacolas-plasticas-840x800.webp 840w, https:\/\/cortesolda.com.br\/por\/wp-content\/uploads\/2025\/03\/Processo-de-producao-de-sacolas-plasticas-768x732.webp 768w, https:\/\/cortesolda.com.br\/por\/wp-content\/uploads\/2025\/03\/Processo-de-producao-de-sacolas-plasticas-430x410.webp 430w, https:\/\/cortesolda.com.br\/por\/wp-content\/uploads\/2025\/03\/Processo-de-producao-de-sacolas-plasticas-700x667.webp 700w, https:\/\/cortesolda.com.br\/por\/wp-content\/uploads\/2025\/03\/Processo-de-producao-de-sacolas-plasticas-150x143.webp 150w\" alt=\"Processo de produ\u00e7\u00e3o de sacolas pl\u00e1sticas\" width=\"453\" height=\"432\" \/><\/p>\n<\/div>\n<\/div>\n<\/div>\n<\/div>\n<\/div>\n<\/div>\n<\/div>\n","protected":false},"excerpt":{"rendered":"<p>Extrusora Canudinhos<\/p>\n","protected":false},"featured_media":30205,"comment_status":"closed","ping_status":"closed","template":"","meta":{"_acf_changed":false,"_oss_video_url":""},"product_brand":[],"product_cat":[81],"product_tag":[],"class_list":{"0":"post-30203","1":"product","2":"type-product","3":"status-publish","4":"has-post-thumbnail","6":"product_cat-drinking-straw-machine","8":"first","9":"instock","10":"shipping-taxable","11":"product-type-simple"},"acf":[],"_links":{"self":[{"href":"https:\/\/cortesolda.com.br\/por\/wp-json\/wp\/v2\/product\/30203","targetHints":{"allow":["GET"]}}],"collection":[{"href":"https:\/\/cortesolda.com.br\/por\/wp-json\/wp\/v2\/product"}],"about":[{"href":"https:\/\/cortesolda.com.br\/por\/wp-json\/wp\/v2\/types\/product"}],"replies":[{"embeddable":true,"href":"https:\/\/cortesolda.com.br\/por\/wp-json\/wp\/v2\/comments?post=30203"}],"version-history":[{"count":0,"href":"https:\/\/cortesolda.com.br\/por\/wp-json\/wp\/v2\/product\/30203\/revisions"}],"wp:featuredmedia":[{"embeddable":true,"href":"https:\/\/cortesolda.com.br\/por\/wp-json\/wp\/v2\/media\/30205"}],"wp:attachment":[{"href":"https:\/\/cortesolda.com.br\/por\/wp-json\/wp\/v2\/media?parent=30203"}],"wp:term":[{"taxonomy":"product_brand","embeddable":true,"href":"https:\/\/cortesolda.com.br\/por\/wp-json\/wp\/v2\/product_brand?post=30203"},{"taxonomy":"product_cat","embeddable":true,"href":"https:\/\/cortesolda.com.br\/por\/wp-json\/wp\/v2\/product_cat?post=30203"},{"taxonomy":"product_tag","embeddable":true,"href":"https:\/\/cortesolda.com.br\/por\/wp-json\/wp\/v2\/product_tag?post=30203"}],"curies":[{"name":"wp","href":"https:\/\/api.w.org\/{rel}","templated":true}]}}