{"id":30218,"date":"2025-03-28T15:39:10","date_gmt":"2025-03-28T07:39:10","guid":{"rendered":"https:\/\/hotpink-lyrebird-701956.hostingersite.com\/?post_type=product&#038;p=30218"},"modified":"2025-07-08T20:52:28","modified_gmt":"2025-07-08T12:52:28","slug":"embaladora-de-canudinhos-de-canudo","status":"publish","type":"product","link":"https:\/\/cortesolda.com.br\/por\/embaladora-de-canudinhos-de-canudo","title":{"rendered":"Embaladora de Canudinhos de canudo"},"content":{"rendered":"<div id=\"tab-desc\" class=\"tab-pane active\" role=\"tabpanel\">\n<div class=\"ProductAttr\">\n<div class=\"ProductAttrItem\">\n<div class=\"ProductAttr-title\">Embaladora de Canudinhos de canudo<\/div>\n<\/div>\n<\/div>\n<div class=\"product-tab-desc\">\n<ol>\n<li>Pacotes m\u00faltiplos de qualquer n\u00famero (abaixo de 40), enchimento, veda\u00e7\u00e3o, embalagem e corte podem ser conclu\u00eddos de uma s\u00f3 vez.<\/li>\n<li>Contagem autom\u00e1tica, alarme de lote para o n\u00famero de sacos de embalagem.<\/li>\n<li>O \u00fanico funil descarrega verticalmente, descarregando suavemente, realiza uma opera\u00e7\u00e3o eficiente e alto rendimento.<\/li>\n<li>O desenrolamento do filme adota um dispositivo ajust\u00e1vel de tens\u00e3o mec\u00e2nica frontal, que \u00e9 conveniente e r\u00e1pido para ajustar online.<\/li>\n<li>Com a substitui\u00e7\u00e3o de algumas pe\u00e7as, pode atender a produ\u00e7\u00e3o de diversas especifica\u00e7\u00f5es e variedades de canudos, com boa versatilidade<\/li>\n<li>A bancada \u00e9 feita de a\u00e7o inoxid\u00e1vel, bonita e generosa, e nunca enferruja.<\/li>\n<\/ol>\n<table>\n<tbody>\n<tr>\n<td width=\"338\">item<\/td>\n<td width=\"216\">FE-36<\/td>\n<\/tr>\n<tr>\n<td width=\"338\">Capacidade<\/p>\n<p>Quantidade de palha<\/td>\n<td width=\"216\">40~70sacos\/minuto<\/p>\n<p>2\u201440 pe\u00e7as\/saco<\/td>\n<\/tr>\n<tr>\n<td width=\"338\">Motor principal<\/td>\n<td width=\"216\">0,75 kW<\/td>\n<\/tr>\n<tr>\n<td width=\"338\">Material de empacotamento<\/td>\n<td width=\"216\">Filme pl\u00e1stico<\/td>\n<\/tr>\n<tr>\n<td width=\"338\">Largura do material<\/td>\n<td width=\"216\">60~120mm<\/td>\n<\/tr>\n<tr>\n<td width=\"338\">Di\u00e2metro da palha<\/td>\n<td width=\"216\">\u03c63~6mm<\/td>\n<\/tr>\n<tr>\n<td width=\"338\">Comprimento da palha<\/td>\n<td width=\"216\">120~240mm<\/td>\n<\/tr>\n<tr>\n<td width=\"338\">Peso da m\u00e1quina<\/td>\n<td width=\"216\">400kg<\/td>\n<\/tr>\n<tr>\n<td width=\"338\">Tamanho da m\u00e1quina<\/td>\n<td width=\"216\">700 mm \u00d7 1100 mm<\/td>\n<\/tr>\n<\/tbody>\n<\/table>\n<p data-rm-block-id=\"block-39\">\u203bAs especifica\u00e7\u00f5es corretas dependem do modelo real. Todas as especifica\u00e7\u00f5es est\u00e3o sujeitas a altera\u00e7\u00f5es sem aviso pr\u00e9vio.<\/p>\n<div id=\"attachment_31130\" style=\"width: 507px\" class=\"wp-caption alignnone\"><img fetchpriority=\"high\" decoding=\"async\" aria-describedby=\"caption-attachment-31130\" class=\"size-full wp-image-31130\" src=\"https:\/\/cortesolda.com.br\/por\/wp-content\/uploads\/2025\/03\/Extrusora-Canudinhos-de-plasticas.webp\" alt=\"Extrusora Canudinhos de plasticas\" width=\"497\" height=\"497\" srcset=\"https:\/\/cortesolda.com.br\/por\/wp-content\/uploads\/2025\/03\/Extrusora-Canudinhos-de-plasticas.webp 497w, https:\/\/cortesolda.com.br\/por\/wp-content\/uploads\/2025\/03\/Extrusora-Canudinhos-de-plasticas-300x300.webp 300w, https:\/\/cortesolda.com.br\/por\/wp-content\/uploads\/2025\/03\/Extrusora-Canudinhos-de-plasticas-150x150.webp 150w, https:\/\/cortesolda.com.br\/por\/wp-content\/uploads\/2025\/03\/Extrusora-Canudinhos-de-plasticas-430x430.webp 430w\" sizes=\"(max-width: 497px) 100vw, 497px\" \/><p id=\"caption-attachment-31130\" class=\"wp-caption-text\">Extrusora Canudinhos de plasticas<\/p><\/div>\n<div id=\"attachment_31131\" style=\"width: 507px\" class=\"wp-caption alignnone\"><img decoding=\"async\" aria-describedby=\"caption-attachment-31131\" class=\"size-full wp-image-31131\" src=\"https:\/\/cortesolda.com.br\/por\/wp-content\/uploads\/2025\/03\/Extrusora-Canudinhos-de-plasticas-Brazil.webp\" alt=\"Extrusora Canudinhos de plasticas\" width=\"497\" height=\"497\" srcset=\"https:\/\/cortesolda.com.br\/por\/wp-content\/uploads\/2025\/03\/Extrusora-Canudinhos-de-plasticas-Brazil.webp 497w, https:\/\/cortesolda.com.br\/por\/wp-content\/uploads\/2025\/03\/Extrusora-Canudinhos-de-plasticas-Brazil-300x300.webp 300w, https:\/\/cortesolda.com.br\/por\/wp-content\/uploads\/2025\/03\/Extrusora-Canudinhos-de-plasticas-Brazil-150x150.webp 150w, https:\/\/cortesolda.com.br\/por\/wp-content\/uploads\/2025\/03\/Extrusora-Canudinhos-de-plasticas-Brazil-430x430.webp 430w\" sizes=\"(max-width: 497px) 100vw, 497px\" \/><p id=\"caption-attachment-31131\" class=\"wp-caption-text\">Extrusora Canudinhos de plasticas<\/p><\/div>\n<div id=\"attachment_31132\" style=\"width: 507px\" class=\"wp-caption alignnone\"><img decoding=\"async\" aria-describedby=\"caption-attachment-31132\" class=\"size-full wp-image-31132\" src=\"https:\/\/cortesolda.com.br\/por\/wp-content\/uploads\/2025\/03\/Extrusora-Canudinhos-de-plasticas-rio.webp\" alt=\"Extrusora Canudinhos de plasticas\" width=\"497\" height=\"497\" srcset=\"https:\/\/cortesolda.com.br\/por\/wp-content\/uploads\/2025\/03\/Extrusora-Canudinhos-de-plasticas-rio.webp 497w, https:\/\/cortesolda.com.br\/por\/wp-content\/uploads\/2025\/03\/Extrusora-Canudinhos-de-plasticas-rio-300x300.webp 300w, https:\/\/cortesolda.com.br\/por\/wp-content\/uploads\/2025\/03\/Extrusora-Canudinhos-de-plasticas-rio-150x150.webp 150w, https:\/\/cortesolda.com.br\/por\/wp-content\/uploads\/2025\/03\/Extrusora-Canudinhos-de-plasticas-rio-430x430.webp 430w\" sizes=\"(max-width: 497px) 100vw, 497px\" \/><p id=\"caption-attachment-31132\" class=\"wp-caption-text\">Extrusora Canudinhos de plasticas<\/p><\/div>\n<p data-rm-block-id=\"block-40\">Se voc\u00ea comprar uma m\u00e1quina de cont\u00eainer, embalaremos a m\u00e1quina com filme estir\u00e1vel e carregaremos o cont\u00eainer diretamente<strong>(carga completa do cont\u00eainer FCL).<\/strong><\/p>\n<p data-rm-block-id=\"block-41\"><img loading=\"lazy\" decoding=\"async\" class=\"alignnone wp-image-30850\" src=\"https:\/\/cortesolda.com.br\/por\/wp-content\/uploads\/2025\/03\/Menos-que-a-carga-do-conteiner-LCL.webp\" sizes=\"(max-width: 450px) 100vw, 450px\" srcset=\"https:\/\/cortesolda.com.br\/por\/wp-content\/uploads\/2025\/03\/Menos-que-a-carga-do-conteiner-LCL.webp 992w, https:\/\/cortesolda.com.br\/por\/wp-content\/uploads\/2025\/03\/Menos-que-a-carga-do-conteiner-LCL-400x300.webp 400w, https:\/\/cortesolda.com.br\/por\/wp-content\/uploads\/2025\/03\/Menos-que-a-carga-do-conteiner-LCL-768x576.webp 768w, https:\/\/cortesolda.com.br\/por\/wp-content\/uploads\/2025\/03\/Menos-que-a-carga-do-conteiner-LCL-430x323.webp 430w, https:\/\/cortesolda.com.br\/por\/wp-content\/uploads\/2025\/03\/Menos-que-a-carga-do-conteiner-LCL-700x525.webp 700w, https:\/\/cortesolda.com.br\/por\/wp-content\/uploads\/2025\/03\/Menos-que-a-carga-do-conteiner-LCL-150x113.webp 150w\" alt=\"\" width=\"450\" height=\"338\" \/><\/p>\n<p data-rm-block-id=\"block-42\">Nosso cooperador de pe\u00e7as principais como a seguinte marca, mas pe\u00e7as padr\u00e3o todas fabricadas na China.<\/p>\n<p data-rm-block-id=\"block-43\"><img loading=\"lazy\" decoding=\"async\" class=\"wp-image-30678\" src=\"https:\/\/cortesolda.com.br\/por\/wp-content\/uploads\/2025\/03\/Nosso-principal-parceiro-de-pecas-e-a-seguinte-marca.jpg\" sizes=\"(max-width: 450px) 100vw, 450px\" srcset=\"https:\/\/cortesolda.com.br\/por\/wp-content\/uploads\/2025\/03\/Nosso-principal-parceiro-de-pecas-e-a-seguinte-marca.jpg 875w, https:\/\/cortesolda.com.br\/por\/wp-content\/uploads\/2025\/03\/Nosso-principal-parceiro-de-pecas-e-a-seguinte-marca-400x230.jpg 400w, https:\/\/cortesolda.com.br\/por\/wp-content\/uploads\/2025\/03\/Nosso-principal-parceiro-de-pecas-e-a-seguinte-marca-768x442.jpg 768w, https:\/\/cortesolda.com.br\/por\/wp-content\/uploads\/2025\/03\/Nosso-principal-parceiro-de-pecas-e-a-seguinte-marca-430x248.jpg 430w, https:\/\/cortesolda.com.br\/por\/wp-content\/uploads\/2025\/03\/Nosso-principal-parceiro-de-pecas-e-a-seguinte-marca-700x403.jpg 700w, https:\/\/cortesolda.com.br\/por\/wp-content\/uploads\/2025\/03\/Nosso-principal-parceiro-de-pecas-e-a-seguinte-marca-150x86.jpg 150w\" alt=\"Nosso principal parceiro de pe\u00e7as \u00e9 a seguinte marca\" width=\"450\" height=\"259\" \/><\/p>\n<p data-rm-block-id=\"block-44\">Nosso principal parceiro de pe\u00e7as \u00e9 a seguinte marcaComo encontrar polietileno para extrus\u00e3o de filme soprado.<br \/>\nA extrus\u00e3o de filme de extrus\u00e3o usa polietileno, como<strong>\u00a0<\/strong><\/p>\n<p data-rm-block-id=\"block-45\"><strong>Polietileno de Baixa Densidade (LDPE), Polietileno de Alta Densidade (HDPE) e Polietileno Linear de Baixa Densidade (LLDPE), Polipropileno (PP).<\/strong><br \/>\nAbaixo est\u00e3o os fornecedores de materiais de grandes marcas no mundo, eles abrem escrit\u00f3rios em todo o mundo, voc\u00ea pode verific\u00e1-los no mercado local.<br \/>\n1.<a href=\"http:\/\/www.sabic.com\/\" target=\"_blank\" rel=\"noopener\"><strong><u>Sabic Saudi Basic Industries Corporation<\/u><\/strong><\/a><br \/>\n2.<a href=\"http:\/\/www.exxonmobilchemical.com\/\" target=\"_blank\" rel=\"noopener\"><strong><u>ExxonMobil Chemical Company<\/u><\/strong><\/a><br \/>\n3.<a href=\"http:\/\/www.dow.com\/\" target=\"_blank\" rel=\"noopener\"><strong><u>Dow Chemical Company<\/u><\/strong><\/a><strong>\u00a0<\/strong><\/p>\n<p data-rm-block-id=\"block-46\"><img loading=\"lazy\" decoding=\"async\" class=\"alignnone wp-image-30728\" src=\"https:\/\/cortesolda.com.br\/por\/wp-content\/uploads\/2025\/03\/Fornecedores-de-materia-prima-de-polietileno.jpg\" sizes=\"(max-width: 450px) 100vw, 450px\" srcset=\"https:\/\/cortesolda.com.br\/por\/wp-content\/uploads\/2025\/03\/Fornecedores-de-materia-prima-de-polietileno.jpg 400w, https:\/\/cortesolda.com.br\/por\/wp-content\/uploads\/2025\/03\/Fornecedores-de-materia-prima-de-polietileno-300x300.jpg 300w, https:\/\/cortesolda.com.br\/por\/wp-content\/uploads\/2025\/03\/Fornecedores-de-materia-prima-de-polietileno-150x150.jpg 150w\" alt=\"Fornecedores de mat\u00e9ria prima de polietileno\" width=\"450\" height=\"450\" \/><\/p>\n<div class=\"product-tab-desc\">\n<div id=\"attachment_29719\" class=\"wp-caption alignnone\" data-rm-block-id=\"block-62\">\n<div id=\"attachment_30682\" class=\"wp-caption alignnone\">\n<div id=\"attachment_30728\" class=\"wp-caption alignnone\">\n<p id=\"caption-attachment-30728\" class=\"wp-caption-text\" data-rm-block-id=\"block-47\">f\u00e1brica do cliente<\/p>\n<div id=\"attachment_30768\" class=\"wp-caption alignnone\">\n<p data-rm-block-id=\"block-48\"><img loading=\"lazy\" decoding=\"async\" class=\"wp-image-30768\" src=\"https:\/\/cortesolda.com.br\/por\/wp-content\/uploads\/2025\/03\/instalar-maquina-de-filme-stretch-na-fabrica-do-clientes.jpg\" sizes=\"(max-width: 450px) 100vw, 450px\" srcset=\"https:\/\/cortesolda.com.br\/por\/wp-content\/uploads\/2025\/03\/instalar-maquina-de-filme-stretch-na-fabrica-do-clientes.jpg 468w, https:\/\/cortesolda.com.br\/por\/wp-content\/uploads\/2025\/03\/instalar-maquina-de-filme-stretch-na-fabrica-do-clientes-300x300.jpg 300w, https:\/\/cortesolda.com.br\/por\/wp-content\/uploads\/2025\/03\/instalar-maquina-de-filme-stretch-na-fabrica-do-clientes-150x150.jpg 150w, https:\/\/cortesolda.com.br\/por\/wp-content\/uploads\/2025\/03\/instalar-maquina-de-filme-stretch-na-fabrica-do-clientes-430x430.jpg 430w\" alt=\"instalar m\u00e1quina de filme stretch na f\u00e1brica do cliente.\" width=\"450\" height=\"450\" aria-describedby=\"caption-attachment-30768\" \/><\/p>\n<p id=\"caption-attachment-30768\" class=\"wp-caption-text\" data-rm-block-id=\"block-49\">instalar m\u00e1quina de filme stretch na f\u00e1brica do cliente.<\/p>\n<\/div>\n<\/div>\n<div class=\"product-tab-desc\">\n<div id=\"attachment_29712\" class=\"wp-caption alignnone\" data-rm-block-id=\"block-60\">\n<div id=\"attachment_30680\" class=\"wp-caption alignnone\">\n<p data-rm-block-id=\"block-50\"><img loading=\"lazy\" decoding=\"async\" class=\" wp-image-30680\" src=\"https:\/\/cortesolda.com.br\/por\/wp-content\/uploads\/2025\/03\/fornecedor-de-pecas-plasticas-para-maquinas.webp\" sizes=\"(max-width: 466px) 100vw, 466px\" srcset=\"https:\/\/cortesolda.com.br\/por\/wp-content\/uploads\/2025\/03\/fornecedor-de-pecas-plasticas-para-maquinas.webp 497w, https:\/\/cortesolda.com.br\/por\/wp-content\/uploads\/2025\/03\/fornecedor-de-pecas-plasticas-para-maquinas-300x300.webp 300w, https:\/\/cortesolda.com.br\/por\/wp-content\/uploads\/2025\/03\/fornecedor-de-pecas-plasticas-para-maquinas-150x150.webp 150w, https:\/\/cortesolda.com.br\/por\/wp-content\/uploads\/2025\/03\/fornecedor-de-pecas-plasticas-para-maquinas-430x430.webp 430w\" alt=\"fornecedor de pe\u00e7as pl\u00e1sticas para m\u00e1quinas\" width=\"450\" height=\"450\" aria-describedby=\"caption-attachment-30680\" \/><\/p>\n<p id=\"caption-attachment-30680\" class=\"wp-caption-text\" data-rm-block-id=\"block-51\">f\u00e1brica do cliente<\/p>\n<\/div>\n<\/div>\n<div id=\"attachment_29712\" class=\"wp-caption alignnone\" data-rm-block-id=\"block-61\">\n<div id=\"attachment_30681\" class=\"wp-caption alignnone\">\n<p data-rm-block-id=\"block-52\"><img loading=\"lazy\" decoding=\"async\" class=\" wp-image-30681\" src=\"https:\/\/cortesolda.com.br\/por\/wp-content\/uploads\/2025\/03\/fabrica-do-cliente.webp\" sizes=\"(max-width: 467px) 100vw, 467px\" srcset=\"https:\/\/cortesolda.com.br\/por\/wp-content\/uploads\/2025\/03\/fabrica-do-cliente.webp 467w, https:\/\/cortesolda.com.br\/por\/wp-content\/uploads\/2025\/03\/fabrica-do-cliente-296x300.webp 296w, https:\/\/cortesolda.com.br\/por\/wp-content\/uploads\/2025\/03\/fabrica-do-cliente-430x436.webp 430w, https:\/\/cortesolda.com.br\/por\/wp-content\/uploads\/2025\/03\/fabrica-do-cliente-150x152.webp 150w\" alt=\"f\u00e1brica do cliente \" width=\"455\" height=\"462\" aria-describedby=\"caption-attachment-30681\" \/><\/p>\n<p id=\"caption-attachment-30681\" class=\"wp-caption-text\" data-rm-block-id=\"block-53\">m\u00e1quinas exportadas para todo o mundo.<\/p>\n<\/div>\n<\/div>\n<div id=\"attachment_29719\" class=\"wp-caption alignnone\" data-rm-block-id=\"block-62\">\n<div id=\"attachment_30682\" class=\"wp-caption alignnone\">\n<p data-rm-block-id=\"block-54\"><img loading=\"lazy\" decoding=\"async\" class=\" wp-image-30682\" src=\"https:\/\/cortesolda.com.br\/por\/wp-content\/uploads\/2025\/03\/maquinas-exportadas-para-todo-o-mundo.webp\" sizes=\"(max-width: 468px) 100vw, 468px\" srcset=\"https:\/\/cortesolda.com.br\/por\/wp-content\/uploads\/2025\/03\/maquinas-exportadas-para-todo-o-mundo.webp 800w, https:\/\/cortesolda.com.br\/por\/wp-content\/uploads\/2025\/03\/maquinas-exportadas-para-todo-o-mundo-400x202.webp 400w, https:\/\/cortesolda.com.br\/por\/wp-content\/uploads\/2025\/03\/maquinas-exportadas-para-todo-o-mundo-768x387.webp 768w, https:\/\/cortesolda.com.br\/por\/wp-content\/uploads\/2025\/03\/maquinas-exportadas-para-todo-o-mundo-430x217.webp 430w, https:\/\/cortesolda.com.br\/por\/wp-content\/uploads\/2025\/03\/maquinas-exportadas-para-todo-o-mundo-700x353.webp 700w, https:\/\/cortesolda.com.br\/por\/wp-content\/uploads\/2025\/03\/maquinas-exportadas-para-todo-o-mundo-150x76.webp 150w\" alt=\"m\u00e1quinas exportadas para todo o mundo.\" width=\"450\" height=\"227\" aria-describedby=\"caption-attachment-30682\" \/><\/p>\n<p id=\"caption-attachment-30682\" class=\"wp-caption-text\" data-rm-block-id=\"block-55\">Processo de produ\u00e7\u00e3o de sacolas pl\u00e1sticas<\/p>\n<\/div>\n<\/div>\n<div id=\"attachment_29720\" class=\"wp-caption alignnone\">\n<p data-rm-block-id=\"block-56\"><img loading=\"lazy\" decoding=\"async\" class=\" wp-image-30683\" src=\"https:\/\/cortesolda.com.br\/por\/wp-content\/uploads\/2025\/03\/Processo-de-producao-de-sacolas-plasticas.webp\" sizes=\"(max-width: 467px) 100vw, 467px\" srcset=\"https:\/\/cortesolda.com.br\/por\/wp-content\/uploads\/2025\/03\/Processo-de-producao-de-sacolas-plasticas.webp 1038w, https:\/\/cortesolda.com.br\/por\/wp-content\/uploads\/2025\/03\/Processo-de-producao-de-sacolas-plasticas-315x300.webp 315w, https:\/\/cortesolda.com.br\/por\/wp-content\/uploads\/2025\/03\/Processo-de-producao-de-sacolas-plasticas-840x800.webp 840w, https:\/\/cortesolda.com.br\/por\/wp-content\/uploads\/2025\/03\/Processo-de-producao-de-sacolas-plasticas-768x732.webp 768w, https:\/\/cortesolda.com.br\/por\/wp-content\/uploads\/2025\/03\/Processo-de-producao-de-sacolas-plasticas-430x410.webp 430w, https:\/\/cortesolda.com.br\/por\/wp-content\/uploads\/2025\/03\/Processo-de-producao-de-sacolas-plasticas-700x667.webp 700w, https:\/\/cortesolda.com.br\/por\/wp-content\/uploads\/2025\/03\/Processo-de-producao-de-sacolas-plasticas-150x143.webp 150w\" alt=\"Processo de produ\u00e7\u00e3o de sacolas pl\u00e1sticas\" width=\"453\" height=\"432\" \/><\/p>\n<\/div>\n<\/div>\n<\/div>\n<\/div>\n<\/div>\n<\/div>\n<\/div>\n","protected":false},"excerpt":{"rendered":"<p>Embaladora de Canudi<\/p>\n","protected":false},"featured_media":30219,"comment_status":"closed","ping_status":"closed","template":"","meta":{"_acf_changed":false,"_oss_video_url":""},"product_brand":[],"product_cat":[81],"product_tag":[],"class_list":{"0":"post-30218","1":"product","2":"type-product","3":"status-publish","4":"has-post-thumbnail","6":"product_cat-drinking-straw-machine","8":"first","9":"instock","10":"shipping-taxable","11":"product-type-simple"},"acf":[],"_links":{"self":[{"href":"https:\/\/cortesolda.com.br\/por\/wp-json\/wp\/v2\/product\/30218","targetHints":{"allow":["GET"]}}],"collection":[{"href":"https:\/\/cortesolda.com.br\/por\/wp-json\/wp\/v2\/product"}],"about":[{"href":"https:\/\/cortesolda.com.br\/por\/wp-json\/wp\/v2\/types\/product"}],"replies":[{"embeddable":true,"href":"https:\/\/cortesolda.com.br\/por\/wp-json\/wp\/v2\/comments?post=30218"}],"version-history":[{"count":0,"href":"https:\/\/cortesolda.com.br\/por\/wp-json\/wp\/v2\/product\/30218\/revisions"}],"wp:featuredmedia":[{"embeddable":true,"href":"https:\/\/cortesolda.com.br\/por\/wp-json\/wp\/v2\/media\/30219"}],"wp:attachment":[{"href":"https:\/\/cortesolda.com.br\/por\/wp-json\/wp\/v2\/media?parent=30218"}],"wp:term":[{"taxonomy":"product_brand","embeddable":true,"href":"https:\/\/cortesolda.com.br\/por\/wp-json\/wp\/v2\/product_brand?post=30218"},{"taxonomy":"product_cat","embeddable":true,"href":"https:\/\/cortesolda.com.br\/por\/wp-json\/wp\/v2\/product_cat?post=30218"},{"taxonomy":"product_tag","embeddable":true,"href":"https:\/\/cortesolda.com.br\/por\/wp-json\/wp\/v2\/product_tag?post=30218"}],"curies":[{"name":"wp","href":"https:\/\/api.w.org\/{rel}","templated":true}]}}