{"id":30238,"date":"2025-03-28T15:44:21","date_gmt":"2025-03-28T07:44:21","guid":{"rendered":"https:\/\/hotpink-lyrebird-701956.hostingersite.com\/?post_type=product&#038;p=30238"},"modified":"2025-07-06T14:53:28","modified_gmt":"2025-07-06T06:53:28","slug":"double-layers-air-bubble-film-machine","status":"publish","type":"product","link":"https:\/\/cortesolda.com.br\/por\/extrusora-de-plastico-bolha-2-camadas","title":{"rendered":"Extrusora de Pl\u00e1stico Bolha 2 Camadas"},"content":{"rendered":"<div id=\"tab-desc\" class=\"tab-pane active\" role=\"tabpanel\">\n<div class=\"ProductAttr\">\n<div class=\"ProductAttrItem\">\n<div class=\"ProductAttr-text\"><strong>Extrusora de Pl\u00e1stico Bolha 2 Camadas<\/strong><\/div>\n<\/div>\n<\/div>\n<div class=\"product-tab-desc\">\n<p>Extrusora de Pl\u00e1stico Bolha 2 Camadas tamb\u00e9m chamada de extrus\u00e3o de filme de bolha de ar,<\/p>\n<p>uso da m\u00e1quina de polietileno de baixa densidade (LDPE) produz filme de bolha de ar.<\/p>\n<p>M\u00e1quina de filme bolha de ar design simples, f\u00e1cil de operar, design para 24 horas 7 dias de trabalho.<\/p>\n<p><img fetchpriority=\"high\" decoding=\"async\" class=\" wp-image-30732\" src=\"https:\/\/cortesolda.com.br\/por\/wp-content\/uploads\/2025\/03\/Plastico-Bolha.webp\" alt=\"Pl\u00e1stico Bolha\" width=\"255\" height=\"255\" srcset=\"https:\/\/cortesolda.com.br\/por\/wp-content\/uploads\/2025\/03\/Plastico-Bolha.webp 497w, https:\/\/cortesolda.com.br\/por\/wp-content\/uploads\/2025\/03\/Plastico-Bolha-300x300.webp 300w, https:\/\/cortesolda.com.br\/por\/wp-content\/uploads\/2025\/03\/Plastico-Bolha-150x150.webp 150w, https:\/\/cortesolda.com.br\/por\/wp-content\/uploads\/2025\/03\/Plastico-Bolha-430x430.webp 430w\" sizes=\"(max-width: 255px) 100vw, 255px\" \/><\/p>\n<p>1. Largura: 1200 mm, 1500 mm, 2000 mm, 2500 mm<br \/>\n2. Di\u00e2metro da bolha: 12 mm, 15 mm, 20 mm, 25 mm, 30 mm<br \/>\n3. Inversor controla a velocidade da m\u00e1quina<br \/>\n4. Mat\u00e9ria-prima: Polietileno<\/p>\n<div id=\"attachment_30738\" style=\"width: 321px\" class=\"wp-caption alignnone\"><img decoding=\"async\" aria-describedby=\"caption-attachment-30738\" class=\" wp-image-30738\" src=\"https:\/\/cortesolda.com.br\/por\/wp-content\/uploads\/2025\/03\/Extrusora-de-Plasticos-Bolha-2-Camadas.webp\" alt=\"Extrusora de Pl\u00e1stico Bolha 2 Camadas\" width=\"311\" height=\"116\" srcset=\"https:\/\/cortesolda.com.br\/por\/wp-content\/uploads\/2025\/03\/Extrusora-de-Plasticos-Bolha-2-Camadas.webp 550w, https:\/\/cortesolda.com.br\/por\/wp-content\/uploads\/2025\/03\/Extrusora-de-Plasticos-Bolha-2-Camadas-400x149.webp 400w, https:\/\/cortesolda.com.br\/por\/wp-content\/uploads\/2025\/03\/Extrusora-de-Plasticos-Bolha-2-Camadas-430x160.webp 430w, https:\/\/cortesolda.com.br\/por\/wp-content\/uploads\/2025\/03\/Extrusora-de-Plasticos-Bolha-2-Camadas-150x56.webp 150w\" sizes=\"(max-width: 311px) 100vw, 311px\" \/><p id=\"caption-attachment-30738\" class=\"wp-caption-text\">Extrusora de Pl\u00e1stico Bolha 2 Camadas<\/p><\/div>\n<div id=\"attachment_30739\" style=\"width: 341px\" class=\"wp-caption alignnone\"><img decoding=\"async\" aria-describedby=\"caption-attachment-30739\" class=\" wp-image-30739\" src=\"https:\/\/cortesolda.com.br\/por\/wp-content\/uploads\/2025\/03\/Extrusora-de-Plastico-Bolha-2-Camadas.webp\" alt=\"Extrusora de Pl\u00e1stico Bolha 2 Camadas\" width=\"331\" height=\"204\" srcset=\"https:\/\/cortesolda.com.br\/por\/wp-content\/uploads\/2025\/03\/Extrusora-de-Plastico-Bolha-2-Camadas.webp 486w, https:\/\/cortesolda.com.br\/por\/wp-content\/uploads\/2025\/03\/Extrusora-de-Plastico-Bolha-2-Camadas-400x246.webp 400w, https:\/\/cortesolda.com.br\/por\/wp-content\/uploads\/2025\/03\/Extrusora-de-Plastico-Bolha-2-Camadas-430x265.webp 430w, https:\/\/cortesolda.com.br\/por\/wp-content\/uploads\/2025\/03\/Extrusora-de-Plastico-Bolha-2-Camadas-150x92.webp 150w\" sizes=\"(max-width: 331px) 100vw, 331px\" \/><p id=\"caption-attachment-30739\" class=\"wp-caption-text\">Extrusora de Pl\u00e1stico Bolha 2 Camadas<\/p><\/div>\n<p>Principais Vari\u00e1veis \u200b\u200bT\u00e9cnicas:<\/p>\n<table>\n<tbody>\n<tr>\n<td width=\"201\">Modelo<\/td>\n<td width=\"141\">KDPE-1000<\/td>\n<td width=\"130\">KDPE-1200<\/td>\n<td width=\"124\">KDPE-1500<\/td>\n<\/tr>\n<tr>\n<td width=\"201\">Mat\u00e9ria-prima<\/td>\n<td width=\"141\">PEBD<\/td>\n<td width=\"130\">PEBD<\/td>\n<td width=\"124\">PEBD<\/td>\n<\/tr>\n<tr>\n<td width=\"201\">Di\u00e2metro do parafuso<\/td>\n<td width=\"141\">\u03c665mm<\/td>\n<td width=\"130\">\u03c675mm<\/td>\n<td width=\"124\">\u03c690mm<\/td>\n<\/tr>\n<tr>\n<td width=\"201\">Largura do filme<\/td>\n<td width=\"141\">1000mm<\/td>\n<td width=\"130\">1200mm<\/td>\n<td width=\"124\">1500mm<\/td>\n<\/tr>\n<tr>\n<td width=\"201\">Camada de filme<\/td>\n<td width=\"141\">Duas camadas<\/td>\n<td width=\"130\">Duas camadas<\/td>\n<td width=\"124\">Duas camadas<\/td>\n<\/tr>\n<tr>\n<td width=\"201\">Di\u00e2metro do furo da bolha (mm)<\/td>\n<td colspan=\"3\" width=\"396\">6,8,10,12,14,16,18,20mm<\/td>\n<\/tr>\n<tr>\n<td width=\"201\">Cor do filme<\/td>\n<td colspan=\"3\" width=\"396\">Transparente, preto, vermelho, branco, azul\u2026 cor do saco alterada pelo masterbatch<\/td>\n<\/tr>\n<tr>\n<td width=\"201\">Resultado<\/td>\n<td width=\"141\">50kg\/h<\/td>\n<td width=\"130\">60kg\/h<\/td>\n<td width=\"124\">70kg\/h<\/td>\n<\/tr>\n<tr>\n<td width=\"201\">Poder total<\/td>\n<td width=\"141\">48kw<\/td>\n<td width=\"130\">58kw<\/td>\n<td width=\"124\">68kw<\/td>\n<\/tr>\n<tr>\n<td width=\"201\">Rela\u00e7\u00e3o L\/D do Parafuso<\/td>\n<td width=\"141\">28:1<\/td>\n<td width=\"130\">28:1<\/td>\n<td width=\"124\">28:1<\/td>\n<\/tr>\n<tr>\n<td width=\"201\">Consumo de \u00e1gua<\/td>\n<td width=\"141\">0,5 m<sup>3<\/sup>\/h<\/td>\n<td width=\"130\">0,5 m<sup>3<\/sup>\/h<\/td>\n<td width=\"124\">0,5 m<sup>3<\/sup>\/h<\/td>\n<\/tr>\n<tr>\n<td width=\"201\">Peso da m\u00e1quina<\/td>\n<td width=\"141\">3<\/td>\n<td width=\"130\">4<\/td>\n<td width=\"124\">5<\/td>\n<\/tr>\n<tr>\n<td width=\"201\">Tens\u00e3o de Energia<\/td>\n<td colspan=\"3\" width=\"396\">220V,380V,440V<\/td>\n<\/tr>\n<tr>\n<td width=\"201\">Di\u00e2metro do eixo de ar<\/td>\n<td colspan=\"3\" width=\"396\">sem n\u00facleo de papel, 58mm, 76mm<\/td>\n<\/tr>\n<tr>\n<td width=\"201\">Tempo de trabalho da m\u00e1quina<\/td>\n<td width=\"141\">24 horas*7<\/td>\n<td width=\"130\">24 horas*7<\/td>\n<td width=\"124\">24 horas*7<\/td>\n<\/tr>\n<tr>\n<td width=\"201\">garantia<\/td>\n<td colspan=\"3\" width=\"396\">1 ano<\/td>\n<\/tr>\n<tr>\n<td width=\"201\">Assist\u00eancia t\u00e9cnica<\/td>\n<td colspan=\"3\" width=\"396\">Engenheiros dispon\u00edveis para atender m\u00e1quinas no exterior<\/td>\n<\/tr>\n<\/tbody>\n<\/table>\n<\/div>\n<\/div>\n<p>&nbsp;<\/p>\n<div class=\"product-tab-desc\">\n<p data-rm-block-id=\"block-59\">Nosso principal parceiro de pe\u00e7as \u00e9 a seguinte marca, mas as pe\u00e7as padr\u00e3o s\u00e3o todas fabricadas na China.<\/p>\n<div id=\"attachment_30678\" style=\"width: 475px\" class=\"wp-caption alignnone\"><img loading=\"lazy\" decoding=\"async\" aria-describedby=\"caption-attachment-30678\" class=\" wp-image-30678\" src=\"https:\/\/cortesolda.com.br\/por\/wp-content\/uploads\/2025\/03\/Nosso-principal-parceiro-de-pecas-e-a-seguinte-marca.jpg\" alt=\"Nosso principal parceiro de pe\u00e7as \u00e9 a seguinte marca\" width=\"465\" height=\"268\" srcset=\"https:\/\/cortesolda.com.br\/por\/wp-content\/uploads\/2025\/03\/Nosso-principal-parceiro-de-pecas-e-a-seguinte-marca.jpg 875w, https:\/\/cortesolda.com.br\/por\/wp-content\/uploads\/2025\/03\/Nosso-principal-parceiro-de-pecas-e-a-seguinte-marca-400x230.jpg 400w, https:\/\/cortesolda.com.br\/por\/wp-content\/uploads\/2025\/03\/Nosso-principal-parceiro-de-pecas-e-a-seguinte-marca-768x442.jpg 768w, https:\/\/cortesolda.com.br\/por\/wp-content\/uploads\/2025\/03\/Nosso-principal-parceiro-de-pecas-e-a-seguinte-marca-430x248.jpg 430w, https:\/\/cortesolda.com.br\/por\/wp-content\/uploads\/2025\/03\/Nosso-principal-parceiro-de-pecas-e-a-seguinte-marca-700x403.jpg 700w, https:\/\/cortesolda.com.br\/por\/wp-content\/uploads\/2025\/03\/Nosso-principal-parceiro-de-pecas-e-a-seguinte-marca-150x86.jpg 150w\" sizes=\"(max-width: 465px) 100vw, 465px\" \/><p id=\"caption-attachment-30678\" class=\"wp-caption-text\"><span style=\"font-size: 16px;\">Fornecedores de mat\u00e9ria-prima de polietileno<\/span><\/p><\/div>\n<\/div>\n<div id=\"attachment_30728\" style=\"width: 410px\" class=\"wp-caption alignnone\"><img loading=\"lazy\" decoding=\"async\" aria-describedby=\"caption-attachment-30728\" class=\"size-full wp-image-30728\" src=\"https:\/\/cortesolda.com.br\/por\/wp-content\/uploads\/2025\/03\/Fornecedores-de-materia-prima-de-polietileno.jpg\" alt=\"Fornecedores de mat\u00e9ria prima de polietileno\" width=\"400\" height=\"400\" srcset=\"https:\/\/cortesolda.com.br\/por\/wp-content\/uploads\/2025\/03\/Fornecedores-de-materia-prima-de-polietileno.jpg 400w, https:\/\/cortesolda.com.br\/por\/wp-content\/uploads\/2025\/03\/Fornecedores-de-materia-prima-de-polietileno-300x300.jpg 300w, https:\/\/cortesolda.com.br\/por\/wp-content\/uploads\/2025\/03\/Fornecedores-de-materia-prima-de-polietileno-150x150.jpg 150w\" sizes=\"(max-width: 400px) 100vw, 400px\" \/><p id=\"caption-attachment-30728\" class=\"wp-caption-text\">f\u00e1brica do cliente<\/p><\/div>\n<div class=\"product-tab-desc\">\n<div id=\"attachment_29712\" class=\"wp-caption alignnone\" data-rm-block-id=\"block-60\">\n<div id=\"attachment_30680\" style=\"width: 476px\" class=\"wp-caption alignnone\"><img loading=\"lazy\" decoding=\"async\" aria-describedby=\"caption-attachment-30680\" class=\" wp-image-30680\" src=\"https:\/\/cortesolda.com.br\/por\/wp-content\/uploads\/2025\/03\/fornecedor-de-pecas-plasticas-para-maquinas.webp\" alt=\"fornecedor de pe\u00e7as pl\u00e1sticas para m\u00e1quinas\" width=\"466\" height=\"466\" srcset=\"https:\/\/cortesolda.com.br\/por\/wp-content\/uploads\/2025\/03\/fornecedor-de-pecas-plasticas-para-maquinas.webp 497w, https:\/\/cortesolda.com.br\/por\/wp-content\/uploads\/2025\/03\/fornecedor-de-pecas-plasticas-para-maquinas-300x300.webp 300w, https:\/\/cortesolda.com.br\/por\/wp-content\/uploads\/2025\/03\/fornecedor-de-pecas-plasticas-para-maquinas-150x150.webp 150w, https:\/\/cortesolda.com.br\/por\/wp-content\/uploads\/2025\/03\/fornecedor-de-pecas-plasticas-para-maquinas-430x430.webp 430w\" sizes=\"(max-width: 466px) 100vw, 466px\" \/><p id=\"caption-attachment-30680\" class=\"wp-caption-text\">f\u00e1brica do cliente<\/p><\/div>\n<\/div>\n<div id=\"attachment_29712\" class=\"wp-caption alignnone\" data-rm-block-id=\"block-61\">\n<div id=\"attachment_30681\" style=\"width: 477px\" class=\"wp-caption alignnone\"><img loading=\"lazy\" decoding=\"async\" aria-describedby=\"caption-attachment-30681\" class=\"size-full wp-image-30681\" src=\"https:\/\/cortesolda.com.br\/por\/wp-content\/uploads\/2025\/03\/fabrica-do-cliente.webp\" alt=\"f\u00e1brica do cliente \" width=\"467\" height=\"474\" srcset=\"https:\/\/cortesolda.com.br\/por\/wp-content\/uploads\/2025\/03\/fabrica-do-cliente.webp 467w, https:\/\/cortesolda.com.br\/por\/wp-content\/uploads\/2025\/03\/fabrica-do-cliente-296x300.webp 296w, https:\/\/cortesolda.com.br\/por\/wp-content\/uploads\/2025\/03\/fabrica-do-cliente-430x436.webp 430w, https:\/\/cortesolda.com.br\/por\/wp-content\/uploads\/2025\/03\/fabrica-do-cliente-150x152.webp 150w\" sizes=\"(max-width: 467px) 100vw, 467px\" \/><p id=\"caption-attachment-30681\" class=\"wp-caption-text\"><span style=\"font-size: 16px;\">m\u00e1quinas exportadas para todo o mundo.<\/span><\/p><\/div>\n<\/div>\n<div id=\"attachment_29719\" class=\"wp-caption alignnone\" data-rm-block-id=\"block-62\">\n<div id=\"attachment_30682\" style=\"width: 478px\" class=\"wp-caption alignnone\"><img loading=\"lazy\" decoding=\"async\" aria-describedby=\"caption-attachment-30682\" class=\" wp-image-30682\" src=\"https:\/\/cortesolda.com.br\/por\/wp-content\/uploads\/2025\/03\/maquinas-exportadas-para-todo-o-mundo.webp\" alt=\"m\u00e1quinas exportadas para todo o mundo.\" width=\"468\" height=\"236\" srcset=\"https:\/\/cortesolda.com.br\/por\/wp-content\/uploads\/2025\/03\/maquinas-exportadas-para-todo-o-mundo.webp 800w, https:\/\/cortesolda.com.br\/por\/wp-content\/uploads\/2025\/03\/maquinas-exportadas-para-todo-o-mundo-400x202.webp 400w, https:\/\/cortesolda.com.br\/por\/wp-content\/uploads\/2025\/03\/maquinas-exportadas-para-todo-o-mundo-768x387.webp 768w, https:\/\/cortesolda.com.br\/por\/wp-content\/uploads\/2025\/03\/maquinas-exportadas-para-todo-o-mundo-430x217.webp 430w, https:\/\/cortesolda.com.br\/por\/wp-content\/uploads\/2025\/03\/maquinas-exportadas-para-todo-o-mundo-700x353.webp 700w, https:\/\/cortesolda.com.br\/por\/wp-content\/uploads\/2025\/03\/maquinas-exportadas-para-todo-o-mundo-150x76.webp 150w\" sizes=\"(max-width: 468px) 100vw, 468px\" \/><p id=\"caption-attachment-30682\" class=\"wp-caption-text\"><span style=\"font-size: 16px;\">Processo de produ\u00e7\u00e3o de sacolas pl\u00e1sticas<\/span><\/p><\/div>\n<\/div>\n<div id=\"attachment_29720\" class=\"wp-caption alignnone\">\n<p data-rm-block-id=\"block-63\"><img loading=\"lazy\" decoding=\"async\" class=\" wp-image-30683\" src=\"https:\/\/cortesolda.com.br\/por\/wp-content\/uploads\/2025\/03\/Processo-de-producao-de-sacolas-plasticas.webp\" alt=\"Processo de produ\u00e7\u00e3o de sacolas pl\u00e1sticas\" width=\"467\" height=\"445\" srcset=\"https:\/\/cortesolda.com.br\/por\/wp-content\/uploads\/2025\/03\/Processo-de-producao-de-sacolas-plasticas.webp 1038w, https:\/\/cortesolda.com.br\/por\/wp-content\/uploads\/2025\/03\/Processo-de-producao-de-sacolas-plasticas-315x300.webp 315w, https:\/\/cortesolda.com.br\/por\/wp-content\/uploads\/2025\/03\/Processo-de-producao-de-sacolas-plasticas-840x800.webp 840w, https:\/\/cortesolda.com.br\/por\/wp-content\/uploads\/2025\/03\/Processo-de-producao-de-sacolas-plasticas-768x732.webp 768w, https:\/\/cortesolda.com.br\/por\/wp-content\/uploads\/2025\/03\/Processo-de-producao-de-sacolas-plasticas-430x410.webp 430w, https:\/\/cortesolda.com.br\/por\/wp-content\/uploads\/2025\/03\/Processo-de-producao-de-sacolas-plasticas-700x667.webp 700w, https:\/\/cortesolda.com.br\/por\/wp-content\/uploads\/2025\/03\/Processo-de-producao-de-sacolas-plasticas-150x143.webp 150w\" sizes=\"(max-width: 467px) 100vw, 467px\" \/><\/p>\n<\/div>\n<\/div>\n<div class=\"product-tab-desc\">\n<p>&nbsp;<\/p>\n<\/div>\n<div id=\"tab-desc\" class=\"tab-pane active\" role=\"tabpanel\">\n<div class=\"product-tab-desc\">\n<p>&nbsp;<\/p>\n<\/div>\n<\/div>\n","protected":false},"excerpt":{"rendered":"<p>Extrusora de Pl\u00e1stic<\/p>\n","protected":false},"featured_media":30241,"comment_status":"closed","ping_status":"closed","template":"","meta":{"_acf_changed":false,"_oss_video_url":""},"product_brand":[],"product_cat":[80],"product_tag":[],"class_list":{"0":"post-30238","1":"product","2":"type-product","3":"status-publish","4":"has-post-thumbnail","6":"product_cat-extrusora-para-fabricar-plastico-bolha","8":"first","9":"instock","10":"shipping-taxable","11":"product-type-simple"},"acf":[],"_links":{"self":[{"href":"https:\/\/cortesolda.com.br\/por\/wp-json\/wp\/v2\/product\/30238","targetHints":{"allow":["GET"]}}],"collection":[{"href":"https:\/\/cortesolda.com.br\/por\/wp-json\/wp\/v2\/product"}],"about":[{"href":"https:\/\/cortesolda.com.br\/por\/wp-json\/wp\/v2\/types\/product"}],"replies":[{"embeddable":true,"href":"https:\/\/cortesolda.com.br\/por\/wp-json\/wp\/v2\/comments?post=30238"}],"version-history":[{"count":0,"href":"https:\/\/cortesolda.com.br\/por\/wp-json\/wp\/v2\/product\/30238\/revisions"}],"wp:featuredmedia":[{"embeddable":true,"href":"https:\/\/cortesolda.com.br\/por\/wp-json\/wp\/v2\/media\/30241"}],"wp:attachment":[{"href":"https:\/\/cortesolda.com.br\/por\/wp-json\/wp\/v2\/media?parent=30238"}],"wp:term":[{"taxonomy":"product_brand","embeddable":true,"href":"https:\/\/cortesolda.com.br\/por\/wp-json\/wp\/v2\/product_brand?post=30238"},{"taxonomy":"product_cat","embeddable":true,"href":"https:\/\/cortesolda.com.br\/por\/wp-json\/wp\/v2\/product_cat?post=30238"},{"taxonomy":"product_tag","embeddable":true,"href":"https:\/\/cortesolda.com.br\/por\/wp-json\/wp\/v2\/product_tag?post=30238"}],"curies":[{"name":"wp","href":"https:\/\/api.w.org\/{rel}","templated":true}]}}