{"id":30249,"date":"2025-03-28T20:56:25","date_gmt":"2025-03-28T12:56:25","guid":{"rendered":"https:\/\/hotpink-lyrebird-701956.hostingersite.com\/?post_type=product&#038;p=30249"},"modified":"2025-07-06T11:29:40","modified_gmt":"2025-07-06T03:29:40","slug":"rebobinadeiras-alta-velocidade-rebobinadeira-para-papel-aluminio","status":"publish","type":"product","link":"https:\/\/cortesolda.com.br\/por\/rebobinadeiras-alta-velocidade-rebobinadeira-para-papel-aluminio","title":{"rendered":"Rebobinadeira plasticas film de alta velocidade"},"content":{"rendered":"<div id=\"tab-desc\" class=\"tab-pane active\" role=\"tabpanel\">\n<div class=\"product-tab-desc\">\n<p><strong>Rebobinadeira plasticas filme de alta velocidade Caracter\u00edstica:<\/strong><\/p>\n<p><strong>Rebobinadeira plasticas filme<\/strong> pl\u00e1stico de alta velocidade para cortar rolos de papel, filme PET, filme PVC, filme LDPE, filme BOPP, filme HDPE e outros filmes pl\u00e1sticos.<br \/>\nCaracter\u00edsticas:<br \/>\n1. Ajuste hidr\u00e1ulico autom\u00e1tico da largura de desenrolamento<br \/>\n2. Carregamento hidr\u00e1ulico autom\u00e1tico<br \/>\n3. Dispositivo de rebobinamento<br \/>\n4. Tecnologia de posicionamento de tubos de papel (posicionamento a laser)<br \/>\n5. Tecnologia de controle de servoacionamento\/convers\u00e3o de frequ\u00eancia vetorial<br \/>\n6. Tecnologia de controle de tens\u00e3o segmentada<br \/>\n7. Rebobinamento autom\u00e1tico para reduzir o tempo de inatividade<br \/>\n8. Posicionamento autom\u00e1tico do cortador<br \/>\n9. Sistema de descarga autom\u00e1tica<br \/>\n10. Modo de corte com faca circular<br \/>\n11. Alimenta\u00e7\u00e3o da m\u00e1quina: 220V, 380V, 440V, 480V<br \/>\n20. Servi\u00e7o p\u00f3s-venda acess\u00edvel, com engenheiros dispon\u00edveis para instala\u00e7\u00e3o e treinamento na f\u00e1brica do comprador.<\/p>\n<table>\n<tbody>\n<tr>\n<td width=\"243\"><strong>Modelo<\/strong><\/td>\n<td width=\"193\"><strong>LFQ-E1300<\/strong><\/td>\n<td width=\"109\"><strong>LFQ-E1500<\/strong><\/td>\n<\/tr>\n<tr>\n<td width=\"243\"><strong>Max.Width of Mother Roll<\/strong><\/td>\n<td width=\"193\"><strong>1300mm<\/strong><\/td>\n<td width=\"109\"><strong>1500mm<\/strong><\/td>\n<\/tr>\n<tr>\n<td width=\"243\"><strong>Max.Di\u00e2metro do Rolo M\u00e3e<\/strong><\/td>\n<td width=\"193\"><strong>\u03a6800mm<\/strong><\/td>\n<td width=\"109\"><strong>\u03a6800mm<\/strong><\/td>\n<\/tr>\n<tr>\n<td width=\"243\"><strong>Espessura do material<\/strong><\/td>\n<td width=\"193\"><strong>20-200\u03bc\u039c<\/strong><\/td>\n<td width=\"109\"><strong>20-200\u03bc\u039c<\/strong><\/td>\n<\/tr>\n<tr>\n<td width=\"243\"><strong>M\u00e1x.Di\u00e2metro de rebobinagem<\/strong><\/td>\n<td width=\"193\"><strong>\u03a6600mm<\/strong><\/td>\n<td width=\"109\"><strong>\u03a6600mm<\/strong><\/td>\n<\/tr>\n<tr>\n<td width=\"243\"><strong>Min.Largura do rolo final<\/strong><\/td>\n<td width=\"193\"><strong>30 mm<\/strong><\/td>\n<td width=\"109\"><strong>30 mm<\/strong><\/td>\n<\/tr>\n<tr>\n<td width=\"243\"><strong>Velocidade m\u00e1xima de corte (controle do inversor)<\/strong><\/td>\n<td width=\"193\"><strong>300m\/min<\/strong><\/td>\n<td width=\"109\"><strong>300m\/min<\/strong><\/td>\n<\/tr>\n<tr>\n<td width=\"243\"><strong>Velocidade m\u00e1xima de corte (controle do servo motor)<\/strong><\/td>\n<td width=\"193\"><strong>500m\/min<\/strong><\/td>\n<td width=\"109\"><strong>500m\/min<\/strong><\/td>\n<\/tr>\n<tr>\n<td width=\"243\"><strong>Material<\/strong><\/td>\n<td colspan=\"2\" width=\"303\"><strong>Papel, PEAD, PEBD, PEBDL, ANIMAL DE ESTIMA\u00c7\u00c3O, BOPP, OPP, filme CPP<\/strong><\/td>\n<\/tr>\n<tr>\n<td width=\"243\"><strong>Tens\u00e3o de Energia<\/strong><\/td>\n<td colspan=\"2\" width=\"303\"><strong>220V,380V,440V,480V (Personalizado com base no pedido)<\/strong><\/td>\n<\/tr>\n<tr>\n<td width=\"243\"><strong>Di\u00e2metro do n\u00facleo do material<\/strong><\/td>\n<td colspan=\"2\" width=\"303\"><strong>76mm (3 polegadas)<\/strong><\/td>\n<\/tr>\n<tr>\n<td width=\"243\"><strong>Tempo de trabalho da m\u00e1quina<\/strong><\/td>\n<td colspan=\"2\" width=\"303\"><strong>24 horas * 7 dias<\/strong><\/td>\n<\/tr>\n<tr>\n<td width=\"243\"><strong>garantia<\/strong><\/td>\n<td colspan=\"2\" width=\"303\"><strong>1 ano<\/strong><\/td>\n<\/tr>\n<tr>\n<td width=\"243\"><strong>Assist\u00eancia t\u00e9cnica<\/strong><\/td>\n<td colspan=\"2\" width=\"303\"><strong>Engenheiros dispon\u00edveis para atender m\u00e1quinas no exterior<\/strong><\/td>\n<\/tr>\n<\/tbody>\n<\/table>\n<\/div>\n<\/div>\n<p>\u203bAs especifica\u00e7\u00f5es corretas dependem do modelo real.Todas as especifica\u00e7\u00f5es est\u00e3o sujeitas a altera\u00e7\u00f5es sem aviso pr\u00e9vio.<\/p>\n<div id=\"attachment_30702\" style=\"width: 507px\" class=\"wp-caption alignnone\"><img fetchpriority=\"high\" decoding=\"async\" aria-describedby=\"caption-attachment-30702\" class=\"size-full wp-image-30702\" src=\"https:\/\/cortesolda.com.br\/por\/wp-content\/uploads\/2025\/03\/BOPP-filme-papel.webp\" alt=\"BOPP filme papel\" width=\"497\" height=\"497\" srcset=\"https:\/\/cortesolda.com.br\/por\/wp-content\/uploads\/2025\/03\/BOPP-filme-papel.webp 497w, https:\/\/cortesolda.com.br\/por\/wp-content\/uploads\/2025\/03\/BOPP-filme-papel-300x300.webp 300w, https:\/\/cortesolda.com.br\/por\/wp-content\/uploads\/2025\/03\/BOPP-filme-papel-150x150.webp 150w, https:\/\/cortesolda.com.br\/por\/wp-content\/uploads\/2025\/03\/BOPP-filme-papel-430x430.webp 430w\" sizes=\"(max-width: 497px) 100vw, 497px\" \/><p id=\"caption-attachment-30702\" class=\"wp-caption-text\">BOPP filme papel<\/p><\/div>\n<p><strong>\u203bAs especifica\u00e7\u00f5es corretas dependem do modelo real.Todas as especifica\u00e7\u00f5es est\u00e3o sujeitas a altera\u00e7\u00f5es sem aviso pr\u00e9vio.<\/strong><\/p>\n<div id=\"attachment_30698\" style=\"width: 507px\" class=\"wp-caption alignnone\"><img decoding=\"async\" aria-describedby=\"caption-attachment-30698\" class=\"size-full wp-image-30698\" src=\"https:\/\/cortesolda.com.br\/por\/wp-content\/uploads\/2025\/03\/Rebobinadeira-plasticas-filme-BOPP-PET-PVC-CPP-CPE.webp\" alt=\"Rebobinadeira plasticas filme BOPP PET PVC CPP CPE\" width=\"497\" height=\"497\" srcset=\"https:\/\/cortesolda.com.br\/por\/wp-content\/uploads\/2025\/03\/Rebobinadeira-plasticas-filme-BOPP-PET-PVC-CPP-CPE.webp 497w, https:\/\/cortesolda.com.br\/por\/wp-content\/uploads\/2025\/03\/Rebobinadeira-plasticas-filme-BOPP-PET-PVC-CPP-CPE-300x300.webp 300w, https:\/\/cortesolda.com.br\/por\/wp-content\/uploads\/2025\/03\/Rebobinadeira-plasticas-filme-BOPP-PET-PVC-CPP-CPE-150x150.webp 150w, https:\/\/cortesolda.com.br\/por\/wp-content\/uploads\/2025\/03\/Rebobinadeira-plasticas-filme-BOPP-PET-PVC-CPP-CPE-430x430.webp 430w\" sizes=\"(max-width: 497px) 100vw, 497px\" \/><p id=\"caption-attachment-30698\" class=\"wp-caption-text\">Rebobinadeira plasticas filme BOPP PET PVC CPP CPE<\/p><\/div>\n<div id=\"attachment_30697\" style=\"width: 507px\" class=\"wp-caption alignnone\"><img decoding=\"async\" aria-describedby=\"caption-attachment-30697\" class=\"size-full wp-image-30697\" src=\"https:\/\/cortesolda.com.br\/por\/wp-content\/uploads\/2025\/03\/Rebobinadeira-plasticas-filme-BOPP-PET-PVC-CPP-CPE-papel.webp\" alt=\"Rebobinadeira plasticas filme BOPP PET PVC CPP CPE papel\" width=\"497\" height=\"497\" srcset=\"https:\/\/cortesolda.com.br\/por\/wp-content\/uploads\/2025\/03\/Rebobinadeira-plasticas-filme-BOPP-PET-PVC-CPP-CPE-papel.webp 497w, https:\/\/cortesolda.com.br\/por\/wp-content\/uploads\/2025\/03\/Rebobinadeira-plasticas-filme-BOPP-PET-PVC-CPP-CPE-papel-300x300.webp 300w, https:\/\/cortesolda.com.br\/por\/wp-content\/uploads\/2025\/03\/Rebobinadeira-plasticas-filme-BOPP-PET-PVC-CPP-CPE-papel-150x150.webp 150w, https:\/\/cortesolda.com.br\/por\/wp-content\/uploads\/2025\/03\/Rebobinadeira-plasticas-filme-BOPP-PET-PVC-CPP-CPE-papel-430x430.webp 430w\" sizes=\"(max-width: 497px) 100vw, 497px\" \/><p id=\"caption-attachment-30697\" class=\"wp-caption-text\">Rebobinadeira plasticas filme BOPP PET PVC CPP CPE papel<\/p><\/div>\n<div id=\"attachment_30696\" style=\"width: 507px\" class=\"wp-caption alignnone\"><img loading=\"lazy\" decoding=\"async\" aria-describedby=\"caption-attachment-30696\" class=\"size-full wp-image-30696\" src=\"https:\/\/cortesolda.com.br\/por\/wp-content\/uploads\/2025\/03\/Rebobinadeira-plasticas-filme-BOPP-PET-CPP-CPE-PVC.webp\" alt=\"Rebobinadeira plasticas filme BOPP PET CPP CPE PVC\" width=\"497\" height=\"497\" srcset=\"https:\/\/cortesolda.com.br\/por\/wp-content\/uploads\/2025\/03\/Rebobinadeira-plasticas-filme-BOPP-PET-CPP-CPE-PVC.webp 497w, https:\/\/cortesolda.com.br\/por\/wp-content\/uploads\/2025\/03\/Rebobinadeira-plasticas-filme-BOPP-PET-CPP-CPE-PVC-300x300.webp 300w, https:\/\/cortesolda.com.br\/por\/wp-content\/uploads\/2025\/03\/Rebobinadeira-plasticas-filme-BOPP-PET-CPP-CPE-PVC-150x150.webp 150w, https:\/\/cortesolda.com.br\/por\/wp-content\/uploads\/2025\/03\/Rebobinadeira-plasticas-filme-BOPP-PET-CPP-CPE-PVC-430x430.webp 430w\" sizes=\"(max-width: 497px) 100vw, 497px\" \/><p id=\"caption-attachment-30696\" class=\"wp-caption-text\">Rebobinadeira plasticas filme BOPP PET CPP CPE PVC<\/p><\/div>\n<div id=\"attachment_30700\" style=\"width: 493px\" class=\"wp-caption alignnone\"><img loading=\"lazy\" decoding=\"async\" aria-describedby=\"caption-attachment-30700\" class=\" wp-image-30700\" src=\"https:\/\/cortesolda.com.br\/por\/wp-content\/uploads\/2025\/03\/maquinas-exportadas-para-todo-o-mundo-1.webp\" alt=\"m\u00e1quinas exportadas para todo o mundo.\" width=\"483\" height=\"320\" srcset=\"https:\/\/cortesolda.com.br\/por\/wp-content\/uploads\/2025\/03\/maquinas-exportadas-para-todo-o-mundo-1.webp 700w, https:\/\/cortesolda.com.br\/por\/wp-content\/uploads\/2025\/03\/maquinas-exportadas-para-todo-o-mundo-1-400x265.webp 400w, https:\/\/cortesolda.com.br\/por\/wp-content\/uploads\/2025\/03\/maquinas-exportadas-para-todo-o-mundo-1-430x285.webp 430w, https:\/\/cortesolda.com.br\/por\/wp-content\/uploads\/2025\/03\/maquinas-exportadas-para-todo-o-mundo-1-150x99.webp 150w\" sizes=\"(max-width: 483px) 100vw, 483px\" \/><p id=\"caption-attachment-30700\" class=\"wp-caption-text\">m\u00e1quinas exportadas para todo o mundo.<\/p><\/div>\n<p>Se voc\u00ea comprar apenas uma m\u00e1quina, n\u00f3s a embalaremos em fardos de madeira e a carregaremos em um cont\u00eainer de carga fracionada (LCL).<\/p>\n<p><img loading=\"lazy\" decoding=\"async\" class=\" wp-image-30677\" src=\"https:\/\/cortesolda.com.br\/por\/wp-content\/uploads\/2025\/03\/pacote-de-madeira.jpg\" alt=\"pacote de madeira\" width=\"462\" height=\"341\" srcset=\"https:\/\/cortesolda.com.br\/por\/wp-content\/uploads\/2025\/03\/pacote-de-madeira.jpg 768w, https:\/\/cortesolda.com.br\/por\/wp-content\/uploads\/2025\/03\/pacote-de-madeira-400x295.jpg 400w, https:\/\/cortesolda.com.br\/por\/wp-content\/uploads\/2025\/03\/pacote-de-madeira-430x317.jpg 430w, https:\/\/cortesolda.com.br\/por\/wp-content\/uploads\/2025\/03\/pacote-de-madeira-700x517.jpg 700w, https:\/\/cortesolda.com.br\/por\/wp-content\/uploads\/2025\/03\/pacote-de-madeira-150x111.jpg 150w\" sizes=\"(max-width: 462px) 100vw, 462px\" \/><\/p>\n<p>Nosso principal parceiro de pe\u00e7as \u00e9 a seguinte marca, mas as pe\u00e7as padr\u00e3o s\u00e3o todas fabricadas na China.<\/p>\n<div id=\"attachment_30678\" style=\"width: 475px\" class=\"wp-caption alignnone\"><img loading=\"lazy\" decoding=\"async\" aria-describedby=\"caption-attachment-30678\" class=\" wp-image-30678\" src=\"https:\/\/cortesolda.com.br\/por\/wp-content\/uploads\/2025\/03\/Nosso-principal-parceiro-de-pecas-e-a-seguinte-marca.jpg\" alt=\"Nosso principal parceiro de pe\u00e7as \u00e9 a seguinte marca\" width=\"465\" height=\"268\" srcset=\"https:\/\/cortesolda.com.br\/por\/wp-content\/uploads\/2025\/03\/Nosso-principal-parceiro-de-pecas-e-a-seguinte-marca.jpg 875w, https:\/\/cortesolda.com.br\/por\/wp-content\/uploads\/2025\/03\/Nosso-principal-parceiro-de-pecas-e-a-seguinte-marca-400x230.jpg 400w, https:\/\/cortesolda.com.br\/por\/wp-content\/uploads\/2025\/03\/Nosso-principal-parceiro-de-pecas-e-a-seguinte-marca-768x442.jpg 768w, https:\/\/cortesolda.com.br\/por\/wp-content\/uploads\/2025\/03\/Nosso-principal-parceiro-de-pecas-e-a-seguinte-marca-430x248.jpg 430w, https:\/\/cortesolda.com.br\/por\/wp-content\/uploads\/2025\/03\/Nosso-principal-parceiro-de-pecas-e-a-seguinte-marca-700x403.jpg 700w, https:\/\/cortesolda.com.br\/por\/wp-content\/uploads\/2025\/03\/Nosso-principal-parceiro-de-pecas-e-a-seguinte-marca-150x86.jpg 150w\" sizes=\"(max-width: 465px) 100vw, 465px\" \/><p id=\"caption-attachment-30678\" class=\"wp-caption-text\">fornecedor de pe\u00e7as pl\u00e1sticas para m\u00e1quinas<\/p><\/div>\n<div id=\"attachment_29712\" class=\"wp-caption alignnone\">\n<div id=\"attachment_30680\" style=\"width: 476px\" class=\"wp-caption alignnone\"><img loading=\"lazy\" decoding=\"async\" aria-describedby=\"caption-attachment-30680\" class=\" wp-image-30680\" src=\"https:\/\/cortesolda.com.br\/por\/wp-content\/uploads\/2025\/03\/fornecedor-de-pecas-plasticas-para-maquinas.webp\" alt=\"fornecedor de pe\u00e7as pl\u00e1sticas para m\u00e1quinas\" width=\"466\" height=\"466\" srcset=\"https:\/\/cortesolda.com.br\/por\/wp-content\/uploads\/2025\/03\/fornecedor-de-pecas-plasticas-para-maquinas.webp 497w, https:\/\/cortesolda.com.br\/por\/wp-content\/uploads\/2025\/03\/fornecedor-de-pecas-plasticas-para-maquinas-300x300.webp 300w, https:\/\/cortesolda.com.br\/por\/wp-content\/uploads\/2025\/03\/fornecedor-de-pecas-plasticas-para-maquinas-150x150.webp 150w, https:\/\/cortesolda.com.br\/por\/wp-content\/uploads\/2025\/03\/fornecedor-de-pecas-plasticas-para-maquinas-430x430.webp 430w\" sizes=\"(max-width: 466px) 100vw, 466px\" \/><p id=\"caption-attachment-30680\" class=\"wp-caption-text\">f\u00e1brica do cliente<\/p><\/div>\n<\/div>\n<div id=\"attachment_29712\" class=\"wp-caption alignnone\">\n<div id=\"attachment_30681\" style=\"width: 477px\" class=\"wp-caption alignnone\"><img loading=\"lazy\" decoding=\"async\" aria-describedby=\"caption-attachment-30681\" class=\"size-full wp-image-30681\" src=\"https:\/\/cortesolda.com.br\/por\/wp-content\/uploads\/2025\/03\/fabrica-do-cliente.webp\" alt=\"f\u00e1brica do cliente \" width=\"467\" height=\"474\" srcset=\"https:\/\/cortesolda.com.br\/por\/wp-content\/uploads\/2025\/03\/fabrica-do-cliente.webp 467w, https:\/\/cortesolda.com.br\/por\/wp-content\/uploads\/2025\/03\/fabrica-do-cliente-296x300.webp 296w, https:\/\/cortesolda.com.br\/por\/wp-content\/uploads\/2025\/03\/fabrica-do-cliente-430x436.webp 430w, https:\/\/cortesolda.com.br\/por\/wp-content\/uploads\/2025\/03\/fabrica-do-cliente-150x152.webp 150w\" sizes=\"(max-width: 467px) 100vw, 467px\" \/><p id=\"caption-attachment-30681\" class=\"wp-caption-text\"><span style=\"font-size: 16px;\">m\u00e1quinas exportadas para todo o mundo.<\/span><\/p><\/div>\n<\/div>\n<div id=\"attachment_29719\" class=\"wp-caption alignnone\">\n<div id=\"attachment_30682\" style=\"width: 478px\" class=\"wp-caption alignnone\"><img loading=\"lazy\" decoding=\"async\" aria-describedby=\"caption-attachment-30682\" class=\" wp-image-30682\" src=\"https:\/\/cortesolda.com.br\/por\/wp-content\/uploads\/2025\/03\/maquinas-exportadas-para-todo-o-mundo.webp\" alt=\"m\u00e1quinas exportadas para todo o mundo.\" width=\"468\" height=\"236\" srcset=\"https:\/\/cortesolda.com.br\/por\/wp-content\/uploads\/2025\/03\/maquinas-exportadas-para-todo-o-mundo.webp 800w, https:\/\/cortesolda.com.br\/por\/wp-content\/uploads\/2025\/03\/maquinas-exportadas-para-todo-o-mundo-400x202.webp 400w, https:\/\/cortesolda.com.br\/por\/wp-content\/uploads\/2025\/03\/maquinas-exportadas-para-todo-o-mundo-768x387.webp 768w, https:\/\/cortesolda.com.br\/por\/wp-content\/uploads\/2025\/03\/maquinas-exportadas-para-todo-o-mundo-430x217.webp 430w, https:\/\/cortesolda.com.br\/por\/wp-content\/uploads\/2025\/03\/maquinas-exportadas-para-todo-o-mundo-700x353.webp 700w, https:\/\/cortesolda.com.br\/por\/wp-content\/uploads\/2025\/03\/maquinas-exportadas-para-todo-o-mundo-150x76.webp 150w\" sizes=\"(max-width: 468px) 100vw, 468px\" \/><p id=\"caption-attachment-30682\" class=\"wp-caption-text\"><span style=\"font-size: 16px;\">Processo de produ\u00e7\u00e3o de sacolas pl\u00e1sticas<\/span><\/p><\/div>\n<\/div>\n<div id=\"attachment_29720\" class=\"wp-caption alignnone\">\n<p><img loading=\"lazy\" decoding=\"async\" class=\" wp-image-30683\" src=\"https:\/\/cortesolda.com.br\/por\/wp-content\/uploads\/2025\/03\/Processo-de-producao-de-sacolas-plasticas.webp\" alt=\"Processo de produ\u00e7\u00e3o de sacolas pl\u00e1sticas\" width=\"467\" height=\"445\" srcset=\"https:\/\/cortesolda.com.br\/por\/wp-content\/uploads\/2025\/03\/Processo-de-producao-de-sacolas-plasticas.webp 1038w, https:\/\/cortesolda.com.br\/por\/wp-content\/uploads\/2025\/03\/Processo-de-producao-de-sacolas-plasticas-315x300.webp 315w, https:\/\/cortesolda.com.br\/por\/wp-content\/uploads\/2025\/03\/Processo-de-producao-de-sacolas-plasticas-840x800.webp 840w, https:\/\/cortesolda.com.br\/por\/wp-content\/uploads\/2025\/03\/Processo-de-producao-de-sacolas-plasticas-768x732.webp 768w, https:\/\/cortesolda.com.br\/por\/wp-content\/uploads\/2025\/03\/Processo-de-producao-de-sacolas-plasticas-430x410.webp 430w, https:\/\/cortesolda.com.br\/por\/wp-content\/uploads\/2025\/03\/Processo-de-producao-de-sacolas-plasticas-700x667.webp 700w, https:\/\/cortesolda.com.br\/por\/wp-content\/uploads\/2025\/03\/Processo-de-producao-de-sacolas-plasticas-150x143.webp 150w\" sizes=\"(max-width: 467px) 100vw, 467px\" \/><\/p>\n<\/div>\n<div id=\"tab-desc\" class=\"tab-pane active\" role=\"tabpanel\">\n<div class=\"product-tab-desc\">\n<div id=\"attachment_29720\" class=\"wp-caption alignnone\">\n<p id=\"caption-attachment-29720\" class=\"wp-caption-text\">\n<\/div>\n<\/div>\n<\/div>\n","protected":false},"excerpt":{"rendered":"<p>M\u00e1quinas de cortar para cortar filme pl\u00e1stico de grande rolagem em filme de pl\u00e1stico pequeno, terno para cortar filme pl\u00e1stico, rolagem de papel, papel alum\u00ednio, filme esticado.<\/p>\n","protected":false},"featured_media":30250,"comment_status":"closed","ping_status":"closed","template":"","meta":{"_acf_changed":false,"_oss_video_url":""},"product_brand":[],"product_cat":[82],"product_tag":[],"class_list":{"0":"post-30249","1":"product","2":"type-product","3":"status-publish","4":"has-post-thumbnail","6":"product_cat-rebobinadeira","8":"first","9":"instock","10":"shipping-taxable","11":"product-type-simple"},"acf":[],"_links":{"self":[{"href":"https:\/\/cortesolda.com.br\/por\/wp-json\/wp\/v2\/product\/30249","targetHints":{"allow":["GET"]}}],"collection":[{"href":"https:\/\/cortesolda.com.br\/por\/wp-json\/wp\/v2\/product"}],"about":[{"href":"https:\/\/cortesolda.com.br\/por\/wp-json\/wp\/v2\/types\/product"}],"replies":[{"embeddable":true,"href":"https:\/\/cortesolda.com.br\/por\/wp-json\/wp\/v2\/comments?post=30249"}],"version-history":[{"count":0,"href":"https:\/\/cortesolda.com.br\/por\/wp-json\/wp\/v2\/product\/30249\/revisions"}],"wp:featuredmedia":[{"embeddable":true,"href":"https:\/\/cortesolda.com.br\/por\/wp-json\/wp\/v2\/media\/30250"}],"wp:attachment":[{"href":"https:\/\/cortesolda.com.br\/por\/wp-json\/wp\/v2\/media?parent=30249"}],"wp:term":[{"taxonomy":"product_brand","embeddable":true,"href":"https:\/\/cortesolda.com.br\/por\/wp-json\/wp\/v2\/product_brand?post=30249"},{"taxonomy":"product_cat","embeddable":true,"href":"https:\/\/cortesolda.com.br\/por\/wp-json\/wp\/v2\/product_cat?post=30249"},{"taxonomy":"product_tag","embeddable":true,"href":"https:\/\/cortesolda.com.br\/por\/wp-json\/wp\/v2\/product_tag?post=30249"}],"curies":[{"name":"wp","href":"https:\/\/api.w.org\/{rel}","templated":true}]}}