{"id":30252,"date":"2025-03-28T20:57:47","date_gmt":"2025-03-28T12:57:47","guid":{"rendered":"https:\/\/hotpink-lyrebird-701956.hostingersite.com\/?post_type=product&#038;p=30252"},"modified":"2025-07-06T11:13:44","modified_gmt":"2025-07-06T03:13:44","slug":"slitting-machine","status":"publish","type":"product","link":"https:\/\/cortesolda.com.br\/por\/rebobinadeira-plasticas-film-bopp-pet-pvc-cpp-cpe","title":{"rendered":"Rebobinadeira plasticas filme BOPP PET PVC CPP CPE"},"content":{"rendered":"<div id=\"tab-desc\" class=\"tab-pane active\" role=\"tabpanel\">\n<div class=\"product-tab-desc\">\n<p><strong>Rebobinadeira plasticas film BOPP PET PVC CPP CPE<\/strong><\/p>\n<p>m\u00e1quina de corte vertical \u00e9 adequada para cortar e rebobinar materiais de rolo como BOPP filme, PET filme, CPP filme, CPE filme, PVC filme, folha de alum\u00ednio e papel, etc. e pode cortar borda, separar e cortar material de acordo com diferentes requisitos durante a produ\u00e7\u00e3o. controle de posi\u00e7\u00e3o e controlador autom\u00e1tico de tens\u00e3o.<\/p>\n<p>Caracter\u00edstica:<br \/>\nSservir para PEBD filme,HDPE filme,LDPE filme, filme BOPP, filme PP, filme PET, papel,<br \/>\ncontrole do inversorm\u00e1quina de cortevelocidade, economize energia e ECO, economize custos<br \/>\n1.Largura do filme 1000mm-3000mm;<br \/>\n2.Controle de posi\u00e7\u00e3o de borda;<br \/>\n3.UMAcontrolador de tens\u00e3o autom\u00e1tico;<br \/>\n4.A garantia \u00e9 de um ano, a m\u00e1quina pode funcionar sem parar, 24 ;<br \/>\n5.horas por dia, 7 dias por semana;<br \/>\n6.M\u00e1quina com design simples, f\u00e1cil de operar;<br \/>\n7.A m\u00e1quina \u00e9 um design econ\u00f4mico, adequado para novos iniciantes ou iniciantes<br \/>\n8.Pot\u00eancia da m\u00e1quina 220V,380V,440V or 480V<br \/>\n9.Oferecer servi\u00e7o p\u00f3s-venda, pode enviar engenheiro para a f\u00e1brica do comprador, para instalar a m\u00e1quina e pagar o servi\u00e7o de treinamento.<\/p>\n<p><img decoding=\"async\" src=\"https:\/\/shopic.mcmcclass.com\/20211214013202679160629.jpg\" alt=\"slitting machine drawing.jpg\" \/><\/p>\n<table style=\"height: 610px;\" width=\"687\">\n<tbody>\n<tr>\n<td>Modelo<\/td>\n<td>LFQ-700A<\/td>\n<td>LFQ-1100A<\/td>\n<td>LFQ-1300A<\/td>\n<\/tr>\n<tr>\n<td>Max.Width of Mother Roll<\/td>\n<td>700 mm<\/td>\n<td>1100mm<\/td>\n<td>1300mm<\/td>\n<\/tr>\n<tr>\n<td>MAX.Di\u00e2metro do Rolo M\u00e3e<\/td>\n<td>\u03a6600mm<\/td>\n<td>\u03a6600mm<\/td>\n<td>\u03a6600mm<\/td>\n<\/tr>\n<tr>\n<td>Largura do rolo final<\/td>\n<td>30-600mm<\/td>\n<td>30-600mm<\/td>\n<td>30-600mm<\/td>\n<\/tr>\n<tr>\n<td>Material<\/td>\n<td colspan=\"3\">BOPP,OPP,CPP,PET,LDPE,HDPE,Papel<\/td>\n<\/tr>\n<tr>\n<td>Velocidade de corte e rewing<\/td>\n<td>5-160m\/min<\/td>\n<td>5-160m\/min<\/td>\n<td>5-160m\/min<\/td>\n<\/tr>\n<tr>\n<td>Toler\u00e2ncia do EPC<\/td>\n<td>&lt;\u00b10,5 mm<\/td>\n<td>&lt;\u00b10,5 mm<\/td>\n<td>&lt;\u00b10,5 mm<\/td>\n<\/tr>\n<tr>\n<td>Poder total<\/td>\n<td>2,7kw<\/td>\n<td>3,5kw<\/td>\n<td>3,5kw<\/td>\n<\/tr>\n<tr>\n<td>Peso da m\u00e1quina<\/td>\n<td>1200kg<\/td>\n<td>1500kg<\/td>\n<td>1800kg<\/td>\n<\/tr>\n<tr>\n<td>Tamanho da m\u00e1quina<\/td>\n<td>2000\u00d71110\u00d71400mm<\/td>\n<td>2400\u00d71110\u00d71400mm<\/td>\n<td>2600\u00d71110\u00d71400mm<\/td>\n<\/tr>\n<tr>\n<td>Tens\u00e3o de Energia<\/td>\n<td colspan=\"3\">220V,380V,440V,480V<\/td>\n<\/tr>\n<tr>\n<td>Di\u00e2metro do n\u00facleo do material<\/td>\n<td colspan=\"3\">58mm,76mm<\/td>\n<\/tr>\n<tr>\n<td>Tempo de trabalho da m\u00e1quina<\/td>\n<td colspan=\"3\">24 horas * 7 dias<\/td>\n<\/tr>\n<tr>\n<td>garantia<\/td>\n<td colspan=\"3\">1 ano<\/td>\n<\/tr>\n<tr>\n<td>Assist\u00eancia t\u00e9cnica<\/td>\n<td colspan=\"3\">Engenheiros dispon\u00edveis para atender m\u00e1quinas no exterior<\/td>\n<\/tr>\n<\/tbody>\n<\/table>\n<p>\u203bAs especifica\u00e7\u00f5es corretas dependem do modelo real.Todas as especifica\u00e7\u00f5es est\u00e3o sujeitas a altera\u00e7\u00f5es sem aviso pr\u00e9vio.<\/p>\n<div id=\"attachment_30702\" style=\"width: 507px\" class=\"wp-caption alignnone\"><img fetchpriority=\"high\" decoding=\"async\" aria-describedby=\"caption-attachment-30702\" class=\"size-full wp-image-30702\" src=\"https:\/\/cortesolda.com.br\/por\/wp-content\/uploads\/2025\/03\/BOPP-filme-papel.webp\" alt=\"BOPP filme papel\" width=\"497\" height=\"497\" srcset=\"https:\/\/cortesolda.com.br\/por\/wp-content\/uploads\/2025\/03\/BOPP-filme-papel.webp 497w, https:\/\/cortesolda.com.br\/por\/wp-content\/uploads\/2025\/03\/BOPP-filme-papel-300x300.webp 300w, https:\/\/cortesolda.com.br\/por\/wp-content\/uploads\/2025\/03\/BOPP-filme-papel-150x150.webp 150w, https:\/\/cortesolda.com.br\/por\/wp-content\/uploads\/2025\/03\/BOPP-filme-papel-430x430.webp 430w\" sizes=\"(max-width: 497px) 100vw, 497px\" \/><p id=\"caption-attachment-30702\" class=\"wp-caption-text\">BOPP filme papel<\/p><\/div>\n<p><strong>\u203bAs especifica\u00e7\u00f5es corretas dependem do modelo real.Todas as especifica\u00e7\u00f5es est\u00e3o sujeitas a altera\u00e7\u00f5es sem aviso pr\u00e9vio.<\/strong><\/p>\n<div id=\"attachment_30698\" style=\"width: 507px\" class=\"wp-caption alignnone\"><img decoding=\"async\" aria-describedby=\"caption-attachment-30698\" class=\"size-full wp-image-30698\" src=\"https:\/\/cortesolda.com.br\/por\/wp-content\/uploads\/2025\/03\/Rebobinadeira-plasticas-filme-BOPP-PET-PVC-CPP-CPE.webp\" alt=\"Rebobinadeira plasticas filme BOPP PET PVC CPP CPE\" width=\"497\" height=\"497\" srcset=\"https:\/\/cortesolda.com.br\/por\/wp-content\/uploads\/2025\/03\/Rebobinadeira-plasticas-filme-BOPP-PET-PVC-CPP-CPE.webp 497w, https:\/\/cortesolda.com.br\/por\/wp-content\/uploads\/2025\/03\/Rebobinadeira-plasticas-filme-BOPP-PET-PVC-CPP-CPE-300x300.webp 300w, https:\/\/cortesolda.com.br\/por\/wp-content\/uploads\/2025\/03\/Rebobinadeira-plasticas-filme-BOPP-PET-PVC-CPP-CPE-150x150.webp 150w, https:\/\/cortesolda.com.br\/por\/wp-content\/uploads\/2025\/03\/Rebobinadeira-plasticas-filme-BOPP-PET-PVC-CPP-CPE-430x430.webp 430w\" sizes=\"(max-width: 497px) 100vw, 497px\" \/><p id=\"caption-attachment-30698\" class=\"wp-caption-text\">Rebobinadeira plasticas filme BOPP PET PVC CPP CPE<\/p><\/div>\n<div id=\"attachment_30697\" style=\"width: 507px\" class=\"wp-caption alignnone\"><img decoding=\"async\" aria-describedby=\"caption-attachment-30697\" class=\"size-full wp-image-30697\" src=\"https:\/\/cortesolda.com.br\/por\/wp-content\/uploads\/2025\/03\/Rebobinadeira-plasticas-filme-BOPP-PET-PVC-CPP-CPE-papel.webp\" alt=\"Rebobinadeira plasticas filme BOPP PET PVC CPP CPE papel\" width=\"497\" height=\"497\" srcset=\"https:\/\/cortesolda.com.br\/por\/wp-content\/uploads\/2025\/03\/Rebobinadeira-plasticas-filme-BOPP-PET-PVC-CPP-CPE-papel.webp 497w, https:\/\/cortesolda.com.br\/por\/wp-content\/uploads\/2025\/03\/Rebobinadeira-plasticas-filme-BOPP-PET-PVC-CPP-CPE-papel-300x300.webp 300w, https:\/\/cortesolda.com.br\/por\/wp-content\/uploads\/2025\/03\/Rebobinadeira-plasticas-filme-BOPP-PET-PVC-CPP-CPE-papel-150x150.webp 150w, https:\/\/cortesolda.com.br\/por\/wp-content\/uploads\/2025\/03\/Rebobinadeira-plasticas-filme-BOPP-PET-PVC-CPP-CPE-papel-430x430.webp 430w\" sizes=\"(max-width: 497px) 100vw, 497px\" \/><p id=\"caption-attachment-30697\" class=\"wp-caption-text\">Rebobinadeira plasticas filme BOPP PET PVC CPP CPE papel<\/p><\/div>\n<div id=\"attachment_30696\" style=\"width: 507px\" class=\"wp-caption alignnone\"><img loading=\"lazy\" decoding=\"async\" aria-describedby=\"caption-attachment-30696\" class=\"size-full wp-image-30696\" src=\"https:\/\/cortesolda.com.br\/por\/wp-content\/uploads\/2025\/03\/Rebobinadeira-plasticas-filme-BOPP-PET-CPP-CPE-PVC.webp\" alt=\"Rebobinadeira plasticas filme BOPP PET CPP CPE PVC\" width=\"497\" height=\"497\" srcset=\"https:\/\/cortesolda.com.br\/por\/wp-content\/uploads\/2025\/03\/Rebobinadeira-plasticas-filme-BOPP-PET-CPP-CPE-PVC.webp 497w, https:\/\/cortesolda.com.br\/por\/wp-content\/uploads\/2025\/03\/Rebobinadeira-plasticas-filme-BOPP-PET-CPP-CPE-PVC-300x300.webp 300w, https:\/\/cortesolda.com.br\/por\/wp-content\/uploads\/2025\/03\/Rebobinadeira-plasticas-filme-BOPP-PET-CPP-CPE-PVC-150x150.webp 150w, https:\/\/cortesolda.com.br\/por\/wp-content\/uploads\/2025\/03\/Rebobinadeira-plasticas-filme-BOPP-PET-CPP-CPE-PVC-430x430.webp 430w\" sizes=\"(max-width: 497px) 100vw, 497px\" \/><p id=\"caption-attachment-30696\" class=\"wp-caption-text\">Rebobinadeira plasticas filme BOPP PET CPP CPE PVC<\/p><\/div>\n<div id=\"attachment_30700\" style=\"width: 493px\" class=\"wp-caption alignnone\"><img loading=\"lazy\" decoding=\"async\" aria-describedby=\"caption-attachment-30700\" class=\" wp-image-30700\" src=\"https:\/\/cortesolda.com.br\/por\/wp-content\/uploads\/2025\/03\/maquinas-exportadas-para-todo-o-mundo-1.webp\" alt=\"m\u00e1quinas exportadas para todo o mundo.\" width=\"483\" height=\"320\" srcset=\"https:\/\/cortesolda.com.br\/por\/wp-content\/uploads\/2025\/03\/maquinas-exportadas-para-todo-o-mundo-1.webp 700w, https:\/\/cortesolda.com.br\/por\/wp-content\/uploads\/2025\/03\/maquinas-exportadas-para-todo-o-mundo-1-400x265.webp 400w, https:\/\/cortesolda.com.br\/por\/wp-content\/uploads\/2025\/03\/maquinas-exportadas-para-todo-o-mundo-1-430x285.webp 430w, https:\/\/cortesolda.com.br\/por\/wp-content\/uploads\/2025\/03\/maquinas-exportadas-para-todo-o-mundo-1-150x99.webp 150w\" sizes=\"(max-width: 483px) 100vw, 483px\" \/><p id=\"caption-attachment-30700\" class=\"wp-caption-text\">m\u00e1quinas exportadas para todo o mundo.<\/p><\/div>\n<p>Se voc\u00ea comprar apenas uma m\u00e1quina, n\u00f3s a embalaremos em fardos de madeira e a carregaremos em um cont\u00eainer de carga fracionada (LCL).<\/p>\n<p><img loading=\"lazy\" decoding=\"async\" class=\" wp-image-30677\" src=\"https:\/\/cortesolda.com.br\/por\/wp-content\/uploads\/2025\/03\/pacote-de-madeira.jpg\" alt=\"pacote de madeira\" width=\"462\" height=\"341\" srcset=\"https:\/\/cortesolda.com.br\/por\/wp-content\/uploads\/2025\/03\/pacote-de-madeira.jpg 768w, https:\/\/cortesolda.com.br\/por\/wp-content\/uploads\/2025\/03\/pacote-de-madeira-400x295.jpg 400w, https:\/\/cortesolda.com.br\/por\/wp-content\/uploads\/2025\/03\/pacote-de-madeira-430x317.jpg 430w, https:\/\/cortesolda.com.br\/por\/wp-content\/uploads\/2025\/03\/pacote-de-madeira-700x517.jpg 700w, https:\/\/cortesolda.com.br\/por\/wp-content\/uploads\/2025\/03\/pacote-de-madeira-150x111.jpg 150w\" sizes=\"(max-width: 462px) 100vw, 462px\" \/><\/p>\n<p>Nosso principal parceiro de pe\u00e7as \u00e9 a seguinte marca, mas as pe\u00e7as padr\u00e3o s\u00e3o todas fabricadas na China.<\/p>\n<div id=\"attachment_30678\" style=\"width: 475px\" class=\"wp-caption alignnone\"><img loading=\"lazy\" decoding=\"async\" aria-describedby=\"caption-attachment-30678\" class=\" wp-image-30678\" src=\"https:\/\/cortesolda.com.br\/por\/wp-content\/uploads\/2025\/03\/Nosso-principal-parceiro-de-pecas-e-a-seguinte-marca.jpg\" alt=\"Nosso principal parceiro de pe\u00e7as \u00e9 a seguinte marca\" width=\"465\" height=\"268\" srcset=\"https:\/\/cortesolda.com.br\/por\/wp-content\/uploads\/2025\/03\/Nosso-principal-parceiro-de-pecas-e-a-seguinte-marca.jpg 875w, https:\/\/cortesolda.com.br\/por\/wp-content\/uploads\/2025\/03\/Nosso-principal-parceiro-de-pecas-e-a-seguinte-marca-400x230.jpg 400w, https:\/\/cortesolda.com.br\/por\/wp-content\/uploads\/2025\/03\/Nosso-principal-parceiro-de-pecas-e-a-seguinte-marca-768x442.jpg 768w, https:\/\/cortesolda.com.br\/por\/wp-content\/uploads\/2025\/03\/Nosso-principal-parceiro-de-pecas-e-a-seguinte-marca-430x248.jpg 430w, https:\/\/cortesolda.com.br\/por\/wp-content\/uploads\/2025\/03\/Nosso-principal-parceiro-de-pecas-e-a-seguinte-marca-700x403.jpg 700w, https:\/\/cortesolda.com.br\/por\/wp-content\/uploads\/2025\/03\/Nosso-principal-parceiro-de-pecas-e-a-seguinte-marca-150x86.jpg 150w\" sizes=\"(max-width: 465px) 100vw, 465px\" \/><p id=\"caption-attachment-30678\" class=\"wp-caption-text\">fornecedor de pe\u00e7as pl\u00e1sticas para m\u00e1quinas<\/p><\/div>\n<div id=\"attachment_29712\" class=\"wp-caption alignnone\">\n<div id=\"attachment_30680\" style=\"width: 476px\" class=\"wp-caption alignnone\"><img loading=\"lazy\" decoding=\"async\" aria-describedby=\"caption-attachment-30680\" class=\" wp-image-30680\" src=\"https:\/\/cortesolda.com.br\/por\/wp-content\/uploads\/2025\/03\/fornecedor-de-pecas-plasticas-para-maquinas.webp\" alt=\"fornecedor de pe\u00e7as pl\u00e1sticas para m\u00e1quinas\" width=\"466\" height=\"466\" srcset=\"https:\/\/cortesolda.com.br\/por\/wp-content\/uploads\/2025\/03\/fornecedor-de-pecas-plasticas-para-maquinas.webp 497w, https:\/\/cortesolda.com.br\/por\/wp-content\/uploads\/2025\/03\/fornecedor-de-pecas-plasticas-para-maquinas-300x300.webp 300w, https:\/\/cortesolda.com.br\/por\/wp-content\/uploads\/2025\/03\/fornecedor-de-pecas-plasticas-para-maquinas-150x150.webp 150w, https:\/\/cortesolda.com.br\/por\/wp-content\/uploads\/2025\/03\/fornecedor-de-pecas-plasticas-para-maquinas-430x430.webp 430w\" sizes=\"(max-width: 466px) 100vw, 466px\" \/><p id=\"caption-attachment-30680\" class=\"wp-caption-text\">f\u00e1brica do cliente<\/p><\/div>\n<\/div>\n<div id=\"attachment_29712\" class=\"wp-caption alignnone\">\n<div id=\"attachment_30681\" style=\"width: 477px\" class=\"wp-caption alignnone\"><img loading=\"lazy\" decoding=\"async\" aria-describedby=\"caption-attachment-30681\" class=\"size-full wp-image-30681\" src=\"https:\/\/cortesolda.com.br\/por\/wp-content\/uploads\/2025\/03\/fabrica-do-cliente.webp\" alt=\"f\u00e1brica do cliente \" width=\"467\" height=\"474\" srcset=\"https:\/\/cortesolda.com.br\/por\/wp-content\/uploads\/2025\/03\/fabrica-do-cliente.webp 467w, https:\/\/cortesolda.com.br\/por\/wp-content\/uploads\/2025\/03\/fabrica-do-cliente-296x300.webp 296w, https:\/\/cortesolda.com.br\/por\/wp-content\/uploads\/2025\/03\/fabrica-do-cliente-430x436.webp 430w, https:\/\/cortesolda.com.br\/por\/wp-content\/uploads\/2025\/03\/fabrica-do-cliente-150x152.webp 150w\" sizes=\"(max-width: 467px) 100vw, 467px\" \/><p id=\"caption-attachment-30681\" class=\"wp-caption-text\"><span style=\"font-size: 16px;\">m\u00e1quinas exportadas para todo o mundo.<\/span><\/p><\/div>\n<\/div>\n<div id=\"attachment_29719\" class=\"wp-caption alignnone\">\n<div id=\"attachment_30682\" style=\"width: 478px\" class=\"wp-caption alignnone\"><img loading=\"lazy\" decoding=\"async\" aria-describedby=\"caption-attachment-30682\" class=\" wp-image-30682\" src=\"https:\/\/cortesolda.com.br\/por\/wp-content\/uploads\/2025\/03\/maquinas-exportadas-para-todo-o-mundo.webp\" alt=\"m\u00e1quinas exportadas para todo o mundo.\" width=\"468\" height=\"236\" srcset=\"https:\/\/cortesolda.com.br\/por\/wp-content\/uploads\/2025\/03\/maquinas-exportadas-para-todo-o-mundo.webp 800w, https:\/\/cortesolda.com.br\/por\/wp-content\/uploads\/2025\/03\/maquinas-exportadas-para-todo-o-mundo-400x202.webp 400w, https:\/\/cortesolda.com.br\/por\/wp-content\/uploads\/2025\/03\/maquinas-exportadas-para-todo-o-mundo-768x387.webp 768w, https:\/\/cortesolda.com.br\/por\/wp-content\/uploads\/2025\/03\/maquinas-exportadas-para-todo-o-mundo-430x217.webp 430w, https:\/\/cortesolda.com.br\/por\/wp-content\/uploads\/2025\/03\/maquinas-exportadas-para-todo-o-mundo-700x353.webp 700w, https:\/\/cortesolda.com.br\/por\/wp-content\/uploads\/2025\/03\/maquinas-exportadas-para-todo-o-mundo-150x76.webp 150w\" sizes=\"(max-width: 468px) 100vw, 468px\" \/><p id=\"caption-attachment-30682\" class=\"wp-caption-text\"><span style=\"font-size: 16px;\">Processo de produ\u00e7\u00e3o de sacolas pl\u00e1sticas<\/span><\/p><\/div>\n<\/div>\n<div id=\"attachment_29720\" class=\"wp-caption alignnone\">\n<p><img loading=\"lazy\" decoding=\"async\" class=\" wp-image-30683\" src=\"https:\/\/cortesolda.com.br\/por\/wp-content\/uploads\/2025\/03\/Processo-de-producao-de-sacolas-plasticas.webp\" alt=\"Processo de produ\u00e7\u00e3o de sacolas pl\u00e1sticas\" width=\"467\" height=\"445\" srcset=\"https:\/\/cortesolda.com.br\/por\/wp-content\/uploads\/2025\/03\/Processo-de-producao-de-sacolas-plasticas.webp 1038w, https:\/\/cortesolda.com.br\/por\/wp-content\/uploads\/2025\/03\/Processo-de-producao-de-sacolas-plasticas-315x300.webp 315w, https:\/\/cortesolda.com.br\/por\/wp-content\/uploads\/2025\/03\/Processo-de-producao-de-sacolas-plasticas-840x800.webp 840w, https:\/\/cortesolda.com.br\/por\/wp-content\/uploads\/2025\/03\/Processo-de-producao-de-sacolas-plasticas-768x732.webp 768w, https:\/\/cortesolda.com.br\/por\/wp-content\/uploads\/2025\/03\/Processo-de-producao-de-sacolas-plasticas-430x410.webp 430w, https:\/\/cortesolda.com.br\/por\/wp-content\/uploads\/2025\/03\/Processo-de-producao-de-sacolas-plasticas-700x667.webp 700w, https:\/\/cortesolda.com.br\/por\/wp-content\/uploads\/2025\/03\/Processo-de-producao-de-sacolas-plasticas-150x143.webp 150w\" sizes=\"(max-width: 467px) 100vw, 467px\" \/><\/p>\n<p id=\"caption-attachment-29720\" class=\"wp-caption-text\">\n<\/div>\n<\/div>\n<\/div>\n","protected":false},"excerpt":{"rendered":"<p>M\u00e1quinas de cortar para cortar filme pl\u00e1stico de grande rolagem em filme de pl\u00e1stico pequeno, terno para cortar filme pl\u00e1stico, rolagem de papel, papel alum\u00ednio, filme esticado.<\/p>\n","protected":false},"featured_media":30254,"comment_status":"closed","ping_status":"closed","template":"","meta":{"_acf_changed":false,"_oss_video_url":""},"product_brand":[],"product_cat":[82],"product_tag":[],"class_list":{"0":"post-30252","1":"product","2":"type-product","3":"status-publish","4":"has-post-thumbnail","6":"product_cat-rebobinadeira","8":"first","9":"instock","10":"shipping-taxable","11":"product-type-simple"},"acf":[],"_links":{"self":[{"href":"https:\/\/cortesolda.com.br\/por\/wp-json\/wp\/v2\/product\/30252","targetHints":{"allow":["GET"]}}],"collection":[{"href":"https:\/\/cortesolda.com.br\/por\/wp-json\/wp\/v2\/product"}],"about":[{"href":"https:\/\/cortesolda.com.br\/por\/wp-json\/wp\/v2\/types\/product"}],"replies":[{"embeddable":true,"href":"https:\/\/cortesolda.com.br\/por\/wp-json\/wp\/v2\/comments?post=30252"}],"version-history":[{"count":0,"href":"https:\/\/cortesolda.com.br\/por\/wp-json\/wp\/v2\/product\/30252\/revisions"}],"wp:featuredmedia":[{"embeddable":true,"href":"https:\/\/cortesolda.com.br\/por\/wp-json\/wp\/v2\/media\/30254"}],"wp:attachment":[{"href":"https:\/\/cortesolda.com.br\/por\/wp-json\/wp\/v2\/media?parent=30252"}],"wp:term":[{"taxonomy":"product_brand","embeddable":true,"href":"https:\/\/cortesolda.com.br\/por\/wp-json\/wp\/v2\/product_brand?post=30252"},{"taxonomy":"product_cat","embeddable":true,"href":"https:\/\/cortesolda.com.br\/por\/wp-json\/wp\/v2\/product_cat?post=30252"},{"taxonomy":"product_tag","embeddable":true,"href":"https:\/\/cortesolda.com.br\/por\/wp-json\/wp\/v2\/product_tag?post=30252"}],"curies":[{"name":"wp","href":"https:\/\/api.w.org\/{rel}","templated":true}]}}