{"id":30255,"date":"2025-03-28T20:58:37","date_gmt":"2025-03-28T12:58:37","guid":{"rendered":"https:\/\/hotpink-lyrebird-701956.hostingersite.com\/?post_type=product&#038;p=30255"},"modified":"2025-07-06T11:14:16","modified_gmt":"2025-07-06T03:14:16","slug":"eficiencia-em-rebobinadeiras-rebobinadeira-para-papel-aluminio","status":"publish","type":"product","link":"https:\/\/cortesolda.com.br\/por\/eficiencia-rebobinadeiras-rebobinadeira-para-papel-aluminio","title":{"rendered":"Rebobinadeira plasticas filme BOPP PET PVC CPP"},"content":{"rendered":"<div id=\"tab-desc\" class=\"tab-pane active\" role=\"tabpanel\">\n<div class=\"product-tab-desc\">\n<div>\n<p><strong>Rebobinadeira plasticas filme BOPP PET PVC CPP Caracter\u00edstica<\/strong><strong>:<\/strong><strong><br \/>\n<\/strong><\/p>\n<p>m\u00e1quina de corte \u00e9 um equipamento ideal que \u00e9 adequado para cortar todos os tipos de materiais de rolo, como filme de lamina\u00e7\u00e3o de impress\u00e3o, filme de alum\u00ednio, filme BOPP, filme PET e filme de PVC, etc.<\/p>\n<p>Caracter\u00edsticas:<br \/>\n1. Adequado para cortar papel, filme ldpe, filme hdpe, filme lldpe, filme bopp, filme pp, filme pet,<br \/>\n2.Controle de posi\u00e7\u00e3o de borda e controle autom\u00e1tico de tens\u00e3o<br \/>\nconta 3.meter, a m\u00e1quina pode parar automaticamente<br \/>\n4. Pot\u00eancia da m\u00e1quina 220V,380V,440V<br \/>\n5.Afford servi\u00e7o p\u00f3s-venda, pode enviar engenheiro para a f\u00e1brica do comprador, para instalar a m\u00e1quina e pagar o servi\u00e7o de treinamento.<br \/>\n6.We s\u00e3o bem-vindos clientes m\u00e1quinas personalizadas ou design OEM.<\/p>\n<p><img fetchpriority=\"high\" decoding=\"async\" class=\" wp-image-30702\" src=\"https:\/\/cortesolda.com.br\/por\/wp-content\/uploads\/2025\/03\/BOPP-filme-papel.webp\" alt=\"BOPP filme papel\" width=\"360\" height=\"360\" srcset=\"https:\/\/cortesolda.com.br\/por\/wp-content\/uploads\/2025\/03\/BOPP-filme-papel.webp 497w, https:\/\/cortesolda.com.br\/por\/wp-content\/uploads\/2025\/03\/BOPP-filme-papel-300x300.webp 300w, https:\/\/cortesolda.com.br\/por\/wp-content\/uploads\/2025\/03\/BOPP-filme-papel-150x150.webp 150w, https:\/\/cortesolda.com.br\/por\/wp-content\/uploads\/2025\/03\/BOPP-filme-papel-430x430.webp 430w\" sizes=\"(max-width: 360px) 100vw, 360px\" \/><\/p>\n<p><strong>Par\u00e2metro t\u00e9cnico principal:<\/strong><\/p>\n<table>\n<tbody>\n<tr>\n<td width=\"223\">Modelo<\/td>\n<td width=\"156\">WFQ<strong>&#8211;<\/strong>B1100<\/td>\n<td width=\"144\">WFQ<strong>&#8211;<\/strong>B 1300<\/td>\n<td width=\"144\">WFQ<strong>&#8211;<\/strong>B 1600<\/td>\n<\/tr>\n<tr>\n<td width=\"223\">Largura m\u00e1xima de desenrolamento<\/td>\n<td width=\"156\">1100mm<\/td>\n<td width=\"144\">1300mm<\/td>\n<td width=\"144\">1600 mm<\/td>\n<\/tr>\n<tr>\n<td width=\"223\">Max.di\u00e2metro de desenrolamento<\/td>\n<td width=\"156\">\u03a61400mm<\/td>\n<td width=\"144\">\u03a61400mm<\/td>\n<td width=\"144\">\u03a61400mm<\/td>\n<\/tr>\n<tr>\n<td width=\"223\">Largura m\u00edn. de corte<\/td>\n<td width=\"156\">20 mm<\/td>\n<td width=\"144\">20 mm<\/td>\n<td width=\"144\">20 mm<\/td>\n<\/tr>\n<tr>\n<td width=\"223\">Max.di\u00e2metro de rebobinagem<\/td>\n<td width=\"156\">\u03a6500mm<\/td>\n<td width=\"144\">\u03a6500mm<\/td>\n<td width=\"144\">\u03a6500mm<\/td>\n<\/tr>\n<tr>\n<td width=\"223\">Velocidade m\u00e1xima<\/td>\n<td width=\"156\">200m\/min<\/td>\n<td width=\"144\">200m\/min<\/td>\n<td width=\"144\">200m\/min<\/td>\n<\/tr>\n<tr>\n<td width=\"223\">Precis\u00e3o de corte<\/td>\n<td width=\"156\">\u00b10,2 mm<\/td>\n<td width=\"144\">\u00b10,2 mm<\/td>\n<td width=\"144\">\u00b10,2 mm<\/td>\n<\/tr>\n<tr>\n<td width=\"223\">Poder total<\/td>\n<td width=\"156\">7kw<\/td>\n<td width=\"144\">7kw<\/td>\n<td width=\"144\">8,5kw<\/td>\n<\/tr>\n<tr>\n<td width=\"223\">Fonte de alimenta\u00e7\u00e3o adequada<\/td>\n<td width=\"156\">380V\/50Hz<\/td>\n<td width=\"144\">380V\/50Hz<\/td>\n<td width=\"144\">380V\/50Hz<\/td>\n<\/tr>\n<tr>\n<td width=\"223\">Peso (aprox)<\/td>\n<td width=\"156\">2100kg<\/td>\n<td width=\"144\">2300kg<\/td>\n<td width=\"144\">2600kg<\/td>\n<\/tr>\n<tr>\n<td width=\"223\">Dimens\u00e3o total (LxWxH)<\/td>\n<td width=\"156\">2850x2150x1350(mm)<\/td>\n<td width=\"144\">2850x2350x1350(mm)<\/td>\n<td width=\"144\">2850x2650x1350(mm)<\/td>\n<\/tr>\n<tr>\n<td width=\"223\">Material<\/td>\n<td colspan=\"3\" width=\"444\">Papel, filme HDPE, filme LDPE, filme LLDPE, filme PET, filme BOPP, filme OPP, filme CPP<\/td>\n<\/tr>\n<tr>\n<td width=\"223\">Tens\u00e3o de Energia<\/td>\n<td colspan=\"3\" width=\"444\">220V,380V,440V,480V (Personalizado com base no pedido, Por exemplo: EUA 480V 60Hz, M\u00e9xico 440V\/220V 60Hz, Ar\u00e1bia Saudita 380V 60Hz, Nig\u00e9ria 415V 50Hz&#8230;)<\/td>\n<\/tr>\n<tr>\n<td width=\"223\">Di\u00e2metro do n\u00facleo do material<\/td>\n<td colspan=\"3\" width=\"444\">76mm (3 polegadas)<\/td>\n<\/tr>\n<tr>\n<td width=\"223\">Tempo de trabalho da m\u00e1quina<\/td>\n<td colspan=\"3\" width=\"444\">24 horas * 7 dias<\/td>\n<\/tr>\n<tr>\n<td width=\"223\">garantia<\/td>\n<td colspan=\"3\" width=\"444\">1 ano<\/td>\n<\/tr>\n<tr>\n<td width=\"223\">Assist\u00eancia t\u00e9cnica<\/td>\n<td colspan=\"3\" width=\"444\">Engenheiros dispon\u00edveis para atender m\u00e1quinas no exterior<\/td>\n<\/tr>\n<\/tbody>\n<\/table>\n<\/div>\n<p>\u203bAs especifica\u00e7\u00f5es corretas dependem do modelo real.Todas as especifica\u00e7\u00f5es est\u00e3o sujeitas a altera\u00e7\u00f5es sem aviso pr\u00e9vio.<\/p>\n<p><strong style=\"font-size: 16px;\">\u203bAs especifica\u00e7\u00f5es corretas dependem do modelo real.Todas as especifica\u00e7\u00f5es est\u00e3o sujeitas a altera\u00e7\u00f5es sem aviso pr\u00e9vio.<\/strong><\/p>\n<div id=\"attachment_30698\" style=\"width: 507px\" class=\"wp-caption alignnone\"><img decoding=\"async\" aria-describedby=\"caption-attachment-30698\" class=\"size-full wp-image-30698\" src=\"https:\/\/cortesolda.com.br\/por\/wp-content\/uploads\/2025\/03\/Rebobinadeira-plasticas-filme-BOPP-PET-PVC-CPP-CPE.webp\" alt=\"Rebobinadeira plasticas filme BOPP PET PVC CPP CPE\" width=\"497\" height=\"497\" srcset=\"https:\/\/cortesolda.com.br\/por\/wp-content\/uploads\/2025\/03\/Rebobinadeira-plasticas-filme-BOPP-PET-PVC-CPP-CPE.webp 497w, https:\/\/cortesolda.com.br\/por\/wp-content\/uploads\/2025\/03\/Rebobinadeira-plasticas-filme-BOPP-PET-PVC-CPP-CPE-300x300.webp 300w, https:\/\/cortesolda.com.br\/por\/wp-content\/uploads\/2025\/03\/Rebobinadeira-plasticas-filme-BOPP-PET-PVC-CPP-CPE-150x150.webp 150w, https:\/\/cortesolda.com.br\/por\/wp-content\/uploads\/2025\/03\/Rebobinadeira-plasticas-filme-BOPP-PET-PVC-CPP-CPE-430x430.webp 430w\" sizes=\"(max-width: 497px) 100vw, 497px\" \/><p id=\"caption-attachment-30698\" class=\"wp-caption-text\">Rebobinadeira plasticas filme BOPP PET PVC CPP CPE<\/p><\/div>\n<div id=\"attachment_30697\" style=\"width: 507px\" class=\"wp-caption alignnone\"><img decoding=\"async\" aria-describedby=\"caption-attachment-30697\" class=\"size-full wp-image-30697\" src=\"https:\/\/cortesolda.com.br\/por\/wp-content\/uploads\/2025\/03\/Rebobinadeira-plasticas-filme-BOPP-PET-PVC-CPP-CPE-papel.webp\" alt=\"Rebobinadeira plasticas filme BOPP PET PVC CPP CPE papel\" width=\"497\" height=\"497\" srcset=\"https:\/\/cortesolda.com.br\/por\/wp-content\/uploads\/2025\/03\/Rebobinadeira-plasticas-filme-BOPP-PET-PVC-CPP-CPE-papel.webp 497w, https:\/\/cortesolda.com.br\/por\/wp-content\/uploads\/2025\/03\/Rebobinadeira-plasticas-filme-BOPP-PET-PVC-CPP-CPE-papel-300x300.webp 300w, https:\/\/cortesolda.com.br\/por\/wp-content\/uploads\/2025\/03\/Rebobinadeira-plasticas-filme-BOPP-PET-PVC-CPP-CPE-papel-150x150.webp 150w, https:\/\/cortesolda.com.br\/por\/wp-content\/uploads\/2025\/03\/Rebobinadeira-plasticas-filme-BOPP-PET-PVC-CPP-CPE-papel-430x430.webp 430w\" sizes=\"(max-width: 497px) 100vw, 497px\" \/><p id=\"caption-attachment-30697\" class=\"wp-caption-text\">Rebobinadeira plasticas filme BOPP PET PVC CPP CPE papel<\/p><\/div>\n<div id=\"attachment_30696\" style=\"width: 507px\" class=\"wp-caption alignnone\"><img loading=\"lazy\" decoding=\"async\" aria-describedby=\"caption-attachment-30696\" class=\"size-full wp-image-30696\" src=\"https:\/\/cortesolda.com.br\/por\/wp-content\/uploads\/2025\/03\/Rebobinadeira-plasticas-filme-BOPP-PET-CPP-CPE-PVC.webp\" alt=\"Rebobinadeira plasticas filme BOPP PET CPP CPE PVC\" width=\"497\" height=\"497\" srcset=\"https:\/\/cortesolda.com.br\/por\/wp-content\/uploads\/2025\/03\/Rebobinadeira-plasticas-filme-BOPP-PET-CPP-CPE-PVC.webp 497w, https:\/\/cortesolda.com.br\/por\/wp-content\/uploads\/2025\/03\/Rebobinadeira-plasticas-filme-BOPP-PET-CPP-CPE-PVC-300x300.webp 300w, https:\/\/cortesolda.com.br\/por\/wp-content\/uploads\/2025\/03\/Rebobinadeira-plasticas-filme-BOPP-PET-CPP-CPE-PVC-150x150.webp 150w, https:\/\/cortesolda.com.br\/por\/wp-content\/uploads\/2025\/03\/Rebobinadeira-plasticas-filme-BOPP-PET-CPP-CPE-PVC-430x430.webp 430w\" sizes=\"(max-width: 497px) 100vw, 497px\" \/><p id=\"caption-attachment-30696\" class=\"wp-caption-text\">Rebobinadeira plasticas filme BOPP PET CPP CPE PVC<\/p><\/div>\n<div id=\"attachment_30700\" style=\"width: 493px\" class=\"wp-caption alignnone\"><img loading=\"lazy\" decoding=\"async\" aria-describedby=\"caption-attachment-30700\" class=\" wp-image-30700\" src=\"https:\/\/cortesolda.com.br\/por\/wp-content\/uploads\/2025\/03\/maquinas-exportadas-para-todo-o-mundo-1.webp\" alt=\"m\u00e1quinas exportadas para todo o mundo.\" width=\"483\" height=\"320\" srcset=\"https:\/\/cortesolda.com.br\/por\/wp-content\/uploads\/2025\/03\/maquinas-exportadas-para-todo-o-mundo-1.webp 700w, https:\/\/cortesolda.com.br\/por\/wp-content\/uploads\/2025\/03\/maquinas-exportadas-para-todo-o-mundo-1-400x265.webp 400w, https:\/\/cortesolda.com.br\/por\/wp-content\/uploads\/2025\/03\/maquinas-exportadas-para-todo-o-mundo-1-430x285.webp 430w, https:\/\/cortesolda.com.br\/por\/wp-content\/uploads\/2025\/03\/maquinas-exportadas-para-todo-o-mundo-1-150x99.webp 150w\" sizes=\"(max-width: 483px) 100vw, 483px\" \/><p id=\"caption-attachment-30700\" class=\"wp-caption-text\">m\u00e1quinas exportadas para todo o mundo.<\/p><\/div>\n<p>Se voc\u00ea comprar apenas uma m\u00e1quina, n\u00f3s a embalaremos em fardos de madeira e a carregaremos em um cont\u00eainer de carga fracionada (LCL).<\/p>\n<p><img loading=\"lazy\" decoding=\"async\" class=\" wp-image-30677\" src=\"https:\/\/cortesolda.com.br\/por\/wp-content\/uploads\/2025\/03\/pacote-de-madeira.jpg\" alt=\"pacote de madeira\" width=\"462\" height=\"341\" srcset=\"https:\/\/cortesolda.com.br\/por\/wp-content\/uploads\/2025\/03\/pacote-de-madeira.jpg 768w, https:\/\/cortesolda.com.br\/por\/wp-content\/uploads\/2025\/03\/pacote-de-madeira-400x295.jpg 400w, https:\/\/cortesolda.com.br\/por\/wp-content\/uploads\/2025\/03\/pacote-de-madeira-430x317.jpg 430w, https:\/\/cortesolda.com.br\/por\/wp-content\/uploads\/2025\/03\/pacote-de-madeira-700x517.jpg 700w, https:\/\/cortesolda.com.br\/por\/wp-content\/uploads\/2025\/03\/pacote-de-madeira-150x111.jpg 150w\" sizes=\"(max-width: 462px) 100vw, 462px\" \/><\/p>\n<p>Nosso principal parceiro de pe\u00e7as \u00e9 a seguinte marca, mas as pe\u00e7as padr\u00e3o s\u00e3o todas fabricadas na China.<\/p>\n<div id=\"attachment_30678\" style=\"width: 475px\" class=\"wp-caption alignnone\"><img loading=\"lazy\" decoding=\"async\" aria-describedby=\"caption-attachment-30678\" class=\" wp-image-30678\" src=\"https:\/\/cortesolda.com.br\/por\/wp-content\/uploads\/2025\/03\/Nosso-principal-parceiro-de-pecas-e-a-seguinte-marca.jpg\" alt=\"Nosso principal parceiro de pe\u00e7as \u00e9 a seguinte marca\" width=\"465\" height=\"268\" srcset=\"https:\/\/cortesolda.com.br\/por\/wp-content\/uploads\/2025\/03\/Nosso-principal-parceiro-de-pecas-e-a-seguinte-marca.jpg 875w, https:\/\/cortesolda.com.br\/por\/wp-content\/uploads\/2025\/03\/Nosso-principal-parceiro-de-pecas-e-a-seguinte-marca-400x230.jpg 400w, https:\/\/cortesolda.com.br\/por\/wp-content\/uploads\/2025\/03\/Nosso-principal-parceiro-de-pecas-e-a-seguinte-marca-768x442.jpg 768w, https:\/\/cortesolda.com.br\/por\/wp-content\/uploads\/2025\/03\/Nosso-principal-parceiro-de-pecas-e-a-seguinte-marca-430x248.jpg 430w, https:\/\/cortesolda.com.br\/por\/wp-content\/uploads\/2025\/03\/Nosso-principal-parceiro-de-pecas-e-a-seguinte-marca-700x403.jpg 700w, https:\/\/cortesolda.com.br\/por\/wp-content\/uploads\/2025\/03\/Nosso-principal-parceiro-de-pecas-e-a-seguinte-marca-150x86.jpg 150w\" sizes=\"(max-width: 465px) 100vw, 465px\" \/><p id=\"caption-attachment-30678\" class=\"wp-caption-text\">fornecedor de pe\u00e7as pl\u00e1sticas para m\u00e1quinas<\/p><\/div>\n<div id=\"attachment_29712\" class=\"wp-caption alignnone\">\n<div id=\"attachment_30680\" style=\"width: 476px\" class=\"wp-caption alignnone\"><img loading=\"lazy\" decoding=\"async\" aria-describedby=\"caption-attachment-30680\" class=\" wp-image-30680\" src=\"https:\/\/cortesolda.com.br\/por\/wp-content\/uploads\/2025\/03\/fornecedor-de-pecas-plasticas-para-maquinas.webp\" alt=\"fornecedor de pe\u00e7as pl\u00e1sticas para m\u00e1quinas\" width=\"466\" height=\"466\" srcset=\"https:\/\/cortesolda.com.br\/por\/wp-content\/uploads\/2025\/03\/fornecedor-de-pecas-plasticas-para-maquinas.webp 497w, https:\/\/cortesolda.com.br\/por\/wp-content\/uploads\/2025\/03\/fornecedor-de-pecas-plasticas-para-maquinas-300x300.webp 300w, https:\/\/cortesolda.com.br\/por\/wp-content\/uploads\/2025\/03\/fornecedor-de-pecas-plasticas-para-maquinas-150x150.webp 150w, https:\/\/cortesolda.com.br\/por\/wp-content\/uploads\/2025\/03\/fornecedor-de-pecas-plasticas-para-maquinas-430x430.webp 430w\" sizes=\"(max-width: 466px) 100vw, 466px\" \/><p id=\"caption-attachment-30680\" class=\"wp-caption-text\">f\u00e1brica do cliente<\/p><\/div>\n<\/div>\n<div id=\"attachment_29712\" class=\"wp-caption alignnone\">\n<div id=\"attachment_30681\" style=\"width: 477px\" class=\"wp-caption alignnone\"><img loading=\"lazy\" decoding=\"async\" aria-describedby=\"caption-attachment-30681\" class=\"size-full wp-image-30681\" src=\"https:\/\/cortesolda.com.br\/por\/wp-content\/uploads\/2025\/03\/fabrica-do-cliente.webp\" alt=\"f\u00e1brica do cliente \" width=\"467\" height=\"474\" srcset=\"https:\/\/cortesolda.com.br\/por\/wp-content\/uploads\/2025\/03\/fabrica-do-cliente.webp 467w, https:\/\/cortesolda.com.br\/por\/wp-content\/uploads\/2025\/03\/fabrica-do-cliente-296x300.webp 296w, https:\/\/cortesolda.com.br\/por\/wp-content\/uploads\/2025\/03\/fabrica-do-cliente-430x436.webp 430w, https:\/\/cortesolda.com.br\/por\/wp-content\/uploads\/2025\/03\/fabrica-do-cliente-150x152.webp 150w\" sizes=\"(max-width: 467px) 100vw, 467px\" \/><p id=\"caption-attachment-30681\" class=\"wp-caption-text\"><span style=\"font-size: 16px;\">m\u00e1quinas exportadas para todo o mundo.<\/span><\/p><\/div>\n<\/div>\n<div id=\"attachment_29719\" class=\"wp-caption alignnone\">\n<div id=\"attachment_30682\" style=\"width: 478px\" class=\"wp-caption alignnone\"><img loading=\"lazy\" decoding=\"async\" aria-describedby=\"caption-attachment-30682\" class=\" wp-image-30682\" src=\"https:\/\/cortesolda.com.br\/por\/wp-content\/uploads\/2025\/03\/maquinas-exportadas-para-todo-o-mundo.webp\" alt=\"m\u00e1quinas exportadas para todo o mundo.\" width=\"468\" height=\"236\" srcset=\"https:\/\/cortesolda.com.br\/por\/wp-content\/uploads\/2025\/03\/maquinas-exportadas-para-todo-o-mundo.webp 800w, https:\/\/cortesolda.com.br\/por\/wp-content\/uploads\/2025\/03\/maquinas-exportadas-para-todo-o-mundo-400x202.webp 400w, https:\/\/cortesolda.com.br\/por\/wp-content\/uploads\/2025\/03\/maquinas-exportadas-para-todo-o-mundo-768x387.webp 768w, https:\/\/cortesolda.com.br\/por\/wp-content\/uploads\/2025\/03\/maquinas-exportadas-para-todo-o-mundo-430x217.webp 430w, https:\/\/cortesolda.com.br\/por\/wp-content\/uploads\/2025\/03\/maquinas-exportadas-para-todo-o-mundo-700x353.webp 700w, https:\/\/cortesolda.com.br\/por\/wp-content\/uploads\/2025\/03\/maquinas-exportadas-para-todo-o-mundo-150x76.webp 150w\" sizes=\"(max-width: 468px) 100vw, 468px\" \/><p id=\"caption-attachment-30682\" class=\"wp-caption-text\"><span style=\"font-size: 16px;\">Processo de produ\u00e7\u00e3o de sacolas pl\u00e1sticas<\/span><\/p><\/div>\n<\/div>\n<div id=\"attachment_29720\" class=\"wp-caption alignnone\">\n<p><img loading=\"lazy\" decoding=\"async\" class=\" wp-image-30683\" src=\"https:\/\/cortesolda.com.br\/por\/wp-content\/uploads\/2025\/03\/Processo-de-producao-de-sacolas-plasticas.webp\" alt=\"Processo de produ\u00e7\u00e3o de sacolas pl\u00e1sticas\" width=\"467\" height=\"445\" srcset=\"https:\/\/cortesolda.com.br\/por\/wp-content\/uploads\/2025\/03\/Processo-de-producao-de-sacolas-plasticas.webp 1038w, https:\/\/cortesolda.com.br\/por\/wp-content\/uploads\/2025\/03\/Processo-de-producao-de-sacolas-plasticas-315x300.webp 315w, https:\/\/cortesolda.com.br\/por\/wp-content\/uploads\/2025\/03\/Processo-de-producao-de-sacolas-plasticas-840x800.webp 840w, https:\/\/cortesolda.com.br\/por\/wp-content\/uploads\/2025\/03\/Processo-de-producao-de-sacolas-plasticas-768x732.webp 768w, https:\/\/cortesolda.com.br\/por\/wp-content\/uploads\/2025\/03\/Processo-de-producao-de-sacolas-plasticas-430x410.webp 430w, https:\/\/cortesolda.com.br\/por\/wp-content\/uploads\/2025\/03\/Processo-de-producao-de-sacolas-plasticas-700x667.webp 700w, https:\/\/cortesolda.com.br\/por\/wp-content\/uploads\/2025\/03\/Processo-de-producao-de-sacolas-plasticas-150x143.webp 150w\" sizes=\"(max-width: 467px) 100vw, 467px\" \/><\/p>\n<\/div>\n<p>&nbsp;<\/p>\n<div id=\"attachment_29720\" class=\"wp-caption alignnone\">\n<p>&nbsp;<\/p>\n<p id=\"caption-attachment-29720\" class=\"wp-caption-text\">\n<\/div>\n<\/div>\n<\/div>\n","protected":false},"excerpt":{"rendered":"<p>M\u00e1quinas de cortar para cortar filme pl\u00e1stico de grande rolagem em filme de pl\u00e1stico pequeno, terno para cortar filme pl\u00e1stico, rolagem de papel, papel alum\u00ednio, filme esticado.<\/p>\n","protected":false},"featured_media":30257,"comment_status":"closed","ping_status":"closed","template":"","meta":{"_acf_changed":false,"_oss_video_url":""},"product_brand":[],"product_cat":[82],"product_tag":[],"class_list":{"0":"post-30255","1":"product","2":"type-product","3":"status-publish","4":"has-post-thumbnail","6":"product_cat-rebobinadeira","8":"first","9":"instock","10":"shipping-taxable","11":"product-type-simple"},"acf":[],"_links":{"self":[{"href":"https:\/\/cortesolda.com.br\/por\/wp-json\/wp\/v2\/product\/30255","targetHints":{"allow":["GET"]}}],"collection":[{"href":"https:\/\/cortesolda.com.br\/por\/wp-json\/wp\/v2\/product"}],"about":[{"href":"https:\/\/cortesolda.com.br\/por\/wp-json\/wp\/v2\/types\/product"}],"replies":[{"embeddable":true,"href":"https:\/\/cortesolda.com.br\/por\/wp-json\/wp\/v2\/comments?post=30255"}],"version-history":[{"count":0,"href":"https:\/\/cortesolda.com.br\/por\/wp-json\/wp\/v2\/product\/30255\/revisions"}],"wp:featuredmedia":[{"embeddable":true,"href":"https:\/\/cortesolda.com.br\/por\/wp-json\/wp\/v2\/media\/30257"}],"wp:attachment":[{"href":"https:\/\/cortesolda.com.br\/por\/wp-json\/wp\/v2\/media?parent=30255"}],"wp:term":[{"taxonomy":"product_brand","embeddable":true,"href":"https:\/\/cortesolda.com.br\/por\/wp-json\/wp\/v2\/product_brand?post=30255"},{"taxonomy":"product_cat","embeddable":true,"href":"https:\/\/cortesolda.com.br\/por\/wp-json\/wp\/v2\/product_cat?post=30255"},{"taxonomy":"product_tag","embeddable":true,"href":"https:\/\/cortesolda.com.br\/por\/wp-json\/wp\/v2\/product_tag?post=30255"}],"curies":[{"name":"wp","href":"https:\/\/api.w.org\/{rel}","templated":true}]}}