{"id":30262,"date":"2025-03-28T21:02:01","date_gmt":"2025-03-28T13:02:01","guid":{"rendered":"https:\/\/hotpink-lyrebird-701956.hostingersite.com\/?post_type=product&#038;p=30262"},"modified":"2025-07-08T14:52:56","modified_gmt":"2025-07-08T06:52:56","slug":"motor-de-passo-de-motor-ca-para-maquina-de-saco-plastico-motor-de-passo-de-motor","status":"publish","type":"product","link":"https:\/\/cortesolda.com.br\/por\/motor-de-passo-de-motor-ca-para-maquina-de-saco-plastico-motor-de-passo-de-motor","title":{"rendered":"Motor de passo de motor CA para m\u00e1quina de saco pl\u00e1stico"},"content":{"rendered":"<div id=\"tab-desc\" class=\"tab-pane active\" role=\"tabpanel\">\n<div class=\"product-tab-desc\">\n<div><span style=\"font-family: arial, helvetica, sans-serif; color: #000000;\">Motor de passo de motor SOYO tipo 130BYG350B 50N<\/span>.M Motor de passo M\u00e1quinas para fabrica\u00e7\u00e3o de saco Motor DC<\/div>\n<div>\n<p><span style=\"color: #000000;\"><strong>Principais caracter\u00edsticas:<\/strong><\/span><\/p>\n<p><span style=\"color: #000000;\">1. A precis\u00e3o geral do \u00e2ngulo de passo do motor de passo de 3-5%, e n\u00e3o acumula.<\/span><br \/>\n<span style=\"color: #000000;\">2. Permitir a mais alta temperatura de apar\u00eancia do motor de passo.<\/span><br \/>\n<span style=\"color: #000000;\">A temperatura do motor de passo far\u00e1 a primeira desmagnetiza\u00e7\u00e3o do motor de materiais magn\u00e9ticos, o que pode levar ao decl\u00ednio do torque e at\u00e9 mesmo fora de sincronia, de modo que a apar\u00eancia do motor permite que a temperatura mais alta dependa de diferentes pontos de desmagnetiza\u00e7\u00e3o do material magn\u00e9tico;Desmagnetiza\u00e7\u00e3o de materiais magn\u00e9ticos, em geral, alguns est\u00e3o acima de 130 graus Celsius, alguns at\u00e9 200 graus Celsius acima, ent\u00e3o a apar\u00eancia do motor de passo em 80-90 graus Celsius temperatura completamente normal.<\/span><br \/>\n<span style=\"color: #000000;\">3. A varia\u00e7\u00e3o do torque do motor de passo com o aumento da velocidade de rota\u00e7\u00e3o ser\u00e1 reduzida.<\/span><br \/>\n<span style=\"color: #000000;\">Ao pisar a rota\u00e7\u00e3o do motor, o motor de cada indut\u00e2ncia de enrolamento de fase formar\u00e1 uma for\u00e7a eletromotriz reversa;Quanto maior a frequ\u00eancia, maior a fem traseira.Sob a fun\u00e7\u00e3o dele, o motor com frequ\u00eancia (ou velocidade) e a corrente de fase diminuem, o que leva ao decl\u00ednio do torque.<\/span><br \/>\n<span style=\"color: #000000;\">4. Pode funcionar corretamente quando o motor passo a passo em baixa velocidade, mas acima de uma certa velocidade n\u00e3o ser\u00e1 capaz de dar partida, acompanhado de ru\u00eddos estridentes.<\/span><br \/>\n<span style=\"color: #000000;\">O motor de passo tem par\u00e2metros t\u00e9cnicos: frequ\u00eancia de partida sem carga, o motor de passo sob condi\u00e7\u00e3o sem carga pode frequ\u00eancia de pulso de inicializa\u00e7\u00e3o normal, se a frequ\u00eancia de pulso for maior que o valor, o motor n\u00e3o inicia corretamente, pode ser perdido ou bloqueado.Nos casos de carga, a frequ\u00eancia de partida deve ser menor.Se voc\u00ea deseja fazer o motor atingir a rota\u00e7\u00e3o de alta velocidade, a frequ\u00eancia de pulso deve ser para acelerar o processo, ou seja, a frequ\u00eancia de partida \u00e9 baixa e, em seguida, em uma certa acelera\u00e7\u00e3o de alta frequ\u00eancia desejada (velocidade do motor de baixa velocidade para alta velocidade ).<\/span><br \/>\n<span style=\"color: #000000;\">Motor de passo com suas caracter\u00edsticas not\u00e1veis, na era da fabrica\u00e7\u00e3o digital desempenha um papel significativo.Com o desenvolvimento da tecnologia digital e do pr\u00f3prio motor de passo, melhore a tecnologia, o motor de passo ser\u00e1 aplicado em mais campos.<\/span><\/p>\n<p><span style=\"color: #000000;\">O motor de passo de motor \u00e9 essencial para diversas aplica\u00e7\u00f5es na ind\u00fastria, oferecendo precis\u00e3o e controle em processos automatizados<\/span>.<\/p>\n<p align=\"left\"><span style=\"color: #000000;\"><strong>Descri\u00e7\u00e3o do produto<\/strong><\/span><\/p>\n<table border=\"1\" cellspacing=\"0\" cellpadding=\"0\">\n<tbody>\n<tr>\n<td>\n<p align=\"left\"><span style=\"color: #000000;\">\u00c2ngulo do passo<\/span><\/p>\n<\/td>\n<td>\n<p align=\"left\"><span style=\"color: #000000;\">0,6\/1,2 graus<\/span><\/p>\n<\/td>\n<\/tr>\n<tr>\n<td>\n<p align=\"left\"><span style=\"color: #000000;\">Resist\u00eancia de Isolamento<\/span><\/p>\n<\/td>\n<td>\n<p align=\"left\"><span style=\"color: #000000;\">500V DC 100M\u03a9 M\u00ednimo<\/span><\/p>\n<\/td>\n<\/tr>\n<tr>\n<td>\n<p align=\"left\"><span style=\"color: #000000;\">Rigidez diel\u00e9trica<\/span><\/p>\n<\/td>\n<td>\n<p align=\"left\"><span style=\"color: #000000;\">1000V AC 50Hz 2mA 1Minuto<\/span><\/p>\n<\/td>\n<\/tr>\n<tr>\n<td>\n<p align=\"left\"><span style=\"color: #000000;\">Temperatura ambiente<\/span><\/p>\n<\/td>\n<td>\n<p align=\"left\"><span style=\"color: #000000;\">-20 &#8211; 40 graus cent\u00edgrados<\/span><\/p>\n<\/td>\n<\/tr>\n<tr>\n<td>\n<p align=\"left\"><span style=\"color: #000000;\">Aumento de temperatura<\/span><\/p>\n<\/td>\n<td>\n<p align=\"left\"><span style=\"color: #000000;\">80K M\u00e1x.<\/span><\/p>\n<\/td>\n<\/tr>\n<tr>\n<td>\n<p align=\"left\"><span style=\"color: #000000;\">Classe de isolamento<\/span><\/p>\n<\/td>\n<td>\n<p align=\"left\"><span style=\"color: #000000;\">B<\/span><\/p>\n<\/td>\n<\/tr>\n<\/tbody>\n<\/table>\n<p align=\"left\"><span style=\"color: #000000;\"><strong>Principais Par\u00e2metros T\u00e9cnicos<\/strong><\/span><\/p>\n<table border=\"1\" cellspacing=\"0\" cellpadding=\"0\">\n<tbody>\n<tr>\n<td>\n<p align=\"left\"><span style=\"color: #000000;\">Modelo<\/span><\/p>\n<\/td>\n<td>\n<p align=\"left\"><span style=\"color: #000000;\">Tens\u00e3o operacional<\/span><\/p>\n<\/td>\n<td>\n<p align=\"left\"><span style=\"color: #000000;\">Corrente nominal<\/span><\/p>\n<\/td>\n<td>\n<p align=\"left\"><span style=\"color: #000000;\">Resist\u00eancia<\/span><\/p>\n<\/td>\n<td>\n<p align=\"left\"><span style=\"color: #000000;\">Indut\u00e2ncia<\/span><\/p>\n<\/td>\n<td>\n<p align=\"left\"><span style=\"color: #000000;\">Reten\u00e7\u00e3o de Torque<\/span><\/p>\n<\/td>\n<td>\n<p align=\"left\"><span style=\"color: #000000;\">Frequ\u00eancia sem carga<\/span><\/p>\n<\/td>\n<td>\n<p align=\"left\"><span style=\"color: #000000;\">Frequ\u00eancia inicial<\/span><\/p>\n<\/td>\n<td>\n<p align=\"left\"><span style=\"color: #000000;\">Peso<\/span><\/p>\n<\/td>\n<td>\n<p align=\"left\"><span style=\"color: #000000;\">Comprimento<\/span><\/p>\n<\/td>\n<\/tr>\n<tr>\n<td>\n<p align=\"left\">\n<\/td>\n<td>\n<p align=\"left\"><span style=\"color: #000000;\">VDC<\/span><\/p>\n<\/td>\n<td>\n<p align=\"left\"><span style=\"color: #000000;\">UMA<\/span><\/p>\n<\/td>\n<td>\n<p align=\"left\"><span style=\"color: #000000;\">\u03a9<\/span><\/p>\n<\/td>\n<td>\n<p align=\"left\"><span style=\"color: #000000;\">mH<\/span><\/p>\n<\/td>\n<td>\n<p align=\"left\"><span style=\"color: #000000;\">Nm<\/span><\/p>\n<\/td>\n<td>\n<p align=\"left\"><span style=\"color: #000000;\">Hz<\/span><\/p>\n<\/td>\n<td>\n<p align=\"left\"><span style=\"color: #000000;\">Hz<\/span><\/p>\n<\/td>\n<td>\n<p align=\"left\"><span style=\"color: #000000;\">kg<\/span><\/p>\n<\/td>\n<td>\n<p align=\"left\"><span style=\"color: #000000;\">mil\u00edmetros<\/span><\/p>\n<\/td>\n<\/tr>\n<tr>\n<td>\n<p align=\"left\"><span style=\"color: #000000;\">130BYG350A<\/span><\/p>\n<\/td>\n<td>\n<p align=\"left\"><span style=\"color: #000000;\">80~325<\/span><\/p>\n<\/td>\n<td>\n<p align=\"left\"><span style=\"color: #000000;\">5<\/span><\/p>\n<\/td>\n<td>\n<p align=\"left\" data-spm-anchor-id=\"a2g0o.detail.1000023.i0.534c49d3nrLlcD\"><span style=\"color: #000000;\">1.3<\/span><\/p>\n<\/td>\n<td>\n<p align=\"left\" data-spm-anchor-id=\"a2g0o.detail.1000023.i1.534c49d3nrLlcD\"><span style=\"color: #000000;\">13.1<\/span><\/p>\n<\/td>\n<td>\n<p align=\"left\"><span style=\"color: #000000;\">37<\/span><\/p>\n<\/td>\n<td>\n<p align=\"left\"><span style=\"color: #000000;\">20.000<\/span><\/p>\n<\/td>\n<td>\n<p align=\"left\"><span style=\"color: #000000;\">2500<\/span><\/p>\n<\/td>\n<td>\n<p align=\"left\"><span style=\"color: #000000;\">17,8<\/span><\/p>\n<\/td>\n<td>\n<p align=\"left\"><span style=\"color: #000000;\">226<\/span><\/p>\n<\/td>\n<\/tr>\n<tr>\n<td>\n<p align=\"left\"><span style=\"color: #000000;\"><strong>130BYG350B<\/strong><\/span><\/p>\n<\/td>\n<td>\n<p align=\"left\"><span style=\"color: #000000;\"><strong>80~325<\/strong><\/span><\/p>\n<\/td>\n<td>\n<p align=\"left\"><span style=\"color: #000000;\"><strong>5<\/strong><\/span><\/p>\n<\/td>\n<td>\n<p align=\"left\"><span style=\"color: #000000;\"><strong>1,7<\/strong><\/span><\/p>\n<\/td>\n<td>\n<p align=\"left\" data-spm-anchor-id=\"a2g0o.detail.1000023.i2.534c49d3nrLlcD\"><span style=\"color: #000000;\"><strong>17<\/strong><\/span><\/p>\n<\/td>\n<td>\n<p align=\"left\"><span style=\"color: #000000;\"><strong>50<\/strong><\/span><\/p>\n<\/td>\n<td>\n<p align=\"left\"><span style=\"color: #000000;\"><strong>18.000<\/strong><\/span><\/p>\n<\/td>\n<td>\n<p align=\"left\"><span style=\"color: #000000;\"><strong>2500<\/strong><\/span><\/p>\n<\/td>\n<td>\n<p align=\"left\"><span style=\"color: #000000;\"><strong>22,5<\/strong><\/span><\/p>\n<\/td>\n<td>\n<p align=\"left\"><span style=\"color: #000000;\"><strong>282<\/strong><\/span><\/p>\n<\/td>\n<\/tr>\n<\/tbody>\n<\/table>\n<p><span style=\"color: #000000;\">Amplamente utilizado em m\u00e1quina de embalagem, m\u00e1quina de impress\u00e3o, m\u00e1quina de saco pl\u00e1stico, farmac\u00eautica, lavagem, m\u00e1quina de moldagem por inje\u00e7\u00e3o, marcenaria e outras m\u00e1quinas e equipamentos.<\/span><\/p>\n<p data-spm-anchor-id=\"a2g0o.detail.1000023.i6.534c49d3nrLlcD\"><span style=\"color: #000000;\"><strong>ATEN\u00c7\u00c3O: ao instalar o motor, deve-se garantir que o eixo do motor e o eixo de carga sejam conc\u00eantricos, nunca o batam, para n\u00e3o danificar o motor.<\/strong><\/span><\/p>\n<div id=\"attachment_31124\" style=\"width: 460px\" class=\"wp-caption alignnone\"><img fetchpriority=\"high\" decoding=\"async\" aria-describedby=\"caption-attachment-31124\" class=\"wp-image-31124\" src=\"https:\/\/cortesolda.com.br\/por\/wp-content\/uploads\/2025\/03\/Motor-de-passo-de-motor-CA-para-maquina-de-saco-plastico.webp\" alt=\"Motor de passo de motor CA para m\u00e1quina de saco pl\u00e1stico\" width=\"450\" height=\"450\" srcset=\"https:\/\/cortesolda.com.br\/por\/wp-content\/uploads\/2025\/03\/Motor-de-passo-de-motor-CA-para-maquina-de-saco-plastico.webp 500w, https:\/\/cortesolda.com.br\/por\/wp-content\/uploads\/2025\/03\/Motor-de-passo-de-motor-CA-para-maquina-de-saco-plastico-300x300.webp 300w, https:\/\/cortesolda.com.br\/por\/wp-content\/uploads\/2025\/03\/Motor-de-passo-de-motor-CA-para-maquina-de-saco-plastico-150x150.webp 150w, https:\/\/cortesolda.com.br\/por\/wp-content\/uploads\/2025\/03\/Motor-de-passo-de-motor-CA-para-maquina-de-saco-plastico-430x430.webp 430w\" sizes=\"(max-width: 450px) 100vw, 450px\" \/><p id=\"caption-attachment-31124\" class=\"wp-caption-text\">Motor de passo de motor CA para m\u00e1quina de saco pl\u00e1stico<\/p><\/div>\n<div id=\"attachment_31125\" style=\"width: 460px\" class=\"wp-caption alignnone\"><img decoding=\"async\" aria-describedby=\"caption-attachment-31125\" class=\"wp-image-31125\" src=\"https:\/\/cortesolda.com.br\/por\/wp-content\/uploads\/2025\/03\/Motor-de-passo-de-motor-CA-para-maquina-de-saco-plastico-2.webp\" alt=\"Motor de passo de motor CA para m\u00e1quina de saco pl\u00e1stico\" width=\"450\" height=\"450\" srcset=\"https:\/\/cortesolda.com.br\/por\/wp-content\/uploads\/2025\/03\/Motor-de-passo-de-motor-CA-para-maquina-de-saco-plastico-2.webp 500w, https:\/\/cortesolda.com.br\/por\/wp-content\/uploads\/2025\/03\/Motor-de-passo-de-motor-CA-para-maquina-de-saco-plastico-2-300x300.webp 300w, https:\/\/cortesolda.com.br\/por\/wp-content\/uploads\/2025\/03\/Motor-de-passo-de-motor-CA-para-maquina-de-saco-plastico-2-150x150.webp 150w, https:\/\/cortesolda.com.br\/por\/wp-content\/uploads\/2025\/03\/Motor-de-passo-de-motor-CA-para-maquina-de-saco-plastico-2-430x430.webp 430w\" sizes=\"(max-width: 450px) 100vw, 450px\" \/><p id=\"caption-attachment-31125\" class=\"wp-caption-text\">Motor de passo de motor CA para m\u00e1quina de saco pl\u00e1stico<\/p><\/div>\n<\/div>\n<\/div>\n<\/div>\n","protected":false},"excerpt":{"rendered":"<p>Motor de passo de mo<\/p>\n","protected":false},"featured_media":30264,"comment_status":"closed","ping_status":"closed","template":"","meta":{"_acf_changed":false,"_oss_video_url":""},"product_brand":[],"product_cat":[20],"product_tag":[],"class_list":{"0":"post-30262","1":"product","2":"type-product","3":"status-publish","4":"has-post-thumbnail","6":"product_cat-pecas-de-corte-e-solda","8":"first","9":"instock","10":"shipping-taxable","11":"product-type-simple"},"acf":[],"_links":{"self":[{"href":"https:\/\/cortesolda.com.br\/por\/wp-json\/wp\/v2\/product\/30262","targetHints":{"allow":["GET"]}}],"collection":[{"href":"https:\/\/cortesolda.com.br\/por\/wp-json\/wp\/v2\/product"}],"about":[{"href":"https:\/\/cortesolda.com.br\/por\/wp-json\/wp\/v2\/types\/product"}],"replies":[{"embeddable":true,"href":"https:\/\/cortesolda.com.br\/por\/wp-json\/wp\/v2\/comments?post=30262"}],"version-history":[{"count":0,"href":"https:\/\/cortesolda.com.br\/por\/wp-json\/wp\/v2\/product\/30262\/revisions"}],"wp:featuredmedia":[{"embeddable":true,"href":"https:\/\/cortesolda.com.br\/por\/wp-json\/wp\/v2\/media\/30264"}],"wp:attachment":[{"href":"https:\/\/cortesolda.com.br\/por\/wp-json\/wp\/v2\/media?parent=30262"}],"wp:term":[{"taxonomy":"product_brand","embeddable":true,"href":"https:\/\/cortesolda.com.br\/por\/wp-json\/wp\/v2\/product_brand?post=30262"},{"taxonomy":"product_cat","embeddable":true,"href":"https:\/\/cortesolda.com.br\/por\/wp-json\/wp\/v2\/product_cat?post=30262"},{"taxonomy":"product_tag","embeddable":true,"href":"https:\/\/cortesolda.com.br\/por\/wp-json\/wp\/v2\/product_tag?post=30262"}],"curies":[{"name":"wp","href":"https:\/\/api.w.org\/{rel}","templated":true}]}}