{"id":30268,"date":"2025-03-28T21:03:54","date_gmt":"2025-03-28T13:03:54","guid":{"rendered":"https:\/\/hotpink-lyrebird-701956.hostingersite.com\/?post_type=product&#038;p=30268"},"modified":"2025-07-08T14:35:50","modified_gmt":"2025-07-08T06:35:50","slug":"fita-adesiva-eletrica-japonesa-nitto-denko-para-maquina-de-sacola-plastica-fita-adesiva-eletrica-japonesa-nitto-denko-para-maquina-de-sacola-plastica","status":"publish","type":"product","link":"https:\/\/cortesolda.com.br\/por\/fita-adesiva-eletrica-japonesa-nitto-denko-para-maquina-de-sacola-plastica-fita-adesiva-eletrica-japonesa-nitto-denko-para-maquina-de-sacola-plastica","title":{"rendered":"Fita adesiva el\u00e9trica japonesa NITTO DENKO para m\u00e1quina de sacola pl\u00e1stica"},"content":{"rendered":"<div id=\"tab-desc\" class=\"tab-pane active\" role=\"tabpanel\">\n<div class=\"product-tab-desc\">\n<div data-rm-block-id=\"block-1\">Fita adesiva el\u00e9trica japonesa NITTO DENKO para m\u00e1quina de sacola pl\u00e1stica<\/div>\n<div>\n<p data-rm-block-id=\"block-2\"><strong>Fitas Nitto Denko<\/strong><\/p>\n<p data-rm-block-id=\"block-3\">1. N\u00ba 903UL 0,08x25x10<\/p>\n<p data-rm-block-id=\"block-4\">2. Origem: Jap\u00e3o<\/p>\n<p data-rm-block-id=\"block-5\">3. Fabricante: NITTO DENKO CORP.<\/p>\n<p data-rm-block-id=\"block-6\">4. Excelente resist\u00eancia qu\u00edmica.<\/p>\n<p data-rm-block-id=\"block-7\">5. Ampla faixa de temperatura de opera\u00e7\u00e3o.<\/p>\n<p data-rm-block-id=\"block-8\">6. Excelentes propriedades el\u00e9tricas.<\/p>\n<p data-rm-block-id=\"block-9\">7. Caracter\u00edsticas de baixa fric\u00e7\u00e3o e excelentes propriedades de autolubrifica\u00e7\u00e3o.<\/p>\n<p data-rm-block-id=\"block-10\">8. Aplica\u00e7\u00e3o:<\/p>\n<p data-rm-block-id=\"block-11\">Resistente ao calor, abrigo;Selo t\u00e9rmico;Isolamento el\u00e9trico t\u00e9rmico;<\/p>\n<p data-rm-block-id=\"block-12\">Amplamente utilizado na ind\u00fastria farmac\u00eautica, ind\u00fastria aliment\u00edcia, ind\u00fastria gr\u00e1fica, industrial, qu\u00edmica e outros campos, especialmente amplamente utilizado em m\u00e1quinas de selagem de sacos.<\/p>\n<div class=\"rich-text-table\">\n<table style=\"height: 757px;\" width=\"389\">\n<tbody>\n<tr>\n<td data-rm-block-id=\"block-13\">Modelos<\/td>\n<td data-rm-block-id=\"block-14\">Tamanhos<\/td>\n<td data-rm-block-id=\"block-15\">Embalagem<\/td>\n<\/tr>\n<tr>\n<td data-rm-block-id=\"block-16\">903UL<\/td>\n<td data-rm-block-id=\"block-17\">0,08x13x10<\/td>\n<td data-rm-block-id=\"block-18\">250 rolos\/ctn<\/td>\n<\/tr>\n<tr>\n<td data-rm-block-id=\"block-19\">903UL<\/td>\n<td data-rm-block-id=\"block-20\">0,08x15x10<\/td>\n<td data-rm-block-id=\"block-21\">250 rolos\/ctn<\/td>\n<\/tr>\n<tr>\n<td data-rm-block-id=\"block-22\">903UL<\/td>\n<td data-rm-block-id=\"block-23\">0,08x19x10<\/td>\n<td data-rm-block-id=\"block-24\">250 rolos\/ctn<\/td>\n<\/tr>\n<tr>\n<td data-rm-block-id=\"block-25\">903UL<\/td>\n<td data-rm-block-id=\"block-26\">0,08x25x10<\/td>\n<td data-rm-block-id=\"block-27\">250 rolos\/ctn<\/td>\n<\/tr>\n<tr>\n<td data-rm-block-id=\"block-28\">903UL<\/td>\n<td data-rm-block-id=\"block-29\">0,08x38x10<\/td>\n<td data-rm-block-id=\"block-30\">125 rolos\/ctn<\/td>\n<\/tr>\n<tr>\n<td data-rm-block-id=\"block-31\">903UL<\/td>\n<td data-rm-block-id=\"block-32\">0,08x50x10<\/td>\n<td data-rm-block-id=\"block-33\">125 rolos\/ctn<\/td>\n<\/tr>\n<tr>\n<td data-rm-block-id=\"block-34\">903UL<\/td>\n<td data-rm-block-id=\"block-35\">0,08x100x10<\/td>\n<td data-rm-block-id=\"block-36\">50 rolos\/ctn<\/td>\n<\/tr>\n<tr>\n<td data-rm-block-id=\"block-37\">903UL<\/td>\n<td data-rm-block-id=\"block-38\">0,08x150x10<\/td>\n<td data-rm-block-id=\"block-39\">50 rolos\/ctn<\/td>\n<\/tr>\n<tr>\n<td data-rm-block-id=\"block-40\">903UL<\/td>\n<td data-rm-block-id=\"block-41\">0,08 x 300 x 10<\/td>\n<td data-rm-block-id=\"block-42\">25 rolos\/ctn<\/td>\n<\/tr>\n<tr>\n<td data-rm-block-id=\"block-43\"><\/td>\n<td data-rm-block-id=\"block-44\"><\/td>\n<td data-rm-block-id=\"block-45\"><\/td>\n<\/tr>\n<tr>\n<td data-rm-block-id=\"block-46\">903UL<\/td>\n<td data-rm-block-id=\"block-47\">0,18x19x10<\/td>\n<td data-rm-block-id=\"block-48\">250 rolos\/ctn<\/td>\n<\/tr>\n<tr>\n<td data-rm-block-id=\"block-49\">903UL<\/td>\n<td data-rm-block-id=\"block-50\">0,18x50x10<\/td>\n<td data-rm-block-id=\"block-51\">125 rolos\/ctn<\/td>\n<\/tr>\n<tr>\n<td data-rm-block-id=\"block-52\"><\/td>\n<td data-rm-block-id=\"block-53\"><\/td>\n<td data-rm-block-id=\"block-54\"><\/td>\n<\/tr>\n<tr>\n<td data-rm-block-id=\"block-55\">923S<\/td>\n<td data-rm-block-id=\"block-56\">0,10x38x33<\/td>\n<td data-rm-block-id=\"block-57\">70 rolos\/ctn<\/td>\n<\/tr>\n<tr>\n<td data-rm-block-id=\"block-58\">923S<\/td>\n<td data-rm-block-id=\"block-59\">0,10x50x33<\/td>\n<td data-rm-block-id=\"block-60\">60 rolos\/ctn<\/td>\n<\/tr>\n<tr>\n<td data-rm-block-id=\"block-61\"><\/td>\n<td data-rm-block-id=\"block-62\"><\/td>\n<td data-rm-block-id=\"block-63\"><\/td>\n<\/tr>\n<tr>\n<td data-rm-block-id=\"block-64\">973UL-S<\/td>\n<td data-rm-block-id=\"block-65\">0,13x13x10<\/td>\n<td data-rm-block-id=\"block-66\">250 rolos\/ctn<\/td>\n<\/tr>\n<tr>\n<td data-rm-block-id=\"block-67\">973UL-S<\/td>\n<td data-rm-block-id=\"block-68\">0,13x19x10<\/td>\n<td data-rm-block-id=\"block-69\">250 rolos\/ctn<\/td>\n<\/tr>\n<tr>\n<td data-rm-block-id=\"block-70\">973UL-S<\/td>\n<td data-rm-block-id=\"block-71\">0,13x25x10<\/td>\n<td data-rm-block-id=\"block-72\">250 rolos\/ctn<\/td>\n<\/tr>\n<tr>\n<td data-rm-block-id=\"block-73\">973UL-S<\/td>\n<td data-rm-block-id=\"block-74\">0,13x38x10<\/td>\n<td data-rm-block-id=\"block-75\">125 rolos\/ctn<\/td>\n<\/tr>\n<tr>\n<td data-rm-block-id=\"block-76\">973UL-S<\/td>\n<td data-rm-block-id=\"block-77\">0,13x50x10<\/td>\n<td data-rm-block-id=\"block-78\">125 rolos\/ctn<\/td>\n<\/tr>\n<tr>\n<td data-rm-block-id=\"block-79\">973UL-S<\/td>\n<td data-rm-block-id=\"block-80\">0,13x60x10<\/td>\n<td data-rm-block-id=\"block-81\">100 rolos\/ctn<\/td>\n<\/tr>\n<tr>\n<td data-rm-block-id=\"block-82\">973UL-S<\/td>\n<td data-rm-block-id=\"block-83\">0,13x300x10<\/td>\n<td data-rm-block-id=\"block-84\">25 rolos\/ctn<\/td>\n<\/tr>\n<tr>\n<td data-rm-block-id=\"block-85\">973UL-S<\/td>\n<td data-rm-block-id=\"block-86\">0,13x600x10<\/td>\n<td data-rm-block-id=\"block-87\">15 rolos\/ctn<\/td>\n<\/tr>\n<\/tbody>\n<\/table>\n<div data-rm-block-id=\"block-88\"><\/div>\n<div data-rm-block-id=\"block-89\">\n<div id=\"attachment_31122\" style=\"width: 460px\" class=\"wp-caption alignnone\"><img fetchpriority=\"high\" decoding=\"async\" aria-describedby=\"caption-attachment-31122\" class=\"Fita adesiva el\u00e9trica japonesa NITTO DENKO para m\u00e1quina de sacola pl\u00e1stica wp-image-31122\" title=\"Fita adesiva el\u00e9trica japonesa NITTO DENKO para m\u00e1quina de sacola pl\u00e1stica\" src=\"https:\/\/cortesolda.com.br\/por\/wp-content\/uploads\/2025\/03\/Fita-adesiva-eletrica-japonesa-NITTO-DENKO-para-maquina-de-sacola-plastica1-973UL-S.webp\" alt=\"Fita adesiva el\u00e9trica japonesa NITTO DENKO para m\u00e1quina de sacola pl\u00e1stica\" width=\"450\" height=\"447\" srcset=\"https:\/\/cortesolda.com.br\/por\/wp-content\/uploads\/2025\/03\/Fita-adesiva-eletrica-japonesa-NITTO-DENKO-para-maquina-de-sacola-plastica1-973UL-S.webp 794w, https:\/\/cortesolda.com.br\/por\/wp-content\/uploads\/2025\/03\/Fita-adesiva-eletrica-japonesa-NITTO-DENKO-para-maquina-de-sacola-plastica1-973UL-S-302x300.webp 302w, https:\/\/cortesolda.com.br\/por\/wp-content\/uploads\/2025\/03\/Fita-adesiva-eletrica-japonesa-NITTO-DENKO-para-maquina-de-sacola-plastica1-973UL-S-150x149.webp 150w, https:\/\/cortesolda.com.br\/por\/wp-content\/uploads\/2025\/03\/Fita-adesiva-eletrica-japonesa-NITTO-DENKO-para-maquina-de-sacola-plastica1-973UL-S-768x763.webp 768w, https:\/\/cortesolda.com.br\/por\/wp-content\/uploads\/2025\/03\/Fita-adesiva-eletrica-japonesa-NITTO-DENKO-para-maquina-de-sacola-plastica1-973UL-S-430x427.webp 430w, https:\/\/cortesolda.com.br\/por\/wp-content\/uploads\/2025\/03\/Fita-adesiva-eletrica-japonesa-NITTO-DENKO-para-maquina-de-sacola-plastica1-973UL-S-700x696.webp 700w\" sizes=\"(max-width: 450px) 100vw, 450px\" \/><p id=\"caption-attachment-31122\" class=\"wp-caption-text\">Fita adesiva el\u00e9trica japonesa NITTO DENKO para m\u00e1quina de sacola pl\u00e1stica<\/p><\/div>\n<div id=\"attachment_31121\" style=\"width: 460px\" class=\"wp-caption alignnone\"><img decoding=\"async\" aria-describedby=\"caption-attachment-31121\" class=\"Fita adesiva el\u00e9trica japonesa NITTO DENKO para m\u00e1quina de sacola pl\u00e1stica wp-image-31121\" title=\"Fita adesiva el\u00e9trica japonesa NITTO DENKO para m\u00e1quina de sacola pl\u00e1stica\" src=\"https:\/\/cortesolda.com.br\/por\/wp-content\/uploads\/2025\/03\/Fita-adesiva-eletrica-japonesa-NITTO-DENKO-para-maquina-de-sacola-plastica-1.webp\" alt=\"Fita adesiva el\u00e9trica japonesa NITTO DENKO para m\u00e1quina de sacola pl\u00e1stica\" width=\"450\" height=\"450\" srcset=\"https:\/\/cortesolda.com.br\/por\/wp-content\/uploads\/2025\/03\/Fita-adesiva-eletrica-japonesa-NITTO-DENKO-para-maquina-de-sacola-plastica-1.webp 500w, https:\/\/cortesolda.com.br\/por\/wp-content\/uploads\/2025\/03\/Fita-adesiva-eletrica-japonesa-NITTO-DENKO-para-maquina-de-sacola-plastica-1-300x300.webp 300w, https:\/\/cortesolda.com.br\/por\/wp-content\/uploads\/2025\/03\/Fita-adesiva-eletrica-japonesa-NITTO-DENKO-para-maquina-de-sacola-plastica-1-150x150.webp 150w, https:\/\/cortesolda.com.br\/por\/wp-content\/uploads\/2025\/03\/Fita-adesiva-eletrica-japonesa-NITTO-DENKO-para-maquina-de-sacola-plastica-1-430x430.webp 430w\" sizes=\"(max-width: 450px) 100vw, 450px\" \/><p id=\"caption-attachment-31121\" class=\"wp-caption-text\">Fita adesiva el\u00e9trica japonesa NITTO DENKO para m\u00e1quina de sacola pl\u00e1stica<\/p><\/div>\n<div id=\"attachment_31120\" style=\"width: 460px\" class=\"wp-caption alignnone\"><img decoding=\"async\" aria-describedby=\"caption-attachment-31120\" class=\"Fita adesiva el\u00e9trica japonesa NITTO DENKO para m\u00e1quina de sacola pl\u00e1stica wp-image-31120\" title=\"Fita adesiva el\u00e9trica japonesa NITTO DENKO para m\u00e1quina de sacola pl\u00e1stica\" src=\"https:\/\/cortesolda.com.br\/por\/wp-content\/uploads\/2025\/03\/Fita-adesiva-eletrica-japonesa-NITTO-DENKO-para-maquina-de-sacola-plastica-Tape973UL.webp\" alt=\"Fita adesiva el\u00e9trica japonesa NITTO DENKO para m\u00e1quina de sacola pl\u00e1stica\" width=\"450\" height=\"449\" srcset=\"https:\/\/cortesolda.com.br\/por\/wp-content\/uploads\/2025\/03\/Fita-adesiva-eletrica-japonesa-NITTO-DENKO-para-maquina-de-sacola-plastica-Tape973UL.webp 795w, https:\/\/cortesolda.com.br\/por\/wp-content\/uploads\/2025\/03\/Fita-adesiva-eletrica-japonesa-NITTO-DENKO-para-maquina-de-sacola-plastica-Tape973UL-301x300.webp 301w, https:\/\/cortesolda.com.br\/por\/wp-content\/uploads\/2025\/03\/Fita-adesiva-eletrica-japonesa-NITTO-DENKO-para-maquina-de-sacola-plastica-Tape973UL-150x150.webp 150w, https:\/\/cortesolda.com.br\/por\/wp-content\/uploads\/2025\/03\/Fita-adesiva-eletrica-japonesa-NITTO-DENKO-para-maquina-de-sacola-plastica-Tape973UL-768x766.webp 768w, https:\/\/cortesolda.com.br\/por\/wp-content\/uploads\/2025\/03\/Fita-adesiva-eletrica-japonesa-NITTO-DENKO-para-maquina-de-sacola-plastica-Tape973UL-430x429.webp 430w, https:\/\/cortesolda.com.br\/por\/wp-content\/uploads\/2025\/03\/Fita-adesiva-eletrica-japonesa-NITTO-DENKO-para-maquina-de-sacola-plastica-Tape973UL-700x698.webp 700w\" sizes=\"(max-width: 450px) 100vw, 450px\" \/><p id=\"caption-attachment-31120\" class=\"wp-caption-text\">Fita adesiva el\u00e9trica japonesa NITTO DENKO para m\u00e1quina de sacola pl\u00e1stica<\/p><\/div>\n<div id=\"attachment_31119\" style=\"width: 460px\" class=\"wp-caption alignnone\"><img loading=\"lazy\" decoding=\"async\" aria-describedby=\"caption-attachment-31119\" class=\"Fita adesiva el\u00e9trica japonesa NITTO DENKO para m\u00e1quina de sacola pl\u00e1stica wp-image-31119\" title=\"Fita adesiva el\u00e9trica japonesa NITTO DENKO para m\u00e1quina de sacola pl\u00e1stica\" src=\"https:\/\/cortesolda.com.br\/por\/wp-content\/uploads\/2025\/03\/Fita-adesiva-eletrica-japonesa-NITTO-DENKO-para-maquina-de-sacola-plastica-973UL.webp\" alt=\"Fita adesiva el\u00e9trica japonesa NITTO DENKO para m\u00e1quina de sacola pl\u00e1stica\" width=\"450\" height=\"447\" srcset=\"https:\/\/cortesolda.com.br\/por\/wp-content\/uploads\/2025\/03\/Fita-adesiva-eletrica-japonesa-NITTO-DENKO-para-maquina-de-sacola-plastica-973UL.webp 791w, https:\/\/cortesolda.com.br\/por\/wp-content\/uploads\/2025\/03\/Fita-adesiva-eletrica-japonesa-NITTO-DENKO-para-maquina-de-sacola-plastica-973UL-302x300.webp 302w, https:\/\/cortesolda.com.br\/por\/wp-content\/uploads\/2025\/03\/Fita-adesiva-eletrica-japonesa-NITTO-DENKO-para-maquina-de-sacola-plastica-973UL-150x149.webp 150w, https:\/\/cortesolda.com.br\/por\/wp-content\/uploads\/2025\/03\/Fita-adesiva-eletrica-japonesa-NITTO-DENKO-para-maquina-de-sacola-plastica-973UL-768x763.webp 768w, https:\/\/cortesolda.com.br\/por\/wp-content\/uploads\/2025\/03\/Fita-adesiva-eletrica-japonesa-NITTO-DENKO-para-maquina-de-sacola-plastica-973UL-430x427.webp 430w, https:\/\/cortesolda.com.br\/por\/wp-content\/uploads\/2025\/03\/Fita-adesiva-eletrica-japonesa-NITTO-DENKO-para-maquina-de-sacola-plastica-973UL-700x696.webp 700w\" sizes=\"(max-width: 450px) 100vw, 450px\" \/><p id=\"caption-attachment-31119\" class=\"wp-caption-text\">Fita adesiva el\u00e9trica japonesa NITTO DENKO para m\u00e1quina de sacola pl\u00e1stica<\/p><\/div>\n<\/div>\n<\/div>\n<\/div>\n<\/div>\n<\/div>\n","protected":false},"excerpt":{"rendered":"<p>Fita adesiva el\u00e9tric<\/p>\n","protected":false},"featured_media":30269,"comment_status":"closed","ping_status":"closed","template":"","meta":{"_acf_changed":false,"_oss_video_url":""},"product_brand":[],"product_cat":[20],"product_tag":[],"class_list":{"0":"post-30268","1":"product","2":"type-product","3":"status-publish","4":"has-post-thumbnail","6":"product_cat-pecas-de-corte-e-solda","8":"first","9":"instock","10":"shipping-taxable","11":"product-type-simple"},"acf":[],"_links":{"self":[{"href":"https:\/\/cortesolda.com.br\/por\/wp-json\/wp\/v2\/product\/30268","targetHints":{"allow":["GET"]}}],"collection":[{"href":"https:\/\/cortesolda.com.br\/por\/wp-json\/wp\/v2\/product"}],"about":[{"href":"https:\/\/cortesolda.com.br\/por\/wp-json\/wp\/v2\/types\/product"}],"replies":[{"embeddable":true,"href":"https:\/\/cortesolda.com.br\/por\/wp-json\/wp\/v2\/comments?post=30268"}],"version-history":[{"count":0,"href":"https:\/\/cortesolda.com.br\/por\/wp-json\/wp\/v2\/product\/30268\/revisions"}],"wp:featuredmedia":[{"embeddable":true,"href":"https:\/\/cortesolda.com.br\/por\/wp-json\/wp\/v2\/media\/30269"}],"wp:attachment":[{"href":"https:\/\/cortesolda.com.br\/por\/wp-json\/wp\/v2\/media?parent=30268"}],"wp:term":[{"taxonomy":"product_brand","embeddable":true,"href":"https:\/\/cortesolda.com.br\/por\/wp-json\/wp\/v2\/product_brand?post=30268"},{"taxonomy":"product_cat","embeddable":true,"href":"https:\/\/cortesolda.com.br\/por\/wp-json\/wp\/v2\/product_cat?post=30268"},{"taxonomy":"product_tag","embeddable":true,"href":"https:\/\/cortesolda.com.br\/por\/wp-json\/wp\/v2\/product_tag?post=30268"}],"curies":[{"name":"wp","href":"https:\/\/api.w.org\/{rel}","templated":true}]}}