{"id":30294,"date":"2025-03-28T21:08:52","date_gmt":"2025-03-28T13:08:52","guid":{"rendered":"https:\/\/hotpink-lyrebird-701956.hostingersite.com\/?post_type=product&#038;p=30294"},"modified":"2025-07-08T14:22:26","modified_gmt":"2025-07-08T06:22:26","slug":"driver-de-motor-hb-b3hl-para-maquina-de-sacola-plastica","status":"publish","type":"product","link":"https:\/\/cortesolda.com.br\/por\/driver-de-motor-hb-b3hl-para-maquina-de-sacola-plastica","title":{"rendered":"Driver de motor HB-B3HL para m\u00e1quina de sacola pl\u00e1stica"},"content":{"rendered":"<div id=\"tab-desc\" class=\"tab-pane active\" role=\"tabpanel\">\n<div class=\"product-tab-desc\">\n<div data-rm-block-id=\"block-1\">HB-B3HL, HB-B3C Motor Driver para m\u00e1quina de saco pl\u00e1stico, m\u00e1quina de selagem lateral, m\u00e1quina de selagem inferior, m\u00e1quina de saco de papel, m\u00e1quina de saco pl\u00e1stico biodegrad\u00e1vel.<\/div>\n<div>\n<p data-rm-block-id=\"block-2\"><strong data-spm-anchor-id=\"a2g0o.detail.1000023.i4.754e13e0HNYH9o\">Driver de motor de passo trif\u00e1sico HB-B3HL para m\u00e1quina de fabrica\u00e7\u00e3o de sacos<\/strong><\/p>\n<p data-rm-block-id=\"block-3\"><strong data-spm-anchor-id=\"a2g0o.detail.1000023.i4.754e13e0HNYH9o\">(HB-B3HL substitui o design antigo HB-B3C HB-B3CE)<\/strong><\/p>\n<p data-spm-anchor-id=\"a2g0o.detail.1000023.i3.754e13e0HNYH9o\" data-rm-block-id=\"block-4\">O driver HB-B3HL adiciona o m\u00f3dulo importado original.Pode ser de corte de alta velocidade.Driver de corrente constante, bom desempenho de anti-interfer\u00eancia;sinal de controle e sinal interno, realiza isolamento optoeletr\u00f4nico, tem a fun\u00e7\u00e3o de auto-prote\u00e7\u00e3o quando \u00e9 sobrecorrente, sobretens\u00e3o, superaquecimento, etc.Opere de forma constante, boa confiabilidade, corrente de sa\u00edda pode chegar a 11A, fa\u00e7a a sa\u00edda do motor mais alta pot\u00eancia e torque,<strong>eu<\/strong>s a atualiza\u00e7\u00e3o do modelo antigo n\u00ba HB-B3CE, a fun\u00e7\u00e3o e a fia\u00e7\u00e3o s\u00e3o as mesmas do modelo n\u00ba HB-B3CE.Para que o driver de motor de passo HB-B3HL possa substituir o driver de motor de passo HB-B3CE.<strong>\u00a0<\/strong><\/p>\n<p data-spm-anchor-id=\"a2g0o.detail.1000023.i3.754e13e0HNYH9o\" data-rm-block-id=\"block-5\"><strong>1. Fonte de alimenta\u00e7\u00e3o: AC220V<br \/>\n2. A corrente m\u00e1xima por unidade de fase configurada de acordo com a distribui\u00e7\u00e3o do motor<br \/>\n3. Modo de controle de corrente do servo motor AC, sa\u00edda de corrente precisa, com controle de onda senoidal de sa\u00edda de banda completa, o desempenho de funcionamento do motor de passo pr\u00f3ximo ao servo motor AC.<br \/>\n4. Depend\u00eancia m\u00ednima do desempenho do drive no motor, o motor pode ter par\u00e2metros diferentes para obter excelente desempenho<br \/>\n5. A subdivis\u00e3o com uma variedade de requisitos especiais de subdivis\u00e3o pode ser personalizada<br \/>\n6. Tenha um sinal de controle offline (GRATUITO) (entrada WF)<\/strong><\/p>\n<p data-rm-block-id=\"block-6\"><strong>Ajuste do \u00e2ngulo de torque do passo<\/strong><\/p>\n<table style=\"height: 304px;\" border=\"1\" width=\"1426\" cellspacing=\"0\" cellpadding=\"0\">\n<tbody>\n<tr>\n<td>\n<p align=\"center\" data-rm-block-id=\"block-7\"><strong>Torque<\/strong><\/p>\n<p align=\"center\" data-rm-block-id=\"block-8\"><strong>Corre<\/strong><strong>\u00a0<\/strong><\/p>\n<\/td>\n<td>\n<p align=\"center\" data-rm-block-id=\"block-9\"><strong>400<\/strong><strong>\u00a0<\/strong><\/p>\n<\/td>\n<td>\n<p align=\"center\" data-rm-block-id=\"block-10\"><strong>500<\/strong><strong>\u00a0<\/strong><\/p>\n<\/td>\n<td>\n<p align=\"center\" data-rm-block-id=\"block-11\"><strong>600<\/strong><strong>\u00a0<\/strong><\/p>\n<\/td>\n<td>\n<p align=\"center\" data-rm-block-id=\"block-12\"><strong>800<\/strong><strong>\u00a0<\/strong><\/p>\n<\/td>\n<td>\n<p align=\"center\" data-rm-block-id=\"block-13\"><strong>1000<\/strong><strong>\u00a0<\/strong><\/p>\n<\/td>\n<td>\n<p align=\"center\" data-rm-block-id=\"block-14\"><strong>1200<\/strong><strong>\u00a0<\/strong><\/p>\n<\/td>\n<td>\n<p align=\"center\" data-rm-block-id=\"block-15\"><strong>1500<\/strong><strong>\u00a0<\/strong><\/p>\n<\/td>\n<td>\n<p align=\"center\" data-rm-block-id=\"block-16\"><strong>2000<\/strong><strong>\u00a0<\/strong><\/p>\n<\/td>\n<td>\n<p align=\"center\" data-rm-block-id=\"block-17\"><strong>2400<\/strong><strong>\u00a0<\/strong><\/p>\n<\/td>\n<td>\n<p align=\"center\" data-rm-block-id=\"block-18\"><strong>3000<\/strong><strong>\u00a0<\/strong><\/p>\n<\/td>\n<td>\n<p align=\"center\" data-rm-block-id=\"block-19\"><strong>4000<\/strong><strong>\u00a0<\/strong><\/p>\n<\/td>\n<td>\n<p align=\"center\" data-rm-block-id=\"block-20\"><strong>6000<\/strong><strong>\u00a0<\/strong><\/p>\n<\/td>\n<td>\n<p align=\"center\" data-rm-block-id=\"block-21\"><strong>12.000<\/strong><strong>\u00a0<\/strong><\/p>\n<\/td>\n<\/tr>\n<tr>\n<td>\n<p align=\"center\" data-rm-block-id=\"block-22\"><strong>ASSIM<\/strong><strong>\u00a0<\/strong><\/p>\n<\/td>\n<td>\n<p align=\"center\" data-rm-block-id=\"block-23\"><strong>DESLIGADO<\/strong><strong>\u00a0<\/strong><\/p>\n<\/td>\n<td>\n<p align=\"center\" data-rm-block-id=\"block-24\"><strong>DESLIGADO<\/strong><strong>\u00a0<\/strong><\/p>\n<\/td>\n<td>\n<p align=\"center\" data-rm-block-id=\"block-25\"><strong>DESLIGADO<\/strong><strong>\u00a0<\/strong><\/p>\n<\/td>\n<td>\n<p align=\"center\" data-rm-block-id=\"block-26\"><strong>DESLIGADO<\/strong><strong>\u00a0<\/strong><\/p>\n<\/td>\n<td>\n<p align=\"center\" data-rm-block-id=\"block-27\"><strong>DESLIGADO<\/strong><strong>\u00a0<\/strong><\/p>\n<\/td>\n<td>\n<p align=\"center\" data-rm-block-id=\"block-28\"><strong>SOBRE<\/strong><strong>\u00a0<\/strong><\/p>\n<\/td>\n<td>\n<p align=\"center\" data-rm-block-id=\"block-29\"><strong>SOBRE<\/strong><strong>\u00a0<\/strong><\/p>\n<\/td>\n<td>\n<p align=\"center\" data-rm-block-id=\"block-30\"><strong>SOBRE<\/strong><strong>\u00a0<\/strong><\/p>\n<\/td>\n<td>\n<p align=\"center\" data-rm-block-id=\"block-31\"><strong>SOBRE<\/strong><strong>\u00a0<\/strong><\/p>\n<\/td>\n<td>\n<p align=\"center\" data-rm-block-id=\"block-32\"><strong>SOBRE<\/strong><strong>\u00a0<\/strong><\/p>\n<\/td>\n<td>\n<p align=\"center\" data-rm-block-id=\"block-33\"><strong>SOBRE<\/strong><strong>\u00a0<\/strong><\/p>\n<\/td>\n<td>\n<p align=\"center\" data-rm-block-id=\"block-34\"><strong>SOBRE<\/strong><strong>\u00a0<\/strong><\/p>\n<\/td>\n<td>\n<p align=\"center\" data-rm-block-id=\"block-35\"><strong>SOBRE<\/strong><strong>\u00a0<\/strong><\/p>\n<\/td>\n<\/tr>\n<tr>\n<td>\n<p align=\"center\" data-rm-block-id=\"block-36\"><strong>S1<\/strong><strong>\u00a0<\/strong><\/p>\n<\/td>\n<td>\n<p align=\"center\" data-rm-block-id=\"block-37\"><strong>DESLIGADO<\/strong><strong>\u00a0<\/strong><\/p>\n<\/td>\n<td>\n<p align=\"center\" data-rm-block-id=\"block-38\"><strong>SOBRE<\/strong><strong>\u00a0<\/strong><\/p>\n<\/td>\n<td>\n<p align=\"center\" data-rm-block-id=\"block-39\"><strong>SOBRE<\/strong><strong>\u00a0<\/strong><\/p>\n<\/td>\n<td>\n<p align=\"center\" data-rm-block-id=\"block-40\"><strong data-spm-anchor-id=\"a2g0o.detail.1000023.i2.754e13e0HNYH9o\">SOBRE<\/strong><strong>\u00a0<\/strong><\/p>\n<\/td>\n<td>\n<p align=\"center\" data-rm-block-id=\"block-41\"><strong>SOBRE<\/strong><strong>\u00a0<\/strong><\/p>\n<\/td>\n<td>\n<p align=\"center\" data-rm-block-id=\"block-42\"><strong>DESLIGADO<\/strong><strong>\u00a0<\/strong><\/p>\n<\/td>\n<td>\n<p align=\"center\" data-rm-block-id=\"block-43\"><strong>DESLIGADO<\/strong><strong>\u00a0<\/strong><\/p>\n<\/td>\n<td>\n<p align=\"center\" data-rm-block-id=\"block-44\"><strong>DESLIGADO<\/strong><strong>\u00a0<\/strong><\/p>\n<\/td>\n<td>\n<p align=\"center\" data-rm-block-id=\"block-45\"><strong>DESLIGADO<\/strong><strong>\u00a0<\/strong><\/p>\n<\/td>\n<td>\n<p align=\"center\" data-rm-block-id=\"block-46\"><strong>SOBRE<\/strong><strong>\u00a0<\/strong><\/p>\n<\/td>\n<td>\n<p align=\"center\" data-rm-block-id=\"block-47\"><strong>SOBRE<\/strong><strong>\u00a0<\/strong><\/p>\n<\/td>\n<td>\n<p align=\"center\" data-rm-block-id=\"block-48\"><strong>SOBRE<\/strong><strong>\u00a0<\/strong><\/p>\n<\/td>\n<td>\n<p align=\"center\" data-rm-block-id=\"block-49\"><strong>SOBRE<\/strong><strong>\u00a0<\/strong><\/p>\n<\/td>\n<\/tr>\n<tr>\n<td>\n<p align=\"center\" data-rm-block-id=\"block-50\"><strong>S2<\/strong><strong>\u00a0<\/strong><\/p>\n<\/td>\n<td>\n<p align=\"center\" data-rm-block-id=\"block-51\"><strong>DESLIGADO<\/strong><strong>\u00a0<\/strong><\/p>\n<\/td>\n<td>\n<p align=\"center\" data-rm-block-id=\"block-52\"><strong>DESLIGADO<\/strong><strong>\u00a0<\/strong><\/p>\n<\/td>\n<td>\n<p align=\"center\" data-rm-block-id=\"block-53\"><strong>DESLIGADO<\/strong><strong>\u00a0<\/strong><\/p>\n<\/td>\n<td>\n<p align=\"center\" data-rm-block-id=\"block-54\"><strong>SOBRE<\/strong><strong>\u00a0<\/strong><\/p>\n<\/td>\n<td>\n<p align=\"center\" data-rm-block-id=\"block-55\"><strong>SOBRE<\/strong><strong>\u00a0<\/strong><\/p>\n<\/td>\n<td>\n<p align=\"center\" data-rm-block-id=\"block-56\"><strong>DESLIGADO<\/strong><strong>\u00a0<\/strong><\/p>\n<\/td>\n<td>\n<p align=\"center\" data-rm-block-id=\"block-57\"><strong>DESLIGADO<\/strong><strong>\u00a0<\/strong><\/p>\n<\/td>\n<td>\n<p align=\"center\" data-rm-block-id=\"block-58\"><strong>SOBRE<\/strong><strong>\u00a0<\/strong><\/p>\n<\/td>\n<td>\n<p align=\"center\" data-rm-block-id=\"block-59\"><strong>SOBRE<\/strong><strong>\u00a0<\/strong><\/p>\n<\/td>\n<td>\n<p align=\"center\" data-rm-block-id=\"block-60\"><strong>DESLIGADO<\/strong><strong>\u00a0<\/strong><\/p>\n<\/td>\n<td>\n<p align=\"center\" data-rm-block-id=\"block-61\"><strong>DESLIGADO<\/strong><strong>\u00a0<\/strong><\/p>\n<\/td>\n<td>\n<p align=\"center\" data-rm-block-id=\"block-62\"><strong>SOBRE<\/strong><strong>\u00a0<\/strong><\/p>\n<\/td>\n<td>\n<p align=\"center\" data-rm-block-id=\"block-63\"><strong>SOBRE<\/strong><strong>\u00a0<\/strong><\/p>\n<\/td>\n<\/tr>\n<tr>\n<td>\n<p align=\"center\" data-rm-block-id=\"block-64\"><strong>S3<\/strong><strong>\u00a0<\/strong><\/p>\n<\/td>\n<td>\n<p align=\"center\" data-rm-block-id=\"block-65\"><strong>DESLIGADO<\/strong><strong>\u00a0<\/strong><\/p>\n<\/td>\n<td>\n<p align=\"center\" data-rm-block-id=\"block-66\"><strong>DESLIGADO<\/strong><strong>\u00a0<\/strong><\/p>\n<\/td>\n<td>\n<p align=\"center\" data-rm-block-id=\"block-67\"><strong>SOBRE<\/strong><strong>\u00a0<\/strong><\/p>\n<\/td>\n<td>\n<p align=\"center\" data-rm-block-id=\"block-68\"><strong>DESLIGADO<\/strong><strong>\u00a0<\/strong><\/p>\n<\/td>\n<td>\n<p align=\"center\" data-rm-block-id=\"block-69\"><strong>SOBRE<\/strong><strong>\u00a0<\/strong><\/p>\n<\/td>\n<td>\n<p align=\"center\" data-rm-block-id=\"block-70\"><strong>DESLIGADO<\/strong><strong>\u00a0<\/strong><\/p>\n<\/td>\n<td>\n<p align=\"center\" data-rm-block-id=\"block-71\"><strong>SOBRE<\/strong><strong>\u00a0<\/strong><\/p>\n<\/td>\n<td>\n<p align=\"center\" data-rm-block-id=\"block-72\"><strong>DESLIGADO<\/strong><strong>\u00a0<\/strong><\/p>\n<\/td>\n<td>\n<p align=\"center\" data-rm-block-id=\"block-73\"><strong>SOBRE<\/strong><strong>\u00a0<\/strong><\/p>\n<\/td>\n<td>\n<p align=\"center\" data-rm-block-id=\"block-74\"><strong>DESLIGADO<\/strong><strong>\u00a0<\/strong><\/p>\n<\/td>\n<td>\n<p align=\"center\" data-rm-block-id=\"block-75\"><strong>DESLIGADO<\/strong><strong>\u00a0<\/strong><\/p>\n<\/td>\n<td>\n<p align=\"center\" data-rm-block-id=\"block-76\"><strong>DESLIGADO<\/strong><strong>\u00a0<\/strong><\/p>\n<\/td>\n<td>\n<p align=\"center\" data-rm-block-id=\"block-77\"><strong>SOBRE<\/strong><strong>\u00a0<\/strong><\/p>\n<\/td>\n<\/tr>\n<\/tbody>\n<\/table>\n<p data-rm-block-id=\"block-78\"><strong>Configura\u00e7\u00e3o atual da frase:<\/strong><\/p>\n<table border=\"1\" cellspacing=\"0\" cellpadding=\"0\">\n<tbody>\n<tr>\n<td>\n<p align=\"center\" data-rm-block-id=\"block-79\"><strong>Frase<\/strong><\/p>\n<p align=\"center\" data-rm-block-id=\"block-80\"><strong>Atual<\/strong><strong>\u00a0<\/strong><\/p>\n<\/td>\n<td>\n<p align=\"center\" data-rm-block-id=\"block-81\"><strong>5A<\/strong><strong>\u00a0<\/strong><\/p>\n<\/td>\n<td>\n<p align=\"center\" data-rm-block-id=\"block-82\"><strong>6A<\/strong><strong>\u00a0<\/strong><\/p>\n<\/td>\n<td>\n<p align=\"center\" data-rm-block-id=\"block-83\"><strong>10A<\/strong><strong>\u00a0<\/strong><\/p>\n<\/td>\n<td>\n<p align=\"center\" data-rm-block-id=\"block-84\"><strong>11A<\/strong><strong>\u00a0<\/strong><\/p>\n<\/td>\n<\/tr>\n<tr>\n<td>\n<p align=\"center\" data-rm-block-id=\"block-85\"><strong>I1<\/strong><strong>\u00a0<\/strong><\/p>\n<\/td>\n<td>\n<p align=\"center\" data-rm-block-id=\"block-86\"><strong>DESLIGADO<\/strong><strong>\u00a0<\/strong><\/p>\n<\/td>\n<td>\n<p align=\"center\" data-rm-block-id=\"block-87\"><strong>DESLIGADO<\/strong><strong>\u00a0<\/strong><\/p>\n<\/td>\n<td>\n<p align=\"center\" data-rm-block-id=\"block-88\"><strong>SOBRE<\/strong><strong>\u00a0<\/strong><\/p>\n<\/td>\n<td>\n<p align=\"center\" data-rm-block-id=\"block-89\"><strong>SOBRE<\/strong><strong>\u00a0<\/strong><\/p>\n<\/td>\n<\/tr>\n<tr>\n<td>\n<p align=\"center\" data-rm-block-id=\"block-90\"><strong>I2<\/strong><strong>\u00a0<\/strong><\/p>\n<\/td>\n<td>\n<p align=\"center\" data-rm-block-id=\"block-91\"><strong>DESLIGADO<\/strong><strong>\u00a0<\/strong><\/p>\n<\/td>\n<td>\n<p align=\"center\" data-rm-block-id=\"block-92\"><strong>SOBRE<\/strong><strong>\u00a0<\/strong><\/p>\n<\/td>\n<td>\n<p align=\"center\" data-rm-block-id=\"block-93\"><strong>DESLIGADO<\/strong><strong>\u00a0<\/strong><\/p>\n<\/td>\n<td>\n<p align=\"center\" data-rm-block-id=\"block-94\"><strong>SOBRE<\/strong><strong>\u00a0<\/strong><\/p>\n<\/td>\n<\/tr>\n<\/tbody>\n<\/table>\n<p data-rm-block-id=\"block-95\"><strong data-spm-anchor-id=\"a2g0o.detail.1000023.i0.754e13e0HNYH9o\">Caracter\u00edstica do produto :<\/strong><\/p>\n<p data-rm-block-id=\"block-96\">Limitando a resist\u00eancia interna do acoplador do sinal de entrada 1K, o terminal comum do sinal<\/p>\n<p data-spm-anchor-id=\"a2g0o.detail.1000023.i1.754e13e0HNYH9o\" data-rm-block-id=\"block-97\">Acesso direto a 12 v, 24 v cada sinal para ser resistor de 1 k em s\u00e9rie, o requisito atual<\/p>\n<p data-rm-block-id=\"block-98\">Do sistema n\u00e3o \u00e9 inferior ao pull-8MA, a sa\u00edda de alarme \u00e9 coletor aberto e emissor,<\/p>\n<p data-rm-block-id=\"block-99\"><strong>Conex\u00e3o de fia\u00e7\u00e3o:<\/strong><\/p>\n<table border=\"1\" cellspacing=\"0\" cellpadding=\"0\">\n<tbody>\n<tr>\n<td colspan=\"2\">\n<p align=\"left\" data-rm-block-id=\"block-100\"><strong>Acionamento de motor de passo h\u00edbrido trif\u00e1sico<\/strong><strong>\u00a0<\/strong><\/p>\n<\/td>\n<\/tr>\n<tr>\n<td>\n<p align=\"center\" data-rm-block-id=\"block-101\"><strong>UMA<\/strong><strong>Conectar a<\/strong><strong>UMA<\/strong><strong>\u00a0<\/strong><\/p>\n<\/td>\n<td>\n<p align=\"center\" data-rm-block-id=\"block-102\"><strong>UMA<\/strong><strong>\u2192Motor de passo<\/strong><strong>1<\/strong><strong>essencial<\/strong><strong>\u00a0<\/strong><\/p>\n<\/td>\n<\/tr>\n<tr>\n<td>\n<p align=\"center\" data-rm-block-id=\"block-103\"><strong>B<\/strong><strong>Conectar a<\/strong><strong>B<\/strong><strong>\u00a0<\/strong><\/p>\n<\/td>\n<td>\n<p align=\"center\" data-rm-block-id=\"block-104\"><strong>B<\/strong><strong>\u2192Motor de passo<\/strong><strong>3<\/strong><strong>essencial<\/strong><strong>\u00a0<\/strong><\/p>\n<\/td>\n<\/tr>\n<tr>\n<td>\n<p align=\"center\" data-rm-block-id=\"block-105\"><strong>C<\/strong><strong>Conectar a<\/strong><strong>C<\/strong><strong>\u00a0<\/strong><\/p>\n<\/td>\n<td>\n<p align=\"center\" data-rm-block-id=\"block-106\"><strong>C<\/strong><strong>\u2192Motor de passo<\/strong><strong>5<\/strong><strong>essencial<\/strong><strong>\u00a0<\/strong><\/p>\n<\/td>\n<\/tr>\n<tr>\n<td>\n<p align=\"center\" data-rm-block-id=\"block-107\"><strong>Aterramento<\/strong><\/p>\n<\/td>\n<td>\n<p align=\"center\" data-rm-block-id=\"block-108\"><strong>NC<\/strong><strong>\u2192Aterramento<\/strong><\/p>\n<\/td>\n<\/tr>\n<tr>\n<td rowspan=\"2\">\n<p align=\"center\" data-rm-block-id=\"block-109\"><strong>Entrada de energia<\/strong><\/p>\n<p align=\"center\" data-rm-block-id=\"block-110\"><strong>CA<\/strong><strong>:<\/strong><strong>165V-235V\/50HZ<\/strong><\/p>\n<\/td>\n<td>\n<p align=\"center\" data-rm-block-id=\"block-111\"><strong>eu<\/strong><strong>\u2192<\/strong><strong>220V<\/strong><strong>(Fio vivo)<\/strong><\/p>\n<\/td>\n<\/tr>\n<tr>\n<td>\n<p align=\"center\" data-rm-block-id=\"block-112\"><strong>N<\/strong><strong>\u2192<\/strong><strong>220V<\/strong><strong>(Fio neutro)<\/strong><\/p>\n<\/td>\n<\/tr>\n<\/tbody>\n<\/table>\n<div data-rm-block-id=\"block-113\"><\/div>\n<div data-rm-block-id=\"block-114\">\n<div id=\"attachment_31102\" style=\"width: 460px\" class=\"wp-caption alignnone\"><img fetchpriority=\"high\" decoding=\"async\" aria-describedby=\"caption-attachment-31102\" class=\"Driver de motor HB-B3HL para m\u00e1quina de sacola pl\u00e1stica wp-image-31102\" title=\"Driver de motor HB-B3HL para m\u00e1quina de sacola pl\u00e1stica\" src=\"https:\/\/cortesolda.com.br\/por\/wp-content\/uploads\/2025\/03\/Driver-de-motor-HB-B3HL-para-maquina-de-sacola-plastica.webp\" alt=\"Driver de motor HB-B3HL para m\u00e1quina de sacola pl\u00e1stica\" width=\"450\" height=\"450\" srcset=\"https:\/\/cortesolda.com.br\/por\/wp-content\/uploads\/2025\/03\/Driver-de-motor-HB-B3HL-para-maquina-de-sacola-plastica.webp 800w, https:\/\/cortesolda.com.br\/por\/wp-content\/uploads\/2025\/03\/Driver-de-motor-HB-B3HL-para-maquina-de-sacola-plastica-300x300.webp 300w, https:\/\/cortesolda.com.br\/por\/wp-content\/uploads\/2025\/03\/Driver-de-motor-HB-B3HL-para-maquina-de-sacola-plastica-150x150.webp 150w, https:\/\/cortesolda.com.br\/por\/wp-content\/uploads\/2025\/03\/Driver-de-motor-HB-B3HL-para-maquina-de-sacola-plastica-768x768.webp 768w, https:\/\/cortesolda.com.br\/por\/wp-content\/uploads\/2025\/03\/Driver-de-motor-HB-B3HL-para-maquina-de-sacola-plastica-430x430.webp 430w, https:\/\/cortesolda.com.br\/por\/wp-content\/uploads\/2025\/03\/Driver-de-motor-HB-B3HL-para-maquina-de-sacola-plastica-700x700.webp 700w\" sizes=\"(max-width: 450px) 100vw, 450px\" \/><p id=\"caption-attachment-31102\" class=\"wp-caption-text\">Driver de motor HB-B3HL para m\u00e1quina de sacola pl\u00e1stica<\/p><\/div>\n<div id=\"attachment_31103\" style=\"width: 460px\" class=\"wp-caption alignnone\"><img decoding=\"async\" aria-describedby=\"caption-attachment-31103\" class=\"Driver de motor HB-B3HL para m\u00e1quina de sacola pl\u00e1stica wp-image-31103\" title=\"Driver de motor HB-B3HL para m\u00e1quina de sacola pl\u00e1stica\" src=\"https:\/\/cortesolda.com.br\/por\/wp-content\/uploads\/2025\/03\/Driver-de-motor-HB-B3HL-para-maquina-de-sacola-plastica-1.webp\" alt=\"Driver de motor HB-B3HL para m\u00e1quina de sacola pl\u00e1stica\" width=\"450\" height=\"450\" srcset=\"https:\/\/cortesolda.com.br\/por\/wp-content\/uploads\/2025\/03\/Driver-de-motor-HB-B3HL-para-maquina-de-sacola-plastica-1.webp 800w, https:\/\/cortesolda.com.br\/por\/wp-content\/uploads\/2025\/03\/Driver-de-motor-HB-B3HL-para-maquina-de-sacola-plastica-1-300x300.webp 300w, https:\/\/cortesolda.com.br\/por\/wp-content\/uploads\/2025\/03\/Driver-de-motor-HB-B3HL-para-maquina-de-sacola-plastica-1-150x150.webp 150w, https:\/\/cortesolda.com.br\/por\/wp-content\/uploads\/2025\/03\/Driver-de-motor-HB-B3HL-para-maquina-de-sacola-plastica-1-768x768.webp 768w, https:\/\/cortesolda.com.br\/por\/wp-content\/uploads\/2025\/03\/Driver-de-motor-HB-B3HL-para-maquina-de-sacola-plastica-1-430x430.webp 430w, https:\/\/cortesolda.com.br\/por\/wp-content\/uploads\/2025\/03\/Driver-de-motor-HB-B3HL-para-maquina-de-sacola-plastica-1-700x700.webp 700w\" sizes=\"(max-width: 450px) 100vw, 450px\" \/><p id=\"caption-attachment-31103\" class=\"wp-caption-text\">Driver de motor HB-B3HL para m\u00e1quina de sacola pl\u00e1stica<\/p><\/div>\n<div id=\"attachment_31104\" style=\"width: 460px\" class=\"wp-caption alignnone\"><img decoding=\"async\" aria-describedby=\"caption-attachment-31104\" class=\"Driver de motor HB-B3HL para m\u00e1quina de sacola pl\u00e1stica wp-image-31104\" title=\"Driver de motor HB-B3HL para m\u00e1quina de sacola pl\u00e1stica\" src=\"https:\/\/cortesolda.com.br\/por\/wp-content\/uploads\/2025\/03\/Driver-de-motor-HB-B3HL-para-maquina-de-sacola-plastica-2.webp\" alt=\"Driver de motor HB-B3HL para m\u00e1quina de sacola pl\u00e1stica\" width=\"450\" height=\"450\" srcset=\"https:\/\/cortesolda.com.br\/por\/wp-content\/uploads\/2025\/03\/Driver-de-motor-HB-B3HL-para-maquina-de-sacola-plastica-2.webp 800w, https:\/\/cortesolda.com.br\/por\/wp-content\/uploads\/2025\/03\/Driver-de-motor-HB-B3HL-para-maquina-de-sacola-plastica-2-300x300.webp 300w, https:\/\/cortesolda.com.br\/por\/wp-content\/uploads\/2025\/03\/Driver-de-motor-HB-B3HL-para-maquina-de-sacola-plastica-2-150x150.webp 150w, https:\/\/cortesolda.com.br\/por\/wp-content\/uploads\/2025\/03\/Driver-de-motor-HB-B3HL-para-maquina-de-sacola-plastica-2-768x768.webp 768w, https:\/\/cortesolda.com.br\/por\/wp-content\/uploads\/2025\/03\/Driver-de-motor-HB-B3HL-para-maquina-de-sacola-plastica-2-430x430.webp 430w, https:\/\/cortesolda.com.br\/por\/wp-content\/uploads\/2025\/03\/Driver-de-motor-HB-B3HL-para-maquina-de-sacola-plastica-2-700x700.webp 700w\" sizes=\"(max-width: 450px) 100vw, 450px\" \/><p id=\"caption-attachment-31104\" class=\"wp-caption-text\">Driver de motor HB-B3HL para m\u00e1quina de sacola pl\u00e1stica<\/p><\/div>\n<\/div>\n<div data-rm-block-id=\"block-115\"><\/div>\n<\/div>\n<\/div>\n<\/div>\n","protected":false},"excerpt":{"rendered":"<p>HB-B3HL, HB-B3C Moto<\/p>\n","protected":false},"featured_media":30295,"comment_status":"closed","ping_status":"closed","template":"","meta":{"_acf_changed":false,"_oss_video_url":""},"product_brand":[],"product_cat":[20],"product_tag":[],"class_list":{"0":"post-30294","1":"product","2":"type-product","3":"status-publish","4":"has-post-thumbnail","6":"product_cat-pecas-de-corte-e-solda","8":"first","9":"instock","10":"shipping-taxable","11":"product-type-simple"},"acf":[],"_links":{"self":[{"href":"https:\/\/cortesolda.com.br\/por\/wp-json\/wp\/v2\/product\/30294","targetHints":{"allow":["GET"]}}],"collection":[{"href":"https:\/\/cortesolda.com.br\/por\/wp-json\/wp\/v2\/product"}],"about":[{"href":"https:\/\/cortesolda.com.br\/por\/wp-json\/wp\/v2\/types\/product"}],"replies":[{"embeddable":true,"href":"https:\/\/cortesolda.com.br\/por\/wp-json\/wp\/v2\/comments?post=30294"}],"version-history":[{"count":0,"href":"https:\/\/cortesolda.com.br\/por\/wp-json\/wp\/v2\/product\/30294\/revisions"}],"wp:featuredmedia":[{"embeddable":true,"href":"https:\/\/cortesolda.com.br\/por\/wp-json\/wp\/v2\/media\/30295"}],"wp:attachment":[{"href":"https:\/\/cortesolda.com.br\/por\/wp-json\/wp\/v2\/media?parent=30294"}],"wp:term":[{"taxonomy":"product_brand","embeddable":true,"href":"https:\/\/cortesolda.com.br\/por\/wp-json\/wp\/v2\/product_brand?post=30294"},{"taxonomy":"product_cat","embeddable":true,"href":"https:\/\/cortesolda.com.br\/por\/wp-json\/wp\/v2\/product_cat?post=30294"},{"taxonomy":"product_tag","embeddable":true,"href":"https:\/\/cortesolda.com.br\/por\/wp-json\/wp\/v2\/product_tag?post=30294"}],"curies":[{"name":"wp","href":"https:\/\/api.w.org\/{rel}","templated":true}]}}