{"id":30303,"date":"2025-03-28T21:09:32","date_gmt":"2025-03-28T13:09:32","guid":{"rendered":"https:\/\/hotpink-lyrebird-701956.hostingersite.com\/?post_type=product&#038;p=30303"},"modified":"2025-07-08T11:25:56","modified_gmt":"2025-07-08T03:25:56","slug":"mola-para-maquina-de-saco-plastico-qualidade-e-fornecimento","status":"publish","type":"product","link":"https:\/\/cortesolda.com.br\/por\/mola-para-maquina-de-saco-plastico-qualidade-e-fornecimento","title":{"rendered":"Mola para maquina de saco pl\u00e1stico"},"content":{"rendered":"<p>Mola para maquina de saco pl\u00e1stico<\/p>\n<p>gancho alimenta\u00e7\u00e3o mola galvanizada pl\u00e1stico selagem a frio ponta de cola cola cola saco de mola fazendo pe\u00e7as de m\u00e1quina<\/p>\n<p>tamanho: A tipo 300 mm<\/p>\n<div id=\"attachment_31099\" style=\"width: 460px\" class=\"wp-caption alignnone\"><img fetchpriority=\"high\" decoding=\"async\" aria-describedby=\"caption-attachment-31099\" class=\"Mola para maquina de saco pl\u00e1stico wp-image-31099\" title=\"Mola para maquina de saco pl\u00e1stico\" src=\"https:\/\/cortesolda.com.br\/por\/wp-content\/uploads\/2025\/03\/Mola-para-maquina-de-saco-plasticos.jpg\" alt=\"Mola para maquina de saco pl\u00e1stico\" width=\"450\" height=\"450\" srcset=\"https:\/\/cortesolda.com.br\/por\/wp-content\/uploads\/2025\/03\/Mola-para-maquina-de-saco-plasticos.jpg 679w, https:\/\/cortesolda.com.br\/por\/wp-content\/uploads\/2025\/03\/Mola-para-maquina-de-saco-plasticos-300x300.jpg 300w, https:\/\/cortesolda.com.br\/por\/wp-content\/uploads\/2025\/03\/Mola-para-maquina-de-saco-plasticos-150x150.jpg 150w, https:\/\/cortesolda.com.br\/por\/wp-content\/uploads\/2025\/03\/Mola-para-maquina-de-saco-plasticos-430x430.jpg 430w\" sizes=\"(max-width: 450px) 100vw, 450px\" \/><p id=\"caption-attachment-31099\" class=\"wp-caption-text\">Mola para maquina de saco pl\u00e1stico<\/p><\/div>\n","protected":false},"excerpt":{"rendered":"<p>Mola para maquina de<\/p>\n","protected":false},"featured_media":30304,"comment_status":"closed","ping_status":"closed","template":"","meta":{"_acf_changed":false,"_oss_video_url":""},"product_brand":[],"product_cat":[20],"product_tag":[],"class_list":{"0":"post-30303","1":"product","2":"type-product","3":"status-publish","4":"has-post-thumbnail","6":"product_cat-pecas-de-corte-e-solda","8":"first","9":"instock","10":"shipping-taxable","11":"product-type-simple"},"acf":[],"_links":{"self":[{"href":"https:\/\/cortesolda.com.br\/por\/wp-json\/wp\/v2\/product\/30303","targetHints":{"allow":["GET"]}}],"collection":[{"href":"https:\/\/cortesolda.com.br\/por\/wp-json\/wp\/v2\/product"}],"about":[{"href":"https:\/\/cortesolda.com.br\/por\/wp-json\/wp\/v2\/types\/product"}],"replies":[{"embeddable":true,"href":"https:\/\/cortesolda.com.br\/por\/wp-json\/wp\/v2\/comments?post=30303"}],"version-history":[{"count":0,"href":"https:\/\/cortesolda.com.br\/por\/wp-json\/wp\/v2\/product\/30303\/revisions"}],"wp:featuredmedia":[{"embeddable":true,"href":"https:\/\/cortesolda.com.br\/por\/wp-json\/wp\/v2\/media\/30304"}],"wp:attachment":[{"href":"https:\/\/cortesolda.com.br\/por\/wp-json\/wp\/v2\/media?parent=30303"}],"wp:term":[{"taxonomy":"product_brand","embeddable":true,"href":"https:\/\/cortesolda.com.br\/por\/wp-json\/wp\/v2\/product_brand?post=30303"},{"taxonomy":"product_cat","embeddable":true,"href":"https:\/\/cortesolda.com.br\/por\/wp-json\/wp\/v2\/product_cat?post=30303"},{"taxonomy":"product_tag","embeddable":true,"href":"https:\/\/cortesolda.com.br\/por\/wp-json\/wp\/v2\/product_tag?post=30303"}],"curies":[{"name":"wp","href":"https:\/\/api.w.org\/{rel}","templated":true}]}}