{"id":30308,"date":"2025-03-28T21:11:28","date_gmt":"2025-03-28T13:11:28","guid":{"rendered":"https:\/\/hotpink-lyrebird-701956.hostingersite.com\/?post_type=product&#038;p=30308"},"modified":"2025-07-08T11:15:39","modified_gmt":"2025-07-08T03:15:39","slug":"driver-mf308sd-para-maquina-de-saco-plastico-driver-de-motor-de-passo-mf308sd-para-maquina-de-saco-plastico","status":"publish","type":"product","link":"https:\/\/cortesolda.com.br\/por\/driver-mf308sd-para-maquina-de-saco-plastico-driver-de-motor-de-passo-mf308sd-para-maquina-de-saco-plastico","title":{"rendered":"Driver de motor de passo MF308SD para m\u00e1quina de saco pl\u00e1stico"},"content":{"rendered":"<div id=\"tab-desc\" class=\"tab-pane active\" role=\"tabpanel\">\n<div class=\"product-tab-desc\">\n<div>Driver de motor de passo MF308SD para m\u00e1quina de saco pl\u00e1stico<\/div>\n<div>\n<p>Driver de motor de passo usando o mais recente chip DSP de controle de motor dedicado, tecnologia de controle de circuito fechado vetorial, o IPM importado original.Melhore muito o motor de passo para perder passo, passo a passo, mas tamb\u00e9m melhore significativamente o desempenho da velocidade do motor, reduza a febre do motor e reduza a vibra\u00e7\u00e3o do motor.O sinal de controle e o sinal interno realizam a tecnologia de isolamento fotoel\u00e9trico completo, o driver pode alcan\u00e7ar o mais alto padr\u00e3o de anti-interfer\u00eancia e grau EMC.Pode conduzir 8.5A o seguinte motor de passo h\u00edbrido trif\u00e1sico da s\u00e9rie 85BYG, 90BYG, 110BYG, 130BYG.<\/p>\n<p>Fonte de alimenta\u00e7\u00e3o AC220V.<\/p>\n<p>Dois &#8211; corrente m\u00e1xima de acionamento por fase de acordo com a distribui\u00e7\u00e3o do motor.<\/p>\n<p>Tr\u00eas &#8211; o uso do modo de controle de corrente vetorial, sa\u00edda de corrente precisa, com uma sa\u00edda de controle de onda senoidal de banda completa, de modo que<\/p>\n<p>Motor de passo do desempenho operacional do servo motor CA.<\/p>\n<p>Quatro.A fun\u00e7\u00e3o de identifica\u00e7\u00e3o de par\u00e2metro embutido do driver \u00e9 muito pequena, e o motor pode obter um excelente desempenho.<\/p>\n<p>Cinco.Drivers embutidos no algoritmo anti-resson\u00e2ncia, embutido na fun\u00e7\u00e3o de subdivis\u00e3o, otimizaram o desempenho da opera\u00e7\u00e3o de baixa frequ\u00eancia e frequ\u00eancia intermedi\u00e1ria.<\/p>\n<p>Seis.O acionamento no observador, o que melhora muito o torque de alta velocidade.<\/p>\n<p>Sete &#8211; com uma variedade de subpadr\u00f5es, requisitos especiais podem ser personalizados.<\/p>\n<p>Oito &#8211; tem sinal de controle offline (GRATUITO) (entrada WF).<\/p>\n<p>Nove &#8211; motor adaptador: 85BYG, 90BYG, 110BYG, motor de passo da s\u00e9rie 130BYG.<\/p>\n<div id=\"attachment_31092\" style=\"width: 460px\" class=\"wp-caption alignnone\"><img fetchpriority=\"high\" decoding=\"async\" aria-describedby=\"caption-attachment-31092\" class=\"wp-image-31092\" src=\"https:\/\/cortesolda.com.br\/por\/wp-content\/uploads\/2025\/03\/Driver-de-motor-de-passo-MF308SD-para-maquina-de-saco-plastico.webp\" alt=\"Driver de motor de passo MF308SD para m\u00e1quina de saco pl\u00e1stico\" width=\"450\" height=\"395\" srcset=\"https:\/\/cortesolda.com.br\/por\/wp-content\/uploads\/2025\/03\/Driver-de-motor-de-passo-MF308SD-para-maquina-de-saco-plastico.webp 748w, https:\/\/cortesolda.com.br\/por\/wp-content\/uploads\/2025\/03\/Driver-de-motor-de-passo-MF308SD-para-maquina-de-saco-plastico-342x300.webp 342w, https:\/\/cortesolda.com.br\/por\/wp-content\/uploads\/2025\/03\/Driver-de-motor-de-passo-MF308SD-para-maquina-de-saco-plastico-430x378.webp 430w, https:\/\/cortesolda.com.br\/por\/wp-content\/uploads\/2025\/03\/Driver-de-motor-de-passo-MF308SD-para-maquina-de-saco-plastico-700x615.webp 700w, https:\/\/cortesolda.com.br\/por\/wp-content\/uploads\/2025\/03\/Driver-de-motor-de-passo-MF308SD-para-maquina-de-saco-plastico-150x132.webp 150w\" sizes=\"(max-width: 450px) 100vw, 450px\" \/><p id=\"caption-attachment-31092\" class=\"wp-caption-text\">Driver de motor de passo MF308SD para m\u00e1quina de saco pl\u00e1stico<\/p><\/div>\n<\/div>\n<div>\n<div id=\"attachment_31094\" style=\"width: 460px\" class=\"wp-caption alignnone\"><img decoding=\"async\" aria-describedby=\"caption-attachment-31094\" class=\"wp-image-31094\" src=\"https:\/\/cortesolda.com.br\/por\/wp-content\/uploads\/2025\/03\/Driver-de-motor-de-passo-MF308SD-para-maquina-de-saco-plastico-1.webp\" alt=\"Driver de motor de passo MF308SD para m\u00e1quina de saco pl\u00e1stico\" width=\"450\" height=\"429\" srcset=\"https:\/\/cortesolda.com.br\/por\/wp-content\/uploads\/2025\/03\/Driver-de-motor-de-passo-MF308SD-para-maquina-de-saco-plastico-1.webp 696w, https:\/\/cortesolda.com.br\/por\/wp-content\/uploads\/2025\/03\/Driver-de-motor-de-passo-MF308SD-para-maquina-de-saco-plastico-1-314x300.webp 314w, https:\/\/cortesolda.com.br\/por\/wp-content\/uploads\/2025\/03\/Driver-de-motor-de-passo-MF308SD-para-maquina-de-saco-plastico-1-430x410.webp 430w, https:\/\/cortesolda.com.br\/por\/wp-content\/uploads\/2025\/03\/Driver-de-motor-de-passo-MF308SD-para-maquina-de-saco-plastico-1-150x143.webp 150w\" sizes=\"(max-width: 450px) 100vw, 450px\" \/><p id=\"caption-attachment-31094\" class=\"wp-caption-text\">Driver de motor de passo MF308SD para m\u00e1quina de saco pl\u00e1stico<\/p><\/div>\n<\/div>\n<div><\/div>\n<div><\/div>\n<div>\n<p>&nbsp;<\/p>\n<p>&nbsp;<\/p>\n<p>&nbsp;<\/p>\n<\/div>\n<\/div>\n<\/div>\n","protected":false},"excerpt":{"rendered":"<p>Driver de motor de p<\/p>\n","protected":false},"featured_media":31092,"comment_status":"closed","ping_status":"closed","template":"","meta":{"_acf_changed":false,"_oss_video_url":""},"product_brand":[],"product_cat":[20],"product_tag":[],"class_list":{"0":"post-30308","1":"product","2":"type-product","3":"status-publish","4":"has-post-thumbnail","6":"product_cat-pecas-de-corte-e-solda","8":"first","9":"instock","10":"shipping-taxable","11":"product-type-simple"},"acf":[],"_links":{"self":[{"href":"https:\/\/cortesolda.com.br\/por\/wp-json\/wp\/v2\/product\/30308","targetHints":{"allow":["GET"]}}],"collection":[{"href":"https:\/\/cortesolda.com.br\/por\/wp-json\/wp\/v2\/product"}],"about":[{"href":"https:\/\/cortesolda.com.br\/por\/wp-json\/wp\/v2\/types\/product"}],"replies":[{"embeddable":true,"href":"https:\/\/cortesolda.com.br\/por\/wp-json\/wp\/v2\/comments?post=30308"}],"version-history":[{"count":0,"href":"https:\/\/cortesolda.com.br\/por\/wp-json\/wp\/v2\/product\/30308\/revisions"}],"wp:featuredmedia":[{"embeddable":true,"href":"https:\/\/cortesolda.com.br\/por\/wp-json\/wp\/v2\/media\/31092"}],"wp:attachment":[{"href":"https:\/\/cortesolda.com.br\/por\/wp-json\/wp\/v2\/media?parent=30308"}],"wp:term":[{"taxonomy":"product_brand","embeddable":true,"href":"https:\/\/cortesolda.com.br\/por\/wp-json\/wp\/v2\/product_brand?post=30308"},{"taxonomy":"product_cat","embeddable":true,"href":"https:\/\/cortesolda.com.br\/por\/wp-json\/wp\/v2\/product_cat?post=30308"},{"taxonomy":"product_tag","embeddable":true,"href":"https:\/\/cortesolda.com.br\/por\/wp-json\/wp\/v2\/product_tag?post=30308"}],"curies":[{"name":"wp","href":"https:\/\/api.w.org\/{rel}","templated":true}]}}