{"id":30313,"date":"2025-03-28T21:12:54","date_gmt":"2025-03-28T13:12:54","guid":{"rendered":"https:\/\/hotpink-lyrebird-701956.hostingersite.com\/?post_type=product&#038;p=30313"},"modified":"2025-07-08T10:53:24","modified_gmt":"2025-07-08T02:53:24","slug":"maquina-saco-plastico-controlador-de-computador","status":"publish","type":"product","link":"https:\/\/cortesolda.com.br\/por\/maquina-saco-plastico-controlador-de-computador","title":{"rendered":"M\u00e1quina de saco pl\u00e1stico controlador de computador XC2001"},"content":{"rendered":"<div id=\"tab-desc\" class=\"tab-pane active\" role=\"tabpanel\">\n<div class=\"product-tab-desc\">\n<div>XC2001 XC2005B XC2005A XC2006A 2003A controlador de posi\u00e7\u00e3o do computador para m\u00e1quina de saco pl\u00e1stico, controle de posi\u00e7\u00e3o xuncheng, controle xuncheng, terno para m\u00e1quina de saco pl\u00e1stico, m\u00e1quina de saco de papel, m\u00e1quina de selagem lateral, m\u00e1quina de selagem inferior., terno para m\u00e1quina de saco pl\u00e1stico, m\u00e1quina de saco de papel, lateral m\u00e1quina de selagem, m\u00e1quina de selagem inferior.<\/div>\n<div>\n<p><img fetchpriority=\"high\" decoding=\"async\" class=\"wp-image-31090\" src=\"https:\/\/cortesolda.com.br\/por\/wp-content\/uploads\/2025\/03\/Maquina-de-saco-plastico-controlador-de-computador-XC2006B.webp\" alt=\"M\u00e1quina de saco pl\u00e1stico controlador de computador\" width=\"450\" height=\"450\" srcset=\"https:\/\/cortesolda.com.br\/por\/wp-content\/uploads\/2025\/03\/Maquina-de-saco-plastico-controlador-de-computador-XC2006B.webp 750w, https:\/\/cortesolda.com.br\/por\/wp-content\/uploads\/2025\/03\/Maquina-de-saco-plastico-controlador-de-computador-XC2006B-300x300.webp 300w, https:\/\/cortesolda.com.br\/por\/wp-content\/uploads\/2025\/03\/Maquina-de-saco-plastico-controlador-de-computador-XC2006B-150x150.webp 150w, https:\/\/cortesolda.com.br\/por\/wp-content\/uploads\/2025\/03\/Maquina-de-saco-plastico-controlador-de-computador-XC2006B-430x430.webp 430w, https:\/\/cortesolda.com.br\/por\/wp-content\/uploads\/2025\/03\/Maquina-de-saco-plastico-controlador-de-computador-XC2006B-700x700.webp 700w\" sizes=\"(max-width: 450px) 100vw, 450px\" \/><\/p>\n<\/div>\n<div>\n<p>Par\u00e2metros t\u00e9cnicos:<\/p>\n<p>fonte de alimenta\u00e7\u00e3o: 220V (CA) \u00b1 10%;50Hz\/60Hz;1A<\/p>\n<p>\u00e2mbito de aplica\u00e7\u00e3o: \u00fanico, veda\u00e7\u00e3o inferior Fumo;veda\u00e7\u00e3o inferior de corte a quente\/frio;autom\u00e1tico (incluindo em p\u00e9, sacos com z\u00edper) e outros equipamentos de controle de posi\u00e7\u00e3o fixa (embalagens m\u00e9dicas)<\/p>\n<p>O di\u00e2metro do rolo: 0 ~ 149,9 mm<\/p>\n<p>O comprimento fixo: 0000 ~ 9999mm<\/p>\n<p>A velocidade: 0 a 600 \/ min, comprimento fixo \u00e9 diferente em velocidade diferente.<\/p>\n<p>A totalidade deste n\u00famero: 0000 ~ 9999<\/p>\n<p>n\u00famero do lote: 000 ~ 999<\/p>\n<p>dimens\u00f5es: 334 mm (largura) x 154 mm (altura) * 122 mm (profundidade);outras especifica\u00e7\u00f5es especiais.<\/p>\n<p>Como tamanho do furo: 306mm (largura) x 140mm (altura);<\/p>\n<p>Peso corporal: 2Kg<\/p>\n<p>Tela LCD em ingl\u00eas, 320*240<\/p>\n<p>Usando 12 m\u00f3dulo de pulso digital independente, melhora a precis\u00e3o da frequ\u00eancia, faz o motor de alimenta\u00e7\u00e3o funcionar mais suavemente, melhora a velocidade.<\/p>\n<p>suporte ao driver: canal \u00fanico, duplo, pode adotar a cor dupla mais o controle de rolo flutuante.<\/p>\n<\/div>\n<div>\n<div id=\"attachment_31088\" style=\"width: 460px\" class=\"wp-caption alignnone\"><img decoding=\"async\" aria-describedby=\"caption-attachment-31088\" class=\"wp-image-31088\" src=\"https:\/\/cortesolda.com.br\/por\/wp-content\/uploads\/2025\/03\/Maquina-de-saco-plastico-controlador-de-computador-XC2001.webp\" alt=\"M\u00e1quina de saco pl\u00e1stico controlador de computador\" width=\"450\" height=\"450\" srcset=\"https:\/\/cortesolda.com.br\/por\/wp-content\/uploads\/2025\/03\/Maquina-de-saco-plastico-controlador-de-computador-XC2001.webp 800w, https:\/\/cortesolda.com.br\/por\/wp-content\/uploads\/2025\/03\/Maquina-de-saco-plastico-controlador-de-computador-XC2001-300x300.webp 300w, https:\/\/cortesolda.com.br\/por\/wp-content\/uploads\/2025\/03\/Maquina-de-saco-plastico-controlador-de-computador-XC2001-150x150.webp 150w, https:\/\/cortesolda.com.br\/por\/wp-content\/uploads\/2025\/03\/Maquina-de-saco-plastico-controlador-de-computador-XC2001-768x768.webp 768w, https:\/\/cortesolda.com.br\/por\/wp-content\/uploads\/2025\/03\/Maquina-de-saco-plastico-controlador-de-computador-XC2001-430x430.webp 430w, https:\/\/cortesolda.com.br\/por\/wp-content\/uploads\/2025\/03\/Maquina-de-saco-plastico-controlador-de-computador-XC2001-700x700.webp 700w\" sizes=\"(max-width: 450px) 100vw, 450px\" \/><p id=\"caption-attachment-31088\" class=\"wp-caption-text\">M\u00e1quina de saco pl\u00e1stico controlador de computador<\/p><\/div>\n<div id=\"attachment_31089\" style=\"width: 460px\" class=\"wp-caption alignnone\"><img decoding=\"async\" aria-describedby=\"caption-attachment-31089\" class=\"wp-image-31089\" src=\"https:\/\/cortesolda.com.br\/por\/wp-content\/uploads\/2025\/03\/Maquina-de-saco-plastico-controlador-de-computador-XC2005B.webp\" alt=\"M\u00e1quina de saco pl\u00e1stico controlador de computador\" width=\"450\" height=\"450\" srcset=\"https:\/\/cortesolda.com.br\/por\/wp-content\/uploads\/2025\/03\/Maquina-de-saco-plastico-controlador-de-computador-XC2005B.webp 500w, https:\/\/cortesolda.com.br\/por\/wp-content\/uploads\/2025\/03\/Maquina-de-saco-plastico-controlador-de-computador-XC2005B-300x300.webp 300w, https:\/\/cortesolda.com.br\/por\/wp-content\/uploads\/2025\/03\/Maquina-de-saco-plastico-controlador-de-computador-XC2005B-150x150.webp 150w, https:\/\/cortesolda.com.br\/por\/wp-content\/uploads\/2025\/03\/Maquina-de-saco-plastico-controlador-de-computador-XC2005B-430x430.webp 430w\" sizes=\"(max-width: 450px) 100vw, 450px\" \/><p id=\"caption-attachment-31089\" class=\"wp-caption-text\">M\u00e1quina de saco pl\u00e1stico controlador de computador<\/p><\/div>\n<div id=\"attachment_31087\" style=\"width: 460px\" class=\"wp-caption alignnone\"><img loading=\"lazy\" decoding=\"async\" aria-describedby=\"caption-attachment-31087\" class=\"wp-image-31087\" src=\"https:\/\/cortesolda.com.br\/por\/wp-content\/uploads\/2025\/03\/Maquina-de-saco-plastico-controlador-de-computador.webp\" alt=\"M\u00e1quina de saco pl\u00e1stico controlador de computador\" width=\"450\" height=\"340\" srcset=\"https:\/\/cortesolda.com.br\/por\/wp-content\/uploads\/2025\/03\/Maquina-de-saco-plastico-controlador-de-computador.webp 550w, https:\/\/cortesolda.com.br\/por\/wp-content\/uploads\/2025\/03\/Maquina-de-saco-plastico-controlador-de-computador-398x300.webp 398w, https:\/\/cortesolda.com.br\/por\/wp-content\/uploads\/2025\/03\/Maquina-de-saco-plastico-controlador-de-computador-430x324.webp 430w, https:\/\/cortesolda.com.br\/por\/wp-content\/uploads\/2025\/03\/Maquina-de-saco-plastico-controlador-de-computador-150x113.webp 150w\" sizes=\"(max-width: 450px) 100vw, 450px\" \/><p id=\"caption-attachment-31087\" class=\"wp-caption-text\">M\u00e1quina de saco pl\u00e1stico controlador de computador<\/p><\/div>\n<\/div>\n<\/div>\n<\/div>\n","protected":false},"excerpt":{"rendered":"<p>XC2001 XC2005B XC200<\/p>\n","protected":false},"featured_media":30314,"comment_status":"closed","ping_status":"closed","template":"","meta":{"_acf_changed":false,"_oss_video_url":""},"product_brand":[],"product_cat":[20],"product_tag":[],"class_list":{"0":"post-30313","1":"product","2":"type-product","3":"status-publish","4":"has-post-thumbnail","6":"product_cat-pecas-de-corte-e-solda","8":"first","9":"instock","10":"shipping-taxable","11":"product-type-simple"},"acf":[],"_links":{"self":[{"href":"https:\/\/cortesolda.com.br\/por\/wp-json\/wp\/v2\/product\/30313","targetHints":{"allow":["GET"]}}],"collection":[{"href":"https:\/\/cortesolda.com.br\/por\/wp-json\/wp\/v2\/product"}],"about":[{"href":"https:\/\/cortesolda.com.br\/por\/wp-json\/wp\/v2\/types\/product"}],"replies":[{"embeddable":true,"href":"https:\/\/cortesolda.com.br\/por\/wp-json\/wp\/v2\/comments?post=30313"}],"version-history":[{"count":0,"href":"https:\/\/cortesolda.com.br\/por\/wp-json\/wp\/v2\/product\/30313\/revisions"}],"wp:featuredmedia":[{"embeddable":true,"href":"https:\/\/cortesolda.com.br\/por\/wp-json\/wp\/v2\/media\/30314"}],"wp:attachment":[{"href":"https:\/\/cortesolda.com.br\/por\/wp-json\/wp\/v2\/media?parent=30313"}],"wp:term":[{"taxonomy":"product_brand","embeddable":true,"href":"https:\/\/cortesolda.com.br\/por\/wp-json\/wp\/v2\/product_brand?post=30313"},{"taxonomy":"product_cat","embeddable":true,"href":"https:\/\/cortesolda.com.br\/por\/wp-json\/wp\/v2\/product_cat?post=30313"},{"taxonomy":"product_tag","embeddable":true,"href":"https:\/\/cortesolda.com.br\/por\/wp-json\/wp\/v2\/product_tag?post=30313"}],"curies":[{"name":"wp","href":"https:\/\/api.w.org\/{rel}","templated":true}]}}