{"id":30323,"date":"2025-03-28T21:14:26","date_gmt":"2025-03-28T13:14:26","guid":{"rendered":"https:\/\/hotpink-lyrebird-701956.hostingersite.com\/?post_type=product&#038;p=30323"},"modified":"2025-07-08T10:44:15","modified_gmt":"2025-07-08T02:44:15","slug":"kewo-inversor-1-5kw-para-maquina-de-saco-plastico","status":"publish","type":"product","link":"https:\/\/cortesolda.com.br\/por\/kewo-inversor-1-5kw-para-maquina-de-saco-plastico","title":{"rendered":"Kewo inversor 1.5kw para m\u00e1quina de saco pl\u00e1stico"},"content":{"rendered":"<p>Kewo inversor 1.5kw para m\u00e1quina de saco pl\u00e1stico<\/p>\n<div id=\"attachment_30325\" style=\"width: 460px\" class=\"wp-caption alignnone\"><img fetchpriority=\"high\" decoding=\"async\" aria-describedby=\"caption-attachment-30325\" class=\"wp-image-30325\" src=\"https:\/\/cortesolda.com.br\/por\/wp-content\/uploads\/2025\/03\/kewo-inverter-1.5kw-for-plastic-bag-machine.webp\" alt=\"Kewo inversor 1.5kw para m\u00e1quina de saco pl\u00e1stico\" width=\"450\" height=\"620\" srcset=\"https:\/\/cortesolda.com.br\/por\/wp-content\/uploads\/2025\/03\/kewo-inverter-1.5kw-for-plastic-bag-machine.webp 1260w, https:\/\/cortesolda.com.br\/por\/wp-content\/uploads\/2025\/03\/kewo-inverter-1.5kw-for-plastic-bag-machine-218x300.webp 218w, https:\/\/cortesolda.com.br\/por\/wp-content\/uploads\/2025\/03\/kewo-inverter-1.5kw-for-plastic-bag-machine-581x800.webp 581w, https:\/\/cortesolda.com.br\/por\/wp-content\/uploads\/2025\/03\/kewo-inverter-1.5kw-for-plastic-bag-machine-768x1058.webp 768w, https:\/\/cortesolda.com.br\/por\/wp-content\/uploads\/2025\/03\/kewo-inverter-1.5kw-for-plastic-bag-machine-1115x1536.webp 1115w, https:\/\/cortesolda.com.br\/por\/wp-content\/uploads\/2025\/03\/kewo-inverter-1.5kw-for-plastic-bag-machine-430x592.webp 430w, https:\/\/cortesolda.com.br\/por\/wp-content\/uploads\/2025\/03\/kewo-inverter-1.5kw-for-plastic-bag-machine-700x964.webp 700w, https:\/\/cortesolda.com.br\/por\/wp-content\/uploads\/2025\/03\/kewo-inverter-1.5kw-for-plastic-bag-machine-150x207.webp 150w\" sizes=\"(max-width: 450px) 100vw, 450px\" \/><p id=\"caption-attachment-30325\" class=\"wp-caption-text\">Kewo inversor 1.5kw para m\u00e1quina de saco pl\u00e1stico<\/p><\/div>\n<div id=\"attachment_31081\" style=\"width: 460px\" class=\"wp-caption alignnone\"><img decoding=\"async\" aria-describedby=\"caption-attachment-31081\" class=\"wp-image-31081\" src=\"https:\/\/cortesolda.com.br\/por\/wp-content\/uploads\/2025\/03\/Impressoras-Flexograficas-brazil.webp\" alt=\"Impressoras Flexogr\u00e1ficas brazil\" width=\"450\" height=\"457\" srcset=\"https:\/\/cortesolda.com.br\/por\/wp-content\/uploads\/2025\/03\/Impressoras-Flexograficas-brazil.webp 467w, https:\/\/cortesolda.com.br\/por\/wp-content\/uploads\/2025\/03\/Impressoras-Flexograficas-brazil-296x300.webp 296w, https:\/\/cortesolda.com.br\/por\/wp-content\/uploads\/2025\/03\/Impressoras-Flexograficas-brazil-430x436.webp 430w, https:\/\/cortesolda.com.br\/por\/wp-content\/uploads\/2025\/03\/Impressoras-Flexograficas-brazil-150x152.webp 150w\" sizes=\"(max-width: 450px) 100vw, 450px\" \/><p id=\"caption-attachment-31081\" class=\"wp-caption-text\">Impressoras Flexogr\u00e1ficas brazil<\/p><\/div>\n","protected":false},"excerpt":{"rendered":"<p>Kewo inversor 1.5kw <\/p>\n","protected":false},"featured_media":30325,"comment_status":"closed","ping_status":"closed","template":"","meta":{"_acf_changed":false,"_oss_video_url":""},"product_brand":[],"product_cat":[20],"product_tag":[],"class_list":{"0":"post-30323","1":"product","2":"type-product","3":"status-publish","4":"has-post-thumbnail","6":"product_cat-pecas-de-corte-e-solda","8":"first","9":"instock","10":"shipping-taxable","11":"product-type-simple"},"acf":[],"_links":{"self":[{"href":"https:\/\/cortesolda.com.br\/por\/wp-json\/wp\/v2\/product\/30323","targetHints":{"allow":["GET"]}}],"collection":[{"href":"https:\/\/cortesolda.com.br\/por\/wp-json\/wp\/v2\/product"}],"about":[{"href":"https:\/\/cortesolda.com.br\/por\/wp-json\/wp\/v2\/types\/product"}],"replies":[{"embeddable":true,"href":"https:\/\/cortesolda.com.br\/por\/wp-json\/wp\/v2\/comments?post=30323"}],"version-history":[{"count":0,"href":"https:\/\/cortesolda.com.br\/por\/wp-json\/wp\/v2\/product\/30323\/revisions"}],"wp:featuredmedia":[{"embeddable":true,"href":"https:\/\/cortesolda.com.br\/por\/wp-json\/wp\/v2\/media\/30325"}],"wp:attachment":[{"href":"https:\/\/cortesolda.com.br\/por\/wp-json\/wp\/v2\/media?parent=30323"}],"wp:term":[{"taxonomy":"product_brand","embeddable":true,"href":"https:\/\/cortesolda.com.br\/por\/wp-json\/wp\/v2\/product_brand?post=30323"},{"taxonomy":"product_cat","embeddable":true,"href":"https:\/\/cortesolda.com.br\/por\/wp-json\/wp\/v2\/product_cat?post=30323"},{"taxonomy":"product_tag","embeddable":true,"href":"https:\/\/cortesolda.com.br\/por\/wp-json\/wp\/v2\/product_tag?post=30323"}],"curies":[{"name":"wp","href":"https:\/\/api.w.org\/{rel}","templated":true}]}}