{"id":30328,"date":"2025-03-28T21:16:09","date_gmt":"2025-03-28T13:16:09","guid":{"rendered":"https:\/\/hotpink-lyrebird-701956.hostingersite.com\/?post_type=product&#038;p=30328"},"modified":"2025-07-08T10:42:09","modified_gmt":"2025-07-08T02:42:09","slug":"inversor-pioneer-para-extrusora-de-filme-conheca-o-produto","status":"publish","type":"product","link":"https:\/\/cortesolda.com.br\/por\/inversor-pioneer-para-extrusora-de-filme-conheca-o-produto","title":{"rendered":"Inversor Pioneer para Extrusora de Filme"},"content":{"rendered":"<div id=\"tab-desc\" class=\"tab-pane active\" role=\"tabpanel\">\n<div class=\"product-tab-desc\">\n<div>\n<div style=\"-webkit-tap-highlight-color: transparent; box-sizing: border-box; outline: 0px; margin: 0px; padding: 0px; color: #000000; font-family: 'Open Sans', Roboto, Arial, Helvetica, sans-serif, SimSun; font-size: medium; font-style: normal; font-variant-ligatures: normal; font-variant-caps: normal; font-weight: 400; letter-spacing: normal; orphans: 2; text-align: left; text-indent: 0px; text-transform: none; white-space: normal; widows: 2; word-spacing: 0px; -webkit-text-stroke-width: 0px; background-color: #ffffff; text-decoration-thickness: initial; text-decoration-style: initial; text-decoration-color: initial;\" data-spm-anchor-id=\"2114.12057483.0.i8.10fe275d2aPZYX\">\n<p>Inversor pioneiro para m\u00e1quina sopradora de filme.(inversor yongbang)<br \/>\nPot\u00eancia do inversor: 0.75kw,1.5kw,11kw,15kw,22kw,30kw,37kw,45kw.<br \/>\nNome do produto: Inversor;<br \/>\nMarcas de produtos: PIONEER<br \/>\nTipo de produto: PE6000<\/p>\n<p>Entrada:<br \/>\nAC-3PH 380-440V 50 \/ 60HZ 38,5A<br \/>\nouAC-3PH 220V 50\/60HZ<\/p>\n<\/div>\n<div style=\"-webkit-tap-highlight-color: transparent; box-sizing: border-box; outline: 0px; margin: 0px; padding: 0px; color: #000000; font-family: 'Open Sans', Roboto, Arial, Helvetica, sans-serif, SimSun; font-size: medium; font-style: normal; font-variant-ligatures: normal; font-variant-caps: normal; font-weight: 400; letter-spacing: normal; orphans: 2; text-align: left; text-indent: 0px; text-transform: none; white-space: normal; widows: 2; word-spacing: 0px; -webkit-text-stroke-width: 0px; background-color: #ffffff; text-decoration-thickness: initial; text-decoration-style: initial; text-decoration-color: initial;\" data-spm-anchor-id=\"2114.12057483.0.i9.10fe275d2aPZYX\">\n<div id=\"attachment_31071\" style=\"width: 460px\" class=\"wp-caption alignnone\"><img fetchpriority=\"high\" decoding=\"async\" aria-describedby=\"caption-attachment-31071\" class=\"Inversor Pioneer para Extrusora de Filme wp-image-31071\" title=\"Inversor Pioneer para Extrusora de Filme\" src=\"https:\/\/cortesolda.com.br\/por\/wp-content\/uploads\/2025\/03\/Inversor-Pioneer-para-Extrusora-de-Filme.webp\" alt=\"Inversor Pioneer para Extrusora de Filme\" width=\"450\" height=\"170\" srcset=\"https:\/\/cortesolda.com.br\/por\/wp-content\/uploads\/2025\/03\/Inversor-Pioneer-para-Extrusora-de-Filme.webp 773w, https:\/\/cortesolda.com.br\/por\/wp-content\/uploads\/2025\/03\/Inversor-Pioneer-para-Extrusora-de-Filme-400x151.webp 400w, https:\/\/cortesolda.com.br\/por\/wp-content\/uploads\/2025\/03\/Inversor-Pioneer-para-Extrusora-de-Filme-768x290.webp 768w, https:\/\/cortesolda.com.br\/por\/wp-content\/uploads\/2025\/03\/Inversor-Pioneer-para-Extrusora-de-Filme-430x162.webp 430w, https:\/\/cortesolda.com.br\/por\/wp-content\/uploads\/2025\/03\/Inversor-Pioneer-para-Extrusora-de-Filme-700x264.webp 700w, https:\/\/cortesolda.com.br\/por\/wp-content\/uploads\/2025\/03\/Inversor-Pioneer-para-Extrusora-de-Filme-150x57.webp 150w\" sizes=\"(max-width: 450px) 100vw, 450px\" \/><p id=\"caption-attachment-31071\" class=\"wp-caption-text\">Inversor Pioneer para Extrusora de Filme<\/p><\/div>\n<\/div>\n<\/div>\n<div>\n<div id=\"attachment_31072\" style=\"width: 460px\" class=\"wp-caption alignnone\"><img decoding=\"async\" aria-describedby=\"caption-attachment-31072\" class=\"Inversor Pioneer para Extrusora de Filme wp-image-31072\" title=\"Inversor Pioneer para Extrusora de Filme\" src=\"https:\/\/cortesolda.com.br\/por\/wp-content\/uploads\/2025\/03\/Inversor-Pioneer-para-Extrusora-de-Filme-1.webp\" alt=\"Inversor Pioneer para Extrusora de Filme\" width=\"450\" height=\"422\" srcset=\"https:\/\/cortesolda.com.br\/por\/wp-content\/uploads\/2025\/03\/Inversor-Pioneer-para-Extrusora-de-Filme-1.webp 749w, https:\/\/cortesolda.com.br\/por\/wp-content\/uploads\/2025\/03\/Inversor-Pioneer-para-Extrusora-de-Filme-1-320x300.webp 320w, https:\/\/cortesolda.com.br\/por\/wp-content\/uploads\/2025\/03\/Inversor-Pioneer-para-Extrusora-de-Filme-1-430x404.webp 430w, https:\/\/cortesolda.com.br\/por\/wp-content\/uploads\/2025\/03\/Inversor-Pioneer-para-Extrusora-de-Filme-1-700x657.webp 700w, https:\/\/cortesolda.com.br\/por\/wp-content\/uploads\/2025\/03\/Inversor-Pioneer-para-Extrusora-de-Filme-1-150x141.webp 150w\" sizes=\"(max-width: 450px) 100vw, 450px\" \/><p id=\"caption-attachment-31072\" class=\"wp-caption-text\">Inversor Pioneer para Extrusora de Filme<\/p><\/div>\n<\/div>\n<div>\n<div id=\"attachment_31073\" style=\"width: 460px\" class=\"wp-caption alignnone\"><img decoding=\"async\" aria-describedby=\"caption-attachment-31073\" class=\"Inversor Pioneer para Extrusora de Filme wp-image-31073\" title=\"Inversor Pioneer para Extrusora de Filme\" src=\"https:\/\/cortesolda.com.br\/por\/wp-content\/uploads\/2025\/03\/Inversor-Pioneer-para-Extrusora-de-Filme-3.webp\" alt=\"Inversor Pioneer para Extrusora de Filme\" width=\"450\" height=\"255\" srcset=\"https:\/\/cortesolda.com.br\/por\/wp-content\/uploads\/2025\/03\/Inversor-Pioneer-para-Extrusora-de-Filme-3.webp 901w, https:\/\/cortesolda.com.br\/por\/wp-content\/uploads\/2025\/03\/Inversor-Pioneer-para-Extrusora-de-Filme-3-400x226.webp 400w, https:\/\/cortesolda.com.br\/por\/wp-content\/uploads\/2025\/03\/Inversor-Pioneer-para-Extrusora-de-Filme-3-768x435.webp 768w, https:\/\/cortesolda.com.br\/por\/wp-content\/uploads\/2025\/03\/Inversor-Pioneer-para-Extrusora-de-Filme-3-430x243.webp 430w, https:\/\/cortesolda.com.br\/por\/wp-content\/uploads\/2025\/03\/Inversor-Pioneer-para-Extrusora-de-Filme-3-700x396.webp 700w, https:\/\/cortesolda.com.br\/por\/wp-content\/uploads\/2025\/03\/Inversor-Pioneer-para-Extrusora-de-Filme-3-150x85.webp 150w\" sizes=\"(max-width: 450px) 100vw, 450px\" \/><p id=\"caption-attachment-31073\" class=\"wp-caption-text\">Inversor Pioneer para Extrusora de Filme<\/p><\/div>\n<\/div>\n<div>\n<div id=\"attachment_31079\" style=\"width: 469px\" class=\"wp-caption alignnone\"><img loading=\"lazy\" decoding=\"async\" aria-describedby=\"caption-attachment-31079\" class=\"size-full wp-image-31079\" src=\"https:\/\/cortesolda.com.br\/por\/wp-content\/uploads\/2025\/03\/Extrusora-de-filme.jpg\" alt=\"Extrusora de filme\" width=\"459\" height=\"464\" srcset=\"https:\/\/cortesolda.com.br\/por\/wp-content\/uploads\/2025\/03\/Extrusora-de-filme.jpg 459w, https:\/\/cortesolda.com.br\/por\/wp-content\/uploads\/2025\/03\/Extrusora-de-filme-297x300.jpg 297w, https:\/\/cortesolda.com.br\/por\/wp-content\/uploads\/2025\/03\/Extrusora-de-filme-430x435.jpg 430w, https:\/\/cortesolda.com.br\/por\/wp-content\/uploads\/2025\/03\/Extrusora-de-filme-150x152.jpg 150w\" sizes=\"(max-width: 459px) 100vw, 459px\" \/><p id=\"caption-attachment-31079\" class=\"wp-caption-text\">Extrusora de filme<\/p><\/div>\n<\/div>\n<div>\n<div id=\"attachment_30683\" style=\"width: 460px\" class=\"wp-caption alignnone\"><img loading=\"lazy\" decoding=\"async\" aria-describedby=\"caption-attachment-30683\" class=\"Processo de produ\u00e7\u00e3o de sacolas pl\u00e1sticas wp-image-30683\" title=\"Processo de produ\u00e7\u00e3o de sacolas pl\u00e1sticas\" src=\"https:\/\/cortesolda.com.br\/por\/wp-content\/uploads\/2025\/03\/Processo-de-producao-de-sacolas-plasticas.webp\" alt=\"Processo de produ\u00e7\u00e3o de sacolas pl\u00e1sticas\" width=\"450\" height=\"429\" srcset=\"https:\/\/cortesolda.com.br\/por\/wp-content\/uploads\/2025\/03\/Processo-de-producao-de-sacolas-plasticas.webp 1038w, https:\/\/cortesolda.com.br\/por\/wp-content\/uploads\/2025\/03\/Processo-de-producao-de-sacolas-plasticas-315x300.webp 315w, https:\/\/cortesolda.com.br\/por\/wp-content\/uploads\/2025\/03\/Processo-de-producao-de-sacolas-plasticas-840x800.webp 840w, https:\/\/cortesolda.com.br\/por\/wp-content\/uploads\/2025\/03\/Processo-de-producao-de-sacolas-plasticas-768x732.webp 768w, https:\/\/cortesolda.com.br\/por\/wp-content\/uploads\/2025\/03\/Processo-de-producao-de-sacolas-plasticas-430x410.webp 430w, https:\/\/cortesolda.com.br\/por\/wp-content\/uploads\/2025\/03\/Processo-de-producao-de-sacolas-plasticas-700x667.webp 700w, https:\/\/cortesolda.com.br\/por\/wp-content\/uploads\/2025\/03\/Processo-de-producao-de-sacolas-plasticas-150x143.webp 150w\" sizes=\"(max-width: 450px) 100vw, 450px\" \/><p id=\"caption-attachment-30683\" class=\"wp-caption-text\">Processo de produ\u00e7\u00e3o de sacolas pl\u00e1sticas<\/p><\/div>\n<div id=\"attachment_30700\" style=\"width: 460px\" class=\"wp-caption alignnone\"><img loading=\"lazy\" decoding=\"async\" aria-describedby=\"caption-attachment-30700\" class=\"m\u00e1quinas exportadas para todo o mundo wp-image-30700\" title=\"m\u00e1quinas exportadas para todo o mundo\" src=\"https:\/\/cortesolda.com.br\/por\/wp-content\/uploads\/2025\/03\/maquinas-exportadas-para-todo-o-mundo-1.webp\" alt=\"m\u00e1quinas exportadas para todo o mundo\" width=\"450\" height=\"298\" srcset=\"https:\/\/cortesolda.com.br\/por\/wp-content\/uploads\/2025\/03\/maquinas-exportadas-para-todo-o-mundo-1.webp 700w, https:\/\/cortesolda.com.br\/por\/wp-content\/uploads\/2025\/03\/maquinas-exportadas-para-todo-o-mundo-1-400x265.webp 400w, https:\/\/cortesolda.com.br\/por\/wp-content\/uploads\/2025\/03\/maquinas-exportadas-para-todo-o-mundo-1-430x285.webp 430w, https:\/\/cortesolda.com.br\/por\/wp-content\/uploads\/2025\/03\/maquinas-exportadas-para-todo-o-mundo-1-150x99.webp 150w\" sizes=\"(max-width: 450px) 100vw, 450px\" \/><p id=\"caption-attachment-30700\" class=\"wp-caption-text\">m\u00e1quinas exportadas para todo o mundo<\/p><\/div>\n<\/div>\n<div><\/div>\n<div><\/div>\n<div><\/div>\n<div><\/div>\n<div><\/div>\n<div><\/div>\n<\/div>\n<\/div>\n","protected":false},"excerpt":{"rendered":"<p>Inversor pioneiro pa<\/p>\n","protected":false},"featured_media":30330,"comment_status":"closed","ping_status":"closed","template":"","meta":{"_acf_changed":false,"_oss_video_url":""},"product_brand":[],"product_cat":[20],"product_tag":[],"class_list":{"0":"post-30328","1":"product","2":"type-product","3":"status-publish","4":"has-post-thumbnail","6":"product_cat-pecas-de-corte-e-solda","8":"first","9":"instock","10":"shipping-taxable","11":"product-type-simple"},"acf":[],"_links":{"self":[{"href":"https:\/\/cortesolda.com.br\/por\/wp-json\/wp\/v2\/product\/30328","targetHints":{"allow":["GET"]}}],"collection":[{"href":"https:\/\/cortesolda.com.br\/por\/wp-json\/wp\/v2\/product"}],"about":[{"href":"https:\/\/cortesolda.com.br\/por\/wp-json\/wp\/v2\/types\/product"}],"replies":[{"embeddable":true,"href":"https:\/\/cortesolda.com.br\/por\/wp-json\/wp\/v2\/comments?post=30328"}],"version-history":[{"count":0,"href":"https:\/\/cortesolda.com.br\/por\/wp-json\/wp\/v2\/product\/30328\/revisions"}],"wp:featuredmedia":[{"embeddable":true,"href":"https:\/\/cortesolda.com.br\/por\/wp-json\/wp\/v2\/media\/30330"}],"wp:attachment":[{"href":"https:\/\/cortesolda.com.br\/por\/wp-json\/wp\/v2\/media?parent=30328"}],"wp:term":[{"taxonomy":"product_brand","embeddable":true,"href":"https:\/\/cortesolda.com.br\/por\/wp-json\/wp\/v2\/product_brand?post=30328"},{"taxonomy":"product_cat","embeddable":true,"href":"https:\/\/cortesolda.com.br\/por\/wp-json\/wp\/v2\/product_cat?post=30328"},{"taxonomy":"product_tag","embeddable":true,"href":"https:\/\/cortesolda.com.br\/por\/wp-json\/wp\/v2\/product_tag?post=30328"}],"curies":[{"name":"wp","href":"https:\/\/api.w.org\/{rel}","templated":true}]}}