{"id":30339,"date":"2025-03-28T21:18:49","date_gmt":"2025-03-28T13:18:49","guid":{"rendered":"https:\/\/hotpink-lyrebird-701956.hostingersite.com\/?post_type=product&#038;p=30339"},"modified":"2025-07-08T10:26:22","modified_gmt":"2025-07-08T02:26:22","slug":"sensor-para-maquina-de-saco-plastico-sensor-para-maquina-de-saco-plastico","status":"publish","type":"product","link":"https:\/\/cortesolda.com.br\/por\/sensor-para-maquina-de-saco-plastico-sensor-para-maquina-de-saco-plastico","title":{"rendered":"Sensor para M\u00e1quina de Saco Pl\u00e1stico"},"content":{"rendered":"<div id=\"tab-desc\" class=\"tab-pane active\" role=\"tabpanel\">\n<div class=\"product-tab-desc\">\n<div data-rm-block-id=\"block-1\">Sensor para M\u00e1quina de Saco Pl\u00e1stico<\/div>\n<div data-rm-block-id=\"block-2\"><\/div>\n<div data-rm-block-id=\"block-3\">JULONG Z3N-TB22 Color Mark Sensor fotoel\u00e9trico cor<\/div>\n<div>\n<p data-rm-block-id=\"block-4\"><span data-spm-anchor-id=\"a2700.wholesale.0.i7.2ba57914rH88EL\">1.Z3N\/Z3S s\u00e9rie de interruptores fotoel\u00e9tricos de detec\u00e7\u00e3o de sinal \u00e9 emitido por sua pr\u00f3pria fonte de luz digitaliza a superf\u00edcie do papel foi apreendido.<br \/>\nCor da superf\u00edcie devido \u00e0 quantidade diferente de luz que sai do loop do transmissor diferente para obter o reconhecimento do c\u00f3digo de cores.<br \/>\n2. Projeto \u00f3ptico coaxial, alto coeficiente de reflex\u00e3o de papel e adapt\u00e1vel.<br \/>\n3.Com branco, azul, verde, vermelho e outras fontes de luz conveni\u00eancia opcional na resolu\u00e7\u00e3o de v\u00e1rias cores.<br \/>\n4.Spot pequeno, resolu\u00e7\u00e3o muito alta.<br \/>\n5. A alta velocidade de resposta de 0,1-1 ms, capaz de se adaptar a uma variedade de m\u00e1quinas de embalagem, m\u00e1quinas de saco e necessidades de controle de m\u00e1quinas de impress\u00e3o.<br \/>\n6.Excelente design no circuito, anti-tipos de interfer\u00eancia eletromagn\u00e9tica, luz difusa, excelente desempenho, opera\u00e7\u00e3o est\u00e1vel e a\u00e7\u00e3o correta.<br \/>\n7.Tem um bot\u00e3o de ajuste de sensibilidade, n\u00e3o precisa usar ferramentas para ajustar.<\/span><\/p>\n<p data-rm-block-id=\"block-5\"><img fetchpriority=\"high\" decoding=\"async\" class=\"wp-image-31060\" src=\"https:\/\/cortesolda.com.br\/por\/wp-content\/uploads\/2025\/03\/Sensor-para-Maquina-de-Saco-Plastico3.webp\" alt=\"Sensor para M\u00e1quina de Saco Pl\u00e1stico\" width=\"450\" height=\"450\" srcset=\"https:\/\/cortesolda.com.br\/por\/wp-content\/uploads\/2025\/03\/Sensor-para-Maquina-de-Saco-Plastico3.webp 800w, https:\/\/cortesolda.com.br\/por\/wp-content\/uploads\/2025\/03\/Sensor-para-Maquina-de-Saco-Plastico3-300x300.webp 300w, https:\/\/cortesolda.com.br\/por\/wp-content\/uploads\/2025\/03\/Sensor-para-Maquina-de-Saco-Plastico3-150x150.webp 150w, https:\/\/cortesolda.com.br\/por\/wp-content\/uploads\/2025\/03\/Sensor-para-Maquina-de-Saco-Plastico3-768x768.webp 768w, https:\/\/cortesolda.com.br\/por\/wp-content\/uploads\/2025\/03\/Sensor-para-Maquina-de-Saco-Plastico3-430x430.webp 430w, https:\/\/cortesolda.com.br\/por\/wp-content\/uploads\/2025\/03\/Sensor-para-Maquina-de-Saco-Plastico3-700x700.webp 700w\" sizes=\"(max-width: 450px) 100vw, 450px\" \/><\/p>\n<table border=\"1\">\n<tbody>\n<tr>\n<td colspan=\"6\" rowspan=\"1\">\n<div>\n<div data-rm-block-id=\"block-6\"><span data-spm-anchor-id=\"a2700.wholesale.0.i7.48be7914iokr35\">Tabela de sele\u00e7\u00e3o de modelo<\/span><\/div>\n<\/div>\n<\/td>\n<\/tr>\n<tr>\n<td colspan=\"1\" rowspan=\"1\">\n<div>\n<div data-rm-block-id=\"block-7\">Modelo<\/div>\n<\/div>\n<\/td>\n<td colspan=\"1\" rowspan=\"1\">\n<div>\n<div data-rm-block-id=\"block-8\">Fonte de luz<\/div>\n<\/div>\n<\/td>\n<td colspan=\"1\" rowspan=\"1\">\n<div>\n<div data-rm-block-id=\"block-9\">Tipo de lead<\/div>\n<\/div>\n<\/td>\n<td colspan=\"1\" rowspan=\"1\">\n<div>\n<div data-rm-block-id=\"block-10\">Modelo<\/div>\n<\/div>\n<\/td>\n<td colspan=\"1\" rowspan=\"1\">\n<div>\n<div data-rm-block-id=\"block-11\">Fonte de luz<\/div>\n<\/div>\n<\/td>\n<td colspan=\"1\" rowspan=\"1\">\n<div>\n<div data-rm-block-id=\"block-12\">Tipo de lead<\/div>\n<\/div>\n<\/td>\n<\/tr>\n<tr>\n<td colspan=\"1\" rowspan=\"1\">\n<div>\n<div data-rm-block-id=\"block-13\">TR22<\/div>\n<\/div>\n<\/td>\n<td colspan=\"1\" rowspan=\"1\">\n<div>\n<div data-rm-block-id=\"block-14\">Vermelho<\/div>\n<\/div>\n<\/td>\n<td colspan=\"1\" rowspan=\"1\">\n<div>\n<div data-rm-block-id=\"block-15\">4 n\u00facleos<\/div>\n<\/div>\n<\/td>\n<td colspan=\"1\" rowspan=\"1\">\n<div>\n<div data-rm-block-id=\"block-16\">TR2<\/div>\n<\/div>\n<\/td>\n<td colspan=\"1\" rowspan=\"1\">\n<div>\n<div data-rm-block-id=\"block-17\">Vermelho<\/div>\n<\/div>\n<\/td>\n<td colspan=\"1\" rowspan=\"1\">\n<div>\n<div data-rm-block-id=\"block-18\">3 n\u00facleos<\/div>\n<\/div>\n<\/td>\n<\/tr>\n<tr>\n<td colspan=\"1\" rowspan=\"1\">\n<div>\n<div data-rm-block-id=\"block-19\">TG22<\/div>\n<\/div>\n<\/td>\n<td colspan=\"1\" rowspan=\"1\">\n<div>\n<div data-rm-block-id=\"block-20\">Verde<\/div>\n<\/div>\n<\/td>\n<td colspan=\"1\" rowspan=\"1\">\n<div>\n<div data-rm-block-id=\"block-21\">4 n\u00facleos<\/div>\n<\/div>\n<\/td>\n<td colspan=\"1\" rowspan=\"1\">\n<div>\n<div data-rm-block-id=\"block-22\">TG2<\/div>\n<\/div>\n<\/td>\n<td colspan=\"1\" rowspan=\"1\">\n<div>\n<div data-rm-block-id=\"block-23\">Verde<\/div>\n<\/div>\n<\/td>\n<td colspan=\"1\" rowspan=\"1\">\n<div>\n<div data-rm-block-id=\"block-24\">3 n\u00facleos<\/div>\n<\/div>\n<\/td>\n<\/tr>\n<tr>\n<td colspan=\"1\" rowspan=\"1\">\n<div>\n<div data-rm-block-id=\"block-25\">T22<\/div>\n<\/div>\n<\/td>\n<td colspan=\"1\" rowspan=\"1\">\n<div>\n<div data-rm-block-id=\"block-26\">Vermelho verde<\/div>\n<\/div>\n<\/td>\n<td colspan=\"1\" rowspan=\"1\">\n<div>\n<div data-rm-block-id=\"block-27\">4 n\u00facleos<\/div>\n<\/div>\n<\/td>\n<td colspan=\"1\" rowspan=\"1\">\n<div>\n<div data-rm-block-id=\"block-28\">T2<\/div>\n<\/div>\n<\/td>\n<td colspan=\"1\" rowspan=\"1\">\n<div>\n<div data-rm-block-id=\"block-29\">Vermelho verde<\/div>\n<\/div>\n<\/td>\n<td colspan=\"1\" rowspan=\"1\">\n<div>\n<div data-rm-block-id=\"block-30\">3 n\u00facleos<\/div>\n<\/div>\n<\/td>\n<\/tr>\n<tr>\n<td colspan=\"1\" rowspan=\"1\">\n<div>\n<div data-rm-block-id=\"block-31\">TB22<\/div>\n<\/div>\n<\/td>\n<td colspan=\"1\" rowspan=\"1\">\n<div>\n<div data-rm-block-id=\"block-32\">Azul esverdeado<\/div>\n<\/div>\n<\/td>\n<td colspan=\"1\" rowspan=\"1\">\n<div>\n<div data-rm-block-id=\"block-33\">4 n\u00facleos<\/div>\n<\/div>\n<\/td>\n<td colspan=\"1\" rowspan=\"1\">\n<div>\n<div data-rm-block-id=\"block-34\">TB2<\/div>\n<\/div>\n<\/td>\n<td colspan=\"1\" rowspan=\"1\">\n<div>\n<div data-rm-block-id=\"block-35\">Azul esverdeado<\/div>\n<\/div>\n<\/td>\n<td colspan=\"1\" rowspan=\"1\">\n<div>\n<div data-rm-block-id=\"block-36\"><span data-spm-anchor-id=\"a2700.wholesale.0.i8.48be7914iokr35\">3 n\u00facleos<\/span><\/div>\n<\/div>\n<\/td>\n<\/tr>\n<tr>\n<td colspan=\"1\" rowspan=\"1\">\n<div>\n<div data-rm-block-id=\"block-37\">TW22<\/div>\n<\/div>\n<\/td>\n<td colspan=\"1\" rowspan=\"1\">\n<div>\n<div data-rm-block-id=\"block-38\">Verde branco<\/div>\n<\/div>\n<\/td>\n<td colspan=\"1\" rowspan=\"1\">\n<div>\n<div data-rm-block-id=\"block-39\">4 n\u00facleos<\/div>\n<\/div>\n<\/td>\n<td colspan=\"1\" rowspan=\"1\">\n<div>\n<div data-rm-block-id=\"block-40\">TW2<\/div>\n<\/div>\n<\/td>\n<td colspan=\"1\" rowspan=\"1\">\n<div>\n<div data-rm-block-id=\"block-41\">Verde branco<\/div>\n<\/div>\n<\/td>\n<td colspan=\"1\" rowspan=\"1\">\n<div>\n<div data-spm-anchor-id=\"a2700.wholesale.0.i9.48be7914iokr35\" data-rm-block-id=\"block-42\">3 n\u00facleos<\/div>\n<\/div>\n<\/td>\n<\/tr>\n<\/tbody>\n<\/table>\n<table border=\"1\">\n<tbody>\n<tr>\n<td colspan=\"1\" rowspan=\"1\">\n<div data-rm-block-id=\"block-44\"><span data-spm-anchor-id=\"a2700.wholesale.0.i17.2ba57914rH88EL\">Verificando a dist\u00e2ncia<\/span><\/div>\n<\/td>\n<td colspan=\"1\" rowspan=\"1\">\n<div data-rm-block-id=\"block-45\">10mm +\/- 2mm<\/div>\n<\/td>\n<\/tr>\n<tr>\n<td colspan=\"1\" rowspan=\"1\">\n<div data-rm-block-id=\"block-46\">Alimenta\u00e7\u00e3o de tens\u00e3o<\/div>\n<\/td>\n<td colspan=\"1\" rowspan=\"1\">\n<div data-rm-block-id=\"block-47\">DC10-30V +\/- 10% Onda &lt;10%<\/div>\n<\/td>\n<\/tr>\n<tr>\n<td colspan=\"1\" rowspan=\"1\">\n<div data-rm-block-id=\"block-48\">Moeda de trabalho<\/div>\n<\/td>\n<td colspan=\"1\" rowspan=\"1\">\n<div data-rm-block-id=\"block-49\">Abaixo de 45mA<\/div>\n<\/td>\n<\/tr>\n<tr>\n<td colspan=\"1\" rowspan=\"1\">\n<div data-rm-block-id=\"block-50\">Espectro da fonte de luz<\/div>\n<\/td>\n<td colspan=\"1\" rowspan=\"1\">\n<div data-rm-block-id=\"block-51\">Vermelho, verde, azul, branco, opcional<\/div>\n<\/td>\n<\/tr>\n<tr>\n<td colspan=\"1\" rowspan=\"1\">\n<div data-rm-block-id=\"block-52\">Ponto de luz<\/div>\n<\/td>\n<td colspan=\"1\" rowspan=\"1\">\n<div data-rm-block-id=\"block-53\">\u03a60,5~\u03a61,5<\/div>\n<\/td>\n<\/tr>\n<tr>\n<td colspan=\"1\" rowspan=\"1\">\n<div data-rm-block-id=\"block-54\">Verificando o \u00e2ngulo<\/div>\n<\/td>\n<td colspan=\"1\" rowspan=\"1\">\n<div data-rm-block-id=\"block-55\"><span data-spm-anchor-id=\"a2700.wholesale.0.i18.2ba57914rH88EL\">Vertical com superf\u00edcie, com toler\u00e2ncia de 15\u00b0<\/span><\/div>\n<\/td>\n<\/tr>\n<tr>\n<td colspan=\"1\" rowspan=\"1\">\n<div data-rm-block-id=\"block-56\">Tempo de resposta<\/div>\n<\/td>\n<td colspan=\"1\" rowspan=\"1\">\n<div data-rm-block-id=\"block-57\">0,1~1 ms<\/div>\n<\/td>\n<\/tr>\n<tr>\n<td colspan=\"1\" rowspan=\"1\">\n<div data-rm-block-id=\"block-58\">Modo de sa\u00edda<\/div>\n<\/td>\n<td colspan=\"1\" rowspan=\"1\">\n<div data-rm-block-id=\"block-59\">Operar com luz ou sem luz<\/div>\n<\/td>\n<\/tr>\n<tr>\n<td colspan=\"1\" rowspan=\"1\">\n<div data-rm-block-id=\"block-60\">Indica\u00e7\u00e3o de sa\u00edda<\/div>\n<\/td>\n<td colspan=\"1\" rowspan=\"1\">\n<div data-rm-block-id=\"block-61\">LED vermelho<\/div>\n<\/td>\n<\/tr>\n<tr>\n<td colspan=\"1\" rowspan=\"1\">\n<div data-rm-block-id=\"block-62\">Carga de moeda<\/div>\n<\/td>\n<td colspan=\"1\" rowspan=\"1\">\n<div data-rm-block-id=\"block-63\">200mA (m\u00e1x.)<\/div>\n<\/td>\n<\/tr>\n<tr>\n<td colspan=\"1\" rowspan=\"1\">\n<div data-rm-block-id=\"block-64\">Dispositivo de prote\u00e7\u00e3o do circuito<\/div>\n<\/td>\n<td colspan=\"1\" rowspan=\"1\">\n<div data-rm-block-id=\"block-65\">Vc prote\u00e7\u00e3o polar prote\u00e7\u00e3o contra curto-circuito<\/div>\n<\/td>\n<\/tr>\n<tr>\n<td colspan=\"1\" rowspan=\"1\">\n<div data-rm-block-id=\"block-66\">Sensibilidade<\/div>\n<\/td>\n<td colspan=\"1\" rowspan=\"1\">\n<div data-rm-block-id=\"block-67\">Loop \u00fanico ajust\u00e1vel<\/div>\n<\/td>\n<\/tr>\n<tr>\n<td colspan=\"1\" rowspan=\"1\">\n<div data-rm-block-id=\"block-68\">Luz anti-fundo<\/div>\n<\/td>\n<td colspan=\"1\" rowspan=\"1\">\n<div data-rm-block-id=\"block-69\">Luz solar &lt; 10000 Lx luz incandescente &lt;3000 Lx<\/div>\n<\/td>\n<\/tr>\n<tr>\n<td colspan=\"1\" rowspan=\"1\">\n<div data-rm-block-id=\"block-70\">N\u00edvel de prote\u00e7\u00e3o<\/div>\n<\/td>\n<td colspan=\"1\" rowspan=\"1\">\n<div data-rm-block-id=\"block-71\">IP67<\/div>\n<\/td>\n<\/tr>\n<tr>\n<td colspan=\"1\" rowspan=\"1\">\n<div data-rm-block-id=\"block-72\">Temperatura de prote\u00e7\u00e3o do ambiente<\/div>\n<\/td>\n<td colspan=\"1\" rowspan=\"1\">\n<div data-rm-block-id=\"block-73\">Trabalhe em -15\u2103~65\u2103 armazenamento -25\u2103~80\u2103<\/div>\n<\/td>\n<\/tr>\n<tr>\n<td colspan=\"1\" rowspan=\"1\">\n<div data-rm-block-id=\"block-74\">Material do casco<\/div>\n<\/td>\n<td colspan=\"1\" rowspan=\"1\">\n<div data-rm-block-id=\"block-75\">Metal<\/div>\n<\/td>\n<\/tr>\n<tr>\n<td colspan=\"1\" rowspan=\"1\">\n<div data-rm-block-id=\"block-76\">Fio de conex\u00e3o<\/div>\n<\/td>\n<td colspan=\"1\" rowspan=\"1\">\n<div data-rm-block-id=\"block-77\">\u03a65.4 Cabo de 4 n\u00facleos de PVC L=2m<\/div>\n<\/td>\n<\/tr>\n<tr>\n<td colspan=\"1\" rowspan=\"1\">\n<div data-rm-block-id=\"block-78\">Peso<\/div>\n<\/td>\n<td colspan=\"1\" rowspan=\"1\">\n<div data-spm-anchor-id=\"a2700.wholesale.0.i19.2ba57914rH88EL\" data-rm-block-id=\"block-79\">Cerca de 500g<\/div>\n<\/td>\n<\/tr>\n<\/tbody>\n<\/table>\n<div data-rm-block-id=\"block-80\">\n<div id=\"attachment_31057\" style=\"width: 460px\" class=\"wp-caption alignnone\"><img decoding=\"async\" aria-describedby=\"caption-attachment-31057\" class=\"wp-image-31057\" src=\"https:\/\/cortesolda.com.br\/por\/wp-content\/uploads\/2025\/03\/Sensor-para-Maquina-de-Saco-Plastico.webp\" alt=\"Sensor para M\u00e1quina de Saco Pl\u00e1stico\" width=\"450\" height=\"450\" srcset=\"https:\/\/cortesolda.com.br\/por\/wp-content\/uploads\/2025\/03\/Sensor-para-Maquina-de-Saco-Plastico.webp 800w, https:\/\/cortesolda.com.br\/por\/wp-content\/uploads\/2025\/03\/Sensor-para-Maquina-de-Saco-Plastico-300x300.webp 300w, https:\/\/cortesolda.com.br\/por\/wp-content\/uploads\/2025\/03\/Sensor-para-Maquina-de-Saco-Plastico-150x150.webp 150w, https:\/\/cortesolda.com.br\/por\/wp-content\/uploads\/2025\/03\/Sensor-para-Maquina-de-Saco-Plastico-768x768.webp 768w, https:\/\/cortesolda.com.br\/por\/wp-content\/uploads\/2025\/03\/Sensor-para-Maquina-de-Saco-Plastico-430x430.webp 430w, https:\/\/cortesolda.com.br\/por\/wp-content\/uploads\/2025\/03\/Sensor-para-Maquina-de-Saco-Plastico-700x700.webp 700w\" sizes=\"(max-width: 450px) 100vw, 450px\" \/><p id=\"caption-attachment-31057\" class=\"wp-caption-text\">Sensor para M\u00e1quina de Saco Pl\u00e1stico<\/p><\/div>\n<div id=\"attachment_31058\" style=\"width: 460px\" class=\"wp-caption alignnone\"><img decoding=\"async\" aria-describedby=\"caption-attachment-31058\" class=\"wp-image-31058\" src=\"https:\/\/cortesolda.com.br\/por\/wp-content\/uploads\/2025\/03\/Sensor-para-Maquina-de-Saco-Plastico-1.webp\" alt=\"Sensor para M\u00e1quina de Saco Pl\u00e1stico\" width=\"450\" height=\"450\" srcset=\"https:\/\/cortesolda.com.br\/por\/wp-content\/uploads\/2025\/03\/Sensor-para-Maquina-de-Saco-Plastico-1.webp 800w, https:\/\/cortesolda.com.br\/por\/wp-content\/uploads\/2025\/03\/Sensor-para-Maquina-de-Saco-Plastico-1-300x300.webp 300w, https:\/\/cortesolda.com.br\/por\/wp-content\/uploads\/2025\/03\/Sensor-para-Maquina-de-Saco-Plastico-1-150x150.webp 150w, https:\/\/cortesolda.com.br\/por\/wp-content\/uploads\/2025\/03\/Sensor-para-Maquina-de-Saco-Plastico-1-768x768.webp 768w, https:\/\/cortesolda.com.br\/por\/wp-content\/uploads\/2025\/03\/Sensor-para-Maquina-de-Saco-Plastico-1-430x430.webp 430w, https:\/\/cortesolda.com.br\/por\/wp-content\/uploads\/2025\/03\/Sensor-para-Maquina-de-Saco-Plastico-1-700x700.webp 700w\" sizes=\"(max-width: 450px) 100vw, 450px\" \/><p id=\"caption-attachment-31058\" class=\"wp-caption-text\">Sensor para M\u00e1quina de Saco Pl\u00e1stico<\/p><\/div>\n<div id=\"attachment_31059\" style=\"width: 460px\" class=\"wp-caption alignnone\"><img loading=\"lazy\" decoding=\"async\" aria-describedby=\"caption-attachment-31059\" class=\"wp-image-31059\" src=\"https:\/\/cortesolda.com.br\/por\/wp-content\/uploads\/2025\/03\/Sensor-para-Maquina-de-Saco-Plastico2.webp\" alt=\"Sensor para M\u00e1quina de Saco Pl\u00e1stico\" width=\"450\" height=\"450\" srcset=\"https:\/\/cortesolda.com.br\/por\/wp-content\/uploads\/2025\/03\/Sensor-para-Maquina-de-Saco-Plastico2.webp 800w, https:\/\/cortesolda.com.br\/por\/wp-content\/uploads\/2025\/03\/Sensor-para-Maquina-de-Saco-Plastico2-300x300.webp 300w, https:\/\/cortesolda.com.br\/por\/wp-content\/uploads\/2025\/03\/Sensor-para-Maquina-de-Saco-Plastico2-150x150.webp 150w, https:\/\/cortesolda.com.br\/por\/wp-content\/uploads\/2025\/03\/Sensor-para-Maquina-de-Saco-Plastico2-768x768.webp 768w, https:\/\/cortesolda.com.br\/por\/wp-content\/uploads\/2025\/03\/Sensor-para-Maquina-de-Saco-Plastico2-430x430.webp 430w, https:\/\/cortesolda.com.br\/por\/wp-content\/uploads\/2025\/03\/Sensor-para-Maquina-de-Saco-Plastico2-700x700.webp 700w\" sizes=\"(max-width: 450px) 100vw, 450px\" \/><p id=\"caption-attachment-31059\" class=\"wp-caption-text\">Sensor para M\u00e1quina de Saco Pl\u00e1stico<\/p><\/div>\n<\/div>\n<\/div>\n<\/div>\n<\/div>\n","protected":false},"excerpt":{"rendered":"<p>Sensor para M\u00e1quina <\/p>\n","protected":false},"featured_media":30341,"comment_status":"closed","ping_status":"closed","template":"","meta":{"_acf_changed":false,"_oss_video_url":""},"product_brand":[],"product_cat":[20],"product_tag":[],"class_list":{"0":"post-30339","1":"product","2":"type-product","3":"status-publish","4":"has-post-thumbnail","6":"product_cat-pecas-de-corte-e-solda","8":"first","9":"instock","10":"shipping-taxable","11":"product-type-simple"},"acf":[],"_links":{"self":[{"href":"https:\/\/cortesolda.com.br\/por\/wp-json\/wp\/v2\/product\/30339","targetHints":{"allow":["GET"]}}],"collection":[{"href":"https:\/\/cortesolda.com.br\/por\/wp-json\/wp\/v2\/product"}],"about":[{"href":"https:\/\/cortesolda.com.br\/por\/wp-json\/wp\/v2\/types\/product"}],"replies":[{"embeddable":true,"href":"https:\/\/cortesolda.com.br\/por\/wp-json\/wp\/v2\/comments?post=30339"}],"version-history":[{"count":0,"href":"https:\/\/cortesolda.com.br\/por\/wp-json\/wp\/v2\/product\/30339\/revisions"}],"wp:featuredmedia":[{"embeddable":true,"href":"https:\/\/cortesolda.com.br\/por\/wp-json\/wp\/v2\/media\/30341"}],"wp:attachment":[{"href":"https:\/\/cortesolda.com.br\/por\/wp-json\/wp\/v2\/media?parent=30339"}],"wp:term":[{"taxonomy":"product_brand","embeddable":true,"href":"https:\/\/cortesolda.com.br\/por\/wp-json\/wp\/v2\/product_brand?post=30339"},{"taxonomy":"product_cat","embeddable":true,"href":"https:\/\/cortesolda.com.br\/por\/wp-json\/wp\/v2\/product_cat?post=30339"},{"taxonomy":"product_tag","embeddable":true,"href":"https:\/\/cortesolda.com.br\/por\/wp-json\/wp\/v2\/product_tag?post=30339"}],"curies":[{"name":"wp","href":"https:\/\/api.w.org\/{rel}","templated":true}]}}