{"id":30352,"date":"2025-03-28T21:22:30","date_gmt":"2025-03-28T13:22:30","guid":{"rendered":"https:\/\/hotpink-lyrebird-701956.hostingersite.com\/?post_type=product&#038;p=30352"},"modified":"2025-07-08T09:55:54","modified_gmt":"2025-07-08T01:55:54","slug":"envio-maquina-impressao-flexografica-para-eua","status":"publish","type":"product","link":"https:\/\/cortesolda.com.br\/por\/envio-maquina-impressao-flexografica-para-eua","title":{"rendered":"Envio de m\u00e1quina de impress\u00e3o flexogr\u00e1fica para os EUA"},"content":{"rendered":"<div id=\"tab-desc\" class=\"tab-pane active\" role=\"tabpanel\">\n<div class=\"ProductAttr\">\n<div class=\"ProductAttrItem\">\n<div class=\"ProductAttr-text\" data-rm-block-id=\"block-1\">Envio de m\u00e1quina de impress\u00e3o flexogr\u00e1fica para os EUA<\/div>\n<div class=\"ProductAttr-text\" data-rm-block-id=\"block-1-expansion\"><mark class=\"rank-math-highlight\" style=\"background-color: #fee894;\">A impress\u00e3o flexogr\u00e1fica \u00e9 um m\u00e9todo amplamente utilizado na ind\u00fastria de impress\u00e3o devido \u00e0 sua efici\u00eancia e qualidade<\/mark>. <mark class=\"rank-math-highlight\" style=\"background-color: #fee894;\">Este tipo de impress\u00e3o \u00e9 ideal para embalagens flex\u00edveis, como sacolas pl\u00e1sticas, onde a demanda por precis\u00e3o e durabilidade \u00e9 alta<\/mark>. <mark class=\"rank-math-highlight\" style=\"background-color: #fee894;\">V\u00e1rios fatores contribuem para a popularidade deste processo, incluindo a rapidez na produ\u00e7\u00e3o e a capacidade de imprimir em uma variedade de materiais<\/mark>. <mark class=\"rank-math-highlight\" style=\"background-color: #fee894;\">Al\u00e9m disso, as m\u00e1quinas de impress\u00e3o flexogr\u00e1fica s\u00e3o projetadas para operar em altas velocidades, o que permite a produ\u00e7\u00e3o em massa de produtos em um curto espa\u00e7o de tempo<\/mark>.<\/div>\n<div class=\"ProductAttr-text\" data-rm-block-id=\"block-1-examples\"><mark class=\"rank-math-highlight\" style=\"background-color: #fee894;\">Por exemplo, na produ\u00e7\u00e3o de sacolas pl\u00e1sticas, a impress\u00e3o flexogr\u00e1fica pode ser utilizada para criar designs vibrantes e detalhados que atraem os consumidores<\/mark>. <mark class=\"rank-math-highlight\" style=\"background-color: #fee894;\">As empresas podem personalizar suas embalagens, incorporando logotipos, gr\u00e1ficos e informa\u00e7\u00f5es sobre o produto, tudo isso enquanto mant\u00eam a resist\u00eancia e a funcionalidade das sacolas<\/mark>. <mark class=\"rank-math-highlight\" style=\"background-color: #fee894;\">Outro ponto importante \u00e9 que a impress\u00e3o flexogr\u00e1fica \u00e9 compat\u00edvel com tintas de base aquosa, solvente e UV, o que proporciona uma ampla gama de op\u00e7\u00f5es para os fabricantes de sacolas pl\u00e1sticas<\/mark>.<\/div>\n<\/div>\n<\/div>\n<div class=\"product-tab-desc\">\n<div id=\"attachment_30831\" style=\"width: 460px\" class=\"wp-caption alignnone\"><img fetchpriority=\"high\" decoding=\"async\" aria-describedby=\"caption-attachment-30831\" class=\"wp-image-30831\" src=\"https:\/\/cortesolda.com.br\/por\/wp-content\/uploads\/2025\/03\/Impressoras-Flexograficas.webp\" alt=\"Impressoras Flexogr\u00e1ficas\" width=\"450\" height=\"454\" srcset=\"https:\/\/cortesolda.com.br\/por\/wp-content\/uploads\/2025\/03\/Impressoras-Flexograficas.webp 466w, https:\/\/cortesolda.com.br\/por\/wp-content\/uploads\/2025\/03\/Impressoras-Flexograficas-297x300.webp 297w, https:\/\/cortesolda.com.br\/por\/wp-content\/uploads\/2025\/03\/Impressoras-Flexograficas-150x151.webp 150w, https:\/\/cortesolda.com.br\/por\/wp-content\/uploads\/2025\/03\/Impressoras-Flexograficas-430x434.webp 430w\" sizes=\"(max-width: 450px) 100vw, 450px\" \/><p id=\"caption-attachment-30831\" class=\"wp-caption-text\">Impressoras Flexogr\u00e1ficas<\/p><\/div>\n<div data-rm-block-id=\"block-2-final\">\n<div id=\"attachment_30683\" style=\"width: 460px\" class=\"wp-caption alignnone\"><img decoding=\"async\" aria-describedby=\"caption-attachment-30683\" class=\"wp-image-30683\" src=\"https:\/\/cortesolda.com.br\/por\/wp-content\/uploads\/2025\/03\/Processo-de-producao-de-sacolas-plasticas.webp\" alt=\"Processo de produ\u00e7\u00e3o de sacolas pl\u00e1sticas\" width=\"450\" height=\"429\" srcset=\"https:\/\/cortesolda.com.br\/por\/wp-content\/uploads\/2025\/03\/Processo-de-producao-de-sacolas-plasticas.webp 1038w, https:\/\/cortesolda.com.br\/por\/wp-content\/uploads\/2025\/03\/Processo-de-producao-de-sacolas-plasticas-315x300.webp 315w, https:\/\/cortesolda.com.br\/por\/wp-content\/uploads\/2025\/03\/Processo-de-producao-de-sacolas-plasticas-840x800.webp 840w, https:\/\/cortesolda.com.br\/por\/wp-content\/uploads\/2025\/03\/Processo-de-producao-de-sacolas-plasticas-768x732.webp 768w, https:\/\/cortesolda.com.br\/por\/wp-content\/uploads\/2025\/03\/Processo-de-producao-de-sacolas-plasticas-430x410.webp 430w, https:\/\/cortesolda.com.br\/por\/wp-content\/uploads\/2025\/03\/Processo-de-producao-de-sacolas-plasticas-700x667.webp 700w, https:\/\/cortesolda.com.br\/por\/wp-content\/uploads\/2025\/03\/Processo-de-producao-de-sacolas-plasticas-150x143.webp 150w\" sizes=\"(max-width: 450px) 100vw, 450px\" \/><p id=\"caption-attachment-30683\" class=\"wp-caption-text\">Processo de produ\u00e7\u00e3o de sacolas pl\u00e1sticas<\/p><\/div>\n<\/div>\n<div data-rm-block-id=\"block-2-keyword\"><\/div>\n<\/div>\n<\/div>\n","protected":false},"excerpt":{"rendered":"<p>Envio de m\u00e1quina de <\/p>\n","protected":false},"featured_media":30354,"comment_status":"closed","ping_status":"closed","template":"","meta":{"_acf_changed":false,"_oss_video_url":""},"product_brand":[],"product_cat":[91],"product_tag":[],"class_list":{"0":"post-30352","1":"product","2":"type-product","3":"status-publish","4":"has-post-thumbnail","6":"product_cat-shipment-and-installment","8":"first","9":"instock","10":"shipping-taxable","11":"product-type-simple"},"acf":[],"_links":{"self":[{"href":"https:\/\/cortesolda.com.br\/por\/wp-json\/wp\/v2\/product\/30352","targetHints":{"allow":["GET"]}}],"collection":[{"href":"https:\/\/cortesolda.com.br\/por\/wp-json\/wp\/v2\/product"}],"about":[{"href":"https:\/\/cortesolda.com.br\/por\/wp-json\/wp\/v2\/types\/product"}],"replies":[{"embeddable":true,"href":"https:\/\/cortesolda.com.br\/por\/wp-json\/wp\/v2\/comments?post=30352"}],"version-history":[{"count":0,"href":"https:\/\/cortesolda.com.br\/por\/wp-json\/wp\/v2\/product\/30352\/revisions"}],"wp:featuredmedia":[{"embeddable":true,"href":"https:\/\/cortesolda.com.br\/por\/wp-json\/wp\/v2\/media\/30354"}],"wp:attachment":[{"href":"https:\/\/cortesolda.com.br\/por\/wp-json\/wp\/v2\/media?parent=30352"}],"wp:term":[{"taxonomy":"product_brand","embeddable":true,"href":"https:\/\/cortesolda.com.br\/por\/wp-json\/wp\/v2\/product_brand?post=30352"},{"taxonomy":"product_cat","embeddable":true,"href":"https:\/\/cortesolda.com.br\/por\/wp-json\/wp\/v2\/product_cat?post=30352"},{"taxonomy":"product_tag","embeddable":true,"href":"https:\/\/cortesolda.com.br\/por\/wp-json\/wp\/v2\/product_tag?post=30352"}],"curies":[{"name":"wp","href":"https:\/\/api.w.org\/{rel}","templated":true}]}}