{"id":30356,"date":"2025-03-28T21:23:04","date_gmt":"2025-03-28T13:23:04","guid":{"rendered":"https:\/\/hotpink-lyrebird-701956.hostingersite.com\/?post_type=product&#038;p=30356"},"modified":"2025-07-08T09:57:18","modified_gmt":"2025-07-08T01:57:18","slug":"maquina-saco-plastico-envio-maquinas-exportadas-para-todo-o-mundo","status":"publish","type":"product","link":"https:\/\/cortesolda.com.br\/por\/maquina-saco-plastico-envio-maquinas-exportadas-para-todo-o-mundo","title":{"rendered":"M\u00e1quina de saco pl\u00e1stico para envio para a \u00c1frica"},"content":{"rendered":"<div id=\"tab-desc\" class=\"tab-pane active\" role=\"tabpanel\">\n<div class=\"ProductAttr\">\n<div class=\"ProductAttrItem\">\n<div class=\"ProductAttr-text\" data-rm-block-id=\"block-1\">Envio de m\u00e1quina de impress\u00e3o flexogr\u00e1fica para a \u00c1frica<\/div>\n<div data-rm-block-id=\"block-2\">\n<div id=\"attachment_31042\" style=\"width: 460px\" class=\"wp-caption alignnone\"><img fetchpriority=\"high\" decoding=\"async\" aria-describedby=\"caption-attachment-31042\" class=\"wp-image-31042\" title=\"Envio de m\u00e1quina de impress\u00e3o flexogr\u00e1fica para a \u00c1frica\" src=\"https:\/\/cortesolda.com.br\/por\/wp-content\/uploads\/2025\/03\/Envio-de-maquina-de-impressao-flexografica-para-a-Africa.webp\" alt=\"Envio de m\u00e1quina de impress\u00e3o flexogr\u00e1fica para a \u00c1frica\" width=\"450\" height=\"452\" srcset=\"https:\/\/cortesolda.com.br\/por\/wp-content\/uploads\/2025\/03\/Envio-de-maquina-de-impressao-flexografica-para-a-Africa.webp 466w, https:\/\/cortesolda.com.br\/por\/wp-content\/uploads\/2025\/03\/Envio-de-maquina-de-impressao-flexografica-para-a-Africa-299x300.webp 299w, https:\/\/cortesolda.com.br\/por\/wp-content\/uploads\/2025\/03\/Envio-de-maquina-de-impressao-flexografica-para-a-Africa-150x151.webp 150w, https:\/\/cortesolda.com.br\/por\/wp-content\/uploads\/2025\/03\/Envio-de-maquina-de-impressao-flexografica-para-a-Africa-430x432.webp 430w\" sizes=\"(max-width: 450px) 100vw, 450px\" \/><p id=\"caption-attachment-31042\" class=\"wp-caption-text\">Envio de m\u00e1quina de impress\u00e3o flexogr\u00e1fica para a \u00c1frica<\/p><\/div>\n<\/div>\n<\/div>\n<\/div>\n<div class=\"product-tab-desc\" data-rm-block-id=\"block-3\">\n<div id=\"attachment_30682\" style=\"width: 460px\" class=\"wp-caption alignnone\"><img decoding=\"async\" aria-describedby=\"caption-attachment-30682\" class=\"wp-image-30682\" title=\"m\u00e1quinas exportadas para todo o mundo.\" src=\"https:\/\/cortesolda.com.br\/por\/wp-content\/uploads\/2025\/03\/maquinas-exportadas-para-todo-o-mundo.webp\" alt=\"m\u00e1quinas exportadas para todo o mundo.\" width=\"450\" height=\"227\" srcset=\"https:\/\/cortesolda.com.br\/por\/wp-content\/uploads\/2025\/03\/maquinas-exportadas-para-todo-o-mundo.webp 800w, https:\/\/cortesolda.com.br\/por\/wp-content\/uploads\/2025\/03\/maquinas-exportadas-para-todo-o-mundo-400x202.webp 400w, https:\/\/cortesolda.com.br\/por\/wp-content\/uploads\/2025\/03\/maquinas-exportadas-para-todo-o-mundo-768x387.webp 768w, https:\/\/cortesolda.com.br\/por\/wp-content\/uploads\/2025\/03\/maquinas-exportadas-para-todo-o-mundo-430x217.webp 430w, https:\/\/cortesolda.com.br\/por\/wp-content\/uploads\/2025\/03\/maquinas-exportadas-para-todo-o-mundo-700x353.webp 700w, https:\/\/cortesolda.com.br\/por\/wp-content\/uploads\/2025\/03\/maquinas-exportadas-para-todo-o-mundo-150x76.webp 150w\" sizes=\"(max-width: 450px) 100vw, 450px\" \/><p id=\"caption-attachment-30682\" class=\"wp-caption-text\">m\u00e1quinas exportadas para todo o mundo.<\/p><\/div>\n<\/div>\n<\/div>\n","protected":false},"excerpt":{"rendered":"<p>Envio de m\u00e1quina de <\/p>\n","protected":false},"featured_media":30358,"comment_status":"closed","ping_status":"closed","template":"","meta":{"_acf_changed":false,"_oss_video_url":""},"product_brand":[],"product_cat":[91],"product_tag":[],"class_list":{"0":"post-30356","1":"product","2":"type-product","3":"status-publish","4":"has-post-thumbnail","6":"product_cat-shipment-and-installment","8":"first","9":"instock","10":"shipping-taxable","11":"product-type-simple"},"acf":[],"_links":{"self":[{"href":"https:\/\/cortesolda.com.br\/por\/wp-json\/wp\/v2\/product\/30356","targetHints":{"allow":["GET"]}}],"collection":[{"href":"https:\/\/cortesolda.com.br\/por\/wp-json\/wp\/v2\/product"}],"about":[{"href":"https:\/\/cortesolda.com.br\/por\/wp-json\/wp\/v2\/types\/product"}],"replies":[{"embeddable":true,"href":"https:\/\/cortesolda.com.br\/por\/wp-json\/wp\/v2\/comments?post=30356"}],"version-history":[{"count":0,"href":"https:\/\/cortesolda.com.br\/por\/wp-json\/wp\/v2\/product\/30356\/revisions"}],"wp:featuredmedia":[{"embeddable":true,"href":"https:\/\/cortesolda.com.br\/por\/wp-json\/wp\/v2\/media\/30358"}],"wp:attachment":[{"href":"https:\/\/cortesolda.com.br\/por\/wp-json\/wp\/v2\/media?parent=30356"}],"wp:term":[{"taxonomy":"product_brand","embeddable":true,"href":"https:\/\/cortesolda.com.br\/por\/wp-json\/wp\/v2\/product_brand?post=30356"},{"taxonomy":"product_cat","embeddable":true,"href":"https:\/\/cortesolda.com.br\/por\/wp-json\/wp\/v2\/product_cat?post=30356"},{"taxonomy":"product_tag","embeddable":true,"href":"https:\/\/cortesolda.com.br\/por\/wp-json\/wp\/v2\/product_tag?post=30356"}],"curies":[{"name":"wp","href":"https:\/\/api.w.org\/{rel}","templated":true}]}}