{"id":30364,"date":"2025-03-28T21:24:51","date_gmt":"2025-03-28T13:24:51","guid":{"rendered":"https:\/\/hotpink-lyrebird-701956.hostingersite.com\/?post_type=product&#038;p=30364"},"modified":"2025-07-08T09:41:10","modified_gmt":"2025-07-08T01:41:10","slug":"maquina-canudo-pp-biodegradavel-enviamos-maquinas-para-o-mexico","status":"publish","type":"product","link":"https:\/\/cortesolda.com.br\/por\/maquina-canudo-pp-biodegradavel-enviamos-maquinas-para-o-mexico","title":{"rendered":"M\u00e1quina de canudo de PP biodegrad\u00e1vel, envio para a Ar\u00e1bia Saudita"},"content":{"rendered":"<div id=\"tab-desc\" class=\"tab-pane active\" role=\"tabpanel\">\n<div class=\"ProductAttr\">\n<div class=\"ProductAttrItem\">\n<div class=\"ProductAttr-text\">enviamos m\u00e1quinas para o M\u00e9xico<\/div>\n<div>\n<div id=\"attachment_31032\" style=\"width: 507px\" class=\"wp-caption alignnone\"><img fetchpriority=\"high\" decoding=\"async\" aria-describedby=\"caption-attachment-31032\" class=\"size-full wp-image-31032\" src=\"https:\/\/cortesolda.com.br\/por\/wp-content\/uploads\/2025\/03\/enviamos-maquinas-para-o-Mexico.webp\" alt=\"enviamos m\u00e1quinas para o M\u00e9xico\" width=\"497\" height=\"497\" srcset=\"https:\/\/cortesolda.com.br\/por\/wp-content\/uploads\/2025\/03\/enviamos-maquinas-para-o-Mexico.webp 497w, https:\/\/cortesolda.com.br\/por\/wp-content\/uploads\/2025\/03\/enviamos-maquinas-para-o-Mexico-300x300.webp 300w, https:\/\/cortesolda.com.br\/por\/wp-content\/uploads\/2025\/03\/enviamos-maquinas-para-o-Mexico-150x150.webp 150w, https:\/\/cortesolda.com.br\/por\/wp-content\/uploads\/2025\/03\/enviamos-maquinas-para-o-Mexico-430x430.webp 430w\" sizes=\"(max-width: 497px) 100vw, 497px\" \/><p id=\"caption-attachment-31032\" class=\"wp-caption-text\">enviamos m\u00e1quinas para o M\u00e9xico<\/p><\/div>\n<\/div>\n<\/div>\n<\/div>\n<\/div>\n","protected":false},"excerpt":{"rendered":"<p>enviamos m\u00e1quinas pa<\/p>\n","protected":false},"featured_media":30366,"comment_status":"closed","ping_status":"closed","template":"","meta":{"_acf_changed":false,"_oss_video_url":""},"product_brand":[],"product_cat":[91],"product_tag":[],"class_list":{"0":"post-30364","1":"product","2":"type-product","3":"status-publish","4":"has-post-thumbnail","6":"product_cat-shipment-and-installment","8":"first","9":"instock","10":"shipping-taxable","11":"product-type-simple"},"acf":[],"_links":{"self":[{"href":"https:\/\/cortesolda.com.br\/por\/wp-json\/wp\/v2\/product\/30364","targetHints":{"allow":["GET"]}}],"collection":[{"href":"https:\/\/cortesolda.com.br\/por\/wp-json\/wp\/v2\/product"}],"about":[{"href":"https:\/\/cortesolda.com.br\/por\/wp-json\/wp\/v2\/types\/product"}],"replies":[{"embeddable":true,"href":"https:\/\/cortesolda.com.br\/por\/wp-json\/wp\/v2\/comments?post=30364"}],"version-history":[{"count":0,"href":"https:\/\/cortesolda.com.br\/por\/wp-json\/wp\/v2\/product\/30364\/revisions"}],"wp:featuredmedia":[{"embeddable":true,"href":"https:\/\/cortesolda.com.br\/por\/wp-json\/wp\/v2\/media\/30366"}],"wp:attachment":[{"href":"https:\/\/cortesolda.com.br\/por\/wp-json\/wp\/v2\/media?parent=30364"}],"wp:term":[{"taxonomy":"product_brand","embeddable":true,"href":"https:\/\/cortesolda.com.br\/por\/wp-json\/wp\/v2\/product_brand?post=30364"},{"taxonomy":"product_cat","embeddable":true,"href":"https:\/\/cortesolda.com.br\/por\/wp-json\/wp\/v2\/product_cat?post=30364"},{"taxonomy":"product_tag","embeddable":true,"href":"https:\/\/cortesolda.com.br\/por\/wp-json\/wp\/v2\/product_tag?post=30364"}],"curies":[{"name":"wp","href":"https:\/\/api.w.org\/{rel}","templated":true}]}}