{"id":30375,"date":"2025-03-28T21:27:27","date_gmt":"2025-03-28T13:27:27","guid":{"rendered":"https:\/\/hotpink-lyrebird-701956.hostingersite.com\/?post_type=product&#038;p=30375"},"modified":"2025-07-08T09:35:36","modified_gmt":"2025-07-08T01:35:36","slug":"carbonato-de-calcio-biodegradavel-pbat-pla-para-extrusora-de-filme","status":"publish","type":"product","link":"https:\/\/cortesolda.com.br\/por\/carbonato-de-calcio-biodegradavel-pbat-pla-para-extrusora-de-filme","title":{"rendered":"Carbonato de c\u00e1lcio biodegrad\u00e1vel PBAT PLA para extrusora de filme 101"},"content":{"rendered":"<div id=\"tab-desc\" class=\"tab-pane active\" role=\"tabpanel\">\n<div class=\"ProductAttr\">\n<div class=\"ProductAttrItem\">\n<div class=\"ProductAttr-title\">cor branca<\/div>\n<\/div>\n<\/div>\n<div class=\"product-tab-desc\">\n<p><span style=\"font-size: 18px;\">Carbonato de c\u00e1lcio biodegrad\u00e1vel PBAT PLA para extrusora de filme 101 &#8211; Carbonato de c\u00e1lcio biodegrad\u00e1vel PBAT PLA para extrusora de filme<\/span><\/p>\n<p><span style=\"font-size: 18px;\">Caracter\u00edsticas do produto<\/span><\/p>\n<p><span style=\"font-size: 18px;\">Adequado para moldagem por sopro de resina biodegrad\u00e1vel, sem PE, PP e outros materiais de poliolefina, pode ser processado por equipamentos tradicionais de sopro.Ap\u00f3s 180 dias na condi\u00e7\u00e3o de compostagem, pode ser completamente biodegrad\u00e1vel \u00e0 \u00e1gua, di\u00f3xido de carbono e minerais n\u00e3o t\u00f3xicos sem polui\u00e7\u00e3o ao meio ambiente.<\/span><\/p>\n<p>&nbsp;<\/p>\n<p><span style=\"font-size: 18px;\">Certifica\u00e7\u00e3o do produto<\/span><\/p>\n<p><span style=\"font-size: 18px;\">Est\u00e1 em conformidade com a norma europeia EN 13432 e a norma americana ASTM 6400 para biodegrada\u00e7\u00e3o total e passou na certifica\u00e7\u00e3o europeia de produto de compostagem DINCERTCO<\/span><\/p>\n<p>&nbsp;<\/p>\n<p><span style=\"font-size: 18px;\">Alcance da aplica\u00e7\u00e3o<\/span><\/p>\n<p><span style=\"font-size: 18px;\">O Carbonato de c\u00e1lcio biodegrad\u00e1vel PBAT PLA para extrusora de filme \u00e9 ideal para aplica\u00e7\u00f5es sustent\u00e1veis<\/span>.<\/p>\n<p><span style=\"font-size: 18px;\">Filme de embalagem totalmente degrad\u00e1vel, incluindo filme de enrolamento, filme termoencolh\u00edvel;<\/span><\/p>\n<p><span style=\"font-size: 18px;\">Sacos de embalagem totalmente degrad\u00e1veis, incluindo sacos de compras de supermercado, sacos de lixo, sacos expressos, sacos de res\u00edduos de animais de estima\u00e7\u00e3o, sacos de embalagem de produtos eletr\u00f3nicos, sacos de embalagem de alimentos;<\/span><\/p>\n<p><span style=\"font-size: 18px;\">Filme pl\u00e1stico agr\u00edcola, etc.<\/span><\/p>\n<p>&nbsp;<\/p>\n<p><span style=\"font-size: 18px;\">Equipamento de processo<\/span><\/p>\n<p><span style=\"font-size: 18px;\">Pode ser feito por m\u00e1quina de sopro de filme universal, m\u00e1quina de fundi\u00e7\u00e3o, m\u00e1quina de fabrica\u00e7\u00e3o de saco, m\u00e1quina de impress\u00e3o e m\u00e1quina de selagem.<\/span><\/p>\n<p><span style=\"font-size: 18px;\">A cabe\u00e7a da matriz LDPE foi selecionada para produ\u00e7\u00e3o, a rela\u00e7\u00e3o comprimento-di\u00e2metro L\/D 30:1, rela\u00e7\u00e3o de sopro &gt; 3, a fim de facilitar a plastifica\u00e7\u00e3o e melhorar a qualidade e a produ\u00e7\u00e3o do produto.<\/span><\/p>\n<p><span style=\"font-size: 18px;\">Filme soprado e temperatura do filme estir\u00e1vel 170-190 \u2103<\/span><\/p>\n<p><img fetchpriority=\"high\" decoding=\"async\" class=\"ECO Biodegrad\u00e1vel Sacolas wp-image-30784\" title=\"ECO Biodegrad\u00e1vel Sacolas\" src=\"https:\/\/cortesolda.com.br\/por\/wp-content\/uploads\/2025\/03\/Biodegradavel-Sacolas.webp\" alt=\"Biodegrad\u00e1vel Sacolas\" width=\"450\" height=\"171\" srcset=\"https:\/\/cortesolda.com.br\/por\/wp-content\/uploads\/2025\/03\/Biodegradavel-Sacolas.webp 1082w, https:\/\/cortesolda.com.br\/por\/wp-content\/uploads\/2025\/03\/Biodegradavel-Sacolas-400x152.webp 400w, https:\/\/cortesolda.com.br\/por\/wp-content\/uploads\/2025\/03\/Biodegradavel-Sacolas-768x291.webp 768w, https:\/\/cortesolda.com.br\/por\/wp-content\/uploads\/2025\/03\/Biodegradavel-Sacolas-430x163.webp 430w, https:\/\/cortesolda.com.br\/por\/wp-content\/uploads\/2025\/03\/Biodegradavel-Sacolas-700x265.webp 700w, https:\/\/cortesolda.com.br\/por\/wp-content\/uploads\/2025\/03\/Biodegradavel-Sacolas-150x57.webp 150w\" sizes=\"(max-width: 450px) 100vw, 450px\" \/><\/p>\n<p><span style=\"font-size: 18px;\">Armazenamento e embalagem<\/span><\/p>\n<p><span style=\"font-size: 18px;\">Adequado para armazenamento em local seco e fresco, embalagem a v\u00e1cuo com saco pl\u00e1stico de filme de alum\u00ednio dentro de papel ou caixa, embalagem de 25 kg\/saco.<\/span><\/p>\n<p>&nbsp;<\/p>\n<p><span style=\"font-size: 18px;\">Assuntos que precisam de aten\u00e7\u00e3o<\/span><\/p>\n<p><span style=\"font-size: 18px;\">\u25c6 Preste aten\u00e7\u00e3o \u00e0 umidade, mantenha a embalagem intacta e evite danos.<\/span><\/p>\n<p><span style=\"font-size: 18px;\">\u25c6 Abra o pacote pode ser usado diretamente, n\u00e3o h\u00e1 necessidade de secar, n\u00e3o usado o pacote deve ser armazenado selado.Como sacos abertos por um longo tempo n\u00e3o precisa, deve reocupar o processamento a seco, condi\u00e7\u00f5es de secagem a v\u00e1cuo abaixo de 80 \u2103 manter 3 horas, ou forno de secagem a vento de tambor 90 \u2103 por 1 hora.<\/span><\/p>\n<p><span style=\"font-size: 18px;\">\u25c6 O material da cauda no barril deve ser removido ap\u00f3s a m\u00e1quina parar por um longo tempo no processo de processamento, para n\u00e3o causar degrada\u00e7\u00e3o e descolora\u00e7\u00e3o do material.<\/span><\/p>\n<div id=\"attachment_30785\" style=\"width: 460px\" class=\"wp-caption alignnone\"><img decoding=\"async\" aria-describedby=\"caption-attachment-30785\" class=\"ECO Biodegrad\u00e1vel Sacolas wp-image-30785\" title=\"ECO Biodegrad\u00e1vel Sacolas\" src=\"https:\/\/cortesolda.com.br\/por\/wp-content\/uploads\/2025\/03\/Biodegradavel-Sacolas-brazil.webp\" alt=\"Biodegrad\u00e1vel Sacolas brazil\" width=\"450\" height=\"173\" srcset=\"https:\/\/cortesolda.com.br\/por\/wp-content\/uploads\/2025\/03\/Biodegradavel-Sacolas-brazil.webp 800w, https:\/\/cortesolda.com.br\/por\/wp-content\/uploads\/2025\/03\/Biodegradavel-Sacolas-brazil-400x154.webp 400w, https:\/\/cortesolda.com.br\/por\/wp-content\/uploads\/2025\/03\/Biodegradavel-Sacolas-brazil-768x295.webp 768w, https:\/\/cortesolda.com.br\/por\/wp-content\/uploads\/2025\/03\/Biodegradavel-Sacolas-brazil-430x165.webp 430w, https:\/\/cortesolda.com.br\/por\/wp-content\/uploads\/2025\/03\/Biodegradavel-Sacolas-brazil-700x269.webp 700w, https:\/\/cortesolda.com.br\/por\/wp-content\/uploads\/2025\/03\/Biodegradavel-Sacolas-brazil-150x58.webp 150w\" sizes=\"(max-width: 450px) 100vw, 450px\" \/><p id=\"caption-attachment-30785\" class=\"wp-caption-text\">Biodegrad\u00e1vel Sacolas brazil<\/p><\/div>\n<p>Biodegrad\u00e1vel Sacolas<img decoding=\"async\" class=\"wp-image-30783\" title=\"ECO Biodegrad\u00e1vel Sacolas\" src=\"https:\/\/cortesolda.com.br\/por\/wp-content\/uploads\/2025\/03\/ECO-Biodegradavel-Sacolas.webp\" alt=\"ECO Biodegrad\u00e1vel Sacolas\" width=\"450\" height=\"450\" srcset=\"https:\/\/cortesolda.com.br\/por\/wp-content\/uploads\/2025\/03\/ECO-Biodegradavel-Sacolas.webp 800w, https:\/\/cortesolda.com.br\/por\/wp-content\/uploads\/2025\/03\/ECO-Biodegradavel-Sacolas-300x300.webp 300w, https:\/\/cortesolda.com.br\/por\/wp-content\/uploads\/2025\/03\/ECO-Biodegradavel-Sacolas-150x150.webp 150w, https:\/\/cortesolda.com.br\/por\/wp-content\/uploads\/2025\/03\/ECO-Biodegradavel-Sacolas-768x768.webp 768w, https:\/\/cortesolda.com.br\/por\/wp-content\/uploads\/2025\/03\/ECO-Biodegradavel-Sacolas-430x430.webp 430w, https:\/\/cortesolda.com.br\/por\/wp-content\/uploads\/2025\/03\/ECO-Biodegradavel-Sacolas-700x700.webp 700w\" sizes=\"(max-width: 450px) 100vw, 450px\" \/><\/p>\n<p><span style=\"font-size: 18px;\">Par\u00e2metros t\u00e9cnicos<\/span><\/p>\n<p><span style=\"font-size: 18px;\">Desempenho t\u00edpico do KD-101<\/span><\/p>\n<table style=\"width: 537px; height: 519px;\" cellspacing=\"0\" align=\"center\">\n<tbody>\n<tr style=\"height: 55px;\">\n<td style=\"width: 271px; height: 55px;\" align=\"center\" valign=\"middle\"><span style=\"font-size: 18px;\">atua\u00e7\u00e3o<\/span><\/td>\n<td style=\"width: 90px; height: 55px;\" align=\"center\" valign=\"middle\"><span style=\"font-size: 18px;\">Indicadores<\/span><\/td>\n<td style=\"width: 166px; height: 55px;\" align=\"center\" valign=\"middle\"><span style=\"font-size: 18px;\">Padr\u00e3o de teste<\/span><\/td>\n<\/tr>\n<tr style=\"height: 55px;\">\n<td style=\"width: 271px; height: 55px;\" align=\"left\" valign=\"middle\"><span style=\"font-size: 18px;\">Densidade\uff08g\/cm3\uff09<\/span><\/td>\n<td style=\"width: 90px; height: 55px;\" align=\"center\" valign=\"middle\"><span style=\"font-size: 18px;\">1,30 ~ 1,50<\/span><\/td>\n<td style=\"width: 166px; height: 55px;\" align=\"center\" valign=\"middle\"><span style=\"font-size: 18px;\">GB\/T 1033-2008<\/span><\/td>\n<\/tr>\n<tr style=\"height: 55px;\">\n<td style=\"width: 271px; height: 55px;\" align=\"left\" valign=\"middle\"><span style=\"font-size: 18px;\">Teor de umidade (%)<\/span><\/td>\n<td style=\"width: 90px; height: 55px;\" align=\"center\" valign=\"middle\"><span style=\"font-size: 18px;\">\u22641,0<\/span><\/td>\n<td style=\"width: 166px; height: 55px;\" align=\"center\" valign=\"middle\"><span style=\"font-size: 18px;\">\uff0d<\/span><\/td>\n<\/tr>\n<tr style=\"height: 55px;\">\n<td style=\"width: 271px; height: 55px;\" align=\"left\" valign=\"middle\"><span style=\"font-size: 18px;\">Taxa de fluxo de fus\u00e3o (g\/10min)<\/span><\/td>\n<td style=\"width: 90px; height: 55px;\" align=\"center\" valign=\"middle\"><span style=\"font-size: 18px;\">3\uff5e8<\/span><\/td>\n<td style=\"width: 166px; height: 55px;\" align=\"center\" valign=\"middle\"><span style=\"font-size: 18px;\">GB\/T 3682-2000<\/span><\/td>\n<\/tr>\n<tr style=\"height: 55px;\">\n<td style=\"width: 271px; height: 55px;\" align=\"left\" valign=\"middle\"><span style=\"font-size: 18px;\">Resist\u00eancia \u00e0 tra\u00e7\u00e3o (MPa)<\/span><\/td>\n<td style=\"width: 90px; height: 55px;\" align=\"center\" valign=\"middle\"><span style=\"font-size: 18px;\">\u226515,00<\/span><\/td>\n<td style=\"width: 166px; height: 55px;\" align=\"center\" valign=\"middle\"><span style=\"font-size: 18px;\">GB\/T 1040.2-2006<\/span><\/td>\n<\/tr>\n<tr style=\"height: 55px;\">\n<td style=\"width: 271px; height: 55px;\" align=\"left\" valign=\"middle\"><span style=\"font-size: 18px;\">Tens\u00e3o de tra\u00e7\u00e3o na ruptura\uff08\uff05\uff09<\/span><\/td>\n<td style=\"width: 90px; height: 55px;\" align=\"center\" valign=\"middle\"><span style=\"font-size: 18px;\">\u2265200,00<\/span><\/td>\n<td style=\"width: 166px; height: 55px;\" align=\"center\" valign=\"middle\"><span style=\"font-size: 18px;\">GB\/T 1040.2-2006<\/span><\/td>\n<\/tr>\n<tr style=\"height: 55px;\">\n<td style=\"width: 271px; height: 55px;\" align=\"left\" valign=\"middle\"><span style=\"font-size: 18px;\">Temperatura de fus\u00e3o (\u2103)<\/span><\/td>\n<td style=\"width: 90px; height: 55px;\" align=\"center\" valign=\"middle\"><span style=\"font-size: 18px;\">150~170<\/span><\/td>\n<td style=\"width: 166px; height: 55px;\" align=\"center\" valign=\"middle\"><span style=\"font-size: 18px;\">\uff0d<\/span><\/td>\n<\/tr>\n<tr style=\"height: 79px;\">\n<td style=\"width: 271px; height: 79px;\" align=\"left\" valign=\"middle\"><span style=\"font-size: 18px;\">Temperatura de amolecimento Vicat (\u2103)<\/span><\/td>\n<td style=\"width: 90px; height: 79px;\" align=\"center\" valign=\"middle\"><span style=\"font-size: 18px;\">90~100<\/span><\/td>\n<td style=\"width: 166px; height: 79px;\" align=\"center\" valign=\"middle\"><span style=\"font-size: 18px;\">GB\/T 1633\uff0d2000<\/span><\/td>\n<\/tr>\n<tr style=\"height: 55px;\">\n<td style=\"width: 271px; height: 55px;\" align=\"left\" valign=\"middle\"><span style=\"font-size: 18px;\">Taxa de biodegrada\u00e7\u00e3o\uff08\uff05\uff09<\/span><\/td>\n<td style=\"width: 90px; height: 55px;\" align=\"center\" valign=\"middle\"><span style=\"font-size: 18px;\">\u226590<\/span><\/td>\n<td style=\"width: 166px; height: 55px;\" align=\"center\" valign=\"middle\"><span style=\"font-size: 18px;\">ASTM D6400<\/span><\/td>\n<\/tr>\n<\/tbody>\n<\/table>\n<p><span style=\"font-size: 18px;\">Par\u00e2metros t\u00e9cnicos<\/span><\/p>\n<p><span style=\"font-size: 18px;\">Desempenho t\u00edpico do KD-101<\/span><\/p>\n<table cellspacing=\"0\" align=\"center\">\n<tbody>\n<tr>\n<td align=\"center\" valign=\"middle\"><span style=\"font-size: 18px;\">atua\u00e7\u00e3o<\/span><\/td>\n<td align=\"center\" valign=\"middle\"><span style=\"font-size: 18px;\">Indicadores<\/span><\/td>\n<td align=\"center\" valign=\"middle\"><span style=\"font-size: 18px;\">Padr\u00e3o de teste<\/span><\/td>\n<\/tr>\n<tr>\n<td align=\"left\" valign=\"middle\"><span style=\"font-size: 18px;\">A densidade de (g\/cm3)<\/span><\/td>\n<td align=\"center\" valign=\"middle\"><span style=\"font-size: 18px;\">1,25~1,40<\/span><\/td>\n<td align=\"center\" valign=\"middle\"><span style=\"font-size: 18px;\">GB\/T 1033-2008<\/span><\/td>\n<\/tr>\n<tr>\n<td align=\"left\" valign=\"middle\"><span style=\"font-size: 18px;\">Teor de umidade (%)<\/span><\/td>\n<td align=\"center\" valign=\"middle\"><span style=\"font-size: 18px;\">\u22641,0<\/span><\/td>\n<td align=\"center\" valign=\"middle\"><span style=\"font-size: 18px;\">\uff0d<\/span><\/td>\n<\/tr>\n<tr>\n<td align=\"left\" valign=\"middle\"><span style=\"font-size: 18px;\">Taxa de fluxo de fus\u00e3o (g\/10min)<\/span><\/td>\n<td align=\"center\" valign=\"middle\"><span style=\"font-size: 18px;\">3\uff5e8<\/span><\/td>\n<td align=\"center\" valign=\"middle\"><span style=\"font-size: 18px;\">GB\/T 3682-2000<\/span><\/td>\n<\/tr>\n<tr>\n<td align=\"left\" valign=\"middle\"><span style=\"font-size: 18px;\">Resist\u00eancia \u00e0 tra\u00e7\u00e3o (MPa)<\/span><\/td>\n<td align=\"center\" valign=\"middle\"><span style=\"font-size: 18px;\">\u226515,00<\/span><\/td>\n<td align=\"center\" valign=\"middle\"><span style=\"font-size: 18px;\">GB\/T 1040.2-2006<\/span><\/td>\n<\/tr>\n<tr>\n<td align=\"left\" valign=\"middle\"><span style=\"font-size: 18px;\">Deforma\u00e7\u00e3o de tra\u00e7\u00e3o da fratura (\uff08\uff05\uff09)<\/span><\/td>\n<td align=\"center\" valign=\"middle\"><span style=\"font-size: 18px;\">\u2265200,00<\/span><\/td>\n<td align=\"center\" valign=\"middle\"><span style=\"font-size: 18px;\">GB\/T 1040.2-2006<\/span><\/td>\n<\/tr>\n<tr>\n<td align=\"left\" valign=\"middle\"><span style=\"font-size: 18px;\">Temperatura de fus\u00e3o (\u2103)<\/span><\/td>\n<td align=\"center\" valign=\"middle\"><span style=\"font-size: 18px;\">150~170<\/span><\/td>\n<td align=\"center\" valign=\"middle\"><span style=\"font-size: 18px;\">\uff0d<\/span><\/td>\n<\/tr>\n<tr>\n<td align=\"left\" valign=\"middle\"><span style=\"font-size: 18px;\">Temperatura de amolecimento Vicat (\u2103)<\/span><\/td>\n<td align=\"center\" valign=\"middle\"><span style=\"font-size: 18px;\">90~100<\/span><\/td>\n<td align=\"center\" valign=\"middle\"><span style=\"font-size: 18px;\">GB\/T 1633\uff0d2000<\/span><\/td>\n<\/tr>\n<tr>\n<td align=\"left\" valign=\"middle\"><span style=\"font-size: 18px;\">Taxa de biodegrada\u00e7\u00e3o\uff08\uff05\uff09<\/span><\/td>\n<td align=\"center\" valign=\"middle\"><span style=\"font-size: 18px;\">\u226590<\/span><\/td>\n<td align=\"center\" valign=\"middle\"><span style=\"font-size: 18px;\">ASTM D6400<\/span><\/td>\n<\/tr>\n<\/tbody>\n<\/table>\n<\/div>\n<\/div>\n","protected":false},"excerpt":{"rendered":"<p>cor branca Carbonato<\/p>\n","protected":false},"featured_media":30372,"comment_status":"closed","ping_status":"closed","template":"","meta":{"_acf_changed":false,"_oss_video_url":""},"product_brand":[],"product_cat":[92],"product_tag":[],"class_list":{"0":"post-30375","1":"product","2":"type-product","3":"status-publish","4":"has-post-thumbnail","6":"product_cat-material","8":"first","9":"instock","10":"shipping-taxable","11":"product-type-simple"},"acf":[],"_links":{"self":[{"href":"https:\/\/cortesolda.com.br\/por\/wp-json\/wp\/v2\/product\/30375","targetHints":{"allow":["GET"]}}],"collection":[{"href":"https:\/\/cortesolda.com.br\/por\/wp-json\/wp\/v2\/product"}],"about":[{"href":"https:\/\/cortesolda.com.br\/por\/wp-json\/wp\/v2\/types\/product"}],"replies":[{"embeddable":true,"href":"https:\/\/cortesolda.com.br\/por\/wp-json\/wp\/v2\/comments?post=30375"}],"version-history":[{"count":0,"href":"https:\/\/cortesolda.com.br\/por\/wp-json\/wp\/v2\/product\/30375\/revisions"}],"wp:featuredmedia":[{"embeddable":true,"href":"https:\/\/cortesolda.com.br\/por\/wp-json\/wp\/v2\/media\/30372"}],"wp:attachment":[{"href":"https:\/\/cortesolda.com.br\/por\/wp-json\/wp\/v2\/media?parent=30375"}],"wp:term":[{"taxonomy":"product_brand","embeddable":true,"href":"https:\/\/cortesolda.com.br\/por\/wp-json\/wp\/v2\/product_brand?post=30375"},{"taxonomy":"product_cat","embeddable":true,"href":"https:\/\/cortesolda.com.br\/por\/wp-json\/wp\/v2\/product_cat?post=30375"},{"taxonomy":"product_tag","embeddable":true,"href":"https:\/\/cortesolda.com.br\/por\/wp-json\/wp\/v2\/product_tag?post=30375"}],"curies":[{"name":"wp","href":"https:\/\/api.w.org\/{rel}","templated":true}]}}